{"id":18591,"date":"2021-01-13T20:53:34","date_gmt":"2021-01-13T19:53:34","guid":{"rendered":"https:\/\/www.bazarbonino.com\/store\/?post_type=product&#038;p=18591"},"modified":"2021-01-13T20:58:28","modified_gmt":"2021-01-13T19:58:28","slug":"te0045-trottola-balou-di-latta-a-molla-salterina","status":"publish","type":"product","link":"https:\/\/www.bazarbonino.com\/store\/prodotto\/te0045-trottola-balou-di-latta-a-molla-salterina\/","title":{"rendered":"TE0045 &#8211; Trottola Balou di Latta a Molla Salterina"},"content":{"rendered":"<p>Bellissima Trottola Balou di Latta a Molla Salterina Da azionare con il lanciatore a molla. <span class=\"VIiyi\" lang=\"it\"><span class=\"JLqJ4b ChMk0b\" data-language-for-alternatives=\"it\" data-language-to-translate-into=\"en\" data-phrase-index=\"0\">Sparata dall&#8217;alto con il lanciatore cadr\u00e0 sul pavimento, girer\u00e0 e salter\u00e0 su e gi\u00f9.<\/span> Maggiore l&#8217;altezza della caduta e pi\u00f9 alto risulter\u00e0 il<span class=\"JLqJ4b ChMk0b\" data-language-for-alternatives=\"it\" data-language-to-translate-into=\"en\" data-phrase-index=\"1\"> salto.<\/span> <span class=\"JLqJ4b ChMk0b\" data-language-for-alternatives=\"it\" data-language-to-translate-into=\"en\" data-phrase-index=\"3\">Salter\u00e0 gi\u00f9 dalle scale e corre persino sul tappeto.<\/span> <span class=\"JLqJ4b ChMk0b\" data-language-for-alternatives=\"it\" data-language-to-translate-into=\"en\" data-phrase-index=\"4\">Una volta che rallenta un po &#8216;puoi sentirla cantare\/sibilare.<\/span> <span class=\"JLqJ4b ChMk0b\" data-language-for-alternatives=\"it\" data-language-to-translate-into=\"en\" data-phrase-index=\"6\">Balou \u00e8 unico nel suo genere.<\/span> <span class=\"JLqJ4b ChMk0b\" data-language-for-alternatives=\"it\" data-language-to-translate-into=\"en\" data-phrase-index=\"8\">Dimensioni: 5 x 10 x 8,5 cm, Made in Germany<\/span><\/span><\/p>\n","protected":false},"excerpt":{"rendered":"<p>Bellissima Trottola Balou di Latta a Molla Salterina Da azionare con il lanciatore a molla. Sparata dall&#8217;alto con il lanciatore cadr\u00e0 sul pavimento, girer\u00e0 e salter\u00e0 su e gi\u00f9. Maggiore l&#8217;altezza della caduta e pi\u00f9 alto risulter\u00e0 il salto. Salter\u00e0 gi\u00f9 dalle scale e corre persino sul tappeto. Una volta che rallenta un po &#8216;puoi [&hellip;]<\/p>\n","protected":false},"featured_media":18592,"comment_status":"closed","ping_status":"closed","template":"","meta":{"_et_pb_use_builder":"","_et_pb_old_content":"","_et_gb_content_width":""},"product_brand":[],"product_cat":[885],"product_tag":[158,126,124,890],"class_list":{"0":"post-18591","1":"product","2":"type-product","3":"status-publish","4":"has-post-thumbnail","6":"product_cat-trottole-di-latta-carica-a-corda-frizione","7":"product_tag-giochi-a-corda-di-latta","8":"product_tag-giochi-giocattoli-vintage","9":"product_tag-giochi-giocattoli-in-latta","10":"product_tag-trottola-di-latta-a-molla-salterina","12":"first","13":"instock","14":"taxable","15":"shipping-taxable","16":"purchasable","17":"product-type-simple"},"yoast_head":"<!-- This site is optimized with the Yoast SEO plugin v27.4 - https:\/\/yoast.com\/product\/yoast-seo-wordpress\/ -->\n<title>TE0045 - Trottola Balou di Latta a Molla Salterina - BazarBonino<\/title>\n<meta name=\"description\" content=\"Bellissima Trottola Balou di Latta a Molla Salterina Da azionare con il lanciatore a molla. Sparata dall&#039;alto con il lanciatore cadr\u00e0 sul pavimento, girer\u00e0 e salter\u00e0 su e gi\u00f9.\" \/>\n<meta name=\"robots\" content=\"index, follow, max-snippet:-1, max-image-preview:large, max-video-preview:-1\" \/>\n<link rel=\"canonical\" href=\"https:\/\/www.bazarbonino.com\/store\/prodotto\/te0045-trottola-balou-di-latta-a-molla-salterina\/\" \/>\n<meta property=\"og:locale\" content=\"it_IT\" \/>\n<meta property=\"og:type\" content=\"article\" \/>\n<meta property=\"og:title\" content=\"TE0045 - Trottola Balou di Latta a Molla Salterina - BazarBonino\" \/>\n<meta property=\"og:description\" content=\"Bellissima Trottola Balou di Latta a Molla Salterina Da azionare con il lanciatore a molla. Sparata dall&#039;alto con il lanciatore cadr\u00e0 sul pavimento, girer\u00e0 e salter\u00e0 su e gi\u00f9.\" \/>\n<meta property=\"og:url\" content=\"https:\/\/www.bazarbonino.com\/store\/prodotto\/te0045-trottola-balou-di-latta-a-molla-salterina\/\" \/>\n<meta property=\"og:site_name\" content=\"BazarBonino\" \/>\n<meta property=\"article:publisher\" content=\"https:\/\/www.facebook.com\/bazar.bonino\" \/>\n<meta property=\"article:modified_time\" content=\"2021-01-13T19:58:28+00:00\" \/>\n<meta property=\"og:image\" content=\"https:\/\/www.bazarbonino.com\/store\/wp-content\/uploads\/2021\/01\/TE0045-Trottola-Balou-di-Latta-a-Molla-Salterina.jpg\" \/>\n\t<meta property=\"og:image:width\" content=\"800\" \/>\n\t<meta property=\"og:image:height\" content=\"533\" \/>\n\t<meta property=\"og:image:type\" content=\"image\/jpeg\" \/>\n<meta name=\"twitter:card\" content=\"summary_large_image\" \/>\n<script type=\"application\/ld+json\" class=\"yoast-schema-graph\">{\"@context\":\"https:\\\/\\\/schema.org\",\"@graph\":[{\"@type\":\"WebPage\",\"@id\":\"https:\\\/\\\/www.bazarbonino.com\\\/store\\\/prodotto\\\/te0045-trottola-balou-di-latta-a-molla-salterina\\\/\",\"url\":\"https:\\\/\\\/www.bazarbonino.com\\\/store\\\/prodotto\\\/te0045-trottola-balou-di-latta-a-molla-salterina\\\/\",\"name\":\"TE0045 - Trottola Balou di Latta a Molla Salterina - BazarBonino\",\"isPartOf\":{\"@id\":\"https:\\\/\\\/www.bazarbonino.com\\\/store\\\/#website\"},\"primaryImageOfPage\":{\"@id\":\"https:\\\/\\\/www.bazarbonino.com\\\/store\\\/prodotto\\\/te0045-trottola-balou-di-latta-a-molla-salterina\\\/#primaryimage\"},\"image\":{\"@id\":\"https:\\\/\\\/www.bazarbonino.com\\\/store\\\/prodotto\\\/te0045-trottola-balou-di-latta-a-molla-salterina\\\/#primaryimage\"},\"thumbnailUrl\":\"https:\\\/\\\/www.bazarbonino.com\\\/store\\\/wp-content\\\/uploads\\\/2021\\\/01\\\/TE0045-Trottola-Balou-di-Latta-a-Molla-Salterina.jpg\",\"datePublished\":\"2021-01-13T19:53:34+00:00\",\"dateModified\":\"2021-01-13T19:58:28+00:00\",\"description\":\"Bellissima Trottola Balou di Latta a Molla Salterina Da azionare con il lanciatore a molla. Sparata dall'alto con il lanciatore cadr\u00e0 sul pavimento, girer\u00e0 e salter\u00e0 su e gi\u00f9.\",\"breadcrumb\":{\"@id\":\"https:\\\/\\\/www.bazarbonino.com\\\/store\\\/prodotto\\\/te0045-trottola-balou-di-latta-a-molla-salterina\\\/#breadcrumb\"},\"inLanguage\":\"it-IT\",\"potentialAction\":[{\"@type\":\"ReadAction\",\"target\":[\"https:\\\/\\\/www.bazarbonino.com\\\/store\\\/prodotto\\\/te0045-trottola-balou-di-latta-a-molla-salterina\\\/\"]}]},{\"@type\":\"ImageObject\",\"inLanguage\":\"it-IT\",\"@id\":\"https:\\\/\\\/www.bazarbonino.com\\\/store\\\/prodotto\\\/te0045-trottola-balou-di-latta-a-molla-salterina\\\/#primaryimage\",\"url\":\"https:\\\/\\\/www.bazarbonino.com\\\/store\\\/wp-content\\\/uploads\\\/2021\\\/01\\\/TE0045-Trottola-Balou-di-Latta-a-Molla-Salterina.jpg\",\"contentUrl\":\"https:\\\/\\\/www.bazarbonino.com\\\/store\\\/wp-content\\\/uploads\\\/2021\\\/01\\\/TE0045-Trottola-Balou-di-Latta-a-Molla-Salterina.jpg\",\"width\":800,\"height\":533,\"caption\":\"TE0045 - Trottola Balou di Latta a Molla Salterina\"},{\"@type\":\"BreadcrumbList\",\"@id\":\"https:\\\/\\\/www.bazarbonino.com\\\/store\\\/prodotto\\\/te0045-trottola-balou-di-latta-a-molla-salterina\\\/#breadcrumb\",\"itemListElement\":[{\"@type\":\"ListItem\",\"position\":1,\"name\":\"Home\",\"item\":\"https:\\\/\\\/www.bazarbonino.com\\\/store\\\/\"},{\"@type\":\"ListItem\",\"position\":2,\"name\":\"Catalogo\",\"item\":\"https:\\\/\\\/www.bazarbonino.com\\\/store\\\/shop\\\/\"},{\"@type\":\"ListItem\",\"position\":3,\"name\":\"TE0045 &#8211; Trottola Balou di Latta a Molla Salterina\"}]},{\"@type\":\"WebSite\",\"@id\":\"https:\\\/\\\/www.bazarbonino.com\\\/store\\\/#website\",\"url\":\"https:\\\/\\\/www.bazarbonino.com\\\/store\\\/\",\"name\":\"BazarBonino\",\"description\":\"\",\"potentialAction\":[{\"@type\":\"SearchAction\",\"target\":{\"@type\":\"EntryPoint\",\"urlTemplate\":\"https:\\\/\\\/www.bazarbonino.com\\\/store\\\/?s={search_term_string}\"},\"query-input\":{\"@type\":\"PropertyValueSpecification\",\"valueRequired\":true,\"valueName\":\"search_term_string\"}}],\"inLanguage\":\"it-IT\"}]}<\/script>\n<!-- \/ Yoast SEO plugin. -->","yoast_head_json":{"title":"TE0045 - Trottola Balou di Latta a Molla Salterina - BazarBonino","description":"Bellissima Trottola Balou di Latta a Molla Salterina Da azionare con il lanciatore a molla. Sparata dall'alto con il lanciatore cadr\u00e0 sul pavimento, girer\u00e0 e salter\u00e0 su e gi\u00f9.","robots":{"index":"index","follow":"follow","max-snippet":"max-snippet:-1","max-image-preview":"max-image-preview:large","max-video-preview":"max-video-preview:-1"},"canonical":"https:\/\/www.bazarbonino.com\/store\/prodotto\/te0045-trottola-balou-di-latta-a-molla-salterina\/","og_locale":"it_IT","og_type":"article","og_title":"TE0045 - Trottola Balou di Latta a Molla Salterina - BazarBonino","og_description":"Bellissima Trottola Balou di Latta a Molla Salterina Da azionare con il lanciatore a molla. Sparata dall'alto con il lanciatore cadr\u00e0 sul pavimento, girer\u00e0 e salter\u00e0 su e gi\u00f9.","og_url":"https:\/\/www.bazarbonino.com\/store\/prodotto\/te0045-trottola-balou-di-latta-a-molla-salterina\/","og_site_name":"BazarBonino","article_publisher":"https:\/\/www.facebook.com\/bazar.bonino","article_modified_time":"2021-01-13T19:58:28+00:00","og_image":[{"width":800,"height":533,"url":"https:\/\/www.bazarbonino.com\/store\/wp-content\/uploads\/2021\/01\/TE0045-Trottola-Balou-di-Latta-a-Molla-Salterina.jpg","type":"image\/jpeg"}],"twitter_card":"summary_large_image","schema":{"@context":"https:\/\/schema.org","@graph":[{"@type":"WebPage","@id":"https:\/\/www.bazarbonino.com\/store\/prodotto\/te0045-trottola-balou-di-latta-a-molla-salterina\/","url":"https:\/\/www.bazarbonino.com\/store\/prodotto\/te0045-trottola-balou-di-latta-a-molla-salterina\/","name":"TE0045 - Trottola Balou di Latta a Molla Salterina - BazarBonino","isPartOf":{"@id":"https:\/\/www.bazarbonino.com\/store\/#website"},"primaryImageOfPage":{"@id":"https:\/\/www.bazarbonino.com\/store\/prodotto\/te0045-trottola-balou-di-latta-a-molla-salterina\/#primaryimage"},"image":{"@id":"https:\/\/www.bazarbonino.com\/store\/prodotto\/te0045-trottola-balou-di-latta-a-molla-salterina\/#primaryimage"},"thumbnailUrl":"https:\/\/www.bazarbonino.com\/store\/wp-content\/uploads\/2021\/01\/TE0045-Trottola-Balou-di-Latta-a-Molla-Salterina.jpg","datePublished":"2021-01-13T19:53:34+00:00","dateModified":"2021-01-13T19:58:28+00:00","description":"Bellissima Trottola Balou di Latta a Molla Salterina Da azionare con il lanciatore a molla. Sparata dall'alto con il lanciatore cadr\u00e0 sul pavimento, girer\u00e0 e salter\u00e0 su e gi\u00f9.","breadcrumb":{"@id":"https:\/\/www.bazarbonino.com\/store\/prodotto\/te0045-trottola-balou-di-latta-a-molla-salterina\/#breadcrumb"},"inLanguage":"it-IT","potentialAction":[{"@type":"ReadAction","target":["https:\/\/www.bazarbonino.com\/store\/prodotto\/te0045-trottola-balou-di-latta-a-molla-salterina\/"]}]},{"@type":"ImageObject","inLanguage":"it-IT","@id":"https:\/\/www.bazarbonino.com\/store\/prodotto\/te0045-trottola-balou-di-latta-a-molla-salterina\/#primaryimage","url":"https:\/\/www.bazarbonino.com\/store\/wp-content\/uploads\/2021\/01\/TE0045-Trottola-Balou-di-Latta-a-Molla-Salterina.jpg","contentUrl":"https:\/\/www.bazarbonino.com\/store\/wp-content\/uploads\/2021\/01\/TE0045-Trottola-Balou-di-Latta-a-Molla-Salterina.jpg","width":800,"height":533,"caption":"TE0045 - Trottola Balou di Latta a Molla Salterina"},{"@type":"BreadcrumbList","@id":"https:\/\/www.bazarbonino.com\/store\/prodotto\/te0045-trottola-balou-di-latta-a-molla-salterina\/#breadcrumb","itemListElement":[{"@type":"ListItem","position":1,"name":"Home","item":"https:\/\/www.bazarbonino.com\/store\/"},{"@type":"ListItem","position":2,"name":"Catalogo","item":"https:\/\/www.bazarbonino.com\/store\/shop\/"},{"@type":"ListItem","position":3,"name":"TE0045 &#8211; Trottola Balou di Latta a Molla Salterina"}]},{"@type":"WebSite","@id":"https:\/\/www.bazarbonino.com\/store\/#website","url":"https:\/\/www.bazarbonino.com\/store\/","name":"BazarBonino","description":"","potentialAction":[{"@type":"SearchAction","target":{"@type":"EntryPoint","urlTemplate":"https:\/\/www.bazarbonino.com\/store\/?s={search_term_string}"},"query-input":{"@type":"PropertyValueSpecification","valueRequired":true,"valueName":"search_term_string"}}],"inLanguage":"it-IT"}]}},"_links":{"self":[{"href":"https:\/\/www.bazarbonino.com\/store\/wp-json\/wp\/v2\/product\/18591","targetHints":{"allow":["GET"]}}],"collection":[{"href":"https:\/\/www.bazarbonino.com\/store\/wp-json\/wp\/v2\/product"}],"about":[{"href":"https:\/\/www.bazarbonino.com\/store\/wp-json\/wp\/v2\/types\/product"}],"replies":[{"embeddable":true,"href":"https:\/\/www.bazarbonino.com\/store\/wp-json\/wp\/v2\/comments?post=18591"}],"wp:featuredmedia":[{"embeddable":true,"href":"https:\/\/www.bazarbonino.com\/store\/wp-json\/wp\/v2\/media\/18592"}],"wp:attachment":[{"href":"https:\/\/www.bazarbonino.com\/store\/wp-json\/wp\/v2\/media?parent=18591"}],"wp:term":[{"taxonomy":"product_brand","embeddable":true,"href":"https:\/\/www.bazarbonino.com\/store\/wp-json\/wp\/v2\/product_brand?post=18591"},{"taxonomy":"product_cat","embeddable":true,"href":"https:\/\/www.bazarbonino.com\/store\/wp-json\/wp\/v2\/product_cat?post=18591"},{"taxonomy":"product_tag","embeddable":true,"href":"https:\/\/www.bazarbonino.com\/store\/wp-json\/wp\/v2\/product_tag?post=18591"}],"curies":[{"name":"wp","href":"https:\/\/api.w.org\/{rel}","templated":true}]}}