{"id":18124,"date":"2021-01-03T22:16:05","date_gmt":"2021-01-03T21:16:05","guid":{"rendered":"https:\/\/www.bazarbonino.com\/store\/?post_type=product&#038;p=18124"},"modified":"2021-01-03T22:21:54","modified_gmt":"2021-01-03T21:21:54","slug":"cr0086-garage-con-segnali-stradali","status":"publish","type":"product","link":"https:\/\/www.bazarbonino.com\/store\/prodotto\/cr0086-garage-con-segnali-stradali\/","title":{"rendered":"CR0086 &#8211; Garage con Segnali Stradali"},"content":{"rendered":"<p>Garage con Segnali Stradali <span class=\"VIiyi\" lang=\"it\"><span class=\"JLqJ4b ChMk0b\" data-language-for-alternatives=\"it\" data-language-to-translate-into=\"de\" data-phrase-index=\"0\">\u00e8 un vecchio originale.<\/span> <span class=\"JLqJ4b ChMk0b\" data-language-for-alternatives=\"it\" data-language-to-translate-into=\"de\" data-phrase-index=\"1\">Prodotto in Cecoslovacchia.<\/span> <span class=\"JLqJ4b ChMk0b\" data-language-for-alternatives=\"it\" data-language-to-translate-into=\"de\" data-phrase-index=\"2\">\u00c8 stato realizzato una volta per Kovap Cars.<\/span> <span class=\"JLqJ4b ChMk0b\" data-language-for-alternatives=\"it\" data-language-to-translate-into=\"de\" data-phrase-index=\"3\">Ma anche auto di altri produttori entrano in questo bellissimo garage, su cui sono stampati vari segnali stradali.<\/span> <span class=\"JLqJ4b ChMk0b\" data-language-for-alternatives=\"it\" data-language-to-translate-into=\"de\" data-phrase-index=\"4\">Questo articolo non \u00e8 pi\u00f9 in produzione ed \u00e8 quindi una vera rarit\u00e0!<\/span><\/span><\/p>\n","protected":false},"excerpt":{"rendered":"<p>&#8212;- ESAURITO IN RIORDINE &#8212;-<\/p>\n","protected":false},"featured_media":18125,"comment_status":"closed","ping_status":"closed","template":"","meta":{"_et_pb_use_builder":"","_et_pb_old_content":"","_et_gb_content_width":""},"product_brand":[],"product_cat":[83],"product_tag":[152,149,2127,150,151,124],"class_list":{"0":"post-18124","1":"product","2":"type-product","3":"status-publish","4":"has-post-thumbnail","6":"product_cat-automobili-in-latta-con-carica-a-molla","7":"product_tag-auto-in-latta-con-carica-a-molla","8":"product_tag-automobile-in-latta-a-carica","9":"product_tag-bazar-bonino-torino","10":"product_tag-giochi-in-latta-a-carica","11":"product_tag-giochi-in-latta-con-carica-a-molla","12":"product_tag-giochi-giocattoli-in-latta","14":"first","15":"outofstock","16":"taxable","17":"shipping-taxable","18":"purchasable","19":"product-type-simple"},"yoast_head":"<!-- This site is optimized with the Yoast SEO plugin v27.4 - https:\/\/yoast.com\/product\/yoast-seo-wordpress\/ -->\n<title>CR0086 - Garage con Segnali Stradali - BazarBonino<\/title>\n<meta name=\"description\" content=\"Garage con Segnali Stradali \u00e8 un vecchio originale. Prodotto in Cecoslovacchia. \u00c8 stato realizzato una volta per Kovap Cars.\" \/>\n<meta name=\"robots\" content=\"index, follow, max-snippet:-1, max-image-preview:large, max-video-preview:-1\" \/>\n<link rel=\"canonical\" href=\"https:\/\/www.bazarbonino.com\/store\/prodotto\/cr0086-garage-con-segnali-stradali\/\" \/>\n<meta property=\"og:locale\" content=\"it_IT\" \/>\n<meta property=\"og:type\" content=\"article\" \/>\n<meta property=\"og:title\" content=\"CR0086 - Garage con Segnali Stradali - BazarBonino\" \/>\n<meta property=\"og:description\" content=\"Garage con Segnali Stradali \u00e8 un vecchio originale. Prodotto in Cecoslovacchia. \u00c8 stato realizzato una volta per Kovap Cars.\" \/>\n<meta property=\"og:url\" content=\"https:\/\/www.bazarbonino.com\/store\/prodotto\/cr0086-garage-con-segnali-stradali\/\" \/>\n<meta property=\"og:site_name\" content=\"BazarBonino\" \/>\n<meta property=\"article:publisher\" content=\"https:\/\/www.facebook.com\/bazar.bonino\" \/>\n<meta property=\"article:modified_time\" content=\"2021-01-03T21:21:54+00:00\" \/>\n<meta property=\"og:image\" content=\"https:\/\/www.bazarbonino.com\/store\/wp-content\/uploads\/2021\/01\/CR0086-Garage-con-Segnali-Stradali.jpg\" \/>\n\t<meta property=\"og:image:width\" content=\"800\" \/>\n\t<meta property=\"og:image:height\" content=\"533\" \/>\n\t<meta property=\"og:image:type\" content=\"image\/jpeg\" \/>\n<meta name=\"twitter:card\" content=\"summary_large_image\" \/>\n<script type=\"application\/ld+json\" class=\"yoast-schema-graph\">{\"@context\":\"https:\\\/\\\/schema.org\",\"@graph\":[{\"@type\":\"WebPage\",\"@id\":\"https:\\\/\\\/www.bazarbonino.com\\\/store\\\/prodotto\\\/cr0086-garage-con-segnali-stradali\\\/\",\"url\":\"https:\\\/\\\/www.bazarbonino.com\\\/store\\\/prodotto\\\/cr0086-garage-con-segnali-stradali\\\/\",\"name\":\"CR0086 - Garage con Segnali Stradali - BazarBonino\",\"isPartOf\":{\"@id\":\"https:\\\/\\\/www.bazarbonino.com\\\/store\\\/#website\"},\"primaryImageOfPage\":{\"@id\":\"https:\\\/\\\/www.bazarbonino.com\\\/store\\\/prodotto\\\/cr0086-garage-con-segnali-stradali\\\/#primaryimage\"},\"image\":{\"@id\":\"https:\\\/\\\/www.bazarbonino.com\\\/store\\\/prodotto\\\/cr0086-garage-con-segnali-stradali\\\/#primaryimage\"},\"thumbnailUrl\":\"https:\\\/\\\/www.bazarbonino.com\\\/store\\\/wp-content\\\/uploads\\\/2021\\\/01\\\/CR0086-Garage-con-Segnali-Stradali.jpg\",\"datePublished\":\"2021-01-03T21:16:05+00:00\",\"dateModified\":\"2021-01-03T21:21:54+00:00\",\"description\":\"Garage con Segnali Stradali \u00e8 un vecchio originale. Prodotto in Cecoslovacchia. \u00c8 stato realizzato una volta per Kovap Cars.\",\"breadcrumb\":{\"@id\":\"https:\\\/\\\/www.bazarbonino.com\\\/store\\\/prodotto\\\/cr0086-garage-con-segnali-stradali\\\/#breadcrumb\"},\"inLanguage\":\"it-IT\",\"potentialAction\":[{\"@type\":\"ReadAction\",\"target\":[\"https:\\\/\\\/www.bazarbonino.com\\\/store\\\/prodotto\\\/cr0086-garage-con-segnali-stradali\\\/\"]}]},{\"@type\":\"ImageObject\",\"inLanguage\":\"it-IT\",\"@id\":\"https:\\\/\\\/www.bazarbonino.com\\\/store\\\/prodotto\\\/cr0086-garage-con-segnali-stradali\\\/#primaryimage\",\"url\":\"https:\\\/\\\/www.bazarbonino.com\\\/store\\\/wp-content\\\/uploads\\\/2021\\\/01\\\/CR0086-Garage-con-Segnali-Stradali.jpg\",\"contentUrl\":\"https:\\\/\\\/www.bazarbonino.com\\\/store\\\/wp-content\\\/uploads\\\/2021\\\/01\\\/CR0086-Garage-con-Segnali-Stradali.jpg\",\"width\":800,\"height\":533,\"caption\":\"CR0086 - Garage con Segnali Stradali\"},{\"@type\":\"BreadcrumbList\",\"@id\":\"https:\\\/\\\/www.bazarbonino.com\\\/store\\\/prodotto\\\/cr0086-garage-con-segnali-stradali\\\/#breadcrumb\",\"itemListElement\":[{\"@type\":\"ListItem\",\"position\":1,\"name\":\"Home\",\"item\":\"https:\\\/\\\/www.bazarbonino.com\\\/store\\\/\"},{\"@type\":\"ListItem\",\"position\":2,\"name\":\"Catalogo\",\"item\":\"https:\\\/\\\/www.bazarbonino.com\\\/store\\\/shop\\\/\"},{\"@type\":\"ListItem\",\"position\":3,\"name\":\"CR0086 &#8211; Garage con Segnali Stradali\"}]},{\"@type\":\"WebSite\",\"@id\":\"https:\\\/\\\/www.bazarbonino.com\\\/store\\\/#website\",\"url\":\"https:\\\/\\\/www.bazarbonino.com\\\/store\\\/\",\"name\":\"BazarBonino\",\"description\":\"\",\"potentialAction\":[{\"@type\":\"SearchAction\",\"target\":{\"@type\":\"EntryPoint\",\"urlTemplate\":\"https:\\\/\\\/www.bazarbonino.com\\\/store\\\/?s={search_term_string}\"},\"query-input\":{\"@type\":\"PropertyValueSpecification\",\"valueRequired\":true,\"valueName\":\"search_term_string\"}}],\"inLanguage\":\"it-IT\"}]}<\/script>\n<!-- \/ Yoast SEO plugin. -->","yoast_head_json":{"title":"CR0086 - Garage con Segnali Stradali - BazarBonino","description":"Garage con Segnali Stradali \u00e8 un vecchio originale. Prodotto in Cecoslovacchia. \u00c8 stato realizzato una volta per Kovap Cars.","robots":{"index":"index","follow":"follow","max-snippet":"max-snippet:-1","max-image-preview":"max-image-preview:large","max-video-preview":"max-video-preview:-1"},"canonical":"https:\/\/www.bazarbonino.com\/store\/prodotto\/cr0086-garage-con-segnali-stradali\/","og_locale":"it_IT","og_type":"article","og_title":"CR0086 - Garage con Segnali Stradali - BazarBonino","og_description":"Garage con Segnali Stradali \u00e8 un vecchio originale. Prodotto in Cecoslovacchia. \u00c8 stato realizzato una volta per Kovap Cars.","og_url":"https:\/\/www.bazarbonino.com\/store\/prodotto\/cr0086-garage-con-segnali-stradali\/","og_site_name":"BazarBonino","article_publisher":"https:\/\/www.facebook.com\/bazar.bonino","article_modified_time":"2021-01-03T21:21:54+00:00","og_image":[{"width":800,"height":533,"url":"https:\/\/www.bazarbonino.com\/store\/wp-content\/uploads\/2021\/01\/CR0086-Garage-con-Segnali-Stradali.jpg","type":"image\/jpeg"}],"twitter_card":"summary_large_image","schema":{"@context":"https:\/\/schema.org","@graph":[{"@type":"WebPage","@id":"https:\/\/www.bazarbonino.com\/store\/prodotto\/cr0086-garage-con-segnali-stradali\/","url":"https:\/\/www.bazarbonino.com\/store\/prodotto\/cr0086-garage-con-segnali-stradali\/","name":"CR0086 - Garage con Segnali Stradali - BazarBonino","isPartOf":{"@id":"https:\/\/www.bazarbonino.com\/store\/#website"},"primaryImageOfPage":{"@id":"https:\/\/www.bazarbonino.com\/store\/prodotto\/cr0086-garage-con-segnali-stradali\/#primaryimage"},"image":{"@id":"https:\/\/www.bazarbonino.com\/store\/prodotto\/cr0086-garage-con-segnali-stradali\/#primaryimage"},"thumbnailUrl":"https:\/\/www.bazarbonino.com\/store\/wp-content\/uploads\/2021\/01\/CR0086-Garage-con-Segnali-Stradali.jpg","datePublished":"2021-01-03T21:16:05+00:00","dateModified":"2021-01-03T21:21:54+00:00","description":"Garage con Segnali Stradali \u00e8 un vecchio originale. Prodotto in Cecoslovacchia. \u00c8 stato realizzato una volta per Kovap Cars.","breadcrumb":{"@id":"https:\/\/www.bazarbonino.com\/store\/prodotto\/cr0086-garage-con-segnali-stradali\/#breadcrumb"},"inLanguage":"it-IT","potentialAction":[{"@type":"ReadAction","target":["https:\/\/www.bazarbonino.com\/store\/prodotto\/cr0086-garage-con-segnali-stradali\/"]}]},{"@type":"ImageObject","inLanguage":"it-IT","@id":"https:\/\/www.bazarbonino.com\/store\/prodotto\/cr0086-garage-con-segnali-stradali\/#primaryimage","url":"https:\/\/www.bazarbonino.com\/store\/wp-content\/uploads\/2021\/01\/CR0086-Garage-con-Segnali-Stradali.jpg","contentUrl":"https:\/\/www.bazarbonino.com\/store\/wp-content\/uploads\/2021\/01\/CR0086-Garage-con-Segnali-Stradali.jpg","width":800,"height":533,"caption":"CR0086 - Garage con Segnali Stradali"},{"@type":"BreadcrumbList","@id":"https:\/\/www.bazarbonino.com\/store\/prodotto\/cr0086-garage-con-segnali-stradali\/#breadcrumb","itemListElement":[{"@type":"ListItem","position":1,"name":"Home","item":"https:\/\/www.bazarbonino.com\/store\/"},{"@type":"ListItem","position":2,"name":"Catalogo","item":"https:\/\/www.bazarbonino.com\/store\/shop\/"},{"@type":"ListItem","position":3,"name":"CR0086 &#8211; Garage con Segnali Stradali"}]},{"@type":"WebSite","@id":"https:\/\/www.bazarbonino.com\/store\/#website","url":"https:\/\/www.bazarbonino.com\/store\/","name":"BazarBonino","description":"","potentialAction":[{"@type":"SearchAction","target":{"@type":"EntryPoint","urlTemplate":"https:\/\/www.bazarbonino.com\/store\/?s={search_term_string}"},"query-input":{"@type":"PropertyValueSpecification","valueRequired":true,"valueName":"search_term_string"}}],"inLanguage":"it-IT"}]}},"_links":{"self":[{"href":"https:\/\/www.bazarbonino.com\/store\/wp-json\/wp\/v2\/product\/18124","targetHints":{"allow":["GET"]}}],"collection":[{"href":"https:\/\/www.bazarbonino.com\/store\/wp-json\/wp\/v2\/product"}],"about":[{"href":"https:\/\/www.bazarbonino.com\/store\/wp-json\/wp\/v2\/types\/product"}],"replies":[{"embeddable":true,"href":"https:\/\/www.bazarbonino.com\/store\/wp-json\/wp\/v2\/comments?post=18124"}],"wp:featuredmedia":[{"embeddable":true,"href":"https:\/\/www.bazarbonino.com\/store\/wp-json\/wp\/v2\/media\/18125"}],"wp:attachment":[{"href":"https:\/\/www.bazarbonino.com\/store\/wp-json\/wp\/v2\/media?parent=18124"}],"wp:term":[{"taxonomy":"product_brand","embeddable":true,"href":"https:\/\/www.bazarbonino.com\/store\/wp-json\/wp\/v2\/product_brand?post=18124"},{"taxonomy":"product_cat","embeddable":true,"href":"https:\/\/www.bazarbonino.com\/store\/wp-json\/wp\/v2\/product_cat?post=18124"},{"taxonomy":"product_tag","embeddable":true,"href":"https:\/\/www.bazarbonino.com\/store\/wp-json\/wp\/v2\/product_tag?post=18124"}],"curies":[{"name":"wp","href":"https:\/\/api.w.org\/{rel}","templated":true}]}}