{"id":17760,"date":"2020-11-17T01:34:07","date_gmt":"2020-11-17T00:34:07","guid":{"rendered":"https:\/\/www.bazarbonino.com\/store\/?post_type=product&#038;p=17760"},"modified":"2022-05-03T09:31:53","modified_gmt":"2022-05-03T07:31:53","slug":"mv0390-mazzo-carte-orbit-v5","status":"publish","type":"product","link":"https:\/\/www.bazarbonino.com\/store\/prodotto\/mv0390-mazzo-carte-orbit-v5\/","title":{"rendered":"MV0390 &#8211; Mazzo Carte Orbit V5"},"content":{"rendered":"<p><span class=\"VIiyi\" lang=\"it\"><span class=\"JLqJ4b ChMk0b\" data-language-for-alternatives=\"it\" data-language-to-translate-into=\"en\" data-phrase-index=\"6\">MV0390 &#8211; Mazzo Carte Orbit V5 Bentornati su Orbit, \u00e8 bello avervi di nuovo qui. Molto \u00e8 cambiato dall&#8217;ultimo viaggio. Si \u00e8 duplicata la qualit\u00e0 del 4\u00b0 mazzo Orbit ma con una leggera morbidezza in pi\u00f9.<br \/>\nLe carte sono su cartoncino Crushed Premium (Bee), tradizionalmente tagliato e con un ingrediente segreto per garantire una sensazione unica proprio come il 4\u00b0 Orbit. Il quinto, proprio come i predecessori, ha un design one way che sar\u00e0 quasi impossibile da scoprire.<\/span><\/span><\/p>\n<p>L&#8217;astuccio \u00e8 stato molto pi\u00f9 costoso da stampare questa volta a causa del colore all&#8217;interno e della finitura opaca della carta utilizzata per la confezione. Abbiamo lasciato cadere le &#8220;carte da gioco&#8221; dal davanti per dargli un&#8217;estetica pi\u00f9 minimale e aerodinamica. Queste, ora, sono pi\u00f9 che delle semplici carte da gioco! All&#8217;interno dell&#8217;astuccio troverete del nuovo testo. Man mano che il marchio cresce, vorremmo collegare tutti attraverso la pagina Instagram, poich\u00e9 sar\u00e0 il luogo in cui si svolgeranno molti eventi futuri.<\/p>\n<p>Il verde acqua e l&#8217;arancio arrivano in perfetto tempismo per l&#8217;inizio dell&#8217;estate nell&#8217;emisfero settentrionale. Gli altri 4 orbit erano neri, quindi ha senso portare un po&#8217; di colore e calore con la quinta serie. La NASA \u00e8 stata fondata nel 1958, cio\u00e8 60 anni fa quest&#8217;anno. Questo \u00e8 un altro motivo per cui abbiamo scelto il verde acqua. Il Teal era un colore molto popolare per le auto nel 1958. Le specifiche bianche e rosse che si trovano sull&#8217;arancio all&#8217;interno della scatola sono anche un richiamo all&#8217;atmosfera retr\u00f2.<\/p>\n<p>Il design della quinta edizione si \u00e8 spinto al limite con il sentiero delle comete. Porta un visuale nuova di zecca che \u00e8 stata creata appositamente per il cardistry. Le montagne intorno al cerchio sono state ispirate dalla luna uraniana, Miranda. Ci sono alcuni canyon su Miranda che scendono 12 volte pi\u00f9 in profondit\u00e0 del Grand Canyon. Abbiamo scoperto Miranda per la prima volta nel 1948, l&#8217;anno in cui nacque mio padre (il re di cuori). La prima volta che sono state scattate le foto risalgono al Voyager 2 nel 1986, l&#8217;anno in cui sono nato. Quando la Voyager 2 ha superato Miranda, ci ha sconvolti tutti. Questa \u00e8 stata la luna pi\u00f9 strana che abbiamo mai visto. Siamo stati in grado di vedere solo un lato di lei, quindi il resto di Miranda \u00e8 un mistero. Ogni parte di Miranda era unica, aveva un assortimento di terreni diverso da qualsiasi altra luna osservata prima. Volevo catturare il timore che la NASA avr\u00e0 provato.<\/p>\n<p>A tutti i colori \u00e8 stata data una finitura opaca per imitare l&#8217;aspetto opaco dell&#8217;astuccio. Tutti i colori e le textures sono stati progettati per dare al manipolatore una sensazione uniforme di fluidit\u00e0. Abbiamo aggiunto pi\u00f9 equipaggi su quelle figure. Nick Stumphauzer \u00e8 il Jack di fiori. Sean Oulashin \u00e8 il Jack di cuori. Daniel Schneider \u00e8 il Jack di picche. Sono il Jack di quadri. I Jack sono l&#8217;equipaggio di Orbit. Mia moglie Holly \u00e8 la regina di quadri e mio padre \u00e8 il re di cuori. Dopo il grande intervento di mio padre l&#8217;anno scorso abbiamo trascorso tutti i marted\u00ec a pranzo guardando Dexter su Netflix. Sento che sta andando molto meglio rispetto allo scorso anno ed \u00e8 per questo che ho deciso di dare al re di cuori il secondo cuore che \u00e8 stato preso dal 4\u00b0 mazzo.<\/p>\n<p>23 mila mazzi sono stati stampati presso la US Playing Card Company e sono stati distribuiti da Art of Play a San Diego. Il mazzo Orbit \u00e8 ora globale e non abbiamo intenzione di rallentare. Completa la tua collezione aggiungendo il quinto alla tua famiglia di orbit.&#8221;<\/p>\n","protected":false},"excerpt":{"rendered":"<p>MV0390 &#8211; Mazzo Carte Orbit V5 Bentornati su Orbit, \u00e8 bello avervi di nuovo qui. Molto \u00e8 cambiato dall&#8217;ultimo viaggio. Si \u00e8 duplicata la qualit\u00e0 del 4\u00b0 mazzo Orbit ma con una leggera morbidezza in pi\u00f9. Le carte sono su cartoncino Crushed Premium (Bee), tradizionalmente tagliato e con un ingrediente segreto per garantire una sensazione [&hellip;]<\/p>\n","protected":false},"featured_media":17761,"comment_status":"closed","ping_status":"closed","template":"","meta":{"_et_pb_use_builder":"","_et_pb_old_content":"","_et_gb_content_width":""},"product_brand":[],"product_cat":[1514],"product_tag":[2387],"class_list":{"0":"post-17760","1":"product","2":"type-product","3":"status-publish","4":"has-post-thumbnail","6":"product_cat-mazzi-di-carte-altre-marche","7":"product_tag-mazzo-carte-orbit-v5","9":"first","10":"outofstock","11":"taxable","12":"shipping-taxable","13":"purchasable","14":"product-type-simple"},"yoast_head":"<!-- This site is optimized with the Yoast SEO plugin v27.4 - https:\/\/yoast.com\/product\/yoast-seo-wordpress\/ -->\n<title>MV0390 - Mazzo Carte Orbit V5 - BazarBonino<\/title>\n<meta name=\"description\" content=\"Mazzo Carte Orbit V5 Le carte sono su cartoncino Crushed Premium (Bee), tradizionalmente tagliato e con un ingrediente segreto per garantire...\" \/>\n<meta name=\"robots\" content=\"index, follow, max-snippet:-1, max-image-preview:large, max-video-preview:-1\" \/>\n<link rel=\"canonical\" href=\"https:\/\/www.bazarbonino.com\/store\/prodotto\/mv0390-mazzo-carte-orbit-v5\/\" \/>\n<meta property=\"og:locale\" content=\"it_IT\" \/>\n<meta property=\"og:type\" content=\"article\" \/>\n<meta property=\"og:title\" content=\"MV0390 - Mazzo Carte Orbit V5 - BazarBonino\" \/>\n<meta property=\"og:description\" content=\"Mazzo Carte Orbit V5 Le carte sono su cartoncino Crushed Premium (Bee), tradizionalmente tagliato e con un ingrediente segreto per garantire...\" \/>\n<meta property=\"og:url\" content=\"https:\/\/www.bazarbonino.com\/store\/prodotto\/mv0390-mazzo-carte-orbit-v5\/\" \/>\n<meta property=\"og:site_name\" content=\"BazarBonino\" \/>\n<meta property=\"article:publisher\" content=\"https:\/\/www.facebook.com\/bazar.bonino\" \/>\n<meta property=\"article:modified_time\" content=\"2022-05-03T07:31:53+00:00\" \/>\n<meta property=\"og:image\" content=\"https:\/\/www.bazarbonino.com\/store\/wp-content\/uploads\/2020\/11\/MV0390-Mazzo-Carte-Orbit-V5.jpg\" \/>\n\t<meta property=\"og:image:width\" content=\"1080\" \/>\n\t<meta property=\"og:image:height\" content=\"1626\" \/>\n\t<meta property=\"og:image:type\" content=\"image\/jpeg\" \/>\n<meta name=\"twitter:card\" content=\"summary_large_image\" \/>\n<meta name=\"twitter:label1\" content=\"Tempo di lettura stimato\" \/>\n\t<meta name=\"twitter:data1\" content=\"3 minuti\" \/>\n<script type=\"application\/ld+json\" class=\"yoast-schema-graph\">{\"@context\":\"https:\\\/\\\/schema.org\",\"@graph\":[{\"@type\":\"WebPage\",\"@id\":\"https:\\\/\\\/www.bazarbonino.com\\\/store\\\/prodotto\\\/mv0390-mazzo-carte-orbit-v5\\\/\",\"url\":\"https:\\\/\\\/www.bazarbonino.com\\\/store\\\/prodotto\\\/mv0390-mazzo-carte-orbit-v5\\\/\",\"name\":\"MV0390 - Mazzo Carte Orbit V5 - BazarBonino\",\"isPartOf\":{\"@id\":\"https:\\\/\\\/www.bazarbonino.com\\\/store\\\/#website\"},\"primaryImageOfPage\":{\"@id\":\"https:\\\/\\\/www.bazarbonino.com\\\/store\\\/prodotto\\\/mv0390-mazzo-carte-orbit-v5\\\/#primaryimage\"},\"image\":{\"@id\":\"https:\\\/\\\/www.bazarbonino.com\\\/store\\\/prodotto\\\/mv0390-mazzo-carte-orbit-v5\\\/#primaryimage\"},\"thumbnailUrl\":\"https:\\\/\\\/www.bazarbonino.com\\\/store\\\/wp-content\\\/uploads\\\/2020\\\/11\\\/MV0390-Mazzo-Carte-Orbit-V5.jpg\",\"datePublished\":\"2020-11-17T00:34:07+00:00\",\"dateModified\":\"2022-05-03T07:31:53+00:00\",\"description\":\"Mazzo Carte Orbit V5 Le carte sono su cartoncino Crushed Premium (Bee), tradizionalmente tagliato e con un ingrediente segreto per garantire...\",\"breadcrumb\":{\"@id\":\"https:\\\/\\\/www.bazarbonino.com\\\/store\\\/prodotto\\\/mv0390-mazzo-carte-orbit-v5\\\/#breadcrumb\"},\"inLanguage\":\"it-IT\",\"potentialAction\":[{\"@type\":\"ReadAction\",\"target\":[\"https:\\\/\\\/www.bazarbonino.com\\\/store\\\/prodotto\\\/mv0390-mazzo-carte-orbit-v5\\\/\"]}]},{\"@type\":\"ImageObject\",\"inLanguage\":\"it-IT\",\"@id\":\"https:\\\/\\\/www.bazarbonino.com\\\/store\\\/prodotto\\\/mv0390-mazzo-carte-orbit-v5\\\/#primaryimage\",\"url\":\"https:\\\/\\\/www.bazarbonino.com\\\/store\\\/wp-content\\\/uploads\\\/2020\\\/11\\\/MV0390-Mazzo-Carte-Orbit-V5.jpg\",\"contentUrl\":\"https:\\\/\\\/www.bazarbonino.com\\\/store\\\/wp-content\\\/uploads\\\/2020\\\/11\\\/MV0390-Mazzo-Carte-Orbit-V5.jpg\",\"width\":1080,\"height\":1626,\"caption\":\"MV0390 - Mazzo Carte Orbit V5\"},{\"@type\":\"BreadcrumbList\",\"@id\":\"https:\\\/\\\/www.bazarbonino.com\\\/store\\\/prodotto\\\/mv0390-mazzo-carte-orbit-v5\\\/#breadcrumb\",\"itemListElement\":[{\"@type\":\"ListItem\",\"position\":1,\"name\":\"Home\",\"item\":\"https:\\\/\\\/www.bazarbonino.com\\\/store\\\/\"},{\"@type\":\"ListItem\",\"position\":2,\"name\":\"Catalogo\",\"item\":\"https:\\\/\\\/www.bazarbonino.com\\\/store\\\/shop\\\/\"},{\"@type\":\"ListItem\",\"position\":3,\"name\":\"MV0390 &#8211; Mazzo Carte Orbit V5\"}]},{\"@type\":\"WebSite\",\"@id\":\"https:\\\/\\\/www.bazarbonino.com\\\/store\\\/#website\",\"url\":\"https:\\\/\\\/www.bazarbonino.com\\\/store\\\/\",\"name\":\"BazarBonino\",\"description\":\"\",\"potentialAction\":[{\"@type\":\"SearchAction\",\"target\":{\"@type\":\"EntryPoint\",\"urlTemplate\":\"https:\\\/\\\/www.bazarbonino.com\\\/store\\\/?s={search_term_string}\"},\"query-input\":{\"@type\":\"PropertyValueSpecification\",\"valueRequired\":true,\"valueName\":\"search_term_string\"}}],\"inLanguage\":\"it-IT\"}]}<\/script>\n<!-- \/ Yoast SEO plugin. -->","yoast_head_json":{"title":"MV0390 - Mazzo Carte Orbit V5 - BazarBonino","description":"Mazzo Carte Orbit V5 Le carte sono su cartoncino Crushed Premium (Bee), tradizionalmente tagliato e con un ingrediente segreto per garantire...","robots":{"index":"index","follow":"follow","max-snippet":"max-snippet:-1","max-image-preview":"max-image-preview:large","max-video-preview":"max-video-preview:-1"},"canonical":"https:\/\/www.bazarbonino.com\/store\/prodotto\/mv0390-mazzo-carte-orbit-v5\/","og_locale":"it_IT","og_type":"article","og_title":"MV0390 - Mazzo Carte Orbit V5 - BazarBonino","og_description":"Mazzo Carte Orbit V5 Le carte sono su cartoncino Crushed Premium (Bee), tradizionalmente tagliato e con un ingrediente segreto per garantire...","og_url":"https:\/\/www.bazarbonino.com\/store\/prodotto\/mv0390-mazzo-carte-orbit-v5\/","og_site_name":"BazarBonino","article_publisher":"https:\/\/www.facebook.com\/bazar.bonino","article_modified_time":"2022-05-03T07:31:53+00:00","og_image":[{"width":1080,"height":1626,"url":"https:\/\/www.bazarbonino.com\/store\/wp-content\/uploads\/2020\/11\/MV0390-Mazzo-Carte-Orbit-V5.jpg","type":"image\/jpeg"}],"twitter_card":"summary_large_image","twitter_misc":{"Tempo di lettura stimato":"3 minuti"},"schema":{"@context":"https:\/\/schema.org","@graph":[{"@type":"WebPage","@id":"https:\/\/www.bazarbonino.com\/store\/prodotto\/mv0390-mazzo-carte-orbit-v5\/","url":"https:\/\/www.bazarbonino.com\/store\/prodotto\/mv0390-mazzo-carte-orbit-v5\/","name":"MV0390 - Mazzo Carte Orbit V5 - BazarBonino","isPartOf":{"@id":"https:\/\/www.bazarbonino.com\/store\/#website"},"primaryImageOfPage":{"@id":"https:\/\/www.bazarbonino.com\/store\/prodotto\/mv0390-mazzo-carte-orbit-v5\/#primaryimage"},"image":{"@id":"https:\/\/www.bazarbonino.com\/store\/prodotto\/mv0390-mazzo-carte-orbit-v5\/#primaryimage"},"thumbnailUrl":"https:\/\/www.bazarbonino.com\/store\/wp-content\/uploads\/2020\/11\/MV0390-Mazzo-Carte-Orbit-V5.jpg","datePublished":"2020-11-17T00:34:07+00:00","dateModified":"2022-05-03T07:31:53+00:00","description":"Mazzo Carte Orbit V5 Le carte sono su cartoncino Crushed Premium (Bee), tradizionalmente tagliato e con un ingrediente segreto per garantire...","breadcrumb":{"@id":"https:\/\/www.bazarbonino.com\/store\/prodotto\/mv0390-mazzo-carte-orbit-v5\/#breadcrumb"},"inLanguage":"it-IT","potentialAction":[{"@type":"ReadAction","target":["https:\/\/www.bazarbonino.com\/store\/prodotto\/mv0390-mazzo-carte-orbit-v5\/"]}]},{"@type":"ImageObject","inLanguage":"it-IT","@id":"https:\/\/www.bazarbonino.com\/store\/prodotto\/mv0390-mazzo-carte-orbit-v5\/#primaryimage","url":"https:\/\/www.bazarbonino.com\/store\/wp-content\/uploads\/2020\/11\/MV0390-Mazzo-Carte-Orbit-V5.jpg","contentUrl":"https:\/\/www.bazarbonino.com\/store\/wp-content\/uploads\/2020\/11\/MV0390-Mazzo-Carte-Orbit-V5.jpg","width":1080,"height":1626,"caption":"MV0390 - Mazzo Carte Orbit V5"},{"@type":"BreadcrumbList","@id":"https:\/\/www.bazarbonino.com\/store\/prodotto\/mv0390-mazzo-carte-orbit-v5\/#breadcrumb","itemListElement":[{"@type":"ListItem","position":1,"name":"Home","item":"https:\/\/www.bazarbonino.com\/store\/"},{"@type":"ListItem","position":2,"name":"Catalogo","item":"https:\/\/www.bazarbonino.com\/store\/shop\/"},{"@type":"ListItem","position":3,"name":"MV0390 &#8211; Mazzo Carte Orbit V5"}]},{"@type":"WebSite","@id":"https:\/\/www.bazarbonino.com\/store\/#website","url":"https:\/\/www.bazarbonino.com\/store\/","name":"BazarBonino","description":"","potentialAction":[{"@type":"SearchAction","target":{"@type":"EntryPoint","urlTemplate":"https:\/\/www.bazarbonino.com\/store\/?s={search_term_string}"},"query-input":{"@type":"PropertyValueSpecification","valueRequired":true,"valueName":"search_term_string"}}],"inLanguage":"it-IT"}]}},"_links":{"self":[{"href":"https:\/\/www.bazarbonino.com\/store\/wp-json\/wp\/v2\/product\/17760","targetHints":{"allow":["GET"]}}],"collection":[{"href":"https:\/\/www.bazarbonino.com\/store\/wp-json\/wp\/v2\/product"}],"about":[{"href":"https:\/\/www.bazarbonino.com\/store\/wp-json\/wp\/v2\/types\/product"}],"replies":[{"embeddable":true,"href":"https:\/\/www.bazarbonino.com\/store\/wp-json\/wp\/v2\/comments?post=17760"}],"wp:featuredmedia":[{"embeddable":true,"href":"https:\/\/www.bazarbonino.com\/store\/wp-json\/wp\/v2\/media\/17761"}],"wp:attachment":[{"href":"https:\/\/www.bazarbonino.com\/store\/wp-json\/wp\/v2\/media?parent=17760"}],"wp:term":[{"taxonomy":"product_brand","embeddable":true,"href":"https:\/\/www.bazarbonino.com\/store\/wp-json\/wp\/v2\/product_brand?post=17760"},{"taxonomy":"product_cat","embeddable":true,"href":"https:\/\/www.bazarbonino.com\/store\/wp-json\/wp\/v2\/product_cat?post=17760"},{"taxonomy":"product_tag","embeddable":true,"href":"https:\/\/www.bazarbonino.com\/store\/wp-json\/wp\/v2\/product_tag?post=17760"}],"curies":[{"name":"wp","href":"https:\/\/api.w.org\/{rel}","templated":true}]}}