{"id":17642,"date":"2020-11-15T15:16:34","date_gmt":"2020-11-15T14:16:34","guid":{"rendered":"https:\/\/www.bazarbonino.com\/store\/?post_type=product&#038;p=17642"},"modified":"2020-11-15T15:39:05","modified_gmt":"2020-11-15T14:39:05","slug":"ugears-tugboat-mechanical-model-kit","status":"publish","type":"product","link":"https:\/\/www.bazarbonino.com\/store\/prodotto\/ugears-tugboat-mechanical-model-kit\/","title":{"rendered":"Ugears Tugboat Mechanical Model Kit"},"content":{"rendered":"<h5>KIT RIMORCHIATORE MECCANICA UGEARS<\/h5>\n<p>Ugears Tugboat Mechanical Model Kit <span class=\"VIiyi\" lang=\"it\"><span class=\"JLqJ4b\" data-language-for-alternatives=\"it\" data-language-to-translate-into=\"en\" data-phrase-index=\"0\">Come avrai notato, noi di Ugears amiamo il mare e i dispositivi marini ispirano la nostra creativit\u00e0. Se hai mai voluto solcare le onde libere verso la linea sfocata dove l&#8217;acqua si fonde con il cielo, avrai bisogno di questo nuovo dolce modello nautico per aiutarti a prepararti per te. <\/span><\/span><\/p>\n<p><span class=\"VIiyi\" lang=\"it\"><span class=\"JLqJ4b\" data-language-for-alternatives=\"it\" data-language-to-translate-into=\"en\" data-phrase-index=\"0\">L&#8217;idea alla base del rimorchiatore era quella di creare un meccanismo funzionale, ma con una certa spezia che lo rendesse allo stesso tempo concreto e interessante. E, naturalmente, doveva essere un tipo di trasporto marittimo. <\/span><\/span><\/p>\n<p><span class=\"VIiyi\" lang=\"it\"><span class=\"JLqJ4b\" data-language-for-alternatives=\"it\" data-language-to-translate-into=\"en\" data-phrase-index=\"0\">Ci piace pensare che molti di voi si divertano a guardare il funzionamento degli ingranaggi tanto quanto noi, ecco perch\u00e9 il corpo dettagliato del rimorchiatore \u00e8 progettato per esporre il bellissimo meccanismo in movimento. In questo modo potrai apprezzare appieno le principali caratteristiche tecniche che abbiamo implementato in questo modello. Il rimorchiatore \u00e8 azionato da un motore elastico alimentato dalla tensione della gomma collegata ad un cuscinetto. Il riduttore trasferisce l&#8217;energia alla ruota motrice e successivamente alla coppia di ruote asimmetriche. Il pendolo rallenta e uniforma il movimento del rimorchiatore.<\/span><\/span><\/p>\n<p><span class=\"VIiyi\" lang=\"it\"><span class=\"JLqJ4b\" data-language-for-alternatives=\"it\" data-language-to-translate-into=\"en\" data-phrase-index=\"0\">L&#8217;asimmetria della coppia di ruote conferisce al modello il suo modo di muoversi unico, imitando una barca che dondola sulle onde, mentre il pendolo di lavoro crea un rumore specifico simile a quello prodotto dal vero motore diesel di cui molte barche sono dotate.<\/span><\/span><\/p>\n<p><span class=\"VIiyi\" lang=\"it\"><span class=\"JLqJ4b\" data-language-for-alternatives=\"it\" data-language-to-translate-into=\"en\" data-phrase-index=\"0\"> La chiave di carica sulla ruota motrice \u00e8 bloccata da un cricchetto. Ci sono due leve di comando, una delle quali arresta il meccanismo e l&#8217;altra lo avvia: leva di arresto e avvio corrispondentemente. <\/span><\/span><\/p>\n<p><span class=\"VIiyi\" lang=\"it\"><span class=\"JLqJ4b\" data-language-for-alternatives=\"it\" data-language-to-translate-into=\"en\" data-phrase-index=\"0\">Usa due funi con ganci per agganciare e trasportare piccoli modelli con ruote o una barca di carta. Il tuo rimorchiatore correr\u00e0 da 1,5 a 3 metri a seconda del tipo di superficie. <\/span><\/span><\/p>\n<p><span class=\"VIiyi\" lang=\"it\"><span class=\"JLqJ4b\" data-language-for-alternatives=\"it\" data-language-to-translate-into=\"en\" data-phrase-index=\"0\">Il porto \u00e8 la porta del mare. Apri questo cancello, preparati per il tuo viaggio, sii il padrone del porto con il tuo nuovo dolce e affidabile rimorchiatore di Ugears.<\/span><\/span><\/p>\n<p><span class=\"VIiyi\" lang=\"it\"><span class=\"JLqJ4b\" data-language-for-alternatives=\"it\" data-language-to-translate-into=\"en\" data-phrase-index=\"0\">Il kit modello meccanico Ugears Tugboat \u00e8 composto da 169 parti in legno di alta qualit\u00e0 e ha tutto il necessario per il montaggio (inclusi filo, ganci e corde). La qualit\u00e0 delle parti \u00e8 di prim&#8217;ordine: un metodo laser viene utilizzato per tagliare oggetti da un pannello di compensato che fornisce tagli precisi. I dettagli devono essere estratti dalle tavole e assemblati per creare un modello completo. Come tutti gli altri modelli Ugears, il rimorchiatore viene fornito con istruzioni dettagliate, a colori, davvero facili da seguire in 11 lingue (inglese, tedesco, ucraino, francese, polacco, spagnolo, russo, giapponese, italiano, cinese e coreano ). Non richiede n\u00e9 colla n\u00e9 attrezzi speciali per essere completamente assemblato in un rimorchiatore funzionante.<\/span><\/span><\/p>\n<p><span class=\"VIiyi\" lang=\"it\"><span class=\"JLqJ4b\" data-language-for-alternatives=\"it\" data-language-to-translate-into=\"en\" data-phrase-index=\"0\"><strong>Dimensioni del modello:<\/strong> 28.5 x 12 x 18.5 cm.<\/span><\/span><\/p>\n<p><span class=\"VIiyi\" lang=\"it\"><span class=\"JLqJ4b\" data-language-for-alternatives=\"it\" data-language-to-translate-into=\"en\" data-phrase-index=\"0\"><strong>Formato del pacchetto:<\/strong> 37,8 x 17 x 3,2 cm<\/span><\/span><\/p>\n<p><span class=\"VIiyi\" lang=\"it\"><span class=\"JLqJ4b\" data-language-for-alternatives=\"it\" data-language-to-translate-into=\"en\" data-phrase-index=\"0\"><strong>Numero di componenti:<\/strong> 169 <\/span><\/span><\/p>\n<p><span class=\"VIiyi\" lang=\"it\"><span class=\"JLqJ4b\" data-language-for-alternatives=\"it\" data-language-to-translate-into=\"en\" data-phrase-index=\"0\"><strong>Tempo di montaggio stimato:<\/strong> 2.5 ore <\/span><\/span><\/p>\n<p><span class=\"VIiyi\" lang=\"it\"><span class=\"JLqJ4b\" data-language-for-alternatives=\"it\" data-language-to-translate-into=\"en\" data-phrase-index=\"0\"><strong>Livello:<\/strong> Medio<br \/>\n<\/span><\/span><\/p>\n","protected":false},"excerpt":{"rendered":"<p>KIT RIMORCHIATORE MECCANICA UGEARS Ugears Tugboat Mechanical Model Kit Come avrai notato, noi di Ugears amiamo il mare e i dispositivi marini ispirano la nostra creativit\u00e0. Se hai mai voluto solcare le onde libere verso la linea sfocata dove l&#8217;acqua si fonde con il cielo, avrai bisogno di questo nuovo dolce modello nautico per aiutarti [&hellip;]<\/p>\n","protected":false},"featured_media":17643,"comment_status":"closed","ping_status":"closed","template":"","meta":{"_et_pb_use_builder":"","_et_pb_old_content":"","_et_gb_content_width":""},"product_brand":[],"product_cat":[2351],"product_tag":[2360,2361],"class_list":{"0":"post-17642","1":"product","2":"type-product","3":"status-publish","4":"has-post-thumbnail","6":"product_cat-ugears-modellini-legno-meccanici","7":"product_tag-kit-rimorchiatore-meccanica-ugears","8":"product_tag-modellino-legno-ugears-rimorchiatore","10":"first","11":"instock","12":"sale","13":"taxable","14":"shipping-taxable","15":"purchasable","16":"product-type-simple"},"yoast_head":"<!-- This site is optimized with the Yoast SEO plugin v27.4 - https:\/\/yoast.com\/product\/yoast-seo-wordpress\/ -->\n<title>Ugears Tugboat Mechanical Model Kit - BazarBonino<\/title>\n<meta name=\"description\" content=\"Ugears Tugboat Mechanical Model Kit L&#039;idea alla base del rimorchiatore era quella di creare un meccanismo funzionale, ma con una certa spezia che lo rendesse...\" \/>\n<meta name=\"robots\" content=\"index, follow, max-snippet:-1, max-image-preview:large, max-video-preview:-1\" \/>\n<link rel=\"canonical\" href=\"https:\/\/www.bazarbonino.com\/store\/prodotto\/ugears-tugboat-mechanical-model-kit\/\" \/>\n<meta property=\"og:locale\" content=\"it_IT\" \/>\n<meta property=\"og:type\" content=\"article\" \/>\n<meta property=\"og:title\" content=\"Ugears Tugboat Mechanical Model Kit - BazarBonino\" \/>\n<meta property=\"og:description\" content=\"Ugears Tugboat Mechanical Model Kit L&#039;idea alla base del rimorchiatore era quella di creare un meccanismo funzionale, ma con una certa spezia che lo rendesse...\" \/>\n<meta property=\"og:url\" content=\"https:\/\/www.bazarbonino.com\/store\/prodotto\/ugears-tugboat-mechanical-model-kit\/\" \/>\n<meta property=\"og:site_name\" content=\"BazarBonino\" \/>\n<meta property=\"article:publisher\" content=\"https:\/\/www.facebook.com\/bazar.bonino\" \/>\n<meta property=\"article:modified_time\" content=\"2020-11-15T14:39:05+00:00\" \/>\n<meta property=\"og:image\" content=\"https:\/\/www.bazarbonino.com\/store\/wp-content\/uploads\/2020\/11\/Ugears-Tugboat-Mechanical-Model-Kit.jpg\" \/>\n\t<meta property=\"og:image:width\" content=\"1100\" \/>\n\t<meta property=\"og:image:height\" content=\"732\" \/>\n\t<meta property=\"og:image:type\" content=\"image\/jpeg\" \/>\n<meta name=\"twitter:card\" content=\"summary_large_image\" \/>\n<meta name=\"twitter:label1\" content=\"Tempo di lettura stimato\" \/>\n\t<meta name=\"twitter:data1\" content=\"2 minuti\" \/>\n<script type=\"application\/ld+json\" class=\"yoast-schema-graph\">{\"@context\":\"https:\\\/\\\/schema.org\",\"@graph\":[{\"@type\":\"WebPage\",\"@id\":\"https:\\\/\\\/www.bazarbonino.com\\\/store\\\/prodotto\\\/ugears-tugboat-mechanical-model-kit\\\/\",\"url\":\"https:\\\/\\\/www.bazarbonino.com\\\/store\\\/prodotto\\\/ugears-tugboat-mechanical-model-kit\\\/\",\"name\":\"Ugears Tugboat Mechanical Model Kit - BazarBonino\",\"isPartOf\":{\"@id\":\"https:\\\/\\\/www.bazarbonino.com\\\/store\\\/#website\"},\"primaryImageOfPage\":{\"@id\":\"https:\\\/\\\/www.bazarbonino.com\\\/store\\\/prodotto\\\/ugears-tugboat-mechanical-model-kit\\\/#primaryimage\"},\"image\":{\"@id\":\"https:\\\/\\\/www.bazarbonino.com\\\/store\\\/prodotto\\\/ugears-tugboat-mechanical-model-kit\\\/#primaryimage\"},\"thumbnailUrl\":\"https:\\\/\\\/www.bazarbonino.com\\\/store\\\/wp-content\\\/uploads\\\/2020\\\/11\\\/Ugears-Tugboat-Mechanical-Model-Kit.jpg\",\"datePublished\":\"2020-11-15T14:16:34+00:00\",\"dateModified\":\"2020-11-15T14:39:05+00:00\",\"description\":\"Ugears Tugboat Mechanical Model Kit L'idea alla base del rimorchiatore era quella di creare un meccanismo funzionale, ma con una certa spezia che lo rendesse...\",\"breadcrumb\":{\"@id\":\"https:\\\/\\\/www.bazarbonino.com\\\/store\\\/prodotto\\\/ugears-tugboat-mechanical-model-kit\\\/#breadcrumb\"},\"inLanguage\":\"it-IT\",\"potentialAction\":[{\"@type\":\"ReadAction\",\"target\":[\"https:\\\/\\\/www.bazarbonino.com\\\/store\\\/prodotto\\\/ugears-tugboat-mechanical-model-kit\\\/\"]}]},{\"@type\":\"ImageObject\",\"inLanguage\":\"it-IT\",\"@id\":\"https:\\\/\\\/www.bazarbonino.com\\\/store\\\/prodotto\\\/ugears-tugboat-mechanical-model-kit\\\/#primaryimage\",\"url\":\"https:\\\/\\\/www.bazarbonino.com\\\/store\\\/wp-content\\\/uploads\\\/2020\\\/11\\\/Ugears-Tugboat-Mechanical-Model-Kit.jpg\",\"contentUrl\":\"https:\\\/\\\/www.bazarbonino.com\\\/store\\\/wp-content\\\/uploads\\\/2020\\\/11\\\/Ugears-Tugboat-Mechanical-Model-Kit.jpg\",\"width\":1100,\"height\":732,\"caption\":\"Ugears Tugboat Mechanical Model Kit\"},{\"@type\":\"BreadcrumbList\",\"@id\":\"https:\\\/\\\/www.bazarbonino.com\\\/store\\\/prodotto\\\/ugears-tugboat-mechanical-model-kit\\\/#breadcrumb\",\"itemListElement\":[{\"@type\":\"ListItem\",\"position\":1,\"name\":\"Home\",\"item\":\"https:\\\/\\\/www.bazarbonino.com\\\/store\\\/\"},{\"@type\":\"ListItem\",\"position\":2,\"name\":\"Catalogo\",\"item\":\"https:\\\/\\\/www.bazarbonino.com\\\/store\\\/shop\\\/\"},{\"@type\":\"ListItem\",\"position\":3,\"name\":\"Ugears Tugboat Mechanical Model Kit\"}]},{\"@type\":\"WebSite\",\"@id\":\"https:\\\/\\\/www.bazarbonino.com\\\/store\\\/#website\",\"url\":\"https:\\\/\\\/www.bazarbonino.com\\\/store\\\/\",\"name\":\"BazarBonino\",\"description\":\"\",\"potentialAction\":[{\"@type\":\"SearchAction\",\"target\":{\"@type\":\"EntryPoint\",\"urlTemplate\":\"https:\\\/\\\/www.bazarbonino.com\\\/store\\\/?s={search_term_string}\"},\"query-input\":{\"@type\":\"PropertyValueSpecification\",\"valueRequired\":true,\"valueName\":\"search_term_string\"}}],\"inLanguage\":\"it-IT\"}]}<\/script>\n<!-- \/ Yoast SEO plugin. -->","yoast_head_json":{"title":"Ugears Tugboat Mechanical Model Kit - BazarBonino","description":"Ugears Tugboat Mechanical Model Kit L'idea alla base del rimorchiatore era quella di creare un meccanismo funzionale, ma con una certa spezia che lo rendesse...","robots":{"index":"index","follow":"follow","max-snippet":"max-snippet:-1","max-image-preview":"max-image-preview:large","max-video-preview":"max-video-preview:-1"},"canonical":"https:\/\/www.bazarbonino.com\/store\/prodotto\/ugears-tugboat-mechanical-model-kit\/","og_locale":"it_IT","og_type":"article","og_title":"Ugears Tugboat Mechanical Model Kit - BazarBonino","og_description":"Ugears Tugboat Mechanical Model Kit L'idea alla base del rimorchiatore era quella di creare un meccanismo funzionale, ma con una certa spezia che lo rendesse...","og_url":"https:\/\/www.bazarbonino.com\/store\/prodotto\/ugears-tugboat-mechanical-model-kit\/","og_site_name":"BazarBonino","article_publisher":"https:\/\/www.facebook.com\/bazar.bonino","article_modified_time":"2020-11-15T14:39:05+00:00","og_image":[{"width":1100,"height":732,"url":"https:\/\/www.bazarbonino.com\/store\/wp-content\/uploads\/2020\/11\/Ugears-Tugboat-Mechanical-Model-Kit.jpg","type":"image\/jpeg"}],"twitter_card":"summary_large_image","twitter_misc":{"Tempo di lettura stimato":"2 minuti"},"schema":{"@context":"https:\/\/schema.org","@graph":[{"@type":"WebPage","@id":"https:\/\/www.bazarbonino.com\/store\/prodotto\/ugears-tugboat-mechanical-model-kit\/","url":"https:\/\/www.bazarbonino.com\/store\/prodotto\/ugears-tugboat-mechanical-model-kit\/","name":"Ugears Tugboat Mechanical Model Kit - BazarBonino","isPartOf":{"@id":"https:\/\/www.bazarbonino.com\/store\/#website"},"primaryImageOfPage":{"@id":"https:\/\/www.bazarbonino.com\/store\/prodotto\/ugears-tugboat-mechanical-model-kit\/#primaryimage"},"image":{"@id":"https:\/\/www.bazarbonino.com\/store\/prodotto\/ugears-tugboat-mechanical-model-kit\/#primaryimage"},"thumbnailUrl":"https:\/\/www.bazarbonino.com\/store\/wp-content\/uploads\/2020\/11\/Ugears-Tugboat-Mechanical-Model-Kit.jpg","datePublished":"2020-11-15T14:16:34+00:00","dateModified":"2020-11-15T14:39:05+00:00","description":"Ugears Tugboat Mechanical Model Kit L'idea alla base del rimorchiatore era quella di creare un meccanismo funzionale, ma con una certa spezia che lo rendesse...","breadcrumb":{"@id":"https:\/\/www.bazarbonino.com\/store\/prodotto\/ugears-tugboat-mechanical-model-kit\/#breadcrumb"},"inLanguage":"it-IT","potentialAction":[{"@type":"ReadAction","target":["https:\/\/www.bazarbonino.com\/store\/prodotto\/ugears-tugboat-mechanical-model-kit\/"]}]},{"@type":"ImageObject","inLanguage":"it-IT","@id":"https:\/\/www.bazarbonino.com\/store\/prodotto\/ugears-tugboat-mechanical-model-kit\/#primaryimage","url":"https:\/\/www.bazarbonino.com\/store\/wp-content\/uploads\/2020\/11\/Ugears-Tugboat-Mechanical-Model-Kit.jpg","contentUrl":"https:\/\/www.bazarbonino.com\/store\/wp-content\/uploads\/2020\/11\/Ugears-Tugboat-Mechanical-Model-Kit.jpg","width":1100,"height":732,"caption":"Ugears Tugboat Mechanical Model Kit"},{"@type":"BreadcrumbList","@id":"https:\/\/www.bazarbonino.com\/store\/prodotto\/ugears-tugboat-mechanical-model-kit\/#breadcrumb","itemListElement":[{"@type":"ListItem","position":1,"name":"Home","item":"https:\/\/www.bazarbonino.com\/store\/"},{"@type":"ListItem","position":2,"name":"Catalogo","item":"https:\/\/www.bazarbonino.com\/store\/shop\/"},{"@type":"ListItem","position":3,"name":"Ugears Tugboat Mechanical Model Kit"}]},{"@type":"WebSite","@id":"https:\/\/www.bazarbonino.com\/store\/#website","url":"https:\/\/www.bazarbonino.com\/store\/","name":"BazarBonino","description":"","potentialAction":[{"@type":"SearchAction","target":{"@type":"EntryPoint","urlTemplate":"https:\/\/www.bazarbonino.com\/store\/?s={search_term_string}"},"query-input":{"@type":"PropertyValueSpecification","valueRequired":true,"valueName":"search_term_string"}}],"inLanguage":"it-IT"}]}},"_links":{"self":[{"href":"https:\/\/www.bazarbonino.com\/store\/wp-json\/wp\/v2\/product\/17642","targetHints":{"allow":["GET"]}}],"collection":[{"href":"https:\/\/www.bazarbonino.com\/store\/wp-json\/wp\/v2\/product"}],"about":[{"href":"https:\/\/www.bazarbonino.com\/store\/wp-json\/wp\/v2\/types\/product"}],"replies":[{"embeddable":true,"href":"https:\/\/www.bazarbonino.com\/store\/wp-json\/wp\/v2\/comments?post=17642"}],"wp:featuredmedia":[{"embeddable":true,"href":"https:\/\/www.bazarbonino.com\/store\/wp-json\/wp\/v2\/media\/17643"}],"wp:attachment":[{"href":"https:\/\/www.bazarbonino.com\/store\/wp-json\/wp\/v2\/media?parent=17642"}],"wp:term":[{"taxonomy":"product_brand","embeddable":true,"href":"https:\/\/www.bazarbonino.com\/store\/wp-json\/wp\/v2\/product_brand?post=17642"},{"taxonomy":"product_cat","embeddable":true,"href":"https:\/\/www.bazarbonino.com\/store\/wp-json\/wp\/v2\/product_cat?post=17642"},{"taxonomy":"product_tag","embeddable":true,"href":"https:\/\/www.bazarbonino.com\/store\/wp-json\/wp\/v2\/product_tag?post=17642"}],"curies":[{"name":"wp","href":"https:\/\/api.w.org\/{rel}","templated":true}]}}