{"id":17640,"date":"2020-11-15T15:03:26","date_gmt":"2020-11-15T14:03:26","guid":{"rendered":"https:\/\/www.bazarbonino.com\/store\/?post_type=product&#038;p=17640"},"modified":"2020-11-15T15:16:13","modified_gmt":"2020-11-15T14:16:13","slug":"ugears-stagecoach-mechanical-model-kit","status":"publish","type":"product","link":"https:\/\/www.bazarbonino.com\/store\/prodotto\/ugears-stagecoach-mechanical-model-kit\/","title":{"rendered":"Ugears Stagecoach Mechanical Model Kit"},"content":{"rendered":"<h5>KIT DILIGENZA MECCANICA UGEARS<\/h5>\n<p>Ugears Stagecoach Mechanical Model Kit <span class=\"VIiyi\" lang=\"it\"><span class=\"JLqJ4b\" data-language-for-alternatives=\"it\" data-language-to-translate-into=\"en\" data-phrase-index=\"0\">Senti il \u200b\u200bvento libero della frontiera tra i tuoi capelli, porta la tua famiglia in un viaggio elettrizzante nel selvaggio West con la bellissima diligenza meccanica di Ugears. <\/span><\/span><\/p>\n<p><span class=\"VIiyi\" lang=\"it\"><span class=\"JLqJ4b\" data-language-for-alternatives=\"it\" data-language-to-translate-into=\"en\" data-phrase-index=\"0\">Ugears introduce il leggendario vettore dalla fine del XVIII-XIX secolo, quando la diligenza divenne un mezzo di comunicazione comune e trasporto di passeggeri e piccole merci negli Stati Uniti. L&#8217;allenatore che consegnava lettere, pacchi e denaro \u00e8 diventato un attributo distintivo della cultura del selvaggio West, come rappresentato nei film e nelle storie. <\/span><\/span><\/p>\n<p><span class=\"VIiyi\" lang=\"it\"><span class=\"JLqJ4b\" data-language-for-alternatives=\"it\" data-language-to-translate-into=\"en\" data-phrase-index=\"0\">Nel creare la Stagecoach, Ugears intendeva disegnare un modello che sarebbe stato un piacere per i tuoi occhi e allo stesso tempo sarebbe stato in grado di affrontare le sfide del selvaggio West &#8211; se dovessi decidere di ricreare questo periodo romantico a casa con la tuo famiglia. Di conseguenza, la Stagecoach ha un telaio solido e ruote abbastanza robuste per giocare, e una cabina delicata che conferisce al modello un aspetto iconico di Ugears.<\/span><\/span><\/p>\n<p><span class=\"VIiyi\" lang=\"it\"><span class=\"JLqJ4b\" data-language-for-alternatives=\"it\" data-language-to-translate-into=\"en\" data-phrase-index=\"0\">Le porte della cabina si aprono per far entrare e uscire i passeggeri. Se desideri consegnare un messaggio alla tua famiglia, due casse di carico sul tetto della cabina ospiteranno comodamente la tua lettera. Nel caso in cui tuo figlio stia aspettando un pacco di dolci dalla periferia della civilt\u00e0 all&#8217;altro capo del tavolo, puoi anche usare la cabina o le casse della tua diligenza per consegnarli. Inoltre, le casse possono essere rimosse e sostituite con qualsiasi piccolo pacco di cui hai bisogno. <\/span><\/span><\/p>\n<p><span class=\"VIiyi\" lang=\"it\"><span class=\"JLqJ4b\" data-language-for-alternatives=\"it\" data-language-to-translate-into=\"en\" data-phrase-index=\"0\">La meccanica semplice e completa garantisce un montaggio veloce ma interessante che piacer\u00e0 a persone di qualsiasi et\u00e0. Invita tutta la tua famiglia a trascorrere del tempo insieme ricreando lo spirito del selvaggio West e approfondendo i legami tra di voi con questo entusiasmante gioco. <\/span><\/span><\/p>\n<p><span class=\"VIiyi\" lang=\"it\"><span class=\"JLqJ4b\" data-language-for-alternatives=\"it\" data-language-to-translate-into=\"en\" data-phrase-index=\"0\">La tua diligenza \u00e8 veloce e bastano pochi giri della chiave di avvolgimento per andare avanti. Blocca l&#8217;asse della ruota posteriore per assicurarti che il modello non scappi da te mentre lo stai avvolgendo. Quando tutti i pacchi saranno consegnati, le lettere inviate e il gioco sar\u00e0 finito, non vorrai pi\u00f9 mettere via la tua diligenza. I bellissimi dettagli sul lato della cabina, le delicate sculture combinate con curiosi elementi meccanici assicurano che il modello possa diventare una bella aggiunta originale a qualsiasi interno.<\/span><\/span><\/p>\n<p><span class=\"VIiyi\" lang=\"it\"><span class=\"JLqJ4b\" data-language-for-alternatives=\"it\" data-language-to-translate-into=\"en\" data-phrase-index=\"0\">Realizzato in compensato di alta qualit\u00e0 senza colla, il tuo puzzle porter\u00e0 ore di gioia a tutta la famiglia e ti render\u00e0 pi\u00f9 vicino che mai. Dicono che alcuni cowboy hanno troppa erba nel sangue per sistemarsi. Ma che il tuo cappello sia bianco o nero, \u00e8 ora di appenderlo a un piolo e goderti un po &#8216;di tempo in famiglia con la diligenza di Ugears.<\/span><\/span><\/p>\n<p><span class=\"VIiyi\" lang=\"it\"><span class=\"JLqJ4b\" data-language-for-alternatives=\"it\" data-language-to-translate-into=\"en\" data-phrase-index=\"0\"><strong>Dimensioni del modello:<\/strong> 40 x 12,5 x 16 cm.<\/span><\/span><\/p>\n<p><span class=\"VIiyi\" lang=\"it\"><span class=\"JLqJ4b\" data-language-for-alternatives=\"it\" data-language-to-translate-into=\"en\" data-phrase-index=\"0\"><strong>Formato del pacchetto:<\/strong> 37 x 17 x 2,7 cm<\/span><\/span><\/p>\n<p><span class=\"VIiyi\" lang=\"it\"><span class=\"JLqJ4b\" data-language-for-alternatives=\"it\" data-language-to-translate-into=\"en\" data-phrase-index=\"0\"><strong>Numero di componenti:<\/strong> 248 <\/span><\/span><\/p>\n<p><span class=\"VIiyi\" lang=\"it\"><span class=\"JLqJ4b\" data-language-for-alternatives=\"it\" data-language-to-translate-into=\"en\" data-phrase-index=\"0\"><strong>Tempo di montaggio stimato:<\/strong> 5 ore <\/span><\/span><\/p>\n<p><span class=\"VIiyi\" lang=\"it\"><span class=\"JLqJ4b\" data-language-for-alternatives=\"it\" data-language-to-translate-into=\"en\" data-phrase-index=\"0\"><strong>Livello:<\/strong> Medio<br \/>\n<\/span><\/span><\/p>\n","protected":false},"excerpt":{"rendered":"<p>KIT DILIGENZA MECCANICA UGEARS Ugears Stagecoach Mechanical Model Kit Senti il \u200b\u200bvento libero della frontiera tra i tuoi capelli, porta la tua famiglia in un viaggio elettrizzante nel selvaggio West con la bellissima diligenza meccanica di Ugears. Ugears introduce il leggendario vettore dalla fine del XVIII-XIX secolo, quando la diligenza divenne un mezzo di comunicazione [&hellip;]<\/p>\n","protected":false},"featured_media":17641,"comment_status":"closed","ping_status":"closed","template":"","meta":{"_et_pb_use_builder":"","_et_pb_old_content":"","_et_gb_content_width":""},"product_brand":[],"product_cat":[2351],"product_tag":[2358,2359],"class_list":{"0":"post-17640","1":"product","2":"type-product","3":"status-publish","4":"has-post-thumbnail","6":"product_cat-ugears-modellini-legno-meccanici","7":"product_tag-kit-diligenza-meccanica-ugears","8":"product_tag-modellino-legno-ugears-diligenza","10":"first","11":"instock","12":"sale","13":"taxable","14":"shipping-taxable","15":"purchasable","16":"product-type-simple"},"yoast_head":"<!-- This site is optimized with the Yoast SEO plugin v27.4 - https:\/\/yoast.com\/product\/yoast-seo-wordpress\/ -->\n<title>Ugears Stagecoach Mechanical Model Kit - BazarBonino<\/title>\n<meta name=\"description\" content=\"Ugears Stagecoach Mechanical Model Kit Nel crearla Ugears intendeva disegnare un modello che sarebbe stato un piacere per i tuoi occhi e allo stesso tempo...\" \/>\n<meta name=\"robots\" content=\"index, follow, max-snippet:-1, max-image-preview:large, max-video-preview:-1\" \/>\n<link rel=\"canonical\" href=\"https:\/\/www.bazarbonino.com\/store\/prodotto\/ugears-stagecoach-mechanical-model-kit\/\" \/>\n<meta property=\"og:locale\" content=\"it_IT\" \/>\n<meta property=\"og:type\" content=\"article\" \/>\n<meta property=\"og:title\" content=\"Ugears Stagecoach Mechanical Model Kit - BazarBonino\" \/>\n<meta property=\"og:description\" content=\"Ugears Stagecoach Mechanical Model Kit Nel crearla Ugears intendeva disegnare un modello che sarebbe stato un piacere per i tuoi occhi e allo stesso tempo...\" \/>\n<meta property=\"og:url\" content=\"https:\/\/www.bazarbonino.com\/store\/prodotto\/ugears-stagecoach-mechanical-model-kit\/\" \/>\n<meta property=\"og:site_name\" content=\"BazarBonino\" \/>\n<meta property=\"article:publisher\" content=\"https:\/\/www.facebook.com\/bazar.bonino\" \/>\n<meta property=\"article:modified_time\" content=\"2020-11-15T14:16:13+00:00\" \/>\n<meta property=\"og:image\" content=\"https:\/\/www.bazarbonino.com\/store\/wp-content\/uploads\/2020\/11\/Ugears-Stagecoach-Mechanical-Model-Kit.jpg\" \/>\n\t<meta property=\"og:image:width\" content=\"1000\" \/>\n\t<meta property=\"og:image:height\" content=\"665\" \/>\n\t<meta property=\"og:image:type\" content=\"image\/jpeg\" \/>\n<meta name=\"twitter:card\" content=\"summary_large_image\" \/>\n<meta name=\"twitter:label1\" content=\"Tempo di lettura stimato\" \/>\n\t<meta name=\"twitter:data1\" content=\"2 minuti\" \/>\n<script type=\"application\/ld+json\" class=\"yoast-schema-graph\">{\"@context\":\"https:\\\/\\\/schema.org\",\"@graph\":[{\"@type\":\"WebPage\",\"@id\":\"https:\\\/\\\/www.bazarbonino.com\\\/store\\\/prodotto\\\/ugears-stagecoach-mechanical-model-kit\\\/\",\"url\":\"https:\\\/\\\/www.bazarbonino.com\\\/store\\\/prodotto\\\/ugears-stagecoach-mechanical-model-kit\\\/\",\"name\":\"Ugears Stagecoach Mechanical Model Kit - BazarBonino\",\"isPartOf\":{\"@id\":\"https:\\\/\\\/www.bazarbonino.com\\\/store\\\/#website\"},\"primaryImageOfPage\":{\"@id\":\"https:\\\/\\\/www.bazarbonino.com\\\/store\\\/prodotto\\\/ugears-stagecoach-mechanical-model-kit\\\/#primaryimage\"},\"image\":{\"@id\":\"https:\\\/\\\/www.bazarbonino.com\\\/store\\\/prodotto\\\/ugears-stagecoach-mechanical-model-kit\\\/#primaryimage\"},\"thumbnailUrl\":\"https:\\\/\\\/www.bazarbonino.com\\\/store\\\/wp-content\\\/uploads\\\/2020\\\/11\\\/Ugears-Stagecoach-Mechanical-Model-Kit.jpg\",\"datePublished\":\"2020-11-15T14:03:26+00:00\",\"dateModified\":\"2020-11-15T14:16:13+00:00\",\"description\":\"Ugears Stagecoach Mechanical Model Kit Nel crearla Ugears intendeva disegnare un modello che sarebbe stato un piacere per i tuoi occhi e allo stesso tempo...\",\"breadcrumb\":{\"@id\":\"https:\\\/\\\/www.bazarbonino.com\\\/store\\\/prodotto\\\/ugears-stagecoach-mechanical-model-kit\\\/#breadcrumb\"},\"inLanguage\":\"it-IT\",\"potentialAction\":[{\"@type\":\"ReadAction\",\"target\":[\"https:\\\/\\\/www.bazarbonino.com\\\/store\\\/prodotto\\\/ugears-stagecoach-mechanical-model-kit\\\/\"]}]},{\"@type\":\"ImageObject\",\"inLanguage\":\"it-IT\",\"@id\":\"https:\\\/\\\/www.bazarbonino.com\\\/store\\\/prodotto\\\/ugears-stagecoach-mechanical-model-kit\\\/#primaryimage\",\"url\":\"https:\\\/\\\/www.bazarbonino.com\\\/store\\\/wp-content\\\/uploads\\\/2020\\\/11\\\/Ugears-Stagecoach-Mechanical-Model-Kit.jpg\",\"contentUrl\":\"https:\\\/\\\/www.bazarbonino.com\\\/store\\\/wp-content\\\/uploads\\\/2020\\\/11\\\/Ugears-Stagecoach-Mechanical-Model-Kit.jpg\",\"width\":1000,\"height\":665,\"caption\":\"Ugears Stagecoach Mechanical Model Kit\"},{\"@type\":\"BreadcrumbList\",\"@id\":\"https:\\\/\\\/www.bazarbonino.com\\\/store\\\/prodotto\\\/ugears-stagecoach-mechanical-model-kit\\\/#breadcrumb\",\"itemListElement\":[{\"@type\":\"ListItem\",\"position\":1,\"name\":\"Home\",\"item\":\"https:\\\/\\\/www.bazarbonino.com\\\/store\\\/\"},{\"@type\":\"ListItem\",\"position\":2,\"name\":\"Catalogo\",\"item\":\"https:\\\/\\\/www.bazarbonino.com\\\/store\\\/shop\\\/\"},{\"@type\":\"ListItem\",\"position\":3,\"name\":\"Ugears Stagecoach Mechanical Model Kit\"}]},{\"@type\":\"WebSite\",\"@id\":\"https:\\\/\\\/www.bazarbonino.com\\\/store\\\/#website\",\"url\":\"https:\\\/\\\/www.bazarbonino.com\\\/store\\\/\",\"name\":\"BazarBonino\",\"description\":\"\",\"potentialAction\":[{\"@type\":\"SearchAction\",\"target\":{\"@type\":\"EntryPoint\",\"urlTemplate\":\"https:\\\/\\\/www.bazarbonino.com\\\/store\\\/?s={search_term_string}\"},\"query-input\":{\"@type\":\"PropertyValueSpecification\",\"valueRequired\":true,\"valueName\":\"search_term_string\"}}],\"inLanguage\":\"it-IT\"}]}<\/script>\n<!-- \/ Yoast SEO plugin. -->","yoast_head_json":{"title":"Ugears Stagecoach Mechanical Model Kit - BazarBonino","description":"Ugears Stagecoach Mechanical Model Kit Nel crearla Ugears intendeva disegnare un modello che sarebbe stato un piacere per i tuoi occhi e allo stesso tempo...","robots":{"index":"index","follow":"follow","max-snippet":"max-snippet:-1","max-image-preview":"max-image-preview:large","max-video-preview":"max-video-preview:-1"},"canonical":"https:\/\/www.bazarbonino.com\/store\/prodotto\/ugears-stagecoach-mechanical-model-kit\/","og_locale":"it_IT","og_type":"article","og_title":"Ugears Stagecoach Mechanical Model Kit - BazarBonino","og_description":"Ugears Stagecoach Mechanical Model Kit Nel crearla Ugears intendeva disegnare un modello che sarebbe stato un piacere per i tuoi occhi e allo stesso tempo...","og_url":"https:\/\/www.bazarbonino.com\/store\/prodotto\/ugears-stagecoach-mechanical-model-kit\/","og_site_name":"BazarBonino","article_publisher":"https:\/\/www.facebook.com\/bazar.bonino","article_modified_time":"2020-11-15T14:16:13+00:00","og_image":[{"width":1000,"height":665,"url":"https:\/\/www.bazarbonino.com\/store\/wp-content\/uploads\/2020\/11\/Ugears-Stagecoach-Mechanical-Model-Kit.jpg","type":"image\/jpeg"}],"twitter_card":"summary_large_image","twitter_misc":{"Tempo di lettura stimato":"2 minuti"},"schema":{"@context":"https:\/\/schema.org","@graph":[{"@type":"WebPage","@id":"https:\/\/www.bazarbonino.com\/store\/prodotto\/ugears-stagecoach-mechanical-model-kit\/","url":"https:\/\/www.bazarbonino.com\/store\/prodotto\/ugears-stagecoach-mechanical-model-kit\/","name":"Ugears Stagecoach Mechanical Model Kit - BazarBonino","isPartOf":{"@id":"https:\/\/www.bazarbonino.com\/store\/#website"},"primaryImageOfPage":{"@id":"https:\/\/www.bazarbonino.com\/store\/prodotto\/ugears-stagecoach-mechanical-model-kit\/#primaryimage"},"image":{"@id":"https:\/\/www.bazarbonino.com\/store\/prodotto\/ugears-stagecoach-mechanical-model-kit\/#primaryimage"},"thumbnailUrl":"https:\/\/www.bazarbonino.com\/store\/wp-content\/uploads\/2020\/11\/Ugears-Stagecoach-Mechanical-Model-Kit.jpg","datePublished":"2020-11-15T14:03:26+00:00","dateModified":"2020-11-15T14:16:13+00:00","description":"Ugears Stagecoach Mechanical Model Kit Nel crearla Ugears intendeva disegnare un modello che sarebbe stato un piacere per i tuoi occhi e allo stesso tempo...","breadcrumb":{"@id":"https:\/\/www.bazarbonino.com\/store\/prodotto\/ugears-stagecoach-mechanical-model-kit\/#breadcrumb"},"inLanguage":"it-IT","potentialAction":[{"@type":"ReadAction","target":["https:\/\/www.bazarbonino.com\/store\/prodotto\/ugears-stagecoach-mechanical-model-kit\/"]}]},{"@type":"ImageObject","inLanguage":"it-IT","@id":"https:\/\/www.bazarbonino.com\/store\/prodotto\/ugears-stagecoach-mechanical-model-kit\/#primaryimage","url":"https:\/\/www.bazarbonino.com\/store\/wp-content\/uploads\/2020\/11\/Ugears-Stagecoach-Mechanical-Model-Kit.jpg","contentUrl":"https:\/\/www.bazarbonino.com\/store\/wp-content\/uploads\/2020\/11\/Ugears-Stagecoach-Mechanical-Model-Kit.jpg","width":1000,"height":665,"caption":"Ugears Stagecoach Mechanical Model Kit"},{"@type":"BreadcrumbList","@id":"https:\/\/www.bazarbonino.com\/store\/prodotto\/ugears-stagecoach-mechanical-model-kit\/#breadcrumb","itemListElement":[{"@type":"ListItem","position":1,"name":"Home","item":"https:\/\/www.bazarbonino.com\/store\/"},{"@type":"ListItem","position":2,"name":"Catalogo","item":"https:\/\/www.bazarbonino.com\/store\/shop\/"},{"@type":"ListItem","position":3,"name":"Ugears Stagecoach Mechanical Model Kit"}]},{"@type":"WebSite","@id":"https:\/\/www.bazarbonino.com\/store\/#website","url":"https:\/\/www.bazarbonino.com\/store\/","name":"BazarBonino","description":"","potentialAction":[{"@type":"SearchAction","target":{"@type":"EntryPoint","urlTemplate":"https:\/\/www.bazarbonino.com\/store\/?s={search_term_string}"},"query-input":{"@type":"PropertyValueSpecification","valueRequired":true,"valueName":"search_term_string"}}],"inLanguage":"it-IT"}]}},"_links":{"self":[{"href":"https:\/\/www.bazarbonino.com\/store\/wp-json\/wp\/v2\/product\/17640","targetHints":{"allow":["GET"]}}],"collection":[{"href":"https:\/\/www.bazarbonino.com\/store\/wp-json\/wp\/v2\/product"}],"about":[{"href":"https:\/\/www.bazarbonino.com\/store\/wp-json\/wp\/v2\/types\/product"}],"replies":[{"embeddable":true,"href":"https:\/\/www.bazarbonino.com\/store\/wp-json\/wp\/v2\/comments?post=17640"}],"wp:featuredmedia":[{"embeddable":true,"href":"https:\/\/www.bazarbonino.com\/store\/wp-json\/wp\/v2\/media\/17641"}],"wp:attachment":[{"href":"https:\/\/www.bazarbonino.com\/store\/wp-json\/wp\/v2\/media?parent=17640"}],"wp:term":[{"taxonomy":"product_brand","embeddable":true,"href":"https:\/\/www.bazarbonino.com\/store\/wp-json\/wp\/v2\/product_brand?post=17640"},{"taxonomy":"product_cat","embeddable":true,"href":"https:\/\/www.bazarbonino.com\/store\/wp-json\/wp\/v2\/product_cat?post=17640"},{"taxonomy":"product_tag","embeddable":true,"href":"https:\/\/www.bazarbonino.com\/store\/wp-json\/wp\/v2\/product_tag?post=17640"}],"curies":[{"name":"wp","href":"https:\/\/api.w.org\/{rel}","templated":true}]}}