{"id":17638,"date":"2020-11-15T14:37:18","date_gmt":"2020-11-15T13:37:18","guid":{"rendered":"https:\/\/www.bazarbonino.com\/store\/?post_type=product&#038;p=17638"},"modified":"2020-11-15T15:01:50","modified_gmt":"2020-11-15T14:01:50","slug":"ugears-butterfly-mechanical-model-kit","status":"publish","type":"product","link":"https:\/\/www.bazarbonino.com\/store\/prodotto\/ugears-butterfly-mechanical-model-kit\/","title":{"rendered":"Ugears Butterfly Mechanical Model Kit"},"content":{"rendered":"<h5>KIT FARFALLA MECCANICA UGEARS<\/h5>\n<p>Ugears Butterfly Mechanical Model Kit <span class=\"VIiyi\" lang=\"it\"><span class=\"JLqJ4b\" data-language-for-alternatives=\"it\" data-language-to-translate-into=\"en\" data-phrase-index=\"0\">Affascinato dalla sinergia unica tra natura e meccanica, Ugears continua ad esplorare il fantastico mondo degli automi e presenta il suo ultimo animale domestico meccanico, il modello Butterfly. <\/span><\/span><\/p>\n<p><span class=\"VIiyi\" lang=\"it\"><span class=\"JLqJ4b\" data-language-for-alternatives=\"it\" data-language-to-translate-into=\"en\" data-phrase-index=\"0\">La farfalla non \u00e8 un modello statico di supporto, ma una scultura cinetica animata. Ciascuno dei suoi dettagli \u00e8 progettato per assicurarsi che si adatti al proprio posto e svolga il proprio ruolo nel funzionamento di questo eccezionale meccanismo. Dotato di un motore ad elastico, l&#8217;automa meccanico si muove imitando il battito di una farfalla senza alimentazione esterna o batterie. <\/span><\/span><\/p>\n<p><span class=\"VIiyi\" lang=\"it\"><span class=\"JLqJ4b\" data-language-for-alternatives=\"it\" data-language-to-translate-into=\"en\" data-phrase-index=\"0\">Come per ogni modello della famiglia Ugears, The Butterfly non richiede colla o strumenti aggiuntivi per il montaggio. Costruirai il tuo nuovo modello con dettagli gi\u00e0 pronti che vengono pretagliati con precisione in assi di compensato naturale di alta qualit\u00e0. Leggermente spinti, i dettagli saltano facilmente fuori dal tabellone.<\/span><\/span><\/p>\n<p><span class=\"VIiyi\" lang=\"it\"><span class=\"JLqJ4b\" data-language-for-alternatives=\"it\" data-language-to-translate-into=\"en\" data-phrase-index=\"0\">L&#8217;assemblaggio \u00e8 costruito per blocchi: inizialmente i dettagli devono essere assemblati per formare blocchi pi\u00f9 piccoli che a loro volta andranno a comporre l&#8217;intero modello. Il processo di assemblaggio \u00e8 descritto in un esauriente manuale di istruzioni passo passo con dettagliate illustrazioni a colori, in 11 lingue (inglese, tedesco, francese, polacco, spagnolo, ucraino, russo, giapponese, italiano, cinese e coreano). La dimensione del modello assemblato \u00e8 di 290 \u0445 550 \u0445 400 mm. Il set include 161 dettagli. <\/span><\/span><\/p>\n<p><span class=\"VIiyi\" lang=\"it\"><span class=\"JLqJ4b\" data-language-for-alternatives=\"it\" data-language-to-translate-into=\"en\" data-phrase-index=\"0\">Le delicate ali di The Butterfly sono realizzate in carta artigianale. Le ali inferiori cambiano il loro angolo di inclinazione quando il modello \u00e8 in funzione per garantire che i movimenti dell&#8217;automa assomiglino a quelli di una vera farfalla. Due paia anteriori delle sue zampe si muovono mentre le ali svolazzano. Le due gambe posteriori sono utilizzate come leve di lancio \/ arresto del motore elastico. La tua farfalla viene fornita con due set di ali: una colorata e una meno brillante, beige, che puoi dipingere come preferisci. <\/span><\/span><\/p>\n<p><span class=\"VIiyi\" lang=\"it\"><span class=\"JLqJ4b\" data-language-for-alternatives=\"it\" data-language-to-translate-into=\"en\" data-phrase-index=\"0\">La farfalla si trova su una piattaforma a forma di fiore. Il supporto elastico fa rimbalzare leggermente il modello, rendendo i suoi movimenti pi\u00f9 realistici in modo che La Farfalla balli e svolazzi nell&#8217;aria avvicinandosi al fiore.<\/span><\/span><\/p>\n<p><span class=\"VIiyi\" lang=\"it\"><span class=\"JLqJ4b\" data-language-for-alternatives=\"it\" data-language-to-translate-into=\"en\" data-phrase-index=\"0\">Ugears si impegna a condividere la sua conoscenza e passione per i meccanismi intelligenti con bambini e adulti, bambini e genitori. Vogliamo che il complesso e bellissimo mondo della meccanica diventi pi\u00f9 vicino e pi\u00f9 completo. Questo \u00e8 il motivo per cui il corpo di The Butterfly \u00e8 progettato in uno stile scheletro. Ci\u00f2 consente di vedere il funzionamento di ingranaggi e blocchi all&#8217;interno e di capire come funziona il meccanismo. <\/span><\/span><\/p>\n<p><span class=\"VIiyi\" lang=\"it\"><span class=\"JLqJ4b\" data-language-for-alternatives=\"it\" data-language-to-translate-into=\"en\" data-phrase-index=\"0\">Questo modello interessante e attraente \u00e8 divertente da montare, studiare e giocare. Pu\u00f2 essere un regalo meraviglioso per un amico, un collega o un familiare. Il delicato design iconico di Ugears garantisce che il tuo nuovo modello avr\u00e0 un aspetto magnifico in qualsiasi casa o ufficio.<\/span><\/span><\/p>\n<p><span class=\"VIiyi\" lang=\"it\"><span class=\"JLqJ4b\" data-language-for-alternatives=\"it\" data-language-to-translate-into=\"en\" data-phrase-index=\"0\"><strong>Dimensioni del modello:<\/strong> 29 x 55 x 40 cm.<\/span><\/span><\/p>\n<p><span class=\"VIiyi\" lang=\"it\"><span class=\"JLqJ4b\" data-language-for-alternatives=\"it\" data-language-to-translate-into=\"en\" data-phrase-index=\"0\"><strong>Formato del pacchetto:<\/strong> 37 x 17 x 3 cm<\/span><\/span><\/p>\n<p><span class=\"VIiyi\" lang=\"it\"><span class=\"JLqJ4b\" data-language-for-alternatives=\"it\" data-language-to-translate-into=\"en\" data-phrase-index=\"0\"><strong>Numero di componenti:<\/strong> 161 <\/span><\/span><\/p>\n<p><span class=\"VIiyi\" lang=\"it\"><span class=\"JLqJ4b\" data-language-for-alternatives=\"it\" data-language-to-translate-into=\"en\" data-phrase-index=\"0\"><strong>Tempo di montaggio stimato:<\/strong> 2 ore <\/span><\/span><\/p>\n<p><span class=\"VIiyi\" lang=\"it\"><span class=\"JLqJ4b\" data-language-for-alternatives=\"it\" data-language-to-translate-into=\"en\" data-phrase-index=\"0\"><strong>Livello:<\/strong> Medio<br \/>\n<\/span><\/span><\/p>\n","protected":false},"excerpt":{"rendered":"<p>KIT FARFALLA MECCANICA UGEARS Ugears Butterfly Mechanical Model Kit Affascinato dalla sinergia unica tra natura e meccanica, Ugears continua ad esplorare il fantastico mondo degli automi e presenta il suo ultimo animale domestico meccanico, il modello Butterfly. La farfalla non \u00e8 un modello statico di supporto, ma una scultura cinetica animata. Ciascuno dei suoi dettagli [&hellip;]<\/p>\n","protected":false},"featured_media":17639,"comment_status":"closed","ping_status":"closed","template":"","meta":{"_et_pb_use_builder":"","_et_pb_old_content":"","_et_gb_content_width":""},"product_brand":[],"product_cat":[2351],"product_tag":[2356,2357],"class_list":{"0":"post-17638","1":"product","2":"type-product","3":"status-publish","4":"has-post-thumbnail","6":"product_cat-ugears-modellini-legno-meccanici","7":"product_tag-kit-farfalla-meccanica-ugears","8":"product_tag-modellino-legno-ugears-farfalla","10":"first","11":"instock","12":"sale","13":"taxable","14":"shipping-taxable","15":"purchasable","16":"product-type-simple"},"yoast_head":"<!-- This site is optimized with the Yoast SEO plugin v27.4 - https:\/\/yoast.com\/product\/yoast-seo-wordpress\/ -->\n<title>Ugears Butterfly Mechanical Model Kit - BazarBonino<\/title>\n<meta name=\"description\" content=\"Ugears Butterfly Mechanical Model Kit Affascinato dalla sinergia unica tra natura e meccanica, Ugears continua ad esplorare il fantastico mondo degli automi...\" \/>\n<meta name=\"robots\" content=\"index, follow, max-snippet:-1, max-image-preview:large, max-video-preview:-1\" \/>\n<link rel=\"canonical\" href=\"https:\/\/www.bazarbonino.com\/store\/prodotto\/ugears-butterfly-mechanical-model-kit\/\" \/>\n<meta property=\"og:locale\" content=\"it_IT\" \/>\n<meta property=\"og:type\" content=\"article\" \/>\n<meta property=\"og:title\" content=\"Ugears Butterfly Mechanical Model Kit - BazarBonino\" \/>\n<meta property=\"og:description\" content=\"Ugears Butterfly Mechanical Model Kit Affascinato dalla sinergia unica tra natura e meccanica, Ugears continua ad esplorare il fantastico mondo degli automi...\" \/>\n<meta property=\"og:url\" content=\"https:\/\/www.bazarbonino.com\/store\/prodotto\/ugears-butterfly-mechanical-model-kit\/\" \/>\n<meta property=\"og:site_name\" content=\"BazarBonino\" \/>\n<meta property=\"article:publisher\" content=\"https:\/\/www.facebook.com\/bazar.bonino\" \/>\n<meta property=\"article:modified_time\" content=\"2020-11-15T14:01:50+00:00\" \/>\n<meta property=\"og:image\" content=\"https:\/\/www.bazarbonino.com\/store\/wp-content\/uploads\/2020\/11\/Ugears-Butterfly-Mechanical-Model-Kit.jpg\" \/>\n\t<meta property=\"og:image:width\" content=\"1100\" \/>\n\t<meta property=\"og:image:height\" content=\"730\" \/>\n\t<meta property=\"og:image:type\" content=\"image\/jpeg\" \/>\n<meta name=\"twitter:card\" content=\"summary_large_image\" \/>\n<meta name=\"twitter:label1\" content=\"Tempo di lettura stimato\" \/>\n\t<meta name=\"twitter:data1\" content=\"2 minuti\" \/>\n<script type=\"application\/ld+json\" class=\"yoast-schema-graph\">{\"@context\":\"https:\\\/\\\/schema.org\",\"@graph\":[{\"@type\":\"WebPage\",\"@id\":\"https:\\\/\\\/www.bazarbonino.com\\\/store\\\/prodotto\\\/ugears-butterfly-mechanical-model-kit\\\/\",\"url\":\"https:\\\/\\\/www.bazarbonino.com\\\/store\\\/prodotto\\\/ugears-butterfly-mechanical-model-kit\\\/\",\"name\":\"Ugears Butterfly Mechanical Model Kit - BazarBonino\",\"isPartOf\":{\"@id\":\"https:\\\/\\\/www.bazarbonino.com\\\/store\\\/#website\"},\"primaryImageOfPage\":{\"@id\":\"https:\\\/\\\/www.bazarbonino.com\\\/store\\\/prodotto\\\/ugears-butterfly-mechanical-model-kit\\\/#primaryimage\"},\"image\":{\"@id\":\"https:\\\/\\\/www.bazarbonino.com\\\/store\\\/prodotto\\\/ugears-butterfly-mechanical-model-kit\\\/#primaryimage\"},\"thumbnailUrl\":\"https:\\\/\\\/www.bazarbonino.com\\\/store\\\/wp-content\\\/uploads\\\/2020\\\/11\\\/Ugears-Butterfly-Mechanical-Model-Kit.jpg\",\"datePublished\":\"2020-11-15T13:37:18+00:00\",\"dateModified\":\"2020-11-15T14:01:50+00:00\",\"description\":\"Ugears Butterfly Mechanical Model Kit Affascinato dalla sinergia unica tra natura e meccanica, Ugears continua ad esplorare il fantastico mondo degli automi...\",\"breadcrumb\":{\"@id\":\"https:\\\/\\\/www.bazarbonino.com\\\/store\\\/prodotto\\\/ugears-butterfly-mechanical-model-kit\\\/#breadcrumb\"},\"inLanguage\":\"it-IT\",\"potentialAction\":[{\"@type\":\"ReadAction\",\"target\":[\"https:\\\/\\\/www.bazarbonino.com\\\/store\\\/prodotto\\\/ugears-butterfly-mechanical-model-kit\\\/\"]}]},{\"@type\":\"ImageObject\",\"inLanguage\":\"it-IT\",\"@id\":\"https:\\\/\\\/www.bazarbonino.com\\\/store\\\/prodotto\\\/ugears-butterfly-mechanical-model-kit\\\/#primaryimage\",\"url\":\"https:\\\/\\\/www.bazarbonino.com\\\/store\\\/wp-content\\\/uploads\\\/2020\\\/11\\\/Ugears-Butterfly-Mechanical-Model-Kit.jpg\",\"contentUrl\":\"https:\\\/\\\/www.bazarbonino.com\\\/store\\\/wp-content\\\/uploads\\\/2020\\\/11\\\/Ugears-Butterfly-Mechanical-Model-Kit.jpg\",\"width\":1100,\"height\":730,\"caption\":\"Ugears Butterfly Mechanical Model Kit\"},{\"@type\":\"BreadcrumbList\",\"@id\":\"https:\\\/\\\/www.bazarbonino.com\\\/store\\\/prodotto\\\/ugears-butterfly-mechanical-model-kit\\\/#breadcrumb\",\"itemListElement\":[{\"@type\":\"ListItem\",\"position\":1,\"name\":\"Home\",\"item\":\"https:\\\/\\\/www.bazarbonino.com\\\/store\\\/\"},{\"@type\":\"ListItem\",\"position\":2,\"name\":\"Catalogo\",\"item\":\"https:\\\/\\\/www.bazarbonino.com\\\/store\\\/shop\\\/\"},{\"@type\":\"ListItem\",\"position\":3,\"name\":\"Ugears Butterfly Mechanical Model Kit\"}]},{\"@type\":\"WebSite\",\"@id\":\"https:\\\/\\\/www.bazarbonino.com\\\/store\\\/#website\",\"url\":\"https:\\\/\\\/www.bazarbonino.com\\\/store\\\/\",\"name\":\"BazarBonino\",\"description\":\"\",\"potentialAction\":[{\"@type\":\"SearchAction\",\"target\":{\"@type\":\"EntryPoint\",\"urlTemplate\":\"https:\\\/\\\/www.bazarbonino.com\\\/store\\\/?s={search_term_string}\"},\"query-input\":{\"@type\":\"PropertyValueSpecification\",\"valueRequired\":true,\"valueName\":\"search_term_string\"}}],\"inLanguage\":\"it-IT\"}]}<\/script>\n<!-- \/ Yoast SEO plugin. -->","yoast_head_json":{"title":"Ugears Butterfly Mechanical Model Kit - BazarBonino","description":"Ugears Butterfly Mechanical Model Kit Affascinato dalla sinergia unica tra natura e meccanica, Ugears continua ad esplorare il fantastico mondo degli automi...","robots":{"index":"index","follow":"follow","max-snippet":"max-snippet:-1","max-image-preview":"max-image-preview:large","max-video-preview":"max-video-preview:-1"},"canonical":"https:\/\/www.bazarbonino.com\/store\/prodotto\/ugears-butterfly-mechanical-model-kit\/","og_locale":"it_IT","og_type":"article","og_title":"Ugears Butterfly Mechanical Model Kit - BazarBonino","og_description":"Ugears Butterfly Mechanical Model Kit Affascinato dalla sinergia unica tra natura e meccanica, Ugears continua ad esplorare il fantastico mondo degli automi...","og_url":"https:\/\/www.bazarbonino.com\/store\/prodotto\/ugears-butterfly-mechanical-model-kit\/","og_site_name":"BazarBonino","article_publisher":"https:\/\/www.facebook.com\/bazar.bonino","article_modified_time":"2020-11-15T14:01:50+00:00","og_image":[{"width":1100,"height":730,"url":"https:\/\/www.bazarbonino.com\/store\/wp-content\/uploads\/2020\/11\/Ugears-Butterfly-Mechanical-Model-Kit.jpg","type":"image\/jpeg"}],"twitter_card":"summary_large_image","twitter_misc":{"Tempo di lettura stimato":"2 minuti"},"schema":{"@context":"https:\/\/schema.org","@graph":[{"@type":"WebPage","@id":"https:\/\/www.bazarbonino.com\/store\/prodotto\/ugears-butterfly-mechanical-model-kit\/","url":"https:\/\/www.bazarbonino.com\/store\/prodotto\/ugears-butterfly-mechanical-model-kit\/","name":"Ugears Butterfly Mechanical Model Kit - BazarBonino","isPartOf":{"@id":"https:\/\/www.bazarbonino.com\/store\/#website"},"primaryImageOfPage":{"@id":"https:\/\/www.bazarbonino.com\/store\/prodotto\/ugears-butterfly-mechanical-model-kit\/#primaryimage"},"image":{"@id":"https:\/\/www.bazarbonino.com\/store\/prodotto\/ugears-butterfly-mechanical-model-kit\/#primaryimage"},"thumbnailUrl":"https:\/\/www.bazarbonino.com\/store\/wp-content\/uploads\/2020\/11\/Ugears-Butterfly-Mechanical-Model-Kit.jpg","datePublished":"2020-11-15T13:37:18+00:00","dateModified":"2020-11-15T14:01:50+00:00","description":"Ugears Butterfly Mechanical Model Kit Affascinato dalla sinergia unica tra natura e meccanica, Ugears continua ad esplorare il fantastico mondo degli automi...","breadcrumb":{"@id":"https:\/\/www.bazarbonino.com\/store\/prodotto\/ugears-butterfly-mechanical-model-kit\/#breadcrumb"},"inLanguage":"it-IT","potentialAction":[{"@type":"ReadAction","target":["https:\/\/www.bazarbonino.com\/store\/prodotto\/ugears-butterfly-mechanical-model-kit\/"]}]},{"@type":"ImageObject","inLanguage":"it-IT","@id":"https:\/\/www.bazarbonino.com\/store\/prodotto\/ugears-butterfly-mechanical-model-kit\/#primaryimage","url":"https:\/\/www.bazarbonino.com\/store\/wp-content\/uploads\/2020\/11\/Ugears-Butterfly-Mechanical-Model-Kit.jpg","contentUrl":"https:\/\/www.bazarbonino.com\/store\/wp-content\/uploads\/2020\/11\/Ugears-Butterfly-Mechanical-Model-Kit.jpg","width":1100,"height":730,"caption":"Ugears Butterfly Mechanical Model Kit"},{"@type":"BreadcrumbList","@id":"https:\/\/www.bazarbonino.com\/store\/prodotto\/ugears-butterfly-mechanical-model-kit\/#breadcrumb","itemListElement":[{"@type":"ListItem","position":1,"name":"Home","item":"https:\/\/www.bazarbonino.com\/store\/"},{"@type":"ListItem","position":2,"name":"Catalogo","item":"https:\/\/www.bazarbonino.com\/store\/shop\/"},{"@type":"ListItem","position":3,"name":"Ugears Butterfly Mechanical Model Kit"}]},{"@type":"WebSite","@id":"https:\/\/www.bazarbonino.com\/store\/#website","url":"https:\/\/www.bazarbonino.com\/store\/","name":"BazarBonino","description":"","potentialAction":[{"@type":"SearchAction","target":{"@type":"EntryPoint","urlTemplate":"https:\/\/www.bazarbonino.com\/store\/?s={search_term_string}"},"query-input":{"@type":"PropertyValueSpecification","valueRequired":true,"valueName":"search_term_string"}}],"inLanguage":"it-IT"}]}},"_links":{"self":[{"href":"https:\/\/www.bazarbonino.com\/store\/wp-json\/wp\/v2\/product\/17638","targetHints":{"allow":["GET"]}}],"collection":[{"href":"https:\/\/www.bazarbonino.com\/store\/wp-json\/wp\/v2\/product"}],"about":[{"href":"https:\/\/www.bazarbonino.com\/store\/wp-json\/wp\/v2\/types\/product"}],"replies":[{"embeddable":true,"href":"https:\/\/www.bazarbonino.com\/store\/wp-json\/wp\/v2\/comments?post=17638"}],"wp:featuredmedia":[{"embeddable":true,"href":"https:\/\/www.bazarbonino.com\/store\/wp-json\/wp\/v2\/media\/17639"}],"wp:attachment":[{"href":"https:\/\/www.bazarbonino.com\/store\/wp-json\/wp\/v2\/media?parent=17638"}],"wp:term":[{"taxonomy":"product_brand","embeddable":true,"href":"https:\/\/www.bazarbonino.com\/store\/wp-json\/wp\/v2\/product_brand?post=17638"},{"taxonomy":"product_cat","embeddable":true,"href":"https:\/\/www.bazarbonino.com\/store\/wp-json\/wp\/v2\/product_cat?post=17638"},{"taxonomy":"product_tag","embeddable":true,"href":"https:\/\/www.bazarbonino.com\/store\/wp-json\/wp\/v2\/product_tag?post=17638"}],"curies":[{"name":"wp","href":"https:\/\/api.w.org\/{rel}","templated":true}]}}