{"id":17631,"date":"2020-11-15T00:37:49","date_gmt":"2020-11-14T23:37:49","guid":{"rendered":"https:\/\/www.bazarbonino.com\/store\/?post_type=product&#038;p=17631"},"modified":"2020-11-15T01:25:26","modified_gmt":"2020-11-15T00:25:26","slug":"ugears-bike-vm-02-mechanical-model-kit","status":"publish","type":"product","link":"https:\/\/www.bazarbonino.com\/store\/prodotto\/ugears-bike-vm-02-mechanical-model-kit\/","title":{"rendered":"Ugears Bike VM-02 Mechanical Model Kit"},"content":{"rendered":"<h5>KIT MOTOCICLETTA MECCANICA UGEARS<\/h5>\n<p>Ugears Bike VM-02 Mechanical Model Kit <span class=\"VIiyi\" lang=\"it\"><span class=\"JLqJ4b\" data-language-for-alternatives=\"it\" data-language-to-translate-into=\"en\" data-phrase-index=\"0\">Ti senti come se fossi stato piuttosto un teledipendente ultimamente? La vita \u00e8 stata un po &#8216;troppo comoda e due volte pi\u00f9 noiosa? Lascialo cadere ora, perch\u00e9 lo spirito della strada ti sta chiamando. Indossa la tua giacca di pelle e assorbi l&#8217;euforia della velocit\u00e0 totale con l&#8217;audace e bellissima motocicletta di Ugears. <\/span><\/span><\/p>\n<p><span class=\"VIiyi\" lang=\"it\"><span class=\"JLqJ4b\" data-language-for-alternatives=\"it\" data-language-to-translate-into=\"en\" data-phrase-index=\"0\">La motocicletta VM-02 \u00e8 azionata da un potente motore elastico che fa viaggiare in moto fino a 3 metri in un unico avvolgimento. L&#8217;energia prodotta dal motore viene trasmessa da una trasmissione a cinghia al meccanismo. Il design della moto permette di osservare il lavoro del meccanismo, compresi i pistoni in movimento che sembrano assolutamente affascinanti. <\/span><\/span><\/p>\n<p><span class=\"VIiyi\" lang=\"it\"><span class=\"JLqJ4b\" data-language-for-alternatives=\"it\" data-language-to-translate-into=\"en\" data-phrase-index=\"0\">L&#8217;ampia ruota posteriore assicura che il modello sia stabile e non si ribalti e il manubrio ruotando invia la tua bici in qualsiasi direzione tu scelga, rendendo la tua corsa ancora pi\u00f9 emozionante. <\/span><\/span><\/p>\n<p><span class=\"VIiyi\" lang=\"it\"><span class=\"JLqJ4b\" data-language-for-alternatives=\"it\" data-language-to-translate-into=\"en\" data-phrase-index=\"0\">Quando hai raggiunto la tua destinazione finale ed \u00e8 ora di parcheggiare la tua motocicletta, usa un cavalletto centrale per posizionare il modello sullo scaffale.<\/span><\/span><\/p>\n<p><span class=\"VIiyi\" lang=\"it\"><span class=\"JLqJ4b\" data-language-for-alternatives=\"it\" data-language-to-translate-into=\"en\" data-phrase-index=\"0\">Grazioso e audace, il tuo nuovo modello porta il vero spirito della strada. La combinazione di un esterno high-tech e materiali naturali rendono il modello un regalo di benvenuto per un amico o un partner d&#8217;affari. Il design realistico e dettagliato assicura che il modello diventer\u00e0 un meraviglioso complemento per qualsiasi casa o ufficio. <\/span><\/span><\/p>\n<p><span class=\"VIiyi\" lang=\"it\"><span class=\"JLqJ4b\" data-language-for-alternatives=\"it\" data-language-to-translate-into=\"en\" data-phrase-index=\"0\">Una motocicletta non \u00e8 mai stata solo un mezzo di trasporto; \u00e8 sempre stato e rappresenter\u00e0 per sempre una sfida, velocit\u00e0 e vera libert\u00e0. Crea lo spirito della strada con le tue mani. Tieni il manubrio e respira l&#8217;odore dell&#8217;autostrada con il nuovo modello di motocicletta di Ugears. <\/span><\/span><\/p>\n<p><span class=\"VIiyi\" lang=\"it\"><span class=\"JLqJ4b\" data-language-for-alternatives=\"it\" data-language-to-translate-into=\"en\" data-phrase-index=\"0\">Il kit modello motocicletta VM-02 \u00e8 realizzato in legno di alta qualit\u00e0 e ha tutto il necessario per il montaggio. La qualit\u00e0 delle parti \u00e8 di prim&#8217;ordine: un metodo laser viene utilizzato per tagliare oggetti da un pannello di compensato che fornisce tagli precisi. I dettagli devono essere estratti dalle tavole e assemblati per creare un modello completo. <\/span><\/span><\/p>\n<p><span class=\"VIiyi\" lang=\"it\"><span class=\"JLqJ4b\" data-language-for-alternatives=\"it\" data-language-to-translate-into=\"en\" data-phrase-index=\"0\">Come tutti gli altri modelli Ugears, la moto viene fornita con istruzioni passo passo, a colori, davvero facili da seguire in 11 lingue (ucraino, inglese, tedesco, francese, polacco, spagnolo, russo, turco, italiano, cinese e coreano ) e non richiede n\u00e9 colla n\u00e9 attrezzi speciali per essere completamente assemblato in una motocicletta funzionante.<\/span><\/span><\/p>\n<p><span class=\"VIiyi\" lang=\"it\"><span class=\"JLqJ4b\" data-language-for-alternatives=\"it\" data-language-to-translate-into=\"en\" data-phrase-index=\"0\"><strong>Dimensioni del modello:<\/strong> 25,8 x 8,4 x 10,5 cm.<\/span><\/span><\/p>\n<p><span class=\"VIiyi\" lang=\"it\"><span class=\"JLqJ4b\" data-language-for-alternatives=\"it\" data-language-to-translate-into=\"en\" data-phrase-index=\"0\"><strong>Formato del pacchetto:<\/strong> 37 x 17 x 3 cm<\/span><\/span><\/p>\n<p><span class=\"VIiyi\" lang=\"it\"><span class=\"JLqJ4b\" data-language-for-alternatives=\"it\" data-language-to-translate-into=\"en\" data-phrase-index=\"0\"><strong>Numero di componenti:<\/strong> 189 <\/span><\/span><\/p>\n<p><span class=\"VIiyi\" lang=\"it\"><span class=\"JLqJ4b\" data-language-for-alternatives=\"it\" data-language-to-translate-into=\"en\" data-phrase-index=\"0\"><strong>Tempo di montaggio stimato:<\/strong> 3-4 ore <\/span><\/span><\/p>\n<p><span class=\"VIiyi\" lang=\"it\"><span class=\"JLqJ4b\" data-language-for-alternatives=\"it\" data-language-to-translate-into=\"en\" data-phrase-index=\"0\"><strong>Livello:<\/strong> medio<\/span><\/span><\/p>\n","protected":false},"excerpt":{"rendered":"<p>KIT MOTOCICLETTA MECCANICA UGEARS Ugears Bike VM-02 Mechanical Model Kit Ti senti come se fossi stato piuttosto un teledipendente ultimamente? La vita \u00e8 stata un po &#8216;troppo comoda e due volte pi\u00f9 noiosa? Lascialo cadere ora, perch\u00e9 lo spirito della strada ti sta chiamando. Indossa la tua giacca di pelle e assorbi l&#8217;euforia della velocit\u00e0 [&hellip;]<\/p>\n","protected":false},"featured_media":17634,"comment_status":"closed","ping_status":"closed","template":"","meta":{"_et_pb_use_builder":"","_et_pb_old_content":"","_et_gb_content_width":""},"product_brand":[],"product_cat":[2351],"product_tag":[2353,2352],"class_list":{"0":"post-17631","1":"product","2":"type-product","3":"status-publish","4":"has-post-thumbnail","6":"product_cat-ugears-modellini-legno-meccanici","7":"product_tag-kit-motocicletta-meccanica-ugears","8":"product_tag-modellino-legno-ugears-moto","10":"first","11":"instock","12":"sale","13":"taxable","14":"shipping-taxable","15":"purchasable","16":"product-type-simple"},"yoast_head":"<!-- This site is optimized with the Yoast SEO plugin v27.4 - https:\/\/yoast.com\/product\/yoast-seo-wordpress\/ -->\n<title>Ugears Bike VM-02 Mechanical Model Kit - BazarBonino<\/title>\n<meta name=\"description\" content=\"Ugears Bike VM-02 Mechanical Model KitLa motocicletta \u00e8 azionata da un potente motore elastico che fa viaggiare in moto fino a 3 metri in un unico avvolgimento\" \/>\n<meta name=\"robots\" content=\"index, follow, max-snippet:-1, max-image-preview:large, max-video-preview:-1\" \/>\n<link rel=\"canonical\" href=\"https:\/\/www.bazarbonino.com\/store\/prodotto\/ugears-bike-vm-02-mechanical-model-kit\/\" \/>\n<meta property=\"og:locale\" content=\"it_IT\" \/>\n<meta property=\"og:type\" content=\"article\" \/>\n<meta property=\"og:title\" content=\"Ugears Bike VM-02 Mechanical Model Kit - BazarBonino\" \/>\n<meta property=\"og:description\" content=\"Ugears Bike VM-02 Mechanical Model KitLa motocicletta \u00e8 azionata da un potente motore elastico che fa viaggiare in moto fino a 3 metri in un unico avvolgimento\" \/>\n<meta property=\"og:url\" content=\"https:\/\/www.bazarbonino.com\/store\/prodotto\/ugears-bike-vm-02-mechanical-model-kit\/\" \/>\n<meta property=\"og:site_name\" content=\"BazarBonino\" \/>\n<meta property=\"article:publisher\" content=\"https:\/\/www.facebook.com\/bazar.bonino\" \/>\n<meta property=\"article:modified_time\" content=\"2020-11-15T00:25:26+00:00\" \/>\n<meta property=\"og:image\" content=\"https:\/\/www.bazarbonino.com\/store\/wp-content\/uploads\/2020\/11\/Ugears-Bike-VM-02-Mechanical-Model-Kit.jpg\" \/>\n\t<meta property=\"og:image:width\" content=\"1000\" \/>\n\t<meta property=\"og:image:height\" content=\"732\" \/>\n\t<meta property=\"og:image:type\" content=\"image\/jpeg\" \/>\n<meta name=\"twitter:card\" content=\"summary_large_image\" \/>\n<meta name=\"twitter:label1\" content=\"Tempo di lettura stimato\" \/>\n\t<meta name=\"twitter:data1\" content=\"2 minuti\" \/>\n<script type=\"application\/ld+json\" class=\"yoast-schema-graph\">{\"@context\":\"https:\\\/\\\/schema.org\",\"@graph\":[{\"@type\":\"WebPage\",\"@id\":\"https:\\\/\\\/www.bazarbonino.com\\\/store\\\/prodotto\\\/ugears-bike-vm-02-mechanical-model-kit\\\/\",\"url\":\"https:\\\/\\\/www.bazarbonino.com\\\/store\\\/prodotto\\\/ugears-bike-vm-02-mechanical-model-kit\\\/\",\"name\":\"Ugears Bike VM-02 Mechanical Model Kit - BazarBonino\",\"isPartOf\":{\"@id\":\"https:\\\/\\\/www.bazarbonino.com\\\/store\\\/#website\"},\"primaryImageOfPage\":{\"@id\":\"https:\\\/\\\/www.bazarbonino.com\\\/store\\\/prodotto\\\/ugears-bike-vm-02-mechanical-model-kit\\\/#primaryimage\"},\"image\":{\"@id\":\"https:\\\/\\\/www.bazarbonino.com\\\/store\\\/prodotto\\\/ugears-bike-vm-02-mechanical-model-kit\\\/#primaryimage\"},\"thumbnailUrl\":\"https:\\\/\\\/www.bazarbonino.com\\\/store\\\/wp-content\\\/uploads\\\/2020\\\/11\\\/Ugears-Bike-VM-02-Mechanical-Model-Kit.jpg\",\"datePublished\":\"2020-11-14T23:37:49+00:00\",\"dateModified\":\"2020-11-15T00:25:26+00:00\",\"description\":\"Ugears Bike VM-02 Mechanical Model KitLa motocicletta \u00e8 azionata da un potente motore elastico che fa viaggiare in moto fino a 3 metri in un unico avvolgimento\",\"breadcrumb\":{\"@id\":\"https:\\\/\\\/www.bazarbonino.com\\\/store\\\/prodotto\\\/ugears-bike-vm-02-mechanical-model-kit\\\/#breadcrumb\"},\"inLanguage\":\"it-IT\",\"potentialAction\":[{\"@type\":\"ReadAction\",\"target\":[\"https:\\\/\\\/www.bazarbonino.com\\\/store\\\/prodotto\\\/ugears-bike-vm-02-mechanical-model-kit\\\/\"]}]},{\"@type\":\"ImageObject\",\"inLanguage\":\"it-IT\",\"@id\":\"https:\\\/\\\/www.bazarbonino.com\\\/store\\\/prodotto\\\/ugears-bike-vm-02-mechanical-model-kit\\\/#primaryimage\",\"url\":\"https:\\\/\\\/www.bazarbonino.com\\\/store\\\/wp-content\\\/uploads\\\/2020\\\/11\\\/Ugears-Bike-VM-02-Mechanical-Model-Kit.jpg\",\"contentUrl\":\"https:\\\/\\\/www.bazarbonino.com\\\/store\\\/wp-content\\\/uploads\\\/2020\\\/11\\\/Ugears-Bike-VM-02-Mechanical-Model-Kit.jpg\",\"width\":1000,\"height\":732,\"caption\":\"Ugears Bike VM-02 Mechanical Model Kit\"},{\"@type\":\"BreadcrumbList\",\"@id\":\"https:\\\/\\\/www.bazarbonino.com\\\/store\\\/prodotto\\\/ugears-bike-vm-02-mechanical-model-kit\\\/#breadcrumb\",\"itemListElement\":[{\"@type\":\"ListItem\",\"position\":1,\"name\":\"Home\",\"item\":\"https:\\\/\\\/www.bazarbonino.com\\\/store\\\/\"},{\"@type\":\"ListItem\",\"position\":2,\"name\":\"Catalogo\",\"item\":\"https:\\\/\\\/www.bazarbonino.com\\\/store\\\/shop\\\/\"},{\"@type\":\"ListItem\",\"position\":3,\"name\":\"Ugears Bike VM-02 Mechanical Model Kit\"}]},{\"@type\":\"WebSite\",\"@id\":\"https:\\\/\\\/www.bazarbonino.com\\\/store\\\/#website\",\"url\":\"https:\\\/\\\/www.bazarbonino.com\\\/store\\\/\",\"name\":\"BazarBonino\",\"description\":\"\",\"potentialAction\":[{\"@type\":\"SearchAction\",\"target\":{\"@type\":\"EntryPoint\",\"urlTemplate\":\"https:\\\/\\\/www.bazarbonino.com\\\/store\\\/?s={search_term_string}\"},\"query-input\":{\"@type\":\"PropertyValueSpecification\",\"valueRequired\":true,\"valueName\":\"search_term_string\"}}],\"inLanguage\":\"it-IT\"}]}<\/script>\n<!-- \/ Yoast SEO plugin. -->","yoast_head_json":{"title":"Ugears Bike VM-02 Mechanical Model Kit - BazarBonino","description":"Ugears Bike VM-02 Mechanical Model KitLa motocicletta \u00e8 azionata da un potente motore elastico che fa viaggiare in moto fino a 3 metri in un unico avvolgimento","robots":{"index":"index","follow":"follow","max-snippet":"max-snippet:-1","max-image-preview":"max-image-preview:large","max-video-preview":"max-video-preview:-1"},"canonical":"https:\/\/www.bazarbonino.com\/store\/prodotto\/ugears-bike-vm-02-mechanical-model-kit\/","og_locale":"it_IT","og_type":"article","og_title":"Ugears Bike VM-02 Mechanical Model Kit - BazarBonino","og_description":"Ugears Bike VM-02 Mechanical Model KitLa motocicletta \u00e8 azionata da un potente motore elastico che fa viaggiare in moto fino a 3 metri in un unico avvolgimento","og_url":"https:\/\/www.bazarbonino.com\/store\/prodotto\/ugears-bike-vm-02-mechanical-model-kit\/","og_site_name":"BazarBonino","article_publisher":"https:\/\/www.facebook.com\/bazar.bonino","article_modified_time":"2020-11-15T00:25:26+00:00","og_image":[{"width":1000,"height":732,"url":"https:\/\/www.bazarbonino.com\/store\/wp-content\/uploads\/2020\/11\/Ugears-Bike-VM-02-Mechanical-Model-Kit.jpg","type":"image\/jpeg"}],"twitter_card":"summary_large_image","twitter_misc":{"Tempo di lettura stimato":"2 minuti"},"schema":{"@context":"https:\/\/schema.org","@graph":[{"@type":"WebPage","@id":"https:\/\/www.bazarbonino.com\/store\/prodotto\/ugears-bike-vm-02-mechanical-model-kit\/","url":"https:\/\/www.bazarbonino.com\/store\/prodotto\/ugears-bike-vm-02-mechanical-model-kit\/","name":"Ugears Bike VM-02 Mechanical Model Kit - BazarBonino","isPartOf":{"@id":"https:\/\/www.bazarbonino.com\/store\/#website"},"primaryImageOfPage":{"@id":"https:\/\/www.bazarbonino.com\/store\/prodotto\/ugears-bike-vm-02-mechanical-model-kit\/#primaryimage"},"image":{"@id":"https:\/\/www.bazarbonino.com\/store\/prodotto\/ugears-bike-vm-02-mechanical-model-kit\/#primaryimage"},"thumbnailUrl":"https:\/\/www.bazarbonino.com\/store\/wp-content\/uploads\/2020\/11\/Ugears-Bike-VM-02-Mechanical-Model-Kit.jpg","datePublished":"2020-11-14T23:37:49+00:00","dateModified":"2020-11-15T00:25:26+00:00","description":"Ugears Bike VM-02 Mechanical Model KitLa motocicletta \u00e8 azionata da un potente motore elastico che fa viaggiare in moto fino a 3 metri in un unico avvolgimento","breadcrumb":{"@id":"https:\/\/www.bazarbonino.com\/store\/prodotto\/ugears-bike-vm-02-mechanical-model-kit\/#breadcrumb"},"inLanguage":"it-IT","potentialAction":[{"@type":"ReadAction","target":["https:\/\/www.bazarbonino.com\/store\/prodotto\/ugears-bike-vm-02-mechanical-model-kit\/"]}]},{"@type":"ImageObject","inLanguage":"it-IT","@id":"https:\/\/www.bazarbonino.com\/store\/prodotto\/ugears-bike-vm-02-mechanical-model-kit\/#primaryimage","url":"https:\/\/www.bazarbonino.com\/store\/wp-content\/uploads\/2020\/11\/Ugears-Bike-VM-02-Mechanical-Model-Kit.jpg","contentUrl":"https:\/\/www.bazarbonino.com\/store\/wp-content\/uploads\/2020\/11\/Ugears-Bike-VM-02-Mechanical-Model-Kit.jpg","width":1000,"height":732,"caption":"Ugears Bike VM-02 Mechanical Model Kit"},{"@type":"BreadcrumbList","@id":"https:\/\/www.bazarbonino.com\/store\/prodotto\/ugears-bike-vm-02-mechanical-model-kit\/#breadcrumb","itemListElement":[{"@type":"ListItem","position":1,"name":"Home","item":"https:\/\/www.bazarbonino.com\/store\/"},{"@type":"ListItem","position":2,"name":"Catalogo","item":"https:\/\/www.bazarbonino.com\/store\/shop\/"},{"@type":"ListItem","position":3,"name":"Ugears Bike VM-02 Mechanical Model Kit"}]},{"@type":"WebSite","@id":"https:\/\/www.bazarbonino.com\/store\/#website","url":"https:\/\/www.bazarbonino.com\/store\/","name":"BazarBonino","description":"","potentialAction":[{"@type":"SearchAction","target":{"@type":"EntryPoint","urlTemplate":"https:\/\/www.bazarbonino.com\/store\/?s={search_term_string}"},"query-input":{"@type":"PropertyValueSpecification","valueRequired":true,"valueName":"search_term_string"}}],"inLanguage":"it-IT"}]}},"_links":{"self":[{"href":"https:\/\/www.bazarbonino.com\/store\/wp-json\/wp\/v2\/product\/17631","targetHints":{"allow":["GET"]}}],"collection":[{"href":"https:\/\/www.bazarbonino.com\/store\/wp-json\/wp\/v2\/product"}],"about":[{"href":"https:\/\/www.bazarbonino.com\/store\/wp-json\/wp\/v2\/types\/product"}],"replies":[{"embeddable":true,"href":"https:\/\/www.bazarbonino.com\/store\/wp-json\/wp\/v2\/comments?post=17631"}],"wp:featuredmedia":[{"embeddable":true,"href":"https:\/\/www.bazarbonino.com\/store\/wp-json\/wp\/v2\/media\/17634"}],"wp:attachment":[{"href":"https:\/\/www.bazarbonino.com\/store\/wp-json\/wp\/v2\/media?parent=17631"}],"wp:term":[{"taxonomy":"product_brand","embeddable":true,"href":"https:\/\/www.bazarbonino.com\/store\/wp-json\/wp\/v2\/product_brand?post=17631"},{"taxonomy":"product_cat","embeddable":true,"href":"https:\/\/www.bazarbonino.com\/store\/wp-json\/wp\/v2\/product_cat?post=17631"},{"taxonomy":"product_tag","embeddable":true,"href":"https:\/\/www.bazarbonino.com\/store\/wp-json\/wp\/v2\/product_tag?post=17631"}],"curies":[{"name":"wp","href":"https:\/\/api.w.org\/{rel}","templated":true}]}}