{"id":17526,"date":"2020-11-13T22:39:55","date_gmt":"2020-11-13T21:39:55","guid":{"rendered":"https:\/\/www.bazarbonino.com\/store\/?post_type=product&#038;p=17526"},"modified":"2020-11-13T23:05:45","modified_gmt":"2020-11-13T22:05:45","slug":"mv0320-mazzo-carte-cherry-casino-sahara-green","status":"publish","type":"product","link":"https:\/\/www.bazarbonino.com\/store\/prodotto\/mv0320-mazzo-carte-cherry-casino-sahara-green\/","title":{"rendered":"MV0320 &#8211; Mazzo Carte Cherry Casino Sahara Green"},"content":{"rendered":"<p>MV0320 &#8211; Mazzo Carte Cherry Casino Sahara Green<\/p>\n<p>Quella che una volta era una giungla tropicale, ora \u00e8 il pi\u00f9 grande deserto del mondo&#8230; Il Sahara.<\/p>\n<p>Evoluzione. Cambiamento. Trasformazione.<\/p>\n<p>La magia \u00e8 potente. Stimola la curiosit\u00e0.<\/p>\n<p>Sfoca le linee tra fantasia e realt\u00e0.<\/p>\n<p>Sfida aspettative e limiti.<\/p>\n<p>&#8220;La realt\u00e0 \u00e8 ci\u00f2 che voi fate.&#8221; &#8211; Dynamo<\/p>\n<p>Cogliete l&#8217;opportunit\u00e0. Fatelo VOSTRO.<\/p>\n<p>Prendete un mazzo di carte da gioco Cherry Casino Fremonts (Sahara Green) tagliate tradizionalmente dalla U.S. Playing Card Company.<\/p>\n<p>Guardate cosa fiorisce e cresce nelle vostre mani &#8211; mentre manipolate i dorsi verdi metallizzati perlescenti.<\/p>\n<p>Accarezzate lo scattante cartoncino Bee crushed.<\/p>\n<p>CREATE.<\/p>\n<p>Siete pi\u00f9 di quanto pensate sia possibile&#8230; OTTENETE DI PI\u00d9.<\/p>\n","protected":false},"excerpt":{"rendered":"<p>MV0320 &#8211; Mazzo Carte Cherry Casino Sahara Green Quella che una volta era una giungla tropicale, ora \u00e8 il pi\u00f9 grande deserto del mondo&#8230; Il Sahara. Evoluzione. Cambiamento. Trasformazione. La magia \u00e8 potente. Stimola la curiosit\u00e0. Sfoca le linee tra fantasia e realt\u00e0. Sfida aspettative e limiti. &#8220;La realt\u00e0 \u00e8 ci\u00f2 che voi fate.&#8221; &#8211; [&hellip;]<\/p>\n","protected":false},"featured_media":17528,"comment_status":"closed","ping_status":"closed","template":"","meta":{"_et_pb_use_builder":"","_et_pb_old_content":"","_et_gb_content_width":""},"product_brand":[],"product_cat":[1514],"product_tag":[2331],"class_list":{"0":"post-17526","1":"product","2":"type-product","3":"status-publish","4":"has-post-thumbnail","6":"product_cat-mazzi-di-carte-altre-marche","7":"product_tag-mazzo-carte-cherry-casino-sahara-green","9":"first","10":"instock","11":"taxable","12":"shipping-taxable","13":"purchasable","14":"product-type-simple"},"yoast_head":"<!-- This site is optimized with the Yoast SEO plugin v27.2 - https:\/\/yoast.com\/product\/yoast-seo-wordpress\/ -->\n<title>MV0320 - Mazzo Carte Cherry Casino Sahara Green - BazarBonino<\/title>\n<meta name=\"description\" content=\"Mazzo Carte Cherry Casino Sahara Green Prendete un mazzo di carte da gioco Cherry Casino Fremonts (Sahara Green) tagliate tradizionalmente dalla U.S. Playing Card...\" \/>\n<meta name=\"robots\" content=\"index, follow, max-snippet:-1, max-image-preview:large, max-video-preview:-1\" \/>\n<link rel=\"canonical\" href=\"https:\/\/www.bazarbonino.com\/store\/prodotto\/mv0320-mazzo-carte-cherry-casino-sahara-green\/\" \/>\n<meta property=\"og:locale\" content=\"it_IT\" \/>\n<meta property=\"og:type\" content=\"article\" \/>\n<meta property=\"og:title\" content=\"MV0320 - Mazzo Carte Cherry Casino Sahara Green - BazarBonino\" \/>\n<meta property=\"og:description\" content=\"Mazzo Carte Cherry Casino Sahara Green Prendete un mazzo di carte da gioco Cherry Casino Fremonts (Sahara Green) tagliate tradizionalmente dalla U.S. Playing Card...\" \/>\n<meta property=\"og:url\" content=\"https:\/\/www.bazarbonino.com\/store\/prodotto\/mv0320-mazzo-carte-cherry-casino-sahara-green\/\" \/>\n<meta property=\"og:site_name\" content=\"BazarBonino\" \/>\n<meta property=\"article:publisher\" content=\"https:\/\/www.facebook.com\/bazar.bonino\" \/>\n<meta property=\"article:modified_time\" content=\"2020-11-13T22:05:45+00:00\" \/>\n<meta property=\"og:image\" content=\"https:\/\/www.bazarbonino.com\/store\/wp-content\/uploads\/2020\/11\/MV0320-Mazzo-Carte-Cherry-Casino-Sahara-Green.jpg\" \/>\n\t<meta property=\"og:image:width\" content=\"740\" \/>\n\t<meta property=\"og:image:height\" content=\"416\" \/>\n\t<meta property=\"og:image:type\" content=\"image\/jpeg\" \/>\n<meta name=\"twitter:card\" content=\"summary_large_image\" \/>\n<meta name=\"twitter:label1\" content=\"Tempo di lettura stimato\" \/>\n\t<meta name=\"twitter:data1\" content=\"1 minuto\" \/>\n<script type=\"application\/ld+json\" class=\"yoast-schema-graph\">{\"@context\":\"https:\/\/schema.org\",\"@graph\":[{\"@type\":\"WebPage\",\"@id\":\"https:\/\/www.bazarbonino.com\/store\/prodotto\/mv0320-mazzo-carte-cherry-casino-sahara-green\/\",\"url\":\"https:\/\/www.bazarbonino.com\/store\/prodotto\/mv0320-mazzo-carte-cherry-casino-sahara-green\/\",\"name\":\"MV0320 - Mazzo Carte Cherry Casino Sahara Green - BazarBonino\",\"isPartOf\":{\"@id\":\"https:\/\/www.bazarbonino.com\/store\/#website\"},\"primaryImageOfPage\":{\"@id\":\"https:\/\/www.bazarbonino.com\/store\/prodotto\/mv0320-mazzo-carte-cherry-casino-sahara-green\/#primaryimage\"},\"image\":{\"@id\":\"https:\/\/www.bazarbonino.com\/store\/prodotto\/mv0320-mazzo-carte-cherry-casino-sahara-green\/#primaryimage\"},\"thumbnailUrl\":\"https:\/\/www.bazarbonino.com\/store\/wp-content\/uploads\/2020\/11\/MV0320-Mazzo-Carte-Cherry-Casino-Sahara-Green.jpg\",\"datePublished\":\"2020-11-13T21:39:55+00:00\",\"dateModified\":\"2020-11-13T22:05:45+00:00\",\"description\":\"Mazzo Carte Cherry Casino Sahara Green Prendete un mazzo di carte da gioco Cherry Casino Fremonts (Sahara Green) tagliate tradizionalmente dalla U.S. Playing Card...\",\"breadcrumb\":{\"@id\":\"https:\/\/www.bazarbonino.com\/store\/prodotto\/mv0320-mazzo-carte-cherry-casino-sahara-green\/#breadcrumb\"},\"inLanguage\":\"it-IT\",\"potentialAction\":[{\"@type\":\"ReadAction\",\"target\":[\"https:\/\/www.bazarbonino.com\/store\/prodotto\/mv0320-mazzo-carte-cherry-casino-sahara-green\/\"]}]},{\"@type\":\"ImageObject\",\"inLanguage\":\"it-IT\",\"@id\":\"https:\/\/www.bazarbonino.com\/store\/prodotto\/mv0320-mazzo-carte-cherry-casino-sahara-green\/#primaryimage\",\"url\":\"https:\/\/www.bazarbonino.com\/store\/wp-content\/uploads\/2020\/11\/MV0320-Mazzo-Carte-Cherry-Casino-Sahara-Green.jpg\",\"contentUrl\":\"https:\/\/www.bazarbonino.com\/store\/wp-content\/uploads\/2020\/11\/MV0320-Mazzo-Carte-Cherry-Casino-Sahara-Green.jpg\",\"width\":740,\"height\":416,\"caption\":\"MV0320 - Mazzo Carte Cherry Casino Sahara Green\"},{\"@type\":\"BreadcrumbList\",\"@id\":\"https:\/\/www.bazarbonino.com\/store\/prodotto\/mv0320-mazzo-carte-cherry-casino-sahara-green\/#breadcrumb\",\"itemListElement\":[{\"@type\":\"ListItem\",\"position\":1,\"name\":\"Home\",\"item\":\"https:\/\/www.bazarbonino.com\/store\/\"},{\"@type\":\"ListItem\",\"position\":2,\"name\":\"Catalogo\",\"item\":\"https:\/\/www.bazarbonino.com\/store\/shop\/\"},{\"@type\":\"ListItem\",\"position\":3,\"name\":\"MV0320 &#8211; Mazzo Carte Cherry Casino Sahara Green\"}]},{\"@type\":\"WebSite\",\"@id\":\"https:\/\/www.bazarbonino.com\/store\/#website\",\"url\":\"https:\/\/www.bazarbonino.com\/store\/\",\"name\":\"BazarBonino\",\"description\":\"\",\"potentialAction\":[{\"@type\":\"SearchAction\",\"target\":{\"@type\":\"EntryPoint\",\"urlTemplate\":\"https:\/\/www.bazarbonino.com\/store\/?s={search_term_string}\"},\"query-input\":{\"@type\":\"PropertyValueSpecification\",\"valueRequired\":true,\"valueName\":\"search_term_string\"}}],\"inLanguage\":\"it-IT\"}]}<\/script>\n<!-- \/ Yoast SEO plugin. -->","yoast_head_json":{"title":"MV0320 - Mazzo Carte Cherry Casino Sahara Green - BazarBonino","description":"Mazzo Carte Cherry Casino Sahara Green Prendete un mazzo di carte da gioco Cherry Casino Fremonts (Sahara Green) tagliate tradizionalmente dalla U.S. Playing Card...","robots":{"index":"index","follow":"follow","max-snippet":"max-snippet:-1","max-image-preview":"max-image-preview:large","max-video-preview":"max-video-preview:-1"},"canonical":"https:\/\/www.bazarbonino.com\/store\/prodotto\/mv0320-mazzo-carte-cherry-casino-sahara-green\/","og_locale":"it_IT","og_type":"article","og_title":"MV0320 - Mazzo Carte Cherry Casino Sahara Green - BazarBonino","og_description":"Mazzo Carte Cherry Casino Sahara Green Prendete un mazzo di carte da gioco Cherry Casino Fremonts (Sahara Green) tagliate tradizionalmente dalla U.S. Playing Card...","og_url":"https:\/\/www.bazarbonino.com\/store\/prodotto\/mv0320-mazzo-carte-cherry-casino-sahara-green\/","og_site_name":"BazarBonino","article_publisher":"https:\/\/www.facebook.com\/bazar.bonino","article_modified_time":"2020-11-13T22:05:45+00:00","og_image":[{"width":740,"height":416,"url":"https:\/\/www.bazarbonino.com\/store\/wp-content\/uploads\/2020\/11\/MV0320-Mazzo-Carte-Cherry-Casino-Sahara-Green.jpg","type":"image\/jpeg"}],"twitter_card":"summary_large_image","twitter_misc":{"Tempo di lettura stimato":"1 minuto"},"schema":{"@context":"https:\/\/schema.org","@graph":[{"@type":"WebPage","@id":"https:\/\/www.bazarbonino.com\/store\/prodotto\/mv0320-mazzo-carte-cherry-casino-sahara-green\/","url":"https:\/\/www.bazarbonino.com\/store\/prodotto\/mv0320-mazzo-carte-cherry-casino-sahara-green\/","name":"MV0320 - Mazzo Carte Cherry Casino Sahara Green - BazarBonino","isPartOf":{"@id":"https:\/\/www.bazarbonino.com\/store\/#website"},"primaryImageOfPage":{"@id":"https:\/\/www.bazarbonino.com\/store\/prodotto\/mv0320-mazzo-carte-cherry-casino-sahara-green\/#primaryimage"},"image":{"@id":"https:\/\/www.bazarbonino.com\/store\/prodotto\/mv0320-mazzo-carte-cherry-casino-sahara-green\/#primaryimage"},"thumbnailUrl":"https:\/\/www.bazarbonino.com\/store\/wp-content\/uploads\/2020\/11\/MV0320-Mazzo-Carte-Cherry-Casino-Sahara-Green.jpg","datePublished":"2020-11-13T21:39:55+00:00","dateModified":"2020-11-13T22:05:45+00:00","description":"Mazzo Carte Cherry Casino Sahara Green Prendete un mazzo di carte da gioco Cherry Casino Fremonts (Sahara Green) tagliate tradizionalmente dalla U.S. Playing Card...","breadcrumb":{"@id":"https:\/\/www.bazarbonino.com\/store\/prodotto\/mv0320-mazzo-carte-cherry-casino-sahara-green\/#breadcrumb"},"inLanguage":"it-IT","potentialAction":[{"@type":"ReadAction","target":["https:\/\/www.bazarbonino.com\/store\/prodotto\/mv0320-mazzo-carte-cherry-casino-sahara-green\/"]}]},{"@type":"ImageObject","inLanguage":"it-IT","@id":"https:\/\/www.bazarbonino.com\/store\/prodotto\/mv0320-mazzo-carte-cherry-casino-sahara-green\/#primaryimage","url":"https:\/\/www.bazarbonino.com\/store\/wp-content\/uploads\/2020\/11\/MV0320-Mazzo-Carte-Cherry-Casino-Sahara-Green.jpg","contentUrl":"https:\/\/www.bazarbonino.com\/store\/wp-content\/uploads\/2020\/11\/MV0320-Mazzo-Carte-Cherry-Casino-Sahara-Green.jpg","width":740,"height":416,"caption":"MV0320 - Mazzo Carte Cherry Casino Sahara Green"},{"@type":"BreadcrumbList","@id":"https:\/\/www.bazarbonino.com\/store\/prodotto\/mv0320-mazzo-carte-cherry-casino-sahara-green\/#breadcrumb","itemListElement":[{"@type":"ListItem","position":1,"name":"Home","item":"https:\/\/www.bazarbonino.com\/store\/"},{"@type":"ListItem","position":2,"name":"Catalogo","item":"https:\/\/www.bazarbonino.com\/store\/shop\/"},{"@type":"ListItem","position":3,"name":"MV0320 &#8211; Mazzo Carte Cherry Casino Sahara Green"}]},{"@type":"WebSite","@id":"https:\/\/www.bazarbonino.com\/store\/#website","url":"https:\/\/www.bazarbonino.com\/store\/","name":"BazarBonino","description":"","potentialAction":[{"@type":"SearchAction","target":{"@type":"EntryPoint","urlTemplate":"https:\/\/www.bazarbonino.com\/store\/?s={search_term_string}"},"query-input":{"@type":"PropertyValueSpecification","valueRequired":true,"valueName":"search_term_string"}}],"inLanguage":"it-IT"}]}},"_links":{"self":[{"href":"https:\/\/www.bazarbonino.com\/store\/wp-json\/wp\/v2\/product\/17526","targetHints":{"allow":["GET"]}}],"collection":[{"href":"https:\/\/www.bazarbonino.com\/store\/wp-json\/wp\/v2\/product"}],"about":[{"href":"https:\/\/www.bazarbonino.com\/store\/wp-json\/wp\/v2\/types\/product"}],"replies":[{"embeddable":true,"href":"https:\/\/www.bazarbonino.com\/store\/wp-json\/wp\/v2\/comments?post=17526"}],"wp:featuredmedia":[{"embeddable":true,"href":"https:\/\/www.bazarbonino.com\/store\/wp-json\/wp\/v2\/media\/17528"}],"wp:attachment":[{"href":"https:\/\/www.bazarbonino.com\/store\/wp-json\/wp\/v2\/media?parent=17526"}],"wp:term":[{"taxonomy":"product_brand","embeddable":true,"href":"https:\/\/www.bazarbonino.com\/store\/wp-json\/wp\/v2\/product_brand?post=17526"},{"taxonomy":"product_cat","embeddable":true,"href":"https:\/\/www.bazarbonino.com\/store\/wp-json\/wp\/v2\/product_cat?post=17526"},{"taxonomy":"product_tag","embeddable":true,"href":"https:\/\/www.bazarbonino.com\/store\/wp-json\/wp\/v2\/product_tag?post=17526"}],"curies":[{"name":"wp","href":"https:\/\/api.w.org\/{rel}","templated":true}]}}