{"id":17439,"date":"2020-11-12T22:11:40","date_gmt":"2020-11-12T21:11:40","guid":{"rendered":"https:\/\/www.bazarbonino.com\/store\/?post_type=product&#038;p=17439"},"modified":"2020-11-12T22:27:31","modified_gmt":"2020-11-12T21:27:31","slug":"mv0190-mazzo-carte-gamesters","status":"publish","type":"product","link":"https:\/\/www.bazarbonino.com\/store\/prodotto\/mv0190-mazzo-carte-gamesters\/","title":{"rendered":"MV0190 &#8211; Mazzo Carte Gamesters"},"content":{"rendered":"<p><span class=\"VIiyi\" lang=\"it\"><span class=\"JLqJ4b ChMk0b\" data-language-for-alternatives=\"it\" data-language-to-translate-into=\"en\" data-phrase-index=\"6\">MV0190 &#8211; Mazzo Carte Gamesters by Expert Playing Card Co. Progettato per il giocatore di carte moderno, questo design del dorso semplice ed elegante, con il famoso logo &#8220;WI&#8221; di Whispering Imps\u00ae, consente al giocatore di concentrarsi su ci\u00f2 che \u00e8 veramente importante, le figure. Ogni carta \u00e8 stata completamente ridisegnata per qualsiasi giocatore di carte, in qualsiasi gioco, a qualsiasi tavolo.<br \/>\n<\/span><\/span><\/p>\n<p><span class=\"VIiyi\" lang=\"it\"><span class=\"JLqJ4b ChMk0b\" data-language-for-alternatives=\"it\" data-language-to-translate-into=\"en\" data-phrase-index=\"6\">\u00a0<\/span><\/span><\/p>\n<div class=\"AxqVh\">\n<div class=\"OPPzxe\">\n<div class=\"DVHrxd\">\n<div id=\"ow41\" data-show-delay-ms=\"250\" data-append-to-body=\"true\" data-propagate-tooltip-mouseover-events=\"true\" data-anchor-corner=\"bottom-left\" data-popup-corner=\"top-left\">\n<div><\/div>\n<\/div>\n<\/div>\n<\/div>\n<\/div>\n<div class=\"DVHrxd\">\n<div id=\"ow41\" data-show-delay-ms=\"250\" data-append-to-body=\"true\" data-propagate-tooltip-mouseover-events=\"true\" data-anchor-corner=\"bottom-left\" data-popup-corner=\"top-left\"><\/div>\n<\/div>\n<div class=\"UdTY9 BwTYAc\" aria-hidden=\"true\" data-location=\"1\">\n<div class=\"kO6q6e\"><\/div>\n<\/div>\n<div><\/div>\n<div class=\"FFpbKc\">\n<div data-show-delay-ms=\"250\" data-append-to-body=\"true\" data-propagate-tooltip-mouseover-events=\"true\" data-anchor-corner=\"bottom-left\" data-popup-corner=\"top-left\">\n<div><\/div>\n<\/div>\n<\/div>\n<div data-show-delay-ms=\"250\" data-append-to-body=\"true\" data-propagate-tooltip-mouseover-events=\"true\" data-anchor-corner=\"bottom-left\" data-popup-corner=\"top-left\"><\/div>\n<div class=\"r375lc\">\n<div class=\"aJIq1d\" data-language-code=\"en\" data-language-name=\"Inglese\" data-text=\" Superb Deck for Cardistry! The new Virtuoso Fall\/Winter 2017 Deck. All design. No borders. With the Virtuoso Fall\/Winter 2017 Deck's new multi-faceted design, your springs connect more fluidly in three-dimensional space, all while maintaining a beautiful rhythm across the deck. Complementing the deck's edge-to-edge back design, the new shards allow for fluid yet measured patterns, creating a beautiful balance between seamlessness and separation when you spread the cards. Basically, your fans instantly look bigger, bolder, and better. The cards even appear to change color depending on which direction you fan them, and form different patterns depending on the number of cards you use. The Virtuoso Fall\/Winter 2017 Deck features double wraparound stripes with dual tones for delicious fanning. (And its Ace of Spades is pretty hot too!) You'll be thrilled with its new indices, red accents, double color stripes, and gorgeous Queen. Stroboscopic love. \" data-crosslingual-hint=\"null\" data-location=\"1\" data-enable-toggle-playback-speed=\"true\">\n<div data-show-delay-ms=\"250\" data-append-to-body=\"true\" data-propagate-tooltip-mouseover-events=\"true\" data-anchor-corner=\"bottom-left\" data-popup-corner=\"top-left\"><\/div>\n<\/div>\n<\/div>\n<div class=\"dePhmb\">\n<div class=\"eyKpYb\" data-language=\"it\" data-original-language=\"en\" data-result-index=\"0\">\n<div class=\"J0lOec\"><\/div>\n<\/div>\n<\/div>\n<p><span class=\"VIiyi\" lang=\"it\"><span class=\"JLqJ4b ChMk0b\" data-language-for-alternatives=\"it\" data-language-to-translate-into=\"en\" data-phrase-index=\"6\">\u00a0<\/span><\/span><\/p>\n<div class=\"pGxpHc\"><\/div>\n<div class=\"ccvoYb\">\n<div class=\"aCQag\">\n<div class=\"akczyd\">\n<div class=\"X4DQ0 zWsGpc\">\n<div class=\"VfPpkd-AznF2e-ZMv3u\" role=\"tablist\" data-use-automatic-activation=\"false\">\n<div class=\"VfPpkd-AznF2e-vzJc7b\">\n<div class=\"VfPpkd-AznF2e-LUERP-vJ7A6b VfPpkd-AznF2e-LUERP-vJ7A6b-OWXEXe-XuHpsb\"><\/div>\n<\/div>\n<\/div>\n<\/div>\n<\/div>\n<\/div>\n<\/div>\n<div class=\"X4DQ0 zWsGpc\"><\/div>\n<div id=\"ow23\" data-show-delay-ms=\"250\" data-append-to-body=\"true\" data-propagate-tooltip-mouseover-events=\"true\" data-anchor-corner=\"bottom-left\" data-popup-corner=\"top-left\"><\/div>\n<div class=\"dePhmb\">\n<div class=\"eyKpYb\" data-language=\"it\" data-original-language=\"en\" data-result-index=\"0\">\n<div class=\"J0lOec\"><\/div>\n<\/div>\n<\/div>\n<p><span class=\"VIiyi\" lang=\"it\"><span class=\"JLqJ4b ChMk0b\" data-language-for-alternatives=\"it\" data-language-to-translate-into=\"en\" data-phrase-index=\"6\">\u00a0<\/span><\/span><\/p>\n","protected":false},"excerpt":{"rendered":"<p>MV0190 &#8211; Mazzo Carte Gamesters by Expert Playing Card Co. Progettato per il giocatore di carte moderno, questo design del dorso semplice ed elegante, con il famoso logo &#8220;WI&#8221; di Whispering Imps\u00ae, consente al giocatore di concentrarsi su ci\u00f2 che \u00e8 veramente importante, le figure. Ogni carta \u00e8 stata completamente ridisegnata per qualsiasi giocatore di [&hellip;]<\/p>\n","protected":false},"featured_media":17442,"comment_status":"closed","ping_status":"closed","template":"","meta":{"_et_pb_use_builder":"","_et_pb_old_content":"","_et_gb_content_width":""},"product_brand":[],"product_cat":[1514],"product_tag":[2314,2313],"class_list":{"0":"post-17439","1":"product","2":"type-product","3":"status-publish","4":"has-post-thumbnail","6":"product_cat-mazzi-di-carte-altre-marche","7":"product_tag-gamesters-playing-card","8":"product_tag-mazzo-carte-gamesters","9":"pa_colore-nero","10":"pa_colore-rosso","12":"first","13":"instock","14":"taxable","15":"shipping-taxable","16":"purchasable","17":"product-type-variable"},"yoast_head":"<!-- This site is optimized with the Yoast SEO plugin v27.4 - https:\/\/yoast.com\/product\/yoast-seo-wordpress\/ -->\n<title>MV0190 - Mazzo Carte Gamesters - BazarBonino<\/title>\n<meta name=\"description\" content=\"Mazzo Carte Gamesters by Expert Playing Card Co. Progettato per il giocatore di carte moderno, questo design del dorso semplice ed elegante, con il famoso...\" \/>\n<meta name=\"robots\" content=\"index, follow, max-snippet:-1, max-image-preview:large, max-video-preview:-1\" \/>\n<link rel=\"canonical\" href=\"https:\/\/www.bazarbonino.com\/store\/prodotto\/mv0190-mazzo-carte-gamesters\/\" \/>\n<meta property=\"og:locale\" content=\"it_IT\" \/>\n<meta property=\"og:type\" content=\"article\" \/>\n<meta property=\"og:title\" content=\"MV0190 - Mazzo Carte Gamesters - BazarBonino\" \/>\n<meta property=\"og:description\" content=\"Mazzo Carte Gamesters by Expert Playing Card Co. Progettato per il giocatore di carte moderno, questo design del dorso semplice ed elegante, con il famoso...\" \/>\n<meta property=\"og:url\" content=\"https:\/\/www.bazarbonino.com\/store\/prodotto\/mv0190-mazzo-carte-gamesters\/\" \/>\n<meta property=\"og:site_name\" content=\"BazarBonino\" \/>\n<meta property=\"article:publisher\" content=\"https:\/\/www.facebook.com\/bazar.bonino\" \/>\n<meta property=\"article:modified_time\" content=\"2020-11-12T21:27:31+00:00\" \/>\n<meta property=\"og:image\" content=\"https:\/\/www.bazarbonino.com\/store\/wp-content\/uploads\/2020\/11\/MV0190-Mazzo-Carte-Gamesters-2.jpg\" \/>\n\t<meta property=\"og:image:width\" content=\"1512\" \/>\n\t<meta property=\"og:image:height\" content=\"1015\" \/>\n\t<meta property=\"og:image:type\" content=\"image\/jpeg\" \/>\n<meta name=\"twitter:card\" content=\"summary_large_image\" \/>\n<script type=\"application\/ld+json\" class=\"yoast-schema-graph\">{\"@context\":\"https:\\\/\\\/schema.org\",\"@graph\":[{\"@type\":\"WebPage\",\"@id\":\"https:\\\/\\\/www.bazarbonino.com\\\/store\\\/prodotto\\\/mv0190-mazzo-carte-gamesters\\\/\",\"url\":\"https:\\\/\\\/www.bazarbonino.com\\\/store\\\/prodotto\\\/mv0190-mazzo-carte-gamesters\\\/\",\"name\":\"MV0190 - Mazzo Carte Gamesters - BazarBonino\",\"isPartOf\":{\"@id\":\"https:\\\/\\\/www.bazarbonino.com\\\/store\\\/#website\"},\"primaryImageOfPage\":{\"@id\":\"https:\\\/\\\/www.bazarbonino.com\\\/store\\\/prodotto\\\/mv0190-mazzo-carte-gamesters\\\/#primaryimage\"},\"image\":{\"@id\":\"https:\\\/\\\/www.bazarbonino.com\\\/store\\\/prodotto\\\/mv0190-mazzo-carte-gamesters\\\/#primaryimage\"},\"thumbnailUrl\":\"https:\\\/\\\/www.bazarbonino.com\\\/store\\\/wp-content\\\/uploads\\\/2020\\\/11\\\/MV0190-Mazzo-Carte-Gamesters-2.jpg\",\"datePublished\":\"2020-11-12T21:11:40+00:00\",\"dateModified\":\"2020-11-12T21:27:31+00:00\",\"description\":\"Mazzo Carte Gamesters by Expert Playing Card Co. Progettato per il giocatore di carte moderno, questo design del dorso semplice ed elegante, con il famoso...\",\"breadcrumb\":{\"@id\":\"https:\\\/\\\/www.bazarbonino.com\\\/store\\\/prodotto\\\/mv0190-mazzo-carte-gamesters\\\/#breadcrumb\"},\"inLanguage\":\"it-IT\",\"potentialAction\":[{\"@type\":\"ReadAction\",\"target\":[\"https:\\\/\\\/www.bazarbonino.com\\\/store\\\/prodotto\\\/mv0190-mazzo-carte-gamesters\\\/\"]}]},{\"@type\":\"ImageObject\",\"inLanguage\":\"it-IT\",\"@id\":\"https:\\\/\\\/www.bazarbonino.com\\\/store\\\/prodotto\\\/mv0190-mazzo-carte-gamesters\\\/#primaryimage\",\"url\":\"https:\\\/\\\/www.bazarbonino.com\\\/store\\\/wp-content\\\/uploads\\\/2020\\\/11\\\/MV0190-Mazzo-Carte-Gamesters-2.jpg\",\"contentUrl\":\"https:\\\/\\\/www.bazarbonino.com\\\/store\\\/wp-content\\\/uploads\\\/2020\\\/11\\\/MV0190-Mazzo-Carte-Gamesters-2.jpg\",\"width\":1512,\"height\":1015,\"caption\":\"MV0190 - Mazzo Carte Gamesters\"},{\"@type\":\"BreadcrumbList\",\"@id\":\"https:\\\/\\\/www.bazarbonino.com\\\/store\\\/prodotto\\\/mv0190-mazzo-carte-gamesters\\\/#breadcrumb\",\"itemListElement\":[{\"@type\":\"ListItem\",\"position\":1,\"name\":\"Home\",\"item\":\"https:\\\/\\\/www.bazarbonino.com\\\/store\\\/\"},{\"@type\":\"ListItem\",\"position\":2,\"name\":\"Catalogo\",\"item\":\"https:\\\/\\\/www.bazarbonino.com\\\/store\\\/shop\\\/\"},{\"@type\":\"ListItem\",\"position\":3,\"name\":\"MV0190 &#8211; Mazzo Carte Gamesters\"}]},{\"@type\":\"WebSite\",\"@id\":\"https:\\\/\\\/www.bazarbonino.com\\\/store\\\/#website\",\"url\":\"https:\\\/\\\/www.bazarbonino.com\\\/store\\\/\",\"name\":\"BazarBonino\",\"description\":\"\",\"potentialAction\":[{\"@type\":\"SearchAction\",\"target\":{\"@type\":\"EntryPoint\",\"urlTemplate\":\"https:\\\/\\\/www.bazarbonino.com\\\/store\\\/?s={search_term_string}\"},\"query-input\":{\"@type\":\"PropertyValueSpecification\",\"valueRequired\":true,\"valueName\":\"search_term_string\"}}],\"inLanguage\":\"it-IT\"}]}<\/script>\n<!-- \/ Yoast SEO plugin. -->","yoast_head_json":{"title":"MV0190 - Mazzo Carte Gamesters - BazarBonino","description":"Mazzo Carte Gamesters by Expert Playing Card Co. Progettato per il giocatore di carte moderno, questo design del dorso semplice ed elegante, con il famoso...","robots":{"index":"index","follow":"follow","max-snippet":"max-snippet:-1","max-image-preview":"max-image-preview:large","max-video-preview":"max-video-preview:-1"},"canonical":"https:\/\/www.bazarbonino.com\/store\/prodotto\/mv0190-mazzo-carte-gamesters\/","og_locale":"it_IT","og_type":"article","og_title":"MV0190 - Mazzo Carte Gamesters - BazarBonino","og_description":"Mazzo Carte Gamesters by Expert Playing Card Co. Progettato per il giocatore di carte moderno, questo design del dorso semplice ed elegante, con il famoso...","og_url":"https:\/\/www.bazarbonino.com\/store\/prodotto\/mv0190-mazzo-carte-gamesters\/","og_site_name":"BazarBonino","article_publisher":"https:\/\/www.facebook.com\/bazar.bonino","article_modified_time":"2020-11-12T21:27:31+00:00","og_image":[{"width":1512,"height":1015,"url":"https:\/\/www.bazarbonino.com\/store\/wp-content\/uploads\/2020\/11\/MV0190-Mazzo-Carte-Gamesters-2.jpg","type":"image\/jpeg"}],"twitter_card":"summary_large_image","schema":{"@context":"https:\/\/schema.org","@graph":[{"@type":"WebPage","@id":"https:\/\/www.bazarbonino.com\/store\/prodotto\/mv0190-mazzo-carte-gamesters\/","url":"https:\/\/www.bazarbonino.com\/store\/prodotto\/mv0190-mazzo-carte-gamesters\/","name":"MV0190 - Mazzo Carte Gamesters - BazarBonino","isPartOf":{"@id":"https:\/\/www.bazarbonino.com\/store\/#website"},"primaryImageOfPage":{"@id":"https:\/\/www.bazarbonino.com\/store\/prodotto\/mv0190-mazzo-carte-gamesters\/#primaryimage"},"image":{"@id":"https:\/\/www.bazarbonino.com\/store\/prodotto\/mv0190-mazzo-carte-gamesters\/#primaryimage"},"thumbnailUrl":"https:\/\/www.bazarbonino.com\/store\/wp-content\/uploads\/2020\/11\/MV0190-Mazzo-Carte-Gamesters-2.jpg","datePublished":"2020-11-12T21:11:40+00:00","dateModified":"2020-11-12T21:27:31+00:00","description":"Mazzo Carte Gamesters by Expert Playing Card Co. Progettato per il giocatore di carte moderno, questo design del dorso semplice ed elegante, con il famoso...","breadcrumb":{"@id":"https:\/\/www.bazarbonino.com\/store\/prodotto\/mv0190-mazzo-carte-gamesters\/#breadcrumb"},"inLanguage":"it-IT","potentialAction":[{"@type":"ReadAction","target":["https:\/\/www.bazarbonino.com\/store\/prodotto\/mv0190-mazzo-carte-gamesters\/"]}]},{"@type":"ImageObject","inLanguage":"it-IT","@id":"https:\/\/www.bazarbonino.com\/store\/prodotto\/mv0190-mazzo-carte-gamesters\/#primaryimage","url":"https:\/\/www.bazarbonino.com\/store\/wp-content\/uploads\/2020\/11\/MV0190-Mazzo-Carte-Gamesters-2.jpg","contentUrl":"https:\/\/www.bazarbonino.com\/store\/wp-content\/uploads\/2020\/11\/MV0190-Mazzo-Carte-Gamesters-2.jpg","width":1512,"height":1015,"caption":"MV0190 - Mazzo Carte Gamesters"},{"@type":"BreadcrumbList","@id":"https:\/\/www.bazarbonino.com\/store\/prodotto\/mv0190-mazzo-carte-gamesters\/#breadcrumb","itemListElement":[{"@type":"ListItem","position":1,"name":"Home","item":"https:\/\/www.bazarbonino.com\/store\/"},{"@type":"ListItem","position":2,"name":"Catalogo","item":"https:\/\/www.bazarbonino.com\/store\/shop\/"},{"@type":"ListItem","position":3,"name":"MV0190 &#8211; Mazzo Carte Gamesters"}]},{"@type":"WebSite","@id":"https:\/\/www.bazarbonino.com\/store\/#website","url":"https:\/\/www.bazarbonino.com\/store\/","name":"BazarBonino","description":"","potentialAction":[{"@type":"SearchAction","target":{"@type":"EntryPoint","urlTemplate":"https:\/\/www.bazarbonino.com\/store\/?s={search_term_string}"},"query-input":{"@type":"PropertyValueSpecification","valueRequired":true,"valueName":"search_term_string"}}],"inLanguage":"it-IT"}]}},"_links":{"self":[{"href":"https:\/\/www.bazarbonino.com\/store\/wp-json\/wp\/v2\/product\/17439","targetHints":{"allow":["GET"]}}],"collection":[{"href":"https:\/\/www.bazarbonino.com\/store\/wp-json\/wp\/v2\/product"}],"about":[{"href":"https:\/\/www.bazarbonino.com\/store\/wp-json\/wp\/v2\/types\/product"}],"replies":[{"embeddable":true,"href":"https:\/\/www.bazarbonino.com\/store\/wp-json\/wp\/v2\/comments?post=17439"}],"wp:featuredmedia":[{"embeddable":true,"href":"https:\/\/www.bazarbonino.com\/store\/wp-json\/wp\/v2\/media\/17442"}],"wp:attachment":[{"href":"https:\/\/www.bazarbonino.com\/store\/wp-json\/wp\/v2\/media?parent=17439"}],"wp:term":[{"taxonomy":"product_brand","embeddable":true,"href":"https:\/\/www.bazarbonino.com\/store\/wp-json\/wp\/v2\/product_brand?post=17439"},{"taxonomy":"product_cat","embeddable":true,"href":"https:\/\/www.bazarbonino.com\/store\/wp-json\/wp\/v2\/product_cat?post=17439"},{"taxonomy":"product_tag","embeddable":true,"href":"https:\/\/www.bazarbonino.com\/store\/wp-json\/wp\/v2\/product_tag?post=17439"}],"curies":[{"name":"wp","href":"https:\/\/api.w.org\/{rel}","templated":true}]}}