{"id":17385,"date":"2020-11-12T00:54:30","date_gmt":"2020-11-11T23:54:30","guid":{"rendered":"https:\/\/www.bazarbonino.com\/store\/?post_type=product&#038;p=17385"},"modified":"2022-03-04T18:17:25","modified_gmt":"2022-03-04T17:17:25","slug":"mv0180-mazzo-carte-the-planets-mercury","status":"publish","type":"product","link":"https:\/\/www.bazarbonino.com\/store\/prodotto\/mv0180-mazzo-carte-the-planets-mercury\/","title":{"rendered":"MV0180 &#8211; Mazzo Carte The Planets Mercury"},"content":{"rendered":"<p><span class=\"VIiyi\" lang=\"it\"><span class=\"JLqJ4b ChMk0b\" data-language-for-alternatives=\"it\" data-language-to-translate-into=\"en\" data-phrase-index=\"6\">MV0180 &#8211; Mazzo Carte The Planets Mercury Divertiti ad esplorare il nostro universo con questa meravigliosa serie di carte da gioco. Ecco Mercurio! The Planets \u00e8 una raccolta di mazzi che rappresentano i pianeti del nostro sistema solare, che iniziano pi\u00f9 vicini al Sole e si spostano verso l&#8217;esterno nell&#8217;universo circostante. Il primo mazzo di questa serie \u00e8 Mercury, con creature con una pelle resistente al calore simile a una pietra. Progettato da Srdjan Vidakovic, questo \u00e8 il secondo progetto creato per la serie Vanda Artists.<br \/>\n<\/span><\/span><\/p>\n<div class=\"AxqVh\">\n<div class=\"OPPzxe\">\n<div class=\"DVHrxd\">\n<div id=\"ow41\" data-show-delay-ms=\"250\" data-append-to-body=\"true\" data-propagate-tooltip-mouseover-events=\"true\" data-anchor-corner=\"bottom-left\" data-popup-corner=\"top-left\">\n<div><\/div>\n<\/div>\n<\/div>\n<\/div>\n<\/div>\n<div class=\"DVHrxd\">\n<div id=\"ow41\" data-show-delay-ms=\"250\" data-append-to-body=\"true\" data-propagate-tooltip-mouseover-events=\"true\" data-anchor-corner=\"bottom-left\" data-popup-corner=\"top-left\"><\/div>\n<\/div>\n<div class=\"UdTY9 BwTYAc\" aria-hidden=\"true\" data-location=\"1\">\n<div class=\"kO6q6e\"><\/div>\n<\/div>\n<div><\/div>\n<div class=\"FFpbKc\">\n<div data-show-delay-ms=\"250\" data-append-to-body=\"true\" data-propagate-tooltip-mouseover-events=\"true\" data-anchor-corner=\"bottom-left\" data-popup-corner=\"top-left\">\n<div><\/div>\n<\/div>\n<\/div>\n<div data-show-delay-ms=\"250\" data-append-to-body=\"true\" data-propagate-tooltip-mouseover-events=\"true\" data-anchor-corner=\"bottom-left\" data-popup-corner=\"top-left\"><\/div>\n<div class=\"r375lc\">\n<div class=\"aJIq1d\" data-language-code=\"en\" data-language-name=\"Inglese\" data-text=\" Superb Deck for Cardistry! The new Virtuoso Fall\/Winter 2017 Deck. All design. No borders. With the Virtuoso Fall\/Winter 2017 Deck's new multi-faceted design, your springs connect more fluidly in three-dimensional space, all while maintaining a beautiful rhythm across the deck. Complementing the deck's edge-to-edge back design, the new shards allow for fluid yet measured patterns, creating a beautiful balance between seamlessness and separation when you spread the cards. Basically, your fans instantly look bigger, bolder, and better. The cards even appear to change color depending on which direction you fan them, and form different patterns depending on the number of cards you use. The Virtuoso Fall\/Winter 2017 Deck features double wraparound stripes with dual tones for delicious fanning. (And its Ace of Spades is pretty hot too!) You'll be thrilled with its new indices, red accents, double color stripes, and gorgeous Queen. Stroboscopic love. \" data-crosslingual-hint=\"null\" data-location=\"1\" data-enable-toggle-playback-speed=\"true\">\n<div data-show-delay-ms=\"250\" data-append-to-body=\"true\" data-propagate-tooltip-mouseover-events=\"true\" data-anchor-corner=\"bottom-left\" data-popup-corner=\"top-left\"><\/div>\n<\/div>\n<\/div>\n<div class=\"dePhmb\">\n<div class=\"eyKpYb\" data-language=\"it\" data-original-language=\"en\" data-result-index=\"0\">\n<div class=\"J0lOec\"><\/div>\n<\/div>\n<\/div>\n<p><span class=\"VIiyi\" lang=\"it\"><span class=\"JLqJ4b ChMk0b\" data-language-for-alternatives=\"it\" data-language-to-translate-into=\"en\" data-phrase-index=\"6\">\u00a0<\/span><\/span><\/p>\n<div class=\"pGxpHc\"><\/div>\n<div class=\"ccvoYb\">\n<div class=\"aCQag\">\n<div class=\"akczyd\">\n<div class=\"X4DQ0 zWsGpc\">\n<div class=\"VfPpkd-AznF2e-ZMv3u\" role=\"tablist\" data-use-automatic-activation=\"false\">\n<div class=\"VfPpkd-AznF2e-vzJc7b\">\n<div class=\"VfPpkd-AznF2e-LUERP-vJ7A6b VfPpkd-AznF2e-LUERP-vJ7A6b-OWXEXe-XuHpsb\"><\/div>\n<\/div>\n<\/div>\n<\/div>\n<\/div>\n<\/div>\n<\/div>\n<div class=\"X4DQ0 zWsGpc\"><\/div>\n<div id=\"ow23\" data-show-delay-ms=\"250\" data-append-to-body=\"true\" data-propagate-tooltip-mouseover-events=\"true\" data-anchor-corner=\"bottom-left\" data-popup-corner=\"top-left\"><\/div>\n<div class=\"dePhmb\">\n<div class=\"eyKpYb\" data-language=\"it\" data-original-language=\"en\" data-result-index=\"0\">\n<div class=\"J0lOec\"><\/div>\n<\/div>\n<\/div>\n<p><span class=\"VIiyi\" lang=\"it\"><span class=\"JLqJ4b ChMk0b\" data-language-for-alternatives=\"it\" data-language-to-translate-into=\"en\" data-phrase-index=\"6\">\u00a0<\/span><\/span><\/p>\n","protected":false},"excerpt":{"rendered":"<p>DISPONIBILE<\/p>\n","protected":false},"featured_media":17386,"comment_status":"closed","ping_status":"closed","template":"","meta":{"_et_pb_use_builder":"","_et_pb_old_content":"","_et_gb_content_width":""},"product_brand":[],"product_cat":[1514],"product_tag":[2299,2300],"class_list":{"0":"post-17385","1":"product","2":"type-product","3":"status-publish","4":"has-post-thumbnail","6":"product_cat-mazzi-di-carte-altre-marche","7":"product_tag-mazzo-carte-the-planets-mercury","8":"product_tag-the-planets-mercury-playing-card","10":"first","11":"instock","12":"taxable","13":"shipping-taxable","14":"purchasable","15":"product-type-simple"},"yoast_head":"<!-- This site is optimized with the Yoast SEO plugin v27.2 - https:\/\/yoast.com\/product\/yoast-seo-wordpress\/ -->\n<title>MV0180 - Mazzo Carte The Planets Mercury - BazarBonino<\/title>\n<meta name=\"description\" content=\"Mazzo Carte The Planets Mercury E&#039; una raccolta di mazzi che rappresentano i pianeti del nostro sistema solare, che iniziano pi\u00f9 vicini al Sole...\" \/>\n<meta name=\"robots\" content=\"index, follow, max-snippet:-1, max-image-preview:large, max-video-preview:-1\" \/>\n<link rel=\"canonical\" href=\"https:\/\/www.bazarbonino.com\/store\/prodotto\/mv0180-mazzo-carte-the-planets-mercury\/\" \/>\n<meta property=\"og:locale\" content=\"it_IT\" \/>\n<meta property=\"og:type\" content=\"article\" \/>\n<meta property=\"og:title\" content=\"MV0180 - Mazzo Carte The Planets Mercury - BazarBonino\" \/>\n<meta property=\"og:description\" content=\"Mazzo Carte The Planets Mercury E&#039; una raccolta di mazzi che rappresentano i pianeti del nostro sistema solare, che iniziano pi\u00f9 vicini al Sole...\" \/>\n<meta property=\"og:url\" content=\"https:\/\/www.bazarbonino.com\/store\/prodotto\/mv0180-mazzo-carte-the-planets-mercury\/\" \/>\n<meta property=\"og:site_name\" content=\"BazarBonino\" \/>\n<meta property=\"article:publisher\" content=\"https:\/\/www.facebook.com\/bazar.bonino\" \/>\n<meta property=\"article:modified_time\" content=\"2022-03-04T17:17:25+00:00\" \/>\n<meta property=\"og:image\" content=\"https:\/\/www.bazarbonino.com\/store\/wp-content\/uploads\/2020\/11\/MV0180-Mazzo-Carte-The-Planets-Mercury.jpg\" \/>\n\t<meta property=\"og:image:width\" content=\"1512\" \/>\n\t<meta property=\"og:image:height\" content=\"1015\" \/>\n\t<meta property=\"og:image:type\" content=\"image\/jpeg\" \/>\n<meta name=\"twitter:card\" content=\"summary_large_image\" \/>\n<script type=\"application\/ld+json\" class=\"yoast-schema-graph\">{\"@context\":\"https:\/\/schema.org\",\"@graph\":[{\"@type\":\"WebPage\",\"@id\":\"https:\/\/www.bazarbonino.com\/store\/prodotto\/mv0180-mazzo-carte-the-planets-mercury\/\",\"url\":\"https:\/\/www.bazarbonino.com\/store\/prodotto\/mv0180-mazzo-carte-the-planets-mercury\/\",\"name\":\"MV0180 - Mazzo Carte The Planets Mercury - BazarBonino\",\"isPartOf\":{\"@id\":\"https:\/\/www.bazarbonino.com\/store\/#website\"},\"primaryImageOfPage\":{\"@id\":\"https:\/\/www.bazarbonino.com\/store\/prodotto\/mv0180-mazzo-carte-the-planets-mercury\/#primaryimage\"},\"image\":{\"@id\":\"https:\/\/www.bazarbonino.com\/store\/prodotto\/mv0180-mazzo-carte-the-planets-mercury\/#primaryimage\"},\"thumbnailUrl\":\"https:\/\/www.bazarbonino.com\/store\/wp-content\/uploads\/2020\/11\/MV0180-Mazzo-Carte-The-Planets-Mercury.jpg\",\"datePublished\":\"2020-11-11T23:54:30+00:00\",\"dateModified\":\"2022-03-04T17:17:25+00:00\",\"description\":\"Mazzo Carte The Planets Mercury E' una raccolta di mazzi che rappresentano i pianeti del nostro sistema solare, che iniziano pi\u00f9 vicini al Sole...\",\"breadcrumb\":{\"@id\":\"https:\/\/www.bazarbonino.com\/store\/prodotto\/mv0180-mazzo-carte-the-planets-mercury\/#breadcrumb\"},\"inLanguage\":\"it-IT\",\"potentialAction\":[{\"@type\":\"ReadAction\",\"target\":[\"https:\/\/www.bazarbonino.com\/store\/prodotto\/mv0180-mazzo-carte-the-planets-mercury\/\"]}]},{\"@type\":\"ImageObject\",\"inLanguage\":\"it-IT\",\"@id\":\"https:\/\/www.bazarbonino.com\/store\/prodotto\/mv0180-mazzo-carte-the-planets-mercury\/#primaryimage\",\"url\":\"https:\/\/www.bazarbonino.com\/store\/wp-content\/uploads\/2020\/11\/MV0180-Mazzo-Carte-The-Planets-Mercury.jpg\",\"contentUrl\":\"https:\/\/www.bazarbonino.com\/store\/wp-content\/uploads\/2020\/11\/MV0180-Mazzo-Carte-The-Planets-Mercury.jpg\",\"width\":1512,\"height\":1015,\"caption\":\"MV0180 - Mazzo Carte The Planets Mercury\"},{\"@type\":\"BreadcrumbList\",\"@id\":\"https:\/\/www.bazarbonino.com\/store\/prodotto\/mv0180-mazzo-carte-the-planets-mercury\/#breadcrumb\",\"itemListElement\":[{\"@type\":\"ListItem\",\"position\":1,\"name\":\"Home\",\"item\":\"https:\/\/www.bazarbonino.com\/store\/\"},{\"@type\":\"ListItem\",\"position\":2,\"name\":\"Catalogo\",\"item\":\"https:\/\/www.bazarbonino.com\/store\/shop\/\"},{\"@type\":\"ListItem\",\"position\":3,\"name\":\"MV0180 &#8211; Mazzo Carte The Planets Mercury\"}]},{\"@type\":\"WebSite\",\"@id\":\"https:\/\/www.bazarbonino.com\/store\/#website\",\"url\":\"https:\/\/www.bazarbonino.com\/store\/\",\"name\":\"BazarBonino\",\"description\":\"\",\"potentialAction\":[{\"@type\":\"SearchAction\",\"target\":{\"@type\":\"EntryPoint\",\"urlTemplate\":\"https:\/\/www.bazarbonino.com\/store\/?s={search_term_string}\"},\"query-input\":{\"@type\":\"PropertyValueSpecification\",\"valueRequired\":true,\"valueName\":\"search_term_string\"}}],\"inLanguage\":\"it-IT\"}]}<\/script>\n<!-- \/ Yoast SEO plugin. -->","yoast_head_json":{"title":"MV0180 - Mazzo Carte The Planets Mercury - BazarBonino","description":"Mazzo Carte The Planets Mercury E' una raccolta di mazzi che rappresentano i pianeti del nostro sistema solare, che iniziano pi\u00f9 vicini al Sole...","robots":{"index":"index","follow":"follow","max-snippet":"max-snippet:-1","max-image-preview":"max-image-preview:large","max-video-preview":"max-video-preview:-1"},"canonical":"https:\/\/www.bazarbonino.com\/store\/prodotto\/mv0180-mazzo-carte-the-planets-mercury\/","og_locale":"it_IT","og_type":"article","og_title":"MV0180 - Mazzo Carte The Planets Mercury - BazarBonino","og_description":"Mazzo Carte The Planets Mercury E' una raccolta di mazzi che rappresentano i pianeti del nostro sistema solare, che iniziano pi\u00f9 vicini al Sole...","og_url":"https:\/\/www.bazarbonino.com\/store\/prodotto\/mv0180-mazzo-carte-the-planets-mercury\/","og_site_name":"BazarBonino","article_publisher":"https:\/\/www.facebook.com\/bazar.bonino","article_modified_time":"2022-03-04T17:17:25+00:00","og_image":[{"width":1512,"height":1015,"url":"https:\/\/www.bazarbonino.com\/store\/wp-content\/uploads\/2020\/11\/MV0180-Mazzo-Carte-The-Planets-Mercury.jpg","type":"image\/jpeg"}],"twitter_card":"summary_large_image","schema":{"@context":"https:\/\/schema.org","@graph":[{"@type":"WebPage","@id":"https:\/\/www.bazarbonino.com\/store\/prodotto\/mv0180-mazzo-carte-the-planets-mercury\/","url":"https:\/\/www.bazarbonino.com\/store\/prodotto\/mv0180-mazzo-carte-the-planets-mercury\/","name":"MV0180 - Mazzo Carte The Planets Mercury - BazarBonino","isPartOf":{"@id":"https:\/\/www.bazarbonino.com\/store\/#website"},"primaryImageOfPage":{"@id":"https:\/\/www.bazarbonino.com\/store\/prodotto\/mv0180-mazzo-carte-the-planets-mercury\/#primaryimage"},"image":{"@id":"https:\/\/www.bazarbonino.com\/store\/prodotto\/mv0180-mazzo-carte-the-planets-mercury\/#primaryimage"},"thumbnailUrl":"https:\/\/www.bazarbonino.com\/store\/wp-content\/uploads\/2020\/11\/MV0180-Mazzo-Carte-The-Planets-Mercury.jpg","datePublished":"2020-11-11T23:54:30+00:00","dateModified":"2022-03-04T17:17:25+00:00","description":"Mazzo Carte The Planets Mercury E' una raccolta di mazzi che rappresentano i pianeti del nostro sistema solare, che iniziano pi\u00f9 vicini al Sole...","breadcrumb":{"@id":"https:\/\/www.bazarbonino.com\/store\/prodotto\/mv0180-mazzo-carte-the-planets-mercury\/#breadcrumb"},"inLanguage":"it-IT","potentialAction":[{"@type":"ReadAction","target":["https:\/\/www.bazarbonino.com\/store\/prodotto\/mv0180-mazzo-carte-the-planets-mercury\/"]}]},{"@type":"ImageObject","inLanguage":"it-IT","@id":"https:\/\/www.bazarbonino.com\/store\/prodotto\/mv0180-mazzo-carte-the-planets-mercury\/#primaryimage","url":"https:\/\/www.bazarbonino.com\/store\/wp-content\/uploads\/2020\/11\/MV0180-Mazzo-Carte-The-Planets-Mercury.jpg","contentUrl":"https:\/\/www.bazarbonino.com\/store\/wp-content\/uploads\/2020\/11\/MV0180-Mazzo-Carte-The-Planets-Mercury.jpg","width":1512,"height":1015,"caption":"MV0180 - Mazzo Carte The Planets Mercury"},{"@type":"BreadcrumbList","@id":"https:\/\/www.bazarbonino.com\/store\/prodotto\/mv0180-mazzo-carte-the-planets-mercury\/#breadcrumb","itemListElement":[{"@type":"ListItem","position":1,"name":"Home","item":"https:\/\/www.bazarbonino.com\/store\/"},{"@type":"ListItem","position":2,"name":"Catalogo","item":"https:\/\/www.bazarbonino.com\/store\/shop\/"},{"@type":"ListItem","position":3,"name":"MV0180 &#8211; Mazzo Carte The Planets Mercury"}]},{"@type":"WebSite","@id":"https:\/\/www.bazarbonino.com\/store\/#website","url":"https:\/\/www.bazarbonino.com\/store\/","name":"BazarBonino","description":"","potentialAction":[{"@type":"SearchAction","target":{"@type":"EntryPoint","urlTemplate":"https:\/\/www.bazarbonino.com\/store\/?s={search_term_string}"},"query-input":{"@type":"PropertyValueSpecification","valueRequired":true,"valueName":"search_term_string"}}],"inLanguage":"it-IT"}]}},"_links":{"self":[{"href":"https:\/\/www.bazarbonino.com\/store\/wp-json\/wp\/v2\/product\/17385","targetHints":{"allow":["GET"]}}],"collection":[{"href":"https:\/\/www.bazarbonino.com\/store\/wp-json\/wp\/v2\/product"}],"about":[{"href":"https:\/\/www.bazarbonino.com\/store\/wp-json\/wp\/v2\/types\/product"}],"replies":[{"embeddable":true,"href":"https:\/\/www.bazarbonino.com\/store\/wp-json\/wp\/v2\/comments?post=17385"}],"wp:featuredmedia":[{"embeddable":true,"href":"https:\/\/www.bazarbonino.com\/store\/wp-json\/wp\/v2\/media\/17386"}],"wp:attachment":[{"href":"https:\/\/www.bazarbonino.com\/store\/wp-json\/wp\/v2\/media?parent=17385"}],"wp:term":[{"taxonomy":"product_brand","embeddable":true,"href":"https:\/\/www.bazarbonino.com\/store\/wp-json\/wp\/v2\/product_brand?post=17385"},{"taxonomy":"product_cat","embeddable":true,"href":"https:\/\/www.bazarbonino.com\/store\/wp-json\/wp\/v2\/product_cat?post=17385"},{"taxonomy":"product_tag","embeddable":true,"href":"https:\/\/www.bazarbonino.com\/store\/wp-json\/wp\/v2\/product_tag?post=17385"}],"curies":[{"name":"wp","href":"https:\/\/api.w.org\/{rel}","templated":true}]}}