{"id":17379,"date":"2020-11-12T00:26:41","date_gmt":"2020-11-11T23:26:41","guid":{"rendered":"https:\/\/www.bazarbonino.com\/store\/?post_type=product&#038;p=17379"},"modified":"2020-11-12T00:36:11","modified_gmt":"2020-11-11T23:36:11","slug":"mv0175-mazzo-carte-tessellatus","status":"publish","type":"product","link":"https:\/\/www.bazarbonino.com\/store\/prodotto\/mv0175-mazzo-carte-tessellatus\/","title":{"rendered":"MV0175 &#8211; Mazzo Carte Tessellatus"},"content":{"rendered":"<p><span class=\"VIiyi\" lang=\"it\"><span class=\"JLqJ4b ChMk0b\" data-language-for-alternatives=\"it\" data-language-to-translate-into=\"en\" data-phrase-index=\"6\"><span class=\"JLqJ4b\" data-language-for-alternatives=\"it\" data-language-to-translate-into=\"en\" data-phrase-index=\"0\">MV0175 &#8211; Mazzo Carte Tessellatus Progettato appositamente per il cardistry e i trucchi magici dalle carte di Bryan Fang di Hunkydory, il mazzo di carte da gioco Tessellatus \u00e8 completamente personalizzato e le figure sono progettate con lo stesso vivace colore e tema del mosaico. Il design \u00e8 focalizzato per accentuare ogni svolazzo, come rotazioni, ventagli e cos\u00ec via. Ti consente inoltre di raggiungere il pieno potenziale e raggiungere nuove vette quando fiorisci con i colori vivaci. Il retro della carta sfrutta lo stile al vivo e senza bordi, consente al design di ingrandirsi visivamente, facendo anche s\u00ec che ogni carta si fonda perfettamente insieme, organizzando nuove forme. Caratteristiche: Stampato da USPCC Finitura Linoid Stock schiacciato Maneggevolezza impeccabile Nessuna ristampa Design posteriore senza bordi Stile artistico geometrico completamente personalizzato. <\/span><br \/>\n<\/span><\/span><\/p>\n<div class=\"AxqVh\">\n<div class=\"OPPzxe\">\n<div class=\"DVHrxd\">\n<div id=\"ow41\" data-show-delay-ms=\"250\" data-append-to-body=\"true\" data-propagate-tooltip-mouseover-events=\"true\" data-anchor-corner=\"bottom-left\" data-popup-corner=\"top-left\">\n<div><\/div>\n<\/div>\n<\/div>\n<\/div>\n<\/div>\n<div class=\"DVHrxd\">\n<div id=\"ow41\" data-show-delay-ms=\"250\" data-append-to-body=\"true\" data-propagate-tooltip-mouseover-events=\"true\" data-anchor-corner=\"bottom-left\" data-popup-corner=\"top-left\"><\/div>\n<\/div>\n<div class=\"UdTY9 BwTYAc\" aria-hidden=\"true\" data-location=\"1\">\n<div class=\"kO6q6e\"><\/div>\n<\/div>\n<div><\/div>\n<div class=\"FFpbKc\">\n<div data-show-delay-ms=\"250\" data-append-to-body=\"true\" data-propagate-tooltip-mouseover-events=\"true\" data-anchor-corner=\"bottom-left\" data-popup-corner=\"top-left\">\n<div><\/div>\n<\/div>\n<\/div>\n<div data-show-delay-ms=\"250\" data-append-to-body=\"true\" data-propagate-tooltip-mouseover-events=\"true\" data-anchor-corner=\"bottom-left\" data-popup-corner=\"top-left\"><\/div>\n<div class=\"r375lc\">\n<div class=\"aJIq1d\" data-language-code=\"en\" data-language-name=\"Inglese\" data-text=\" Superb Deck for Cardistry! The new Virtuoso Fall\/Winter 2017 Deck. All design. No borders. With the Virtuoso Fall\/Winter 2017 Deck's new multi-faceted design, your springs connect more fluidly in three-dimensional space, all while maintaining a beautiful rhythm across the deck. Complementing the deck's edge-to-edge back design, the new shards allow for fluid yet measured patterns, creating a beautiful balance between seamlessness and separation when you spread the cards. Basically, your fans instantly look bigger, bolder, and better. The cards even appear to change color depending on which direction you fan them, and form different patterns depending on the number of cards you use. The Virtuoso Fall\/Winter 2017 Deck features double wraparound stripes with dual tones for delicious fanning. (And its Ace of Spades is pretty hot too!) You'll be thrilled with its new indices, red accents, double color stripes, and gorgeous Queen. Stroboscopic love. \" data-crosslingual-hint=\"null\" data-location=\"1\" data-enable-toggle-playback-speed=\"true\">\n<div data-show-delay-ms=\"250\" data-append-to-body=\"true\" data-propagate-tooltip-mouseover-events=\"true\" data-anchor-corner=\"bottom-left\" data-popup-corner=\"top-left\"><\/div>\n<\/div>\n<\/div>\n<div class=\"dePhmb\">\n<div class=\"eyKpYb\" data-language=\"it\" data-original-language=\"en\" data-result-index=\"0\">\n<div class=\"J0lOec\"><\/div>\n<\/div>\n<\/div>\n<p><span class=\"VIiyi\" lang=\"it\"><span class=\"JLqJ4b ChMk0b\" data-language-for-alternatives=\"it\" data-language-to-translate-into=\"en\" data-phrase-index=\"6\">\u00a0<\/span><\/span><\/p>\n<div class=\"pGxpHc\"><\/div>\n<div class=\"ccvoYb\">\n<div class=\"aCQag\">\n<div class=\"akczyd\">\n<div class=\"X4DQ0 zWsGpc\">\n<div class=\"VfPpkd-AznF2e-ZMv3u\" role=\"tablist\" data-use-automatic-activation=\"false\">\n<div class=\"VfPpkd-AznF2e-vzJc7b\">\n<div class=\"VfPpkd-AznF2e-LUERP-vJ7A6b VfPpkd-AznF2e-LUERP-vJ7A6b-OWXEXe-XuHpsb\"><\/div>\n<\/div>\n<\/div>\n<\/div>\n<\/div>\n<\/div>\n<\/div>\n<div class=\"X4DQ0 zWsGpc\"><\/div>\n<div id=\"ow23\" data-show-delay-ms=\"250\" data-append-to-body=\"true\" data-propagate-tooltip-mouseover-events=\"true\" data-anchor-corner=\"bottom-left\" data-popup-corner=\"top-left\"><\/div>\n<div class=\"dePhmb\">\n<div class=\"eyKpYb\" data-language=\"it\" data-original-language=\"en\" data-result-index=\"0\">\n<div class=\"J0lOec\"><\/div>\n<\/div>\n<\/div>\n<p><span class=\"VIiyi\" lang=\"it\"><span class=\"JLqJ4b ChMk0b\" data-language-for-alternatives=\"it\" data-language-to-translate-into=\"en\" data-phrase-index=\"6\">\u00a0<\/span><\/span><\/p>\n","protected":false},"excerpt":{"rendered":"<p>MV0175 &#8211; Mazzo Carte Tessellatus Progettato appositamente per il cardistry e i trucchi magici dalle carte di Bryan Fang di Hunkydory, il mazzo di carte da gioco Tessellatus \u00e8 completamente personalizzato e le figure sono progettate con lo stesso vivace colore e tema del mosaico. Il design \u00e8 focalizzato per accentuare ogni svolazzo, come rotazioni, [&hellip;]<\/p>\n","protected":false},"featured_media":17380,"comment_status":"closed","ping_status":"closed","template":"","meta":{"_et_pb_use_builder":"","_et_pb_old_content":"","_et_gb_content_width":""},"product_brand":[],"product_cat":[1514],"product_tag":[2298],"class_list":{"0":"post-17379","1":"product","2":"type-product","3":"status-publish","4":"has-post-thumbnail","6":"product_cat-mazzi-di-carte-altre-marche","7":"product_tag-mazzo-carte-tessellatus","9":"first","10":"instock","11":"taxable","12":"shipping-taxable","13":"purchasable","14":"product-type-simple"},"yoast_head":"<!-- This site is optimized with the Yoast SEO plugin v27.4 - https:\/\/yoast.com\/product\/yoast-seo-wordpress\/ -->\n<title>MV0175 - Mazzo Carte Tessellatus - BazarBonino<\/title>\n<meta name=\"description\" content=\"Mazzo Carte TessellatusProgettato appositamente per il cardistry e i trucchi magici dalle carte di Bryan Fang di Hunkydory, il mazzo di carte...\" \/>\n<meta name=\"robots\" content=\"index, follow, max-snippet:-1, max-image-preview:large, max-video-preview:-1\" \/>\n<link rel=\"canonical\" href=\"https:\/\/www.bazarbonino.com\/store\/prodotto\/mv0175-mazzo-carte-tessellatus\/\" \/>\n<meta property=\"og:locale\" content=\"it_IT\" \/>\n<meta property=\"og:type\" content=\"article\" \/>\n<meta property=\"og:title\" content=\"MV0175 - Mazzo Carte Tessellatus - BazarBonino\" \/>\n<meta property=\"og:description\" content=\"Mazzo Carte TessellatusProgettato appositamente per il cardistry e i trucchi magici dalle carte di Bryan Fang di Hunkydory, il mazzo di carte...\" \/>\n<meta property=\"og:url\" content=\"https:\/\/www.bazarbonino.com\/store\/prodotto\/mv0175-mazzo-carte-tessellatus\/\" \/>\n<meta property=\"og:site_name\" content=\"BazarBonino\" \/>\n<meta property=\"article:publisher\" content=\"https:\/\/www.facebook.com\/bazar.bonino\" \/>\n<meta property=\"article:modified_time\" content=\"2020-11-11T23:36:11+00:00\" \/>\n<meta property=\"og:image\" content=\"https:\/\/www.bazarbonino.com\/store\/wp-content\/uploads\/2020\/11\/MV0175-Mazzo-Carte-Tessellatus.jpg\" \/>\n\t<meta property=\"og:image:width\" content=\"1512\" \/>\n\t<meta property=\"og:image:height\" content=\"1015\" \/>\n\t<meta property=\"og:image:type\" content=\"image\/jpeg\" \/>\n<meta name=\"twitter:card\" content=\"summary_large_image\" \/>\n<meta name=\"twitter:label1\" content=\"Tempo di lettura stimato\" \/>\n\t<meta name=\"twitter:data1\" content=\"1 minuto\" \/>\n<script type=\"application\/ld+json\" class=\"yoast-schema-graph\">{\"@context\":\"https:\\\/\\\/schema.org\",\"@graph\":[{\"@type\":\"WebPage\",\"@id\":\"https:\\\/\\\/www.bazarbonino.com\\\/store\\\/prodotto\\\/mv0175-mazzo-carte-tessellatus\\\/\",\"url\":\"https:\\\/\\\/www.bazarbonino.com\\\/store\\\/prodotto\\\/mv0175-mazzo-carte-tessellatus\\\/\",\"name\":\"MV0175 - Mazzo Carte Tessellatus - BazarBonino\",\"isPartOf\":{\"@id\":\"https:\\\/\\\/www.bazarbonino.com\\\/store\\\/#website\"},\"primaryImageOfPage\":{\"@id\":\"https:\\\/\\\/www.bazarbonino.com\\\/store\\\/prodotto\\\/mv0175-mazzo-carte-tessellatus\\\/#primaryimage\"},\"image\":{\"@id\":\"https:\\\/\\\/www.bazarbonino.com\\\/store\\\/prodotto\\\/mv0175-mazzo-carte-tessellatus\\\/#primaryimage\"},\"thumbnailUrl\":\"https:\\\/\\\/www.bazarbonino.com\\\/store\\\/wp-content\\\/uploads\\\/2020\\\/11\\\/MV0175-Mazzo-Carte-Tessellatus.jpg\",\"datePublished\":\"2020-11-11T23:26:41+00:00\",\"dateModified\":\"2020-11-11T23:36:11+00:00\",\"description\":\"Mazzo Carte TessellatusProgettato appositamente per il cardistry e i trucchi magici dalle carte di Bryan Fang di Hunkydory, il mazzo di carte...\",\"breadcrumb\":{\"@id\":\"https:\\\/\\\/www.bazarbonino.com\\\/store\\\/prodotto\\\/mv0175-mazzo-carte-tessellatus\\\/#breadcrumb\"},\"inLanguage\":\"it-IT\",\"potentialAction\":[{\"@type\":\"ReadAction\",\"target\":[\"https:\\\/\\\/www.bazarbonino.com\\\/store\\\/prodotto\\\/mv0175-mazzo-carte-tessellatus\\\/\"]}]},{\"@type\":\"ImageObject\",\"inLanguage\":\"it-IT\",\"@id\":\"https:\\\/\\\/www.bazarbonino.com\\\/store\\\/prodotto\\\/mv0175-mazzo-carte-tessellatus\\\/#primaryimage\",\"url\":\"https:\\\/\\\/www.bazarbonino.com\\\/store\\\/wp-content\\\/uploads\\\/2020\\\/11\\\/MV0175-Mazzo-Carte-Tessellatus.jpg\",\"contentUrl\":\"https:\\\/\\\/www.bazarbonino.com\\\/store\\\/wp-content\\\/uploads\\\/2020\\\/11\\\/MV0175-Mazzo-Carte-Tessellatus.jpg\",\"width\":1512,\"height\":1015,\"caption\":\"MV0175 - Mazzo Carte Tessellatus\"},{\"@type\":\"BreadcrumbList\",\"@id\":\"https:\\\/\\\/www.bazarbonino.com\\\/store\\\/prodotto\\\/mv0175-mazzo-carte-tessellatus\\\/#breadcrumb\",\"itemListElement\":[{\"@type\":\"ListItem\",\"position\":1,\"name\":\"Home\",\"item\":\"https:\\\/\\\/www.bazarbonino.com\\\/store\\\/\"},{\"@type\":\"ListItem\",\"position\":2,\"name\":\"Catalogo\",\"item\":\"https:\\\/\\\/www.bazarbonino.com\\\/store\\\/shop\\\/\"},{\"@type\":\"ListItem\",\"position\":3,\"name\":\"MV0175 &#8211; Mazzo Carte Tessellatus\"}]},{\"@type\":\"WebSite\",\"@id\":\"https:\\\/\\\/www.bazarbonino.com\\\/store\\\/#website\",\"url\":\"https:\\\/\\\/www.bazarbonino.com\\\/store\\\/\",\"name\":\"BazarBonino\",\"description\":\"\",\"potentialAction\":[{\"@type\":\"SearchAction\",\"target\":{\"@type\":\"EntryPoint\",\"urlTemplate\":\"https:\\\/\\\/www.bazarbonino.com\\\/store\\\/?s={search_term_string}\"},\"query-input\":{\"@type\":\"PropertyValueSpecification\",\"valueRequired\":true,\"valueName\":\"search_term_string\"}}],\"inLanguage\":\"it-IT\"}]}<\/script>\n<!-- \/ Yoast SEO plugin. -->","yoast_head_json":{"title":"MV0175 - Mazzo Carte Tessellatus - BazarBonino","description":"Mazzo Carte TessellatusProgettato appositamente per il cardistry e i trucchi magici dalle carte di Bryan Fang di Hunkydory, il mazzo di carte...","robots":{"index":"index","follow":"follow","max-snippet":"max-snippet:-1","max-image-preview":"max-image-preview:large","max-video-preview":"max-video-preview:-1"},"canonical":"https:\/\/www.bazarbonino.com\/store\/prodotto\/mv0175-mazzo-carte-tessellatus\/","og_locale":"it_IT","og_type":"article","og_title":"MV0175 - Mazzo Carte Tessellatus - BazarBonino","og_description":"Mazzo Carte TessellatusProgettato appositamente per il cardistry e i trucchi magici dalle carte di Bryan Fang di Hunkydory, il mazzo di carte...","og_url":"https:\/\/www.bazarbonino.com\/store\/prodotto\/mv0175-mazzo-carte-tessellatus\/","og_site_name":"BazarBonino","article_publisher":"https:\/\/www.facebook.com\/bazar.bonino","article_modified_time":"2020-11-11T23:36:11+00:00","og_image":[{"width":1512,"height":1015,"url":"https:\/\/www.bazarbonino.com\/store\/wp-content\/uploads\/2020\/11\/MV0175-Mazzo-Carte-Tessellatus.jpg","type":"image\/jpeg"}],"twitter_card":"summary_large_image","twitter_misc":{"Tempo di lettura stimato":"1 minuto"},"schema":{"@context":"https:\/\/schema.org","@graph":[{"@type":"WebPage","@id":"https:\/\/www.bazarbonino.com\/store\/prodotto\/mv0175-mazzo-carte-tessellatus\/","url":"https:\/\/www.bazarbonino.com\/store\/prodotto\/mv0175-mazzo-carte-tessellatus\/","name":"MV0175 - Mazzo Carte Tessellatus - BazarBonino","isPartOf":{"@id":"https:\/\/www.bazarbonino.com\/store\/#website"},"primaryImageOfPage":{"@id":"https:\/\/www.bazarbonino.com\/store\/prodotto\/mv0175-mazzo-carte-tessellatus\/#primaryimage"},"image":{"@id":"https:\/\/www.bazarbonino.com\/store\/prodotto\/mv0175-mazzo-carte-tessellatus\/#primaryimage"},"thumbnailUrl":"https:\/\/www.bazarbonino.com\/store\/wp-content\/uploads\/2020\/11\/MV0175-Mazzo-Carte-Tessellatus.jpg","datePublished":"2020-11-11T23:26:41+00:00","dateModified":"2020-11-11T23:36:11+00:00","description":"Mazzo Carte TessellatusProgettato appositamente per il cardistry e i trucchi magici dalle carte di Bryan Fang di Hunkydory, il mazzo di carte...","breadcrumb":{"@id":"https:\/\/www.bazarbonino.com\/store\/prodotto\/mv0175-mazzo-carte-tessellatus\/#breadcrumb"},"inLanguage":"it-IT","potentialAction":[{"@type":"ReadAction","target":["https:\/\/www.bazarbonino.com\/store\/prodotto\/mv0175-mazzo-carte-tessellatus\/"]}]},{"@type":"ImageObject","inLanguage":"it-IT","@id":"https:\/\/www.bazarbonino.com\/store\/prodotto\/mv0175-mazzo-carte-tessellatus\/#primaryimage","url":"https:\/\/www.bazarbonino.com\/store\/wp-content\/uploads\/2020\/11\/MV0175-Mazzo-Carte-Tessellatus.jpg","contentUrl":"https:\/\/www.bazarbonino.com\/store\/wp-content\/uploads\/2020\/11\/MV0175-Mazzo-Carte-Tessellatus.jpg","width":1512,"height":1015,"caption":"MV0175 - Mazzo Carte Tessellatus"},{"@type":"BreadcrumbList","@id":"https:\/\/www.bazarbonino.com\/store\/prodotto\/mv0175-mazzo-carte-tessellatus\/#breadcrumb","itemListElement":[{"@type":"ListItem","position":1,"name":"Home","item":"https:\/\/www.bazarbonino.com\/store\/"},{"@type":"ListItem","position":2,"name":"Catalogo","item":"https:\/\/www.bazarbonino.com\/store\/shop\/"},{"@type":"ListItem","position":3,"name":"MV0175 &#8211; Mazzo Carte Tessellatus"}]},{"@type":"WebSite","@id":"https:\/\/www.bazarbonino.com\/store\/#website","url":"https:\/\/www.bazarbonino.com\/store\/","name":"BazarBonino","description":"","potentialAction":[{"@type":"SearchAction","target":{"@type":"EntryPoint","urlTemplate":"https:\/\/www.bazarbonino.com\/store\/?s={search_term_string}"},"query-input":{"@type":"PropertyValueSpecification","valueRequired":true,"valueName":"search_term_string"}}],"inLanguage":"it-IT"}]}},"_links":{"self":[{"href":"https:\/\/www.bazarbonino.com\/store\/wp-json\/wp\/v2\/product\/17379","targetHints":{"allow":["GET"]}}],"collection":[{"href":"https:\/\/www.bazarbonino.com\/store\/wp-json\/wp\/v2\/product"}],"about":[{"href":"https:\/\/www.bazarbonino.com\/store\/wp-json\/wp\/v2\/types\/product"}],"replies":[{"embeddable":true,"href":"https:\/\/www.bazarbonino.com\/store\/wp-json\/wp\/v2\/comments?post=17379"}],"wp:featuredmedia":[{"embeddable":true,"href":"https:\/\/www.bazarbonino.com\/store\/wp-json\/wp\/v2\/media\/17380"}],"wp:attachment":[{"href":"https:\/\/www.bazarbonino.com\/store\/wp-json\/wp\/v2\/media?parent=17379"}],"wp:term":[{"taxonomy":"product_brand","embeddable":true,"href":"https:\/\/www.bazarbonino.com\/store\/wp-json\/wp\/v2\/product_brand?post=17379"},{"taxonomy":"product_cat","embeddable":true,"href":"https:\/\/www.bazarbonino.com\/store\/wp-json\/wp\/v2\/product_cat?post=17379"},{"taxonomy":"product_tag","embeddable":true,"href":"https:\/\/www.bazarbonino.com\/store\/wp-json\/wp\/v2\/product_tag?post=17379"}],"curies":[{"name":"wp","href":"https:\/\/api.w.org\/{rel}","templated":true}]}}