{"id":17365,"date":"2020-11-12T00:01:18","date_gmt":"2020-11-11T23:01:18","guid":{"rendered":"https:\/\/www.bazarbonino.com\/store\/?post_type=product&#038;p=17365"},"modified":"2020-11-12T00:11:32","modified_gmt":"2020-11-11T23:11:32","slug":"mv0170-mazzo-carte-sparkle-point","status":"publish","type":"product","link":"https:\/\/www.bazarbonino.com\/store\/prodotto\/mv0170-mazzo-carte-sparkle-point\/","title":{"rendered":"MV0170 &#8211; Mazzo Carte Sparkle Point"},"content":{"rendered":"<p><span class=\"VIiyi\" lang=\"it\"><span class=\"JLqJ4b ChMk0b\" data-language-for-alternatives=\"it\" data-language-to-translate-into=\"en\" data-phrase-index=\"6\">MV0170 &#8211; Mazzo Carte Sparkle Point <span class=\"JLqJ4b\" data-language-for-alternatives=\"it\" data-language-to-translate-into=\"en\" data-phrase-index=\"0\">Tangram \u00e8 il concetto di design. Sette diversi grafici e varie forme tramite determinati elementi in movimento e geometrici caratterizzano gli aspetti pi\u00f9 caldi di Tangram. Non ci saranno dubbi che scoprirai rapidamente il segreto dei dorsi delle carte. Il retro della carta generale \u00e8 composto da numerosi blocchi e il design della custodia \u00e8 identico al retro della carta. Beige, arancio, verde Pomona e marrone chiaro sono i colori, che ti danno una sensazione di pace. Ma c&#8217;\u00e8 di pi\u00f9! L&#8217;abbiamo chiamato Sparkle Point perch\u00e9 le facce delle carte sono composte da colori scuri: rosso vino, nero, blu turchese e marrone principalmente. Questi vari colori giocano insieme in perfetta armonia. Elementi personalizzati abbinati allo stile classico definiscono il design dei semi e delle carte di corte. I motivi classici sono visibili sul design dei semi, mentre gli elementi personalizzati sono evidenti sulle carte di corte. L&#8217;interazione di questi colori ti far\u00e0 sentire come se avessi in mano il mondo intero. Posso dire senza esagerare, \u00e8 stupefacente quanto il ventaglio di Cardistry. Ogni aspetto di Sparkle Point \u00e8 il suo effetto visivo. Sar\u00e0 la tua migliore pratica e il tuo partner di spettacolo!<\/span> <span class=\"JLqJ4b\" data-language-for-alternatives=\"it\" data-language-to-translate-into=\"en\" data-phrase-index=\"0\">Caratteristiche:Casino stock and Air-Cushion Finish; Design premium ed elementi personalizzati accattivanti; Il lavoro di stampa sar\u00e0 completato da USPCC; Edizione limitata<\/span><br \/>\n<\/span><\/span><\/p>\n<div class=\"AxqVh\">\n<div class=\"OPPzxe\">\n<div class=\"DVHrxd\">\n<div id=\"ow41\" data-show-delay-ms=\"250\" data-append-to-body=\"true\" data-propagate-tooltip-mouseover-events=\"true\" data-anchor-corner=\"bottom-left\" data-popup-corner=\"top-left\">\n<div><\/div>\n<\/div>\n<\/div>\n<\/div>\n<\/div>\n<div class=\"DVHrxd\">\n<div id=\"ow41\" data-show-delay-ms=\"250\" data-append-to-body=\"true\" data-propagate-tooltip-mouseover-events=\"true\" data-anchor-corner=\"bottom-left\" data-popup-corner=\"top-left\"><\/div>\n<\/div>\n<div class=\"UdTY9 BwTYAc\" aria-hidden=\"true\" data-location=\"1\">\n<div class=\"kO6q6e\"><\/div>\n<\/div>\n<div><\/div>\n<div class=\"FFpbKc\">\n<div data-show-delay-ms=\"250\" data-append-to-body=\"true\" data-propagate-tooltip-mouseover-events=\"true\" data-anchor-corner=\"bottom-left\" data-popup-corner=\"top-left\">\n<div><\/div>\n<\/div>\n<\/div>\n<div data-show-delay-ms=\"250\" data-append-to-body=\"true\" data-propagate-tooltip-mouseover-events=\"true\" data-anchor-corner=\"bottom-left\" data-popup-corner=\"top-left\"><\/div>\n<div class=\"r375lc\">\n<div class=\"aJIq1d\" data-language-code=\"en\" data-language-name=\"Inglese\" data-text=\" Superb Deck for Cardistry! \n\nThe new Virtuoso Fall\/Winter 2017 Deck. All design. No borders. \n\nWith the Virtuoso Fall\/Winter 2017 Deck's new multi-faceted design, your springs connect more fluidly in three-dimensional space, all while maintaining a beautiful rhythm across the deck. \n\nComplementing the deck's edge-to-edge back design, the new shards allow for fluid yet measured patterns, creating a beautiful balance between seamlessness and separation when you spread the cards. \n\nBasically, your fans instantly look bigger, bolder, and better. \n\nThe cards even appear to change color depending on which direction you fan them, and form different patterns depending on the number of cards you use. \n\nThe Virtuoso Fall\/Winter 2017 Deck features double wraparound stripes with dual tones for delicious fanning. (And its Ace of Spades is pretty hot too!) \n\nYou'll be thrilled with its new indices, red accents, double color stripes, and gorgeous Queen. \n\nStroboscopic love. \" data-crosslingual-hint=\"null\" data-location=\"1\" data-enable-toggle-playback-speed=\"true\"><\/p>\n<div data-show-delay-ms=\"250\" data-append-to-body=\"true\" data-propagate-tooltip-mouseover-events=\"true\" data-anchor-corner=\"bottom-left\" data-popup-corner=\"top-left\"><\/div>\n<\/div>\n<\/div>\n<div class=\"dePhmb\">\n<div class=\"eyKpYb\" data-language=\"it\" data-original-language=\"en\" data-result-index=\"0\">\n<div class=\"J0lOec\"><\/div>\n<\/div>\n<\/div>\n<p><span class=\"VIiyi\" lang=\"it\"><span class=\"JLqJ4b ChMk0b\" data-language-for-alternatives=\"it\" data-language-to-translate-into=\"en\" data-phrase-index=\"6\">\u00a0<\/span><\/span><\/p>\n<div class=\"pGxpHc\"><\/div>\n<div class=\"ccvoYb\">\n<div class=\"aCQag\">\n<div class=\"akczyd\">\n<div class=\"X4DQ0 zWsGpc\">\n<div class=\"VfPpkd-AznF2e-ZMv3u\" role=\"tablist\" data-use-automatic-activation=\"false\">\n<div class=\"VfPpkd-AznF2e-vzJc7b\">\n<div class=\"VfPpkd-AznF2e-LUERP-vJ7A6b VfPpkd-AznF2e-LUERP-vJ7A6b-OWXEXe-XuHpsb\"><\/div>\n<\/div>\n<\/div>\n<\/div>\n<\/div>\n<\/div>\n<\/div>\n<div class=\"X4DQ0 zWsGpc\"><\/div>\n<div id=\"ow23\" data-show-delay-ms=\"250\" data-append-to-body=\"true\" data-propagate-tooltip-mouseover-events=\"true\" data-anchor-corner=\"bottom-left\" data-popup-corner=\"top-left\"><\/div>\n<div class=\"dePhmb\">\n<div class=\"eyKpYb\" data-language=\"it\" data-original-language=\"en\" data-result-index=\"0\">\n<div class=\"J0lOec\"><\/div>\n<\/div>\n<\/div>\n<p><span class=\"VIiyi\" lang=\"it\"><span class=\"JLqJ4b ChMk0b\" data-language-for-alternatives=\"it\" data-language-to-translate-into=\"en\" data-phrase-index=\"6\">\u00a0<\/span><\/span><\/p>\n","protected":false},"excerpt":{"rendered":"<p>MV0170 &#8211; Mazzo Carte Sparkle Point Tangram \u00e8 il concetto di design. Sette diversi grafici e varie forme tramite determinati elementi in movimento e geometrici caratterizzano gli aspetti pi\u00f9 caldi di Tangram. Non ci saranno dubbi che scoprirai rapidamente il segreto dei dorsi delle carte. Il retro della carta generale \u00e8 composto da numerosi blocchi [&hellip;]<\/p>\n","protected":false},"featured_media":17367,"comment_status":"closed","ping_status":"closed","template":"","meta":{"_et_pb_use_builder":"","_et_pb_old_content":"","_et_gb_content_width":""},"product_brand":[],"product_cat":[1514],"product_tag":[2295,2296],"class_list":{"0":"post-17365","1":"product","2":"type-product","3":"status-publish","4":"has-post-thumbnail","6":"product_cat-mazzi-di-carte-altre-marche","7":"product_tag-mazzo-carte-sparkle-point","8":"product_tag-sparkle-point-playing-card","10":"first","11":"instock","12":"taxable","13":"shipping-taxable","14":"purchasable","15":"product-type-simple"},"yoast_head":"<!-- This site is optimized with the Yoast SEO plugin v27.2 - https:\/\/yoast.com\/product\/yoast-seo-wordpress\/ -->\n<title>MV0170 - Mazzo Carte Sparkle Point - BazarBonino<\/title>\n<meta name=\"description\" content=\"Mazzo Carte Sparkle Point Tangram \u00e8 il concetto di design. Sette diversi grafici e varie forme tramite determinati elementi in movimento e geometrici...\" \/>\n<meta name=\"robots\" content=\"index, follow, max-snippet:-1, max-image-preview:large, max-video-preview:-1\" \/>\n<link rel=\"canonical\" href=\"https:\/\/www.bazarbonino.com\/store\/prodotto\/mv0170-mazzo-carte-sparkle-point\/\" \/>\n<meta property=\"og:locale\" content=\"it_IT\" \/>\n<meta property=\"og:type\" content=\"article\" \/>\n<meta property=\"og:title\" content=\"MV0170 - Mazzo Carte Sparkle Point - BazarBonino\" \/>\n<meta property=\"og:description\" content=\"Mazzo Carte Sparkle Point Tangram \u00e8 il concetto di design. Sette diversi grafici e varie forme tramite determinati elementi in movimento e geometrici...\" \/>\n<meta property=\"og:url\" content=\"https:\/\/www.bazarbonino.com\/store\/prodotto\/mv0170-mazzo-carte-sparkle-point\/\" \/>\n<meta property=\"og:site_name\" content=\"BazarBonino\" \/>\n<meta property=\"article:publisher\" content=\"https:\/\/www.facebook.com\/bazar.bonino\" \/>\n<meta property=\"article:modified_time\" content=\"2020-11-11T23:11:32+00:00\" \/>\n<meta property=\"og:image\" content=\"https:\/\/www.bazarbonino.com\/store\/wp-content\/uploads\/2020\/11\/MV0170-Mazzo-Carte-Sparkle-Point.jpg\" \/>\n\t<meta property=\"og:image:width\" content=\"1080\" \/>\n\t<meta property=\"og:image:height\" content=\"1626\" \/>\n\t<meta property=\"og:image:type\" content=\"image\/jpeg\" \/>\n<meta name=\"twitter:card\" content=\"summary_large_image\" \/>\n<meta name=\"twitter:label1\" content=\"Tempo di lettura stimato\" \/>\n\t<meta name=\"twitter:data1\" content=\"1 minuto\" \/>\n<script type=\"application\/ld+json\" class=\"yoast-schema-graph\">{\"@context\":\"https:\/\/schema.org\",\"@graph\":[{\"@type\":\"WebPage\",\"@id\":\"https:\/\/www.bazarbonino.com\/store\/prodotto\/mv0170-mazzo-carte-sparkle-point\/\",\"url\":\"https:\/\/www.bazarbonino.com\/store\/prodotto\/mv0170-mazzo-carte-sparkle-point\/\",\"name\":\"MV0170 - Mazzo Carte Sparkle Point - BazarBonino\",\"isPartOf\":{\"@id\":\"https:\/\/www.bazarbonino.com\/store\/#website\"},\"primaryImageOfPage\":{\"@id\":\"https:\/\/www.bazarbonino.com\/store\/prodotto\/mv0170-mazzo-carte-sparkle-point\/#primaryimage\"},\"image\":{\"@id\":\"https:\/\/www.bazarbonino.com\/store\/prodotto\/mv0170-mazzo-carte-sparkle-point\/#primaryimage\"},\"thumbnailUrl\":\"https:\/\/www.bazarbonino.com\/store\/wp-content\/uploads\/2020\/11\/MV0170-Mazzo-Carte-Sparkle-Point.jpg\",\"datePublished\":\"2020-11-11T23:01:18+00:00\",\"dateModified\":\"2020-11-11T23:11:32+00:00\",\"description\":\"Mazzo Carte Sparkle Point Tangram \u00e8 il concetto di design. Sette diversi grafici e varie forme tramite determinati elementi in movimento e geometrici...\",\"breadcrumb\":{\"@id\":\"https:\/\/www.bazarbonino.com\/store\/prodotto\/mv0170-mazzo-carte-sparkle-point\/#breadcrumb\"},\"inLanguage\":\"it-IT\",\"potentialAction\":[{\"@type\":\"ReadAction\",\"target\":[\"https:\/\/www.bazarbonino.com\/store\/prodotto\/mv0170-mazzo-carte-sparkle-point\/\"]}]},{\"@type\":\"ImageObject\",\"inLanguage\":\"it-IT\",\"@id\":\"https:\/\/www.bazarbonino.com\/store\/prodotto\/mv0170-mazzo-carte-sparkle-point\/#primaryimage\",\"url\":\"https:\/\/www.bazarbonino.com\/store\/wp-content\/uploads\/2020\/11\/MV0170-Mazzo-Carte-Sparkle-Point.jpg\",\"contentUrl\":\"https:\/\/www.bazarbonino.com\/store\/wp-content\/uploads\/2020\/11\/MV0170-Mazzo-Carte-Sparkle-Point.jpg\",\"width\":1080,\"height\":1626,\"caption\":\"MV0170 - Mazzo Carte Sparkle Point\"},{\"@type\":\"BreadcrumbList\",\"@id\":\"https:\/\/www.bazarbonino.com\/store\/prodotto\/mv0170-mazzo-carte-sparkle-point\/#breadcrumb\",\"itemListElement\":[{\"@type\":\"ListItem\",\"position\":1,\"name\":\"Home\",\"item\":\"https:\/\/www.bazarbonino.com\/store\/\"},{\"@type\":\"ListItem\",\"position\":2,\"name\":\"Catalogo\",\"item\":\"https:\/\/www.bazarbonino.com\/store\/shop\/\"},{\"@type\":\"ListItem\",\"position\":3,\"name\":\"MV0170 &#8211; Mazzo Carte Sparkle Point\"}]},{\"@type\":\"WebSite\",\"@id\":\"https:\/\/www.bazarbonino.com\/store\/#website\",\"url\":\"https:\/\/www.bazarbonino.com\/store\/\",\"name\":\"BazarBonino\",\"description\":\"\",\"potentialAction\":[{\"@type\":\"SearchAction\",\"target\":{\"@type\":\"EntryPoint\",\"urlTemplate\":\"https:\/\/www.bazarbonino.com\/store\/?s={search_term_string}\"},\"query-input\":{\"@type\":\"PropertyValueSpecification\",\"valueRequired\":true,\"valueName\":\"search_term_string\"}}],\"inLanguage\":\"it-IT\"}]}<\/script>\n<!-- \/ Yoast SEO plugin. -->","yoast_head_json":{"title":"MV0170 - Mazzo Carte Sparkle Point - BazarBonino","description":"Mazzo Carte Sparkle Point Tangram \u00e8 il concetto di design. Sette diversi grafici e varie forme tramite determinati elementi in movimento e geometrici...","robots":{"index":"index","follow":"follow","max-snippet":"max-snippet:-1","max-image-preview":"max-image-preview:large","max-video-preview":"max-video-preview:-1"},"canonical":"https:\/\/www.bazarbonino.com\/store\/prodotto\/mv0170-mazzo-carte-sparkle-point\/","og_locale":"it_IT","og_type":"article","og_title":"MV0170 - Mazzo Carte Sparkle Point - BazarBonino","og_description":"Mazzo Carte Sparkle Point Tangram \u00e8 il concetto di design. Sette diversi grafici e varie forme tramite determinati elementi in movimento e geometrici...","og_url":"https:\/\/www.bazarbonino.com\/store\/prodotto\/mv0170-mazzo-carte-sparkle-point\/","og_site_name":"BazarBonino","article_publisher":"https:\/\/www.facebook.com\/bazar.bonino","article_modified_time":"2020-11-11T23:11:32+00:00","og_image":[{"width":1080,"height":1626,"url":"https:\/\/www.bazarbonino.com\/store\/wp-content\/uploads\/2020\/11\/MV0170-Mazzo-Carte-Sparkle-Point.jpg","type":"image\/jpeg"}],"twitter_card":"summary_large_image","twitter_misc":{"Tempo di lettura stimato":"1 minuto"},"schema":{"@context":"https:\/\/schema.org","@graph":[{"@type":"WebPage","@id":"https:\/\/www.bazarbonino.com\/store\/prodotto\/mv0170-mazzo-carte-sparkle-point\/","url":"https:\/\/www.bazarbonino.com\/store\/prodotto\/mv0170-mazzo-carte-sparkle-point\/","name":"MV0170 - Mazzo Carte Sparkle Point - BazarBonino","isPartOf":{"@id":"https:\/\/www.bazarbonino.com\/store\/#website"},"primaryImageOfPage":{"@id":"https:\/\/www.bazarbonino.com\/store\/prodotto\/mv0170-mazzo-carte-sparkle-point\/#primaryimage"},"image":{"@id":"https:\/\/www.bazarbonino.com\/store\/prodotto\/mv0170-mazzo-carte-sparkle-point\/#primaryimage"},"thumbnailUrl":"https:\/\/www.bazarbonino.com\/store\/wp-content\/uploads\/2020\/11\/MV0170-Mazzo-Carte-Sparkle-Point.jpg","datePublished":"2020-11-11T23:01:18+00:00","dateModified":"2020-11-11T23:11:32+00:00","description":"Mazzo Carte Sparkle Point Tangram \u00e8 il concetto di design. Sette diversi grafici e varie forme tramite determinati elementi in movimento e geometrici...","breadcrumb":{"@id":"https:\/\/www.bazarbonino.com\/store\/prodotto\/mv0170-mazzo-carte-sparkle-point\/#breadcrumb"},"inLanguage":"it-IT","potentialAction":[{"@type":"ReadAction","target":["https:\/\/www.bazarbonino.com\/store\/prodotto\/mv0170-mazzo-carte-sparkle-point\/"]}]},{"@type":"ImageObject","inLanguage":"it-IT","@id":"https:\/\/www.bazarbonino.com\/store\/prodotto\/mv0170-mazzo-carte-sparkle-point\/#primaryimage","url":"https:\/\/www.bazarbonino.com\/store\/wp-content\/uploads\/2020\/11\/MV0170-Mazzo-Carte-Sparkle-Point.jpg","contentUrl":"https:\/\/www.bazarbonino.com\/store\/wp-content\/uploads\/2020\/11\/MV0170-Mazzo-Carte-Sparkle-Point.jpg","width":1080,"height":1626,"caption":"MV0170 - Mazzo Carte Sparkle Point"},{"@type":"BreadcrumbList","@id":"https:\/\/www.bazarbonino.com\/store\/prodotto\/mv0170-mazzo-carte-sparkle-point\/#breadcrumb","itemListElement":[{"@type":"ListItem","position":1,"name":"Home","item":"https:\/\/www.bazarbonino.com\/store\/"},{"@type":"ListItem","position":2,"name":"Catalogo","item":"https:\/\/www.bazarbonino.com\/store\/shop\/"},{"@type":"ListItem","position":3,"name":"MV0170 &#8211; Mazzo Carte Sparkle Point"}]},{"@type":"WebSite","@id":"https:\/\/www.bazarbonino.com\/store\/#website","url":"https:\/\/www.bazarbonino.com\/store\/","name":"BazarBonino","description":"","potentialAction":[{"@type":"SearchAction","target":{"@type":"EntryPoint","urlTemplate":"https:\/\/www.bazarbonino.com\/store\/?s={search_term_string}"},"query-input":{"@type":"PropertyValueSpecification","valueRequired":true,"valueName":"search_term_string"}}],"inLanguage":"it-IT"}]}},"_links":{"self":[{"href":"https:\/\/www.bazarbonino.com\/store\/wp-json\/wp\/v2\/product\/17365","targetHints":{"allow":["GET"]}}],"collection":[{"href":"https:\/\/www.bazarbonino.com\/store\/wp-json\/wp\/v2\/product"}],"about":[{"href":"https:\/\/www.bazarbonino.com\/store\/wp-json\/wp\/v2\/types\/product"}],"replies":[{"embeddable":true,"href":"https:\/\/www.bazarbonino.com\/store\/wp-json\/wp\/v2\/comments?post=17365"}],"wp:featuredmedia":[{"embeddable":true,"href":"https:\/\/www.bazarbonino.com\/store\/wp-json\/wp\/v2\/media\/17367"}],"wp:attachment":[{"href":"https:\/\/www.bazarbonino.com\/store\/wp-json\/wp\/v2\/media?parent=17365"}],"wp:term":[{"taxonomy":"product_brand","embeddable":true,"href":"https:\/\/www.bazarbonino.com\/store\/wp-json\/wp\/v2\/product_brand?post=17365"},{"taxonomy":"product_cat","embeddable":true,"href":"https:\/\/www.bazarbonino.com\/store\/wp-json\/wp\/v2\/product_cat?post=17365"},{"taxonomy":"product_tag","embeddable":true,"href":"https:\/\/www.bazarbonino.com\/store\/wp-json\/wp\/v2\/product_tag?post=17365"}],"curies":[{"name":"wp","href":"https:\/\/api.w.org\/{rel}","templated":true}]}}