{"id":17317,"date":"2020-11-11T18:50:08","date_gmt":"2020-11-11T17:50:08","guid":{"rendered":"https:\/\/www.bazarbonino.com\/store\/?post_type=product&#038;p=17317"},"modified":"2022-03-04T17:32:08","modified_gmt":"2022-03-04T16:32:08","slug":"mv0150-mazzo-carte-dedalo-omega","status":"publish","type":"product","link":"https:\/\/www.bazarbonino.com\/store\/prodotto\/mv0150-mazzo-carte-dedalo-omega\/","title":{"rendered":"MV0150 &#8211; Mazzo Carte Dedalo Omega"},"content":{"rendered":"<p>MV0150 &#8211; Mazzo Carte Dedalo Omega <span class=\"VIiyi\" lang=\"it\"><span class=\"JLqJ4b ChMk0b\" data-language-for-alternatives=\"it\" data-language-to-translate-into=\"en\" data-phrase-index=\"0\">Dedalo era una delle pi\u00f9 grandi menti della mitologia greca, in grado di creare automi, ali di cera e piume e, cosa pi\u00f9 famosa, un labirinto a cui nessun uomo o donna poteva sfuggire fino a quando l&#8217;eroe Teseo non lo penetr\u00f2 con il filo di Arianna.<\/span> <span class=\"JLqJ4b ChMk0b\" data-language-for-alternatives=\"it\" data-language-to-translate-into=\"en\" data-phrase-index=\"1\">Ora Expert Playing Card Company ti invita a perderti nel suo labirinto con un design del mazzo di complessit\u00e0 strabiliante.<\/span> <span class=\"JLqJ4b ChMk0b\" data-language-for-alternatives=\"it\" data-language-to-translate-into=\"en\" data-phrase-index=\"3\">Questo mazzo da 55 carte presenta divinit\u00e0 greche sulle carte di corte, inclusa un&#8217;ulteriore Artemis Queen of Spades.<\/span> <span class=\"JLqJ4b ChMk0b\" data-language-for-alternatives=\"it\" data-language-to-translate-into=\"en\" data-phrase-index=\"4\">Le carte sono stampate su carta stardust con finitura classica.<\/span> <span class=\"JLqJ4b ChMk0b\" data-language-for-alternatives=\"it\" data-language-to-translate-into=\"en\" data-phrase-index=\"5\">Le loro schiene sono caratterizzate da uno schema labirintico di labirinti all&#8217;interno di labirinti, con la testa mostruosa del Minotauro che veglia su tutto.<\/span> <span class=\"JLqJ4b ChMk0b\" data-language-for-alternatives=\"it\" data-language-to-translate-into=\"en\" data-phrase-index=\"6\">Con la lamina d&#8217;oro all&#8217;interno e all&#8217;esterno e la goffratura, l&#8217;astuccio \u00e8 un&#8217;opera d&#8217;arte a s\u00e9 stante. By Thirdway Industries.<br \/>\n<\/span><\/span><\/p>\n","protected":false},"excerpt":{"rendered":"<p>MV0150 &#8211; Mazzo Carte Dedalo Omega Dedalo era una delle pi\u00f9 grandi menti della mitologia greca, in grado di creare automi, ali di cera e piume e, cosa pi\u00f9 famosa, un labirinto a cui nessun uomo o donna poteva sfuggire fino a quando l&#8217;eroe Teseo non lo penetr\u00f2 con il filo di Arianna. Ora Expert [&hellip;]<\/p>\n","protected":false},"featured_media":17319,"comment_status":"closed","ping_status":"closed","template":"","meta":{"_et_pb_use_builder":"","_et_pb_old_content":"","_et_gb_content_width":""},"product_brand":[],"product_cat":[1514],"product_tag":[2284,2283],"class_list":{"0":"post-17317","1":"product","2":"type-product","3":"status-publish","4":"has-post-thumbnail","6":"product_cat-mazzi-di-carte-altre-marche","7":"product_tag-dedalo-omega-playning-card","8":"product_tag-mazzo-carte-dedalo-omega","10":"first","11":"outofstock","12":"taxable","13":"shipping-taxable","14":"purchasable","15":"product-type-simple"},"yoast_head":"<!-- This site is optimized with the Yoast SEO plugin v27.4 - https:\/\/yoast.com\/product\/yoast-seo-wordpress\/ -->\n<title>MV0150 - Mazzo Carte Dedalo Omega - BazarBonino<\/title>\n<meta name=\"description\" content=\"MV0150 - Mazzo Carte Dedalo Omega Ora Expert Playing Card Company ti invita a perderti nel suo labirinto con un design del mazzo di complessit\u00e0 strabiliante\" \/>\n<meta name=\"robots\" content=\"index, follow, max-snippet:-1, max-image-preview:large, max-video-preview:-1\" \/>\n<link rel=\"canonical\" href=\"https:\/\/www.bazarbonino.com\/store\/prodotto\/mv0150-mazzo-carte-dedalo-omega\/\" \/>\n<meta property=\"og:locale\" content=\"it_IT\" \/>\n<meta property=\"og:type\" content=\"article\" \/>\n<meta property=\"og:title\" content=\"MV0150 - Mazzo Carte Dedalo Omega - BazarBonino\" \/>\n<meta property=\"og:description\" content=\"MV0150 - Mazzo Carte Dedalo Omega Ora Expert Playing Card Company ti invita a perderti nel suo labirinto con un design del mazzo di complessit\u00e0 strabiliante\" \/>\n<meta property=\"og:url\" content=\"https:\/\/www.bazarbonino.com\/store\/prodotto\/mv0150-mazzo-carte-dedalo-omega\/\" \/>\n<meta property=\"og:site_name\" content=\"BazarBonino\" \/>\n<meta property=\"article:publisher\" content=\"https:\/\/www.facebook.com\/bazar.bonino\" \/>\n<meta property=\"article:modified_time\" content=\"2022-03-04T16:32:08+00:00\" \/>\n<meta property=\"og:image\" content=\"https:\/\/www.bazarbonino.com\/store\/wp-content\/uploads\/2020\/11\/MV0150-Mazzo-Carte-Dedalo-Omega.jpg\" \/>\n\t<meta property=\"og:image:width\" content=\"1512\" \/>\n\t<meta property=\"og:image:height\" content=\"1015\" \/>\n\t<meta property=\"og:image:type\" content=\"image\/jpeg\" \/>\n<meta name=\"twitter:card\" content=\"summary_large_image\" \/>\n<meta name=\"twitter:label1\" content=\"Tempo di lettura stimato\" \/>\n\t<meta name=\"twitter:data1\" content=\"1 minuto\" \/>\n<script type=\"application\/ld+json\" class=\"yoast-schema-graph\">{\"@context\":\"https:\\\/\\\/schema.org\",\"@graph\":[{\"@type\":\"WebPage\",\"@id\":\"https:\\\/\\\/www.bazarbonino.com\\\/store\\\/prodotto\\\/mv0150-mazzo-carte-dedalo-omega\\\/\",\"url\":\"https:\\\/\\\/www.bazarbonino.com\\\/store\\\/prodotto\\\/mv0150-mazzo-carte-dedalo-omega\\\/\",\"name\":\"MV0150 - Mazzo Carte Dedalo Omega - BazarBonino\",\"isPartOf\":{\"@id\":\"https:\\\/\\\/www.bazarbonino.com\\\/store\\\/#website\"},\"primaryImageOfPage\":{\"@id\":\"https:\\\/\\\/www.bazarbonino.com\\\/store\\\/prodotto\\\/mv0150-mazzo-carte-dedalo-omega\\\/#primaryimage\"},\"image\":{\"@id\":\"https:\\\/\\\/www.bazarbonino.com\\\/store\\\/prodotto\\\/mv0150-mazzo-carte-dedalo-omega\\\/#primaryimage\"},\"thumbnailUrl\":\"https:\\\/\\\/www.bazarbonino.com\\\/store\\\/wp-content\\\/uploads\\\/2020\\\/11\\\/MV0150-Mazzo-Carte-Dedalo-Omega.jpg\",\"datePublished\":\"2020-11-11T17:50:08+00:00\",\"dateModified\":\"2022-03-04T16:32:08+00:00\",\"description\":\"MV0150 - Mazzo Carte Dedalo Omega Ora Expert Playing Card Company ti invita a perderti nel suo labirinto con un design del mazzo di complessit\u00e0 strabiliante\",\"breadcrumb\":{\"@id\":\"https:\\\/\\\/www.bazarbonino.com\\\/store\\\/prodotto\\\/mv0150-mazzo-carte-dedalo-omega\\\/#breadcrumb\"},\"inLanguage\":\"it-IT\",\"potentialAction\":[{\"@type\":\"ReadAction\",\"target\":[\"https:\\\/\\\/www.bazarbonino.com\\\/store\\\/prodotto\\\/mv0150-mazzo-carte-dedalo-omega\\\/\"]}]},{\"@type\":\"ImageObject\",\"inLanguage\":\"it-IT\",\"@id\":\"https:\\\/\\\/www.bazarbonino.com\\\/store\\\/prodotto\\\/mv0150-mazzo-carte-dedalo-omega\\\/#primaryimage\",\"url\":\"https:\\\/\\\/www.bazarbonino.com\\\/store\\\/wp-content\\\/uploads\\\/2020\\\/11\\\/MV0150-Mazzo-Carte-Dedalo-Omega.jpg\",\"contentUrl\":\"https:\\\/\\\/www.bazarbonino.com\\\/store\\\/wp-content\\\/uploads\\\/2020\\\/11\\\/MV0150-Mazzo-Carte-Dedalo-Omega.jpg\",\"width\":1512,\"height\":1015,\"caption\":\"MV0150 - Mazzo Carte Dedalo Omega\"},{\"@type\":\"BreadcrumbList\",\"@id\":\"https:\\\/\\\/www.bazarbonino.com\\\/store\\\/prodotto\\\/mv0150-mazzo-carte-dedalo-omega\\\/#breadcrumb\",\"itemListElement\":[{\"@type\":\"ListItem\",\"position\":1,\"name\":\"Home\",\"item\":\"https:\\\/\\\/www.bazarbonino.com\\\/store\\\/\"},{\"@type\":\"ListItem\",\"position\":2,\"name\":\"Catalogo\",\"item\":\"https:\\\/\\\/www.bazarbonino.com\\\/store\\\/shop\\\/\"},{\"@type\":\"ListItem\",\"position\":3,\"name\":\"MV0150 &#8211; Mazzo Carte Dedalo Omega\"}]},{\"@type\":\"WebSite\",\"@id\":\"https:\\\/\\\/www.bazarbonino.com\\\/store\\\/#website\",\"url\":\"https:\\\/\\\/www.bazarbonino.com\\\/store\\\/\",\"name\":\"BazarBonino\",\"description\":\"\",\"potentialAction\":[{\"@type\":\"SearchAction\",\"target\":{\"@type\":\"EntryPoint\",\"urlTemplate\":\"https:\\\/\\\/www.bazarbonino.com\\\/store\\\/?s={search_term_string}\"},\"query-input\":{\"@type\":\"PropertyValueSpecification\",\"valueRequired\":true,\"valueName\":\"search_term_string\"}}],\"inLanguage\":\"it-IT\"}]}<\/script>\n<!-- \/ Yoast SEO plugin. -->","yoast_head_json":{"title":"MV0150 - Mazzo Carte Dedalo Omega - BazarBonino","description":"MV0150 - Mazzo Carte Dedalo Omega Ora Expert Playing Card Company ti invita a perderti nel suo labirinto con un design del mazzo di complessit\u00e0 strabiliante","robots":{"index":"index","follow":"follow","max-snippet":"max-snippet:-1","max-image-preview":"max-image-preview:large","max-video-preview":"max-video-preview:-1"},"canonical":"https:\/\/www.bazarbonino.com\/store\/prodotto\/mv0150-mazzo-carte-dedalo-omega\/","og_locale":"it_IT","og_type":"article","og_title":"MV0150 - Mazzo Carte Dedalo Omega - BazarBonino","og_description":"MV0150 - Mazzo Carte Dedalo Omega Ora Expert Playing Card Company ti invita a perderti nel suo labirinto con un design del mazzo di complessit\u00e0 strabiliante","og_url":"https:\/\/www.bazarbonino.com\/store\/prodotto\/mv0150-mazzo-carte-dedalo-omega\/","og_site_name":"BazarBonino","article_publisher":"https:\/\/www.facebook.com\/bazar.bonino","article_modified_time":"2022-03-04T16:32:08+00:00","og_image":[{"width":1512,"height":1015,"url":"https:\/\/www.bazarbonino.com\/store\/wp-content\/uploads\/2020\/11\/MV0150-Mazzo-Carte-Dedalo-Omega.jpg","type":"image\/jpeg"}],"twitter_card":"summary_large_image","twitter_misc":{"Tempo di lettura stimato":"1 minuto"},"schema":{"@context":"https:\/\/schema.org","@graph":[{"@type":"WebPage","@id":"https:\/\/www.bazarbonino.com\/store\/prodotto\/mv0150-mazzo-carte-dedalo-omega\/","url":"https:\/\/www.bazarbonino.com\/store\/prodotto\/mv0150-mazzo-carte-dedalo-omega\/","name":"MV0150 - Mazzo Carte Dedalo Omega - BazarBonino","isPartOf":{"@id":"https:\/\/www.bazarbonino.com\/store\/#website"},"primaryImageOfPage":{"@id":"https:\/\/www.bazarbonino.com\/store\/prodotto\/mv0150-mazzo-carte-dedalo-omega\/#primaryimage"},"image":{"@id":"https:\/\/www.bazarbonino.com\/store\/prodotto\/mv0150-mazzo-carte-dedalo-omega\/#primaryimage"},"thumbnailUrl":"https:\/\/www.bazarbonino.com\/store\/wp-content\/uploads\/2020\/11\/MV0150-Mazzo-Carte-Dedalo-Omega.jpg","datePublished":"2020-11-11T17:50:08+00:00","dateModified":"2022-03-04T16:32:08+00:00","description":"MV0150 - Mazzo Carte Dedalo Omega Ora Expert Playing Card Company ti invita a perderti nel suo labirinto con un design del mazzo di complessit\u00e0 strabiliante","breadcrumb":{"@id":"https:\/\/www.bazarbonino.com\/store\/prodotto\/mv0150-mazzo-carte-dedalo-omega\/#breadcrumb"},"inLanguage":"it-IT","potentialAction":[{"@type":"ReadAction","target":["https:\/\/www.bazarbonino.com\/store\/prodotto\/mv0150-mazzo-carte-dedalo-omega\/"]}]},{"@type":"ImageObject","inLanguage":"it-IT","@id":"https:\/\/www.bazarbonino.com\/store\/prodotto\/mv0150-mazzo-carte-dedalo-omega\/#primaryimage","url":"https:\/\/www.bazarbonino.com\/store\/wp-content\/uploads\/2020\/11\/MV0150-Mazzo-Carte-Dedalo-Omega.jpg","contentUrl":"https:\/\/www.bazarbonino.com\/store\/wp-content\/uploads\/2020\/11\/MV0150-Mazzo-Carte-Dedalo-Omega.jpg","width":1512,"height":1015,"caption":"MV0150 - Mazzo Carte Dedalo Omega"},{"@type":"BreadcrumbList","@id":"https:\/\/www.bazarbonino.com\/store\/prodotto\/mv0150-mazzo-carte-dedalo-omega\/#breadcrumb","itemListElement":[{"@type":"ListItem","position":1,"name":"Home","item":"https:\/\/www.bazarbonino.com\/store\/"},{"@type":"ListItem","position":2,"name":"Catalogo","item":"https:\/\/www.bazarbonino.com\/store\/shop\/"},{"@type":"ListItem","position":3,"name":"MV0150 &#8211; Mazzo Carte Dedalo Omega"}]},{"@type":"WebSite","@id":"https:\/\/www.bazarbonino.com\/store\/#website","url":"https:\/\/www.bazarbonino.com\/store\/","name":"BazarBonino","description":"","potentialAction":[{"@type":"SearchAction","target":{"@type":"EntryPoint","urlTemplate":"https:\/\/www.bazarbonino.com\/store\/?s={search_term_string}"},"query-input":{"@type":"PropertyValueSpecification","valueRequired":true,"valueName":"search_term_string"}}],"inLanguage":"it-IT"}]}},"_links":{"self":[{"href":"https:\/\/www.bazarbonino.com\/store\/wp-json\/wp\/v2\/product\/17317","targetHints":{"allow":["GET"]}}],"collection":[{"href":"https:\/\/www.bazarbonino.com\/store\/wp-json\/wp\/v2\/product"}],"about":[{"href":"https:\/\/www.bazarbonino.com\/store\/wp-json\/wp\/v2\/types\/product"}],"replies":[{"embeddable":true,"href":"https:\/\/www.bazarbonino.com\/store\/wp-json\/wp\/v2\/comments?post=17317"}],"wp:featuredmedia":[{"embeddable":true,"href":"https:\/\/www.bazarbonino.com\/store\/wp-json\/wp\/v2\/media\/17319"}],"wp:attachment":[{"href":"https:\/\/www.bazarbonino.com\/store\/wp-json\/wp\/v2\/media?parent=17317"}],"wp:term":[{"taxonomy":"product_brand","embeddable":true,"href":"https:\/\/www.bazarbonino.com\/store\/wp-json\/wp\/v2\/product_brand?post=17317"},{"taxonomy":"product_cat","embeddable":true,"href":"https:\/\/www.bazarbonino.com\/store\/wp-json\/wp\/v2\/product_cat?post=17317"},{"taxonomy":"product_tag","embeddable":true,"href":"https:\/\/www.bazarbonino.com\/store\/wp-json\/wp\/v2\/product_tag?post=17317"}],"curies":[{"name":"wp","href":"https:\/\/api.w.org\/{rel}","templated":true}]}}