{"id":17284,"date":"2020-11-11T10:22:53","date_gmt":"2020-11-11T09:22:53","guid":{"rendered":"https:\/\/www.bazarbonino.com\/store\/?post_type=product&#038;p=17284"},"modified":"2020-11-11T10:36:27","modified_gmt":"2020-11-11T09:36:27","slug":"mv0005-mazzo-carte-mechanic-shiner","status":"publish","type":"product","link":"https:\/\/www.bazarbonino.com\/store\/prodotto\/mv0005-mazzo-carte-mechanic-shiner\/","title":{"rendered":"MV0005 &#8211; Mazzo Carte Mechanic Shiner"},"content":{"rendered":"<p><span class=\"VIiyi\" lang=\"it\"><span class=\"JLqJ4b\" data-language-for-alternatives=\"it\" data-language-to-translate-into=\"en\" data-phrase-index=\"0\">MV0005 &#8211; Mazzo Carte Mechanic Shiner\u00a0 E&#8217; stato creato per celebrare il 5 \u00b0 compleanno di Mechanic Industries. Un astuccio goffrato e avvolto con un foglio all&#8217;interno e all&#8217;esterno, i dorsi delle carte presentano un design di animazione a libro pieghevole che funge anche da sistema di marcatura. Gli inchiostri nero e argento metallizzato migliorano il design, mentre i riflessi bianchi rendono il sistema di marcatura ancora pi\u00f9 facile da leggere. Le facce delle carte hanno una sensazione di lusso con inchiostri metallici, il design delle carte di corte \u00e8 mantenuto standard. Un&#8217;altra svolta, il mazzo Shiner \u00e8 davvero all&#8217;altezza del suo nome: la custodia stessa pu\u00f2 essere usata per sbirciare la carta che viene distribuita! Questo mazzo funziona bene e sembra fantastico! Stampato da USPCC su stock di biciclette di alta qualit\u00e0 con la classica finitura Magic. Caratteristiche Sistema di animazione e marcatura flip-book Inchiostri metallizzati su facce e dorsi Gaffs Joker compatibili con le monete Mechanic Industries Grinder Lussuoso astuccio goffrato con lamina d&#8217;argento dentro e fuori; pu\u00f2 aiutarti a dare un&#8217;occhiata alle carte Stampato da USPCC su calcio di biciclette con finitura Magic Mazzo segnato animato flip-book Lo Shiner Deck utilizza l&#8217;animazione del flip book di Mechanic Industries. Funziona pi\u00f9 o meno come The Mechanic Deck e VR2 Deck, con alcune piccole modifiche. In questo sistema di progettazione del dorso ripetuto a 13 carte, il modo in cui ruotano gli ingranaggi consente all&#8217;utente di leggere il valore di ciascuna carta. L&#8217;indicatore della tuta \u00e8 stato ora migliorato ed \u00e8 semplice da leggere. I tuoi spettatori non sospetteranno mai che puoi riconoscere una carta a colpo d&#8217;occhio!<\/span><\/span><\/p>\n","protected":false},"excerpt":{"rendered":"<p>MV0005 &#8211; Mazzo Carte Mechanic Shiner\u00a0 E&#8217; stato creato per celebrare il 5 \u00b0 compleanno di Mechanic Industries. Un astuccio goffrato e avvolto con un foglio all&#8217;interno e all&#8217;esterno, i dorsi delle carte presentano un design di animazione a libro pieghevole che funge anche da sistema di marcatura. Gli inchiostri nero e argento metallizzato migliorano [&hellip;]<\/p>\n","protected":false},"featured_media":17285,"comment_status":"closed","ping_status":"closed","template":"","meta":{"_et_pb_use_builder":"","_et_pb_old_content":"","_et_gb_content_width":""},"product_brand":[],"product_cat":[2274],"product_tag":[2275],"class_list":{"0":"post-17284","1":"product","2":"type-product","3":"status-publish","4":"has-post-thumbnail","6":"product_cat-mazzi-di-carte-mechanic-industries","7":"product_tag-mazzo-carte-mechanic-shiner","9":"first","10":"instock","11":"taxable","12":"shipping-taxable","13":"purchasable","14":"product-type-simple"},"yoast_head":"<!-- This site is optimized with the Yoast SEO plugin v27.4 - https:\/\/yoast.com\/product\/yoast-seo-wordpress\/ -->\n<title>MV0005 - Mazzo Carte Mechanic Shiner - BazarBonino<\/title>\n<meta name=\"description\" content=\"Mazzo Carte Mechanic Shiner Un astuccio goffrato e avvolto con un foglio all&#039;interno e all&#039;esterno, i dorsi delle carte presentano un design di animazione...\" \/>\n<meta name=\"robots\" content=\"index, follow, max-snippet:-1, max-image-preview:large, max-video-preview:-1\" \/>\n<link rel=\"canonical\" href=\"https:\/\/www.bazarbonino.com\/store\/prodotto\/mv0005-mazzo-carte-mechanic-shiner\/\" \/>\n<meta property=\"og:locale\" content=\"it_IT\" \/>\n<meta property=\"og:type\" content=\"article\" \/>\n<meta property=\"og:title\" content=\"MV0005 - Mazzo Carte Mechanic Shiner - BazarBonino\" \/>\n<meta property=\"og:description\" content=\"Mazzo Carte Mechanic Shiner Un astuccio goffrato e avvolto con un foglio all&#039;interno e all&#039;esterno, i dorsi delle carte presentano un design di animazione...\" \/>\n<meta property=\"og:url\" content=\"https:\/\/www.bazarbonino.com\/store\/prodotto\/mv0005-mazzo-carte-mechanic-shiner\/\" \/>\n<meta property=\"og:site_name\" content=\"BazarBonino\" \/>\n<meta property=\"article:publisher\" content=\"https:\/\/www.facebook.com\/bazar.bonino\" \/>\n<meta property=\"article:modified_time\" content=\"2020-11-11T09:36:27+00:00\" \/>\n<meta property=\"og:image\" content=\"https:\/\/www.bazarbonino.com\/store\/wp-content\/uploads\/2020\/11\/MV0005-Mazzo-Carte-Mechanic-Shiner.jpg\" \/>\n\t<meta property=\"og:image:width\" content=\"740\" \/>\n\t<meta property=\"og:image:height\" content=\"416\" \/>\n\t<meta property=\"og:image:type\" content=\"image\/jpeg\" \/>\n<meta name=\"twitter:card\" content=\"summary_large_image\" \/>\n<meta name=\"twitter:label1\" content=\"Tempo di lettura stimato\" \/>\n\t<meta name=\"twitter:data1\" content=\"1 minuto\" \/>\n<script type=\"application\/ld+json\" class=\"yoast-schema-graph\">{\"@context\":\"https:\\\/\\\/schema.org\",\"@graph\":[{\"@type\":\"WebPage\",\"@id\":\"https:\\\/\\\/www.bazarbonino.com\\\/store\\\/prodotto\\\/mv0005-mazzo-carte-mechanic-shiner\\\/\",\"url\":\"https:\\\/\\\/www.bazarbonino.com\\\/store\\\/prodotto\\\/mv0005-mazzo-carte-mechanic-shiner\\\/\",\"name\":\"MV0005 - Mazzo Carte Mechanic Shiner - BazarBonino\",\"isPartOf\":{\"@id\":\"https:\\\/\\\/www.bazarbonino.com\\\/store\\\/#website\"},\"primaryImageOfPage\":{\"@id\":\"https:\\\/\\\/www.bazarbonino.com\\\/store\\\/prodotto\\\/mv0005-mazzo-carte-mechanic-shiner\\\/#primaryimage\"},\"image\":{\"@id\":\"https:\\\/\\\/www.bazarbonino.com\\\/store\\\/prodotto\\\/mv0005-mazzo-carte-mechanic-shiner\\\/#primaryimage\"},\"thumbnailUrl\":\"https:\\\/\\\/www.bazarbonino.com\\\/store\\\/wp-content\\\/uploads\\\/2020\\\/11\\\/MV0005-Mazzo-Carte-Mechanic-Shiner.jpg\",\"datePublished\":\"2020-11-11T09:22:53+00:00\",\"dateModified\":\"2020-11-11T09:36:27+00:00\",\"description\":\"Mazzo Carte Mechanic Shiner Un astuccio goffrato e avvolto con un foglio all'interno e all'esterno, i dorsi delle carte presentano un design di animazione...\",\"breadcrumb\":{\"@id\":\"https:\\\/\\\/www.bazarbonino.com\\\/store\\\/prodotto\\\/mv0005-mazzo-carte-mechanic-shiner\\\/#breadcrumb\"},\"inLanguage\":\"it-IT\",\"potentialAction\":[{\"@type\":\"ReadAction\",\"target\":[\"https:\\\/\\\/www.bazarbonino.com\\\/store\\\/prodotto\\\/mv0005-mazzo-carte-mechanic-shiner\\\/\"]}]},{\"@type\":\"ImageObject\",\"inLanguage\":\"it-IT\",\"@id\":\"https:\\\/\\\/www.bazarbonino.com\\\/store\\\/prodotto\\\/mv0005-mazzo-carte-mechanic-shiner\\\/#primaryimage\",\"url\":\"https:\\\/\\\/www.bazarbonino.com\\\/store\\\/wp-content\\\/uploads\\\/2020\\\/11\\\/MV0005-Mazzo-Carte-Mechanic-Shiner.jpg\",\"contentUrl\":\"https:\\\/\\\/www.bazarbonino.com\\\/store\\\/wp-content\\\/uploads\\\/2020\\\/11\\\/MV0005-Mazzo-Carte-Mechanic-Shiner.jpg\",\"width\":740,\"height\":416,\"caption\":\"MV0005 - Mazzo Carte Mechanic Shiner\"},{\"@type\":\"BreadcrumbList\",\"@id\":\"https:\\\/\\\/www.bazarbonino.com\\\/store\\\/prodotto\\\/mv0005-mazzo-carte-mechanic-shiner\\\/#breadcrumb\",\"itemListElement\":[{\"@type\":\"ListItem\",\"position\":1,\"name\":\"Home\",\"item\":\"https:\\\/\\\/www.bazarbonino.com\\\/store\\\/\"},{\"@type\":\"ListItem\",\"position\":2,\"name\":\"Catalogo\",\"item\":\"https:\\\/\\\/www.bazarbonino.com\\\/store\\\/shop\\\/\"},{\"@type\":\"ListItem\",\"position\":3,\"name\":\"MV0005 &#8211; Mazzo Carte Mechanic Shiner\"}]},{\"@type\":\"WebSite\",\"@id\":\"https:\\\/\\\/www.bazarbonino.com\\\/store\\\/#website\",\"url\":\"https:\\\/\\\/www.bazarbonino.com\\\/store\\\/\",\"name\":\"BazarBonino\",\"description\":\"\",\"potentialAction\":[{\"@type\":\"SearchAction\",\"target\":{\"@type\":\"EntryPoint\",\"urlTemplate\":\"https:\\\/\\\/www.bazarbonino.com\\\/store\\\/?s={search_term_string}\"},\"query-input\":{\"@type\":\"PropertyValueSpecification\",\"valueRequired\":true,\"valueName\":\"search_term_string\"}}],\"inLanguage\":\"it-IT\"}]}<\/script>\n<!-- \/ Yoast SEO plugin. -->","yoast_head_json":{"title":"MV0005 - Mazzo Carte Mechanic Shiner - BazarBonino","description":"Mazzo Carte Mechanic Shiner Un astuccio goffrato e avvolto con un foglio all'interno e all'esterno, i dorsi delle carte presentano un design di animazione...","robots":{"index":"index","follow":"follow","max-snippet":"max-snippet:-1","max-image-preview":"max-image-preview:large","max-video-preview":"max-video-preview:-1"},"canonical":"https:\/\/www.bazarbonino.com\/store\/prodotto\/mv0005-mazzo-carte-mechanic-shiner\/","og_locale":"it_IT","og_type":"article","og_title":"MV0005 - Mazzo Carte Mechanic Shiner - BazarBonino","og_description":"Mazzo Carte Mechanic Shiner Un astuccio goffrato e avvolto con un foglio all'interno e all'esterno, i dorsi delle carte presentano un design di animazione...","og_url":"https:\/\/www.bazarbonino.com\/store\/prodotto\/mv0005-mazzo-carte-mechanic-shiner\/","og_site_name":"BazarBonino","article_publisher":"https:\/\/www.facebook.com\/bazar.bonino","article_modified_time":"2020-11-11T09:36:27+00:00","og_image":[{"width":740,"height":416,"url":"https:\/\/www.bazarbonino.com\/store\/wp-content\/uploads\/2020\/11\/MV0005-Mazzo-Carte-Mechanic-Shiner.jpg","type":"image\/jpeg"}],"twitter_card":"summary_large_image","twitter_misc":{"Tempo di lettura stimato":"1 minuto"},"schema":{"@context":"https:\/\/schema.org","@graph":[{"@type":"WebPage","@id":"https:\/\/www.bazarbonino.com\/store\/prodotto\/mv0005-mazzo-carte-mechanic-shiner\/","url":"https:\/\/www.bazarbonino.com\/store\/prodotto\/mv0005-mazzo-carte-mechanic-shiner\/","name":"MV0005 - Mazzo Carte Mechanic Shiner - BazarBonino","isPartOf":{"@id":"https:\/\/www.bazarbonino.com\/store\/#website"},"primaryImageOfPage":{"@id":"https:\/\/www.bazarbonino.com\/store\/prodotto\/mv0005-mazzo-carte-mechanic-shiner\/#primaryimage"},"image":{"@id":"https:\/\/www.bazarbonino.com\/store\/prodotto\/mv0005-mazzo-carte-mechanic-shiner\/#primaryimage"},"thumbnailUrl":"https:\/\/www.bazarbonino.com\/store\/wp-content\/uploads\/2020\/11\/MV0005-Mazzo-Carte-Mechanic-Shiner.jpg","datePublished":"2020-11-11T09:22:53+00:00","dateModified":"2020-11-11T09:36:27+00:00","description":"Mazzo Carte Mechanic Shiner Un astuccio goffrato e avvolto con un foglio all'interno e all'esterno, i dorsi delle carte presentano un design di animazione...","breadcrumb":{"@id":"https:\/\/www.bazarbonino.com\/store\/prodotto\/mv0005-mazzo-carte-mechanic-shiner\/#breadcrumb"},"inLanguage":"it-IT","potentialAction":[{"@type":"ReadAction","target":["https:\/\/www.bazarbonino.com\/store\/prodotto\/mv0005-mazzo-carte-mechanic-shiner\/"]}]},{"@type":"ImageObject","inLanguage":"it-IT","@id":"https:\/\/www.bazarbonino.com\/store\/prodotto\/mv0005-mazzo-carte-mechanic-shiner\/#primaryimage","url":"https:\/\/www.bazarbonino.com\/store\/wp-content\/uploads\/2020\/11\/MV0005-Mazzo-Carte-Mechanic-Shiner.jpg","contentUrl":"https:\/\/www.bazarbonino.com\/store\/wp-content\/uploads\/2020\/11\/MV0005-Mazzo-Carte-Mechanic-Shiner.jpg","width":740,"height":416,"caption":"MV0005 - Mazzo Carte Mechanic Shiner"},{"@type":"BreadcrumbList","@id":"https:\/\/www.bazarbonino.com\/store\/prodotto\/mv0005-mazzo-carte-mechanic-shiner\/#breadcrumb","itemListElement":[{"@type":"ListItem","position":1,"name":"Home","item":"https:\/\/www.bazarbonino.com\/store\/"},{"@type":"ListItem","position":2,"name":"Catalogo","item":"https:\/\/www.bazarbonino.com\/store\/shop\/"},{"@type":"ListItem","position":3,"name":"MV0005 &#8211; Mazzo Carte Mechanic Shiner"}]},{"@type":"WebSite","@id":"https:\/\/www.bazarbonino.com\/store\/#website","url":"https:\/\/www.bazarbonino.com\/store\/","name":"BazarBonino","description":"","potentialAction":[{"@type":"SearchAction","target":{"@type":"EntryPoint","urlTemplate":"https:\/\/www.bazarbonino.com\/store\/?s={search_term_string}"},"query-input":{"@type":"PropertyValueSpecification","valueRequired":true,"valueName":"search_term_string"}}],"inLanguage":"it-IT"}]}},"_links":{"self":[{"href":"https:\/\/www.bazarbonino.com\/store\/wp-json\/wp\/v2\/product\/17284","targetHints":{"allow":["GET"]}}],"collection":[{"href":"https:\/\/www.bazarbonino.com\/store\/wp-json\/wp\/v2\/product"}],"about":[{"href":"https:\/\/www.bazarbonino.com\/store\/wp-json\/wp\/v2\/types\/product"}],"replies":[{"embeddable":true,"href":"https:\/\/www.bazarbonino.com\/store\/wp-json\/wp\/v2\/comments?post=17284"}],"wp:featuredmedia":[{"embeddable":true,"href":"https:\/\/www.bazarbonino.com\/store\/wp-json\/wp\/v2\/media\/17285"}],"wp:attachment":[{"href":"https:\/\/www.bazarbonino.com\/store\/wp-json\/wp\/v2\/media?parent=17284"}],"wp:term":[{"taxonomy":"product_brand","embeddable":true,"href":"https:\/\/www.bazarbonino.com\/store\/wp-json\/wp\/v2\/product_brand?post=17284"},{"taxonomy":"product_cat","embeddable":true,"href":"https:\/\/www.bazarbonino.com\/store\/wp-json\/wp\/v2\/product_cat?post=17284"},{"taxonomy":"product_tag","embeddable":true,"href":"https:\/\/www.bazarbonino.com\/store\/wp-json\/wp\/v2\/product_tag?post=17284"}],"curies":[{"name":"wp","href":"https:\/\/api.w.org\/{rel}","templated":true}]}}