{"id":1720,"date":"2013-01-01T23:33:28","date_gmt":"2013-01-01T22:33:28","guid":{"rendered":"http:\/\/www.bazarbonino.com\/store\/?wpsc-product=bs0220-proboscide-elefante-sparabolle-bubbler-elephant"},"modified":"2024-05-16T11:35:33","modified_gmt":"2024-05-16T09:35:33","slug":"bs0220-proboscide-elefante-sparabolle-bubbler-elephant","status":"publish","type":"product","link":"https:\/\/www.bazarbonino.com\/store\/prodotto\/bs0220-proboscide-elefante-sparabolle-bubbler-elephant\/","title":{"rendered":"BS0220 &#8211; PROBOSCIDE ELEFANTE SPARABOLLE &#8220;BUBBLER ELEPHANT&#8221;"},"content":{"rendered":"<p><span lang=\"it\">Il Bubbler Elephant \u00e9 un&#8217;enorme e divertente proboscide sparabolle! Basta immergere la testa multi-forata nel contenitore con la soluzione per bolle e poi soffiare nel tubo per la produzione in massa di bellissime bolle di sapone. La lunghezza del tubo \u00e8 di 74 cm. ed il terminale \u00e8 di 8 cm., nella confezione \u00e8 incluso un flaconcino di soluzione.<\/span><\/p>\n","protected":false},"excerpt":{"rendered":"<p>Il Bubbler Elephant \u00e9 un&#8217;enorme e divertente proboscide sparabolle! Basta immergere la testa multi-forata nel contenitore con la soluzione per bolle e poi soffiare nel tubo per la produzione in massa di bellissime bolle di sapone. La lunghezza del tubo \u00e8 di 74 cm. ed il terminale \u00e8 di 8 cm., nella confezione \u00e8 incluso [&hellip;]<\/p>\n","protected":false},"featured_media":1982,"comment_status":"closed","ping_status":"closed","template":"","meta":{"_et_pb_use_builder":"","_et_pb_old_content":"","_et_gb_content_width":""},"product_brand":[],"product_cat":[565],"product_tag":[568,567,2128,2127,566,570,569,2130,2129,147,571,2131,142],"class_list":{"0":"post-1720","1":"product","2":"type-product","3":"status-publish","4":"has-post-thumbnail","6":"product_cat-bolle-gioco","7":"product_tag-articoli-pustefix","8":"product_tag-attrezzi-gioco-bolle-di-sapone","9":"product_tag-attrezzo-bolle-di-sapone","10":"product_tag-bazar-bonino-torino","11":"product_tag-bolle-di-sapone-2","12":"product_tag-bolle-durature","13":"product_tag-liquido-bolle","14":"product_tag-liquido-per-bolle-di-sapone-giganti","15":"product_tag-negozio-giocattoli-e-bolle-di-sapone","16":"product_tag-proboscide-elefante-sparabolle","17":"product_tag-razzo-per-bolle-di-sapone","18":"product_tag-ricarica-per-bolle-di-sapone","19":"product_tag-sapone-per-bolle-giganti","21":"first","22":"outofstock","23":"taxable","24":"shipping-taxable","25":"purchasable","26":"product-type-simple"},"yoast_head":"<!-- This site is optimized with the Yoast SEO plugin v27.4 - https:\/\/yoast.com\/product\/yoast-seo-wordpress\/ -->\n<title>BS0220 - PROBOSCIDE ELEFANTE SPARABOLLE &quot;BUBBLER ELEPHANT&quot; - BazarBonino<\/title>\n<meta name=\"robots\" content=\"index, follow, max-snippet:-1, max-image-preview:large, max-video-preview:-1\" \/>\n<link rel=\"canonical\" href=\"https:\/\/www.bazarbonino.com\/store\/prodotto\/bs0220-proboscide-elefante-sparabolle-bubbler-elephant\/\" \/>\n<meta property=\"og:locale\" content=\"it_IT\" \/>\n<meta property=\"og:type\" content=\"article\" \/>\n<meta property=\"og:title\" content=\"BS0220 - PROBOSCIDE ELEFANTE SPARABOLLE &quot;BUBBLER ELEPHANT&quot; - BazarBonino\" \/>\n<meta property=\"og:description\" content=\"Il Bubbler Elephant \u00e9 un&#8217;enorme e divertente proboscide sparabolle! Basta immergere la testa multi-forata nel contenitore con la soluzione per bolle e poi soffiare nel tubo per la produzione in massa di bellissime bolle di sapone. La lunghezza del tubo \u00e8 di 74 cm. ed il terminale \u00e8 di 8 cm., nella confezione \u00e8 incluso [&hellip;]\" \/>\n<meta property=\"og:url\" content=\"https:\/\/www.bazarbonino.com\/store\/prodotto\/bs0220-proboscide-elefante-sparabolle-bubbler-elephant\/\" \/>\n<meta property=\"og:site_name\" content=\"BazarBonino\" \/>\n<meta property=\"article:publisher\" content=\"https:\/\/www.facebook.com\/bazar.bonino\" \/>\n<meta property=\"article:modified_time\" content=\"2024-05-16T09:35:33+00:00\" \/>\n<meta property=\"og:image\" content=\"https:\/\/www.bazarbonino.com\/store\/wp-content\/uploads\/2013\/01\/BS0220-PROBOSCIDE-ELEFANTE-SPARABOLLE-BUBBLER-ELEPHANT.jpg\" \/>\n\t<meta property=\"og:image:width\" content=\"1000\" \/>\n\t<meta property=\"og:image:height\" content=\"1000\" \/>\n\t<meta property=\"og:image:type\" content=\"image\/jpeg\" \/>\n<meta name=\"twitter:card\" content=\"summary_large_image\" \/>\n<script type=\"application\/ld+json\" class=\"yoast-schema-graph\">{\"@context\":\"https:\\\/\\\/schema.org\",\"@graph\":[{\"@type\":\"WebPage\",\"@id\":\"https:\\\/\\\/www.bazarbonino.com\\\/store\\\/prodotto\\\/bs0220-proboscide-elefante-sparabolle-bubbler-elephant\\\/\",\"url\":\"https:\\\/\\\/www.bazarbonino.com\\\/store\\\/prodotto\\\/bs0220-proboscide-elefante-sparabolle-bubbler-elephant\\\/\",\"name\":\"BS0220 - PROBOSCIDE ELEFANTE SPARABOLLE \\\"BUBBLER ELEPHANT\\\" - BazarBonino\",\"isPartOf\":{\"@id\":\"https:\\\/\\\/www.bazarbonino.com\\\/store\\\/#website\"},\"primaryImageOfPage\":{\"@id\":\"https:\\\/\\\/www.bazarbonino.com\\\/store\\\/prodotto\\\/bs0220-proboscide-elefante-sparabolle-bubbler-elephant\\\/#primaryimage\"},\"image\":{\"@id\":\"https:\\\/\\\/www.bazarbonino.com\\\/store\\\/prodotto\\\/bs0220-proboscide-elefante-sparabolle-bubbler-elephant\\\/#primaryimage\"},\"thumbnailUrl\":\"https:\\\/\\\/www.bazarbonino.com\\\/store\\\/wp-content\\\/uploads\\\/2013\\\/01\\\/BS0220-PROBOSCIDE-ELEFANTE-SPARABOLLE-BUBBLER-ELEPHANT.jpg\",\"datePublished\":\"2013-01-01T22:33:28+00:00\",\"dateModified\":\"2024-05-16T09:35:33+00:00\",\"breadcrumb\":{\"@id\":\"https:\\\/\\\/www.bazarbonino.com\\\/store\\\/prodotto\\\/bs0220-proboscide-elefante-sparabolle-bubbler-elephant\\\/#breadcrumb\"},\"inLanguage\":\"it-IT\",\"potentialAction\":[{\"@type\":\"ReadAction\",\"target\":[\"https:\\\/\\\/www.bazarbonino.com\\\/store\\\/prodotto\\\/bs0220-proboscide-elefante-sparabolle-bubbler-elephant\\\/\"]}]},{\"@type\":\"ImageObject\",\"inLanguage\":\"it-IT\",\"@id\":\"https:\\\/\\\/www.bazarbonino.com\\\/store\\\/prodotto\\\/bs0220-proboscide-elefante-sparabolle-bubbler-elephant\\\/#primaryimage\",\"url\":\"https:\\\/\\\/www.bazarbonino.com\\\/store\\\/wp-content\\\/uploads\\\/2013\\\/01\\\/BS0220-PROBOSCIDE-ELEFANTE-SPARABOLLE-BUBBLER-ELEPHANT.jpg\",\"contentUrl\":\"https:\\\/\\\/www.bazarbonino.com\\\/store\\\/wp-content\\\/uploads\\\/2013\\\/01\\\/BS0220-PROBOSCIDE-ELEFANTE-SPARABOLLE-BUBBLER-ELEPHANT.jpg\",\"width\":1000,\"height\":1000},{\"@type\":\"BreadcrumbList\",\"@id\":\"https:\\\/\\\/www.bazarbonino.com\\\/store\\\/prodotto\\\/bs0220-proboscide-elefante-sparabolle-bubbler-elephant\\\/#breadcrumb\",\"itemListElement\":[{\"@type\":\"ListItem\",\"position\":1,\"name\":\"Home\",\"item\":\"https:\\\/\\\/www.bazarbonino.com\\\/store\\\/\"},{\"@type\":\"ListItem\",\"position\":2,\"name\":\"Catalogo\",\"item\":\"https:\\\/\\\/www.bazarbonino.com\\\/store\\\/shop\\\/\"},{\"@type\":\"ListItem\",\"position\":3,\"name\":\"BS0220 &#8211; PROBOSCIDE ELEFANTE SPARABOLLE &#8220;BUBBLER ELEPHANT&#8221;\"}]},{\"@type\":\"WebSite\",\"@id\":\"https:\\\/\\\/www.bazarbonino.com\\\/store\\\/#website\",\"url\":\"https:\\\/\\\/www.bazarbonino.com\\\/store\\\/\",\"name\":\"BazarBonino\",\"description\":\"\",\"potentialAction\":[{\"@type\":\"SearchAction\",\"target\":{\"@type\":\"EntryPoint\",\"urlTemplate\":\"https:\\\/\\\/www.bazarbonino.com\\\/store\\\/?s={search_term_string}\"},\"query-input\":{\"@type\":\"PropertyValueSpecification\",\"valueRequired\":true,\"valueName\":\"search_term_string\"}}],\"inLanguage\":\"it-IT\"}]}<\/script>\n<!-- \/ Yoast SEO plugin. -->","yoast_head_json":{"title":"BS0220 - PROBOSCIDE ELEFANTE SPARABOLLE \"BUBBLER ELEPHANT\" - BazarBonino","robots":{"index":"index","follow":"follow","max-snippet":"max-snippet:-1","max-image-preview":"max-image-preview:large","max-video-preview":"max-video-preview:-1"},"canonical":"https:\/\/www.bazarbonino.com\/store\/prodotto\/bs0220-proboscide-elefante-sparabolle-bubbler-elephant\/","og_locale":"it_IT","og_type":"article","og_title":"BS0220 - PROBOSCIDE ELEFANTE SPARABOLLE \"BUBBLER ELEPHANT\" - BazarBonino","og_description":"Il Bubbler Elephant \u00e9 un&#8217;enorme e divertente proboscide sparabolle! Basta immergere la testa multi-forata nel contenitore con la soluzione per bolle e poi soffiare nel tubo per la produzione in massa di bellissime bolle di sapone. La lunghezza del tubo \u00e8 di 74 cm. ed il terminale \u00e8 di 8 cm., nella confezione \u00e8 incluso [&hellip;]","og_url":"https:\/\/www.bazarbonino.com\/store\/prodotto\/bs0220-proboscide-elefante-sparabolle-bubbler-elephant\/","og_site_name":"BazarBonino","article_publisher":"https:\/\/www.facebook.com\/bazar.bonino","article_modified_time":"2024-05-16T09:35:33+00:00","og_image":[{"width":1000,"height":1000,"url":"https:\/\/www.bazarbonino.com\/store\/wp-content\/uploads\/2013\/01\/BS0220-PROBOSCIDE-ELEFANTE-SPARABOLLE-BUBBLER-ELEPHANT.jpg","type":"image\/jpeg"}],"twitter_card":"summary_large_image","schema":{"@context":"https:\/\/schema.org","@graph":[{"@type":"WebPage","@id":"https:\/\/www.bazarbonino.com\/store\/prodotto\/bs0220-proboscide-elefante-sparabolle-bubbler-elephant\/","url":"https:\/\/www.bazarbonino.com\/store\/prodotto\/bs0220-proboscide-elefante-sparabolle-bubbler-elephant\/","name":"BS0220 - PROBOSCIDE ELEFANTE SPARABOLLE \"BUBBLER ELEPHANT\" - BazarBonino","isPartOf":{"@id":"https:\/\/www.bazarbonino.com\/store\/#website"},"primaryImageOfPage":{"@id":"https:\/\/www.bazarbonino.com\/store\/prodotto\/bs0220-proboscide-elefante-sparabolle-bubbler-elephant\/#primaryimage"},"image":{"@id":"https:\/\/www.bazarbonino.com\/store\/prodotto\/bs0220-proboscide-elefante-sparabolle-bubbler-elephant\/#primaryimage"},"thumbnailUrl":"https:\/\/www.bazarbonino.com\/store\/wp-content\/uploads\/2013\/01\/BS0220-PROBOSCIDE-ELEFANTE-SPARABOLLE-BUBBLER-ELEPHANT.jpg","datePublished":"2013-01-01T22:33:28+00:00","dateModified":"2024-05-16T09:35:33+00:00","breadcrumb":{"@id":"https:\/\/www.bazarbonino.com\/store\/prodotto\/bs0220-proboscide-elefante-sparabolle-bubbler-elephant\/#breadcrumb"},"inLanguage":"it-IT","potentialAction":[{"@type":"ReadAction","target":["https:\/\/www.bazarbonino.com\/store\/prodotto\/bs0220-proboscide-elefante-sparabolle-bubbler-elephant\/"]}]},{"@type":"ImageObject","inLanguage":"it-IT","@id":"https:\/\/www.bazarbonino.com\/store\/prodotto\/bs0220-proboscide-elefante-sparabolle-bubbler-elephant\/#primaryimage","url":"https:\/\/www.bazarbonino.com\/store\/wp-content\/uploads\/2013\/01\/BS0220-PROBOSCIDE-ELEFANTE-SPARABOLLE-BUBBLER-ELEPHANT.jpg","contentUrl":"https:\/\/www.bazarbonino.com\/store\/wp-content\/uploads\/2013\/01\/BS0220-PROBOSCIDE-ELEFANTE-SPARABOLLE-BUBBLER-ELEPHANT.jpg","width":1000,"height":1000},{"@type":"BreadcrumbList","@id":"https:\/\/www.bazarbonino.com\/store\/prodotto\/bs0220-proboscide-elefante-sparabolle-bubbler-elephant\/#breadcrumb","itemListElement":[{"@type":"ListItem","position":1,"name":"Home","item":"https:\/\/www.bazarbonino.com\/store\/"},{"@type":"ListItem","position":2,"name":"Catalogo","item":"https:\/\/www.bazarbonino.com\/store\/shop\/"},{"@type":"ListItem","position":3,"name":"BS0220 &#8211; PROBOSCIDE ELEFANTE SPARABOLLE &#8220;BUBBLER ELEPHANT&#8221;"}]},{"@type":"WebSite","@id":"https:\/\/www.bazarbonino.com\/store\/#website","url":"https:\/\/www.bazarbonino.com\/store\/","name":"BazarBonino","description":"","potentialAction":[{"@type":"SearchAction","target":{"@type":"EntryPoint","urlTemplate":"https:\/\/www.bazarbonino.com\/store\/?s={search_term_string}"},"query-input":{"@type":"PropertyValueSpecification","valueRequired":true,"valueName":"search_term_string"}}],"inLanguage":"it-IT"}]}},"_links":{"self":[{"href":"https:\/\/www.bazarbonino.com\/store\/wp-json\/wp\/v2\/product\/1720","targetHints":{"allow":["GET"]}}],"collection":[{"href":"https:\/\/www.bazarbonino.com\/store\/wp-json\/wp\/v2\/product"}],"about":[{"href":"https:\/\/www.bazarbonino.com\/store\/wp-json\/wp\/v2\/types\/product"}],"replies":[{"embeddable":true,"href":"https:\/\/www.bazarbonino.com\/store\/wp-json\/wp\/v2\/comments?post=1720"}],"wp:featuredmedia":[{"embeddable":true,"href":"https:\/\/www.bazarbonino.com\/store\/wp-json\/wp\/v2\/media\/1982"}],"wp:attachment":[{"href":"https:\/\/www.bazarbonino.com\/store\/wp-json\/wp\/v2\/media?parent=1720"}],"wp:term":[{"taxonomy":"product_brand","embeddable":true,"href":"https:\/\/www.bazarbonino.com\/store\/wp-json\/wp\/v2\/product_brand?post=1720"},{"taxonomy":"product_cat","embeddable":true,"href":"https:\/\/www.bazarbonino.com\/store\/wp-json\/wp\/v2\/product_cat?post=1720"},{"taxonomy":"product_tag","embeddable":true,"href":"https:\/\/www.bazarbonino.com\/store\/wp-json\/wp\/v2\/product_tag?post=1720"}],"curies":[{"name":"wp","href":"https:\/\/api.w.org\/{rel}","templated":true}]}}