{"id":17178,"date":"2020-11-10T12:23:20","date_gmt":"2020-11-10T11:23:20","guid":{"rendered":"https:\/\/www.bazarbonino.com\/store\/?post_type=product&#038;p=17178"},"modified":"2024-05-15T16:46:36","modified_gmt":"2024-05-15T14:46:36","slug":"mp020-mazzo-di-carte-honeybee-v2-giallo","status":"publish","type":"product","link":"https:\/\/www.bazarbonino.com\/store\/prodotto\/mp020-mazzo-di-carte-honeybee-v2-giallo\/","title":{"rendered":"MP020 &#8211; Mazzo di Carte Honeybee V2 Giallo"},"content":{"rendered":"<p>MP020 &#8211; Mazzo di Carte Honeybee V2 Giallo Sono tornate e pi\u00f9 dolci che mai &#8211; Honeybee V2 playing cards.<\/p>\n<p>Progettate da Randy Butterfield. L&#8217;edizione V1 senza bordi si \u00e8 esaurita rapidamente, e da allora c&#8217;\u00e8 stata una grande richiesta per una versione con bordo. Oggi quel sogno si \u00e8 avverato!<\/p>\n<p>Il mazzo \u00e8 dotato di un bellissimo modello a nido d&#8217;ape, completo di due realistiche api che camminano sul dorso. Potete quasi gustare il miele mentre le guardate!<\/p>\n<p>Le facce sono nello stile tradizionale delle Bee, con l&#8217;asso di picche e il jolly senza tempo, e un rosso pi\u00f9 intenso per i cuori e i quadri. E&#8217; stato creato uno schema di colore personalizzato e un pattern di sfondo sulle figure.<\/p>\n<p>Queste carte si maneggiano come in un SOGNO. Sono stampate su cartoncino Bee dalla US Playing Card con la loro finitura &#8220;Magic&#8221; di grado A per la massima fluidit\u00e0, durata e longevit\u00e0. Inoltre sono state tagliate tradizionalmente (la lama attraversa il lato delle facce) che rende il miscuglio faro sul tavolo e altre mosse di gioco molto pi\u00f9 facili da realizzare.<\/p>\n<p>Sono state incluse anche 2 carte speciali, una doppio dorso e una con la faccia bianca, che potete utilizzare per le routine magiche creative!<\/p>\n<p>&#8211; V2 design del dorso con bordi.<br \/>\n&#8211; Stampato dalla US Playing Card Company.<br \/>\n&#8211; Cartoncino Bee e finitura Premium &#8220;Magic&#8221;.<br \/>\n&#8211; Taglio tradizionale.<br \/>\n&#8211; Disegnato da Randy Butterfield.<br \/>\n&#8211; schema di colore personalizzato e un pattern di sfondo sulle figure.<br \/>\n&#8211; 2 carte Gaff incluse &#8211; doppio dorso e faccia bianca.<\/p>\n<p>\u2022 Le carte sono formato poker.<\/p>\n","protected":false},"excerpt":{"rendered":"<p>MP020 &#8211; Mazzo di Carte Honeybee V2 Giallo Sono tornate e pi\u00f9 dolci che mai &#8211; Honeybee V2 playing cards. Progettate da Randy Butterfield. L&#8217;edizione V1 senza bordi si \u00e8 esaurita rapidamente, e da allora c&#8217;\u00e8 stata una grande richiesta per una versione con bordo. Oggi quel sogno si \u00e8 avverato! Il mazzo \u00e8 dotato [&hellip;]<\/p>\n","protected":false},"featured_media":17181,"comment_status":"closed","ping_status":"closed","template":"","meta":{"_et_pb_use_builder":"","_et_pb_old_content":"","_et_gb_content_width":""},"product_brand":[],"product_cat":[2245],"product_tag":[2247,2248],"class_list":{"0":"post-17178","1":"product","2":"type-product","3":"status-publish","4":"has-post-thumbnail","6":"product_cat-mazzi-di-carte-penguin-magic","7":"product_tag-mazzo-di-carte-honeybee-v2-giallo","8":"product_tag-playing-card-honeybee-v2-giallo","9":"pa_colore-blu","10":"pa_colore-rosso","12":"first","13":"outofstock","14":"taxable","15":"shipping-taxable","16":"purchasable","17":"product-type-simple"},"yoast_head":"<!-- This site is optimized with the Yoast SEO plugin v27.4 - https:\/\/yoast.com\/product\/yoast-seo-wordpress\/ -->\n<title>MP020 - Mazzo di Carte Honeybee V2 Giallo - BazarBonino<\/title>\n<meta name=\"description\" content=\"Mazzo di Carte Honeybee V2 Giallo Sono tornate e pi\u00f9 dolci che mai - Honeybee V2 playing cards.Progettate da Randy Butterfield.\" \/>\n<meta name=\"robots\" content=\"index, follow, max-snippet:-1, max-image-preview:large, max-video-preview:-1\" \/>\n<link rel=\"canonical\" href=\"https:\/\/www.bazarbonino.com\/store\/prodotto\/mp020-mazzo-di-carte-honeybee-v2-giallo\/\" \/>\n<meta property=\"og:locale\" content=\"it_IT\" \/>\n<meta property=\"og:type\" content=\"article\" \/>\n<meta property=\"og:title\" content=\"MP020 - Mazzo di Carte Honeybee V2 Giallo - BazarBonino\" \/>\n<meta property=\"og:description\" content=\"Mazzo di Carte Honeybee V2 Giallo Sono tornate e pi\u00f9 dolci che mai - Honeybee V2 playing cards.Progettate da Randy Butterfield.\" \/>\n<meta property=\"og:url\" content=\"https:\/\/www.bazarbonino.com\/store\/prodotto\/mp020-mazzo-di-carte-honeybee-v2-giallo\/\" \/>\n<meta property=\"og:site_name\" content=\"BazarBonino\" \/>\n<meta property=\"article:publisher\" content=\"https:\/\/www.facebook.com\/bazar.bonino\" \/>\n<meta property=\"article:modified_time\" content=\"2024-05-15T14:46:36+00:00\" \/>\n<meta property=\"og:image\" content=\"https:\/\/www.bazarbonino.com\/store\/wp-content\/uploads\/2020\/11\/MP020-Mazzo-di-Carte-Honeybee-V2-Giallo.jpg\" \/>\n\t<meta property=\"og:image:width\" content=\"600\" \/>\n\t<meta property=\"og:image:height\" content=\"600\" \/>\n\t<meta property=\"og:image:type\" content=\"image\/jpeg\" \/>\n<meta name=\"twitter:card\" content=\"summary_large_image\" \/>\n<meta name=\"twitter:label1\" content=\"Tempo di lettura stimato\" \/>\n\t<meta name=\"twitter:data1\" content=\"1 minuto\" \/>\n<script type=\"application\/ld+json\" class=\"yoast-schema-graph\">{\"@context\":\"https:\\\/\\\/schema.org\",\"@graph\":[{\"@type\":\"WebPage\",\"@id\":\"https:\\\/\\\/www.bazarbonino.com\\\/store\\\/prodotto\\\/mp020-mazzo-di-carte-honeybee-v2-giallo\\\/\",\"url\":\"https:\\\/\\\/www.bazarbonino.com\\\/store\\\/prodotto\\\/mp020-mazzo-di-carte-honeybee-v2-giallo\\\/\",\"name\":\"MP020 - Mazzo di Carte Honeybee V2 Giallo - BazarBonino\",\"isPartOf\":{\"@id\":\"https:\\\/\\\/www.bazarbonino.com\\\/store\\\/#website\"},\"primaryImageOfPage\":{\"@id\":\"https:\\\/\\\/www.bazarbonino.com\\\/store\\\/prodotto\\\/mp020-mazzo-di-carte-honeybee-v2-giallo\\\/#primaryimage\"},\"image\":{\"@id\":\"https:\\\/\\\/www.bazarbonino.com\\\/store\\\/prodotto\\\/mp020-mazzo-di-carte-honeybee-v2-giallo\\\/#primaryimage\"},\"thumbnailUrl\":\"https:\\\/\\\/www.bazarbonino.com\\\/store\\\/wp-content\\\/uploads\\\/2020\\\/11\\\/MP020-Mazzo-di-Carte-Honeybee-V2-Giallo.jpg\",\"datePublished\":\"2020-11-10T11:23:20+00:00\",\"dateModified\":\"2024-05-15T14:46:36+00:00\",\"description\":\"Mazzo di Carte Honeybee V2 Giallo Sono tornate e pi\u00f9 dolci che mai - Honeybee V2 playing cards.Progettate da Randy Butterfield.\",\"breadcrumb\":{\"@id\":\"https:\\\/\\\/www.bazarbonino.com\\\/store\\\/prodotto\\\/mp020-mazzo-di-carte-honeybee-v2-giallo\\\/#breadcrumb\"},\"inLanguage\":\"it-IT\",\"potentialAction\":[{\"@type\":\"ReadAction\",\"target\":[\"https:\\\/\\\/www.bazarbonino.com\\\/store\\\/prodotto\\\/mp020-mazzo-di-carte-honeybee-v2-giallo\\\/\"]}]},{\"@type\":\"ImageObject\",\"inLanguage\":\"it-IT\",\"@id\":\"https:\\\/\\\/www.bazarbonino.com\\\/store\\\/prodotto\\\/mp020-mazzo-di-carte-honeybee-v2-giallo\\\/#primaryimage\",\"url\":\"https:\\\/\\\/www.bazarbonino.com\\\/store\\\/wp-content\\\/uploads\\\/2020\\\/11\\\/MP020-Mazzo-di-Carte-Honeybee-V2-Giallo.jpg\",\"contentUrl\":\"https:\\\/\\\/www.bazarbonino.com\\\/store\\\/wp-content\\\/uploads\\\/2020\\\/11\\\/MP020-Mazzo-di-Carte-Honeybee-V2-Giallo.jpg\",\"width\":600,\"height\":600,\"caption\":\"MP020 - Mazzo di Carte Honeybee V2 Giallo\"},{\"@type\":\"BreadcrumbList\",\"@id\":\"https:\\\/\\\/www.bazarbonino.com\\\/store\\\/prodotto\\\/mp020-mazzo-di-carte-honeybee-v2-giallo\\\/#breadcrumb\",\"itemListElement\":[{\"@type\":\"ListItem\",\"position\":1,\"name\":\"Home\",\"item\":\"https:\\\/\\\/www.bazarbonino.com\\\/store\\\/\"},{\"@type\":\"ListItem\",\"position\":2,\"name\":\"Catalogo\",\"item\":\"https:\\\/\\\/www.bazarbonino.com\\\/store\\\/shop\\\/\"},{\"@type\":\"ListItem\",\"position\":3,\"name\":\"MP020 &#8211; Mazzo di Carte Honeybee V2 Giallo\"}]},{\"@type\":\"WebSite\",\"@id\":\"https:\\\/\\\/www.bazarbonino.com\\\/store\\\/#website\",\"url\":\"https:\\\/\\\/www.bazarbonino.com\\\/store\\\/\",\"name\":\"BazarBonino\",\"description\":\"\",\"potentialAction\":[{\"@type\":\"SearchAction\",\"target\":{\"@type\":\"EntryPoint\",\"urlTemplate\":\"https:\\\/\\\/www.bazarbonino.com\\\/store\\\/?s={search_term_string}\"},\"query-input\":{\"@type\":\"PropertyValueSpecification\",\"valueRequired\":true,\"valueName\":\"search_term_string\"}}],\"inLanguage\":\"it-IT\"}]}<\/script>\n<!-- \/ Yoast SEO plugin. -->","yoast_head_json":{"title":"MP020 - Mazzo di Carte Honeybee V2 Giallo - BazarBonino","description":"Mazzo di Carte Honeybee V2 Giallo Sono tornate e pi\u00f9 dolci che mai - Honeybee V2 playing cards.Progettate da Randy Butterfield.","robots":{"index":"index","follow":"follow","max-snippet":"max-snippet:-1","max-image-preview":"max-image-preview:large","max-video-preview":"max-video-preview:-1"},"canonical":"https:\/\/www.bazarbonino.com\/store\/prodotto\/mp020-mazzo-di-carte-honeybee-v2-giallo\/","og_locale":"it_IT","og_type":"article","og_title":"MP020 - Mazzo di Carte Honeybee V2 Giallo - BazarBonino","og_description":"Mazzo di Carte Honeybee V2 Giallo Sono tornate e pi\u00f9 dolci che mai - Honeybee V2 playing cards.Progettate da Randy Butterfield.","og_url":"https:\/\/www.bazarbonino.com\/store\/prodotto\/mp020-mazzo-di-carte-honeybee-v2-giallo\/","og_site_name":"BazarBonino","article_publisher":"https:\/\/www.facebook.com\/bazar.bonino","article_modified_time":"2024-05-15T14:46:36+00:00","og_image":[{"width":600,"height":600,"url":"https:\/\/www.bazarbonino.com\/store\/wp-content\/uploads\/2020\/11\/MP020-Mazzo-di-Carte-Honeybee-V2-Giallo.jpg","type":"image\/jpeg"}],"twitter_card":"summary_large_image","twitter_misc":{"Tempo di lettura stimato":"1 minuto"},"schema":{"@context":"https:\/\/schema.org","@graph":[{"@type":"WebPage","@id":"https:\/\/www.bazarbonino.com\/store\/prodotto\/mp020-mazzo-di-carte-honeybee-v2-giallo\/","url":"https:\/\/www.bazarbonino.com\/store\/prodotto\/mp020-mazzo-di-carte-honeybee-v2-giallo\/","name":"MP020 - Mazzo di Carte Honeybee V2 Giallo - BazarBonino","isPartOf":{"@id":"https:\/\/www.bazarbonino.com\/store\/#website"},"primaryImageOfPage":{"@id":"https:\/\/www.bazarbonino.com\/store\/prodotto\/mp020-mazzo-di-carte-honeybee-v2-giallo\/#primaryimage"},"image":{"@id":"https:\/\/www.bazarbonino.com\/store\/prodotto\/mp020-mazzo-di-carte-honeybee-v2-giallo\/#primaryimage"},"thumbnailUrl":"https:\/\/www.bazarbonino.com\/store\/wp-content\/uploads\/2020\/11\/MP020-Mazzo-di-Carte-Honeybee-V2-Giallo.jpg","datePublished":"2020-11-10T11:23:20+00:00","dateModified":"2024-05-15T14:46:36+00:00","description":"Mazzo di Carte Honeybee V2 Giallo Sono tornate e pi\u00f9 dolci che mai - Honeybee V2 playing cards.Progettate da Randy Butterfield.","breadcrumb":{"@id":"https:\/\/www.bazarbonino.com\/store\/prodotto\/mp020-mazzo-di-carte-honeybee-v2-giallo\/#breadcrumb"},"inLanguage":"it-IT","potentialAction":[{"@type":"ReadAction","target":["https:\/\/www.bazarbonino.com\/store\/prodotto\/mp020-mazzo-di-carte-honeybee-v2-giallo\/"]}]},{"@type":"ImageObject","inLanguage":"it-IT","@id":"https:\/\/www.bazarbonino.com\/store\/prodotto\/mp020-mazzo-di-carte-honeybee-v2-giallo\/#primaryimage","url":"https:\/\/www.bazarbonino.com\/store\/wp-content\/uploads\/2020\/11\/MP020-Mazzo-di-Carte-Honeybee-V2-Giallo.jpg","contentUrl":"https:\/\/www.bazarbonino.com\/store\/wp-content\/uploads\/2020\/11\/MP020-Mazzo-di-Carte-Honeybee-V2-Giallo.jpg","width":600,"height":600,"caption":"MP020 - Mazzo di Carte Honeybee V2 Giallo"},{"@type":"BreadcrumbList","@id":"https:\/\/www.bazarbonino.com\/store\/prodotto\/mp020-mazzo-di-carte-honeybee-v2-giallo\/#breadcrumb","itemListElement":[{"@type":"ListItem","position":1,"name":"Home","item":"https:\/\/www.bazarbonino.com\/store\/"},{"@type":"ListItem","position":2,"name":"Catalogo","item":"https:\/\/www.bazarbonino.com\/store\/shop\/"},{"@type":"ListItem","position":3,"name":"MP020 &#8211; Mazzo di Carte Honeybee V2 Giallo"}]},{"@type":"WebSite","@id":"https:\/\/www.bazarbonino.com\/store\/#website","url":"https:\/\/www.bazarbonino.com\/store\/","name":"BazarBonino","description":"","potentialAction":[{"@type":"SearchAction","target":{"@type":"EntryPoint","urlTemplate":"https:\/\/www.bazarbonino.com\/store\/?s={search_term_string}"},"query-input":{"@type":"PropertyValueSpecification","valueRequired":true,"valueName":"search_term_string"}}],"inLanguage":"it-IT"}]}},"_links":{"self":[{"href":"https:\/\/www.bazarbonino.com\/store\/wp-json\/wp\/v2\/product\/17178","targetHints":{"allow":["GET"]}}],"collection":[{"href":"https:\/\/www.bazarbonino.com\/store\/wp-json\/wp\/v2\/product"}],"about":[{"href":"https:\/\/www.bazarbonino.com\/store\/wp-json\/wp\/v2\/types\/product"}],"replies":[{"embeddable":true,"href":"https:\/\/www.bazarbonino.com\/store\/wp-json\/wp\/v2\/comments?post=17178"}],"wp:featuredmedia":[{"embeddable":true,"href":"https:\/\/www.bazarbonino.com\/store\/wp-json\/wp\/v2\/media\/17181"}],"wp:attachment":[{"href":"https:\/\/www.bazarbonino.com\/store\/wp-json\/wp\/v2\/media?parent=17178"}],"wp:term":[{"taxonomy":"product_brand","embeddable":true,"href":"https:\/\/www.bazarbonino.com\/store\/wp-json\/wp\/v2\/product_brand?post=17178"},{"taxonomy":"product_cat","embeddable":true,"href":"https:\/\/www.bazarbonino.com\/store\/wp-json\/wp\/v2\/product_cat?post=17178"},{"taxonomy":"product_tag","embeddable":true,"href":"https:\/\/www.bazarbonino.com\/store\/wp-json\/wp\/v2\/product_tag?post=17178"}],"curies":[{"name":"wp","href":"https:\/\/api.w.org\/{rel}","templated":true}]}}