{"id":17073,"date":"2020-11-08T23:40:12","date_gmt":"2020-11-08T22:40:12","guid":{"rendered":"https:\/\/www.bazarbonino.com\/store\/?post_type=product&#038;p=17073"},"modified":"2024-11-26T16:31:10","modified_gmt":"2024-11-26T15:31:10","slug":"mty004-mazzo-carte-monarchs-purple","status":"publish","type":"product","link":"https:\/\/www.bazarbonino.com\/store\/prodotto\/mty004-mazzo-carte-monarchs-purple\/","title":{"rendered":"MTY004 &#8211; Mazzo Carte Monarchs Purple"},"content":{"rendered":"<div id=\"stcpDiv\">MTY004 &#8211; Mazzo Carte Monarchs Purple Monarchs playing cards sono carte da collezione ideate dalla Theory 11. Sono prodotte su carta certificata FSC proveniente da foreste sostenibili e stampate con inchiostri a base vegetale. Monarchs playing cards, \u00e8 tra i mazzi di carte pi\u00f9 belli ed eleganti al mondo per qualit\u00e0, materiale e finitura. Illustrato da Curtis Jinkins, il mazzo \u00e8 stato uno dei protagonisti del film di successo &#8220;Now You See Me&#8221;, che narra le vicende di 4 prestigiatori (\u201ci 4 cavalieri\u201d) e le loro fantastiche magie. La custodia presenta una lamina d\u2019oro brillante su sfondo blu notte. Il disegno presente sulla custodia e sul dorso della carta, rappresenta due serpenti intrecciati che ruotano attorno a una spada da cui nascono rami con fronde rigogliose. Sul bordo affiora la scritta \u201cde duobus malis, minus est semper eligendum\u201d che significa \u201ctra due mali \u00e8 sempre meglio scegliere il minore\u201d. STORIA Monarca \u00e8 colui che fino alla nascita delle monarchie costituzionali riuniva in s\u00e9 i tre poteri dello Stato (legislativo, esecutivo e giudiziario). Proprio come il monarca, Il mazzo Monarchs \u00e8 il sovrano dei mazzi, nonch\u00e8 il pi\u00f9 lussuoso.<\/div>\n","protected":false},"excerpt":{"rendered":"<p>MTY004 &#8211; Mazzo Carte Monarchs Purple Monarchs playing cards sono carte da collezione ideate dalla Theory 11. Sono prodotte su carta certificata FSC proveniente da foreste sostenibili e stampate con inchiostri a base vegetale. Monarchs playing cards, \u00e8 tra i mazzi di carte pi\u00f9 belli ed eleganti al mondo per qualit\u00e0, materiale e finitura. Illustrato [&hellip;]<\/p>\n","protected":false},"featured_media":17074,"comment_status":"closed","ping_status":"closed","template":"","meta":{"_et_pb_use_builder":"","_et_pb_old_content":"","_et_gb_content_width":""},"product_brand":[],"product_cat":[1507],"product_tag":[2236],"class_list":{"0":"post-17073","1":"product","2":"type-product","3":"status-publish","4":"has-post-thumbnail","6":"product_cat-mazzi-di-carte-theory11","7":"product_tag-mazzo-carte-monarchs-purple","9":"first","10":"outofstock","11":"taxable","12":"shipping-taxable","13":"purchasable","14":"product-type-simple"},"yoast_head":"<!-- This site is optimized with the Yoast SEO plugin v27.4 - https:\/\/yoast.com\/product\/yoast-seo-wordpress\/ -->\n<title>MTY004 - Mazzo Carte Monarchs Purple - BazarBonino<\/title>\n<meta name=\"description\" content=\"Mazzo Carte Monarchs Purple Monarchs playing cards sono carte da collezione ideate dalla Theory 11. Sono prodotte su carta certificata FSC...\" \/>\n<meta name=\"robots\" content=\"index, follow, max-snippet:-1, max-image-preview:large, max-video-preview:-1\" \/>\n<link rel=\"canonical\" href=\"https:\/\/www.bazarbonino.com\/store\/prodotto\/mty004-mazzo-carte-monarchs-purple\/\" \/>\n<meta property=\"og:locale\" content=\"it_IT\" \/>\n<meta property=\"og:type\" content=\"article\" \/>\n<meta property=\"og:title\" content=\"MTY004 - Mazzo Carte Monarchs Purple - BazarBonino\" \/>\n<meta property=\"og:description\" content=\"Mazzo Carte Monarchs Purple Monarchs playing cards sono carte da collezione ideate dalla Theory 11. Sono prodotte su carta certificata FSC...\" \/>\n<meta property=\"og:url\" content=\"https:\/\/www.bazarbonino.com\/store\/prodotto\/mty004-mazzo-carte-monarchs-purple\/\" \/>\n<meta property=\"og:site_name\" content=\"BazarBonino\" \/>\n<meta property=\"article:publisher\" content=\"https:\/\/www.facebook.com\/bazar.bonino\" \/>\n<meta property=\"article:modified_time\" content=\"2024-11-26T15:31:10+00:00\" \/>\n<meta property=\"og:image\" content=\"https:\/\/www.bazarbonino.com\/store\/wp-content\/uploads\/2020\/11\/purple-monarchs-playing-cards.jpg\" \/>\n\t<meta property=\"og:image:width\" content=\"600\" \/>\n\t<meta property=\"og:image:height\" content=\"600\" \/>\n\t<meta property=\"og:image:type\" content=\"image\/jpeg\" \/>\n<meta name=\"twitter:card\" content=\"summary_large_image\" \/>\n<meta name=\"twitter:label1\" content=\"Tempo di lettura stimato\" \/>\n\t<meta name=\"twitter:data1\" content=\"1 minuto\" \/>\n<script type=\"application\/ld+json\" class=\"yoast-schema-graph\">{\"@context\":\"https:\\\/\\\/schema.org\",\"@graph\":[{\"@type\":\"WebPage\",\"@id\":\"https:\\\/\\\/www.bazarbonino.com\\\/store\\\/prodotto\\\/mty004-mazzo-carte-monarchs-purple\\\/\",\"url\":\"https:\\\/\\\/www.bazarbonino.com\\\/store\\\/prodotto\\\/mty004-mazzo-carte-monarchs-purple\\\/\",\"name\":\"MTY004 - Mazzo Carte Monarchs Purple - BazarBonino\",\"isPartOf\":{\"@id\":\"https:\\\/\\\/www.bazarbonino.com\\\/store\\\/#website\"},\"primaryImageOfPage\":{\"@id\":\"https:\\\/\\\/www.bazarbonino.com\\\/store\\\/prodotto\\\/mty004-mazzo-carte-monarchs-purple\\\/#primaryimage\"},\"image\":{\"@id\":\"https:\\\/\\\/www.bazarbonino.com\\\/store\\\/prodotto\\\/mty004-mazzo-carte-monarchs-purple\\\/#primaryimage\"},\"thumbnailUrl\":\"https:\\\/\\\/www.bazarbonino.com\\\/store\\\/wp-content\\\/uploads\\\/2020\\\/11\\\/purple-monarchs-playing-cards.jpg\",\"datePublished\":\"2020-11-08T22:40:12+00:00\",\"dateModified\":\"2024-11-26T15:31:10+00:00\",\"description\":\"Mazzo Carte Monarchs Purple Monarchs playing cards sono carte da collezione ideate dalla Theory 11. Sono prodotte su carta certificata FSC...\",\"breadcrumb\":{\"@id\":\"https:\\\/\\\/www.bazarbonino.com\\\/store\\\/prodotto\\\/mty004-mazzo-carte-monarchs-purple\\\/#breadcrumb\"},\"inLanguage\":\"it-IT\",\"potentialAction\":[{\"@type\":\"ReadAction\",\"target\":[\"https:\\\/\\\/www.bazarbonino.com\\\/store\\\/prodotto\\\/mty004-mazzo-carte-monarchs-purple\\\/\"]}]},{\"@type\":\"ImageObject\",\"inLanguage\":\"it-IT\",\"@id\":\"https:\\\/\\\/www.bazarbonino.com\\\/store\\\/prodotto\\\/mty004-mazzo-carte-monarchs-purple\\\/#primaryimage\",\"url\":\"https:\\\/\\\/www.bazarbonino.com\\\/store\\\/wp-content\\\/uploads\\\/2020\\\/11\\\/purple-monarchs-playing-cards.jpg\",\"contentUrl\":\"https:\\\/\\\/www.bazarbonino.com\\\/store\\\/wp-content\\\/uploads\\\/2020\\\/11\\\/purple-monarchs-playing-cards.jpg\",\"width\":600,\"height\":600,\"caption\":\"MTY004 - Mazzo Carte Monarchs Purple\"},{\"@type\":\"BreadcrumbList\",\"@id\":\"https:\\\/\\\/www.bazarbonino.com\\\/store\\\/prodotto\\\/mty004-mazzo-carte-monarchs-purple\\\/#breadcrumb\",\"itemListElement\":[{\"@type\":\"ListItem\",\"position\":1,\"name\":\"Home\",\"item\":\"https:\\\/\\\/www.bazarbonino.com\\\/store\\\/\"},{\"@type\":\"ListItem\",\"position\":2,\"name\":\"Catalogo\",\"item\":\"https:\\\/\\\/www.bazarbonino.com\\\/store\\\/shop\\\/\"},{\"@type\":\"ListItem\",\"position\":3,\"name\":\"MTY004 &#8211; Mazzo Carte Monarchs Purple\"}]},{\"@type\":\"WebSite\",\"@id\":\"https:\\\/\\\/www.bazarbonino.com\\\/store\\\/#website\",\"url\":\"https:\\\/\\\/www.bazarbonino.com\\\/store\\\/\",\"name\":\"BazarBonino\",\"description\":\"\",\"potentialAction\":[{\"@type\":\"SearchAction\",\"target\":{\"@type\":\"EntryPoint\",\"urlTemplate\":\"https:\\\/\\\/www.bazarbonino.com\\\/store\\\/?s={search_term_string}\"},\"query-input\":{\"@type\":\"PropertyValueSpecification\",\"valueRequired\":true,\"valueName\":\"search_term_string\"}}],\"inLanguage\":\"it-IT\"}]}<\/script>\n<!-- \/ Yoast SEO plugin. -->","yoast_head_json":{"title":"MTY004 - Mazzo Carte Monarchs Purple - BazarBonino","description":"Mazzo Carte Monarchs Purple Monarchs playing cards sono carte da collezione ideate dalla Theory 11. Sono prodotte su carta certificata FSC...","robots":{"index":"index","follow":"follow","max-snippet":"max-snippet:-1","max-image-preview":"max-image-preview:large","max-video-preview":"max-video-preview:-1"},"canonical":"https:\/\/www.bazarbonino.com\/store\/prodotto\/mty004-mazzo-carte-monarchs-purple\/","og_locale":"it_IT","og_type":"article","og_title":"MTY004 - Mazzo Carte Monarchs Purple - BazarBonino","og_description":"Mazzo Carte Monarchs Purple Monarchs playing cards sono carte da collezione ideate dalla Theory 11. Sono prodotte su carta certificata FSC...","og_url":"https:\/\/www.bazarbonino.com\/store\/prodotto\/mty004-mazzo-carte-monarchs-purple\/","og_site_name":"BazarBonino","article_publisher":"https:\/\/www.facebook.com\/bazar.bonino","article_modified_time":"2024-11-26T15:31:10+00:00","og_image":[{"width":600,"height":600,"url":"https:\/\/www.bazarbonino.com\/store\/wp-content\/uploads\/2020\/11\/purple-monarchs-playing-cards.jpg","type":"image\/jpeg"}],"twitter_card":"summary_large_image","twitter_misc":{"Tempo di lettura stimato":"1 minuto"},"schema":{"@context":"https:\/\/schema.org","@graph":[{"@type":"WebPage","@id":"https:\/\/www.bazarbonino.com\/store\/prodotto\/mty004-mazzo-carte-monarchs-purple\/","url":"https:\/\/www.bazarbonino.com\/store\/prodotto\/mty004-mazzo-carte-monarchs-purple\/","name":"MTY004 - Mazzo Carte Monarchs Purple - BazarBonino","isPartOf":{"@id":"https:\/\/www.bazarbonino.com\/store\/#website"},"primaryImageOfPage":{"@id":"https:\/\/www.bazarbonino.com\/store\/prodotto\/mty004-mazzo-carte-monarchs-purple\/#primaryimage"},"image":{"@id":"https:\/\/www.bazarbonino.com\/store\/prodotto\/mty004-mazzo-carte-monarchs-purple\/#primaryimage"},"thumbnailUrl":"https:\/\/www.bazarbonino.com\/store\/wp-content\/uploads\/2020\/11\/purple-monarchs-playing-cards.jpg","datePublished":"2020-11-08T22:40:12+00:00","dateModified":"2024-11-26T15:31:10+00:00","description":"Mazzo Carte Monarchs Purple Monarchs playing cards sono carte da collezione ideate dalla Theory 11. Sono prodotte su carta certificata FSC...","breadcrumb":{"@id":"https:\/\/www.bazarbonino.com\/store\/prodotto\/mty004-mazzo-carte-monarchs-purple\/#breadcrumb"},"inLanguage":"it-IT","potentialAction":[{"@type":"ReadAction","target":["https:\/\/www.bazarbonino.com\/store\/prodotto\/mty004-mazzo-carte-monarchs-purple\/"]}]},{"@type":"ImageObject","inLanguage":"it-IT","@id":"https:\/\/www.bazarbonino.com\/store\/prodotto\/mty004-mazzo-carte-monarchs-purple\/#primaryimage","url":"https:\/\/www.bazarbonino.com\/store\/wp-content\/uploads\/2020\/11\/purple-monarchs-playing-cards.jpg","contentUrl":"https:\/\/www.bazarbonino.com\/store\/wp-content\/uploads\/2020\/11\/purple-monarchs-playing-cards.jpg","width":600,"height":600,"caption":"MTY004 - Mazzo Carte Monarchs Purple"},{"@type":"BreadcrumbList","@id":"https:\/\/www.bazarbonino.com\/store\/prodotto\/mty004-mazzo-carte-monarchs-purple\/#breadcrumb","itemListElement":[{"@type":"ListItem","position":1,"name":"Home","item":"https:\/\/www.bazarbonino.com\/store\/"},{"@type":"ListItem","position":2,"name":"Catalogo","item":"https:\/\/www.bazarbonino.com\/store\/shop\/"},{"@type":"ListItem","position":3,"name":"MTY004 &#8211; Mazzo Carte Monarchs Purple"}]},{"@type":"WebSite","@id":"https:\/\/www.bazarbonino.com\/store\/#website","url":"https:\/\/www.bazarbonino.com\/store\/","name":"BazarBonino","description":"","potentialAction":[{"@type":"SearchAction","target":{"@type":"EntryPoint","urlTemplate":"https:\/\/www.bazarbonino.com\/store\/?s={search_term_string}"},"query-input":{"@type":"PropertyValueSpecification","valueRequired":true,"valueName":"search_term_string"}}],"inLanguage":"it-IT"}]}},"_links":{"self":[{"href":"https:\/\/www.bazarbonino.com\/store\/wp-json\/wp\/v2\/product\/17073","targetHints":{"allow":["GET"]}}],"collection":[{"href":"https:\/\/www.bazarbonino.com\/store\/wp-json\/wp\/v2\/product"}],"about":[{"href":"https:\/\/www.bazarbonino.com\/store\/wp-json\/wp\/v2\/types\/product"}],"replies":[{"embeddable":true,"href":"https:\/\/www.bazarbonino.com\/store\/wp-json\/wp\/v2\/comments?post=17073"}],"wp:featuredmedia":[{"embeddable":true,"href":"https:\/\/www.bazarbonino.com\/store\/wp-json\/wp\/v2\/media\/17074"}],"wp:attachment":[{"href":"https:\/\/www.bazarbonino.com\/store\/wp-json\/wp\/v2\/media?parent=17073"}],"wp:term":[{"taxonomy":"product_brand","embeddable":true,"href":"https:\/\/www.bazarbonino.com\/store\/wp-json\/wp\/v2\/product_brand?post=17073"},{"taxonomy":"product_cat","embeddable":true,"href":"https:\/\/www.bazarbonino.com\/store\/wp-json\/wp\/v2\/product_cat?post=17073"},{"taxonomy":"product_tag","embeddable":true,"href":"https:\/\/www.bazarbonino.com\/store\/wp-json\/wp\/v2\/product_tag?post=17073"}],"curies":[{"name":"wp","href":"https:\/\/api.w.org\/{rel}","templated":true}]}}