{"id":17056,"date":"2020-11-08T22:52:58","date_gmt":"2020-11-08T21:52:58","guid":{"rendered":"https:\/\/www.bazarbonino.com\/store\/?post_type=product&#038;p=17056"},"modified":"2025-10-07T16:55:50","modified_gmt":"2025-10-07T14:55:50","slug":"me40-mazzo-carte-ellusionist-madison-kittens","status":"publish","type":"product","link":"https:\/\/www.bazarbonino.com\/store\/prodotto\/me40-mazzo-carte-ellusionist-madison-kittens\/","title":{"rendered":"ME40 &#8211; Mazzo Carte Ellusionist Madison Kittens"},"content":{"rendered":"<p>ME40 &#8211; Mazzo Carte Ellusionist Madison Kittens A chi non piacciono i gatti? Kittens Playing cards \u00e8 dedicato agli amanti dei piccoli felini, ma \u00e8 un mazzo incredibilmente amato anche da collezionisti e soprattutto prestigiatori. Il mazzo \u00e8 segnato, \u00e8 presente la duplicazione del 9 di fiori, angolo Z gimmick e monte gimmick. I contrassegni, presenti sul dorso, sono situati nella decorazione degli angoli in alto a destra e in basso a sinistra.<\/p>\n","protected":false},"excerpt":{"rendered":"<p>ME40 &#8211; Mazzo Carte Ellusionist Madison Kittens A chi non piacciono i gatti? Kittens Playing cards \u00e8 dedicato agli amanti dei piccoli felini, ma \u00e8 un mazzo incredibilmente amato anche da collezionisti e soprattutto prestigiatori. Il mazzo \u00e8 segnato, \u00e8 presente la duplicazione del 9 di fiori, angolo Z gimmick e monte gimmick. I contrassegni, [&hellip;]<\/p>\n","protected":false},"featured_media":17057,"comment_status":"closed","ping_status":"closed","template":"","meta":{"_et_pb_use_builder":"","_et_pb_old_content":"","_et_gb_content_width":""},"product_brand":[],"product_cat":[1506],"product_tag":[2233],"class_list":{"0":"post-17056","1":"product","2":"type-product","3":"status-publish","4":"has-post-thumbnail","6":"product_cat-mazzi-di-carte-ellusionist","7":"product_tag-mazzo-carte-ellusionist-madison-kittens","9":"first","10":"outofstock","11":"taxable","12":"shipping-taxable","13":"purchasable","14":"product-type-simple"},"yoast_head":"<!-- This site is optimized with the Yoast SEO plugin v27.4 - https:\/\/yoast.com\/product\/yoast-seo-wordpress\/ -->\n<title>ME40 - Mazzo Carte Ellusionist Madison Kittens - BazarBonino<\/title>\n<meta name=\"description\" content=\"Mazzo Carte Ellusionist Madison Kittens A chi non piacciono i gatti? Kittens Playing cards \u00e8 dedicato agli amanti dei piccoli felini, ma \u00e8...\" \/>\n<meta name=\"robots\" content=\"index, follow, max-snippet:-1, max-image-preview:large, max-video-preview:-1\" \/>\n<link rel=\"canonical\" href=\"https:\/\/www.bazarbonino.com\/store\/prodotto\/me40-mazzo-carte-ellusionist-madison-kittens\/\" \/>\n<meta property=\"og:locale\" content=\"it_IT\" \/>\n<meta property=\"og:type\" content=\"article\" \/>\n<meta property=\"og:title\" content=\"ME40 - Mazzo Carte Ellusionist Madison Kittens - BazarBonino\" \/>\n<meta property=\"og:description\" content=\"Mazzo Carte Ellusionist Madison Kittens A chi non piacciono i gatti? Kittens Playing cards \u00e8 dedicato agli amanti dei piccoli felini, ma \u00e8...\" \/>\n<meta property=\"og:url\" content=\"https:\/\/www.bazarbonino.com\/store\/prodotto\/me40-mazzo-carte-ellusionist-madison-kittens\/\" \/>\n<meta property=\"og:site_name\" content=\"BazarBonino\" \/>\n<meta property=\"article:publisher\" content=\"https:\/\/www.facebook.com\/bazar.bonino\" \/>\n<meta property=\"article:modified_time\" content=\"2025-10-07T14:55:50+00:00\" \/>\n<meta property=\"og:image\" content=\"https:\/\/www.bazarbonino.com\/store\/wp-content\/uploads\/2020\/11\/ME40-Mazzo-Carte-Ellusionist-Madison-Kittens.jpg\" \/>\n\t<meta property=\"og:image:width\" content=\"600\" \/>\n\t<meta property=\"og:image:height\" content=\"600\" \/>\n\t<meta property=\"og:image:type\" content=\"image\/jpeg\" \/>\n<meta name=\"twitter:card\" content=\"summary_large_image\" \/>\n<script type=\"application\/ld+json\" class=\"yoast-schema-graph\">{\"@context\":\"https:\\\/\\\/schema.org\",\"@graph\":[{\"@type\":\"WebPage\",\"@id\":\"https:\\\/\\\/www.bazarbonino.com\\\/store\\\/prodotto\\\/me40-mazzo-carte-ellusionist-madison-kittens\\\/\",\"url\":\"https:\\\/\\\/www.bazarbonino.com\\\/store\\\/prodotto\\\/me40-mazzo-carte-ellusionist-madison-kittens\\\/\",\"name\":\"ME40 - Mazzo Carte Ellusionist Madison Kittens - BazarBonino\",\"isPartOf\":{\"@id\":\"https:\\\/\\\/www.bazarbonino.com\\\/store\\\/#website\"},\"primaryImageOfPage\":{\"@id\":\"https:\\\/\\\/www.bazarbonino.com\\\/store\\\/prodotto\\\/me40-mazzo-carte-ellusionist-madison-kittens\\\/#primaryimage\"},\"image\":{\"@id\":\"https:\\\/\\\/www.bazarbonino.com\\\/store\\\/prodotto\\\/me40-mazzo-carte-ellusionist-madison-kittens\\\/#primaryimage\"},\"thumbnailUrl\":\"https:\\\/\\\/www.bazarbonino.com\\\/store\\\/wp-content\\\/uploads\\\/2020\\\/11\\\/ME40-Mazzo-Carte-Ellusionist-Madison-Kittens.jpg\",\"datePublished\":\"2020-11-08T21:52:58+00:00\",\"dateModified\":\"2025-10-07T14:55:50+00:00\",\"description\":\"Mazzo Carte Ellusionist Madison Kittens A chi non piacciono i gatti? Kittens Playing cards \u00e8 dedicato agli amanti dei piccoli felini, ma \u00e8...\",\"breadcrumb\":{\"@id\":\"https:\\\/\\\/www.bazarbonino.com\\\/store\\\/prodotto\\\/me40-mazzo-carte-ellusionist-madison-kittens\\\/#breadcrumb\"},\"inLanguage\":\"it-IT\",\"potentialAction\":[{\"@type\":\"ReadAction\",\"target\":[\"https:\\\/\\\/www.bazarbonino.com\\\/store\\\/prodotto\\\/me40-mazzo-carte-ellusionist-madison-kittens\\\/\"]}]},{\"@type\":\"ImageObject\",\"inLanguage\":\"it-IT\",\"@id\":\"https:\\\/\\\/www.bazarbonino.com\\\/store\\\/prodotto\\\/me40-mazzo-carte-ellusionist-madison-kittens\\\/#primaryimage\",\"url\":\"https:\\\/\\\/www.bazarbonino.com\\\/store\\\/wp-content\\\/uploads\\\/2020\\\/11\\\/ME40-Mazzo-Carte-Ellusionist-Madison-Kittens.jpg\",\"contentUrl\":\"https:\\\/\\\/www.bazarbonino.com\\\/store\\\/wp-content\\\/uploads\\\/2020\\\/11\\\/ME40-Mazzo-Carte-Ellusionist-Madison-Kittens.jpg\",\"width\":600,\"height\":600,\"caption\":\"ME40 - Mazzo Carte Ellusionist Madison Kittens\"},{\"@type\":\"BreadcrumbList\",\"@id\":\"https:\\\/\\\/www.bazarbonino.com\\\/store\\\/prodotto\\\/me40-mazzo-carte-ellusionist-madison-kittens\\\/#breadcrumb\",\"itemListElement\":[{\"@type\":\"ListItem\",\"position\":1,\"name\":\"Home\",\"item\":\"https:\\\/\\\/www.bazarbonino.com\\\/store\\\/\"},{\"@type\":\"ListItem\",\"position\":2,\"name\":\"Catalogo\",\"item\":\"https:\\\/\\\/www.bazarbonino.com\\\/store\\\/shop\\\/\"},{\"@type\":\"ListItem\",\"position\":3,\"name\":\"ME40 &#8211; Mazzo Carte Ellusionist Madison Kittens\"}]},{\"@type\":\"WebSite\",\"@id\":\"https:\\\/\\\/www.bazarbonino.com\\\/store\\\/#website\",\"url\":\"https:\\\/\\\/www.bazarbonino.com\\\/store\\\/\",\"name\":\"BazarBonino\",\"description\":\"\",\"potentialAction\":[{\"@type\":\"SearchAction\",\"target\":{\"@type\":\"EntryPoint\",\"urlTemplate\":\"https:\\\/\\\/www.bazarbonino.com\\\/store\\\/?s={search_term_string}\"},\"query-input\":{\"@type\":\"PropertyValueSpecification\",\"valueRequired\":true,\"valueName\":\"search_term_string\"}}],\"inLanguage\":\"it-IT\"}]}<\/script>\n<!-- \/ Yoast SEO plugin. -->","yoast_head_json":{"title":"ME40 - Mazzo Carte Ellusionist Madison Kittens - BazarBonino","description":"Mazzo Carte Ellusionist Madison Kittens A chi non piacciono i gatti? Kittens Playing cards \u00e8 dedicato agli amanti dei piccoli felini, ma \u00e8...","robots":{"index":"index","follow":"follow","max-snippet":"max-snippet:-1","max-image-preview":"max-image-preview:large","max-video-preview":"max-video-preview:-1"},"canonical":"https:\/\/www.bazarbonino.com\/store\/prodotto\/me40-mazzo-carte-ellusionist-madison-kittens\/","og_locale":"it_IT","og_type":"article","og_title":"ME40 - Mazzo Carte Ellusionist Madison Kittens - BazarBonino","og_description":"Mazzo Carte Ellusionist Madison Kittens A chi non piacciono i gatti? Kittens Playing cards \u00e8 dedicato agli amanti dei piccoli felini, ma \u00e8...","og_url":"https:\/\/www.bazarbonino.com\/store\/prodotto\/me40-mazzo-carte-ellusionist-madison-kittens\/","og_site_name":"BazarBonino","article_publisher":"https:\/\/www.facebook.com\/bazar.bonino","article_modified_time":"2025-10-07T14:55:50+00:00","og_image":[{"width":600,"height":600,"url":"https:\/\/www.bazarbonino.com\/store\/wp-content\/uploads\/2020\/11\/ME40-Mazzo-Carte-Ellusionist-Madison-Kittens.jpg","type":"image\/jpeg"}],"twitter_card":"summary_large_image","schema":{"@context":"https:\/\/schema.org","@graph":[{"@type":"WebPage","@id":"https:\/\/www.bazarbonino.com\/store\/prodotto\/me40-mazzo-carte-ellusionist-madison-kittens\/","url":"https:\/\/www.bazarbonino.com\/store\/prodotto\/me40-mazzo-carte-ellusionist-madison-kittens\/","name":"ME40 - Mazzo Carte Ellusionist Madison Kittens - BazarBonino","isPartOf":{"@id":"https:\/\/www.bazarbonino.com\/store\/#website"},"primaryImageOfPage":{"@id":"https:\/\/www.bazarbonino.com\/store\/prodotto\/me40-mazzo-carte-ellusionist-madison-kittens\/#primaryimage"},"image":{"@id":"https:\/\/www.bazarbonino.com\/store\/prodotto\/me40-mazzo-carte-ellusionist-madison-kittens\/#primaryimage"},"thumbnailUrl":"https:\/\/www.bazarbonino.com\/store\/wp-content\/uploads\/2020\/11\/ME40-Mazzo-Carte-Ellusionist-Madison-Kittens.jpg","datePublished":"2020-11-08T21:52:58+00:00","dateModified":"2025-10-07T14:55:50+00:00","description":"Mazzo Carte Ellusionist Madison Kittens A chi non piacciono i gatti? Kittens Playing cards \u00e8 dedicato agli amanti dei piccoli felini, ma \u00e8...","breadcrumb":{"@id":"https:\/\/www.bazarbonino.com\/store\/prodotto\/me40-mazzo-carte-ellusionist-madison-kittens\/#breadcrumb"},"inLanguage":"it-IT","potentialAction":[{"@type":"ReadAction","target":["https:\/\/www.bazarbonino.com\/store\/prodotto\/me40-mazzo-carte-ellusionist-madison-kittens\/"]}]},{"@type":"ImageObject","inLanguage":"it-IT","@id":"https:\/\/www.bazarbonino.com\/store\/prodotto\/me40-mazzo-carte-ellusionist-madison-kittens\/#primaryimage","url":"https:\/\/www.bazarbonino.com\/store\/wp-content\/uploads\/2020\/11\/ME40-Mazzo-Carte-Ellusionist-Madison-Kittens.jpg","contentUrl":"https:\/\/www.bazarbonino.com\/store\/wp-content\/uploads\/2020\/11\/ME40-Mazzo-Carte-Ellusionist-Madison-Kittens.jpg","width":600,"height":600,"caption":"ME40 - Mazzo Carte Ellusionist Madison Kittens"},{"@type":"BreadcrumbList","@id":"https:\/\/www.bazarbonino.com\/store\/prodotto\/me40-mazzo-carte-ellusionist-madison-kittens\/#breadcrumb","itemListElement":[{"@type":"ListItem","position":1,"name":"Home","item":"https:\/\/www.bazarbonino.com\/store\/"},{"@type":"ListItem","position":2,"name":"Catalogo","item":"https:\/\/www.bazarbonino.com\/store\/shop\/"},{"@type":"ListItem","position":3,"name":"ME40 &#8211; Mazzo Carte Ellusionist Madison Kittens"}]},{"@type":"WebSite","@id":"https:\/\/www.bazarbonino.com\/store\/#website","url":"https:\/\/www.bazarbonino.com\/store\/","name":"BazarBonino","description":"","potentialAction":[{"@type":"SearchAction","target":{"@type":"EntryPoint","urlTemplate":"https:\/\/www.bazarbonino.com\/store\/?s={search_term_string}"},"query-input":{"@type":"PropertyValueSpecification","valueRequired":true,"valueName":"search_term_string"}}],"inLanguage":"it-IT"}]}},"_links":{"self":[{"href":"https:\/\/www.bazarbonino.com\/store\/wp-json\/wp\/v2\/product\/17056","targetHints":{"allow":["GET"]}}],"collection":[{"href":"https:\/\/www.bazarbonino.com\/store\/wp-json\/wp\/v2\/product"}],"about":[{"href":"https:\/\/www.bazarbonino.com\/store\/wp-json\/wp\/v2\/types\/product"}],"replies":[{"embeddable":true,"href":"https:\/\/www.bazarbonino.com\/store\/wp-json\/wp\/v2\/comments?post=17056"}],"wp:featuredmedia":[{"embeddable":true,"href":"https:\/\/www.bazarbonino.com\/store\/wp-json\/wp\/v2\/media\/17057"}],"wp:attachment":[{"href":"https:\/\/www.bazarbonino.com\/store\/wp-json\/wp\/v2\/media?parent=17056"}],"wp:term":[{"taxonomy":"product_brand","embeddable":true,"href":"https:\/\/www.bazarbonino.com\/store\/wp-json\/wp\/v2\/product_brand?post=17056"},{"taxonomy":"product_cat","embeddable":true,"href":"https:\/\/www.bazarbonino.com\/store\/wp-json\/wp\/v2\/product_cat?post=17056"},{"taxonomy":"product_tag","embeddable":true,"href":"https:\/\/www.bazarbonino.com\/store\/wp-json\/wp\/v2\/product_tag?post=17056"}],"curies":[{"name":"wp","href":"https:\/\/api.w.org\/{rel}","templated":true}]}}