{"id":1689,"date":"2013-01-01T23:33:26","date_gmt":"2013-01-01T22:33:26","guid":{"rendered":"http:\/\/www.bazarbonino.com\/store\/?wpsc-product=jg3400-gora-fire-umbrella"},"modified":"2025-11-22T11:20:42","modified_gmt":"2025-11-22T10:20:42","slug":"jg3400-gora-fire-umbrella","status":"publish","type":"product","link":"https:\/\/www.bazarbonino.com\/store\/prodotto\/jg3400-gora-fire-umbrella\/","title":{"rendered":"JG3998 &#8211; GORA OMBRELLO DI FUOCO (FIRE UMBRELLA)"},"content":{"rendered":"<h6>GORA OMBRELLO DI FUOCO (FIRE UMBRELLA) ULTIMO MODELLO PRODOTTO !!!<\/h6>\n<p><span id=\"result_box\" class=\"\" lang=\"it\"><span class=\"hps\">Uno<\/span> <span class=\"hps\">strumento unico<\/span> <span class=\"hps\">per spettacoli<\/span> <span class=\"hps\">spettacolari<\/span>.<\/span><\/p>\n<p><span class=\"hps\">Si tratta di<\/span> <span class=\"hps\">un<\/span> <span class=\"hps\">materiale sensibile<\/span>, ma <span class=\"hps\">molto<\/span> <span class=\"hps\">imponente<\/span> <span class=\"hps\">e leggero<\/span>.Grazie alla continua ricerca dei materiali pi\u00f9 adatti possiamo dire che \u00e8 quello pi\u00f9 robusto e flessibile del mondo.<br \/>\n<span class=\"hps\">Lo consigliamo a<\/span> <span class=\"hps\">teatri,<\/span> <span class=\"hps\">acrobati, trampolieri<\/span> <span class=\"hps\">e ballerini<\/span>.<\/p>\n<p><span id=\"result_box\" class=\"\" lang=\"it\"><span class=\"hps\">Il suo diametro da aperto<\/span> <span class=\"hps\">\u00e8<\/span> <span class=\"hps\">130 centimetri<\/span>, <span class=\"hps\">il suo peso<\/span> <span class=\"hps\">\u00e8<\/span> <span class=\"hps\">900 g<\/span>, lunghezza cm. 100 estendibili di 80 cm. grazie alla dotazione inclusa di un manico ricurvo che lo far\u00e0 elevare sino a 160 cm.<\/span><\/p>\n<p><span id=\"result_box\" class=\"\" lang=\"it\">L&#8217;ombrello ha 8 punti infuocabili + la punta costituiti da kevlar alto 4,5 cm.<\/span><\/p>\n<p><span class=\"hps\">Anche se \u00e8<\/span> <span class=\"hps\">il miglior<\/span> <span class=\"hps\">ombrello infuocato<\/span> <span class=\"hps\">in circolazione ha comunque bisogno<\/span><span class=\"hps\"> di un&#8217;<\/span> <span class=\"hps\">attenta gestone e stoccaggio<\/span><span class=\"hps\">!<\/span><span id=\"result_box\" class=\"\" lang=\"it\"><br \/>\n<span class=\"hps\">Tenere sempre<\/span> <span class=\"hps\">aperto<\/span> <span class=\"hps\">quando si illumina<\/span> <span class=\"hps\">l&#8217;ombrello<\/span>, <span class=\"hps\">e<\/span> <span class=\"hps\">non chiudere<\/span> <span class=\"hps\">quando il fuoco<\/span> <span class=\"hps\">\u00e8 acceso<\/span><\/span><\/p>\n","protected":false},"excerpt":{"rendered":"<p>SUBITO DISPONIBILE<\/p>\n","protected":false},"featured_media":18784,"comment_status":"closed","ping_status":"closed","template":"","meta":{"_et_pb_use_builder":"","_et_pb_old_content":"","_et_gb_content_width":""},"product_brand":[],"product_cat":[48],"product_tag":[315,317,316],"class_list":{"0":"post-1689","1":"product","2":"type-product","3":"status-publish","4":"has-post-thumbnail","6":"product_cat-attrezzi-infuocati-vari-danza-costumi","7":"product_tag-attrezzi-infuocati-gora","8":"product_tag-negozio-on-line-articoli-gora-di-fuoco","9":"product_tag-rivenditore-ufficiale-per-litalia-bazar-bonino","11":"first","12":"instock","13":"sale","14":"taxable","15":"shipping-taxable","16":"purchasable","17":"product-type-simple"},"yoast_head":"<!-- This site is optimized with the Yoast SEO plugin v27.4 - https:\/\/yoast.com\/product\/yoast-seo-wordpress\/ -->\n<title>JG3998 - GORA OMBRELLO DI FUOCO (FIRE UMBRELLA) - BazarBonino<\/title>\n<meta name=\"description\" content=\"GORA OMBRELLO DI FUOCO (FIRE UMBRELLA) Grazie alla continua ricerca dei materiali pi\u00f9 adatti possiamo dire che \u00e8 quello pi\u00f9 robusto e flessibile del mondo.\" \/>\n<meta name=\"robots\" content=\"index, follow, max-snippet:-1, max-image-preview:large, max-video-preview:-1\" \/>\n<link rel=\"canonical\" href=\"https:\/\/www.bazarbonino.com\/store\/prodotto\/jg3400-gora-fire-umbrella\/\" \/>\n<meta property=\"og:locale\" content=\"it_IT\" \/>\n<meta property=\"og:type\" content=\"article\" \/>\n<meta property=\"og:title\" content=\"JG3998 - GORA OMBRELLO DI FUOCO (FIRE UMBRELLA) - BazarBonino\" \/>\n<meta property=\"og:description\" content=\"GORA OMBRELLO DI FUOCO (FIRE UMBRELLA) Grazie alla continua ricerca dei materiali pi\u00f9 adatti possiamo dire che \u00e8 quello pi\u00f9 robusto e flessibile del mondo.\" \/>\n<meta property=\"og:url\" content=\"https:\/\/www.bazarbonino.com\/store\/prodotto\/jg3400-gora-fire-umbrella\/\" \/>\n<meta property=\"og:site_name\" content=\"BazarBonino\" \/>\n<meta property=\"article:publisher\" content=\"https:\/\/www.facebook.com\/bazar.bonino\" \/>\n<meta property=\"article:modified_time\" content=\"2025-11-22T10:20:42+00:00\" \/>\n<meta property=\"og:image\" content=\"https:\/\/www.bazarbonino.com\/store\/wp-content\/uploads\/2013\/01\/JG3998-GORA-OMBRELLO-DI-FUOCO-FIRE-UMBRELLA-1.jpg\" \/>\n\t<meta property=\"og:image:width\" content=\"1000\" \/>\n\t<meta property=\"og:image:height\" content=\"500\" \/>\n\t<meta property=\"og:image:type\" content=\"image\/jpeg\" \/>\n<meta name=\"twitter:card\" content=\"summary_large_image\" \/>\n<meta name=\"twitter:label1\" content=\"Tempo di lettura stimato\" \/>\n\t<meta name=\"twitter:data1\" content=\"1 minuto\" \/>\n<script type=\"application\/ld+json\" class=\"yoast-schema-graph\">{\"@context\":\"https:\\\/\\\/schema.org\",\"@graph\":[{\"@type\":\"WebPage\",\"@id\":\"https:\\\/\\\/www.bazarbonino.com\\\/store\\\/prodotto\\\/jg3400-gora-fire-umbrella\\\/\",\"url\":\"https:\\\/\\\/www.bazarbonino.com\\\/store\\\/prodotto\\\/jg3400-gora-fire-umbrella\\\/\",\"name\":\"JG3998 - GORA OMBRELLO DI FUOCO (FIRE UMBRELLA) - BazarBonino\",\"isPartOf\":{\"@id\":\"https:\\\/\\\/www.bazarbonino.com\\\/store\\\/#website\"},\"primaryImageOfPage\":{\"@id\":\"https:\\\/\\\/www.bazarbonino.com\\\/store\\\/prodotto\\\/jg3400-gora-fire-umbrella\\\/#primaryimage\"},\"image\":{\"@id\":\"https:\\\/\\\/www.bazarbonino.com\\\/store\\\/prodotto\\\/jg3400-gora-fire-umbrella\\\/#primaryimage\"},\"thumbnailUrl\":\"https:\\\/\\\/www.bazarbonino.com\\\/store\\\/wp-content\\\/uploads\\\/2013\\\/01\\\/JG3998-GORA-OMBRELLO-DI-FUOCO-FIRE-UMBRELLA-1.jpg\",\"datePublished\":\"2013-01-01T22:33:26+00:00\",\"dateModified\":\"2025-11-22T10:20:42+00:00\",\"description\":\"GORA OMBRELLO DI FUOCO (FIRE UMBRELLA) Grazie alla continua ricerca dei materiali pi\u00f9 adatti possiamo dire che \u00e8 quello pi\u00f9 robusto e flessibile del mondo.\",\"breadcrumb\":{\"@id\":\"https:\\\/\\\/www.bazarbonino.com\\\/store\\\/prodotto\\\/jg3400-gora-fire-umbrella\\\/#breadcrumb\"},\"inLanguage\":\"it-IT\",\"potentialAction\":[{\"@type\":\"ReadAction\",\"target\":[\"https:\\\/\\\/www.bazarbonino.com\\\/store\\\/prodotto\\\/jg3400-gora-fire-umbrella\\\/\"]}]},{\"@type\":\"ImageObject\",\"inLanguage\":\"it-IT\",\"@id\":\"https:\\\/\\\/www.bazarbonino.com\\\/store\\\/prodotto\\\/jg3400-gora-fire-umbrella\\\/#primaryimage\",\"url\":\"https:\\\/\\\/www.bazarbonino.com\\\/store\\\/wp-content\\\/uploads\\\/2013\\\/01\\\/JG3998-GORA-OMBRELLO-DI-FUOCO-FIRE-UMBRELLA-1.jpg\",\"contentUrl\":\"https:\\\/\\\/www.bazarbonino.com\\\/store\\\/wp-content\\\/uploads\\\/2013\\\/01\\\/JG3998-GORA-OMBRELLO-DI-FUOCO-FIRE-UMBRELLA-1.jpg\",\"width\":1000,\"height\":500,\"caption\":\"JG3998 - GORA OMBRELLO DI FUOCO (FIRE UMBRELLA)\"},{\"@type\":\"BreadcrumbList\",\"@id\":\"https:\\\/\\\/www.bazarbonino.com\\\/store\\\/prodotto\\\/jg3400-gora-fire-umbrella\\\/#breadcrumb\",\"itemListElement\":[{\"@type\":\"ListItem\",\"position\":1,\"name\":\"Home\",\"item\":\"https:\\\/\\\/www.bazarbonino.com\\\/store\\\/\"},{\"@type\":\"ListItem\",\"position\":2,\"name\":\"Catalogo\",\"item\":\"https:\\\/\\\/www.bazarbonino.com\\\/store\\\/shop\\\/\"},{\"@type\":\"ListItem\",\"position\":3,\"name\":\"JG3998 &#8211; GORA OMBRELLO DI FUOCO (FIRE UMBRELLA)\"}]},{\"@type\":\"WebSite\",\"@id\":\"https:\\\/\\\/www.bazarbonino.com\\\/store\\\/#website\",\"url\":\"https:\\\/\\\/www.bazarbonino.com\\\/store\\\/\",\"name\":\"BazarBonino\",\"description\":\"\",\"potentialAction\":[{\"@type\":\"SearchAction\",\"target\":{\"@type\":\"EntryPoint\",\"urlTemplate\":\"https:\\\/\\\/www.bazarbonino.com\\\/store\\\/?s={search_term_string}\"},\"query-input\":{\"@type\":\"PropertyValueSpecification\",\"valueRequired\":true,\"valueName\":\"search_term_string\"}}],\"inLanguage\":\"it-IT\"}]}<\/script>\n<!-- \/ Yoast SEO plugin. -->","yoast_head_json":{"title":"JG3998 - GORA OMBRELLO DI FUOCO (FIRE UMBRELLA) - BazarBonino","description":"GORA OMBRELLO DI FUOCO (FIRE UMBRELLA) Grazie alla continua ricerca dei materiali pi\u00f9 adatti possiamo dire che \u00e8 quello pi\u00f9 robusto e flessibile del mondo.","robots":{"index":"index","follow":"follow","max-snippet":"max-snippet:-1","max-image-preview":"max-image-preview:large","max-video-preview":"max-video-preview:-1"},"canonical":"https:\/\/www.bazarbonino.com\/store\/prodotto\/jg3400-gora-fire-umbrella\/","og_locale":"it_IT","og_type":"article","og_title":"JG3998 - GORA OMBRELLO DI FUOCO (FIRE UMBRELLA) - BazarBonino","og_description":"GORA OMBRELLO DI FUOCO (FIRE UMBRELLA) Grazie alla continua ricerca dei materiali pi\u00f9 adatti possiamo dire che \u00e8 quello pi\u00f9 robusto e flessibile del mondo.","og_url":"https:\/\/www.bazarbonino.com\/store\/prodotto\/jg3400-gora-fire-umbrella\/","og_site_name":"BazarBonino","article_publisher":"https:\/\/www.facebook.com\/bazar.bonino","article_modified_time":"2025-11-22T10:20:42+00:00","og_image":[{"width":1000,"height":500,"url":"https:\/\/www.bazarbonino.com\/store\/wp-content\/uploads\/2013\/01\/JG3998-GORA-OMBRELLO-DI-FUOCO-FIRE-UMBRELLA-1.jpg","type":"image\/jpeg"}],"twitter_card":"summary_large_image","twitter_misc":{"Tempo di lettura stimato":"1 minuto"},"schema":{"@context":"https:\/\/schema.org","@graph":[{"@type":"WebPage","@id":"https:\/\/www.bazarbonino.com\/store\/prodotto\/jg3400-gora-fire-umbrella\/","url":"https:\/\/www.bazarbonino.com\/store\/prodotto\/jg3400-gora-fire-umbrella\/","name":"JG3998 - GORA OMBRELLO DI FUOCO (FIRE UMBRELLA) - BazarBonino","isPartOf":{"@id":"https:\/\/www.bazarbonino.com\/store\/#website"},"primaryImageOfPage":{"@id":"https:\/\/www.bazarbonino.com\/store\/prodotto\/jg3400-gora-fire-umbrella\/#primaryimage"},"image":{"@id":"https:\/\/www.bazarbonino.com\/store\/prodotto\/jg3400-gora-fire-umbrella\/#primaryimage"},"thumbnailUrl":"https:\/\/www.bazarbonino.com\/store\/wp-content\/uploads\/2013\/01\/JG3998-GORA-OMBRELLO-DI-FUOCO-FIRE-UMBRELLA-1.jpg","datePublished":"2013-01-01T22:33:26+00:00","dateModified":"2025-11-22T10:20:42+00:00","description":"GORA OMBRELLO DI FUOCO (FIRE UMBRELLA) Grazie alla continua ricerca dei materiali pi\u00f9 adatti possiamo dire che \u00e8 quello pi\u00f9 robusto e flessibile del mondo.","breadcrumb":{"@id":"https:\/\/www.bazarbonino.com\/store\/prodotto\/jg3400-gora-fire-umbrella\/#breadcrumb"},"inLanguage":"it-IT","potentialAction":[{"@type":"ReadAction","target":["https:\/\/www.bazarbonino.com\/store\/prodotto\/jg3400-gora-fire-umbrella\/"]}]},{"@type":"ImageObject","inLanguage":"it-IT","@id":"https:\/\/www.bazarbonino.com\/store\/prodotto\/jg3400-gora-fire-umbrella\/#primaryimage","url":"https:\/\/www.bazarbonino.com\/store\/wp-content\/uploads\/2013\/01\/JG3998-GORA-OMBRELLO-DI-FUOCO-FIRE-UMBRELLA-1.jpg","contentUrl":"https:\/\/www.bazarbonino.com\/store\/wp-content\/uploads\/2013\/01\/JG3998-GORA-OMBRELLO-DI-FUOCO-FIRE-UMBRELLA-1.jpg","width":1000,"height":500,"caption":"JG3998 - GORA OMBRELLO DI FUOCO (FIRE UMBRELLA)"},{"@type":"BreadcrumbList","@id":"https:\/\/www.bazarbonino.com\/store\/prodotto\/jg3400-gora-fire-umbrella\/#breadcrumb","itemListElement":[{"@type":"ListItem","position":1,"name":"Home","item":"https:\/\/www.bazarbonino.com\/store\/"},{"@type":"ListItem","position":2,"name":"Catalogo","item":"https:\/\/www.bazarbonino.com\/store\/shop\/"},{"@type":"ListItem","position":3,"name":"JG3998 &#8211; GORA OMBRELLO DI FUOCO (FIRE UMBRELLA)"}]},{"@type":"WebSite","@id":"https:\/\/www.bazarbonino.com\/store\/#website","url":"https:\/\/www.bazarbonino.com\/store\/","name":"BazarBonino","description":"","potentialAction":[{"@type":"SearchAction","target":{"@type":"EntryPoint","urlTemplate":"https:\/\/www.bazarbonino.com\/store\/?s={search_term_string}"},"query-input":{"@type":"PropertyValueSpecification","valueRequired":true,"valueName":"search_term_string"}}],"inLanguage":"it-IT"}]}},"_links":{"self":[{"href":"https:\/\/www.bazarbonino.com\/store\/wp-json\/wp\/v2\/product\/1689","targetHints":{"allow":["GET"]}}],"collection":[{"href":"https:\/\/www.bazarbonino.com\/store\/wp-json\/wp\/v2\/product"}],"about":[{"href":"https:\/\/www.bazarbonino.com\/store\/wp-json\/wp\/v2\/types\/product"}],"replies":[{"embeddable":true,"href":"https:\/\/www.bazarbonino.com\/store\/wp-json\/wp\/v2\/comments?post=1689"}],"wp:featuredmedia":[{"embeddable":true,"href":"https:\/\/www.bazarbonino.com\/store\/wp-json\/wp\/v2\/media\/18784"}],"wp:attachment":[{"href":"https:\/\/www.bazarbonino.com\/store\/wp-json\/wp\/v2\/media?parent=1689"}],"wp:term":[{"taxonomy":"product_brand","embeddable":true,"href":"https:\/\/www.bazarbonino.com\/store\/wp-json\/wp\/v2\/product_brand?post=1689"},{"taxonomy":"product_cat","embeddable":true,"href":"https:\/\/www.bazarbonino.com\/store\/wp-json\/wp\/v2\/product_cat?post=1689"},{"taxonomy":"product_tag","embeddable":true,"href":"https:\/\/www.bazarbonino.com\/store\/wp-json\/wp\/v2\/product_tag?post=1689"}],"curies":[{"name":"wp","href":"https:\/\/api.w.org\/{rel}","templated":true}]}}