{"id":16863,"date":"2020-11-04T21:09:38","date_gmt":"2020-11-04T20:09:38","guid":{"rendered":"https:\/\/www.bazarbonino.com\/store\/?post_type=product&#038;p=16863"},"modified":"2024-02-04T14:42:43","modified_gmt":"2024-02-04T13:42:43","slug":"mb0221-mazzo-carte-bicycle-ophidian","status":"publish","type":"product","link":"https:\/\/www.bazarbonino.com\/store\/prodotto\/mb0221-mazzo-carte-bicycle-ophidian\/","title":{"rendered":"MB0221 &#8211; Mazzo Carte Bicycle Ophidian"},"content":{"rendered":"<div id=\"stcpDiv\">\n<p>MB0221 &#8211; Mazzo Carte Bicycle Ophidian Enigmatico, pericoloso, inafferrabile&#8230; le sue curve risvegliano un misto di paura e curiosit\u00e0 che provocano un&#8217;attrazione ipnotica. Poich\u00e9 il diavolo stesso ha usato la sua forma per tentare la prima donna in Paradiso, il serpente \u00e8 sempre stato un elemento ricorrente di espressione allegorica in ogni manifestazione artistica.Alla Gambler&#8217;s Warehouse vengono prodotte carte da gioco di qualit\u00e0 con disegni originali ed eleganti. Bicycle Ophidian \u00e8 il risultato del difficile lavoro di design degli artisti di ShapeShifters per offrire ai sostenitori questi mazzi personalizzati splendidamente realizzati. Bicycle Ophidian mantiene la struttura e l&#8217;essenza delle tradizionali carte da gioco e allo stesso tempo tutti gli elementi del design sono originali.<\/p>\n<p><strong>Caratteristiche del mazzo:<\/strong><\/p>\n<p>&#8211; Il dorso delle carte \u00e8 il miglior esempio del lavoro complesso profuso in questo mazzo. Forme sottili che si intrecciano in disegni complessi e pieni di dettagli.<\/p>\n<p>&#8211; Le illustrazioni dei grandi assi combinano elementi organici e naturali con serpenti arrotolati.<\/p>\n<p>&#8211; Gli indici originali nei quattro angoli migliorano l&#8217;esperienza del giocatore e creano un interessante equilibrio estetico.<\/p>\n<p>&#8211; 56 carte da gioco straordinarie prodotte su cartoncino Quality Bicycle usando gli stessi processi delle carte da gioco leader a livello mondiale.<\/p>\n<p>&#8211; Personalizzazione delle facce delle carte, delle figure, dei jokers e dell&#8217;astuccio.<\/p>\n<p>&#8211; Stampate dalla USPCC<\/p>\n<p>&#8211; Edizione limitata da collezione &#8211; Stampati 2500 mazzi.<\/p>\n<p>&#8211; Finitura Air-Cushion.<\/p>\n<\/div>\n","protected":false},"excerpt":{"rendered":"<p>MB0221 &#8211; Mazzo Carte Bicycle Ophidian Enigmatico, pericoloso, inafferrabile&#8230; le sue curve risvegliano un misto di paura e curiosit\u00e0 che provocano un&#8217;attrazione ipnotica. Poich\u00e9 il diavolo stesso ha usato la sua forma per tentare la prima donna in Paradiso, il serpente \u00e8 sempre stato un elemento ricorrente di espressione allegorica in ogni manifestazione artistica.Alla Gambler&#8217;s [&hellip;]<\/p>\n","protected":false},"featured_media":16864,"comment_status":"closed","ping_status":"closed","template":"","meta":{"_et_pb_use_builder":"","_et_pb_old_content":"","_et_gb_content_width":""},"product_brand":[],"product_cat":[1505],"product_tag":[2195],"class_list":{"0":"post-16863","1":"product","2":"type-product","3":"status-publish","4":"has-post-thumbnail","6":"product_cat-mazzi-di-carte-bicycle","7":"product_tag-mazzo-carte-bicycle-ophidian","9":"first","10":"outofstock","11":"taxable","12":"shipping-taxable","13":"purchasable","14":"product-type-simple"},"yoast_head":"<!-- This site is optimized with the Yoast SEO plugin v27.4 - https:\/\/yoast.com\/product\/yoast-seo-wordpress\/ -->\n<title>MB0221 - Mazzo Carte Bicycle Ophidian - BazarBonino<\/title>\n<meta name=\"description\" content=\"Mazzo Carte Bicycle Ophidian Enigmatico, pericoloso, inafferrabile... le sue curve risvegliano un misto di paura e curiosit\u00e0 che provocano...\" \/>\n<meta name=\"robots\" content=\"index, follow, max-snippet:-1, max-image-preview:large, max-video-preview:-1\" \/>\n<link rel=\"canonical\" href=\"https:\/\/www.bazarbonino.com\/store\/prodotto\/mb0221-mazzo-carte-bicycle-ophidian\/\" \/>\n<meta property=\"og:locale\" content=\"it_IT\" \/>\n<meta property=\"og:type\" content=\"article\" \/>\n<meta property=\"og:title\" content=\"MB0221 - Mazzo Carte Bicycle Ophidian - BazarBonino\" \/>\n<meta property=\"og:description\" content=\"Mazzo Carte Bicycle Ophidian Enigmatico, pericoloso, inafferrabile... le sue curve risvegliano un misto di paura e curiosit\u00e0 che provocano...\" \/>\n<meta property=\"og:url\" content=\"https:\/\/www.bazarbonino.com\/store\/prodotto\/mb0221-mazzo-carte-bicycle-ophidian\/\" \/>\n<meta property=\"og:site_name\" content=\"BazarBonino\" \/>\n<meta property=\"article:publisher\" content=\"https:\/\/www.facebook.com\/bazar.bonino\" \/>\n<meta property=\"article:modified_time\" content=\"2024-02-04T13:42:43+00:00\" \/>\n<meta property=\"og:image\" content=\"https:\/\/www.bazarbonino.com\/store\/wp-content\/uploads\/2020\/11\/MB0221-Mazzo-Carte-Bicycle-Ophidian.jpg\" \/>\n\t<meta property=\"og:image:width\" content=\"600\" \/>\n\t<meta property=\"og:image:height\" content=\"600\" \/>\n\t<meta property=\"og:image:type\" content=\"image\/jpeg\" \/>\n<meta name=\"twitter:card\" content=\"summary_large_image\" \/>\n<meta name=\"twitter:label1\" content=\"Tempo di lettura stimato\" \/>\n\t<meta name=\"twitter:data1\" content=\"1 minuto\" \/>\n<script type=\"application\/ld+json\" class=\"yoast-schema-graph\">{\"@context\":\"https:\\\/\\\/schema.org\",\"@graph\":[{\"@type\":\"WebPage\",\"@id\":\"https:\\\/\\\/www.bazarbonino.com\\\/store\\\/prodotto\\\/mb0221-mazzo-carte-bicycle-ophidian\\\/\",\"url\":\"https:\\\/\\\/www.bazarbonino.com\\\/store\\\/prodotto\\\/mb0221-mazzo-carte-bicycle-ophidian\\\/\",\"name\":\"MB0221 - Mazzo Carte Bicycle Ophidian - BazarBonino\",\"isPartOf\":{\"@id\":\"https:\\\/\\\/www.bazarbonino.com\\\/store\\\/#website\"},\"primaryImageOfPage\":{\"@id\":\"https:\\\/\\\/www.bazarbonino.com\\\/store\\\/prodotto\\\/mb0221-mazzo-carte-bicycle-ophidian\\\/#primaryimage\"},\"image\":{\"@id\":\"https:\\\/\\\/www.bazarbonino.com\\\/store\\\/prodotto\\\/mb0221-mazzo-carte-bicycle-ophidian\\\/#primaryimage\"},\"thumbnailUrl\":\"https:\\\/\\\/www.bazarbonino.com\\\/store\\\/wp-content\\\/uploads\\\/2020\\\/11\\\/MB0221-Mazzo-Carte-Bicycle-Ophidian.jpg\",\"datePublished\":\"2020-11-04T20:09:38+00:00\",\"dateModified\":\"2024-02-04T13:42:43+00:00\",\"description\":\"Mazzo Carte Bicycle Ophidian Enigmatico, pericoloso, inafferrabile... le sue curve risvegliano un misto di paura e curiosit\u00e0 che provocano...\",\"breadcrumb\":{\"@id\":\"https:\\\/\\\/www.bazarbonino.com\\\/store\\\/prodotto\\\/mb0221-mazzo-carte-bicycle-ophidian\\\/#breadcrumb\"},\"inLanguage\":\"it-IT\",\"potentialAction\":[{\"@type\":\"ReadAction\",\"target\":[\"https:\\\/\\\/www.bazarbonino.com\\\/store\\\/prodotto\\\/mb0221-mazzo-carte-bicycle-ophidian\\\/\"]}]},{\"@type\":\"ImageObject\",\"inLanguage\":\"it-IT\",\"@id\":\"https:\\\/\\\/www.bazarbonino.com\\\/store\\\/prodotto\\\/mb0221-mazzo-carte-bicycle-ophidian\\\/#primaryimage\",\"url\":\"https:\\\/\\\/www.bazarbonino.com\\\/store\\\/wp-content\\\/uploads\\\/2020\\\/11\\\/MB0221-Mazzo-Carte-Bicycle-Ophidian.jpg\",\"contentUrl\":\"https:\\\/\\\/www.bazarbonino.com\\\/store\\\/wp-content\\\/uploads\\\/2020\\\/11\\\/MB0221-Mazzo-Carte-Bicycle-Ophidian.jpg\",\"width\":600,\"height\":600,\"caption\":\"MB0221 - Mazzo Carte Bicycle Ophidian\"},{\"@type\":\"BreadcrumbList\",\"@id\":\"https:\\\/\\\/www.bazarbonino.com\\\/store\\\/prodotto\\\/mb0221-mazzo-carte-bicycle-ophidian\\\/#breadcrumb\",\"itemListElement\":[{\"@type\":\"ListItem\",\"position\":1,\"name\":\"Home\",\"item\":\"https:\\\/\\\/www.bazarbonino.com\\\/store\\\/\"},{\"@type\":\"ListItem\",\"position\":2,\"name\":\"Catalogo\",\"item\":\"https:\\\/\\\/www.bazarbonino.com\\\/store\\\/shop\\\/\"},{\"@type\":\"ListItem\",\"position\":3,\"name\":\"MB0221 &#8211; Mazzo Carte Bicycle Ophidian\"}]},{\"@type\":\"WebSite\",\"@id\":\"https:\\\/\\\/www.bazarbonino.com\\\/store\\\/#website\",\"url\":\"https:\\\/\\\/www.bazarbonino.com\\\/store\\\/\",\"name\":\"BazarBonino\",\"description\":\"\",\"potentialAction\":[{\"@type\":\"SearchAction\",\"target\":{\"@type\":\"EntryPoint\",\"urlTemplate\":\"https:\\\/\\\/www.bazarbonino.com\\\/store\\\/?s={search_term_string}\"},\"query-input\":{\"@type\":\"PropertyValueSpecification\",\"valueRequired\":true,\"valueName\":\"search_term_string\"}}],\"inLanguage\":\"it-IT\"}]}<\/script>\n<!-- \/ Yoast SEO plugin. -->","yoast_head_json":{"title":"MB0221 - Mazzo Carte Bicycle Ophidian - BazarBonino","description":"Mazzo Carte Bicycle Ophidian Enigmatico, pericoloso, inafferrabile... le sue curve risvegliano un misto di paura e curiosit\u00e0 che provocano...","robots":{"index":"index","follow":"follow","max-snippet":"max-snippet:-1","max-image-preview":"max-image-preview:large","max-video-preview":"max-video-preview:-1"},"canonical":"https:\/\/www.bazarbonino.com\/store\/prodotto\/mb0221-mazzo-carte-bicycle-ophidian\/","og_locale":"it_IT","og_type":"article","og_title":"MB0221 - Mazzo Carte Bicycle Ophidian - BazarBonino","og_description":"Mazzo Carte Bicycle Ophidian Enigmatico, pericoloso, inafferrabile... le sue curve risvegliano un misto di paura e curiosit\u00e0 che provocano...","og_url":"https:\/\/www.bazarbonino.com\/store\/prodotto\/mb0221-mazzo-carte-bicycle-ophidian\/","og_site_name":"BazarBonino","article_publisher":"https:\/\/www.facebook.com\/bazar.bonino","article_modified_time":"2024-02-04T13:42:43+00:00","og_image":[{"width":600,"height":600,"url":"https:\/\/www.bazarbonino.com\/store\/wp-content\/uploads\/2020\/11\/MB0221-Mazzo-Carte-Bicycle-Ophidian.jpg","type":"image\/jpeg"}],"twitter_card":"summary_large_image","twitter_misc":{"Tempo di lettura stimato":"1 minuto"},"schema":{"@context":"https:\/\/schema.org","@graph":[{"@type":"WebPage","@id":"https:\/\/www.bazarbonino.com\/store\/prodotto\/mb0221-mazzo-carte-bicycle-ophidian\/","url":"https:\/\/www.bazarbonino.com\/store\/prodotto\/mb0221-mazzo-carte-bicycle-ophidian\/","name":"MB0221 - Mazzo Carte Bicycle Ophidian - BazarBonino","isPartOf":{"@id":"https:\/\/www.bazarbonino.com\/store\/#website"},"primaryImageOfPage":{"@id":"https:\/\/www.bazarbonino.com\/store\/prodotto\/mb0221-mazzo-carte-bicycle-ophidian\/#primaryimage"},"image":{"@id":"https:\/\/www.bazarbonino.com\/store\/prodotto\/mb0221-mazzo-carte-bicycle-ophidian\/#primaryimage"},"thumbnailUrl":"https:\/\/www.bazarbonino.com\/store\/wp-content\/uploads\/2020\/11\/MB0221-Mazzo-Carte-Bicycle-Ophidian.jpg","datePublished":"2020-11-04T20:09:38+00:00","dateModified":"2024-02-04T13:42:43+00:00","description":"Mazzo Carte Bicycle Ophidian Enigmatico, pericoloso, inafferrabile... le sue curve risvegliano un misto di paura e curiosit\u00e0 che provocano...","breadcrumb":{"@id":"https:\/\/www.bazarbonino.com\/store\/prodotto\/mb0221-mazzo-carte-bicycle-ophidian\/#breadcrumb"},"inLanguage":"it-IT","potentialAction":[{"@type":"ReadAction","target":["https:\/\/www.bazarbonino.com\/store\/prodotto\/mb0221-mazzo-carte-bicycle-ophidian\/"]}]},{"@type":"ImageObject","inLanguage":"it-IT","@id":"https:\/\/www.bazarbonino.com\/store\/prodotto\/mb0221-mazzo-carte-bicycle-ophidian\/#primaryimage","url":"https:\/\/www.bazarbonino.com\/store\/wp-content\/uploads\/2020\/11\/MB0221-Mazzo-Carte-Bicycle-Ophidian.jpg","contentUrl":"https:\/\/www.bazarbonino.com\/store\/wp-content\/uploads\/2020\/11\/MB0221-Mazzo-Carte-Bicycle-Ophidian.jpg","width":600,"height":600,"caption":"MB0221 - Mazzo Carte Bicycle Ophidian"},{"@type":"BreadcrumbList","@id":"https:\/\/www.bazarbonino.com\/store\/prodotto\/mb0221-mazzo-carte-bicycle-ophidian\/#breadcrumb","itemListElement":[{"@type":"ListItem","position":1,"name":"Home","item":"https:\/\/www.bazarbonino.com\/store\/"},{"@type":"ListItem","position":2,"name":"Catalogo","item":"https:\/\/www.bazarbonino.com\/store\/shop\/"},{"@type":"ListItem","position":3,"name":"MB0221 &#8211; Mazzo Carte Bicycle Ophidian"}]},{"@type":"WebSite","@id":"https:\/\/www.bazarbonino.com\/store\/#website","url":"https:\/\/www.bazarbonino.com\/store\/","name":"BazarBonino","description":"","potentialAction":[{"@type":"SearchAction","target":{"@type":"EntryPoint","urlTemplate":"https:\/\/www.bazarbonino.com\/store\/?s={search_term_string}"},"query-input":{"@type":"PropertyValueSpecification","valueRequired":true,"valueName":"search_term_string"}}],"inLanguage":"it-IT"}]}},"_links":{"self":[{"href":"https:\/\/www.bazarbonino.com\/store\/wp-json\/wp\/v2\/product\/16863","targetHints":{"allow":["GET"]}}],"collection":[{"href":"https:\/\/www.bazarbonino.com\/store\/wp-json\/wp\/v2\/product"}],"about":[{"href":"https:\/\/www.bazarbonino.com\/store\/wp-json\/wp\/v2\/types\/product"}],"replies":[{"embeddable":true,"href":"https:\/\/www.bazarbonino.com\/store\/wp-json\/wp\/v2\/comments?post=16863"}],"wp:featuredmedia":[{"embeddable":true,"href":"https:\/\/www.bazarbonino.com\/store\/wp-json\/wp\/v2\/media\/16864"}],"wp:attachment":[{"href":"https:\/\/www.bazarbonino.com\/store\/wp-json\/wp\/v2\/media?parent=16863"}],"wp:term":[{"taxonomy":"product_brand","embeddable":true,"href":"https:\/\/www.bazarbonino.com\/store\/wp-json\/wp\/v2\/product_brand?post=16863"},{"taxonomy":"product_cat","embeddable":true,"href":"https:\/\/www.bazarbonino.com\/store\/wp-json\/wp\/v2\/product_cat?post=16863"},{"taxonomy":"product_tag","embeddable":true,"href":"https:\/\/www.bazarbonino.com\/store\/wp-json\/wp\/v2\/product_tag?post=16863"}],"curies":[{"name":"wp","href":"https:\/\/api.w.org\/{rel}","templated":true}]}}