{"id":1685,"date":"2013-01-01T23:33:26","date_gmt":"2013-01-01T22:33:26","guid":{"rendered":"http:\/\/www.bazarbonino.com\/store\/?wpsc-product=jg3905-gora-dragon-staff"},"modified":"2026-03-16T11:39:55","modified_gmt":"2026-03-16T10:39:55","slug":"jg3905-gora-dragon-staff","status":"publish","type":"product","link":"https:\/\/www.bazarbonino.com\/store\/prodotto\/jg3905-gora-dragon-staff\/","title":{"rendered":"JG3905 &#8211; STAFFA CONTACT GORA &#8220;DRAGON STAFF&#8221;"},"content":{"rendered":"<p>Dragon Staff Gora: Lunghezza: 166 cm ; Diametro croce: 45 cm; 10 Fuochi<\/p>\n<p>Una speciale staffa da contact dal funzionamento simile ad un&#8217;antica arma marziale cinese: la impugni come una normale staffa, infatti il centro \u00e8 segnato per il corretto bilanciamento, ma \u00e8 l&#8217;effetto che produce che \u00e8 diverso da tutte le altre. La croce di fuoco gira velocemente creando cerchi di luce, mentre il punto centrale gira pi\u00f9 lentamente, dando un effetto dinamico rispetto al corpo che sembra essere statico&#8230; davvero stupefacente!\u00a0E&#8217; raccomandato l&#8217;utilizzo da parte di professionisti: meglio\u00a0evitare cadute per non deteriorare la struttura e controllare periodicamente l&#8217;attrezzo e le viti di fissaggio.<\/p>\n<p>NUOVO MODELLO &#8211; La croce \u00e8 costituta dal Dragon Adapter Cuff by Gora; <span id=\"result_box\" class=\"\" lang=\"it\"><span title=\"The connection of the sticks to the cuff is a quick link solution, which makes assembly and disassembly easy.\">Il collegamento dei raggi infuocati al bracciale ha una soluzione di collegamento rapido, il che rende facile montaggio e smontaggio. <\/span><span title=\"It is made by threaded ball spring plungers. \">\u00c8 fatto da filetti a sfera e molla.<br \/>\n<\/span><span title=\"For practice sessions you can apply the sticks per hand, but for fire spinning we recommend tightening them with a screwdriver to avoid losing them at high rotation speeds. \">Per le sessioni di pratica \u00e8 possibile applicare le bacchette a mano, ma per la pratica con il fuoco si consiglia di serrare con un cacciavite per evitare di perderle ad elevate velocit\u00e0 di rotazione.<\/span><\/span><\/p>\n<p>Disponibile anche nel modello smontabile in carbonio (pi\u00f9 leggera), SU ORDINAZIONE!<\/p>\n<p class=\"articoli\"><span style=\"font-size: small;\">\u00a0<\/span><\/p>\n","protected":false},"excerpt":{"rendered":"<p>Dragon Staff Gora: Lunghezza: 166 cm ; Diametro croce: 45 cm; 10 Fuochi Una speciale staffa da contact dal funzionamento simile ad un&#8217;antica arma marziale cinese: la impugni come una normale staffa, infatti il centro \u00e8 segnato per il corretto bilanciamento, ma \u00e8 l&#8217;effetto che produce che \u00e8 diverso da tutte le altre. La croce [&hellip;]<\/p>\n","protected":false},"featured_media":18746,"comment_status":"closed","ping_status":"closed","template":"","meta":{"_et_pb_use_builder":"","_et_pb_old_content":"","_et_gb_content_width":""},"product_brand":[],"product_cat":[48,46],"product_tag":[315,1838,317,316],"class_list":{"0":"post-1685","1":"product","2":"type-product","3":"status-publish","4":"has-post-thumbnail","6":"product_cat-attrezzi-infuocati-vari-danza-costumi","7":"product_cat-staffe-x-twirling-contact-infuocate","8":"product_tag-attrezzi-infuocati-gora","9":"product_tag-dragon-staff-gora","10":"product_tag-negozio-on-line-articoli-gora-di-fuoco","11":"product_tag-rivenditore-ufficiale-per-litalia-bazar-bonino","12":"pa_modello-normale","13":"pa_modello-smontabile","14":"pa_modello-smontabile-alluminio","15":"pa_modello-smontabile-carbonio","17":"first","18":"instock","19":"sale","20":"taxable","21":"shipping-taxable","22":"purchasable","23":"product-type-variable"},"yoast_head":"<!-- This site is optimized with the Yoast SEO plugin v27.4 - https:\/\/yoast.com\/product\/yoast-seo-wordpress\/ -->\n<title>JG3905 - STAFFA CONTACT GORA &quot;DRAGON STAFF&quot; - BazarBonino<\/title>\n<meta name=\"description\" content=\"Dragon Staff Gora Lunghezza: 166 cm; Diametro croce: 45 cm; 10 Fuochi.Una speciale staffa da contact simile ad un&#039;antica arma marziale cinese\" \/>\n<meta name=\"robots\" content=\"index, follow, max-snippet:-1, max-image-preview:large, max-video-preview:-1\" \/>\n<link rel=\"canonical\" href=\"https:\/\/www.bazarbonino.com\/store\/prodotto\/jg3905-gora-dragon-staff\/\" \/>\n<meta property=\"og:locale\" content=\"it_IT\" \/>\n<meta property=\"og:type\" content=\"article\" \/>\n<meta property=\"og:title\" content=\"JG3905 - STAFFA CONTACT GORA &quot;DRAGON STAFF&quot; - BazarBonino\" \/>\n<meta property=\"og:description\" content=\"Dragon Staff Gora Lunghezza: 166 cm; Diametro croce: 45 cm; 10 Fuochi.Una speciale staffa da contact simile ad un&#039;antica arma marziale cinese\" \/>\n<meta property=\"og:url\" content=\"https:\/\/www.bazarbonino.com\/store\/prodotto\/jg3905-gora-dragon-staff\/\" \/>\n<meta property=\"og:site_name\" content=\"BazarBonino\" \/>\n<meta property=\"article:publisher\" content=\"https:\/\/www.facebook.com\/bazar.bonino\" \/>\n<meta property=\"article:modified_time\" content=\"2026-03-16T10:39:55+00:00\" \/>\n<meta property=\"og:image\" content=\"https:\/\/www.bazarbonino.com\/store\/wp-content\/uploads\/2013\/01\/JG3905-STAFFA-CONTACT-GORA-DRAGON-STAFF-2-1.jpg\" \/>\n\t<meta property=\"og:image:width\" content=\"1000\" \/>\n\t<meta property=\"og:image:height\" content=\"500\" \/>\n\t<meta property=\"og:image:type\" content=\"image\/jpeg\" \/>\n<meta name=\"twitter:card\" content=\"summary_large_image\" \/>\n<meta name=\"twitter:label1\" content=\"Tempo di lettura stimato\" \/>\n\t<meta name=\"twitter:data1\" content=\"1 minuto\" \/>\n<script type=\"application\/ld+json\" class=\"yoast-schema-graph\">{\"@context\":\"https:\\\/\\\/schema.org\",\"@graph\":[{\"@type\":\"WebPage\",\"@id\":\"https:\\\/\\\/www.bazarbonino.com\\\/store\\\/prodotto\\\/jg3905-gora-dragon-staff\\\/\",\"url\":\"https:\\\/\\\/www.bazarbonino.com\\\/store\\\/prodotto\\\/jg3905-gora-dragon-staff\\\/\",\"name\":\"JG3905 - STAFFA CONTACT GORA \\\"DRAGON STAFF\\\" - BazarBonino\",\"isPartOf\":{\"@id\":\"https:\\\/\\\/www.bazarbonino.com\\\/store\\\/#website\"},\"primaryImageOfPage\":{\"@id\":\"https:\\\/\\\/www.bazarbonino.com\\\/store\\\/prodotto\\\/jg3905-gora-dragon-staff\\\/#primaryimage\"},\"image\":{\"@id\":\"https:\\\/\\\/www.bazarbonino.com\\\/store\\\/prodotto\\\/jg3905-gora-dragon-staff\\\/#primaryimage\"},\"thumbnailUrl\":\"https:\\\/\\\/www.bazarbonino.com\\\/store\\\/wp-content\\\/uploads\\\/2013\\\/01\\\/JG3905-STAFFA-CONTACT-GORA-DRAGON-STAFF-2-1.jpg\",\"datePublished\":\"2013-01-01T22:33:26+00:00\",\"dateModified\":\"2026-03-16T10:39:55+00:00\",\"description\":\"Dragon Staff Gora Lunghezza: 166 cm; Diametro croce: 45 cm; 10 Fuochi.Una speciale staffa da contact simile ad un'antica arma marziale cinese\",\"breadcrumb\":{\"@id\":\"https:\\\/\\\/www.bazarbonino.com\\\/store\\\/prodotto\\\/jg3905-gora-dragon-staff\\\/#breadcrumb\"},\"inLanguage\":\"it-IT\",\"potentialAction\":[{\"@type\":\"ReadAction\",\"target\":[\"https:\\\/\\\/www.bazarbonino.com\\\/store\\\/prodotto\\\/jg3905-gora-dragon-staff\\\/\"]}]},{\"@type\":\"ImageObject\",\"inLanguage\":\"it-IT\",\"@id\":\"https:\\\/\\\/www.bazarbonino.com\\\/store\\\/prodotto\\\/jg3905-gora-dragon-staff\\\/#primaryimage\",\"url\":\"https:\\\/\\\/www.bazarbonino.com\\\/store\\\/wp-content\\\/uploads\\\/2013\\\/01\\\/JG3905-STAFFA-CONTACT-GORA-DRAGON-STAFF-2-1.jpg\",\"contentUrl\":\"https:\\\/\\\/www.bazarbonino.com\\\/store\\\/wp-content\\\/uploads\\\/2013\\\/01\\\/JG3905-STAFFA-CONTACT-GORA-DRAGON-STAFF-2-1.jpg\",\"width\":1000,\"height\":500,\"caption\":\"JG3905 - STAFFA CONTACT GORA \\\"DRAGON STAFF\\\"\"},{\"@type\":\"BreadcrumbList\",\"@id\":\"https:\\\/\\\/www.bazarbonino.com\\\/store\\\/prodotto\\\/jg3905-gora-dragon-staff\\\/#breadcrumb\",\"itemListElement\":[{\"@type\":\"ListItem\",\"position\":1,\"name\":\"Home\",\"item\":\"https:\\\/\\\/www.bazarbonino.com\\\/store\\\/\"},{\"@type\":\"ListItem\",\"position\":2,\"name\":\"Catalogo\",\"item\":\"https:\\\/\\\/www.bazarbonino.com\\\/store\\\/shop\\\/\"},{\"@type\":\"ListItem\",\"position\":3,\"name\":\"JG3905 &#8211; STAFFA CONTACT GORA &#8220;DRAGON STAFF&#8221;\"}]},{\"@type\":\"WebSite\",\"@id\":\"https:\\\/\\\/www.bazarbonino.com\\\/store\\\/#website\",\"url\":\"https:\\\/\\\/www.bazarbonino.com\\\/store\\\/\",\"name\":\"BazarBonino\",\"description\":\"\",\"potentialAction\":[{\"@type\":\"SearchAction\",\"target\":{\"@type\":\"EntryPoint\",\"urlTemplate\":\"https:\\\/\\\/www.bazarbonino.com\\\/store\\\/?s={search_term_string}\"},\"query-input\":{\"@type\":\"PropertyValueSpecification\",\"valueRequired\":true,\"valueName\":\"search_term_string\"}}],\"inLanguage\":\"it-IT\"}]}<\/script>\n<!-- \/ Yoast SEO plugin. -->","yoast_head_json":{"title":"JG3905 - STAFFA CONTACT GORA \"DRAGON STAFF\" - BazarBonino","description":"Dragon Staff Gora Lunghezza: 166 cm; Diametro croce: 45 cm; 10 Fuochi.Una speciale staffa da contact simile ad un'antica arma marziale cinese","robots":{"index":"index","follow":"follow","max-snippet":"max-snippet:-1","max-image-preview":"max-image-preview:large","max-video-preview":"max-video-preview:-1"},"canonical":"https:\/\/www.bazarbonino.com\/store\/prodotto\/jg3905-gora-dragon-staff\/","og_locale":"it_IT","og_type":"article","og_title":"JG3905 - STAFFA CONTACT GORA \"DRAGON STAFF\" - BazarBonino","og_description":"Dragon Staff Gora Lunghezza: 166 cm; Diametro croce: 45 cm; 10 Fuochi.Una speciale staffa da contact simile ad un'antica arma marziale cinese","og_url":"https:\/\/www.bazarbonino.com\/store\/prodotto\/jg3905-gora-dragon-staff\/","og_site_name":"BazarBonino","article_publisher":"https:\/\/www.facebook.com\/bazar.bonino","article_modified_time":"2026-03-16T10:39:55+00:00","og_image":[{"width":1000,"height":500,"url":"https:\/\/www.bazarbonino.com\/store\/wp-content\/uploads\/2013\/01\/JG3905-STAFFA-CONTACT-GORA-DRAGON-STAFF-2-1.jpg","type":"image\/jpeg"}],"twitter_card":"summary_large_image","twitter_misc":{"Tempo di lettura stimato":"1 minuto"},"schema":{"@context":"https:\/\/schema.org","@graph":[{"@type":"WebPage","@id":"https:\/\/www.bazarbonino.com\/store\/prodotto\/jg3905-gora-dragon-staff\/","url":"https:\/\/www.bazarbonino.com\/store\/prodotto\/jg3905-gora-dragon-staff\/","name":"JG3905 - STAFFA CONTACT GORA \"DRAGON STAFF\" - BazarBonino","isPartOf":{"@id":"https:\/\/www.bazarbonino.com\/store\/#website"},"primaryImageOfPage":{"@id":"https:\/\/www.bazarbonino.com\/store\/prodotto\/jg3905-gora-dragon-staff\/#primaryimage"},"image":{"@id":"https:\/\/www.bazarbonino.com\/store\/prodotto\/jg3905-gora-dragon-staff\/#primaryimage"},"thumbnailUrl":"https:\/\/www.bazarbonino.com\/store\/wp-content\/uploads\/2013\/01\/JG3905-STAFFA-CONTACT-GORA-DRAGON-STAFF-2-1.jpg","datePublished":"2013-01-01T22:33:26+00:00","dateModified":"2026-03-16T10:39:55+00:00","description":"Dragon Staff Gora Lunghezza: 166 cm; Diametro croce: 45 cm; 10 Fuochi.Una speciale staffa da contact simile ad un'antica arma marziale cinese","breadcrumb":{"@id":"https:\/\/www.bazarbonino.com\/store\/prodotto\/jg3905-gora-dragon-staff\/#breadcrumb"},"inLanguage":"it-IT","potentialAction":[{"@type":"ReadAction","target":["https:\/\/www.bazarbonino.com\/store\/prodotto\/jg3905-gora-dragon-staff\/"]}]},{"@type":"ImageObject","inLanguage":"it-IT","@id":"https:\/\/www.bazarbonino.com\/store\/prodotto\/jg3905-gora-dragon-staff\/#primaryimage","url":"https:\/\/www.bazarbonino.com\/store\/wp-content\/uploads\/2013\/01\/JG3905-STAFFA-CONTACT-GORA-DRAGON-STAFF-2-1.jpg","contentUrl":"https:\/\/www.bazarbonino.com\/store\/wp-content\/uploads\/2013\/01\/JG3905-STAFFA-CONTACT-GORA-DRAGON-STAFF-2-1.jpg","width":1000,"height":500,"caption":"JG3905 - STAFFA CONTACT GORA \"DRAGON STAFF\""},{"@type":"BreadcrumbList","@id":"https:\/\/www.bazarbonino.com\/store\/prodotto\/jg3905-gora-dragon-staff\/#breadcrumb","itemListElement":[{"@type":"ListItem","position":1,"name":"Home","item":"https:\/\/www.bazarbonino.com\/store\/"},{"@type":"ListItem","position":2,"name":"Catalogo","item":"https:\/\/www.bazarbonino.com\/store\/shop\/"},{"@type":"ListItem","position":3,"name":"JG3905 &#8211; STAFFA CONTACT GORA &#8220;DRAGON STAFF&#8221;"}]},{"@type":"WebSite","@id":"https:\/\/www.bazarbonino.com\/store\/#website","url":"https:\/\/www.bazarbonino.com\/store\/","name":"BazarBonino","description":"","potentialAction":[{"@type":"SearchAction","target":{"@type":"EntryPoint","urlTemplate":"https:\/\/www.bazarbonino.com\/store\/?s={search_term_string}"},"query-input":{"@type":"PropertyValueSpecification","valueRequired":true,"valueName":"search_term_string"}}],"inLanguage":"it-IT"}]}},"_links":{"self":[{"href":"https:\/\/www.bazarbonino.com\/store\/wp-json\/wp\/v2\/product\/1685","targetHints":{"allow":["GET"]}}],"collection":[{"href":"https:\/\/www.bazarbonino.com\/store\/wp-json\/wp\/v2\/product"}],"about":[{"href":"https:\/\/www.bazarbonino.com\/store\/wp-json\/wp\/v2\/types\/product"}],"replies":[{"embeddable":true,"href":"https:\/\/www.bazarbonino.com\/store\/wp-json\/wp\/v2\/comments?post=1685"}],"wp:featuredmedia":[{"embeddable":true,"href":"https:\/\/www.bazarbonino.com\/store\/wp-json\/wp\/v2\/media\/18746"}],"wp:attachment":[{"href":"https:\/\/www.bazarbonino.com\/store\/wp-json\/wp\/v2\/media?parent=1685"}],"wp:term":[{"taxonomy":"product_brand","embeddable":true,"href":"https:\/\/www.bazarbonino.com\/store\/wp-json\/wp\/v2\/product_brand?post=1685"},{"taxonomy":"product_cat","embeddable":true,"href":"https:\/\/www.bazarbonino.com\/store\/wp-json\/wp\/v2\/product_cat?post=1685"},{"taxonomy":"product_tag","embeddable":true,"href":"https:\/\/www.bazarbonino.com\/store\/wp-json\/wp\/v2\/product_tag?post=1685"}],"curies":[{"name":"wp","href":"https:\/\/api.w.org\/{rel}","templated":true}]}}