{"id":1679,"date":"2013-01-01T23:33:25","date_gmt":"2013-01-01T22:33:25","guid":{"rendered":"http:\/\/www.bazarbonino.com\/store\/?wpsc-product=jg3990-gora-cappello-di-fuoco-fire-hat"},"modified":"2025-11-11T22:54:00","modified_gmt":"2025-11-11T21:54:00","slug":"jg3990-gora-cappello-di-fuoco-fire-hat","status":"publish","type":"product","link":"https:\/\/www.bazarbonino.com\/store\/prodotto\/jg3990-gora-cappello-di-fuoco-fire-hat\/","title":{"rendered":"JG3990 &#8211; GORA CAPPELLO DI FUOCO &#8220;FIRE HAT&#8221;"},"content":{"rendered":"<p class=\"articoli\">GORA CAPPELLO DI FUOCO &#8220;FIRE HAT&#8221; vi presentiamo l&#8217;unico cappello di fuoco al mondo, il tessuto \u00e8 imbevuto di uno speciale liquido ignifugo. Sulla sommit\u00e0 del cappello tra il kevlar e il tessuto c&#8217;\u00e8 un anello di protezione in silicone. Da maneggiare con cura, ha una durata limitata, ma avrete un accessorio per spettacoli mozzafiato. Disponibile in taglia 58 (misura la circonferenza della tua testa). Un altro fantastico attrezzo di fuoco GORA.<\/p>\n","protected":false},"excerpt":{"rendered":"<p>SUBITO DISPONIBILE<\/p>\n","protected":false},"featured_media":18780,"comment_status":"closed","ping_status":"closed","template":"","meta":{"_et_pb_use_builder":"","_et_pb_old_content":"","_et_gb_content_width":""},"product_brand":[],"product_cat":[48],"product_tag":[315,317,316],"class_list":{"0":"post-1679","1":"product","2":"type-product","3":"status-publish","4":"has-post-thumbnail","6":"product_cat-attrezzi-infuocati-vari-danza-costumi","7":"product_tag-attrezzi-infuocati-gora","8":"product_tag-negozio-on-line-articoli-gora-di-fuoco","9":"product_tag-rivenditore-ufficiale-per-litalia-bazar-bonino","11":"first","12":"instock","13":"sale","14":"taxable","15":"shipping-taxable","16":"purchasable","17":"product-type-simple"},"yoast_head":"<!-- This site is optimized with the Yoast SEO plugin v27.4 - https:\/\/yoast.com\/product\/yoast-seo-wordpress\/ -->\n<title>JG3990 - GORA CAPPELLO DI FUOCO &quot;FIRE HAT&quot; - BazarBonino<\/title>\n<meta name=\"description\" content=\"GORA CAPPELLO DI FUOCO &quot;FIRE HAT&quot; vi presentiamo l&#039;unico cappello di fuoco al mondo, il tessuto \u00e8 imbevuto di uno speciale liquido ignifugo\" \/>\n<meta name=\"robots\" content=\"index, follow, max-snippet:-1, max-image-preview:large, max-video-preview:-1\" \/>\n<link rel=\"canonical\" href=\"https:\/\/www.bazarbonino.com\/store\/prodotto\/jg3990-gora-cappello-di-fuoco-fire-hat\/\" \/>\n<meta property=\"og:locale\" content=\"it_IT\" \/>\n<meta property=\"og:type\" content=\"article\" \/>\n<meta property=\"og:title\" content=\"JG3990 - GORA CAPPELLO DI FUOCO &quot;FIRE HAT&quot; - BazarBonino\" \/>\n<meta property=\"og:description\" content=\"GORA CAPPELLO DI FUOCO &quot;FIRE HAT&quot; vi presentiamo l&#039;unico cappello di fuoco al mondo, il tessuto \u00e8 imbevuto di uno speciale liquido ignifugo\" \/>\n<meta property=\"og:url\" content=\"https:\/\/www.bazarbonino.com\/store\/prodotto\/jg3990-gora-cappello-di-fuoco-fire-hat\/\" \/>\n<meta property=\"og:site_name\" content=\"BazarBonino\" \/>\n<meta property=\"article:publisher\" content=\"https:\/\/www.facebook.com\/bazar.bonino\" \/>\n<meta property=\"article:modified_time\" content=\"2025-11-11T21:54:00+00:00\" \/>\n<meta property=\"og:image\" content=\"https:\/\/www.bazarbonino.com\/store\/wp-content\/uploads\/2013\/01\/JG3990-GORA-CAPPELLO-DI-FUOCO-FIRE-HAT-2.jpg\" \/>\n\t<meta property=\"og:image:width\" content=\"1000\" \/>\n\t<meta property=\"og:image:height\" content=\"500\" \/>\n\t<meta property=\"og:image:type\" content=\"image\/jpeg\" \/>\n<meta name=\"twitter:card\" content=\"summary_large_image\" \/>\n<script type=\"application\/ld+json\" class=\"yoast-schema-graph\">{\"@context\":\"https:\\\/\\\/schema.org\",\"@graph\":[{\"@type\":\"WebPage\",\"@id\":\"https:\\\/\\\/www.bazarbonino.com\\\/store\\\/prodotto\\\/jg3990-gora-cappello-di-fuoco-fire-hat\\\/\",\"url\":\"https:\\\/\\\/www.bazarbonino.com\\\/store\\\/prodotto\\\/jg3990-gora-cappello-di-fuoco-fire-hat\\\/\",\"name\":\"JG3990 - GORA CAPPELLO DI FUOCO \\\"FIRE HAT\\\" - BazarBonino\",\"isPartOf\":{\"@id\":\"https:\\\/\\\/www.bazarbonino.com\\\/store\\\/#website\"},\"primaryImageOfPage\":{\"@id\":\"https:\\\/\\\/www.bazarbonino.com\\\/store\\\/prodotto\\\/jg3990-gora-cappello-di-fuoco-fire-hat\\\/#primaryimage\"},\"image\":{\"@id\":\"https:\\\/\\\/www.bazarbonino.com\\\/store\\\/prodotto\\\/jg3990-gora-cappello-di-fuoco-fire-hat\\\/#primaryimage\"},\"thumbnailUrl\":\"https:\\\/\\\/www.bazarbonino.com\\\/store\\\/wp-content\\\/uploads\\\/2013\\\/01\\\/JG3990-GORA-CAPPELLO-DI-FUOCO-FIRE-HAT-2.jpg\",\"datePublished\":\"2013-01-01T22:33:25+00:00\",\"dateModified\":\"2025-11-11T21:54:00+00:00\",\"description\":\"GORA CAPPELLO DI FUOCO \\\"FIRE HAT\\\" vi presentiamo l'unico cappello di fuoco al mondo, il tessuto \u00e8 imbevuto di uno speciale liquido ignifugo\",\"breadcrumb\":{\"@id\":\"https:\\\/\\\/www.bazarbonino.com\\\/store\\\/prodotto\\\/jg3990-gora-cappello-di-fuoco-fire-hat\\\/#breadcrumb\"},\"inLanguage\":\"it-IT\",\"potentialAction\":[{\"@type\":\"ReadAction\",\"target\":[\"https:\\\/\\\/www.bazarbonino.com\\\/store\\\/prodotto\\\/jg3990-gora-cappello-di-fuoco-fire-hat\\\/\"]}]},{\"@type\":\"ImageObject\",\"inLanguage\":\"it-IT\",\"@id\":\"https:\\\/\\\/www.bazarbonino.com\\\/store\\\/prodotto\\\/jg3990-gora-cappello-di-fuoco-fire-hat\\\/#primaryimage\",\"url\":\"https:\\\/\\\/www.bazarbonino.com\\\/store\\\/wp-content\\\/uploads\\\/2013\\\/01\\\/JG3990-GORA-CAPPELLO-DI-FUOCO-FIRE-HAT-2.jpg\",\"contentUrl\":\"https:\\\/\\\/www.bazarbonino.com\\\/store\\\/wp-content\\\/uploads\\\/2013\\\/01\\\/JG3990-GORA-CAPPELLO-DI-FUOCO-FIRE-HAT-2.jpg\",\"width\":1000,\"height\":500,\"caption\":\"JG3990 - GORA CAPPELLO DI FUOCO \\\"FIRE HAT\\\"\"},{\"@type\":\"BreadcrumbList\",\"@id\":\"https:\\\/\\\/www.bazarbonino.com\\\/store\\\/prodotto\\\/jg3990-gora-cappello-di-fuoco-fire-hat\\\/#breadcrumb\",\"itemListElement\":[{\"@type\":\"ListItem\",\"position\":1,\"name\":\"Home\",\"item\":\"https:\\\/\\\/www.bazarbonino.com\\\/store\\\/\"},{\"@type\":\"ListItem\",\"position\":2,\"name\":\"Catalogo\",\"item\":\"https:\\\/\\\/www.bazarbonino.com\\\/store\\\/shop\\\/\"},{\"@type\":\"ListItem\",\"position\":3,\"name\":\"JG3990 &#8211; GORA CAPPELLO DI FUOCO &#8220;FIRE HAT&#8221;\"}]},{\"@type\":\"WebSite\",\"@id\":\"https:\\\/\\\/www.bazarbonino.com\\\/store\\\/#website\",\"url\":\"https:\\\/\\\/www.bazarbonino.com\\\/store\\\/\",\"name\":\"BazarBonino\",\"description\":\"\",\"potentialAction\":[{\"@type\":\"SearchAction\",\"target\":{\"@type\":\"EntryPoint\",\"urlTemplate\":\"https:\\\/\\\/www.bazarbonino.com\\\/store\\\/?s={search_term_string}\"},\"query-input\":{\"@type\":\"PropertyValueSpecification\",\"valueRequired\":true,\"valueName\":\"search_term_string\"}}],\"inLanguage\":\"it-IT\"}]}<\/script>\n<!-- \/ Yoast SEO plugin. -->","yoast_head_json":{"title":"JG3990 - GORA CAPPELLO DI FUOCO \"FIRE HAT\" - BazarBonino","description":"GORA CAPPELLO DI FUOCO \"FIRE HAT\" vi presentiamo l'unico cappello di fuoco al mondo, il tessuto \u00e8 imbevuto di uno speciale liquido ignifugo","robots":{"index":"index","follow":"follow","max-snippet":"max-snippet:-1","max-image-preview":"max-image-preview:large","max-video-preview":"max-video-preview:-1"},"canonical":"https:\/\/www.bazarbonino.com\/store\/prodotto\/jg3990-gora-cappello-di-fuoco-fire-hat\/","og_locale":"it_IT","og_type":"article","og_title":"JG3990 - GORA CAPPELLO DI FUOCO \"FIRE HAT\" - BazarBonino","og_description":"GORA CAPPELLO DI FUOCO \"FIRE HAT\" vi presentiamo l'unico cappello di fuoco al mondo, il tessuto \u00e8 imbevuto di uno speciale liquido ignifugo","og_url":"https:\/\/www.bazarbonino.com\/store\/prodotto\/jg3990-gora-cappello-di-fuoco-fire-hat\/","og_site_name":"BazarBonino","article_publisher":"https:\/\/www.facebook.com\/bazar.bonino","article_modified_time":"2025-11-11T21:54:00+00:00","og_image":[{"width":1000,"height":500,"url":"https:\/\/www.bazarbonino.com\/store\/wp-content\/uploads\/2013\/01\/JG3990-GORA-CAPPELLO-DI-FUOCO-FIRE-HAT-2.jpg","type":"image\/jpeg"}],"twitter_card":"summary_large_image","schema":{"@context":"https:\/\/schema.org","@graph":[{"@type":"WebPage","@id":"https:\/\/www.bazarbonino.com\/store\/prodotto\/jg3990-gora-cappello-di-fuoco-fire-hat\/","url":"https:\/\/www.bazarbonino.com\/store\/prodotto\/jg3990-gora-cappello-di-fuoco-fire-hat\/","name":"JG3990 - GORA CAPPELLO DI FUOCO \"FIRE HAT\" - BazarBonino","isPartOf":{"@id":"https:\/\/www.bazarbonino.com\/store\/#website"},"primaryImageOfPage":{"@id":"https:\/\/www.bazarbonino.com\/store\/prodotto\/jg3990-gora-cappello-di-fuoco-fire-hat\/#primaryimage"},"image":{"@id":"https:\/\/www.bazarbonino.com\/store\/prodotto\/jg3990-gora-cappello-di-fuoco-fire-hat\/#primaryimage"},"thumbnailUrl":"https:\/\/www.bazarbonino.com\/store\/wp-content\/uploads\/2013\/01\/JG3990-GORA-CAPPELLO-DI-FUOCO-FIRE-HAT-2.jpg","datePublished":"2013-01-01T22:33:25+00:00","dateModified":"2025-11-11T21:54:00+00:00","description":"GORA CAPPELLO DI FUOCO \"FIRE HAT\" vi presentiamo l'unico cappello di fuoco al mondo, il tessuto \u00e8 imbevuto di uno speciale liquido ignifugo","breadcrumb":{"@id":"https:\/\/www.bazarbonino.com\/store\/prodotto\/jg3990-gora-cappello-di-fuoco-fire-hat\/#breadcrumb"},"inLanguage":"it-IT","potentialAction":[{"@type":"ReadAction","target":["https:\/\/www.bazarbonino.com\/store\/prodotto\/jg3990-gora-cappello-di-fuoco-fire-hat\/"]}]},{"@type":"ImageObject","inLanguage":"it-IT","@id":"https:\/\/www.bazarbonino.com\/store\/prodotto\/jg3990-gora-cappello-di-fuoco-fire-hat\/#primaryimage","url":"https:\/\/www.bazarbonino.com\/store\/wp-content\/uploads\/2013\/01\/JG3990-GORA-CAPPELLO-DI-FUOCO-FIRE-HAT-2.jpg","contentUrl":"https:\/\/www.bazarbonino.com\/store\/wp-content\/uploads\/2013\/01\/JG3990-GORA-CAPPELLO-DI-FUOCO-FIRE-HAT-2.jpg","width":1000,"height":500,"caption":"JG3990 - GORA CAPPELLO DI FUOCO \"FIRE HAT\""},{"@type":"BreadcrumbList","@id":"https:\/\/www.bazarbonino.com\/store\/prodotto\/jg3990-gora-cappello-di-fuoco-fire-hat\/#breadcrumb","itemListElement":[{"@type":"ListItem","position":1,"name":"Home","item":"https:\/\/www.bazarbonino.com\/store\/"},{"@type":"ListItem","position":2,"name":"Catalogo","item":"https:\/\/www.bazarbonino.com\/store\/shop\/"},{"@type":"ListItem","position":3,"name":"JG3990 &#8211; GORA CAPPELLO DI FUOCO &#8220;FIRE HAT&#8221;"}]},{"@type":"WebSite","@id":"https:\/\/www.bazarbonino.com\/store\/#website","url":"https:\/\/www.bazarbonino.com\/store\/","name":"BazarBonino","description":"","potentialAction":[{"@type":"SearchAction","target":{"@type":"EntryPoint","urlTemplate":"https:\/\/www.bazarbonino.com\/store\/?s={search_term_string}"},"query-input":{"@type":"PropertyValueSpecification","valueRequired":true,"valueName":"search_term_string"}}],"inLanguage":"it-IT"}]}},"_links":{"self":[{"href":"https:\/\/www.bazarbonino.com\/store\/wp-json\/wp\/v2\/product\/1679","targetHints":{"allow":["GET"]}}],"collection":[{"href":"https:\/\/www.bazarbonino.com\/store\/wp-json\/wp\/v2\/product"}],"about":[{"href":"https:\/\/www.bazarbonino.com\/store\/wp-json\/wp\/v2\/types\/product"}],"replies":[{"embeddable":true,"href":"https:\/\/www.bazarbonino.com\/store\/wp-json\/wp\/v2\/comments?post=1679"}],"wp:featuredmedia":[{"embeddable":true,"href":"https:\/\/www.bazarbonino.com\/store\/wp-json\/wp\/v2\/media\/18780"}],"wp:attachment":[{"href":"https:\/\/www.bazarbonino.com\/store\/wp-json\/wp\/v2\/media?parent=1679"}],"wp:term":[{"taxonomy":"product_brand","embeddable":true,"href":"https:\/\/www.bazarbonino.com\/store\/wp-json\/wp\/v2\/product_brand?post=1679"},{"taxonomy":"product_cat","embeddable":true,"href":"https:\/\/www.bazarbonino.com\/store\/wp-json\/wp\/v2\/product_cat?post=1679"},{"taxonomy":"product_tag","embeddable":true,"href":"https:\/\/www.bazarbonino.com\/store\/wp-json\/wp\/v2\/product_tag?post=1679"}],"curies":[{"name":"wp","href":"https:\/\/api.w.org\/{rel}","templated":true}]}}