{"id":1675,"date":"2013-01-01T23:33:25","date_gmt":"2013-01-01T22:33:25","guid":{"rendered":"http:\/\/www.bazarbonino.com\/store\/?wpsc-product=jg3740s-gora-fire-contact-staff-smontabile-portable"},"modified":"2025-11-11T12:14:23","modified_gmt":"2025-11-11T11:14:23","slug":"jg3740s-gora-fire-contact-staff-smontabile-portable","status":"publish","type":"product","link":"https:\/\/www.bazarbonino.com\/store\/prodotto\/jg3740s-gora-fire-contact-staff-smontabile-portable\/","title":{"rendered":"JG3740S &#8211; GORA FIRE CONTACT STAFF SMONTABILE &#8220;PORTABLE&#8221;"},"content":{"rendered":"<h6>CONTACT STAFF INFUOCABILE\/SMONTABILE GORA<\/h6>\n<p class=\"articoli\">La GORA FIRE CONTACT STAFF SMONTABILE &#8220;PORTABLE&#8221; E&#8217; lunga 150 cm., diametro 25 mm. e peso 1050 gr. circa compresi i flowers &#8211; versione smontabile in 3 comodi parti. I professionisti di contact-staff scelgono questo modello, ma grazie alle sue ottime qualit\u00e0 anche il pi\u00f9 inesperto non avr\u00e0 nessuna difficolt\u00e0 ad imparare. Buon bilanciamento con le estremit\u00e0 un po\u2019 pi\u00f9 pesanti rispetto alla parte centrale che \u00e8 invece pi\u00f9 leggera. Il rivestimento in silicone vicino alle estremit\u00e0 di fuoco protegge la pelle dal contatto col metallo caldo evitando bruciature. I flowers stabilizzano il movimento e permettono rotazioni un po\u2019 pi\u00f9 lente. Il rivestimento centrale \u00e8 un mix tra quello usato nelle racchette da tennis e il classico grip, che rende l&#8217;impugnatura soffice ma allo stesso tempo resistente e a prova di sudore. Ecco quindi il meglio di ci\u00f2 che potete trovare sul mercato: se dovete scegliere il meglio prendete questa e non ve ne pentirete!<\/p>\n<p>ATTENZIONE: VENDUTA SENZA FLOWERS acquistabili a parte art. <a href=\"https:\/\/www.bazarbonino.com\/store\/prodotto\/jg3750-flower-contact-staff-gora\/\">JG3750<\/a><\/p>\n","protected":false},"excerpt":{"rendered":"<p>SUBITO DISPONIBILE<\/p>\n","protected":false},"featured_media":18751,"comment_status":"closed","ping_status":"closed","template":"","meta":{"_et_pb_use_builder":"","_et_pb_old_content":"","_et_gb_content_width":""},"product_brand":[],"product_cat":[46],"product_tag":[308,218,307],"class_list":{"0":"post-1675","1":"product","2":"type-product","3":"status-publish","4":"has-post-thumbnail","6":"product_cat-staffe-x-twirling-contact-infuocate","7":"product_tag-negozio-articoli-giocoleria-da-incendiare","8":"product_tag-negozio-on-line-bazar-bonino-torino","9":"product_tag-staffa-infuocata-di-fuoco","11":"first","12":"instock","13":"sale","14":"taxable","15":"shipping-taxable","16":"purchasable","17":"product-type-simple"},"yoast_head":"<!-- This site is optimized with the Yoast SEO plugin v27.4 - https:\/\/yoast.com\/product\/yoast-seo-wordpress\/ -->\n<title>JG3740S - GORA FIRE CONTACT STAFF SMONTABILE &quot;PORTABLE&quot; - BazarBonino<\/title>\n<meta name=\"description\" content=\"CONTACT STAFF INFUOCABILE\/SMONTABILE GORA La Gora Fire Contact Staff smontabile &quot;Portable&quot; \u00e8 lunga 150 cm, 1000 gr - versione smontabile in 3 comodi parti.\" \/>\n<meta name=\"robots\" content=\"index, follow, max-snippet:-1, max-image-preview:large, max-video-preview:-1\" \/>\n<link rel=\"canonical\" href=\"https:\/\/www.bazarbonino.com\/store\/prodotto\/jg3740s-gora-fire-contact-staff-smontabile-portable\/\" \/>\n<meta property=\"og:locale\" content=\"it_IT\" \/>\n<meta property=\"og:type\" content=\"article\" \/>\n<meta property=\"og:title\" content=\"JG3740S - GORA FIRE CONTACT STAFF SMONTABILE &quot;PORTABLE&quot; - BazarBonino\" \/>\n<meta property=\"og:description\" content=\"CONTACT STAFF INFUOCABILE\/SMONTABILE GORA La Gora Fire Contact Staff smontabile &quot;Portable&quot; \u00e8 lunga 150 cm, 1000 gr - versione smontabile in 3 comodi parti.\" \/>\n<meta property=\"og:url\" content=\"https:\/\/www.bazarbonino.com\/store\/prodotto\/jg3740s-gora-fire-contact-staff-smontabile-portable\/\" \/>\n<meta property=\"og:site_name\" content=\"BazarBonino\" \/>\n<meta property=\"article:publisher\" content=\"https:\/\/www.facebook.com\/bazar.bonino\" \/>\n<meta property=\"article:modified_time\" content=\"2025-11-11T11:14:23+00:00\" \/>\n<meta property=\"og:image\" content=\"https:\/\/www.bazarbonino.com\/store\/wp-content\/uploads\/2013\/01\/JG3740S-GORA-FIRE-CONTACT-STAFF-SMONTABILE-PORTABLE-1.jpg\" \/>\n\t<meta property=\"og:image:width\" content=\"1000\" \/>\n\t<meta property=\"og:image:height\" content=\"500\" \/>\n\t<meta property=\"og:image:type\" content=\"image\/jpeg\" \/>\n<meta name=\"twitter:card\" content=\"summary_large_image\" \/>\n<meta name=\"twitter:label1\" content=\"Tempo di lettura stimato\" \/>\n\t<meta name=\"twitter:data1\" content=\"1 minuto\" \/>\n<script type=\"application\/ld+json\" class=\"yoast-schema-graph\">{\"@context\":\"https:\\\/\\\/schema.org\",\"@graph\":[{\"@type\":\"WebPage\",\"@id\":\"https:\\\/\\\/www.bazarbonino.com\\\/store\\\/prodotto\\\/jg3740s-gora-fire-contact-staff-smontabile-portable\\\/\",\"url\":\"https:\\\/\\\/www.bazarbonino.com\\\/store\\\/prodotto\\\/jg3740s-gora-fire-contact-staff-smontabile-portable\\\/\",\"name\":\"JG3740S - GORA FIRE CONTACT STAFF SMONTABILE \\\"PORTABLE\\\" - BazarBonino\",\"isPartOf\":{\"@id\":\"https:\\\/\\\/www.bazarbonino.com\\\/store\\\/#website\"},\"primaryImageOfPage\":{\"@id\":\"https:\\\/\\\/www.bazarbonino.com\\\/store\\\/prodotto\\\/jg3740s-gora-fire-contact-staff-smontabile-portable\\\/#primaryimage\"},\"image\":{\"@id\":\"https:\\\/\\\/www.bazarbonino.com\\\/store\\\/prodotto\\\/jg3740s-gora-fire-contact-staff-smontabile-portable\\\/#primaryimage\"},\"thumbnailUrl\":\"https:\\\/\\\/www.bazarbonino.com\\\/store\\\/wp-content\\\/uploads\\\/2013\\\/01\\\/JG3740S-GORA-FIRE-CONTACT-STAFF-SMONTABILE-PORTABLE-1.jpg\",\"datePublished\":\"2013-01-01T22:33:25+00:00\",\"dateModified\":\"2025-11-11T11:14:23+00:00\",\"description\":\"CONTACT STAFF INFUOCABILE\\\/SMONTABILE GORA La Gora Fire Contact Staff smontabile \\\"Portable\\\" \u00e8 lunga 150 cm, 1000 gr - versione smontabile in 3 comodi parti.\",\"breadcrumb\":{\"@id\":\"https:\\\/\\\/www.bazarbonino.com\\\/store\\\/prodotto\\\/jg3740s-gora-fire-contact-staff-smontabile-portable\\\/#breadcrumb\"},\"inLanguage\":\"it-IT\",\"potentialAction\":[{\"@type\":\"ReadAction\",\"target\":[\"https:\\\/\\\/www.bazarbonino.com\\\/store\\\/prodotto\\\/jg3740s-gora-fire-contact-staff-smontabile-portable\\\/\"]}]},{\"@type\":\"ImageObject\",\"inLanguage\":\"it-IT\",\"@id\":\"https:\\\/\\\/www.bazarbonino.com\\\/store\\\/prodotto\\\/jg3740s-gora-fire-contact-staff-smontabile-portable\\\/#primaryimage\",\"url\":\"https:\\\/\\\/www.bazarbonino.com\\\/store\\\/wp-content\\\/uploads\\\/2013\\\/01\\\/JG3740S-GORA-FIRE-CONTACT-STAFF-SMONTABILE-PORTABLE-1.jpg\",\"contentUrl\":\"https:\\\/\\\/www.bazarbonino.com\\\/store\\\/wp-content\\\/uploads\\\/2013\\\/01\\\/JG3740S-GORA-FIRE-CONTACT-STAFF-SMONTABILE-PORTABLE-1.jpg\",\"width\":1000,\"height\":500,\"caption\":\"JG3740S - GORA FIRE CONTACT STAFF SMONTABILE \\\"PORTABLE\\\"\"},{\"@type\":\"BreadcrumbList\",\"@id\":\"https:\\\/\\\/www.bazarbonino.com\\\/store\\\/prodotto\\\/jg3740s-gora-fire-contact-staff-smontabile-portable\\\/#breadcrumb\",\"itemListElement\":[{\"@type\":\"ListItem\",\"position\":1,\"name\":\"Home\",\"item\":\"https:\\\/\\\/www.bazarbonino.com\\\/store\\\/\"},{\"@type\":\"ListItem\",\"position\":2,\"name\":\"Catalogo\",\"item\":\"https:\\\/\\\/www.bazarbonino.com\\\/store\\\/shop\\\/\"},{\"@type\":\"ListItem\",\"position\":3,\"name\":\"JG3740S &#8211; GORA FIRE CONTACT STAFF SMONTABILE &#8220;PORTABLE&#8221;\"}]},{\"@type\":\"WebSite\",\"@id\":\"https:\\\/\\\/www.bazarbonino.com\\\/store\\\/#website\",\"url\":\"https:\\\/\\\/www.bazarbonino.com\\\/store\\\/\",\"name\":\"BazarBonino\",\"description\":\"\",\"potentialAction\":[{\"@type\":\"SearchAction\",\"target\":{\"@type\":\"EntryPoint\",\"urlTemplate\":\"https:\\\/\\\/www.bazarbonino.com\\\/store\\\/?s={search_term_string}\"},\"query-input\":{\"@type\":\"PropertyValueSpecification\",\"valueRequired\":true,\"valueName\":\"search_term_string\"}}],\"inLanguage\":\"it-IT\"}]}<\/script>\n<!-- \/ Yoast SEO plugin. -->","yoast_head_json":{"title":"JG3740S - GORA FIRE CONTACT STAFF SMONTABILE \"PORTABLE\" - BazarBonino","description":"CONTACT STAFF INFUOCABILE\/SMONTABILE GORA La Gora Fire Contact Staff smontabile \"Portable\" \u00e8 lunga 150 cm, 1000 gr - versione smontabile in 3 comodi parti.","robots":{"index":"index","follow":"follow","max-snippet":"max-snippet:-1","max-image-preview":"max-image-preview:large","max-video-preview":"max-video-preview:-1"},"canonical":"https:\/\/www.bazarbonino.com\/store\/prodotto\/jg3740s-gora-fire-contact-staff-smontabile-portable\/","og_locale":"it_IT","og_type":"article","og_title":"JG3740S - GORA FIRE CONTACT STAFF SMONTABILE \"PORTABLE\" - BazarBonino","og_description":"CONTACT STAFF INFUOCABILE\/SMONTABILE GORA La Gora Fire Contact Staff smontabile \"Portable\" \u00e8 lunga 150 cm, 1000 gr - versione smontabile in 3 comodi parti.","og_url":"https:\/\/www.bazarbonino.com\/store\/prodotto\/jg3740s-gora-fire-contact-staff-smontabile-portable\/","og_site_name":"BazarBonino","article_publisher":"https:\/\/www.facebook.com\/bazar.bonino","article_modified_time":"2025-11-11T11:14:23+00:00","og_image":[{"width":1000,"height":500,"url":"https:\/\/www.bazarbonino.com\/store\/wp-content\/uploads\/2013\/01\/JG3740S-GORA-FIRE-CONTACT-STAFF-SMONTABILE-PORTABLE-1.jpg","type":"image\/jpeg"}],"twitter_card":"summary_large_image","twitter_misc":{"Tempo di lettura stimato":"1 minuto"},"schema":{"@context":"https:\/\/schema.org","@graph":[{"@type":"WebPage","@id":"https:\/\/www.bazarbonino.com\/store\/prodotto\/jg3740s-gora-fire-contact-staff-smontabile-portable\/","url":"https:\/\/www.bazarbonino.com\/store\/prodotto\/jg3740s-gora-fire-contact-staff-smontabile-portable\/","name":"JG3740S - GORA FIRE CONTACT STAFF SMONTABILE \"PORTABLE\" - BazarBonino","isPartOf":{"@id":"https:\/\/www.bazarbonino.com\/store\/#website"},"primaryImageOfPage":{"@id":"https:\/\/www.bazarbonino.com\/store\/prodotto\/jg3740s-gora-fire-contact-staff-smontabile-portable\/#primaryimage"},"image":{"@id":"https:\/\/www.bazarbonino.com\/store\/prodotto\/jg3740s-gora-fire-contact-staff-smontabile-portable\/#primaryimage"},"thumbnailUrl":"https:\/\/www.bazarbonino.com\/store\/wp-content\/uploads\/2013\/01\/JG3740S-GORA-FIRE-CONTACT-STAFF-SMONTABILE-PORTABLE-1.jpg","datePublished":"2013-01-01T22:33:25+00:00","dateModified":"2025-11-11T11:14:23+00:00","description":"CONTACT STAFF INFUOCABILE\/SMONTABILE GORA La Gora Fire Contact Staff smontabile \"Portable\" \u00e8 lunga 150 cm, 1000 gr - versione smontabile in 3 comodi parti.","breadcrumb":{"@id":"https:\/\/www.bazarbonino.com\/store\/prodotto\/jg3740s-gora-fire-contact-staff-smontabile-portable\/#breadcrumb"},"inLanguage":"it-IT","potentialAction":[{"@type":"ReadAction","target":["https:\/\/www.bazarbonino.com\/store\/prodotto\/jg3740s-gora-fire-contact-staff-smontabile-portable\/"]}]},{"@type":"ImageObject","inLanguage":"it-IT","@id":"https:\/\/www.bazarbonino.com\/store\/prodotto\/jg3740s-gora-fire-contact-staff-smontabile-portable\/#primaryimage","url":"https:\/\/www.bazarbonino.com\/store\/wp-content\/uploads\/2013\/01\/JG3740S-GORA-FIRE-CONTACT-STAFF-SMONTABILE-PORTABLE-1.jpg","contentUrl":"https:\/\/www.bazarbonino.com\/store\/wp-content\/uploads\/2013\/01\/JG3740S-GORA-FIRE-CONTACT-STAFF-SMONTABILE-PORTABLE-1.jpg","width":1000,"height":500,"caption":"JG3740S - GORA FIRE CONTACT STAFF SMONTABILE \"PORTABLE\""},{"@type":"BreadcrumbList","@id":"https:\/\/www.bazarbonino.com\/store\/prodotto\/jg3740s-gora-fire-contact-staff-smontabile-portable\/#breadcrumb","itemListElement":[{"@type":"ListItem","position":1,"name":"Home","item":"https:\/\/www.bazarbonino.com\/store\/"},{"@type":"ListItem","position":2,"name":"Catalogo","item":"https:\/\/www.bazarbonino.com\/store\/shop\/"},{"@type":"ListItem","position":3,"name":"JG3740S &#8211; GORA FIRE CONTACT STAFF SMONTABILE &#8220;PORTABLE&#8221;"}]},{"@type":"WebSite","@id":"https:\/\/www.bazarbonino.com\/store\/#website","url":"https:\/\/www.bazarbonino.com\/store\/","name":"BazarBonino","description":"","potentialAction":[{"@type":"SearchAction","target":{"@type":"EntryPoint","urlTemplate":"https:\/\/www.bazarbonino.com\/store\/?s={search_term_string}"},"query-input":{"@type":"PropertyValueSpecification","valueRequired":true,"valueName":"search_term_string"}}],"inLanguage":"it-IT"}]}},"_links":{"self":[{"href":"https:\/\/www.bazarbonino.com\/store\/wp-json\/wp\/v2\/product\/1675","targetHints":{"allow":["GET"]}}],"collection":[{"href":"https:\/\/www.bazarbonino.com\/store\/wp-json\/wp\/v2\/product"}],"about":[{"href":"https:\/\/www.bazarbonino.com\/store\/wp-json\/wp\/v2\/types\/product"}],"replies":[{"embeddable":true,"href":"https:\/\/www.bazarbonino.com\/store\/wp-json\/wp\/v2\/comments?post=1675"}],"wp:featuredmedia":[{"embeddable":true,"href":"https:\/\/www.bazarbonino.com\/store\/wp-json\/wp\/v2\/media\/18751"}],"wp:attachment":[{"href":"https:\/\/www.bazarbonino.com\/store\/wp-json\/wp\/v2\/media?parent=1675"}],"wp:term":[{"taxonomy":"product_brand","embeddable":true,"href":"https:\/\/www.bazarbonino.com\/store\/wp-json\/wp\/v2\/product_brand?post=1675"},{"taxonomy":"product_cat","embeddable":true,"href":"https:\/\/www.bazarbonino.com\/store\/wp-json\/wp\/v2\/product_cat?post=1675"},{"taxonomy":"product_tag","embeddable":true,"href":"https:\/\/www.bazarbonino.com\/store\/wp-json\/wp\/v2\/product_tag?post=1675"}],"curies":[{"name":"wp","href":"https:\/\/api.w.org\/{rel}","templated":true}]}}