{"id":1674,"date":"2013-01-01T23:33:25","date_gmt":"2013-01-01T22:33:25","guid":{"rendered":"http:\/\/www.bazarbonino.com\/store\/?wpsc-product=jg3740-gora-fire-contact-staff"},"modified":"2025-11-22T10:48:12","modified_gmt":"2025-11-22T09:48:12","slug":"jg3740-gora-fire-contact-staff","status":"publish","type":"product","link":"https:\/\/www.bazarbonino.com\/store\/prodotto\/jg3740-gora-fire-contact-staff\/","title":{"rendered":"JG3740 &#8211; GORA  FIRE CONTACT STAFF"},"content":{"rendered":"<h6>GORA STAFFA INFUOCATA<\/h6>\n<p class=\"articoli\">GORA FIRE CONTACT STAFF \u00e8 lunga 150 cm, 840 gr &#8211; the best! I professionisti di contact-staff scelgono questo modello eccezionale! Ma grazie alle sue ottime qualit\u00e0 anche il pi\u00f9 inesperto non avr\u00e0 nessuna difficolt\u00e0 ad imparare, buon bilanciamento con le estremit\u00e0 un po\u2019 pi\u00f9 pesanti rispetto alla parte centrale che \u00e8 invece pi\u00f9 leggera.<\/p>\n<p class=\"articoli\">Il rivestimento in silicone vicino alle estremit\u00e0 di fuoco protegge la pelle dal contatto col metallo caldo evitando bruciature. I flowers stabilizzano il movimento e permettono rotazioni un po\u2019 pi\u00f9 lente. Il rivestimento centrale \u00e8 un mix tra quello usato nelle racchette da tennis e il classico grip, che rende l&#8217;impugnatura soffice ma allo stesso tempo resistente ed a prova di sudore. Ecco quindi il meglio di ci\u00f2 che potete trovare sul mercato.<\/p>\n<p>ATTENZIONE: VENDUTA SENZA FLOWERS acquistabili a parte art. <a href=\"https:\/\/www.bazarbonino.com\/store\/prodotto\/jg3750-flower-contact-staff-gora\/\">JG3750<\/a><\/p>\n<p>Consigli per il corretto utilizzo ed evitare danneggiamenti:<\/p>\n<p>&#8211; Non utilizzare acquaragia, benzene o liquidi a base di alcol.<\/p>\n<p>&#8211; Non tenere il bastone in verticale. Giralo o mantienilo orizzontale!<\/p>\n<p>&#8211; Maneggia con cura l&#8217;impugnatura\/grip per evitare danni.<\/p>\n<p>&#8211; Non immergere il silicone nella paraffina. (Questo \u00e8 importante. Immergi la testa solo per i 2\/3 e lascia che il carburante assorba).<\/p>\n","protected":false},"excerpt":{"rendered":"<p>SUBITO DISPONIBILE<\/p>\n","protected":false},"featured_media":18750,"comment_status":"closed","ping_status":"closed","template":"","meta":{"_et_pb_use_builder":"","_et_pb_old_content":"","_et_gb_content_width":""},"product_brand":[],"product_cat":[46],"product_tag":[1837,308,218,307],"class_list":{"0":"post-1674","1":"product","2":"type-product","3":"status-publish","4":"has-post-thumbnail","6":"product_cat-staffe-x-twirling-contact-infuocate","7":"product_tag-gora-contact-staff","8":"product_tag-negozio-articoli-giocoleria-da-incendiare","9":"product_tag-negozio-on-line-bazar-bonino-torino","10":"product_tag-staffa-infuocata-di-fuoco","12":"first","13":"instock","14":"sale","15":"taxable","16":"shipping-taxable","17":"purchasable","18":"product-type-simple"},"yoast_head":"<!-- This site is optimized with the Yoast SEO plugin v27.4 - https:\/\/yoast.com\/product\/yoast-seo-wordpress\/ -->\n<title>JG3740 - GORA FIRE CONTACT STAFF - BazarBonino<\/title>\n<meta name=\"description\" content=\"GORA FIRE CONTACT STAFF \u00e8 lunga 150 cm, 840 gr - the best! I professionisti di contact-staff scelgono questo modello eccezionale!\" \/>\n<meta name=\"robots\" content=\"index, follow, max-snippet:-1, max-image-preview:large, max-video-preview:-1\" \/>\n<link rel=\"canonical\" href=\"https:\/\/www.bazarbonino.com\/store\/prodotto\/jg3740-gora-fire-contact-staff\/\" \/>\n<meta property=\"og:locale\" content=\"it_IT\" \/>\n<meta property=\"og:type\" content=\"article\" \/>\n<meta property=\"og:title\" content=\"JG3740 - GORA FIRE CONTACT STAFF - BazarBonino\" \/>\n<meta property=\"og:description\" content=\"GORA FIRE CONTACT STAFF \u00e8 lunga 150 cm, 840 gr - the best! I professionisti di contact-staff scelgono questo modello eccezionale!\" \/>\n<meta property=\"og:url\" content=\"https:\/\/www.bazarbonino.com\/store\/prodotto\/jg3740-gora-fire-contact-staff\/\" \/>\n<meta property=\"og:site_name\" content=\"BazarBonino\" \/>\n<meta property=\"article:publisher\" content=\"https:\/\/www.facebook.com\/bazar.bonino\" \/>\n<meta property=\"article:modified_time\" content=\"2025-11-22T09:48:12+00:00\" \/>\n<meta property=\"og:image\" content=\"https:\/\/www.bazarbonino.com\/store\/wp-content\/uploads\/2013\/01\/JG3740-GORA-FIRE-CONTACT-STAFF-3.jpg\" \/>\n\t<meta property=\"og:image:width\" content=\"1000\" \/>\n\t<meta property=\"og:image:height\" content=\"500\" \/>\n\t<meta property=\"og:image:type\" content=\"image\/jpeg\" \/>\n<meta name=\"twitter:card\" content=\"summary_large_image\" \/>\n<meta name=\"twitter:label1\" content=\"Tempo di lettura stimato\" \/>\n\t<meta name=\"twitter:data1\" content=\"1 minuto\" \/>\n<script type=\"application\/ld+json\" class=\"yoast-schema-graph\">{\"@context\":\"https:\\\/\\\/schema.org\",\"@graph\":[{\"@type\":\"WebPage\",\"@id\":\"https:\\\/\\\/www.bazarbonino.com\\\/store\\\/prodotto\\\/jg3740-gora-fire-contact-staff\\\/\",\"url\":\"https:\\\/\\\/www.bazarbonino.com\\\/store\\\/prodotto\\\/jg3740-gora-fire-contact-staff\\\/\",\"name\":\"JG3740 - GORA FIRE CONTACT STAFF - BazarBonino\",\"isPartOf\":{\"@id\":\"https:\\\/\\\/www.bazarbonino.com\\\/store\\\/#website\"},\"primaryImageOfPage\":{\"@id\":\"https:\\\/\\\/www.bazarbonino.com\\\/store\\\/prodotto\\\/jg3740-gora-fire-contact-staff\\\/#primaryimage\"},\"image\":{\"@id\":\"https:\\\/\\\/www.bazarbonino.com\\\/store\\\/prodotto\\\/jg3740-gora-fire-contact-staff\\\/#primaryimage\"},\"thumbnailUrl\":\"https:\\\/\\\/www.bazarbonino.com\\\/store\\\/wp-content\\\/uploads\\\/2013\\\/01\\\/JG3740-GORA-FIRE-CONTACT-STAFF-3.jpg\",\"datePublished\":\"2013-01-01T22:33:25+00:00\",\"dateModified\":\"2025-11-22T09:48:12+00:00\",\"description\":\"GORA FIRE CONTACT STAFF \u00e8 lunga 150 cm, 840 gr - the best! I professionisti di contact-staff scelgono questo modello eccezionale!\",\"breadcrumb\":{\"@id\":\"https:\\\/\\\/www.bazarbonino.com\\\/store\\\/prodotto\\\/jg3740-gora-fire-contact-staff\\\/#breadcrumb\"},\"inLanguage\":\"it-IT\",\"potentialAction\":[{\"@type\":\"ReadAction\",\"target\":[\"https:\\\/\\\/www.bazarbonino.com\\\/store\\\/prodotto\\\/jg3740-gora-fire-contact-staff\\\/\"]}]},{\"@type\":\"ImageObject\",\"inLanguage\":\"it-IT\",\"@id\":\"https:\\\/\\\/www.bazarbonino.com\\\/store\\\/prodotto\\\/jg3740-gora-fire-contact-staff\\\/#primaryimage\",\"url\":\"https:\\\/\\\/www.bazarbonino.com\\\/store\\\/wp-content\\\/uploads\\\/2013\\\/01\\\/JG3740-GORA-FIRE-CONTACT-STAFF-3.jpg\",\"contentUrl\":\"https:\\\/\\\/www.bazarbonino.com\\\/store\\\/wp-content\\\/uploads\\\/2013\\\/01\\\/JG3740-GORA-FIRE-CONTACT-STAFF-3.jpg\",\"width\":1000,\"height\":500,\"caption\":\"JG3740 - GORA FIRE CONTACT STAFF\"},{\"@type\":\"BreadcrumbList\",\"@id\":\"https:\\\/\\\/www.bazarbonino.com\\\/store\\\/prodotto\\\/jg3740-gora-fire-contact-staff\\\/#breadcrumb\",\"itemListElement\":[{\"@type\":\"ListItem\",\"position\":1,\"name\":\"Home\",\"item\":\"https:\\\/\\\/www.bazarbonino.com\\\/store\\\/\"},{\"@type\":\"ListItem\",\"position\":2,\"name\":\"Catalogo\",\"item\":\"https:\\\/\\\/www.bazarbonino.com\\\/store\\\/shop\\\/\"},{\"@type\":\"ListItem\",\"position\":3,\"name\":\"JG3740 &#8211; GORA FIRE CONTACT STAFF\"}]},{\"@type\":\"WebSite\",\"@id\":\"https:\\\/\\\/www.bazarbonino.com\\\/store\\\/#website\",\"url\":\"https:\\\/\\\/www.bazarbonino.com\\\/store\\\/\",\"name\":\"BazarBonino\",\"description\":\"\",\"potentialAction\":[{\"@type\":\"SearchAction\",\"target\":{\"@type\":\"EntryPoint\",\"urlTemplate\":\"https:\\\/\\\/www.bazarbonino.com\\\/store\\\/?s={search_term_string}\"},\"query-input\":{\"@type\":\"PropertyValueSpecification\",\"valueRequired\":true,\"valueName\":\"search_term_string\"}}],\"inLanguage\":\"it-IT\"}]}<\/script>\n<!-- \/ Yoast SEO plugin. -->","yoast_head_json":{"title":"JG3740 - GORA FIRE CONTACT STAFF - BazarBonino","description":"GORA FIRE CONTACT STAFF \u00e8 lunga 150 cm, 840 gr - the best! I professionisti di contact-staff scelgono questo modello eccezionale!","robots":{"index":"index","follow":"follow","max-snippet":"max-snippet:-1","max-image-preview":"max-image-preview:large","max-video-preview":"max-video-preview:-1"},"canonical":"https:\/\/www.bazarbonino.com\/store\/prodotto\/jg3740-gora-fire-contact-staff\/","og_locale":"it_IT","og_type":"article","og_title":"JG3740 - GORA FIRE CONTACT STAFF - BazarBonino","og_description":"GORA FIRE CONTACT STAFF \u00e8 lunga 150 cm, 840 gr - the best! I professionisti di contact-staff scelgono questo modello eccezionale!","og_url":"https:\/\/www.bazarbonino.com\/store\/prodotto\/jg3740-gora-fire-contact-staff\/","og_site_name":"BazarBonino","article_publisher":"https:\/\/www.facebook.com\/bazar.bonino","article_modified_time":"2025-11-22T09:48:12+00:00","og_image":[{"width":1000,"height":500,"url":"https:\/\/www.bazarbonino.com\/store\/wp-content\/uploads\/2013\/01\/JG3740-GORA-FIRE-CONTACT-STAFF-3.jpg","type":"image\/jpeg"}],"twitter_card":"summary_large_image","twitter_misc":{"Tempo di lettura stimato":"1 minuto"},"schema":{"@context":"https:\/\/schema.org","@graph":[{"@type":"WebPage","@id":"https:\/\/www.bazarbonino.com\/store\/prodotto\/jg3740-gora-fire-contact-staff\/","url":"https:\/\/www.bazarbonino.com\/store\/prodotto\/jg3740-gora-fire-contact-staff\/","name":"JG3740 - GORA FIRE CONTACT STAFF - BazarBonino","isPartOf":{"@id":"https:\/\/www.bazarbonino.com\/store\/#website"},"primaryImageOfPage":{"@id":"https:\/\/www.bazarbonino.com\/store\/prodotto\/jg3740-gora-fire-contact-staff\/#primaryimage"},"image":{"@id":"https:\/\/www.bazarbonino.com\/store\/prodotto\/jg3740-gora-fire-contact-staff\/#primaryimage"},"thumbnailUrl":"https:\/\/www.bazarbonino.com\/store\/wp-content\/uploads\/2013\/01\/JG3740-GORA-FIRE-CONTACT-STAFF-3.jpg","datePublished":"2013-01-01T22:33:25+00:00","dateModified":"2025-11-22T09:48:12+00:00","description":"GORA FIRE CONTACT STAFF \u00e8 lunga 150 cm, 840 gr - the best! I professionisti di contact-staff scelgono questo modello eccezionale!","breadcrumb":{"@id":"https:\/\/www.bazarbonino.com\/store\/prodotto\/jg3740-gora-fire-contact-staff\/#breadcrumb"},"inLanguage":"it-IT","potentialAction":[{"@type":"ReadAction","target":["https:\/\/www.bazarbonino.com\/store\/prodotto\/jg3740-gora-fire-contact-staff\/"]}]},{"@type":"ImageObject","inLanguage":"it-IT","@id":"https:\/\/www.bazarbonino.com\/store\/prodotto\/jg3740-gora-fire-contact-staff\/#primaryimage","url":"https:\/\/www.bazarbonino.com\/store\/wp-content\/uploads\/2013\/01\/JG3740-GORA-FIRE-CONTACT-STAFF-3.jpg","contentUrl":"https:\/\/www.bazarbonino.com\/store\/wp-content\/uploads\/2013\/01\/JG3740-GORA-FIRE-CONTACT-STAFF-3.jpg","width":1000,"height":500,"caption":"JG3740 - GORA FIRE CONTACT STAFF"},{"@type":"BreadcrumbList","@id":"https:\/\/www.bazarbonino.com\/store\/prodotto\/jg3740-gora-fire-contact-staff\/#breadcrumb","itemListElement":[{"@type":"ListItem","position":1,"name":"Home","item":"https:\/\/www.bazarbonino.com\/store\/"},{"@type":"ListItem","position":2,"name":"Catalogo","item":"https:\/\/www.bazarbonino.com\/store\/shop\/"},{"@type":"ListItem","position":3,"name":"JG3740 &#8211; GORA FIRE CONTACT STAFF"}]},{"@type":"WebSite","@id":"https:\/\/www.bazarbonino.com\/store\/#website","url":"https:\/\/www.bazarbonino.com\/store\/","name":"BazarBonino","description":"","potentialAction":[{"@type":"SearchAction","target":{"@type":"EntryPoint","urlTemplate":"https:\/\/www.bazarbonino.com\/store\/?s={search_term_string}"},"query-input":{"@type":"PropertyValueSpecification","valueRequired":true,"valueName":"search_term_string"}}],"inLanguage":"it-IT"}]}},"_links":{"self":[{"href":"https:\/\/www.bazarbonino.com\/store\/wp-json\/wp\/v2\/product\/1674","targetHints":{"allow":["GET"]}}],"collection":[{"href":"https:\/\/www.bazarbonino.com\/store\/wp-json\/wp\/v2\/product"}],"about":[{"href":"https:\/\/www.bazarbonino.com\/store\/wp-json\/wp\/v2\/types\/product"}],"replies":[{"embeddable":true,"href":"https:\/\/www.bazarbonino.com\/store\/wp-json\/wp\/v2\/comments?post=1674"}],"wp:featuredmedia":[{"embeddable":true,"href":"https:\/\/www.bazarbonino.com\/store\/wp-json\/wp\/v2\/media\/18750"}],"wp:attachment":[{"href":"https:\/\/www.bazarbonino.com\/store\/wp-json\/wp\/v2\/media?parent=1674"}],"wp:term":[{"taxonomy":"product_brand","embeddable":true,"href":"https:\/\/www.bazarbonino.com\/store\/wp-json\/wp\/v2\/product_brand?post=1674"},{"taxonomy":"product_cat","embeddable":true,"href":"https:\/\/www.bazarbonino.com\/store\/wp-json\/wp\/v2\/product_cat?post=1674"},{"taxonomy":"product_tag","embeddable":true,"href":"https:\/\/www.bazarbonino.com\/store\/wp-json\/wp\/v2\/product_tag?post=1674"}],"curies":[{"name":"wp","href":"https:\/\/api.w.org\/{rel}","templated":true}]}}