{"id":1673,"date":"2013-01-01T23:33:25","date_gmt":"2013-01-01T22:33:25","guid":{"rendered":"http:\/\/www.bazarbonino.com\/store\/?wpsc-product=jg3450-gora-lama-infuocata-fire-juggling-sword-al-pezzo"},"modified":"2023-07-27T15:10:46","modified_gmt":"2023-07-27T13:10:46","slug":"jg3425-gora-firebird-juggling-torch","status":"publish","type":"product","link":"https:\/\/www.bazarbonino.com\/store\/prodotto\/jg3425-gora-firebird-juggling-torch\/","title":{"rendered":"JG3425 &#8211; Gora FireBird Juggling Torch"},"content":{"rendered":"<p>La Gora FireBird Juggling Torch \u00e8 il nuovo ma classico attrezzo di giocoleria finalmente prodotta da Gora! Come tutta la sua produzione anche queste torce non vi deluderanno!<\/p>\n<p><span class=\"HwtZe\" lang=\"it\"><span class=\"jCAhz ChMk0b\"><span class=\"ryNqvb\">Dopo 15 anni di continuo sviluppo Gora \u00e8 finalmente pronto a lanciare la migliore Fire Club del mondo!<\/span><\/span> <span class=\"jCAhz ChMk0b\"><span class=\"ryNqvb\">Ovviamente sarebbe stato in grado di copiare i club di fuoco gi\u00e0 disponibili, ma voleva aspettare fino a quando non sarebbe stato in grado di creare la club di fuoco veramente migliorata rispetto a quelli esistenti.<\/span><\/span> <span class=\"jCAhz ChMk0b\"><span class=\"ryNqvb\">Grazie alla disponibilit\u00e0 di materiali speciali e allo sviluppo della tecnologia di produzione additiva, \u00e8 stato in grado di implementare alcuni miglioramenti mai visti prima!<\/span><\/span> Ha fondato<span class=\"jCAhz ChMk0b\"><span class=\"ryNqvb\"> uno studio di stampa 3D, anni di innumerevoli prototipi e un anello extra di assorbimento delle vibrazioni in silicone per creare quella che pensiamo sia la migliore torcia da giocoliere di fuoco del pianeta!<\/span><\/span><\/span><\/p>\n<p><span class=\"HwtZe\" lang=\"it\"><span class=\"jCAhz ChMk0b\"><span class=\"ryNqvb\">In che modo la nuova torcia da giocoliere Gora Fire \u00e8 migliore di altre? L&#8217;<\/span><\/span><span class=\"jCAhz ChMk0b\"><span class=\"ryNqvb\">obiettivo era creare una Fire Juggling Torch che fosse il pi\u00f9 possibile simile alle clave da giocoliere diurne che i giocolieri conoscono e amano, sia nel peso che nel ritmo di rotazione.<\/span><\/span> <span class=\"jCAhz ChMk0b\"><span class=\"ryNqvb\">Il manico \u00e8 stampato in 3D da una plastica resistente al calore (fino a 210 C), il nucleo \u00e8 realizzato in alluminio 7075 leggero e molto resistente. Perch\u00e9 stampato in 3D?<\/span><\/span> <span class=\"jCAhz ChMk0b\"><span class=\"ryNqvb\">Perch\u00e9 la creazione di questa forma non \u00e8 possibile utilizzando la tradizionale tecnologia di fusione.<\/span><\/span> <span class=\"jCAhz ChMk0b\"><span class=\"ryNqvb\">La nostra torcia da giocoliere \u00e8 pi\u00f9 lunga di 3-4 cm rispetto alle clave medie per raggiungere lo stesso ritmo di rotazione delle clave diurne.<\/span><\/span> <span class=\"jCAhz ChMk0b\"><span class=\"ryNqvb\">Le normali clave di plastica hanno una &#8220;resistenza al vento&#8221; grazie alla forma dell&#8217;oggetto.<\/span><\/span> <span class=\"jCAhz ChMk0b\"><span class=\"ryNqvb\">Questo \u00e8 il motivo per cui le normali torce da giocoliere della stessa lunghezza hanno una rotazione e un ritmo di lancio pi\u00f9 veloci.<\/span><\/span> <span class=\"jCAhz ChMk0b\"><span class=\"ryNqvb\">Raggiungiamo lo stesso ritmo delle clave normali attraverso la lunghezza extra.<\/span><\/span><\/span><\/p>\n<p><span class=\"HwtZe\" lang=\"it\"><span class=\"jCAhz ChMk0b\"><span class=\"ryNqvb\">La testa infuocata \u00e8 realizzata con<\/span><\/span><span class=\"jCAhz ChMk0b\"><span class=\"ryNqvb\"> stoppino in kevlar largo 5 cm con diametro 40 mm<\/span><\/span>.<\/span><\/p>\n<p><span class=\"HwtZe\" lang=\"it\"><span class=\"jCAhz ChMk0b\"><span class=\"ryNqvb\">Sei un giocoliere attratto dal fuoco ma hai sempre pensato che le clave da fuoco fossero scomode?<\/span><\/span> <span class=\"jCAhz ChMk0b\"><span class=\"ryNqvb\">Ora \u00e8 il momento di provarle!<\/span><\/span><\/span><\/p>\n<p>&nbsp;<\/p>\n<p>&nbsp;<\/p>\n","protected":false},"excerpt":{"rendered":"<p>SUBITO DISPONIBILE<\/p>\n<p>MANICO BIANCO<\/p>\n","protected":false},"featured_media":21021,"comment_status":"closed","ping_status":"closed","template":"","meta":{"_et_pb_use_builder":"","_et_pb_old_content":"","_et_gb_content_width":""},"product_brand":[],"product_cat":[48,42],"product_tag":[2127,298,297],"class_list":{"0":"post-1673","1":"product","2":"type-product","3":"status-publish","4":"has-post-thumbnail","6":"product_cat-attrezzi-infuocati-vari-danza-costumi","7":"product_cat-torce-e-swinging","8":"product_tag-bazar-bonino-torino","9":"product_tag-negozio-on-line-articoli-di-fuoco","10":"product_tag-torcia-giocoleria-per-spettacoli-di-fuoco-infuocati","12":"first","13":"instock","14":"sale","15":"taxable","16":"shipping-taxable","17":"purchasable","18":"product-type-simple"},"yoast_head":"<!-- This site is optimized with the Yoast SEO plugin v27.4 - https:\/\/yoast.com\/product\/yoast-seo-wordpress\/ -->\n<title>JG3425 - Gora FireBird Juggling Torch - BazarBonino<\/title>\n<meta name=\"description\" content=\"\u00a0La Gora Fire Juggling Torch \u00e8 il nuovo ma classico attrezzo di giocoleria finalmente prodotta da Gora! Anche queste torce non vi deluderanno!\" \/>\n<meta name=\"robots\" content=\"index, follow, max-snippet:-1, max-image-preview:large, max-video-preview:-1\" \/>\n<link rel=\"canonical\" href=\"https:\/\/www.bazarbonino.com\/store\/prodotto\/jg3425-gora-firebird-juggling-torch\/\" \/>\n<meta property=\"og:locale\" content=\"it_IT\" \/>\n<meta property=\"og:type\" content=\"article\" \/>\n<meta property=\"og:title\" content=\"JG3425 - Gora FireBird Juggling Torch - BazarBonino\" \/>\n<meta property=\"og:description\" content=\"\u00a0La Gora Fire Juggling Torch \u00e8 il nuovo ma classico attrezzo di giocoleria finalmente prodotta da Gora! Anche queste torce non vi deluderanno!\" \/>\n<meta property=\"og:url\" content=\"https:\/\/www.bazarbonino.com\/store\/prodotto\/jg3425-gora-firebird-juggling-torch\/\" \/>\n<meta property=\"og:site_name\" content=\"BazarBonino\" \/>\n<meta property=\"article:publisher\" content=\"https:\/\/www.facebook.com\/bazar.bonino\" \/>\n<meta property=\"article:modified_time\" content=\"2023-07-27T13:10:46+00:00\" \/>\n<meta property=\"og:image\" content=\"https:\/\/www.bazarbonino.com\/store\/wp-content\/uploads\/2013\/01\/JG3425-Gora-Fire-Juggling-Torch.jpg\" \/>\n\t<meta property=\"og:image:width\" content=\"889\" \/>\n\t<meta property=\"og:image:height\" content=\"500\" \/>\n\t<meta property=\"og:image:type\" content=\"image\/jpeg\" \/>\n<meta name=\"twitter:card\" content=\"summary_large_image\" \/>\n<meta name=\"twitter:label1\" content=\"Tempo di lettura stimato\" \/>\n\t<meta name=\"twitter:data1\" content=\"2 minuti\" \/>\n<script type=\"application\/ld+json\" class=\"yoast-schema-graph\">{\"@context\":\"https:\\\/\\\/schema.org\",\"@graph\":[{\"@type\":\"WebPage\",\"@id\":\"https:\\\/\\\/www.bazarbonino.com\\\/store\\\/prodotto\\\/jg3425-gora-firebird-juggling-torch\\\/\",\"url\":\"https:\\\/\\\/www.bazarbonino.com\\\/store\\\/prodotto\\\/jg3425-gora-firebird-juggling-torch\\\/\",\"name\":\"JG3425 - Gora FireBird Juggling Torch - BazarBonino\",\"isPartOf\":{\"@id\":\"https:\\\/\\\/www.bazarbonino.com\\\/store\\\/#website\"},\"primaryImageOfPage\":{\"@id\":\"https:\\\/\\\/www.bazarbonino.com\\\/store\\\/prodotto\\\/jg3425-gora-firebird-juggling-torch\\\/#primaryimage\"},\"image\":{\"@id\":\"https:\\\/\\\/www.bazarbonino.com\\\/store\\\/prodotto\\\/jg3425-gora-firebird-juggling-torch\\\/#primaryimage\"},\"thumbnailUrl\":\"https:\\\/\\\/www.bazarbonino.com\\\/store\\\/wp-content\\\/uploads\\\/2013\\\/01\\\/JG3425-Gora-Fire-Juggling-Torch.jpg\",\"datePublished\":\"2013-01-01T22:33:25+00:00\",\"dateModified\":\"2023-07-27T13:10:46+00:00\",\"description\":\"\u00a0La Gora Fire Juggling Torch \u00e8 il nuovo ma classico attrezzo di giocoleria finalmente prodotta da Gora! Anche queste torce non vi deluderanno!\",\"breadcrumb\":{\"@id\":\"https:\\\/\\\/www.bazarbonino.com\\\/store\\\/prodotto\\\/jg3425-gora-firebird-juggling-torch\\\/#breadcrumb\"},\"inLanguage\":\"it-IT\",\"potentialAction\":[{\"@type\":\"ReadAction\",\"target\":[\"https:\\\/\\\/www.bazarbonino.com\\\/store\\\/prodotto\\\/jg3425-gora-firebird-juggling-torch\\\/\"]}]},{\"@type\":\"ImageObject\",\"inLanguage\":\"it-IT\",\"@id\":\"https:\\\/\\\/www.bazarbonino.com\\\/store\\\/prodotto\\\/jg3425-gora-firebird-juggling-torch\\\/#primaryimage\",\"url\":\"https:\\\/\\\/www.bazarbonino.com\\\/store\\\/wp-content\\\/uploads\\\/2013\\\/01\\\/JG3425-Gora-Fire-Juggling-Torch.jpg\",\"contentUrl\":\"https:\\\/\\\/www.bazarbonino.com\\\/store\\\/wp-content\\\/uploads\\\/2013\\\/01\\\/JG3425-Gora-Fire-Juggling-Torch.jpg\",\"width\":889,\"height\":500,\"caption\":\"JG3425 - Gora FireBird Juggling Torch\"},{\"@type\":\"BreadcrumbList\",\"@id\":\"https:\\\/\\\/www.bazarbonino.com\\\/store\\\/prodotto\\\/jg3425-gora-firebird-juggling-torch\\\/#breadcrumb\",\"itemListElement\":[{\"@type\":\"ListItem\",\"position\":1,\"name\":\"Home\",\"item\":\"https:\\\/\\\/www.bazarbonino.com\\\/store\\\/\"},{\"@type\":\"ListItem\",\"position\":2,\"name\":\"Catalogo\",\"item\":\"https:\\\/\\\/www.bazarbonino.com\\\/store\\\/shop\\\/\"},{\"@type\":\"ListItem\",\"position\":3,\"name\":\"JG3425 &#8211; Gora FireBird Juggling Torch\"}]},{\"@type\":\"WebSite\",\"@id\":\"https:\\\/\\\/www.bazarbonino.com\\\/store\\\/#website\",\"url\":\"https:\\\/\\\/www.bazarbonino.com\\\/store\\\/\",\"name\":\"BazarBonino\",\"description\":\"\",\"potentialAction\":[{\"@type\":\"SearchAction\",\"target\":{\"@type\":\"EntryPoint\",\"urlTemplate\":\"https:\\\/\\\/www.bazarbonino.com\\\/store\\\/?s={search_term_string}\"},\"query-input\":{\"@type\":\"PropertyValueSpecification\",\"valueRequired\":true,\"valueName\":\"search_term_string\"}}],\"inLanguage\":\"it-IT\"}]}<\/script>\n<!-- \/ Yoast SEO plugin. -->","yoast_head_json":{"title":"JG3425 - Gora FireBird Juggling Torch - BazarBonino","description":"\u00a0La Gora Fire Juggling Torch \u00e8 il nuovo ma classico attrezzo di giocoleria finalmente prodotta da Gora! Anche queste torce non vi deluderanno!","robots":{"index":"index","follow":"follow","max-snippet":"max-snippet:-1","max-image-preview":"max-image-preview:large","max-video-preview":"max-video-preview:-1"},"canonical":"https:\/\/www.bazarbonino.com\/store\/prodotto\/jg3425-gora-firebird-juggling-torch\/","og_locale":"it_IT","og_type":"article","og_title":"JG3425 - Gora FireBird Juggling Torch - BazarBonino","og_description":"\u00a0La Gora Fire Juggling Torch \u00e8 il nuovo ma classico attrezzo di giocoleria finalmente prodotta da Gora! Anche queste torce non vi deluderanno!","og_url":"https:\/\/www.bazarbonino.com\/store\/prodotto\/jg3425-gora-firebird-juggling-torch\/","og_site_name":"BazarBonino","article_publisher":"https:\/\/www.facebook.com\/bazar.bonino","article_modified_time":"2023-07-27T13:10:46+00:00","og_image":[{"width":889,"height":500,"url":"https:\/\/www.bazarbonino.com\/store\/wp-content\/uploads\/2013\/01\/JG3425-Gora-Fire-Juggling-Torch.jpg","type":"image\/jpeg"}],"twitter_card":"summary_large_image","twitter_misc":{"Tempo di lettura stimato":"2 minuti"},"schema":{"@context":"https:\/\/schema.org","@graph":[{"@type":"WebPage","@id":"https:\/\/www.bazarbonino.com\/store\/prodotto\/jg3425-gora-firebird-juggling-torch\/","url":"https:\/\/www.bazarbonino.com\/store\/prodotto\/jg3425-gora-firebird-juggling-torch\/","name":"JG3425 - Gora FireBird Juggling Torch - BazarBonino","isPartOf":{"@id":"https:\/\/www.bazarbonino.com\/store\/#website"},"primaryImageOfPage":{"@id":"https:\/\/www.bazarbonino.com\/store\/prodotto\/jg3425-gora-firebird-juggling-torch\/#primaryimage"},"image":{"@id":"https:\/\/www.bazarbonino.com\/store\/prodotto\/jg3425-gora-firebird-juggling-torch\/#primaryimage"},"thumbnailUrl":"https:\/\/www.bazarbonino.com\/store\/wp-content\/uploads\/2013\/01\/JG3425-Gora-Fire-Juggling-Torch.jpg","datePublished":"2013-01-01T22:33:25+00:00","dateModified":"2023-07-27T13:10:46+00:00","description":"\u00a0La Gora Fire Juggling Torch \u00e8 il nuovo ma classico attrezzo di giocoleria finalmente prodotta da Gora! Anche queste torce non vi deluderanno!","breadcrumb":{"@id":"https:\/\/www.bazarbonino.com\/store\/prodotto\/jg3425-gora-firebird-juggling-torch\/#breadcrumb"},"inLanguage":"it-IT","potentialAction":[{"@type":"ReadAction","target":["https:\/\/www.bazarbonino.com\/store\/prodotto\/jg3425-gora-firebird-juggling-torch\/"]}]},{"@type":"ImageObject","inLanguage":"it-IT","@id":"https:\/\/www.bazarbonino.com\/store\/prodotto\/jg3425-gora-firebird-juggling-torch\/#primaryimage","url":"https:\/\/www.bazarbonino.com\/store\/wp-content\/uploads\/2013\/01\/JG3425-Gora-Fire-Juggling-Torch.jpg","contentUrl":"https:\/\/www.bazarbonino.com\/store\/wp-content\/uploads\/2013\/01\/JG3425-Gora-Fire-Juggling-Torch.jpg","width":889,"height":500,"caption":"JG3425 - Gora FireBird Juggling Torch"},{"@type":"BreadcrumbList","@id":"https:\/\/www.bazarbonino.com\/store\/prodotto\/jg3425-gora-firebird-juggling-torch\/#breadcrumb","itemListElement":[{"@type":"ListItem","position":1,"name":"Home","item":"https:\/\/www.bazarbonino.com\/store\/"},{"@type":"ListItem","position":2,"name":"Catalogo","item":"https:\/\/www.bazarbonino.com\/store\/shop\/"},{"@type":"ListItem","position":3,"name":"JG3425 &#8211; Gora FireBird Juggling Torch"}]},{"@type":"WebSite","@id":"https:\/\/www.bazarbonino.com\/store\/#website","url":"https:\/\/www.bazarbonino.com\/store\/","name":"BazarBonino","description":"","potentialAction":[{"@type":"SearchAction","target":{"@type":"EntryPoint","urlTemplate":"https:\/\/www.bazarbonino.com\/store\/?s={search_term_string}"},"query-input":{"@type":"PropertyValueSpecification","valueRequired":true,"valueName":"search_term_string"}}],"inLanguage":"it-IT"}]}},"_links":{"self":[{"href":"https:\/\/www.bazarbonino.com\/store\/wp-json\/wp\/v2\/product\/1673","targetHints":{"allow":["GET"]}}],"collection":[{"href":"https:\/\/www.bazarbonino.com\/store\/wp-json\/wp\/v2\/product"}],"about":[{"href":"https:\/\/www.bazarbonino.com\/store\/wp-json\/wp\/v2\/types\/product"}],"replies":[{"embeddable":true,"href":"https:\/\/www.bazarbonino.com\/store\/wp-json\/wp\/v2\/comments?post=1673"}],"wp:featuredmedia":[{"embeddable":true,"href":"https:\/\/www.bazarbonino.com\/store\/wp-json\/wp\/v2\/media\/21021"}],"wp:attachment":[{"href":"https:\/\/www.bazarbonino.com\/store\/wp-json\/wp\/v2\/media?parent=1673"}],"wp:term":[{"taxonomy":"product_brand","embeddable":true,"href":"https:\/\/www.bazarbonino.com\/store\/wp-json\/wp\/v2\/product_brand?post=1673"},{"taxonomy":"product_cat","embeddable":true,"href":"https:\/\/www.bazarbonino.com\/store\/wp-json\/wp\/v2\/product_cat?post=1673"},{"taxonomy":"product_tag","embeddable":true,"href":"https:\/\/www.bazarbonino.com\/store\/wp-json\/wp\/v2\/product_tag?post=1673"}],"curies":[{"name":"wp","href":"https:\/\/api.w.org\/{rel}","templated":true}]}}