{"id":1668,"date":"2013-01-01T23:33:25","date_gmt":"2013-01-01T22:33:25","guid":{"rendered":"http:\/\/www.bazarbonino.com\/store\/?wpsc-product=jgi267-pallina-sil-x-imlposion-67-mm-trasparente"},"modified":"2025-09-22T12:34:49","modified_gmt":"2025-09-22T10:34:49","slug":"jgi267-pallina-sil-x-imlposion-67-mm-trasparente","status":"publish","type":"product","link":"https:\/\/www.bazarbonino.com\/store\/prodotto\/jgi267-pallina-sil-x-imlposion-67-mm-trasparente\/","title":{"rendered":"JG0267i &#8211; PALLINA SIL-X IMLPOSION 67 MM TRASPARENTE"},"content":{"rendered":"<p>67 mm\/110 gr &#8211; nuovo diametro per un pi\u00f9 facile giocolare avendo le dimensioni di una pallina standard: \u00e8 straordinaria, ad oggi indubbiamente la pi\u00f9 avanzata sul mercato, \u00e8 una morbida stage in PVC trasparente, riempita per un terzo del volume interno con uno speciale SILICONE LIQUIDO COLORATO, il baricentro \u00e8 basso perci\u00f2 la palla \u00e8 molto stabile nei lanci alti ma anche facile da bloccare con i piedi e da tenere in equilibrio sulla testa, il SILICONE LIQUIDO, diversamente da qualsiasi tipo di riempimento in granuli, scivola sempre nella parte bassa della pallina anche quando questa \u00e8 lanciata con un movimento del polso che la fa girare su se stessa, evitando il tipico \u201ctraballare\u201d delle palline Russe, l&#8217;olio siliconico impiegato \u00e8 totalmente atossico (normalmente utilizzato come lubrificante nell&#8217;industria alimentare) ed \u00e8 iniettato con una macchina speciale attraverso un buco di soli 5 mm utilizzando cos\u00ec lo stesso \u201ctappo invisibile\u201d usato per le MMX e le MMXplus, resistente e lavabile, ideale quindi nei lanci, come footbag e numeri con la testa, disponibile in sei diversi colori fluo reattivi alla luce U.V. (tranne il blu)<\/p>\n","protected":false},"excerpt":{"rendered":"<p>67 mm\/110 gr &#8211; nuovo diametro per un pi\u00f9 facile giocolare avendo le dimensioni di una pallina standard: \u00e8 straordinaria, ad oggi indubbiamente la pi\u00f9 avanzata sul mercato, \u00e8 una morbida stage in PVC trasparente, riempita per un terzo del volume interno con uno speciale SILICONE LIQUIDO COLORATO, il baricentro \u00e8 basso perci\u00f2 la palla [&hellip;]<\/p>\n","protected":false},"featured_media":2694,"comment_status":"closed","ping_status":"closed","template":"","meta":{"_et_pb_use_builder":"","_et_pb_old_content":"","_et_gb_content_width":""},"product_brand":[],"product_cat":[7],"product_tag":[2127,358,357],"class_list":{"0":"post-1668","1":"product","2":"type-product","3":"status-publish","4":"has-post-thumbnail","6":"product_cat-palline-stage-riempite","7":"product_tag-bazar-bonino-torino","8":"product_tag-negozio-on-line-palline-stage-riempite-di-silicone","9":"product_tag-palline-con-refill-di-silicone-tipo-trasparente","10":"pa_colore-arancio","11":"pa_colore-blu","12":"pa_colore-giallo","13":"pa_colore-rosa","14":"pa_colore-trasparente","15":"pa_colore-verde","17":"first","18":"outofstock","19":"taxable","20":"shipping-taxable","21":"purchasable","22":"product-type-variable"},"yoast_head":"<!-- This site is optimized with the Yoast SEO plugin v27.4 - https:\/\/yoast.com\/product\/yoast-seo-wordpress\/ -->\n<title>JG0267i - PALLINA SIL-X IMLPOSION 67 MM TRASPARENTE - BazarBonino<\/title>\n<meta name=\"robots\" content=\"index, follow, max-snippet:-1, max-image-preview:large, max-video-preview:-1\" \/>\n<link rel=\"canonical\" href=\"https:\/\/www.bazarbonino.com\/store\/prodotto\/jgi267-pallina-sil-x-imlposion-67-mm-trasparente\/\" \/>\n<meta property=\"og:locale\" content=\"it_IT\" \/>\n<meta property=\"og:type\" content=\"article\" \/>\n<meta property=\"og:title\" content=\"JG0267i - PALLINA SIL-X IMLPOSION 67 MM TRASPARENTE - BazarBonino\" \/>\n<meta property=\"og:description\" content=\"67 mm\/110 gr &#8211; nuovo diametro per un pi\u00f9 facile giocolare avendo le dimensioni di una pallina standard: \u00e8 straordinaria, ad oggi indubbiamente la pi\u00f9 avanzata sul mercato, \u00e8 una morbida stage in PVC trasparente, riempita per un terzo del volume interno con uno speciale SILICONE LIQUIDO COLORATO, il baricentro \u00e8 basso perci\u00f2 la palla [&hellip;]\" \/>\n<meta property=\"og:url\" content=\"https:\/\/www.bazarbonino.com\/store\/prodotto\/jgi267-pallina-sil-x-imlposion-67-mm-trasparente\/\" \/>\n<meta property=\"og:site_name\" content=\"BazarBonino\" \/>\n<meta property=\"article:publisher\" content=\"https:\/\/www.facebook.com\/bazar.bonino\" \/>\n<meta property=\"article:modified_time\" content=\"2025-09-22T10:34:49+00:00\" \/>\n<meta property=\"og:image\" content=\"https:\/\/www.bazarbonino.com\/store\/wp-content\/uploads\/2013\/01\/sil-x_implosion_67mm_all.jpg\" \/>\n\t<meta property=\"og:image:width\" content=\"800\" \/>\n\t<meta property=\"og:image:height\" content=\"686\" \/>\n\t<meta property=\"og:image:type\" content=\"image\/jpeg\" \/>\n<meta name=\"twitter:card\" content=\"summary_large_image\" \/>\n<meta name=\"twitter:label1\" content=\"Tempo di lettura stimato\" \/>\n\t<meta name=\"twitter:data1\" content=\"1 minuto\" \/>\n<script type=\"application\/ld+json\" class=\"yoast-schema-graph\">{\"@context\":\"https:\\\/\\\/schema.org\",\"@graph\":[{\"@type\":\"WebPage\",\"@id\":\"https:\\\/\\\/www.bazarbonino.com\\\/store\\\/prodotto\\\/jgi267-pallina-sil-x-imlposion-67-mm-trasparente\\\/\",\"url\":\"https:\\\/\\\/www.bazarbonino.com\\\/store\\\/prodotto\\\/jgi267-pallina-sil-x-imlposion-67-mm-trasparente\\\/\",\"name\":\"JG0267i - PALLINA SIL-X IMLPOSION 67 MM TRASPARENTE - BazarBonino\",\"isPartOf\":{\"@id\":\"https:\\\/\\\/www.bazarbonino.com\\\/store\\\/#website\"},\"primaryImageOfPage\":{\"@id\":\"https:\\\/\\\/www.bazarbonino.com\\\/store\\\/prodotto\\\/jgi267-pallina-sil-x-imlposion-67-mm-trasparente\\\/#primaryimage\"},\"image\":{\"@id\":\"https:\\\/\\\/www.bazarbonino.com\\\/store\\\/prodotto\\\/jgi267-pallina-sil-x-imlposion-67-mm-trasparente\\\/#primaryimage\"},\"thumbnailUrl\":\"https:\\\/\\\/www.bazarbonino.com\\\/store\\\/wp-content\\\/uploads\\\/2013\\\/01\\\/sil-x_implosion_67mm_all.jpg\",\"datePublished\":\"2013-01-01T22:33:25+00:00\",\"dateModified\":\"2025-09-22T10:34:49+00:00\",\"breadcrumb\":{\"@id\":\"https:\\\/\\\/www.bazarbonino.com\\\/store\\\/prodotto\\\/jgi267-pallina-sil-x-imlposion-67-mm-trasparente\\\/#breadcrumb\"},\"inLanguage\":\"it-IT\",\"potentialAction\":[{\"@type\":\"ReadAction\",\"target\":[\"https:\\\/\\\/www.bazarbonino.com\\\/store\\\/prodotto\\\/jgi267-pallina-sil-x-imlposion-67-mm-trasparente\\\/\"]}]},{\"@type\":\"ImageObject\",\"inLanguage\":\"it-IT\",\"@id\":\"https:\\\/\\\/www.bazarbonino.com\\\/store\\\/prodotto\\\/jgi267-pallina-sil-x-imlposion-67-mm-trasparente\\\/#primaryimage\",\"url\":\"https:\\\/\\\/www.bazarbonino.com\\\/store\\\/wp-content\\\/uploads\\\/2013\\\/01\\\/sil-x_implosion_67mm_all.jpg\",\"contentUrl\":\"https:\\\/\\\/www.bazarbonino.com\\\/store\\\/wp-content\\\/uploads\\\/2013\\\/01\\\/sil-x_implosion_67mm_all.jpg\",\"width\":800,\"height\":686,\"caption\":\"JG0267i - PALLINA SIL-X IMLPOSION 67 MM TRASPARENTE\"},{\"@type\":\"BreadcrumbList\",\"@id\":\"https:\\\/\\\/www.bazarbonino.com\\\/store\\\/prodotto\\\/jgi267-pallina-sil-x-imlposion-67-mm-trasparente\\\/#breadcrumb\",\"itemListElement\":[{\"@type\":\"ListItem\",\"position\":1,\"name\":\"Home\",\"item\":\"https:\\\/\\\/www.bazarbonino.com\\\/store\\\/\"},{\"@type\":\"ListItem\",\"position\":2,\"name\":\"Catalogo\",\"item\":\"https:\\\/\\\/www.bazarbonino.com\\\/store\\\/shop\\\/\"},{\"@type\":\"ListItem\",\"position\":3,\"name\":\"JG0267i &#8211; PALLINA SIL-X IMLPOSION 67 MM TRASPARENTE\"}]},{\"@type\":\"WebSite\",\"@id\":\"https:\\\/\\\/www.bazarbonino.com\\\/store\\\/#website\",\"url\":\"https:\\\/\\\/www.bazarbonino.com\\\/store\\\/\",\"name\":\"BazarBonino\",\"description\":\"\",\"potentialAction\":[{\"@type\":\"SearchAction\",\"target\":{\"@type\":\"EntryPoint\",\"urlTemplate\":\"https:\\\/\\\/www.bazarbonino.com\\\/store\\\/?s={search_term_string}\"},\"query-input\":{\"@type\":\"PropertyValueSpecification\",\"valueRequired\":true,\"valueName\":\"search_term_string\"}}],\"inLanguage\":\"it-IT\"}]}<\/script>\n<!-- \/ Yoast SEO plugin. -->","yoast_head_json":{"title":"JG0267i - PALLINA SIL-X IMLPOSION 67 MM TRASPARENTE - BazarBonino","robots":{"index":"index","follow":"follow","max-snippet":"max-snippet:-1","max-image-preview":"max-image-preview:large","max-video-preview":"max-video-preview:-1"},"canonical":"https:\/\/www.bazarbonino.com\/store\/prodotto\/jgi267-pallina-sil-x-imlposion-67-mm-trasparente\/","og_locale":"it_IT","og_type":"article","og_title":"JG0267i - PALLINA SIL-X IMLPOSION 67 MM TRASPARENTE - BazarBonino","og_description":"67 mm\/110 gr &#8211; nuovo diametro per un pi\u00f9 facile giocolare avendo le dimensioni di una pallina standard: \u00e8 straordinaria, ad oggi indubbiamente la pi\u00f9 avanzata sul mercato, \u00e8 una morbida stage in PVC trasparente, riempita per un terzo del volume interno con uno speciale SILICONE LIQUIDO COLORATO, il baricentro \u00e8 basso perci\u00f2 la palla [&hellip;]","og_url":"https:\/\/www.bazarbonino.com\/store\/prodotto\/jgi267-pallina-sil-x-imlposion-67-mm-trasparente\/","og_site_name":"BazarBonino","article_publisher":"https:\/\/www.facebook.com\/bazar.bonino","article_modified_time":"2025-09-22T10:34:49+00:00","og_image":[{"width":800,"height":686,"url":"https:\/\/www.bazarbonino.com\/store\/wp-content\/uploads\/2013\/01\/sil-x_implosion_67mm_all.jpg","type":"image\/jpeg"}],"twitter_card":"summary_large_image","twitter_misc":{"Tempo di lettura stimato":"1 minuto"},"schema":{"@context":"https:\/\/schema.org","@graph":[{"@type":"WebPage","@id":"https:\/\/www.bazarbonino.com\/store\/prodotto\/jgi267-pallina-sil-x-imlposion-67-mm-trasparente\/","url":"https:\/\/www.bazarbonino.com\/store\/prodotto\/jgi267-pallina-sil-x-imlposion-67-mm-trasparente\/","name":"JG0267i - PALLINA SIL-X IMLPOSION 67 MM TRASPARENTE - BazarBonino","isPartOf":{"@id":"https:\/\/www.bazarbonino.com\/store\/#website"},"primaryImageOfPage":{"@id":"https:\/\/www.bazarbonino.com\/store\/prodotto\/jgi267-pallina-sil-x-imlposion-67-mm-trasparente\/#primaryimage"},"image":{"@id":"https:\/\/www.bazarbonino.com\/store\/prodotto\/jgi267-pallina-sil-x-imlposion-67-mm-trasparente\/#primaryimage"},"thumbnailUrl":"https:\/\/www.bazarbonino.com\/store\/wp-content\/uploads\/2013\/01\/sil-x_implosion_67mm_all.jpg","datePublished":"2013-01-01T22:33:25+00:00","dateModified":"2025-09-22T10:34:49+00:00","breadcrumb":{"@id":"https:\/\/www.bazarbonino.com\/store\/prodotto\/jgi267-pallina-sil-x-imlposion-67-mm-trasparente\/#breadcrumb"},"inLanguage":"it-IT","potentialAction":[{"@type":"ReadAction","target":["https:\/\/www.bazarbonino.com\/store\/prodotto\/jgi267-pallina-sil-x-imlposion-67-mm-trasparente\/"]}]},{"@type":"ImageObject","inLanguage":"it-IT","@id":"https:\/\/www.bazarbonino.com\/store\/prodotto\/jgi267-pallina-sil-x-imlposion-67-mm-trasparente\/#primaryimage","url":"https:\/\/www.bazarbonino.com\/store\/wp-content\/uploads\/2013\/01\/sil-x_implosion_67mm_all.jpg","contentUrl":"https:\/\/www.bazarbonino.com\/store\/wp-content\/uploads\/2013\/01\/sil-x_implosion_67mm_all.jpg","width":800,"height":686,"caption":"JG0267i - PALLINA SIL-X IMLPOSION 67 MM TRASPARENTE"},{"@type":"BreadcrumbList","@id":"https:\/\/www.bazarbonino.com\/store\/prodotto\/jgi267-pallina-sil-x-imlposion-67-mm-trasparente\/#breadcrumb","itemListElement":[{"@type":"ListItem","position":1,"name":"Home","item":"https:\/\/www.bazarbonino.com\/store\/"},{"@type":"ListItem","position":2,"name":"Catalogo","item":"https:\/\/www.bazarbonino.com\/store\/shop\/"},{"@type":"ListItem","position":3,"name":"JG0267i &#8211; PALLINA SIL-X IMLPOSION 67 MM TRASPARENTE"}]},{"@type":"WebSite","@id":"https:\/\/www.bazarbonino.com\/store\/#website","url":"https:\/\/www.bazarbonino.com\/store\/","name":"BazarBonino","description":"","potentialAction":[{"@type":"SearchAction","target":{"@type":"EntryPoint","urlTemplate":"https:\/\/www.bazarbonino.com\/store\/?s={search_term_string}"},"query-input":{"@type":"PropertyValueSpecification","valueRequired":true,"valueName":"search_term_string"}}],"inLanguage":"it-IT"}]}},"_links":{"self":[{"href":"https:\/\/www.bazarbonino.com\/store\/wp-json\/wp\/v2\/product\/1668","targetHints":{"allow":["GET"]}}],"collection":[{"href":"https:\/\/www.bazarbonino.com\/store\/wp-json\/wp\/v2\/product"}],"about":[{"href":"https:\/\/www.bazarbonino.com\/store\/wp-json\/wp\/v2\/types\/product"}],"replies":[{"embeddable":true,"href":"https:\/\/www.bazarbonino.com\/store\/wp-json\/wp\/v2\/comments?post=1668"}],"wp:featuredmedia":[{"embeddable":true,"href":"https:\/\/www.bazarbonino.com\/store\/wp-json\/wp\/v2\/media\/2694"}],"wp:attachment":[{"href":"https:\/\/www.bazarbonino.com\/store\/wp-json\/wp\/v2\/media?parent=1668"}],"wp:term":[{"taxonomy":"product_brand","embeddable":true,"href":"https:\/\/www.bazarbonino.com\/store\/wp-json\/wp\/v2\/product_brand?post=1668"},{"taxonomy":"product_cat","embeddable":true,"href":"https:\/\/www.bazarbonino.com\/store\/wp-json\/wp\/v2\/product_cat?post=1668"},{"taxonomy":"product_tag","embeddable":true,"href":"https:\/\/www.bazarbonino.com\/store\/wp-json\/wp\/v2\/product_tag?post=1668"}],"curies":[{"name":"wp","href":"https:\/\/api.w.org\/{rel}","templated":true}]}}