{"id":16109,"date":"2020-09-17T18:09:37","date_gmt":"2020-09-17T16:09:37","guid":{"rendered":"https:\/\/www.bazarbonino.com\/store\/?post_type=product&#038;p=16109"},"modified":"2025-03-06T07:07:50","modified_gmt":"2025-03-06T06:07:50","slug":"jg2286g-bolas-contact-poi-glow-giga-100-mm-set-di-2","status":"publish","type":"product","link":"https:\/\/www.bazarbonino.com\/store\/prodotto\/jg2286g-bolas-contact-poi-glow-giga-100-mm-set-di-2\/","title":{"rendered":"JG2286G &#8211; Bolas Contact Poi GLOW Giga 100 mm Set di 2"},"content":{"rendered":"<p class=\"articoli\">Bolas Contact Poi GLOW Giga 100 mm Set di 2 La coppia di CONTACT POI \u00e8 realizzata con palline STAGE Play Fosforescente da 100 mm di diametro e 200 gr di peso caduna. La versione PRO monta i pomelli in silicone da 40 mm di diametro PKS, perfetti contrappesi nei lanci. In questa versione Fosforescente si caricano sotto una luce forte diventando ben visibili al buio totale per qualche minuto.<\/p>\n<p>Le CONTACT POI rappresentano l&#8217;ultima frontiera del poi swinging, risultando particolarmente indicate per isolazioni, lanci e passaggi sul corpo. Il pomello in SILICONE della versione PRO ha un grip eccezionale e date le dimensioni (40mm di diametro) \u00e8 un eccellente contrappeso nei lanci. La corda \u00e8 di 6mm di diametro e 55 cm di lunghezza. Per regolare la lunghezza a proprio piacimento \u00e8 sufficiente sfilarla dal pomello, fare un nodo semplice alla lunghezza desiderata e tagliare l&#8217;eccedenza.<\/p>\n","protected":false},"excerpt":{"rendered":"<p>ESAURITO IN RIORDINE<\/p>\n","protected":false},"featured_media":16111,"comment_status":"closed","ping_status":"closed","template":"","meta":{"_et_pb_use_builder":"","_et_pb_old_content":"","_et_gb_content_width":""},"product_brand":[],"product_cat":[26],"product_tag":[260,2127,257,258,256,261,259],"class_list":{"0":"post-16109","1":"product","2":"type-product","3":"status-publish","4":"has-post-thumbnail","6":"product_cat-poi-kiwido","7":"product_tag-attrezzi-per-swinging-di-giocoleria","8":"product_tag-bazar-bonino-torino","9":"product_tag-bolas","10":"product_tag-catene","11":"product_tag-kiwido","12":"product_tag-negozio-on-line-articoli-giocoleria","13":"product_tag-tribal-poi","15":"first","16":"outofstock","17":"taxable","18":"shipping-taxable","19":"purchasable","20":"product-type-simple"},"yoast_head":"<!-- This site is optimized with the Yoast SEO plugin v27.4 - https:\/\/yoast.com\/product\/yoast-seo-wordpress\/ -->\n<title>JG2286G - Bolas Contact Poi GLOW Giga 100 mm Set di 2 - BazarBonino<\/title>\n<meta name=\"description\" content=\"Bolas Contact Poi GLOW Giga 100 mm Set di 2 La coppia di CONTACT \u00e8 realizzata con palline STAGE Play da 100mm di diametro e 200gr di peso.\" \/>\n<meta name=\"robots\" content=\"index, follow, max-snippet:-1, max-image-preview:large, max-video-preview:-1\" \/>\n<link rel=\"canonical\" href=\"https:\/\/www.bazarbonino.com\/store\/prodotto\/jg2286g-bolas-contact-poi-glow-giga-100-mm-set-di-2\/\" \/>\n<meta property=\"og:locale\" content=\"it_IT\" \/>\n<meta property=\"og:type\" content=\"article\" \/>\n<meta property=\"og:title\" content=\"JG2286G - Bolas Contact Poi GLOW Giga 100 mm Set di 2 - BazarBonino\" \/>\n<meta property=\"og:description\" content=\"Bolas Contact Poi GLOW Giga 100 mm Set di 2 La coppia di CONTACT \u00e8 realizzata con palline STAGE Play da 100mm di diametro e 200gr di peso.\" \/>\n<meta property=\"og:url\" content=\"https:\/\/www.bazarbonino.com\/store\/prodotto\/jg2286g-bolas-contact-poi-glow-giga-100-mm-set-di-2\/\" \/>\n<meta property=\"og:site_name\" content=\"BazarBonino\" \/>\n<meta property=\"article:publisher\" content=\"https:\/\/www.facebook.com\/bazar.bonino\" \/>\n<meta property=\"article:modified_time\" content=\"2025-03-06T06:07:50+00:00\" \/>\n<meta property=\"og:image\" content=\"https:\/\/www.bazarbonino.com\/store\/wp-content\/uploads\/2020\/09\/JG2286G-Bolas-Contact-Poi-GLOW-Giga-100-mm-Set-di-2.jpg\" \/>\n\t<meta property=\"og:image:width\" content=\"800\" \/>\n\t<meta property=\"og:image:height\" content=\"600\" \/>\n\t<meta property=\"og:image:type\" content=\"image\/jpeg\" \/>\n<meta name=\"twitter:card\" content=\"summary_large_image\" \/>\n<meta name=\"twitter:label1\" content=\"Tempo di lettura stimato\" \/>\n\t<meta name=\"twitter:data1\" content=\"1 minuto\" \/>\n<script type=\"application\/ld+json\" class=\"yoast-schema-graph\">{\"@context\":\"https:\\\/\\\/schema.org\",\"@graph\":[{\"@type\":\"WebPage\",\"@id\":\"https:\\\/\\\/www.bazarbonino.com\\\/store\\\/prodotto\\\/jg2286g-bolas-contact-poi-glow-giga-100-mm-set-di-2\\\/\",\"url\":\"https:\\\/\\\/www.bazarbonino.com\\\/store\\\/prodotto\\\/jg2286g-bolas-contact-poi-glow-giga-100-mm-set-di-2\\\/\",\"name\":\"JG2286G - Bolas Contact Poi GLOW Giga 100 mm Set di 2 - BazarBonino\",\"isPartOf\":{\"@id\":\"https:\\\/\\\/www.bazarbonino.com\\\/store\\\/#website\"},\"primaryImageOfPage\":{\"@id\":\"https:\\\/\\\/www.bazarbonino.com\\\/store\\\/prodotto\\\/jg2286g-bolas-contact-poi-glow-giga-100-mm-set-di-2\\\/#primaryimage\"},\"image\":{\"@id\":\"https:\\\/\\\/www.bazarbonino.com\\\/store\\\/prodotto\\\/jg2286g-bolas-contact-poi-glow-giga-100-mm-set-di-2\\\/#primaryimage\"},\"thumbnailUrl\":\"https:\\\/\\\/www.bazarbonino.com\\\/store\\\/wp-content\\\/uploads\\\/2020\\\/09\\\/JG2286G-Bolas-Contact-Poi-GLOW-Giga-100-mm-Set-di-2.jpg\",\"datePublished\":\"2020-09-17T16:09:37+00:00\",\"dateModified\":\"2025-03-06T06:07:50+00:00\",\"description\":\"Bolas Contact Poi GLOW Giga 100 mm Set di 2 La coppia di CONTACT \u00e8 realizzata con palline STAGE Play da 100mm di diametro e 200gr di peso.\",\"breadcrumb\":{\"@id\":\"https:\\\/\\\/www.bazarbonino.com\\\/store\\\/prodotto\\\/jg2286g-bolas-contact-poi-glow-giga-100-mm-set-di-2\\\/#breadcrumb\"},\"inLanguage\":\"it-IT\",\"potentialAction\":[{\"@type\":\"ReadAction\",\"target\":[\"https:\\\/\\\/www.bazarbonino.com\\\/store\\\/prodotto\\\/jg2286g-bolas-contact-poi-glow-giga-100-mm-set-di-2\\\/\"]}]},{\"@type\":\"ImageObject\",\"inLanguage\":\"it-IT\",\"@id\":\"https:\\\/\\\/www.bazarbonino.com\\\/store\\\/prodotto\\\/jg2286g-bolas-contact-poi-glow-giga-100-mm-set-di-2\\\/#primaryimage\",\"url\":\"https:\\\/\\\/www.bazarbonino.com\\\/store\\\/wp-content\\\/uploads\\\/2020\\\/09\\\/JG2286G-Bolas-Contact-Poi-GLOW-Giga-100-mm-Set-di-2.jpg\",\"contentUrl\":\"https:\\\/\\\/www.bazarbonino.com\\\/store\\\/wp-content\\\/uploads\\\/2020\\\/09\\\/JG2286G-Bolas-Contact-Poi-GLOW-Giga-100-mm-Set-di-2.jpg\",\"width\":800,\"height\":600,\"caption\":\"JG2286G - Bolas Contact Poi GLOW Giga 100 mm Set di 2\"},{\"@type\":\"BreadcrumbList\",\"@id\":\"https:\\\/\\\/www.bazarbonino.com\\\/store\\\/prodotto\\\/jg2286g-bolas-contact-poi-glow-giga-100-mm-set-di-2\\\/#breadcrumb\",\"itemListElement\":[{\"@type\":\"ListItem\",\"position\":1,\"name\":\"Home\",\"item\":\"https:\\\/\\\/www.bazarbonino.com\\\/store\\\/\"},{\"@type\":\"ListItem\",\"position\":2,\"name\":\"Catalogo\",\"item\":\"https:\\\/\\\/www.bazarbonino.com\\\/store\\\/shop\\\/\"},{\"@type\":\"ListItem\",\"position\":3,\"name\":\"JG2286G &#8211; Bolas Contact Poi GLOW Giga 100 mm Set di 2\"}]},{\"@type\":\"WebSite\",\"@id\":\"https:\\\/\\\/www.bazarbonino.com\\\/store\\\/#website\",\"url\":\"https:\\\/\\\/www.bazarbonino.com\\\/store\\\/\",\"name\":\"BazarBonino\",\"description\":\"\",\"potentialAction\":[{\"@type\":\"SearchAction\",\"target\":{\"@type\":\"EntryPoint\",\"urlTemplate\":\"https:\\\/\\\/www.bazarbonino.com\\\/store\\\/?s={search_term_string}\"},\"query-input\":{\"@type\":\"PropertyValueSpecification\",\"valueRequired\":true,\"valueName\":\"search_term_string\"}}],\"inLanguage\":\"it-IT\"}]}<\/script>\n<!-- \/ Yoast SEO plugin. -->","yoast_head_json":{"title":"JG2286G - Bolas Contact Poi GLOW Giga 100 mm Set di 2 - BazarBonino","description":"Bolas Contact Poi GLOW Giga 100 mm Set di 2 La coppia di CONTACT \u00e8 realizzata con palline STAGE Play da 100mm di diametro e 200gr di peso.","robots":{"index":"index","follow":"follow","max-snippet":"max-snippet:-1","max-image-preview":"max-image-preview:large","max-video-preview":"max-video-preview:-1"},"canonical":"https:\/\/www.bazarbonino.com\/store\/prodotto\/jg2286g-bolas-contact-poi-glow-giga-100-mm-set-di-2\/","og_locale":"it_IT","og_type":"article","og_title":"JG2286G - Bolas Contact Poi GLOW Giga 100 mm Set di 2 - BazarBonino","og_description":"Bolas Contact Poi GLOW Giga 100 mm Set di 2 La coppia di CONTACT \u00e8 realizzata con palline STAGE Play da 100mm di diametro e 200gr di peso.","og_url":"https:\/\/www.bazarbonino.com\/store\/prodotto\/jg2286g-bolas-contact-poi-glow-giga-100-mm-set-di-2\/","og_site_name":"BazarBonino","article_publisher":"https:\/\/www.facebook.com\/bazar.bonino","article_modified_time":"2025-03-06T06:07:50+00:00","og_image":[{"width":800,"height":600,"url":"https:\/\/www.bazarbonino.com\/store\/wp-content\/uploads\/2020\/09\/JG2286G-Bolas-Contact-Poi-GLOW-Giga-100-mm-Set-di-2.jpg","type":"image\/jpeg"}],"twitter_card":"summary_large_image","twitter_misc":{"Tempo di lettura stimato":"1 minuto"},"schema":{"@context":"https:\/\/schema.org","@graph":[{"@type":"WebPage","@id":"https:\/\/www.bazarbonino.com\/store\/prodotto\/jg2286g-bolas-contact-poi-glow-giga-100-mm-set-di-2\/","url":"https:\/\/www.bazarbonino.com\/store\/prodotto\/jg2286g-bolas-contact-poi-glow-giga-100-mm-set-di-2\/","name":"JG2286G - Bolas Contact Poi GLOW Giga 100 mm Set di 2 - BazarBonino","isPartOf":{"@id":"https:\/\/www.bazarbonino.com\/store\/#website"},"primaryImageOfPage":{"@id":"https:\/\/www.bazarbonino.com\/store\/prodotto\/jg2286g-bolas-contact-poi-glow-giga-100-mm-set-di-2\/#primaryimage"},"image":{"@id":"https:\/\/www.bazarbonino.com\/store\/prodotto\/jg2286g-bolas-contact-poi-glow-giga-100-mm-set-di-2\/#primaryimage"},"thumbnailUrl":"https:\/\/www.bazarbonino.com\/store\/wp-content\/uploads\/2020\/09\/JG2286G-Bolas-Contact-Poi-GLOW-Giga-100-mm-Set-di-2.jpg","datePublished":"2020-09-17T16:09:37+00:00","dateModified":"2025-03-06T06:07:50+00:00","description":"Bolas Contact Poi GLOW Giga 100 mm Set di 2 La coppia di CONTACT \u00e8 realizzata con palline STAGE Play da 100mm di diametro e 200gr di peso.","breadcrumb":{"@id":"https:\/\/www.bazarbonino.com\/store\/prodotto\/jg2286g-bolas-contact-poi-glow-giga-100-mm-set-di-2\/#breadcrumb"},"inLanguage":"it-IT","potentialAction":[{"@type":"ReadAction","target":["https:\/\/www.bazarbonino.com\/store\/prodotto\/jg2286g-bolas-contact-poi-glow-giga-100-mm-set-di-2\/"]}]},{"@type":"ImageObject","inLanguage":"it-IT","@id":"https:\/\/www.bazarbonino.com\/store\/prodotto\/jg2286g-bolas-contact-poi-glow-giga-100-mm-set-di-2\/#primaryimage","url":"https:\/\/www.bazarbonino.com\/store\/wp-content\/uploads\/2020\/09\/JG2286G-Bolas-Contact-Poi-GLOW-Giga-100-mm-Set-di-2.jpg","contentUrl":"https:\/\/www.bazarbonino.com\/store\/wp-content\/uploads\/2020\/09\/JG2286G-Bolas-Contact-Poi-GLOW-Giga-100-mm-Set-di-2.jpg","width":800,"height":600,"caption":"JG2286G - Bolas Contact Poi GLOW Giga 100 mm Set di 2"},{"@type":"BreadcrumbList","@id":"https:\/\/www.bazarbonino.com\/store\/prodotto\/jg2286g-bolas-contact-poi-glow-giga-100-mm-set-di-2\/#breadcrumb","itemListElement":[{"@type":"ListItem","position":1,"name":"Home","item":"https:\/\/www.bazarbonino.com\/store\/"},{"@type":"ListItem","position":2,"name":"Catalogo","item":"https:\/\/www.bazarbonino.com\/store\/shop\/"},{"@type":"ListItem","position":3,"name":"JG2286G &#8211; Bolas Contact Poi GLOW Giga 100 mm Set di 2"}]},{"@type":"WebSite","@id":"https:\/\/www.bazarbonino.com\/store\/#website","url":"https:\/\/www.bazarbonino.com\/store\/","name":"BazarBonino","description":"","potentialAction":[{"@type":"SearchAction","target":{"@type":"EntryPoint","urlTemplate":"https:\/\/www.bazarbonino.com\/store\/?s={search_term_string}"},"query-input":{"@type":"PropertyValueSpecification","valueRequired":true,"valueName":"search_term_string"}}],"inLanguage":"it-IT"}]}},"_links":{"self":[{"href":"https:\/\/www.bazarbonino.com\/store\/wp-json\/wp\/v2\/product\/16109","targetHints":{"allow":["GET"]}}],"collection":[{"href":"https:\/\/www.bazarbonino.com\/store\/wp-json\/wp\/v2\/product"}],"about":[{"href":"https:\/\/www.bazarbonino.com\/store\/wp-json\/wp\/v2\/types\/product"}],"replies":[{"embeddable":true,"href":"https:\/\/www.bazarbonino.com\/store\/wp-json\/wp\/v2\/comments?post=16109"}],"wp:featuredmedia":[{"embeddable":true,"href":"https:\/\/www.bazarbonino.com\/store\/wp-json\/wp\/v2\/media\/16111"}],"wp:attachment":[{"href":"https:\/\/www.bazarbonino.com\/store\/wp-json\/wp\/v2\/media?parent=16109"}],"wp:term":[{"taxonomy":"product_brand","embeddable":true,"href":"https:\/\/www.bazarbonino.com\/store\/wp-json\/wp\/v2\/product_brand?post=16109"},{"taxonomy":"product_cat","embeddable":true,"href":"https:\/\/www.bazarbonino.com\/store\/wp-json\/wp\/v2\/product_cat?post=16109"},{"taxonomy":"product_tag","embeddable":true,"href":"https:\/\/www.bazarbonino.com\/store\/wp-json\/wp\/v2\/product_tag?post=16109"}],"curies":[{"name":"wp","href":"https:\/\/api.w.org\/{rel}","templated":true}]}}