{"id":16091,"date":"2020-09-16T13:33:32","date_gmt":"2020-09-16T11:33:32","guid":{"rendered":"https:\/\/www.bazarbonino.com\/store\/?post_type=product&#038;p=16091"},"modified":"2022-05-06T17:22:18","modified_gmt":"2022-05-06T15:22:18","slug":"hh0010-hula-hoop-perfect-o16-x-85-cm","status":"publish","type":"product","link":"https:\/\/www.bazarbonino.com\/store\/prodotto\/hh0010-hula-hoop-perfect-o16-x-85-cm\/","title":{"rendered":"HH0010 &#8211; Hula Hoop Perfect \u00d816 x 85 cm"},"content":{"rendered":"<p>Hula Hoop Perfect \u00d816 x 85 cm. e 225 gr. di peso \u00e8 nato dalla collaborazione dell&#8217;azienda Italiana Play con alcune tra le migliori hoopers del mondo. Semplice da trasportare perch\u00e9 richiudibile su se stesso in pochi secondi grazie ad un pulsante laterale e a un giunto in alluminio ricurvo che garantiscono robustezza e una perfetta forma circolare.<\/p>\n<p>Tubo in HDPE con diametro da 16mm. Pulsante a molla in acciaio INOX. Giunto ricurvo in alluminio.<\/p>\n<p>DESCRIZIONE:<\/p>\n<p>&#8211; Il tubo in HDPE, dotato di un&#8217;eccellente memoria elastica, ha un&#8217;ottima risposta agli impulsi e anche se ripiegato su se stesso per lunghi periodi \u00e8 facilmente ri-modellabile. Spesso \u00e8 sufficiente &#8220;hoopare&#8221; qualche minuto per rendere il vostro hoop perfettamente rotondo dopo averlo maltrattato durante i vostri viaggi avventurosi!<\/p>\n<p>&#8211; Il pulsante a molla in acciaio INOX \u00e8 specificamente progettato per i nostri hoops in modo tale da non sporgere dal profilo del tubo. La sua particolare forma a &#8220;baffo&#8221; facilita la manovra di sgancio in quanto lavora sempre in modo perpendicolare rispetto a foro di fissaggio. Il giunto ricurvo in alluminio \u00e8 leggero e robusto e segue perfettamente la curvatura dei PERFECT HOOPS per garantirne la rotondit\u00e0.<\/p>\n<p>Ottimo per uno stile di hooping senza cambio di direzione, isolation, drills, numeri a pi\u00f9 hula hoop, risponde meno velocemente agli impulsi perch\u00e9 pi\u00f9 flessibile del 20mm, non viene consigliato alle principianti perch\u00e9 \u00e8 leggero ma \u00e8 anche il pi\u00f9 amato dai professionisti specie questo modello veloce dal diametro minore, per scegliere il diametro del tuo hula hoop considera che: pi\u00f9 grande significa pi\u00f9 facile perch\u00e8 impiegando pi\u00f9 tempo per roteare, ti permette di imparare a muoverti e ad eseguire i numeri.<\/p>\n<p>Disponibile nudo (NAKED) in colore BIANCO.<\/p>\n<p>&nbsp;<\/p>\n","protected":false},"excerpt":{"rendered":"<p>Hula Hoop Perfect \u00d816 x 85 cm. e 225 gr. di peso \u00e8 nato dalla collaborazione dell&#8217;azienda Italiana Play con alcune tra le migliori hoopers del mondo. Semplice da trasportare perch\u00e9 richiudibile su se stesso in pochi secondi grazie ad un pulsante laterale e a un giunto in alluminio ricurvo che garantiscono robustezza e una [&hellip;]<\/p>\n","protected":false},"featured_media":16092,"comment_status":"closed","ping_status":"closed","template":"","meta":{"_et_pb_use_builder":"","_et_pb_old_content":"","_et_gb_content_width":""},"product_brand":[],"product_cat":[2143],"product_tag":[2158,2145,2144],"class_list":{"0":"post-16091","1":"product","2":"type-product","3":"status-publish","4":"has-post-thumbnail","6":"product_cat-hula-hoops","7":"product_tag-hula-hoop-pieghevole","8":"product_tag-hula-hoop-play","9":"product_tag-hula-hoop-richiudibile","11":"first","12":"instock","13":"taxable","14":"shipping-taxable","15":"purchasable","16":"product-type-simple"},"yoast_head":"<!-- This site is optimized with the Yoast SEO plugin v27.4 - https:\/\/yoast.com\/product\/yoast-seo-wordpress\/ -->\n<title>HH0010 - Hula Hoop Perfect \u00d816 x 85 cm - BazarBonino<\/title>\n<meta name=\"description\" content=\"Hula Hoop Perfect \u00d816 x 85 cm. e 225 gr. di peso \u00e8 nato dalla collaborazione con alcune tra le migliori hoopers del mondo!\" \/>\n<meta name=\"robots\" content=\"index, follow, max-snippet:-1, max-image-preview:large, max-video-preview:-1\" \/>\n<link rel=\"canonical\" href=\"https:\/\/www.bazarbonino.com\/store\/prodotto\/hh0010-hula-hoop-perfect-o16-x-85-cm\/\" \/>\n<meta property=\"og:locale\" content=\"it_IT\" \/>\n<meta property=\"og:type\" content=\"article\" \/>\n<meta property=\"og:title\" content=\"HH0010 - Hula Hoop Perfect \u00d816 x 85 cm - BazarBonino\" \/>\n<meta property=\"og:description\" content=\"Hula Hoop Perfect \u00d816 x 85 cm. e 225 gr. di peso \u00e8 nato dalla collaborazione con alcune tra le migliori hoopers del mondo!\" \/>\n<meta property=\"og:url\" content=\"https:\/\/www.bazarbonino.com\/store\/prodotto\/hh0010-hula-hoop-perfect-o16-x-85-cm\/\" \/>\n<meta property=\"og:site_name\" content=\"BazarBonino\" \/>\n<meta property=\"article:publisher\" content=\"https:\/\/www.facebook.com\/bazar.bonino\" \/>\n<meta property=\"article:modified_time\" content=\"2022-05-06T15:22:18+00:00\" \/>\n<meta property=\"og:image\" content=\"https:\/\/www.bazarbonino.com\/store\/wp-content\/uploads\/2020\/09\/HH0010-Hula-Hoop-Perfect-O16-x-85-cm.jpeg\" \/>\n\t<meta property=\"og:image:width\" content=\"1000\" \/>\n\t<meta property=\"og:image:height\" content=\"1000\" \/>\n\t<meta property=\"og:image:type\" content=\"image\/jpeg\" \/>\n<meta name=\"twitter:card\" content=\"summary_large_image\" \/>\n<meta name=\"twitter:label1\" content=\"Tempo di lettura stimato\" \/>\n\t<meta name=\"twitter:data1\" content=\"1 minuto\" \/>\n<script type=\"application\/ld+json\" class=\"yoast-schema-graph\">{\"@context\":\"https:\\\/\\\/schema.org\",\"@graph\":[{\"@type\":\"WebPage\",\"@id\":\"https:\\\/\\\/www.bazarbonino.com\\\/store\\\/prodotto\\\/hh0010-hula-hoop-perfect-o16-x-85-cm\\\/\",\"url\":\"https:\\\/\\\/www.bazarbonino.com\\\/store\\\/prodotto\\\/hh0010-hula-hoop-perfect-o16-x-85-cm\\\/\",\"name\":\"HH0010 - Hula Hoop Perfect \u00d816 x 85 cm - BazarBonino\",\"isPartOf\":{\"@id\":\"https:\\\/\\\/www.bazarbonino.com\\\/store\\\/#website\"},\"primaryImageOfPage\":{\"@id\":\"https:\\\/\\\/www.bazarbonino.com\\\/store\\\/prodotto\\\/hh0010-hula-hoop-perfect-o16-x-85-cm\\\/#primaryimage\"},\"image\":{\"@id\":\"https:\\\/\\\/www.bazarbonino.com\\\/store\\\/prodotto\\\/hh0010-hula-hoop-perfect-o16-x-85-cm\\\/#primaryimage\"},\"thumbnailUrl\":\"https:\\\/\\\/www.bazarbonino.com\\\/store\\\/wp-content\\\/uploads\\\/2020\\\/09\\\/HH0010-Hula-Hoop-Perfect-O16-x-85-cm.jpeg\",\"datePublished\":\"2020-09-16T11:33:32+00:00\",\"dateModified\":\"2022-05-06T15:22:18+00:00\",\"description\":\"Hula Hoop Perfect \u00d816 x 85 cm. e 225 gr. di peso \u00e8 nato dalla collaborazione con alcune tra le migliori hoopers del mondo!\",\"breadcrumb\":{\"@id\":\"https:\\\/\\\/www.bazarbonino.com\\\/store\\\/prodotto\\\/hh0010-hula-hoop-perfect-o16-x-85-cm\\\/#breadcrumb\"},\"inLanguage\":\"it-IT\",\"potentialAction\":[{\"@type\":\"ReadAction\",\"target\":[\"https:\\\/\\\/www.bazarbonino.com\\\/store\\\/prodotto\\\/hh0010-hula-hoop-perfect-o16-x-85-cm\\\/\"]}]},{\"@type\":\"ImageObject\",\"inLanguage\":\"it-IT\",\"@id\":\"https:\\\/\\\/www.bazarbonino.com\\\/store\\\/prodotto\\\/hh0010-hula-hoop-perfect-o16-x-85-cm\\\/#primaryimage\",\"url\":\"https:\\\/\\\/www.bazarbonino.com\\\/store\\\/wp-content\\\/uploads\\\/2020\\\/09\\\/HH0010-Hula-Hoop-Perfect-O16-x-85-cm.jpeg\",\"contentUrl\":\"https:\\\/\\\/www.bazarbonino.com\\\/store\\\/wp-content\\\/uploads\\\/2020\\\/09\\\/HH0010-Hula-Hoop-Perfect-O16-x-85-cm.jpeg\",\"width\":1000,\"height\":1000,\"caption\":\"HH0010 - Hula Hoop Perfect \u00d816 x 85 cm\"},{\"@type\":\"BreadcrumbList\",\"@id\":\"https:\\\/\\\/www.bazarbonino.com\\\/store\\\/prodotto\\\/hh0010-hula-hoop-perfect-o16-x-85-cm\\\/#breadcrumb\",\"itemListElement\":[{\"@type\":\"ListItem\",\"position\":1,\"name\":\"Home\",\"item\":\"https:\\\/\\\/www.bazarbonino.com\\\/store\\\/\"},{\"@type\":\"ListItem\",\"position\":2,\"name\":\"Catalogo\",\"item\":\"https:\\\/\\\/www.bazarbonino.com\\\/store\\\/shop\\\/\"},{\"@type\":\"ListItem\",\"position\":3,\"name\":\"HH0010 &#8211; Hula Hoop Perfect \u00d816 x 85 cm\"}]},{\"@type\":\"WebSite\",\"@id\":\"https:\\\/\\\/www.bazarbonino.com\\\/store\\\/#website\",\"url\":\"https:\\\/\\\/www.bazarbonino.com\\\/store\\\/\",\"name\":\"BazarBonino\",\"description\":\"\",\"potentialAction\":[{\"@type\":\"SearchAction\",\"target\":{\"@type\":\"EntryPoint\",\"urlTemplate\":\"https:\\\/\\\/www.bazarbonino.com\\\/store\\\/?s={search_term_string}\"},\"query-input\":{\"@type\":\"PropertyValueSpecification\",\"valueRequired\":true,\"valueName\":\"search_term_string\"}}],\"inLanguage\":\"it-IT\"}]}<\/script>\n<!-- \/ Yoast SEO plugin. -->","yoast_head_json":{"title":"HH0010 - Hula Hoop Perfect \u00d816 x 85 cm - BazarBonino","description":"Hula Hoop Perfect \u00d816 x 85 cm. e 225 gr. di peso \u00e8 nato dalla collaborazione con alcune tra le migliori hoopers del mondo!","robots":{"index":"index","follow":"follow","max-snippet":"max-snippet:-1","max-image-preview":"max-image-preview:large","max-video-preview":"max-video-preview:-1"},"canonical":"https:\/\/www.bazarbonino.com\/store\/prodotto\/hh0010-hula-hoop-perfect-o16-x-85-cm\/","og_locale":"it_IT","og_type":"article","og_title":"HH0010 - Hula Hoop Perfect \u00d816 x 85 cm - BazarBonino","og_description":"Hula Hoop Perfect \u00d816 x 85 cm. e 225 gr. di peso \u00e8 nato dalla collaborazione con alcune tra le migliori hoopers del mondo!","og_url":"https:\/\/www.bazarbonino.com\/store\/prodotto\/hh0010-hula-hoop-perfect-o16-x-85-cm\/","og_site_name":"BazarBonino","article_publisher":"https:\/\/www.facebook.com\/bazar.bonino","article_modified_time":"2022-05-06T15:22:18+00:00","og_image":[{"width":1000,"height":1000,"url":"https:\/\/www.bazarbonino.com\/store\/wp-content\/uploads\/2020\/09\/HH0010-Hula-Hoop-Perfect-O16-x-85-cm.jpeg","type":"image\/jpeg"}],"twitter_card":"summary_large_image","twitter_misc":{"Tempo di lettura stimato":"1 minuto"},"schema":{"@context":"https:\/\/schema.org","@graph":[{"@type":"WebPage","@id":"https:\/\/www.bazarbonino.com\/store\/prodotto\/hh0010-hula-hoop-perfect-o16-x-85-cm\/","url":"https:\/\/www.bazarbonino.com\/store\/prodotto\/hh0010-hula-hoop-perfect-o16-x-85-cm\/","name":"HH0010 - Hula Hoop Perfect \u00d816 x 85 cm - BazarBonino","isPartOf":{"@id":"https:\/\/www.bazarbonino.com\/store\/#website"},"primaryImageOfPage":{"@id":"https:\/\/www.bazarbonino.com\/store\/prodotto\/hh0010-hula-hoop-perfect-o16-x-85-cm\/#primaryimage"},"image":{"@id":"https:\/\/www.bazarbonino.com\/store\/prodotto\/hh0010-hula-hoop-perfect-o16-x-85-cm\/#primaryimage"},"thumbnailUrl":"https:\/\/www.bazarbonino.com\/store\/wp-content\/uploads\/2020\/09\/HH0010-Hula-Hoop-Perfect-O16-x-85-cm.jpeg","datePublished":"2020-09-16T11:33:32+00:00","dateModified":"2022-05-06T15:22:18+00:00","description":"Hula Hoop Perfect \u00d816 x 85 cm. e 225 gr. di peso \u00e8 nato dalla collaborazione con alcune tra le migliori hoopers del mondo!","breadcrumb":{"@id":"https:\/\/www.bazarbonino.com\/store\/prodotto\/hh0010-hula-hoop-perfect-o16-x-85-cm\/#breadcrumb"},"inLanguage":"it-IT","potentialAction":[{"@type":"ReadAction","target":["https:\/\/www.bazarbonino.com\/store\/prodotto\/hh0010-hula-hoop-perfect-o16-x-85-cm\/"]}]},{"@type":"ImageObject","inLanguage":"it-IT","@id":"https:\/\/www.bazarbonino.com\/store\/prodotto\/hh0010-hula-hoop-perfect-o16-x-85-cm\/#primaryimage","url":"https:\/\/www.bazarbonino.com\/store\/wp-content\/uploads\/2020\/09\/HH0010-Hula-Hoop-Perfect-O16-x-85-cm.jpeg","contentUrl":"https:\/\/www.bazarbonino.com\/store\/wp-content\/uploads\/2020\/09\/HH0010-Hula-Hoop-Perfect-O16-x-85-cm.jpeg","width":1000,"height":1000,"caption":"HH0010 - Hula Hoop Perfect \u00d816 x 85 cm"},{"@type":"BreadcrumbList","@id":"https:\/\/www.bazarbonino.com\/store\/prodotto\/hh0010-hula-hoop-perfect-o16-x-85-cm\/#breadcrumb","itemListElement":[{"@type":"ListItem","position":1,"name":"Home","item":"https:\/\/www.bazarbonino.com\/store\/"},{"@type":"ListItem","position":2,"name":"Catalogo","item":"https:\/\/www.bazarbonino.com\/store\/shop\/"},{"@type":"ListItem","position":3,"name":"HH0010 &#8211; Hula Hoop Perfect \u00d816 x 85 cm"}]},{"@type":"WebSite","@id":"https:\/\/www.bazarbonino.com\/store\/#website","url":"https:\/\/www.bazarbonino.com\/store\/","name":"BazarBonino","description":"","potentialAction":[{"@type":"SearchAction","target":{"@type":"EntryPoint","urlTemplate":"https:\/\/www.bazarbonino.com\/store\/?s={search_term_string}"},"query-input":{"@type":"PropertyValueSpecification","valueRequired":true,"valueName":"search_term_string"}}],"inLanguage":"it-IT"}]}},"_links":{"self":[{"href":"https:\/\/www.bazarbonino.com\/store\/wp-json\/wp\/v2\/product\/16091","targetHints":{"allow":["GET"]}}],"collection":[{"href":"https:\/\/www.bazarbonino.com\/store\/wp-json\/wp\/v2\/product"}],"about":[{"href":"https:\/\/www.bazarbonino.com\/store\/wp-json\/wp\/v2\/types\/product"}],"replies":[{"embeddable":true,"href":"https:\/\/www.bazarbonino.com\/store\/wp-json\/wp\/v2\/comments?post=16091"}],"wp:featuredmedia":[{"embeddable":true,"href":"https:\/\/www.bazarbonino.com\/store\/wp-json\/wp\/v2\/media\/16092"}],"wp:attachment":[{"href":"https:\/\/www.bazarbonino.com\/store\/wp-json\/wp\/v2\/media?parent=16091"}],"wp:term":[{"taxonomy":"product_brand","embeddable":true,"href":"https:\/\/www.bazarbonino.com\/store\/wp-json\/wp\/v2\/product_brand?post=16091"},{"taxonomy":"product_cat","embeddable":true,"href":"https:\/\/www.bazarbonino.com\/store\/wp-json\/wp\/v2\/product_cat?post=16091"},{"taxonomy":"product_tag","embeddable":true,"href":"https:\/\/www.bazarbonino.com\/store\/wp-json\/wp\/v2\/product_tag?post=16091"}],"curies":[{"name":"wp","href":"https:\/\/api.w.org\/{rel}","templated":true}]}}