{"id":16086,"date":"2020-09-15T12:27:01","date_gmt":"2020-09-15T10:27:01","guid":{"rendered":"https:\/\/www.bazarbonino.com\/store\/?post_type=product&#038;p=16086"},"modified":"2020-09-16T18:35:16","modified_gmt":"2020-09-16T16:35:16","slug":"gerris-universal-hand-stand-platform-vt0040","status":"publish","type":"product","link":"https:\/\/www.bazarbonino.com\/store\/prodotto\/gerris-universal-hand-stand-platform-vt0040\/","title":{"rendered":"Gerris Universal Hand Stand Platform &#8211; VT0040"},"content":{"rendered":"<h5>Gerris Universal Hand Stand Platform<\/h5>\n<p>Gerris Universal Hand Stand Platform \u00e8 una piattaforma concepita con una struttura minimale che le consente di risultare poco visibile e rende l&#8217;esibizione ancora pi\u00f9 stupefacente, sicuramente la pi\u00f9 versatile e con la pi\u00f9 alta qualit\u00e0 acquistabile sul mercato.<\/p>\n<p><span id=\"result_box\" lang=\"it\"><span title=\"The Hand Balance Cane widths can be set to 28 cm, 30cm, 32cm, 34cm, 36cm, 38cm and 40cm (11 inches through 15.75 inches).\">La larghezza tra le due canne (lunghe 55 cm) \u00e8 regolabile tra 28 cm e 40 cm (con scatti di 2 cm)<\/span><span title=\"These shoulder width settings will accommodate most acrobats.\"> e permettono di adattarsi alla larghezza delle spalle della maggior parte degli acrobati.<\/span><\/span> <span class=\"tlid-translation translation\" lang=\"it\">L&#8217;altezza totale dal suolo alla sommit\u00e0 dei blocchi per le mani pu\u00f2 essere impostata tra 58 cm e 91 cm (con scatti di 3 cm) di altezza. L&#8217;altezza regolabile \u00e8 una caratteristica importante, in quanto puoi impostare l&#8217;altezza delle canne in proporzione alla tua altezza. <\/span><\/p>\n<p><span class=\"tlid-translation translation\" lang=\"it\">L&#8217;intera piattaforma pu\u00f2 essere smontata e trasportata nella borsa per il trasporto verticale compartimentata. Il peso totale \u00e8 di 10 chili con una dimensione della borsa di 55 cm x 40 cm. La piattaforma verticale \u00e8 realizzata in alluminio anodizzato con canne in acciaio inossidabile e blocchi per le mani in legno massello di faggio e misurano 13 cm x 10 cm x 3 cm di spessore..<\/span><\/p>\n<p><span class=\"tlid-translation translation\" lang=\"it\">I piedini di livellamento antiscivolo regolabili consentono di livellare il supporto, anche su palchi inclinati e su superfici esterne irregolari. La piattaforma ha una livella a bolla incorporata, quindi in ogni situazione di installazione pu\u00f2 essere facilmente e perfettamente livellata.<\/span><\/p>\n<p><span class=\"tlid-translation translation\" lang=\"it\">Le canne per la verticale (lunghe 55 cm) sono molto pi\u00f9 facili da tenere in equilibrio rispetto a quelle a mano sul pavimento. I blocchi delle mani ti danno un controllo e una presa molto migliori. Riducono anche lo stress sui polsi, poich\u00e9 i blocchi non richiedono la massima flessibilit\u00e0 del polso. Puoi esercitarti pi\u00f9 a lungo con meno affaticamento del corpo, oltre a ridurre le possibilit\u00e0 di lesioni al polso.<br \/>\n<\/span><\/p>\n<p>&nbsp;<\/p>\n<p>&nbsp;<\/p>\n","protected":false},"excerpt":{"rendered":"<p>SU ORDINAZIONE<\/p>\n<p>ATTESA 3 GG. LAVORATIVI<\/p>\n","protected":false},"featured_media":16087,"comment_status":"closed","ping_status":"closed","template":"","meta":{"_et_pb_use_builder":"","_et_pb_old_content":"","_et_gb_content_width":""},"product_brand":[],"product_cat":[2139],"product_tag":[2142],"class_list":{"0":"post-16086","1":"product","2":"type-product","3":"status-publish","4":"has-post-thumbnail","6":"product_cat-verticalismo","7":"product_tag-attrezzi-verticalismo","9":"first","10":"instock","11":"taxable","12":"shipping-taxable","13":"purchasable","14":"product-type-simple"},"yoast_head":"<!-- This site is optimized with the Yoast SEO plugin v27.2 - https:\/\/yoast.com\/product\/yoast-seo-wordpress\/ -->\n<title>Gerris Universal Hand Stand Platform - VT0040 - BazarBonino<\/title>\n<meta name=\"description\" content=\"Gerris Universal Hand Stand Platform \u00e8 una piattaforma con una struttura minimale che le consente di risultare poco visibile sul palco!\" \/>\n<meta name=\"robots\" content=\"index, follow, max-snippet:-1, max-image-preview:large, max-video-preview:-1\" \/>\n<link rel=\"canonical\" href=\"https:\/\/www.bazarbonino.com\/store\/prodotto\/gerris-universal-hand-stand-platform-vt0040\/\" \/>\n<meta property=\"og:locale\" content=\"it_IT\" \/>\n<meta property=\"og:type\" content=\"article\" \/>\n<meta property=\"og:title\" content=\"Gerris Universal Hand Stand Platform - VT0040 - BazarBonino\" \/>\n<meta property=\"og:description\" content=\"Gerris Universal Hand Stand Platform \u00e8 una piattaforma con una struttura minimale che le consente di risultare poco visibile sul palco!\" \/>\n<meta property=\"og:url\" content=\"https:\/\/www.bazarbonino.com\/store\/prodotto\/gerris-universal-hand-stand-platform-vt0040\/\" \/>\n<meta property=\"og:site_name\" content=\"BazarBonino\" \/>\n<meta property=\"article:publisher\" content=\"https:\/\/www.facebook.com\/bazar.bonino\" \/>\n<meta property=\"article:modified_time\" content=\"2020-09-16T16:35:16+00:00\" \/>\n<meta property=\"og:image\" content=\"https:\/\/www.bazarbonino.com\/store\/wp-content\/uploads\/2020\/09\/Gerris-Universal-Hand-Stand-Platform-VT0040.jpg\" \/>\n\t<meta property=\"og:image:width\" content=\"800\" \/>\n\t<meta property=\"og:image:height\" content=\"600\" \/>\n\t<meta property=\"og:image:type\" content=\"image\/jpeg\" \/>\n<meta name=\"twitter:card\" content=\"summary_large_image\" \/>\n<meta name=\"twitter:label1\" content=\"Tempo di lettura stimato\" \/>\n\t<meta name=\"twitter:data1\" content=\"1 minuto\" \/>\n<script type=\"application\/ld+json\" class=\"yoast-schema-graph\">{\"@context\":\"https:\/\/schema.org\",\"@graph\":[{\"@type\":\"WebPage\",\"@id\":\"https:\/\/www.bazarbonino.com\/store\/prodotto\/gerris-universal-hand-stand-platform-vt0040\/\",\"url\":\"https:\/\/www.bazarbonino.com\/store\/prodotto\/gerris-universal-hand-stand-platform-vt0040\/\",\"name\":\"Gerris Universal Hand Stand Platform - VT0040 - BazarBonino\",\"isPartOf\":{\"@id\":\"https:\/\/www.bazarbonino.com\/store\/#website\"},\"primaryImageOfPage\":{\"@id\":\"https:\/\/www.bazarbonino.com\/store\/prodotto\/gerris-universal-hand-stand-platform-vt0040\/#primaryimage\"},\"image\":{\"@id\":\"https:\/\/www.bazarbonino.com\/store\/prodotto\/gerris-universal-hand-stand-platform-vt0040\/#primaryimage\"},\"thumbnailUrl\":\"https:\/\/www.bazarbonino.com\/store\/wp-content\/uploads\/2020\/09\/Gerris-Universal-Hand-Stand-Platform-VT0040.jpg\",\"datePublished\":\"2020-09-15T10:27:01+00:00\",\"dateModified\":\"2020-09-16T16:35:16+00:00\",\"description\":\"Gerris Universal Hand Stand Platform \u00e8 una piattaforma con una struttura minimale che le consente di risultare poco visibile sul palco!\",\"breadcrumb\":{\"@id\":\"https:\/\/www.bazarbonino.com\/store\/prodotto\/gerris-universal-hand-stand-platform-vt0040\/#breadcrumb\"},\"inLanguage\":\"it-IT\",\"potentialAction\":[{\"@type\":\"ReadAction\",\"target\":[\"https:\/\/www.bazarbonino.com\/store\/prodotto\/gerris-universal-hand-stand-platform-vt0040\/\"]}]},{\"@type\":\"ImageObject\",\"inLanguage\":\"it-IT\",\"@id\":\"https:\/\/www.bazarbonino.com\/store\/prodotto\/gerris-universal-hand-stand-platform-vt0040\/#primaryimage\",\"url\":\"https:\/\/www.bazarbonino.com\/store\/wp-content\/uploads\/2020\/09\/Gerris-Universal-Hand-Stand-Platform-VT0040.jpg\",\"contentUrl\":\"https:\/\/www.bazarbonino.com\/store\/wp-content\/uploads\/2020\/09\/Gerris-Universal-Hand-Stand-Platform-VT0040.jpg\",\"width\":800,\"height\":600,\"caption\":\"Gerris Universal Hand Stand Platform - VT0040\"},{\"@type\":\"BreadcrumbList\",\"@id\":\"https:\/\/www.bazarbonino.com\/store\/prodotto\/gerris-universal-hand-stand-platform-vt0040\/#breadcrumb\",\"itemListElement\":[{\"@type\":\"ListItem\",\"position\":1,\"name\":\"Home\",\"item\":\"https:\/\/www.bazarbonino.com\/store\/\"},{\"@type\":\"ListItem\",\"position\":2,\"name\":\"Catalogo\",\"item\":\"https:\/\/www.bazarbonino.com\/store\/shop\/\"},{\"@type\":\"ListItem\",\"position\":3,\"name\":\"Gerris Universal Hand Stand Platform &#8211; VT0040\"}]},{\"@type\":\"WebSite\",\"@id\":\"https:\/\/www.bazarbonino.com\/store\/#website\",\"url\":\"https:\/\/www.bazarbonino.com\/store\/\",\"name\":\"BazarBonino\",\"description\":\"\",\"potentialAction\":[{\"@type\":\"SearchAction\",\"target\":{\"@type\":\"EntryPoint\",\"urlTemplate\":\"https:\/\/www.bazarbonino.com\/store\/?s={search_term_string}\"},\"query-input\":{\"@type\":\"PropertyValueSpecification\",\"valueRequired\":true,\"valueName\":\"search_term_string\"}}],\"inLanguage\":\"it-IT\"}]}<\/script>\n<!-- \/ Yoast SEO plugin. -->","yoast_head_json":{"title":"Gerris Universal Hand Stand Platform - VT0040 - BazarBonino","description":"Gerris Universal Hand Stand Platform \u00e8 una piattaforma con una struttura minimale che le consente di risultare poco visibile sul palco!","robots":{"index":"index","follow":"follow","max-snippet":"max-snippet:-1","max-image-preview":"max-image-preview:large","max-video-preview":"max-video-preview:-1"},"canonical":"https:\/\/www.bazarbonino.com\/store\/prodotto\/gerris-universal-hand-stand-platform-vt0040\/","og_locale":"it_IT","og_type":"article","og_title":"Gerris Universal Hand Stand Platform - VT0040 - BazarBonino","og_description":"Gerris Universal Hand Stand Platform \u00e8 una piattaforma con una struttura minimale che le consente di risultare poco visibile sul palco!","og_url":"https:\/\/www.bazarbonino.com\/store\/prodotto\/gerris-universal-hand-stand-platform-vt0040\/","og_site_name":"BazarBonino","article_publisher":"https:\/\/www.facebook.com\/bazar.bonino","article_modified_time":"2020-09-16T16:35:16+00:00","og_image":[{"width":800,"height":600,"url":"https:\/\/www.bazarbonino.com\/store\/wp-content\/uploads\/2020\/09\/Gerris-Universal-Hand-Stand-Platform-VT0040.jpg","type":"image\/jpeg"}],"twitter_card":"summary_large_image","twitter_misc":{"Tempo di lettura stimato":"1 minuto"},"schema":{"@context":"https:\/\/schema.org","@graph":[{"@type":"WebPage","@id":"https:\/\/www.bazarbonino.com\/store\/prodotto\/gerris-universal-hand-stand-platform-vt0040\/","url":"https:\/\/www.bazarbonino.com\/store\/prodotto\/gerris-universal-hand-stand-platform-vt0040\/","name":"Gerris Universal Hand Stand Platform - VT0040 - BazarBonino","isPartOf":{"@id":"https:\/\/www.bazarbonino.com\/store\/#website"},"primaryImageOfPage":{"@id":"https:\/\/www.bazarbonino.com\/store\/prodotto\/gerris-universal-hand-stand-platform-vt0040\/#primaryimage"},"image":{"@id":"https:\/\/www.bazarbonino.com\/store\/prodotto\/gerris-universal-hand-stand-platform-vt0040\/#primaryimage"},"thumbnailUrl":"https:\/\/www.bazarbonino.com\/store\/wp-content\/uploads\/2020\/09\/Gerris-Universal-Hand-Stand-Platform-VT0040.jpg","datePublished":"2020-09-15T10:27:01+00:00","dateModified":"2020-09-16T16:35:16+00:00","description":"Gerris Universal Hand Stand Platform \u00e8 una piattaforma con una struttura minimale che le consente di risultare poco visibile sul palco!","breadcrumb":{"@id":"https:\/\/www.bazarbonino.com\/store\/prodotto\/gerris-universal-hand-stand-platform-vt0040\/#breadcrumb"},"inLanguage":"it-IT","potentialAction":[{"@type":"ReadAction","target":["https:\/\/www.bazarbonino.com\/store\/prodotto\/gerris-universal-hand-stand-platform-vt0040\/"]}]},{"@type":"ImageObject","inLanguage":"it-IT","@id":"https:\/\/www.bazarbonino.com\/store\/prodotto\/gerris-universal-hand-stand-platform-vt0040\/#primaryimage","url":"https:\/\/www.bazarbonino.com\/store\/wp-content\/uploads\/2020\/09\/Gerris-Universal-Hand-Stand-Platform-VT0040.jpg","contentUrl":"https:\/\/www.bazarbonino.com\/store\/wp-content\/uploads\/2020\/09\/Gerris-Universal-Hand-Stand-Platform-VT0040.jpg","width":800,"height":600,"caption":"Gerris Universal Hand Stand Platform - VT0040"},{"@type":"BreadcrumbList","@id":"https:\/\/www.bazarbonino.com\/store\/prodotto\/gerris-universal-hand-stand-platform-vt0040\/#breadcrumb","itemListElement":[{"@type":"ListItem","position":1,"name":"Home","item":"https:\/\/www.bazarbonino.com\/store\/"},{"@type":"ListItem","position":2,"name":"Catalogo","item":"https:\/\/www.bazarbonino.com\/store\/shop\/"},{"@type":"ListItem","position":3,"name":"Gerris Universal Hand Stand Platform &#8211; VT0040"}]},{"@type":"WebSite","@id":"https:\/\/www.bazarbonino.com\/store\/#website","url":"https:\/\/www.bazarbonino.com\/store\/","name":"BazarBonino","description":"","potentialAction":[{"@type":"SearchAction","target":{"@type":"EntryPoint","urlTemplate":"https:\/\/www.bazarbonino.com\/store\/?s={search_term_string}"},"query-input":{"@type":"PropertyValueSpecification","valueRequired":true,"valueName":"search_term_string"}}],"inLanguage":"it-IT"}]}},"_links":{"self":[{"href":"https:\/\/www.bazarbonino.com\/store\/wp-json\/wp\/v2\/product\/16086","targetHints":{"allow":["GET"]}}],"collection":[{"href":"https:\/\/www.bazarbonino.com\/store\/wp-json\/wp\/v2\/product"}],"about":[{"href":"https:\/\/www.bazarbonino.com\/store\/wp-json\/wp\/v2\/types\/product"}],"replies":[{"embeddable":true,"href":"https:\/\/www.bazarbonino.com\/store\/wp-json\/wp\/v2\/comments?post=16086"}],"wp:featuredmedia":[{"embeddable":true,"href":"https:\/\/www.bazarbonino.com\/store\/wp-json\/wp\/v2\/media\/16087"}],"wp:attachment":[{"href":"https:\/\/www.bazarbonino.com\/store\/wp-json\/wp\/v2\/media?parent=16086"}],"wp:term":[{"taxonomy":"product_brand","embeddable":true,"href":"https:\/\/www.bazarbonino.com\/store\/wp-json\/wp\/v2\/product_brand?post=16086"},{"taxonomy":"product_cat","embeddable":true,"href":"https:\/\/www.bazarbonino.com\/store\/wp-json\/wp\/v2\/product_cat?post=16086"},{"taxonomy":"product_tag","embeddable":true,"href":"https:\/\/www.bazarbonino.com\/store\/wp-json\/wp\/v2\/product_tag?post=16086"}],"curies":[{"name":"wp","href":"https:\/\/api.w.org\/{rel}","templated":true}]}}