{"id":16022,"date":"2020-09-11T09:55:58","date_gmt":"2020-09-11T07:55:58","guid":{"rendered":"https:\/\/www.bazarbonino.com\/store\/?post_type=product&#038;p=16022"},"modified":"2026-04-07T10:41:27","modified_gmt":"2026-04-07T08:41:27","slug":"jg1525-diabolo-hurricane-triple-bearing","status":"publish","type":"product","link":"https:\/\/www.bazarbonino.com\/store\/prodotto\/jg1525-diabolo-hurricane-triple-bearing\/","title":{"rendered":"JG1525 &#8211; Diabolo Hurricane Triple Bearing"},"content":{"rendered":"<p>Il Diabolo Hurricane Triple Bearing dal Diametro delle coppe di 126 mm. e peso di 280 gr. monta un asse con 3 cuscinetti a sfera.<\/p>\n<p>Le coppe di grandi dimensioni, realizze in TPE\u00a0 (super resistente), hanno il peso maggiormente distribuito sul bordo esterno il che rende il Diabolo Hurricane maggiormente stabile a tutte le velocit\u00e0. Per tale motivo \u00e8 adatto<span class=\"tlid-translation translation\" lang=\"it\"> a giocatori di tutti i livelli, dal principiante, all&#8217;intermedio ed ai diabolisti avanzati! <\/span><\/p>\n<p><span class=\"tlid-translation translation\" lang=\"it\">L&#8217;asse triple bearing, oltre a far girare l&#8217;Hurricane 20 volte pi\u00f9 a lungo che uno normale ad asse fisso, \u00e8 piuttosto largo e consente dei facili tricks con le dita.<\/span><\/p>\n<p><span class=\"tlid-translation translation\" lang=\"it\">Poich\u00e9 puoi ruotare il diabolo solo in una direzione, alcune persone trovano questo tipo di diabolo pi\u00f9 facile da imparare. \u00c8 anche molto pi\u00f9 facile far girare il diabolo molto velocemente in quanto puoi avvolgere la corda un paio di volte attorno all&#8217;asse senza timore di grovigli.<\/span><\/p>\n<p><span class=\"tlid-translation translation\" lang=\"it\">Grazie alle sue coppe traslucide, il Diabolo Hurricane Triple Bearing ha un bell&#8217;aspetto con un kit LED poich\u00e9 la luce \u00e8 diffusa intorno all&#8217;intero diabolo, ottimo per spettacoli notturni.<\/span><\/p>\n<p>Venduto senza bacchette!<\/p>\n","protected":false},"excerpt":{"rendered":"<p>VEDI NUOVO MODELLO <a href=\"https:\/\/www.bazarbonino.com\/store\/prodotto\/jg1526-diabolo-hurricane-extreme-5-bearing\/\">5 BEARING<\/a><\/p>\n","protected":false},"featured_media":16040,"comment_status":"closed","ping_status":"closed","template":"","meta":{"_et_pb_use_builder":"","_et_pb_old_content":"","_et_gb_content_width":""},"product_brand":[],"product_cat":[16],"product_tag":[239,2154,2153,2133],"class_list":{"0":"post-16022","1":"product","2":"type-product","3":"status-publish","4":"has-post-thumbnail","6":"product_cat-diaboli-vari","7":"product_tag-attrezzi-per-giocoleria-per-principianti-e-professionisti","8":"product_tag-diabolo-con-cuscinetto","9":"product_tag-diabolo-hurricane","10":"product_tag-diabolo-hurricane-triple-bearing","11":"pa_colore-arancio","12":"pa_colore-blu","13":"pa_colore-rosso","14":"pa_colore-verde","15":"pa_colore-viola","17":"first","18":"outofstock","19":"sale","20":"taxable","21":"shipping-taxable","22":"purchasable","23":"product-type-variable"},"yoast_head":"<!-- This site is optimized with the Yoast SEO plugin v27.4 - https:\/\/yoast.com\/product\/yoast-seo-wordpress\/ -->\n<title>JG1525 - Diabolo Hurricane Triple Bearing - BazarBonino<\/title>\n<meta name=\"description\" content=\"Il Diabolo Hurricane Triple Bearing dal Diametro delle coppe di 126 mm. e peso di 280 gr. monta un asse con 3 cuscinetti a sfera.\" \/>\n<meta name=\"robots\" content=\"index, follow, max-snippet:-1, max-image-preview:large, max-video-preview:-1\" \/>\n<link rel=\"canonical\" href=\"https:\/\/www.bazarbonino.com\/store\/prodotto\/jg1525-diabolo-hurricane-triple-bearing\/\" \/>\n<meta property=\"og:locale\" content=\"it_IT\" \/>\n<meta property=\"og:type\" content=\"article\" \/>\n<meta property=\"og:title\" content=\"JG1525 - Diabolo Hurricane Triple Bearing - BazarBonino\" \/>\n<meta property=\"og:description\" content=\"Il Diabolo Hurricane Triple Bearing dal Diametro delle coppe di 126 mm. e peso di 280 gr. monta un asse con 3 cuscinetti a sfera.\" \/>\n<meta property=\"og:url\" content=\"https:\/\/www.bazarbonino.com\/store\/prodotto\/jg1525-diabolo-hurricane-triple-bearing\/\" \/>\n<meta property=\"og:site_name\" content=\"BazarBonino\" \/>\n<meta property=\"article:publisher\" content=\"https:\/\/www.facebook.com\/bazar.bonino\" \/>\n<meta property=\"article:modified_time\" content=\"2026-04-07T08:41:27+00:00\" \/>\n<meta property=\"og:image\" content=\"https:\/\/www.bazarbonino.com\/store\/wp-content\/uploads\/2020\/09\/JG1525-Diabolo-Hurricane-Triple-Bearing.jpg\" \/>\n\t<meta property=\"og:image:width\" content=\"1000\" \/>\n\t<meta property=\"og:image:height\" content=\"1000\" \/>\n\t<meta property=\"og:image:type\" content=\"image\/jpeg\" \/>\n<meta name=\"twitter:card\" content=\"summary_large_image\" \/>\n<meta name=\"twitter:label1\" content=\"Tempo di lettura stimato\" \/>\n\t<meta name=\"twitter:data1\" content=\"1 minuto\" \/>\n<script type=\"application\/ld+json\" class=\"yoast-schema-graph\">{\"@context\":\"https:\\\/\\\/schema.org\",\"@graph\":[{\"@type\":\"WebPage\",\"@id\":\"https:\\\/\\\/www.bazarbonino.com\\\/store\\\/prodotto\\\/jg1525-diabolo-hurricane-triple-bearing\\\/\",\"url\":\"https:\\\/\\\/www.bazarbonino.com\\\/store\\\/prodotto\\\/jg1525-diabolo-hurricane-triple-bearing\\\/\",\"name\":\"JG1525 - Diabolo Hurricane Triple Bearing - BazarBonino\",\"isPartOf\":{\"@id\":\"https:\\\/\\\/www.bazarbonino.com\\\/store\\\/#website\"},\"primaryImageOfPage\":{\"@id\":\"https:\\\/\\\/www.bazarbonino.com\\\/store\\\/prodotto\\\/jg1525-diabolo-hurricane-triple-bearing\\\/#primaryimage\"},\"image\":{\"@id\":\"https:\\\/\\\/www.bazarbonino.com\\\/store\\\/prodotto\\\/jg1525-diabolo-hurricane-triple-bearing\\\/#primaryimage\"},\"thumbnailUrl\":\"https:\\\/\\\/www.bazarbonino.com\\\/store\\\/wp-content\\\/uploads\\\/2020\\\/09\\\/JG1525-Diabolo-Hurricane-Triple-Bearing.jpg\",\"datePublished\":\"2020-09-11T07:55:58+00:00\",\"dateModified\":\"2026-04-07T08:41:27+00:00\",\"description\":\"Il Diabolo Hurricane Triple Bearing dal Diametro delle coppe di 126 mm. e peso di 280 gr. monta un asse con 3 cuscinetti a sfera.\",\"breadcrumb\":{\"@id\":\"https:\\\/\\\/www.bazarbonino.com\\\/store\\\/prodotto\\\/jg1525-diabolo-hurricane-triple-bearing\\\/#breadcrumb\"},\"inLanguage\":\"it-IT\",\"potentialAction\":[{\"@type\":\"ReadAction\",\"target\":[\"https:\\\/\\\/www.bazarbonino.com\\\/store\\\/prodotto\\\/jg1525-diabolo-hurricane-triple-bearing\\\/\"]}]},{\"@type\":\"ImageObject\",\"inLanguage\":\"it-IT\",\"@id\":\"https:\\\/\\\/www.bazarbonino.com\\\/store\\\/prodotto\\\/jg1525-diabolo-hurricane-triple-bearing\\\/#primaryimage\",\"url\":\"https:\\\/\\\/www.bazarbonino.com\\\/store\\\/wp-content\\\/uploads\\\/2020\\\/09\\\/JG1525-Diabolo-Hurricane-Triple-Bearing.jpg\",\"contentUrl\":\"https:\\\/\\\/www.bazarbonino.com\\\/store\\\/wp-content\\\/uploads\\\/2020\\\/09\\\/JG1525-Diabolo-Hurricane-Triple-Bearing.jpg\",\"width\":1000,\"height\":1000,\"caption\":\"JG1526 - Diabolo Hurricane Extreme 5 Bearing\"},{\"@type\":\"BreadcrumbList\",\"@id\":\"https:\\\/\\\/www.bazarbonino.com\\\/store\\\/prodotto\\\/jg1525-diabolo-hurricane-triple-bearing\\\/#breadcrumb\",\"itemListElement\":[{\"@type\":\"ListItem\",\"position\":1,\"name\":\"Home\",\"item\":\"https:\\\/\\\/www.bazarbonino.com\\\/store\\\/\"},{\"@type\":\"ListItem\",\"position\":2,\"name\":\"Catalogo\",\"item\":\"https:\\\/\\\/www.bazarbonino.com\\\/store\\\/shop\\\/\"},{\"@type\":\"ListItem\",\"position\":3,\"name\":\"JG1525 &#8211; Diabolo Hurricane Triple Bearing\"}]},{\"@type\":\"WebSite\",\"@id\":\"https:\\\/\\\/www.bazarbonino.com\\\/store\\\/#website\",\"url\":\"https:\\\/\\\/www.bazarbonino.com\\\/store\\\/\",\"name\":\"BazarBonino\",\"description\":\"\",\"potentialAction\":[{\"@type\":\"SearchAction\",\"target\":{\"@type\":\"EntryPoint\",\"urlTemplate\":\"https:\\\/\\\/www.bazarbonino.com\\\/store\\\/?s={search_term_string}\"},\"query-input\":{\"@type\":\"PropertyValueSpecification\",\"valueRequired\":true,\"valueName\":\"search_term_string\"}}],\"inLanguage\":\"it-IT\"}]}<\/script>\n<!-- \/ Yoast SEO plugin. -->","yoast_head_json":{"title":"JG1525 - Diabolo Hurricane Triple Bearing - BazarBonino","description":"Il Diabolo Hurricane Triple Bearing dal Diametro delle coppe di 126 mm. e peso di 280 gr. monta un asse con 3 cuscinetti a sfera.","robots":{"index":"index","follow":"follow","max-snippet":"max-snippet:-1","max-image-preview":"max-image-preview:large","max-video-preview":"max-video-preview:-1"},"canonical":"https:\/\/www.bazarbonino.com\/store\/prodotto\/jg1525-diabolo-hurricane-triple-bearing\/","og_locale":"it_IT","og_type":"article","og_title":"JG1525 - Diabolo Hurricane Triple Bearing - BazarBonino","og_description":"Il Diabolo Hurricane Triple Bearing dal Diametro delle coppe di 126 mm. e peso di 280 gr. monta un asse con 3 cuscinetti a sfera.","og_url":"https:\/\/www.bazarbonino.com\/store\/prodotto\/jg1525-diabolo-hurricane-triple-bearing\/","og_site_name":"BazarBonino","article_publisher":"https:\/\/www.facebook.com\/bazar.bonino","article_modified_time":"2026-04-07T08:41:27+00:00","og_image":[{"width":1000,"height":1000,"url":"https:\/\/www.bazarbonino.com\/store\/wp-content\/uploads\/2020\/09\/JG1525-Diabolo-Hurricane-Triple-Bearing.jpg","type":"image\/jpeg"}],"twitter_card":"summary_large_image","twitter_misc":{"Tempo di lettura stimato":"1 minuto"},"schema":{"@context":"https:\/\/schema.org","@graph":[{"@type":"WebPage","@id":"https:\/\/www.bazarbonino.com\/store\/prodotto\/jg1525-diabolo-hurricane-triple-bearing\/","url":"https:\/\/www.bazarbonino.com\/store\/prodotto\/jg1525-diabolo-hurricane-triple-bearing\/","name":"JG1525 - Diabolo Hurricane Triple Bearing - BazarBonino","isPartOf":{"@id":"https:\/\/www.bazarbonino.com\/store\/#website"},"primaryImageOfPage":{"@id":"https:\/\/www.bazarbonino.com\/store\/prodotto\/jg1525-diabolo-hurricane-triple-bearing\/#primaryimage"},"image":{"@id":"https:\/\/www.bazarbonino.com\/store\/prodotto\/jg1525-diabolo-hurricane-triple-bearing\/#primaryimage"},"thumbnailUrl":"https:\/\/www.bazarbonino.com\/store\/wp-content\/uploads\/2020\/09\/JG1525-Diabolo-Hurricane-Triple-Bearing.jpg","datePublished":"2020-09-11T07:55:58+00:00","dateModified":"2026-04-07T08:41:27+00:00","description":"Il Diabolo Hurricane Triple Bearing dal Diametro delle coppe di 126 mm. e peso di 280 gr. monta un asse con 3 cuscinetti a sfera.","breadcrumb":{"@id":"https:\/\/www.bazarbonino.com\/store\/prodotto\/jg1525-diabolo-hurricane-triple-bearing\/#breadcrumb"},"inLanguage":"it-IT","potentialAction":[{"@type":"ReadAction","target":["https:\/\/www.bazarbonino.com\/store\/prodotto\/jg1525-diabolo-hurricane-triple-bearing\/"]}]},{"@type":"ImageObject","inLanguage":"it-IT","@id":"https:\/\/www.bazarbonino.com\/store\/prodotto\/jg1525-diabolo-hurricane-triple-bearing\/#primaryimage","url":"https:\/\/www.bazarbonino.com\/store\/wp-content\/uploads\/2020\/09\/JG1525-Diabolo-Hurricane-Triple-Bearing.jpg","contentUrl":"https:\/\/www.bazarbonino.com\/store\/wp-content\/uploads\/2020\/09\/JG1525-Diabolo-Hurricane-Triple-Bearing.jpg","width":1000,"height":1000,"caption":"JG1526 - Diabolo Hurricane Extreme 5 Bearing"},{"@type":"BreadcrumbList","@id":"https:\/\/www.bazarbonino.com\/store\/prodotto\/jg1525-diabolo-hurricane-triple-bearing\/#breadcrumb","itemListElement":[{"@type":"ListItem","position":1,"name":"Home","item":"https:\/\/www.bazarbonino.com\/store\/"},{"@type":"ListItem","position":2,"name":"Catalogo","item":"https:\/\/www.bazarbonino.com\/store\/shop\/"},{"@type":"ListItem","position":3,"name":"JG1525 &#8211; Diabolo Hurricane Triple Bearing"}]},{"@type":"WebSite","@id":"https:\/\/www.bazarbonino.com\/store\/#website","url":"https:\/\/www.bazarbonino.com\/store\/","name":"BazarBonino","description":"","potentialAction":[{"@type":"SearchAction","target":{"@type":"EntryPoint","urlTemplate":"https:\/\/www.bazarbonino.com\/store\/?s={search_term_string}"},"query-input":{"@type":"PropertyValueSpecification","valueRequired":true,"valueName":"search_term_string"}}],"inLanguage":"it-IT"}]}},"_links":{"self":[{"href":"https:\/\/www.bazarbonino.com\/store\/wp-json\/wp\/v2\/product\/16022","targetHints":{"allow":["GET"]}}],"collection":[{"href":"https:\/\/www.bazarbonino.com\/store\/wp-json\/wp\/v2\/product"}],"about":[{"href":"https:\/\/www.bazarbonino.com\/store\/wp-json\/wp\/v2\/types\/product"}],"replies":[{"embeddable":true,"href":"https:\/\/www.bazarbonino.com\/store\/wp-json\/wp\/v2\/comments?post=16022"}],"wp:featuredmedia":[{"embeddable":true,"href":"https:\/\/www.bazarbonino.com\/store\/wp-json\/wp\/v2\/media\/16040"}],"wp:attachment":[{"href":"https:\/\/www.bazarbonino.com\/store\/wp-json\/wp\/v2\/media?parent=16022"}],"wp:term":[{"taxonomy":"product_brand","embeddable":true,"href":"https:\/\/www.bazarbonino.com\/store\/wp-json\/wp\/v2\/product_brand?post=16022"},{"taxonomy":"product_cat","embeddable":true,"href":"https:\/\/www.bazarbonino.com\/store\/wp-json\/wp\/v2\/product_cat?post=16022"},{"taxonomy":"product_tag","embeddable":true,"href":"https:\/\/www.bazarbonino.com\/store\/wp-json\/wp\/v2\/product_tag?post=16022"}],"curies":[{"name":"wp","href":"https:\/\/api.w.org\/{rel}","templated":true}]}}