{"id":15849,"date":"2020-05-27T16:44:20","date_gmt":"2020-05-27T14:44:20","guid":{"rendered":"https:\/\/www.bazarbonino.com\/store\/?post_type=product&#038;p=15849"},"modified":"2023-04-24T20:47:47","modified_gmt":"2023-04-24T18:47:47","slug":"jg3540-gora-silicone-ball-handles-poi","status":"publish","type":"product","link":"https:\/\/www.bazarbonino.com\/store\/prodotto\/jg3540-gora-silicone-ball-handles-poi\/","title":{"rendered":"JG3540 &#8211; Gora Silicone Ball Handles Poi"},"content":{"rendered":"<p>JG3540 &#8211; Gora Silicone Ball Handles Poi &#8211; Manopole a sfera per Poi &#8211;<span class=\"tlid-translation translation\" lang=\"it\"> Sono adatte per lancio e prese e sono generalmente comode!<\/span><\/p>\n<p>Le sfere di silicone pesano sono abbastanza pesanti, quindi volano, isolandosi con il poi ed ottengono cos\u00ec una pi\u00f9 facile cattura. Sono resistenti al calore e non vi \u00e8 alcuna reazione tra paraffina e silicone. vengono vendute al paio in colore nero!<\/p>\n","protected":false},"excerpt":{"rendered":"<p>PREZZO DI VENDITA AL PAIO<\/p>\n","protected":false},"featured_media":15855,"comment_status":"closed","ping_status":"closed","template":"","meta":{"_et_pb_use_builder":"","_et_pb_old_content":"","_et_gb_content_width":""},"product_brand":[],"product_cat":[44,26],"product_tag":[304,302,303],"class_list":{"0":"post-15849","1":"product","2":"type-product","3":"status-publish","4":"has-post-thumbnail","6":"product_cat-catene-poi-infuocati","7":"product_cat-poi-kiwido","8":"product_tag-bazar-bonino-torino-on-line","9":"product_tag-catene-poi-di-fuoco-infuocati-ed-accessori","10":"product_tag-negozio-articoli-giocoleria-di-fuoco","12":"first","13":"instock","14":"sale","15":"taxable","16":"shipping-taxable","17":"purchasable","18":"product-type-simple"},"yoast_head":"<!-- This site is optimized with the Yoast SEO plugin v27.4 - https:\/\/yoast.com\/product\/yoast-seo-wordpress\/ -->\n<title>JG3540 - Gora Silicone Ball Handles Poi - BazarBonino<\/title>\n<meta name=\"description\" content=\"Gora Silicone Ball Handles Poi - Manopole a sfera per Poi - Adatte per lancio e prese. Abbastanza pesanti, ed isolandosi con il poi si catturano facilmente!\" \/>\n<meta name=\"robots\" content=\"index, follow, max-snippet:-1, max-image-preview:large, max-video-preview:-1\" \/>\n<link rel=\"canonical\" href=\"https:\/\/www.bazarbonino.com\/store\/prodotto\/jg3540-gora-silicone-ball-handles-poi\/\" \/>\n<meta property=\"og:locale\" content=\"it_IT\" \/>\n<meta property=\"og:type\" content=\"article\" \/>\n<meta property=\"og:title\" content=\"JG3540 - Gora Silicone Ball Handles Poi - BazarBonino\" \/>\n<meta property=\"og:description\" content=\"Gora Silicone Ball Handles Poi - Manopole a sfera per Poi - Adatte per lancio e prese. Abbastanza pesanti, ed isolandosi con il poi si catturano facilmente!\" \/>\n<meta property=\"og:url\" content=\"https:\/\/www.bazarbonino.com\/store\/prodotto\/jg3540-gora-silicone-ball-handles-poi\/\" \/>\n<meta property=\"og:site_name\" content=\"BazarBonino\" \/>\n<meta property=\"article:publisher\" content=\"https:\/\/www.facebook.com\/bazar.bonino\" \/>\n<meta property=\"article:modified_time\" content=\"2023-04-24T18:47:47+00:00\" \/>\n<meta property=\"og:image\" content=\"https:\/\/www.bazarbonino.com\/store\/wp-content\/uploads\/2020\/05\/JG3540-Gora-Silicone-Ball-Handles-Poi.jpg\" \/>\n\t<meta property=\"og:image:width\" content=\"1224\" \/>\n\t<meta property=\"og:image:height\" content=\"1632\" \/>\n\t<meta property=\"og:image:type\" content=\"image\/jpeg\" \/>\n<meta name=\"twitter:card\" content=\"summary_large_image\" \/>\n<script type=\"application\/ld+json\" class=\"yoast-schema-graph\">{\"@context\":\"https:\\\/\\\/schema.org\",\"@graph\":[{\"@type\":\"WebPage\",\"@id\":\"https:\\\/\\\/www.bazarbonino.com\\\/store\\\/prodotto\\\/jg3540-gora-silicone-ball-handles-poi\\\/\",\"url\":\"https:\\\/\\\/www.bazarbonino.com\\\/store\\\/prodotto\\\/jg3540-gora-silicone-ball-handles-poi\\\/\",\"name\":\"JG3540 - Gora Silicone Ball Handles Poi - BazarBonino\",\"isPartOf\":{\"@id\":\"https:\\\/\\\/www.bazarbonino.com\\\/store\\\/#website\"},\"primaryImageOfPage\":{\"@id\":\"https:\\\/\\\/www.bazarbonino.com\\\/store\\\/prodotto\\\/jg3540-gora-silicone-ball-handles-poi\\\/#primaryimage\"},\"image\":{\"@id\":\"https:\\\/\\\/www.bazarbonino.com\\\/store\\\/prodotto\\\/jg3540-gora-silicone-ball-handles-poi\\\/#primaryimage\"},\"thumbnailUrl\":\"https:\\\/\\\/www.bazarbonino.com\\\/store\\\/wp-content\\\/uploads\\\/2020\\\/05\\\/JG3540-Gora-Silicone-Ball-Handles-Poi.jpg\",\"datePublished\":\"2020-05-27T14:44:20+00:00\",\"dateModified\":\"2023-04-24T18:47:47+00:00\",\"description\":\"Gora Silicone Ball Handles Poi - Manopole a sfera per Poi - Adatte per lancio e prese. Abbastanza pesanti, ed isolandosi con il poi si catturano facilmente!\",\"breadcrumb\":{\"@id\":\"https:\\\/\\\/www.bazarbonino.com\\\/store\\\/prodotto\\\/jg3540-gora-silicone-ball-handles-poi\\\/#breadcrumb\"},\"inLanguage\":\"it-IT\",\"potentialAction\":[{\"@type\":\"ReadAction\",\"target\":[\"https:\\\/\\\/www.bazarbonino.com\\\/store\\\/prodotto\\\/jg3540-gora-silicone-ball-handles-poi\\\/\"]}]},{\"@type\":\"ImageObject\",\"inLanguage\":\"it-IT\",\"@id\":\"https:\\\/\\\/www.bazarbonino.com\\\/store\\\/prodotto\\\/jg3540-gora-silicone-ball-handles-poi\\\/#primaryimage\",\"url\":\"https:\\\/\\\/www.bazarbonino.com\\\/store\\\/wp-content\\\/uploads\\\/2020\\\/05\\\/JG3540-Gora-Silicone-Ball-Handles-Poi.jpg\",\"contentUrl\":\"https:\\\/\\\/www.bazarbonino.com\\\/store\\\/wp-content\\\/uploads\\\/2020\\\/05\\\/JG3540-Gora-Silicone-Ball-Handles-Poi.jpg\",\"width\":1224,\"height\":1632,\"caption\":\"JG3540 - Gora Silicone Ball Handles Poi\"},{\"@type\":\"BreadcrumbList\",\"@id\":\"https:\\\/\\\/www.bazarbonino.com\\\/store\\\/prodotto\\\/jg3540-gora-silicone-ball-handles-poi\\\/#breadcrumb\",\"itemListElement\":[{\"@type\":\"ListItem\",\"position\":1,\"name\":\"Home\",\"item\":\"https:\\\/\\\/www.bazarbonino.com\\\/store\\\/\"},{\"@type\":\"ListItem\",\"position\":2,\"name\":\"Catalogo\",\"item\":\"https:\\\/\\\/www.bazarbonino.com\\\/store\\\/shop\\\/\"},{\"@type\":\"ListItem\",\"position\":3,\"name\":\"JG3540 &#8211; Gora Silicone Ball Handles Poi\"}]},{\"@type\":\"WebSite\",\"@id\":\"https:\\\/\\\/www.bazarbonino.com\\\/store\\\/#website\",\"url\":\"https:\\\/\\\/www.bazarbonino.com\\\/store\\\/\",\"name\":\"BazarBonino\",\"description\":\"\",\"potentialAction\":[{\"@type\":\"SearchAction\",\"target\":{\"@type\":\"EntryPoint\",\"urlTemplate\":\"https:\\\/\\\/www.bazarbonino.com\\\/store\\\/?s={search_term_string}\"},\"query-input\":{\"@type\":\"PropertyValueSpecification\",\"valueRequired\":true,\"valueName\":\"search_term_string\"}}],\"inLanguage\":\"it-IT\"}]}<\/script>\n<!-- \/ Yoast SEO plugin. -->","yoast_head_json":{"title":"JG3540 - Gora Silicone Ball Handles Poi - BazarBonino","description":"Gora Silicone Ball Handles Poi - Manopole a sfera per Poi - Adatte per lancio e prese. Abbastanza pesanti, ed isolandosi con il poi si catturano facilmente!","robots":{"index":"index","follow":"follow","max-snippet":"max-snippet:-1","max-image-preview":"max-image-preview:large","max-video-preview":"max-video-preview:-1"},"canonical":"https:\/\/www.bazarbonino.com\/store\/prodotto\/jg3540-gora-silicone-ball-handles-poi\/","og_locale":"it_IT","og_type":"article","og_title":"JG3540 - Gora Silicone Ball Handles Poi - BazarBonino","og_description":"Gora Silicone Ball Handles Poi - Manopole a sfera per Poi - Adatte per lancio e prese. Abbastanza pesanti, ed isolandosi con il poi si catturano facilmente!","og_url":"https:\/\/www.bazarbonino.com\/store\/prodotto\/jg3540-gora-silicone-ball-handles-poi\/","og_site_name":"BazarBonino","article_publisher":"https:\/\/www.facebook.com\/bazar.bonino","article_modified_time":"2023-04-24T18:47:47+00:00","og_image":[{"width":1224,"height":1632,"url":"https:\/\/www.bazarbonino.com\/store\/wp-content\/uploads\/2020\/05\/JG3540-Gora-Silicone-Ball-Handles-Poi.jpg","type":"image\/jpeg"}],"twitter_card":"summary_large_image","schema":{"@context":"https:\/\/schema.org","@graph":[{"@type":"WebPage","@id":"https:\/\/www.bazarbonino.com\/store\/prodotto\/jg3540-gora-silicone-ball-handles-poi\/","url":"https:\/\/www.bazarbonino.com\/store\/prodotto\/jg3540-gora-silicone-ball-handles-poi\/","name":"JG3540 - Gora Silicone Ball Handles Poi - BazarBonino","isPartOf":{"@id":"https:\/\/www.bazarbonino.com\/store\/#website"},"primaryImageOfPage":{"@id":"https:\/\/www.bazarbonino.com\/store\/prodotto\/jg3540-gora-silicone-ball-handles-poi\/#primaryimage"},"image":{"@id":"https:\/\/www.bazarbonino.com\/store\/prodotto\/jg3540-gora-silicone-ball-handles-poi\/#primaryimage"},"thumbnailUrl":"https:\/\/www.bazarbonino.com\/store\/wp-content\/uploads\/2020\/05\/JG3540-Gora-Silicone-Ball-Handles-Poi.jpg","datePublished":"2020-05-27T14:44:20+00:00","dateModified":"2023-04-24T18:47:47+00:00","description":"Gora Silicone Ball Handles Poi - Manopole a sfera per Poi - Adatte per lancio e prese. Abbastanza pesanti, ed isolandosi con il poi si catturano facilmente!","breadcrumb":{"@id":"https:\/\/www.bazarbonino.com\/store\/prodotto\/jg3540-gora-silicone-ball-handles-poi\/#breadcrumb"},"inLanguage":"it-IT","potentialAction":[{"@type":"ReadAction","target":["https:\/\/www.bazarbonino.com\/store\/prodotto\/jg3540-gora-silicone-ball-handles-poi\/"]}]},{"@type":"ImageObject","inLanguage":"it-IT","@id":"https:\/\/www.bazarbonino.com\/store\/prodotto\/jg3540-gora-silicone-ball-handles-poi\/#primaryimage","url":"https:\/\/www.bazarbonino.com\/store\/wp-content\/uploads\/2020\/05\/JG3540-Gora-Silicone-Ball-Handles-Poi.jpg","contentUrl":"https:\/\/www.bazarbonino.com\/store\/wp-content\/uploads\/2020\/05\/JG3540-Gora-Silicone-Ball-Handles-Poi.jpg","width":1224,"height":1632,"caption":"JG3540 - Gora Silicone Ball Handles Poi"},{"@type":"BreadcrumbList","@id":"https:\/\/www.bazarbonino.com\/store\/prodotto\/jg3540-gora-silicone-ball-handles-poi\/#breadcrumb","itemListElement":[{"@type":"ListItem","position":1,"name":"Home","item":"https:\/\/www.bazarbonino.com\/store\/"},{"@type":"ListItem","position":2,"name":"Catalogo","item":"https:\/\/www.bazarbonino.com\/store\/shop\/"},{"@type":"ListItem","position":3,"name":"JG3540 &#8211; Gora Silicone Ball Handles Poi"}]},{"@type":"WebSite","@id":"https:\/\/www.bazarbonino.com\/store\/#website","url":"https:\/\/www.bazarbonino.com\/store\/","name":"BazarBonino","description":"","potentialAction":[{"@type":"SearchAction","target":{"@type":"EntryPoint","urlTemplate":"https:\/\/www.bazarbonino.com\/store\/?s={search_term_string}"},"query-input":{"@type":"PropertyValueSpecification","valueRequired":true,"valueName":"search_term_string"}}],"inLanguage":"it-IT"}]}},"_links":{"self":[{"href":"https:\/\/www.bazarbonino.com\/store\/wp-json\/wp\/v2\/product\/15849","targetHints":{"allow":["GET"]}}],"collection":[{"href":"https:\/\/www.bazarbonino.com\/store\/wp-json\/wp\/v2\/product"}],"about":[{"href":"https:\/\/www.bazarbonino.com\/store\/wp-json\/wp\/v2\/types\/product"}],"replies":[{"embeddable":true,"href":"https:\/\/www.bazarbonino.com\/store\/wp-json\/wp\/v2\/comments?post=15849"}],"wp:featuredmedia":[{"embeddable":true,"href":"https:\/\/www.bazarbonino.com\/store\/wp-json\/wp\/v2\/media\/15855"}],"wp:attachment":[{"href":"https:\/\/www.bazarbonino.com\/store\/wp-json\/wp\/v2\/media?parent=15849"}],"wp:term":[{"taxonomy":"product_brand","embeddable":true,"href":"https:\/\/www.bazarbonino.com\/store\/wp-json\/wp\/v2\/product_brand?post=15849"},{"taxonomy":"product_cat","embeddable":true,"href":"https:\/\/www.bazarbonino.com\/store\/wp-json\/wp\/v2\/product_cat?post=15849"},{"taxonomy":"product_tag","embeddable":true,"href":"https:\/\/www.bazarbonino.com\/store\/wp-json\/wp\/v2\/product_tag?post=15849"}],"curies":[{"name":"wp","href":"https:\/\/api.w.org\/{rel}","templated":true}]}}