{"id":15472,"date":"2020-04-29T01:31:17","date_gmt":"2020-04-28T23:31:17","guid":{"rendered":"https:\/\/www.bazarbonino.com\/store\/?post_type=product&#038;p=15472"},"modified":"2020-04-30T22:35:34","modified_gmt":"2020-04-30T20:35:34","slug":"n340-colore-arancio-neon-90gr-diamond-fx","status":"publish","type":"product","link":"https:\/\/www.bazarbonino.com\/store\/prodotto\/n340-colore-arancio-neon-90gr-diamond-fx\/","title":{"rendered":"N340 &#8211; Colore Arancio Neon 90Gr. Diamond Fx"},"content":{"rendered":"<p>NEON ORANGE 90 GR.<\/p>\n<p>N340 &#8211; Colore Arancio Neon 90Gr. Diamond Fx, cialda a base d\u2019acqua per make-up, ha un alta concentrazione di pigmento e colori vivaci. Ottimo rapporto qualit\u00e0 prezzo, a differenza degli altri colori questa serie \u00e8 stata creata per colorare i capelli o per essere usata sul viso-corpo, body painting &#8211; face painting, con un opportuno colore di fondo (ES1001) che ne aumenta l\u2019efficacia, ad esclusione del bianco, blu e viola che possono essere usati senza una base sottostante e che dispongono di certificato EU ed FDA. I colori sono reattivi ai raggi UV, quindi particolarmente adatti per le serate in discoteca. Il prodotto si rimuove semplicemente con acqua e sapone. Si pu\u00f2 sovrapporre su qualsiasi colore, anche bianco su nero, pur mantenendo la sua luminosit\u00e0 e densit\u00e0.<br \/>\nE\u2019 facile da usare sia per lavori di precisione, a linea, che per spugnature. Disponibile\u00a0 in una vastissima gamma di colori, usato a livello professionale dai migliori make-up artist a livello mondiale. Il contenitore della confezione da 90 grammi \u00e8 sovrapponibile e si\u00a0 possono avvitare in modo da poter impilare i tuoi colori preferiti in cima a viceversa, per lo stoccaggio semplice e veloce.<\/p>\n<p>Al termine del loro utilizzo si consiglia di lasciare aperta la cialda di colore di modo che si asciughi e non possano prolificare batteri. Allo stesso modo di consiglia sempre di pulire bene i pennelli utilizzati, possibilmente con il sapone specifico DFXS. Il colore si rimuove dalla pelle semplicemente con acqua, magari tiepida, e sapone.<\/p>\n<p>EAN 8718053822044<\/p>\n<p>&nbsp;<\/p>\n","protected":false},"excerpt":{"rendered":"<p>NEON ORANGE 90 GR. N340 &#8211; Colore Arancio Neon 90Gr. Diamond Fx, cialda a base d\u2019acqua per make-up, ha un alta concentrazione di pigmento e colori vivaci. Ottimo rapporto qualit\u00e0 prezzo, a differenza degli altri colori questa serie \u00e8 stata creata per colorare i capelli o per essere usata sul viso-corpo, body painting &#8211; face [&hellip;]<\/p>\n","protected":false},"featured_media":15473,"comment_status":"closed","ping_status":"closed","template":"","meta":{"_et_pb_use_builder":"","_et_pb_old_content":"","_et_gb_content_width":""},"product_brand":[],"product_cat":[2100],"product_tag":[2098,2097],"class_list":{"0":"post-15472","1":"product","2":"type-product","3":"status-publish","4":"has-post-thumbnail","6":"product_cat-colore-neon-90-gr-diamond-fx","7":"product_tag-colori-neon-ad-acqua","8":"product_tag-colori-neon-fluo-diamond-fx","10":"first","11":"instock","12":"sale","13":"taxable","14":"shipping-taxable","15":"purchasable","16":"product-type-simple"},"yoast_head":"<!-- This site is optimized with the Yoast SEO plugin v27.4 - https:\/\/yoast.com\/product\/yoast-seo-wordpress\/ -->\n<title>N340 - Colore Arancio Neon 90Gr. Diamond Fx - BazarBonino<\/title>\n<meta name=\"description\" content=\"N340 - Colore Arancio Neon 90Gr. Diamond Fx, a base d\u2019acqua per make-up, ha un alta concentrazione di pigmento e colori vivaci.\" \/>\n<meta name=\"robots\" content=\"index, follow, max-snippet:-1, max-image-preview:large, max-video-preview:-1\" \/>\n<link rel=\"canonical\" href=\"https:\/\/www.bazarbonino.com\/store\/prodotto\/n340-colore-arancio-neon-90gr-diamond-fx\/\" \/>\n<meta property=\"og:locale\" content=\"it_IT\" \/>\n<meta property=\"og:type\" content=\"article\" \/>\n<meta property=\"og:title\" content=\"N340 - Colore Arancio Neon 90Gr. Diamond Fx - BazarBonino\" \/>\n<meta property=\"og:description\" content=\"N340 - Colore Arancio Neon 90Gr. Diamond Fx, a base d\u2019acqua per make-up, ha un alta concentrazione di pigmento e colori vivaci.\" \/>\n<meta property=\"og:url\" content=\"https:\/\/www.bazarbonino.com\/store\/prodotto\/n340-colore-arancio-neon-90gr-diamond-fx\/\" \/>\n<meta property=\"og:site_name\" content=\"BazarBonino\" \/>\n<meta property=\"article:publisher\" content=\"https:\/\/www.facebook.com\/bazar.bonino\" \/>\n<meta property=\"article:modified_time\" content=\"2020-04-30T20:35:34+00:00\" \/>\n<meta property=\"og:image\" content=\"https:\/\/www.bazarbonino.com\/store\/wp-content\/uploads\/2020\/04\/N340-Colore-Arancio-Neon-90Gr.-Diamond-Fx.jpg\" \/>\n\t<meta property=\"og:image:width\" content=\"655\" \/>\n\t<meta property=\"og:image:height\" content=\"480\" \/>\n\t<meta property=\"og:image:type\" content=\"image\/jpeg\" \/>\n<meta name=\"twitter:card\" content=\"summary_large_image\" \/>\n<meta name=\"twitter:label1\" content=\"Tempo di lettura stimato\" \/>\n\t<meta name=\"twitter:data1\" content=\"1 minuto\" \/>\n<script type=\"application\/ld+json\" class=\"yoast-schema-graph\">{\"@context\":\"https:\\\/\\\/schema.org\",\"@graph\":[{\"@type\":\"WebPage\",\"@id\":\"https:\\\/\\\/www.bazarbonino.com\\\/store\\\/prodotto\\\/n340-colore-arancio-neon-90gr-diamond-fx\\\/\",\"url\":\"https:\\\/\\\/www.bazarbonino.com\\\/store\\\/prodotto\\\/n340-colore-arancio-neon-90gr-diamond-fx\\\/\",\"name\":\"N340 - Colore Arancio Neon 90Gr. Diamond Fx - BazarBonino\",\"isPartOf\":{\"@id\":\"https:\\\/\\\/www.bazarbonino.com\\\/store\\\/#website\"},\"primaryImageOfPage\":{\"@id\":\"https:\\\/\\\/www.bazarbonino.com\\\/store\\\/prodotto\\\/n340-colore-arancio-neon-90gr-diamond-fx\\\/#primaryimage\"},\"image\":{\"@id\":\"https:\\\/\\\/www.bazarbonino.com\\\/store\\\/prodotto\\\/n340-colore-arancio-neon-90gr-diamond-fx\\\/#primaryimage\"},\"thumbnailUrl\":\"https:\\\/\\\/www.bazarbonino.com\\\/store\\\/wp-content\\\/uploads\\\/2020\\\/04\\\/N340-Colore-Arancio-Neon-90Gr.-Diamond-Fx.jpg\",\"datePublished\":\"2020-04-28T23:31:17+00:00\",\"dateModified\":\"2020-04-30T20:35:34+00:00\",\"description\":\"N340 - Colore Arancio Neon 90Gr. Diamond Fx, a base d\u2019acqua per make-up, ha un alta concentrazione di pigmento e colori vivaci.\",\"breadcrumb\":{\"@id\":\"https:\\\/\\\/www.bazarbonino.com\\\/store\\\/prodotto\\\/n340-colore-arancio-neon-90gr-diamond-fx\\\/#breadcrumb\"},\"inLanguage\":\"it-IT\",\"potentialAction\":[{\"@type\":\"ReadAction\",\"target\":[\"https:\\\/\\\/www.bazarbonino.com\\\/store\\\/prodotto\\\/n340-colore-arancio-neon-90gr-diamond-fx\\\/\"]}]},{\"@type\":\"ImageObject\",\"inLanguage\":\"it-IT\",\"@id\":\"https:\\\/\\\/www.bazarbonino.com\\\/store\\\/prodotto\\\/n340-colore-arancio-neon-90gr-diamond-fx\\\/#primaryimage\",\"url\":\"https:\\\/\\\/www.bazarbonino.com\\\/store\\\/wp-content\\\/uploads\\\/2020\\\/04\\\/N340-Colore-Arancio-Neon-90Gr.-Diamond-Fx.jpg\",\"contentUrl\":\"https:\\\/\\\/www.bazarbonino.com\\\/store\\\/wp-content\\\/uploads\\\/2020\\\/04\\\/N340-Colore-Arancio-Neon-90Gr.-Diamond-Fx.jpg\",\"width\":655,\"height\":480,\"caption\":\"N340 - Colore Arancio Neon 90Gr. Diamond Fx\"},{\"@type\":\"BreadcrumbList\",\"@id\":\"https:\\\/\\\/www.bazarbonino.com\\\/store\\\/prodotto\\\/n340-colore-arancio-neon-90gr-diamond-fx\\\/#breadcrumb\",\"itemListElement\":[{\"@type\":\"ListItem\",\"position\":1,\"name\":\"Home\",\"item\":\"https:\\\/\\\/www.bazarbonino.com\\\/store\\\/\"},{\"@type\":\"ListItem\",\"position\":2,\"name\":\"Catalogo\",\"item\":\"https:\\\/\\\/www.bazarbonino.com\\\/store\\\/shop\\\/\"},{\"@type\":\"ListItem\",\"position\":3,\"name\":\"N340 &#8211; Colore Arancio Neon 90Gr. Diamond Fx\"}]},{\"@type\":\"WebSite\",\"@id\":\"https:\\\/\\\/www.bazarbonino.com\\\/store\\\/#website\",\"url\":\"https:\\\/\\\/www.bazarbonino.com\\\/store\\\/\",\"name\":\"BazarBonino\",\"description\":\"\",\"potentialAction\":[{\"@type\":\"SearchAction\",\"target\":{\"@type\":\"EntryPoint\",\"urlTemplate\":\"https:\\\/\\\/www.bazarbonino.com\\\/store\\\/?s={search_term_string}\"},\"query-input\":{\"@type\":\"PropertyValueSpecification\",\"valueRequired\":true,\"valueName\":\"search_term_string\"}}],\"inLanguage\":\"it-IT\"}]}<\/script>\n<!-- \/ Yoast SEO plugin. -->","yoast_head_json":{"title":"N340 - Colore Arancio Neon 90Gr. Diamond Fx - BazarBonino","description":"N340 - Colore Arancio Neon 90Gr. Diamond Fx, a base d\u2019acqua per make-up, ha un alta concentrazione di pigmento e colori vivaci.","robots":{"index":"index","follow":"follow","max-snippet":"max-snippet:-1","max-image-preview":"max-image-preview:large","max-video-preview":"max-video-preview:-1"},"canonical":"https:\/\/www.bazarbonino.com\/store\/prodotto\/n340-colore-arancio-neon-90gr-diamond-fx\/","og_locale":"it_IT","og_type":"article","og_title":"N340 - Colore Arancio Neon 90Gr. Diamond Fx - BazarBonino","og_description":"N340 - Colore Arancio Neon 90Gr. Diamond Fx, a base d\u2019acqua per make-up, ha un alta concentrazione di pigmento e colori vivaci.","og_url":"https:\/\/www.bazarbonino.com\/store\/prodotto\/n340-colore-arancio-neon-90gr-diamond-fx\/","og_site_name":"BazarBonino","article_publisher":"https:\/\/www.facebook.com\/bazar.bonino","article_modified_time":"2020-04-30T20:35:34+00:00","og_image":[{"width":655,"height":480,"url":"https:\/\/www.bazarbonino.com\/store\/wp-content\/uploads\/2020\/04\/N340-Colore-Arancio-Neon-90Gr.-Diamond-Fx.jpg","type":"image\/jpeg"}],"twitter_card":"summary_large_image","twitter_misc":{"Tempo di lettura stimato":"1 minuto"},"schema":{"@context":"https:\/\/schema.org","@graph":[{"@type":"WebPage","@id":"https:\/\/www.bazarbonino.com\/store\/prodotto\/n340-colore-arancio-neon-90gr-diamond-fx\/","url":"https:\/\/www.bazarbonino.com\/store\/prodotto\/n340-colore-arancio-neon-90gr-diamond-fx\/","name":"N340 - Colore Arancio Neon 90Gr. Diamond Fx - BazarBonino","isPartOf":{"@id":"https:\/\/www.bazarbonino.com\/store\/#website"},"primaryImageOfPage":{"@id":"https:\/\/www.bazarbonino.com\/store\/prodotto\/n340-colore-arancio-neon-90gr-diamond-fx\/#primaryimage"},"image":{"@id":"https:\/\/www.bazarbonino.com\/store\/prodotto\/n340-colore-arancio-neon-90gr-diamond-fx\/#primaryimage"},"thumbnailUrl":"https:\/\/www.bazarbonino.com\/store\/wp-content\/uploads\/2020\/04\/N340-Colore-Arancio-Neon-90Gr.-Diamond-Fx.jpg","datePublished":"2020-04-28T23:31:17+00:00","dateModified":"2020-04-30T20:35:34+00:00","description":"N340 - Colore Arancio Neon 90Gr. Diamond Fx, a base d\u2019acqua per make-up, ha un alta concentrazione di pigmento e colori vivaci.","breadcrumb":{"@id":"https:\/\/www.bazarbonino.com\/store\/prodotto\/n340-colore-arancio-neon-90gr-diamond-fx\/#breadcrumb"},"inLanguage":"it-IT","potentialAction":[{"@type":"ReadAction","target":["https:\/\/www.bazarbonino.com\/store\/prodotto\/n340-colore-arancio-neon-90gr-diamond-fx\/"]}]},{"@type":"ImageObject","inLanguage":"it-IT","@id":"https:\/\/www.bazarbonino.com\/store\/prodotto\/n340-colore-arancio-neon-90gr-diamond-fx\/#primaryimage","url":"https:\/\/www.bazarbonino.com\/store\/wp-content\/uploads\/2020\/04\/N340-Colore-Arancio-Neon-90Gr.-Diamond-Fx.jpg","contentUrl":"https:\/\/www.bazarbonino.com\/store\/wp-content\/uploads\/2020\/04\/N340-Colore-Arancio-Neon-90Gr.-Diamond-Fx.jpg","width":655,"height":480,"caption":"N340 - Colore Arancio Neon 90Gr. Diamond Fx"},{"@type":"BreadcrumbList","@id":"https:\/\/www.bazarbonino.com\/store\/prodotto\/n340-colore-arancio-neon-90gr-diamond-fx\/#breadcrumb","itemListElement":[{"@type":"ListItem","position":1,"name":"Home","item":"https:\/\/www.bazarbonino.com\/store\/"},{"@type":"ListItem","position":2,"name":"Catalogo","item":"https:\/\/www.bazarbonino.com\/store\/shop\/"},{"@type":"ListItem","position":3,"name":"N340 &#8211; Colore Arancio Neon 90Gr. Diamond Fx"}]},{"@type":"WebSite","@id":"https:\/\/www.bazarbonino.com\/store\/#website","url":"https:\/\/www.bazarbonino.com\/store\/","name":"BazarBonino","description":"","potentialAction":[{"@type":"SearchAction","target":{"@type":"EntryPoint","urlTemplate":"https:\/\/www.bazarbonino.com\/store\/?s={search_term_string}"},"query-input":{"@type":"PropertyValueSpecification","valueRequired":true,"valueName":"search_term_string"}}],"inLanguage":"it-IT"}]}},"_links":{"self":[{"href":"https:\/\/www.bazarbonino.com\/store\/wp-json\/wp\/v2\/product\/15472","targetHints":{"allow":["GET"]}}],"collection":[{"href":"https:\/\/www.bazarbonino.com\/store\/wp-json\/wp\/v2\/product"}],"about":[{"href":"https:\/\/www.bazarbonino.com\/store\/wp-json\/wp\/v2\/types\/product"}],"replies":[{"embeddable":true,"href":"https:\/\/www.bazarbonino.com\/store\/wp-json\/wp\/v2\/comments?post=15472"}],"wp:featuredmedia":[{"embeddable":true,"href":"https:\/\/www.bazarbonino.com\/store\/wp-json\/wp\/v2\/media\/15473"}],"wp:attachment":[{"href":"https:\/\/www.bazarbonino.com\/store\/wp-json\/wp\/v2\/media?parent=15472"}],"wp:term":[{"taxonomy":"product_brand","embeddable":true,"href":"https:\/\/www.bazarbonino.com\/store\/wp-json\/wp\/v2\/product_brand?post=15472"},{"taxonomy":"product_cat","embeddable":true,"href":"https:\/\/www.bazarbonino.com\/store\/wp-json\/wp\/v2\/product_cat?post=15472"},{"taxonomy":"product_tag","embeddable":true,"href":"https:\/\/www.bazarbonino.com\/store\/wp-json\/wp\/v2\/product_tag?post=15472"}],"curies":[{"name":"wp","href":"https:\/\/api.w.org\/{rel}","templated":true}]}}