{"id":15314,"date":"2020-04-28T16:31:11","date_gmt":"2020-04-28T14:31:11","guid":{"rendered":"https:\/\/www.bazarbonino.com\/store\/?post_type=product&#038;p=15314"},"modified":"2025-05-20T17:12:04","modified_gmt":"2025-05-20T15:12:04","slug":"es0011-ricambio-colore-grigio-scuro-essenziale-10gr-diamondfx","status":"publish","type":"product","link":"https:\/\/www.bazarbonino.com\/store\/prodotto\/es0011-ricambio-colore-grigio-scuro-essenziale-10gr-diamondfx\/","title":{"rendered":"ES0011 &#8211; Ricambio Colore Grigio Scuro Essenziale 10Gr. DiamondFx"},"content":{"rendered":"<h5>REFILL MURKY GREY ESSENTIAL 10 GR.<\/h5>\n<p>ES0011 &#8211; Ricambio Colore Grigio Scuro Essenziale 10Gr. DiamondFx, cialda per tavolozze, a base d&#8217;acqua per make-up, ha un alta concentrazione di pigmento. Si pu\u00f2 sovrapporre su qualsiasi colore, anche bianco su nero, pur mantenendo la sua luminosit\u00e0 e densit\u00e0.<br \/>\nE&#8217; facile da usare sia per lavori di precisione, a linea, che per spugnature. I ricambi sono disponibili\u00a0 in una vastissima gamma di colori, usati a livello professionale dai migliori make-up artist mondiali. I colori Diamond Fx dispongono di certificato EU ed FDA.<\/p>\n<p>Al termine del loro utilizzo si consiglia di lasciare aperta la cialda di colore di modo che si asciughi e non possano prolificare batteri. Allo stesso modo di consiglia sempre di pulire bene i pennelli utilizzati, possibilmente con il sapone specifico DFXS. Il colore si rimuove dalla pelle semplicemente con acqua, magari tiepida, e sapone.<\/p>\n","protected":false},"excerpt":{"rendered":"<div class=\"woocommerce-product-details__short-description\">\n<p>\u2014- ESAURITO IN RIORDINE \u2014-<\/p>\n<p>\u2014- DISPONIBILE NEL F.TO DA 32 GR. \u2014-<\/p>\n<\/div>\n","protected":false},"featured_media":15315,"comment_status":"closed","ping_status":"closed","template":"","meta":{"_et_pb_use_builder":"","_et_pb_old_content":"","_et_gb_content_width":""},"product_brand":[],"product_cat":[2095],"product_tag":[2092,1855],"class_list":{"0":"post-15314","1":"product","2":"type-product","3":"status-publish","4":"has-post-thumbnail","6":"product_cat-ricambio-colore-essenziale-10-gr-diamond-fx","7":"product_tag-colori-bodypainting-diamond-fx","8":"product_tag-colori-truccabimbi-diamond-fx","10":"first","11":"outofstock","12":"sale","13":"taxable","14":"shipping-taxable","15":"purchasable","16":"product-type-simple"},"yoast_head":"<!-- This site is optimized with the Yoast SEO plugin v27.4 - https:\/\/yoast.com\/product\/yoast-seo-wordpress\/ -->\n<title>ES0011 - Ricambio Colore Grigio Scuro Essenziale 10Gr. DiamondFx - BazarBonino<\/title>\n<meta name=\"description\" content=\"ES0011 - Ricambio Colore Grigio Scuro Essenziale 10Gr. DiamondFx, cialda per tavolozze, a base d&#039;acqua per make-up, ha un alta concentrazione di pigmento.\" \/>\n<meta name=\"robots\" content=\"index, follow, max-snippet:-1, max-image-preview:large, max-video-preview:-1\" \/>\n<link rel=\"canonical\" href=\"https:\/\/www.bazarbonino.com\/store\/prodotto\/es0011-ricambio-colore-grigio-scuro-essenziale-10gr-diamondfx\/\" \/>\n<meta property=\"og:locale\" content=\"it_IT\" \/>\n<meta property=\"og:type\" content=\"article\" \/>\n<meta property=\"og:title\" content=\"ES0011 - Ricambio Colore Grigio Scuro Essenziale 10Gr. DiamondFx - BazarBonino\" \/>\n<meta property=\"og:description\" content=\"ES0011 - Ricambio Colore Grigio Scuro Essenziale 10Gr. DiamondFx, cialda per tavolozze, a base d&#039;acqua per make-up, ha un alta concentrazione di pigmento.\" \/>\n<meta property=\"og:url\" content=\"https:\/\/www.bazarbonino.com\/store\/prodotto\/es0011-ricambio-colore-grigio-scuro-essenziale-10gr-diamondfx\/\" \/>\n<meta property=\"og:site_name\" content=\"BazarBonino\" \/>\n<meta property=\"article:publisher\" content=\"https:\/\/www.facebook.com\/bazar.bonino\" \/>\n<meta property=\"article:modified_time\" content=\"2025-05-20T15:12:04+00:00\" \/>\n<meta property=\"og:image\" content=\"https:\/\/www.bazarbonino.com\/store\/wp-content\/uploads\/2020\/04\/ES0011-Ricambio-Colore-Grigio-Scuro-Essenziale-10Gr.-DiamondFx.jpg\" \/>\n\t<meta property=\"og:image:width\" content=\"565\" \/>\n\t<meta property=\"og:image:height\" content=\"358\" \/>\n\t<meta property=\"og:image:type\" content=\"image\/jpeg\" \/>\n<meta name=\"twitter:card\" content=\"summary_large_image\" \/>\n<meta name=\"twitter:label1\" content=\"Tempo di lettura stimato\" \/>\n\t<meta name=\"twitter:data1\" content=\"1 minuto\" \/>\n<script type=\"application\/ld+json\" class=\"yoast-schema-graph\">{\"@context\":\"https:\\\/\\\/schema.org\",\"@graph\":[{\"@type\":\"WebPage\",\"@id\":\"https:\\\/\\\/www.bazarbonino.com\\\/store\\\/prodotto\\\/es0011-ricambio-colore-grigio-scuro-essenziale-10gr-diamondfx\\\/\",\"url\":\"https:\\\/\\\/www.bazarbonino.com\\\/store\\\/prodotto\\\/es0011-ricambio-colore-grigio-scuro-essenziale-10gr-diamondfx\\\/\",\"name\":\"ES0011 - Ricambio Colore Grigio Scuro Essenziale 10Gr. DiamondFx - BazarBonino\",\"isPartOf\":{\"@id\":\"https:\\\/\\\/www.bazarbonino.com\\\/store\\\/#website\"},\"primaryImageOfPage\":{\"@id\":\"https:\\\/\\\/www.bazarbonino.com\\\/store\\\/prodotto\\\/es0011-ricambio-colore-grigio-scuro-essenziale-10gr-diamondfx\\\/#primaryimage\"},\"image\":{\"@id\":\"https:\\\/\\\/www.bazarbonino.com\\\/store\\\/prodotto\\\/es0011-ricambio-colore-grigio-scuro-essenziale-10gr-diamondfx\\\/#primaryimage\"},\"thumbnailUrl\":\"https:\\\/\\\/www.bazarbonino.com\\\/store\\\/wp-content\\\/uploads\\\/2020\\\/04\\\/ES0011-Ricambio-Colore-Grigio-Scuro-Essenziale-10Gr.-DiamondFx.jpg\",\"datePublished\":\"2020-04-28T14:31:11+00:00\",\"dateModified\":\"2025-05-20T15:12:04+00:00\",\"description\":\"ES0011 - Ricambio Colore Grigio Scuro Essenziale 10Gr. DiamondFx, cialda per tavolozze, a base d'acqua per make-up, ha un alta concentrazione di pigmento.\",\"breadcrumb\":{\"@id\":\"https:\\\/\\\/www.bazarbonino.com\\\/store\\\/prodotto\\\/es0011-ricambio-colore-grigio-scuro-essenziale-10gr-diamondfx\\\/#breadcrumb\"},\"inLanguage\":\"it-IT\",\"potentialAction\":[{\"@type\":\"ReadAction\",\"target\":[\"https:\\\/\\\/www.bazarbonino.com\\\/store\\\/prodotto\\\/es0011-ricambio-colore-grigio-scuro-essenziale-10gr-diamondfx\\\/\"]}]},{\"@type\":\"ImageObject\",\"inLanguage\":\"it-IT\",\"@id\":\"https:\\\/\\\/www.bazarbonino.com\\\/store\\\/prodotto\\\/es0011-ricambio-colore-grigio-scuro-essenziale-10gr-diamondfx\\\/#primaryimage\",\"url\":\"https:\\\/\\\/www.bazarbonino.com\\\/store\\\/wp-content\\\/uploads\\\/2020\\\/04\\\/ES0011-Ricambio-Colore-Grigio-Scuro-Essenziale-10Gr.-DiamondFx.jpg\",\"contentUrl\":\"https:\\\/\\\/www.bazarbonino.com\\\/store\\\/wp-content\\\/uploads\\\/2020\\\/04\\\/ES0011-Ricambio-Colore-Grigio-Scuro-Essenziale-10Gr.-DiamondFx.jpg\",\"width\":565,\"height\":358,\"caption\":\"ES0011 - Ricambio Colore Grigio Scuro Essenziale 10Gr. DiamondFx\"},{\"@type\":\"BreadcrumbList\",\"@id\":\"https:\\\/\\\/www.bazarbonino.com\\\/store\\\/prodotto\\\/es0011-ricambio-colore-grigio-scuro-essenziale-10gr-diamondfx\\\/#breadcrumb\",\"itemListElement\":[{\"@type\":\"ListItem\",\"position\":1,\"name\":\"Home\",\"item\":\"https:\\\/\\\/www.bazarbonino.com\\\/store\\\/\"},{\"@type\":\"ListItem\",\"position\":2,\"name\":\"Catalogo\",\"item\":\"https:\\\/\\\/www.bazarbonino.com\\\/store\\\/shop\\\/\"},{\"@type\":\"ListItem\",\"position\":3,\"name\":\"ES0011 &#8211; Ricambio Colore Grigio Scuro Essenziale 10Gr. DiamondFx\"}]},{\"@type\":\"WebSite\",\"@id\":\"https:\\\/\\\/www.bazarbonino.com\\\/store\\\/#website\",\"url\":\"https:\\\/\\\/www.bazarbonino.com\\\/store\\\/\",\"name\":\"BazarBonino\",\"description\":\"\",\"potentialAction\":[{\"@type\":\"SearchAction\",\"target\":{\"@type\":\"EntryPoint\",\"urlTemplate\":\"https:\\\/\\\/www.bazarbonino.com\\\/store\\\/?s={search_term_string}\"},\"query-input\":{\"@type\":\"PropertyValueSpecification\",\"valueRequired\":true,\"valueName\":\"search_term_string\"}}],\"inLanguage\":\"it-IT\"}]}<\/script>\n<!-- \/ Yoast SEO plugin. -->","yoast_head_json":{"title":"ES0011 - Ricambio Colore Grigio Scuro Essenziale 10Gr. DiamondFx - BazarBonino","description":"ES0011 - Ricambio Colore Grigio Scuro Essenziale 10Gr. DiamondFx, cialda per tavolozze, a base d'acqua per make-up, ha un alta concentrazione di pigmento.","robots":{"index":"index","follow":"follow","max-snippet":"max-snippet:-1","max-image-preview":"max-image-preview:large","max-video-preview":"max-video-preview:-1"},"canonical":"https:\/\/www.bazarbonino.com\/store\/prodotto\/es0011-ricambio-colore-grigio-scuro-essenziale-10gr-diamondfx\/","og_locale":"it_IT","og_type":"article","og_title":"ES0011 - Ricambio Colore Grigio Scuro Essenziale 10Gr. DiamondFx - BazarBonino","og_description":"ES0011 - Ricambio Colore Grigio Scuro Essenziale 10Gr. DiamondFx, cialda per tavolozze, a base d'acqua per make-up, ha un alta concentrazione di pigmento.","og_url":"https:\/\/www.bazarbonino.com\/store\/prodotto\/es0011-ricambio-colore-grigio-scuro-essenziale-10gr-diamondfx\/","og_site_name":"BazarBonino","article_publisher":"https:\/\/www.facebook.com\/bazar.bonino","article_modified_time":"2025-05-20T15:12:04+00:00","og_image":[{"width":565,"height":358,"url":"https:\/\/www.bazarbonino.com\/store\/wp-content\/uploads\/2020\/04\/ES0011-Ricambio-Colore-Grigio-Scuro-Essenziale-10Gr.-DiamondFx.jpg","type":"image\/jpeg"}],"twitter_card":"summary_large_image","twitter_misc":{"Tempo di lettura stimato":"1 minuto"},"schema":{"@context":"https:\/\/schema.org","@graph":[{"@type":"WebPage","@id":"https:\/\/www.bazarbonino.com\/store\/prodotto\/es0011-ricambio-colore-grigio-scuro-essenziale-10gr-diamondfx\/","url":"https:\/\/www.bazarbonino.com\/store\/prodotto\/es0011-ricambio-colore-grigio-scuro-essenziale-10gr-diamondfx\/","name":"ES0011 - Ricambio Colore Grigio Scuro Essenziale 10Gr. DiamondFx - BazarBonino","isPartOf":{"@id":"https:\/\/www.bazarbonino.com\/store\/#website"},"primaryImageOfPage":{"@id":"https:\/\/www.bazarbonino.com\/store\/prodotto\/es0011-ricambio-colore-grigio-scuro-essenziale-10gr-diamondfx\/#primaryimage"},"image":{"@id":"https:\/\/www.bazarbonino.com\/store\/prodotto\/es0011-ricambio-colore-grigio-scuro-essenziale-10gr-diamondfx\/#primaryimage"},"thumbnailUrl":"https:\/\/www.bazarbonino.com\/store\/wp-content\/uploads\/2020\/04\/ES0011-Ricambio-Colore-Grigio-Scuro-Essenziale-10Gr.-DiamondFx.jpg","datePublished":"2020-04-28T14:31:11+00:00","dateModified":"2025-05-20T15:12:04+00:00","description":"ES0011 - Ricambio Colore Grigio Scuro Essenziale 10Gr. DiamondFx, cialda per tavolozze, a base d'acqua per make-up, ha un alta concentrazione di pigmento.","breadcrumb":{"@id":"https:\/\/www.bazarbonino.com\/store\/prodotto\/es0011-ricambio-colore-grigio-scuro-essenziale-10gr-diamondfx\/#breadcrumb"},"inLanguage":"it-IT","potentialAction":[{"@type":"ReadAction","target":["https:\/\/www.bazarbonino.com\/store\/prodotto\/es0011-ricambio-colore-grigio-scuro-essenziale-10gr-diamondfx\/"]}]},{"@type":"ImageObject","inLanguage":"it-IT","@id":"https:\/\/www.bazarbonino.com\/store\/prodotto\/es0011-ricambio-colore-grigio-scuro-essenziale-10gr-diamondfx\/#primaryimage","url":"https:\/\/www.bazarbonino.com\/store\/wp-content\/uploads\/2020\/04\/ES0011-Ricambio-Colore-Grigio-Scuro-Essenziale-10Gr.-DiamondFx.jpg","contentUrl":"https:\/\/www.bazarbonino.com\/store\/wp-content\/uploads\/2020\/04\/ES0011-Ricambio-Colore-Grigio-Scuro-Essenziale-10Gr.-DiamondFx.jpg","width":565,"height":358,"caption":"ES0011 - Ricambio Colore Grigio Scuro Essenziale 10Gr. DiamondFx"},{"@type":"BreadcrumbList","@id":"https:\/\/www.bazarbonino.com\/store\/prodotto\/es0011-ricambio-colore-grigio-scuro-essenziale-10gr-diamondfx\/#breadcrumb","itemListElement":[{"@type":"ListItem","position":1,"name":"Home","item":"https:\/\/www.bazarbonino.com\/store\/"},{"@type":"ListItem","position":2,"name":"Catalogo","item":"https:\/\/www.bazarbonino.com\/store\/shop\/"},{"@type":"ListItem","position":3,"name":"ES0011 &#8211; Ricambio Colore Grigio Scuro Essenziale 10Gr. DiamondFx"}]},{"@type":"WebSite","@id":"https:\/\/www.bazarbonino.com\/store\/#website","url":"https:\/\/www.bazarbonino.com\/store\/","name":"BazarBonino","description":"","potentialAction":[{"@type":"SearchAction","target":{"@type":"EntryPoint","urlTemplate":"https:\/\/www.bazarbonino.com\/store\/?s={search_term_string}"},"query-input":{"@type":"PropertyValueSpecification","valueRequired":true,"valueName":"search_term_string"}}],"inLanguage":"it-IT"}]}},"_links":{"self":[{"href":"https:\/\/www.bazarbonino.com\/store\/wp-json\/wp\/v2\/product\/15314","targetHints":{"allow":["GET"]}}],"collection":[{"href":"https:\/\/www.bazarbonino.com\/store\/wp-json\/wp\/v2\/product"}],"about":[{"href":"https:\/\/www.bazarbonino.com\/store\/wp-json\/wp\/v2\/types\/product"}],"replies":[{"embeddable":true,"href":"https:\/\/www.bazarbonino.com\/store\/wp-json\/wp\/v2\/comments?post=15314"}],"wp:featuredmedia":[{"embeddable":true,"href":"https:\/\/www.bazarbonino.com\/store\/wp-json\/wp\/v2\/media\/15315"}],"wp:attachment":[{"href":"https:\/\/www.bazarbonino.com\/store\/wp-json\/wp\/v2\/media?parent=15314"}],"wp:term":[{"taxonomy":"product_brand","embeddable":true,"href":"https:\/\/www.bazarbonino.com\/store\/wp-json\/wp\/v2\/product_brand?post=15314"},{"taxonomy":"product_cat","embeddable":true,"href":"https:\/\/www.bazarbonino.com\/store\/wp-json\/wp\/v2\/product_cat?post=15314"},{"taxonomy":"product_tag","embeddable":true,"href":"https:\/\/www.bazarbonino.com\/store\/wp-json\/wp\/v2\/product_tag?post=15314"}],"curies":[{"name":"wp","href":"https:\/\/api.w.org\/{rel}","templated":true}]}}