{"id":15275,"date":"2020-04-28T14:46:56","date_gmt":"2020-04-28T12:46:56","guid":{"rendered":"https:\/\/www.bazarbonino.com\/store\/?post_type=product&#038;p=15275"},"modified":"2022-08-31T17:10:56","modified_gmt":"2022-08-31T15:10:56","slug":"es3028-colore-lavanda-essenziale-90gr-diamond-fx","status":"publish","type":"product","link":"https:\/\/www.bazarbonino.com\/store\/prodotto\/es3028-colore-lavanda-essenziale-90gr-diamond-fx\/","title":{"rendered":"ES3028 &#8211; Colore Lavanda Essenziale 90Gr. Diamond Fx"},"content":{"rendered":"<p>LAVENDER ESSENTIAL 90 GR.<\/p>\n<p>ES3028 &#8211; Colore Lavanda Essenziale 90Gr. Diamond Fx, cialda a base d\u2019acqua per make-up, face e bodypainting ha un alta concentrazione di pigmento. Si pu\u00f2 sovropporre su qualsiasi colore, anche bianco su nero, pur mantenendo la sua luminosit\u00e0 e densit\u00e0.<br \/>\nE\u2019 facile da usare sia per lavori di precisione, a linea, che per spugnature. Disponibile\u00a0 in una vastissima gamma di colori, usato a livello professionale dai migliori make-up artist mondiali. Il contenitore della confezione da 90 grammi \u00e8 sovrapponibile e si\u00a0 possono avvitare in modo da poter impilare i tuoi colori preferiti in cima a viceversa, per lo stoccaggio semplice e veloce. Certificato EU ed FDA.<\/p>\n<p>EAN 8718053821627<\/p>\n","protected":false},"excerpt":{"rendered":"<p>LAVENDER ESSENTIAL 90 GR. ES3028 &#8211; Colore Lavanda Essenziale 90Gr. Diamond Fx, cialda a base d\u2019acqua per make-up, face e bodypainting ha un alta concentrazione di pigmento. Si pu\u00f2 sovropporre su qualsiasi colore, anche bianco su nero, pur mantenendo la sua luminosit\u00e0 e densit\u00e0. E\u2019 facile da usare sia per lavori di precisione, a linea, [&hellip;]<\/p>\n","protected":false},"featured_media":15276,"comment_status":"closed","ping_status":"closed","template":"","meta":{"_et_pb_use_builder":"","_et_pb_old_content":"","_et_gb_content_width":""},"product_brand":[],"product_cat":[2094],"product_tag":[493,2092,1092],"class_list":{"0":"post-15275","1":"product","2":"type-product","3":"status-publish","4":"has-post-thumbnail","6":"product_cat-colore-essenziale-90-gr-diamond-fx","7":"product_tag-colori-aquacolor-diamond-fx","8":"product_tag-colori-bodypainting-diamond-fx","9":"product_tag-colori-truccabimbi","11":"first","12":"instock","13":"sale","14":"taxable","15":"shipping-taxable","16":"purchasable","17":"product-type-simple"},"yoast_head":"<!-- This site is optimized with the Yoast SEO plugin v27.2 - https:\/\/yoast.com\/product\/yoast-seo-wordpress\/ -->\n<title>ES3028 - Colore Lavanda Essenziale 90Gr. Diamond Fx - BazarBonino<\/title>\n<meta name=\"description\" content=\"ES3028 - Colore Lavanda Essenziale 90Gr. Diamond Fx, cialda a base d\u2019acqua per make-up, face e bodypainting ha un alta concentrazione di pigmento.\" \/>\n<meta name=\"robots\" content=\"index, follow, max-snippet:-1, max-image-preview:large, max-video-preview:-1\" \/>\n<link rel=\"canonical\" href=\"https:\/\/www.bazarbonino.com\/store\/prodotto\/es3028-colore-lavanda-essenziale-90gr-diamond-fx\/\" \/>\n<meta property=\"og:locale\" content=\"it_IT\" \/>\n<meta property=\"og:type\" content=\"article\" \/>\n<meta property=\"og:title\" content=\"ES3028 - Colore Lavanda Essenziale 90Gr. Diamond Fx - BazarBonino\" \/>\n<meta property=\"og:description\" content=\"ES3028 - Colore Lavanda Essenziale 90Gr. Diamond Fx, cialda a base d\u2019acqua per make-up, face e bodypainting ha un alta concentrazione di pigmento.\" \/>\n<meta property=\"og:url\" content=\"https:\/\/www.bazarbonino.com\/store\/prodotto\/es3028-colore-lavanda-essenziale-90gr-diamond-fx\/\" \/>\n<meta property=\"og:site_name\" content=\"BazarBonino\" \/>\n<meta property=\"article:publisher\" content=\"https:\/\/www.facebook.com\/bazar.bonino\" \/>\n<meta property=\"article:modified_time\" content=\"2022-08-31T15:10:56+00:00\" \/>\n<meta property=\"og:image\" content=\"https:\/\/www.bazarbonino.com\/store\/wp-content\/uploads\/2020\/04\/ES3028-Colore-Lavanda-Essenziale-90Gr.-Diamond-Fx.jpg\" \/>\n\t<meta property=\"og:image:width\" content=\"640\" \/>\n\t<meta property=\"og:image:height\" content=\"529\" \/>\n\t<meta property=\"og:image:type\" content=\"image\/jpeg\" \/>\n<meta name=\"twitter:card\" content=\"summary_large_image\" \/>\n<meta name=\"twitter:label1\" content=\"Tempo di lettura stimato\" \/>\n\t<meta name=\"twitter:data1\" content=\"1 minuto\" \/>\n<script type=\"application\/ld+json\" class=\"yoast-schema-graph\">{\"@context\":\"https:\/\/schema.org\",\"@graph\":[{\"@type\":\"WebPage\",\"@id\":\"https:\/\/www.bazarbonino.com\/store\/prodotto\/es3028-colore-lavanda-essenziale-90gr-diamond-fx\/\",\"url\":\"https:\/\/www.bazarbonino.com\/store\/prodotto\/es3028-colore-lavanda-essenziale-90gr-diamond-fx\/\",\"name\":\"ES3028 - Colore Lavanda Essenziale 90Gr. Diamond Fx - BazarBonino\",\"isPartOf\":{\"@id\":\"https:\/\/www.bazarbonino.com\/store\/#website\"},\"primaryImageOfPage\":{\"@id\":\"https:\/\/www.bazarbonino.com\/store\/prodotto\/es3028-colore-lavanda-essenziale-90gr-diamond-fx\/#primaryimage\"},\"image\":{\"@id\":\"https:\/\/www.bazarbonino.com\/store\/prodotto\/es3028-colore-lavanda-essenziale-90gr-diamond-fx\/#primaryimage\"},\"thumbnailUrl\":\"https:\/\/www.bazarbonino.com\/store\/wp-content\/uploads\/2020\/04\/ES3028-Colore-Lavanda-Essenziale-90Gr.-Diamond-Fx.jpg\",\"datePublished\":\"2020-04-28T12:46:56+00:00\",\"dateModified\":\"2022-08-31T15:10:56+00:00\",\"description\":\"ES3028 - Colore Lavanda Essenziale 90Gr. Diamond Fx, cialda a base d\u2019acqua per make-up, face e bodypainting ha un alta concentrazione di pigmento.\",\"breadcrumb\":{\"@id\":\"https:\/\/www.bazarbonino.com\/store\/prodotto\/es3028-colore-lavanda-essenziale-90gr-diamond-fx\/#breadcrumb\"},\"inLanguage\":\"it-IT\",\"potentialAction\":[{\"@type\":\"ReadAction\",\"target\":[\"https:\/\/www.bazarbonino.com\/store\/prodotto\/es3028-colore-lavanda-essenziale-90gr-diamond-fx\/\"]}]},{\"@type\":\"ImageObject\",\"inLanguage\":\"it-IT\",\"@id\":\"https:\/\/www.bazarbonino.com\/store\/prodotto\/es3028-colore-lavanda-essenziale-90gr-diamond-fx\/#primaryimage\",\"url\":\"https:\/\/www.bazarbonino.com\/store\/wp-content\/uploads\/2020\/04\/ES3028-Colore-Lavanda-Essenziale-90Gr.-Diamond-Fx.jpg\",\"contentUrl\":\"https:\/\/www.bazarbonino.com\/store\/wp-content\/uploads\/2020\/04\/ES3028-Colore-Lavanda-Essenziale-90Gr.-Diamond-Fx.jpg\",\"width\":640,\"height\":529,\"caption\":\"ES3028 - Colore Lavanda Essenziale 90Gr. Diamond Fx\"},{\"@type\":\"BreadcrumbList\",\"@id\":\"https:\/\/www.bazarbonino.com\/store\/prodotto\/es3028-colore-lavanda-essenziale-90gr-diamond-fx\/#breadcrumb\",\"itemListElement\":[{\"@type\":\"ListItem\",\"position\":1,\"name\":\"Home\",\"item\":\"https:\/\/www.bazarbonino.com\/store\/\"},{\"@type\":\"ListItem\",\"position\":2,\"name\":\"Catalogo\",\"item\":\"https:\/\/www.bazarbonino.com\/store\/shop\/\"},{\"@type\":\"ListItem\",\"position\":3,\"name\":\"ES3028 &#8211; Colore Lavanda Essenziale 90Gr. Diamond Fx\"}]},{\"@type\":\"WebSite\",\"@id\":\"https:\/\/www.bazarbonino.com\/store\/#website\",\"url\":\"https:\/\/www.bazarbonino.com\/store\/\",\"name\":\"BazarBonino\",\"description\":\"\",\"potentialAction\":[{\"@type\":\"SearchAction\",\"target\":{\"@type\":\"EntryPoint\",\"urlTemplate\":\"https:\/\/www.bazarbonino.com\/store\/?s={search_term_string}\"},\"query-input\":{\"@type\":\"PropertyValueSpecification\",\"valueRequired\":true,\"valueName\":\"search_term_string\"}}],\"inLanguage\":\"it-IT\"}]}<\/script>\n<!-- \/ Yoast SEO plugin. -->","yoast_head_json":{"title":"ES3028 - Colore Lavanda Essenziale 90Gr. Diamond Fx - BazarBonino","description":"ES3028 - Colore Lavanda Essenziale 90Gr. Diamond Fx, cialda a base d\u2019acqua per make-up, face e bodypainting ha un alta concentrazione di pigmento.","robots":{"index":"index","follow":"follow","max-snippet":"max-snippet:-1","max-image-preview":"max-image-preview:large","max-video-preview":"max-video-preview:-1"},"canonical":"https:\/\/www.bazarbonino.com\/store\/prodotto\/es3028-colore-lavanda-essenziale-90gr-diamond-fx\/","og_locale":"it_IT","og_type":"article","og_title":"ES3028 - Colore Lavanda Essenziale 90Gr. Diamond Fx - BazarBonino","og_description":"ES3028 - Colore Lavanda Essenziale 90Gr. Diamond Fx, cialda a base d\u2019acqua per make-up, face e bodypainting ha un alta concentrazione di pigmento.","og_url":"https:\/\/www.bazarbonino.com\/store\/prodotto\/es3028-colore-lavanda-essenziale-90gr-diamond-fx\/","og_site_name":"BazarBonino","article_publisher":"https:\/\/www.facebook.com\/bazar.bonino","article_modified_time":"2022-08-31T15:10:56+00:00","og_image":[{"width":640,"height":529,"url":"https:\/\/www.bazarbonino.com\/store\/wp-content\/uploads\/2020\/04\/ES3028-Colore-Lavanda-Essenziale-90Gr.-Diamond-Fx.jpg","type":"image\/jpeg"}],"twitter_card":"summary_large_image","twitter_misc":{"Tempo di lettura stimato":"1 minuto"},"schema":{"@context":"https:\/\/schema.org","@graph":[{"@type":"WebPage","@id":"https:\/\/www.bazarbonino.com\/store\/prodotto\/es3028-colore-lavanda-essenziale-90gr-diamond-fx\/","url":"https:\/\/www.bazarbonino.com\/store\/prodotto\/es3028-colore-lavanda-essenziale-90gr-diamond-fx\/","name":"ES3028 - Colore Lavanda Essenziale 90Gr. Diamond Fx - BazarBonino","isPartOf":{"@id":"https:\/\/www.bazarbonino.com\/store\/#website"},"primaryImageOfPage":{"@id":"https:\/\/www.bazarbonino.com\/store\/prodotto\/es3028-colore-lavanda-essenziale-90gr-diamond-fx\/#primaryimage"},"image":{"@id":"https:\/\/www.bazarbonino.com\/store\/prodotto\/es3028-colore-lavanda-essenziale-90gr-diamond-fx\/#primaryimage"},"thumbnailUrl":"https:\/\/www.bazarbonino.com\/store\/wp-content\/uploads\/2020\/04\/ES3028-Colore-Lavanda-Essenziale-90Gr.-Diamond-Fx.jpg","datePublished":"2020-04-28T12:46:56+00:00","dateModified":"2022-08-31T15:10:56+00:00","description":"ES3028 - Colore Lavanda Essenziale 90Gr. Diamond Fx, cialda a base d\u2019acqua per make-up, face e bodypainting ha un alta concentrazione di pigmento.","breadcrumb":{"@id":"https:\/\/www.bazarbonino.com\/store\/prodotto\/es3028-colore-lavanda-essenziale-90gr-diamond-fx\/#breadcrumb"},"inLanguage":"it-IT","potentialAction":[{"@type":"ReadAction","target":["https:\/\/www.bazarbonino.com\/store\/prodotto\/es3028-colore-lavanda-essenziale-90gr-diamond-fx\/"]}]},{"@type":"ImageObject","inLanguage":"it-IT","@id":"https:\/\/www.bazarbonino.com\/store\/prodotto\/es3028-colore-lavanda-essenziale-90gr-diamond-fx\/#primaryimage","url":"https:\/\/www.bazarbonino.com\/store\/wp-content\/uploads\/2020\/04\/ES3028-Colore-Lavanda-Essenziale-90Gr.-Diamond-Fx.jpg","contentUrl":"https:\/\/www.bazarbonino.com\/store\/wp-content\/uploads\/2020\/04\/ES3028-Colore-Lavanda-Essenziale-90Gr.-Diamond-Fx.jpg","width":640,"height":529,"caption":"ES3028 - Colore Lavanda Essenziale 90Gr. Diamond Fx"},{"@type":"BreadcrumbList","@id":"https:\/\/www.bazarbonino.com\/store\/prodotto\/es3028-colore-lavanda-essenziale-90gr-diamond-fx\/#breadcrumb","itemListElement":[{"@type":"ListItem","position":1,"name":"Home","item":"https:\/\/www.bazarbonino.com\/store\/"},{"@type":"ListItem","position":2,"name":"Catalogo","item":"https:\/\/www.bazarbonino.com\/store\/shop\/"},{"@type":"ListItem","position":3,"name":"ES3028 &#8211; Colore Lavanda Essenziale 90Gr. Diamond Fx"}]},{"@type":"WebSite","@id":"https:\/\/www.bazarbonino.com\/store\/#website","url":"https:\/\/www.bazarbonino.com\/store\/","name":"BazarBonino","description":"","potentialAction":[{"@type":"SearchAction","target":{"@type":"EntryPoint","urlTemplate":"https:\/\/www.bazarbonino.com\/store\/?s={search_term_string}"},"query-input":{"@type":"PropertyValueSpecification","valueRequired":true,"valueName":"search_term_string"}}],"inLanguage":"it-IT"}]}},"_links":{"self":[{"href":"https:\/\/www.bazarbonino.com\/store\/wp-json\/wp\/v2\/product\/15275","targetHints":{"allow":["GET"]}}],"collection":[{"href":"https:\/\/www.bazarbonino.com\/store\/wp-json\/wp\/v2\/product"}],"about":[{"href":"https:\/\/www.bazarbonino.com\/store\/wp-json\/wp\/v2\/types\/product"}],"replies":[{"embeddable":true,"href":"https:\/\/www.bazarbonino.com\/store\/wp-json\/wp\/v2\/comments?post=15275"}],"wp:featuredmedia":[{"embeddable":true,"href":"https:\/\/www.bazarbonino.com\/store\/wp-json\/wp\/v2\/media\/15276"}],"wp:attachment":[{"href":"https:\/\/www.bazarbonino.com\/store\/wp-json\/wp\/v2\/media?parent=15275"}],"wp:term":[{"taxonomy":"product_brand","embeddable":true,"href":"https:\/\/www.bazarbonino.com\/store\/wp-json\/wp\/v2\/product_brand?post=15275"},{"taxonomy":"product_cat","embeddable":true,"href":"https:\/\/www.bazarbonino.com\/store\/wp-json\/wp\/v2\/product_cat?post=15275"},{"taxonomy":"product_tag","embeddable":true,"href":"https:\/\/www.bazarbonino.com\/store\/wp-json\/wp\/v2\/product_tag?post=15275"}],"curies":[{"name":"wp","href":"https:\/\/api.w.org\/{rel}","templated":true}]}}