{"id":15117,"date":"2020-04-27T15:04:59","date_gmt":"2020-04-27T13:04:59","guid":{"rendered":"https:\/\/www.bazarbonino.com\/store\/?post_type=product&#038;p=15117"},"modified":"2022-08-31T16:41:40","modified_gmt":"2022-08-31T14:41:40","slug":"es1036-colore-rosa-chiaro-essenziale-32gr-diamond-fx","status":"publish","type":"product","link":"https:\/\/www.bazarbonino.com\/store\/prodotto\/es1036-colore-rosa-chiaro-essenziale-32gr-diamond-fx\/","title":{"rendered":"ES1036 &#8211; Colore Rosa Chiaro Essenziale 32Gr. Diamond Fx"},"content":{"rendered":"<h5>LIGHT PINK ESSENTIAL 32GR.<\/h5>\n<p>ES1036 &#8211; Colore Rosa Chiaro Essenziale 32Gr. Diamond Fx, cialda a base d\u2019acqua per make-up, ha un alta concentrazione di pigmento e colori vivaci. Si pu\u00f2 sovrapporre su qualsiasi colore, anche bianco su nero, pur mantenendo la sua luminosit\u00e0 e densit\u00e0.<br \/>\nE\u2019 facile da usare sia per lavori di precisione, a linea, che per spugnature. Disponibile\u00a0 in una vastissima gamma di colori, usato a livello professionale dai migliori make-up artist mondiali.<\/p>\n<p>Al termine del loro utilizzo si consiglia di lasciare aperta la cialda di colore di modo che si asciughi e non possano prolificare batteri. Allo stesso modo di consiglia sempre di pulire bene i pennelli utilizzati, possibilmente con il sapone specifico DFXS. Il colore si rimuove dalla pelle semplicemente con acqua, magari tiepida, e sapone.<\/p>\n<p>I colori Diamond Fx dispongono di certificato EU ed FDA.<\/p>\n<p>EAN 871805382668<\/p>\n","protected":false},"excerpt":{"rendered":"<p>LIGHT PINK ESSENTIAL 32GR. ES1036 &#8211; Colore Rosa Chiaro Essenziale 32Gr. Diamond Fx, cialda a base d\u2019acqua per make-up, ha un alta concentrazione di pigmento e colori vivaci. Si pu\u00f2 sovrapporre su qualsiasi colore, anche bianco su nero, pur mantenendo la sua luminosit\u00e0 e densit\u00e0. E\u2019 facile da usare sia per lavori di precisione, a [&hellip;]<\/p>\n","protected":false},"featured_media":15118,"comment_status":"closed","ping_status":"closed","template":"","meta":{"_et_pb_use_builder":"","_et_pb_old_content":"","_et_gb_content_width":""},"product_brand":[],"product_cat":[2091],"product_tag":[2092,1855],"class_list":{"0":"post-15117","1":"product","2":"type-product","3":"status-publish","4":"has-post-thumbnail","6":"product_cat-colore-essenziale-32-gr-diamond-fx","7":"product_tag-colori-bodypainting-diamond-fx","8":"product_tag-colori-truccabimbi-diamond-fx","10":"first","11":"instock","12":"sale","13":"taxable","14":"shipping-taxable","15":"purchasable","16":"product-type-simple"},"yoast_head":"<!-- This site is optimized with the Yoast SEO plugin v27.4 - https:\/\/yoast.com\/product\/yoast-seo-wordpress\/ -->\n<title>ES1036 - Colore Rosa Chiaro Essenziale 32Gr. Diamond Fx - BazarBonino<\/title>\n<meta name=\"description\" content=\"ES1036 - Colore Rosa Chiaro Essenziale 32Gr. Diamond Fx, cialda a base d\u2019acqua per make-up, ha un alta concentrazione di pigmento e colori vivaci.\" \/>\n<meta name=\"robots\" content=\"index, follow, max-snippet:-1, max-image-preview:large, max-video-preview:-1\" \/>\n<link rel=\"canonical\" href=\"https:\/\/www.bazarbonino.com\/store\/prodotto\/es1036-colore-rosa-chiaro-essenziale-32gr-diamond-fx\/\" \/>\n<meta property=\"og:locale\" content=\"it_IT\" \/>\n<meta property=\"og:type\" content=\"article\" \/>\n<meta property=\"og:title\" content=\"ES1036 - Colore Rosa Chiaro Essenziale 32Gr. Diamond Fx - BazarBonino\" \/>\n<meta property=\"og:description\" content=\"ES1036 - Colore Rosa Chiaro Essenziale 32Gr. Diamond Fx, cialda a base d\u2019acqua per make-up, ha un alta concentrazione di pigmento e colori vivaci.\" \/>\n<meta property=\"og:url\" content=\"https:\/\/www.bazarbonino.com\/store\/prodotto\/es1036-colore-rosa-chiaro-essenziale-32gr-diamond-fx\/\" \/>\n<meta property=\"og:site_name\" content=\"BazarBonino\" \/>\n<meta property=\"article:publisher\" content=\"https:\/\/www.facebook.com\/bazar.bonino\" \/>\n<meta property=\"article:modified_time\" content=\"2022-08-31T14:41:40+00:00\" \/>\n<meta property=\"og:image\" content=\"https:\/\/www.bazarbonino.com\/store\/wp-content\/uploads\/2020\/04\/ES1036-Colore-Rosa-Chiaro-Essenziale-32Gr.-Diamond-Fx.jpg\" \/>\n\t<meta property=\"og:image:width\" content=\"836\" \/>\n\t<meta property=\"og:image:height\" content=\"480\" \/>\n\t<meta property=\"og:image:type\" content=\"image\/jpeg\" \/>\n<meta name=\"twitter:card\" content=\"summary_large_image\" \/>\n<meta name=\"twitter:label1\" content=\"Tempo di lettura stimato\" \/>\n\t<meta name=\"twitter:data1\" content=\"1 minuto\" \/>\n<script type=\"application\/ld+json\" class=\"yoast-schema-graph\">{\"@context\":\"https:\\\/\\\/schema.org\",\"@graph\":[{\"@type\":\"WebPage\",\"@id\":\"https:\\\/\\\/www.bazarbonino.com\\\/store\\\/prodotto\\\/es1036-colore-rosa-chiaro-essenziale-32gr-diamond-fx\\\/\",\"url\":\"https:\\\/\\\/www.bazarbonino.com\\\/store\\\/prodotto\\\/es1036-colore-rosa-chiaro-essenziale-32gr-diamond-fx\\\/\",\"name\":\"ES1036 - Colore Rosa Chiaro Essenziale 32Gr. Diamond Fx - BazarBonino\",\"isPartOf\":{\"@id\":\"https:\\\/\\\/www.bazarbonino.com\\\/store\\\/#website\"},\"primaryImageOfPage\":{\"@id\":\"https:\\\/\\\/www.bazarbonino.com\\\/store\\\/prodotto\\\/es1036-colore-rosa-chiaro-essenziale-32gr-diamond-fx\\\/#primaryimage\"},\"image\":{\"@id\":\"https:\\\/\\\/www.bazarbonino.com\\\/store\\\/prodotto\\\/es1036-colore-rosa-chiaro-essenziale-32gr-diamond-fx\\\/#primaryimage\"},\"thumbnailUrl\":\"https:\\\/\\\/www.bazarbonino.com\\\/store\\\/wp-content\\\/uploads\\\/2020\\\/04\\\/ES1036-Colore-Rosa-Chiaro-Essenziale-32Gr.-Diamond-Fx.jpg\",\"datePublished\":\"2020-04-27T13:04:59+00:00\",\"dateModified\":\"2022-08-31T14:41:40+00:00\",\"description\":\"ES1036 - Colore Rosa Chiaro Essenziale 32Gr. Diamond Fx, cialda a base d\u2019acqua per make-up, ha un alta concentrazione di pigmento e colori vivaci.\",\"breadcrumb\":{\"@id\":\"https:\\\/\\\/www.bazarbonino.com\\\/store\\\/prodotto\\\/es1036-colore-rosa-chiaro-essenziale-32gr-diamond-fx\\\/#breadcrumb\"},\"inLanguage\":\"it-IT\",\"potentialAction\":[{\"@type\":\"ReadAction\",\"target\":[\"https:\\\/\\\/www.bazarbonino.com\\\/store\\\/prodotto\\\/es1036-colore-rosa-chiaro-essenziale-32gr-diamond-fx\\\/\"]}]},{\"@type\":\"ImageObject\",\"inLanguage\":\"it-IT\",\"@id\":\"https:\\\/\\\/www.bazarbonino.com\\\/store\\\/prodotto\\\/es1036-colore-rosa-chiaro-essenziale-32gr-diamond-fx\\\/#primaryimage\",\"url\":\"https:\\\/\\\/www.bazarbonino.com\\\/store\\\/wp-content\\\/uploads\\\/2020\\\/04\\\/ES1036-Colore-Rosa-Chiaro-Essenziale-32Gr.-Diamond-Fx.jpg\",\"contentUrl\":\"https:\\\/\\\/www.bazarbonino.com\\\/store\\\/wp-content\\\/uploads\\\/2020\\\/04\\\/ES1036-Colore-Rosa-Chiaro-Essenziale-32Gr.-Diamond-Fx.jpg\",\"width\":836,\"height\":480,\"caption\":\"ES1036 - Colore Rosa Chiaro Essenziale 32Gr. Diamond Fx\"},{\"@type\":\"BreadcrumbList\",\"@id\":\"https:\\\/\\\/www.bazarbonino.com\\\/store\\\/prodotto\\\/es1036-colore-rosa-chiaro-essenziale-32gr-diamond-fx\\\/#breadcrumb\",\"itemListElement\":[{\"@type\":\"ListItem\",\"position\":1,\"name\":\"Home\",\"item\":\"https:\\\/\\\/www.bazarbonino.com\\\/store\\\/\"},{\"@type\":\"ListItem\",\"position\":2,\"name\":\"Catalogo\",\"item\":\"https:\\\/\\\/www.bazarbonino.com\\\/store\\\/shop\\\/\"},{\"@type\":\"ListItem\",\"position\":3,\"name\":\"ES1036 &#8211; Colore Rosa Chiaro Essenziale 32Gr. Diamond Fx\"}]},{\"@type\":\"WebSite\",\"@id\":\"https:\\\/\\\/www.bazarbonino.com\\\/store\\\/#website\",\"url\":\"https:\\\/\\\/www.bazarbonino.com\\\/store\\\/\",\"name\":\"BazarBonino\",\"description\":\"\",\"potentialAction\":[{\"@type\":\"SearchAction\",\"target\":{\"@type\":\"EntryPoint\",\"urlTemplate\":\"https:\\\/\\\/www.bazarbonino.com\\\/store\\\/?s={search_term_string}\"},\"query-input\":{\"@type\":\"PropertyValueSpecification\",\"valueRequired\":true,\"valueName\":\"search_term_string\"}}],\"inLanguage\":\"it-IT\"}]}<\/script>\n<!-- \/ Yoast SEO plugin. -->","yoast_head_json":{"title":"ES1036 - Colore Rosa Chiaro Essenziale 32Gr. Diamond Fx - BazarBonino","description":"ES1036 - Colore Rosa Chiaro Essenziale 32Gr. Diamond Fx, cialda a base d\u2019acqua per make-up, ha un alta concentrazione di pigmento e colori vivaci.","robots":{"index":"index","follow":"follow","max-snippet":"max-snippet:-1","max-image-preview":"max-image-preview:large","max-video-preview":"max-video-preview:-1"},"canonical":"https:\/\/www.bazarbonino.com\/store\/prodotto\/es1036-colore-rosa-chiaro-essenziale-32gr-diamond-fx\/","og_locale":"it_IT","og_type":"article","og_title":"ES1036 - Colore Rosa Chiaro Essenziale 32Gr. Diamond Fx - BazarBonino","og_description":"ES1036 - Colore Rosa Chiaro Essenziale 32Gr. Diamond Fx, cialda a base d\u2019acqua per make-up, ha un alta concentrazione di pigmento e colori vivaci.","og_url":"https:\/\/www.bazarbonino.com\/store\/prodotto\/es1036-colore-rosa-chiaro-essenziale-32gr-diamond-fx\/","og_site_name":"BazarBonino","article_publisher":"https:\/\/www.facebook.com\/bazar.bonino","article_modified_time":"2022-08-31T14:41:40+00:00","og_image":[{"width":836,"height":480,"url":"https:\/\/www.bazarbonino.com\/store\/wp-content\/uploads\/2020\/04\/ES1036-Colore-Rosa-Chiaro-Essenziale-32Gr.-Diamond-Fx.jpg","type":"image\/jpeg"}],"twitter_card":"summary_large_image","twitter_misc":{"Tempo di lettura stimato":"1 minuto"},"schema":{"@context":"https:\/\/schema.org","@graph":[{"@type":"WebPage","@id":"https:\/\/www.bazarbonino.com\/store\/prodotto\/es1036-colore-rosa-chiaro-essenziale-32gr-diamond-fx\/","url":"https:\/\/www.bazarbonino.com\/store\/prodotto\/es1036-colore-rosa-chiaro-essenziale-32gr-diamond-fx\/","name":"ES1036 - Colore Rosa Chiaro Essenziale 32Gr. Diamond Fx - BazarBonino","isPartOf":{"@id":"https:\/\/www.bazarbonino.com\/store\/#website"},"primaryImageOfPage":{"@id":"https:\/\/www.bazarbonino.com\/store\/prodotto\/es1036-colore-rosa-chiaro-essenziale-32gr-diamond-fx\/#primaryimage"},"image":{"@id":"https:\/\/www.bazarbonino.com\/store\/prodotto\/es1036-colore-rosa-chiaro-essenziale-32gr-diamond-fx\/#primaryimage"},"thumbnailUrl":"https:\/\/www.bazarbonino.com\/store\/wp-content\/uploads\/2020\/04\/ES1036-Colore-Rosa-Chiaro-Essenziale-32Gr.-Diamond-Fx.jpg","datePublished":"2020-04-27T13:04:59+00:00","dateModified":"2022-08-31T14:41:40+00:00","description":"ES1036 - Colore Rosa Chiaro Essenziale 32Gr. Diamond Fx, cialda a base d\u2019acqua per make-up, ha un alta concentrazione di pigmento e colori vivaci.","breadcrumb":{"@id":"https:\/\/www.bazarbonino.com\/store\/prodotto\/es1036-colore-rosa-chiaro-essenziale-32gr-diamond-fx\/#breadcrumb"},"inLanguage":"it-IT","potentialAction":[{"@type":"ReadAction","target":["https:\/\/www.bazarbonino.com\/store\/prodotto\/es1036-colore-rosa-chiaro-essenziale-32gr-diamond-fx\/"]}]},{"@type":"ImageObject","inLanguage":"it-IT","@id":"https:\/\/www.bazarbonino.com\/store\/prodotto\/es1036-colore-rosa-chiaro-essenziale-32gr-diamond-fx\/#primaryimage","url":"https:\/\/www.bazarbonino.com\/store\/wp-content\/uploads\/2020\/04\/ES1036-Colore-Rosa-Chiaro-Essenziale-32Gr.-Diamond-Fx.jpg","contentUrl":"https:\/\/www.bazarbonino.com\/store\/wp-content\/uploads\/2020\/04\/ES1036-Colore-Rosa-Chiaro-Essenziale-32Gr.-Diamond-Fx.jpg","width":836,"height":480,"caption":"ES1036 - Colore Rosa Chiaro Essenziale 32Gr. Diamond Fx"},{"@type":"BreadcrumbList","@id":"https:\/\/www.bazarbonino.com\/store\/prodotto\/es1036-colore-rosa-chiaro-essenziale-32gr-diamond-fx\/#breadcrumb","itemListElement":[{"@type":"ListItem","position":1,"name":"Home","item":"https:\/\/www.bazarbonino.com\/store\/"},{"@type":"ListItem","position":2,"name":"Catalogo","item":"https:\/\/www.bazarbonino.com\/store\/shop\/"},{"@type":"ListItem","position":3,"name":"ES1036 &#8211; Colore Rosa Chiaro Essenziale 32Gr. Diamond Fx"}]},{"@type":"WebSite","@id":"https:\/\/www.bazarbonino.com\/store\/#website","url":"https:\/\/www.bazarbonino.com\/store\/","name":"BazarBonino","description":"","potentialAction":[{"@type":"SearchAction","target":{"@type":"EntryPoint","urlTemplate":"https:\/\/www.bazarbonino.com\/store\/?s={search_term_string}"},"query-input":{"@type":"PropertyValueSpecification","valueRequired":true,"valueName":"search_term_string"}}],"inLanguage":"it-IT"}]}},"_links":{"self":[{"href":"https:\/\/www.bazarbonino.com\/store\/wp-json\/wp\/v2\/product\/15117","targetHints":{"allow":["GET"]}}],"collection":[{"href":"https:\/\/www.bazarbonino.com\/store\/wp-json\/wp\/v2\/product"}],"about":[{"href":"https:\/\/www.bazarbonino.com\/store\/wp-json\/wp\/v2\/types\/product"}],"replies":[{"embeddable":true,"href":"https:\/\/www.bazarbonino.com\/store\/wp-json\/wp\/v2\/comments?post=15117"}],"wp:featuredmedia":[{"embeddable":true,"href":"https:\/\/www.bazarbonino.com\/store\/wp-json\/wp\/v2\/media\/15118"}],"wp:attachment":[{"href":"https:\/\/www.bazarbonino.com\/store\/wp-json\/wp\/v2\/media?parent=15117"}],"wp:term":[{"taxonomy":"product_brand","embeddable":true,"href":"https:\/\/www.bazarbonino.com\/store\/wp-json\/wp\/v2\/product_brand?post=15117"},{"taxonomy":"product_cat","embeddable":true,"href":"https:\/\/www.bazarbonino.com\/store\/wp-json\/wp\/v2\/product_cat?post=15117"},{"taxonomy":"product_tag","embeddable":true,"href":"https:\/\/www.bazarbonino.com\/store\/wp-json\/wp\/v2\/product_tag?post=15117"}],"curies":[{"name":"wp","href":"https:\/\/api.w.org\/{rel}","templated":true}]}}