{"id":14859,"date":"2020-04-13T08:49:45","date_gmt":"2020-04-13T06:49:45","guid":{"rendered":"https:\/\/www.bazarbonino.com\/store\/?post_type=product&#038;p=14859"},"modified":"2020-04-13T08:56:46","modified_gmt":"2020-04-13T06:56:46","slug":"cmbean-cartoncino-mr-bean-realistico","status":"publish","type":"product","link":"https:\/\/www.bazarbonino.com\/store\/prodotto\/cmbean-cartoncino-mr-bean-realistico\/","title":{"rendered":"CMBEAN &#8211; Cartoncino Mr. Bean Realistico"},"content":{"rendered":"<p>CMBEAN &#8211; Cartoncino Mr. Bean Realistico <span class=\"tlid-translation translation\" lang=\"it\"><span title=\"\">Il pezzo perfetto per le feste!<\/span> <span class=\"\" title=\"\">Il nostro ufficiale Mr Bean (interpretato da Rowan Atkinson) Standee \u00e8 perfetto per le scenografie della tua festa.<\/span> <span title=\"\">Ogni standee \u00e8 realizzato in cartone resistente di alta qualit\u00e0.<\/span> <span class=\"\" title=\"\">Questa figura realistica misura 180 cm di altezza x 64 cm di larghezza.<\/span><\/span><\/p>\n","protected":false},"excerpt":{"rendered":"<p>CMBEAN &#8211; Cartoncino Mr. Bean Realistico Il pezzo perfetto per le feste! Il nostro ufficiale Mr Bean (interpretato da Rowan Atkinson) Standee \u00e8 perfetto per le scenografie della tua festa. Ogni standee \u00e8 realizzato in cartone resistente di alta qualit\u00e0. Questa figura realistica misura 180 cm di altezza x 64 cm di larghezza.<\/p>\n","protected":false},"featured_media":14860,"comment_status":"closed","ping_status":"closed","template":"","meta":{"_et_pb_use_builder":"","_et_pb_old_content":"","_et_gb_content_width":""},"product_brand":[],"product_cat":[2088],"product_tag":[188],"class_list":{"0":"post-14859","1":"product","2":"type-product","3":"status-publish","4":"has-post-thumbnail","6":"product_cat-maschere-in-cartoncino-mask-arade","7":"product_tag-bazar-bonino","9":"first","10":"outofstock","11":"taxable","12":"shipping-taxable","13":"purchasable","14":"product-type-simple"},"yoast_head":"<!-- This site is optimized with the Yoast SEO plugin v27.4 - https:\/\/yoast.com\/product\/yoast-seo-wordpress\/ -->\n<title>CMBEAN - Cartoncino Mr. Bean Realistico - BazarBonino<\/title>\n<meta name=\"description\" content=\"CMBEAN - Cartoncino Mr. Bean Realistico Il pezzo perfetto per le feste! Mr Bean (interpretato da Rowan Atkinson) \u00e8 perfetto per la tua festa. Cm.180x64\" \/>\n<meta name=\"robots\" content=\"index, follow, max-snippet:-1, max-image-preview:large, max-video-preview:-1\" \/>\n<link rel=\"canonical\" href=\"https:\/\/www.bazarbonino.com\/store\/prodotto\/cmbean-cartoncino-mr-bean-realistico\/\" \/>\n<meta property=\"og:locale\" content=\"it_IT\" \/>\n<meta property=\"og:type\" content=\"article\" \/>\n<meta property=\"og:title\" content=\"CMBEAN - Cartoncino Mr. Bean Realistico - BazarBonino\" \/>\n<meta property=\"og:description\" content=\"CMBEAN - Cartoncino Mr. Bean Realistico Il pezzo perfetto per le feste! Mr Bean (interpretato da Rowan Atkinson) \u00e8 perfetto per la tua festa. Cm.180x64\" \/>\n<meta property=\"og:url\" content=\"https:\/\/www.bazarbonino.com\/store\/prodotto\/cmbean-cartoncino-mr-bean-realistico\/\" \/>\n<meta property=\"og:site_name\" content=\"BazarBonino\" \/>\n<meta property=\"article:publisher\" content=\"https:\/\/www.facebook.com\/bazar.bonino\" \/>\n<meta property=\"article:modified_time\" content=\"2020-04-13T06:56:46+00:00\" \/>\n<meta property=\"og:image\" content=\"https:\/\/www.bazarbonino.com\/store\/wp-content\/uploads\/2020\/04\/CMBEAN-Cartoncino-Mr.-Bean-Realistico.jpg\" \/>\n\t<meta property=\"og:image:width\" content=\"608\" \/>\n\t<meta property=\"og:image:height\" content=\"608\" \/>\n\t<meta property=\"og:image:type\" content=\"image\/jpeg\" \/>\n<meta name=\"twitter:card\" content=\"summary_large_image\" \/>\n<script type=\"application\/ld+json\" class=\"yoast-schema-graph\">{\"@context\":\"https:\\\/\\\/schema.org\",\"@graph\":[{\"@type\":\"WebPage\",\"@id\":\"https:\\\/\\\/www.bazarbonino.com\\\/store\\\/prodotto\\\/cmbean-cartoncino-mr-bean-realistico\\\/\",\"url\":\"https:\\\/\\\/www.bazarbonino.com\\\/store\\\/prodotto\\\/cmbean-cartoncino-mr-bean-realistico\\\/\",\"name\":\"CMBEAN - Cartoncino Mr. Bean Realistico - BazarBonino\",\"isPartOf\":{\"@id\":\"https:\\\/\\\/www.bazarbonino.com\\\/store\\\/#website\"},\"primaryImageOfPage\":{\"@id\":\"https:\\\/\\\/www.bazarbonino.com\\\/store\\\/prodotto\\\/cmbean-cartoncino-mr-bean-realistico\\\/#primaryimage\"},\"image\":{\"@id\":\"https:\\\/\\\/www.bazarbonino.com\\\/store\\\/prodotto\\\/cmbean-cartoncino-mr-bean-realistico\\\/#primaryimage\"},\"thumbnailUrl\":\"https:\\\/\\\/www.bazarbonino.com\\\/store\\\/wp-content\\\/uploads\\\/2020\\\/04\\\/CMBEAN-Cartoncino-Mr.-Bean-Realistico.jpg\",\"datePublished\":\"2020-04-13T06:49:45+00:00\",\"dateModified\":\"2020-04-13T06:56:46+00:00\",\"description\":\"CMBEAN - Cartoncino Mr. Bean Realistico Il pezzo perfetto per le feste! Mr Bean (interpretato da Rowan Atkinson) \u00e8 perfetto per la tua festa. Cm.180x64\",\"breadcrumb\":{\"@id\":\"https:\\\/\\\/www.bazarbonino.com\\\/store\\\/prodotto\\\/cmbean-cartoncino-mr-bean-realistico\\\/#breadcrumb\"},\"inLanguage\":\"it-IT\",\"potentialAction\":[{\"@type\":\"ReadAction\",\"target\":[\"https:\\\/\\\/www.bazarbonino.com\\\/store\\\/prodotto\\\/cmbean-cartoncino-mr-bean-realistico\\\/\"]}]},{\"@type\":\"ImageObject\",\"inLanguage\":\"it-IT\",\"@id\":\"https:\\\/\\\/www.bazarbonino.com\\\/store\\\/prodotto\\\/cmbean-cartoncino-mr-bean-realistico\\\/#primaryimage\",\"url\":\"https:\\\/\\\/www.bazarbonino.com\\\/store\\\/wp-content\\\/uploads\\\/2020\\\/04\\\/CMBEAN-Cartoncino-Mr.-Bean-Realistico.jpg\",\"contentUrl\":\"https:\\\/\\\/www.bazarbonino.com\\\/store\\\/wp-content\\\/uploads\\\/2020\\\/04\\\/CMBEAN-Cartoncino-Mr.-Bean-Realistico.jpg\",\"width\":608,\"height\":608,\"caption\":\"CMBEAN - Cartoncino Mr. Bean Realistico\"},{\"@type\":\"BreadcrumbList\",\"@id\":\"https:\\\/\\\/www.bazarbonino.com\\\/store\\\/prodotto\\\/cmbean-cartoncino-mr-bean-realistico\\\/#breadcrumb\",\"itemListElement\":[{\"@type\":\"ListItem\",\"position\":1,\"name\":\"Home\",\"item\":\"https:\\\/\\\/www.bazarbonino.com\\\/store\\\/\"},{\"@type\":\"ListItem\",\"position\":2,\"name\":\"Catalogo\",\"item\":\"https:\\\/\\\/www.bazarbonino.com\\\/store\\\/shop\\\/\"},{\"@type\":\"ListItem\",\"position\":3,\"name\":\"CMBEAN &#8211; Cartoncino Mr. Bean Realistico\"}]},{\"@type\":\"WebSite\",\"@id\":\"https:\\\/\\\/www.bazarbonino.com\\\/store\\\/#website\",\"url\":\"https:\\\/\\\/www.bazarbonino.com\\\/store\\\/\",\"name\":\"BazarBonino\",\"description\":\"\",\"potentialAction\":[{\"@type\":\"SearchAction\",\"target\":{\"@type\":\"EntryPoint\",\"urlTemplate\":\"https:\\\/\\\/www.bazarbonino.com\\\/store\\\/?s={search_term_string}\"},\"query-input\":{\"@type\":\"PropertyValueSpecification\",\"valueRequired\":true,\"valueName\":\"search_term_string\"}}],\"inLanguage\":\"it-IT\"}]}<\/script>\n<!-- \/ Yoast SEO plugin. -->","yoast_head_json":{"title":"CMBEAN - Cartoncino Mr. Bean Realistico - BazarBonino","description":"CMBEAN - Cartoncino Mr. Bean Realistico Il pezzo perfetto per le feste! Mr Bean (interpretato da Rowan Atkinson) \u00e8 perfetto per la tua festa. Cm.180x64","robots":{"index":"index","follow":"follow","max-snippet":"max-snippet:-1","max-image-preview":"max-image-preview:large","max-video-preview":"max-video-preview:-1"},"canonical":"https:\/\/www.bazarbonino.com\/store\/prodotto\/cmbean-cartoncino-mr-bean-realistico\/","og_locale":"it_IT","og_type":"article","og_title":"CMBEAN - Cartoncino Mr. Bean Realistico - BazarBonino","og_description":"CMBEAN - Cartoncino Mr. Bean Realistico Il pezzo perfetto per le feste! Mr Bean (interpretato da Rowan Atkinson) \u00e8 perfetto per la tua festa. Cm.180x64","og_url":"https:\/\/www.bazarbonino.com\/store\/prodotto\/cmbean-cartoncino-mr-bean-realistico\/","og_site_name":"BazarBonino","article_publisher":"https:\/\/www.facebook.com\/bazar.bonino","article_modified_time":"2020-04-13T06:56:46+00:00","og_image":[{"width":608,"height":608,"url":"https:\/\/www.bazarbonino.com\/store\/wp-content\/uploads\/2020\/04\/CMBEAN-Cartoncino-Mr.-Bean-Realistico.jpg","type":"image\/jpeg"}],"twitter_card":"summary_large_image","schema":{"@context":"https:\/\/schema.org","@graph":[{"@type":"WebPage","@id":"https:\/\/www.bazarbonino.com\/store\/prodotto\/cmbean-cartoncino-mr-bean-realistico\/","url":"https:\/\/www.bazarbonino.com\/store\/prodotto\/cmbean-cartoncino-mr-bean-realistico\/","name":"CMBEAN - Cartoncino Mr. Bean Realistico - BazarBonino","isPartOf":{"@id":"https:\/\/www.bazarbonino.com\/store\/#website"},"primaryImageOfPage":{"@id":"https:\/\/www.bazarbonino.com\/store\/prodotto\/cmbean-cartoncino-mr-bean-realistico\/#primaryimage"},"image":{"@id":"https:\/\/www.bazarbonino.com\/store\/prodotto\/cmbean-cartoncino-mr-bean-realistico\/#primaryimage"},"thumbnailUrl":"https:\/\/www.bazarbonino.com\/store\/wp-content\/uploads\/2020\/04\/CMBEAN-Cartoncino-Mr.-Bean-Realistico.jpg","datePublished":"2020-04-13T06:49:45+00:00","dateModified":"2020-04-13T06:56:46+00:00","description":"CMBEAN - Cartoncino Mr. Bean Realistico Il pezzo perfetto per le feste! Mr Bean (interpretato da Rowan Atkinson) \u00e8 perfetto per la tua festa. Cm.180x64","breadcrumb":{"@id":"https:\/\/www.bazarbonino.com\/store\/prodotto\/cmbean-cartoncino-mr-bean-realistico\/#breadcrumb"},"inLanguage":"it-IT","potentialAction":[{"@type":"ReadAction","target":["https:\/\/www.bazarbonino.com\/store\/prodotto\/cmbean-cartoncino-mr-bean-realistico\/"]}]},{"@type":"ImageObject","inLanguage":"it-IT","@id":"https:\/\/www.bazarbonino.com\/store\/prodotto\/cmbean-cartoncino-mr-bean-realistico\/#primaryimage","url":"https:\/\/www.bazarbonino.com\/store\/wp-content\/uploads\/2020\/04\/CMBEAN-Cartoncino-Mr.-Bean-Realistico.jpg","contentUrl":"https:\/\/www.bazarbonino.com\/store\/wp-content\/uploads\/2020\/04\/CMBEAN-Cartoncino-Mr.-Bean-Realistico.jpg","width":608,"height":608,"caption":"CMBEAN - Cartoncino Mr. Bean Realistico"},{"@type":"BreadcrumbList","@id":"https:\/\/www.bazarbonino.com\/store\/prodotto\/cmbean-cartoncino-mr-bean-realistico\/#breadcrumb","itemListElement":[{"@type":"ListItem","position":1,"name":"Home","item":"https:\/\/www.bazarbonino.com\/store\/"},{"@type":"ListItem","position":2,"name":"Catalogo","item":"https:\/\/www.bazarbonino.com\/store\/shop\/"},{"@type":"ListItem","position":3,"name":"CMBEAN &#8211; Cartoncino Mr. Bean Realistico"}]},{"@type":"WebSite","@id":"https:\/\/www.bazarbonino.com\/store\/#website","url":"https:\/\/www.bazarbonino.com\/store\/","name":"BazarBonino","description":"","potentialAction":[{"@type":"SearchAction","target":{"@type":"EntryPoint","urlTemplate":"https:\/\/www.bazarbonino.com\/store\/?s={search_term_string}"},"query-input":{"@type":"PropertyValueSpecification","valueRequired":true,"valueName":"search_term_string"}}],"inLanguage":"it-IT"}]}},"_links":{"self":[{"href":"https:\/\/www.bazarbonino.com\/store\/wp-json\/wp\/v2\/product\/14859","targetHints":{"allow":["GET"]}}],"collection":[{"href":"https:\/\/www.bazarbonino.com\/store\/wp-json\/wp\/v2\/product"}],"about":[{"href":"https:\/\/www.bazarbonino.com\/store\/wp-json\/wp\/v2\/types\/product"}],"replies":[{"embeddable":true,"href":"https:\/\/www.bazarbonino.com\/store\/wp-json\/wp\/v2\/comments?post=14859"}],"wp:featuredmedia":[{"embeddable":true,"href":"https:\/\/www.bazarbonino.com\/store\/wp-json\/wp\/v2\/media\/14860"}],"wp:attachment":[{"href":"https:\/\/www.bazarbonino.com\/store\/wp-json\/wp\/v2\/media?parent=14859"}],"wp:term":[{"taxonomy":"product_brand","embeddable":true,"href":"https:\/\/www.bazarbonino.com\/store\/wp-json\/wp\/v2\/product_brand?post=14859"},{"taxonomy":"product_cat","embeddable":true,"href":"https:\/\/www.bazarbonino.com\/store\/wp-json\/wp\/v2\/product_cat?post=14859"},{"taxonomy":"product_tag","embeddable":true,"href":"https:\/\/www.bazarbonino.com\/store\/wp-json\/wp\/v2\/product_tag?post=14859"}],"curies":[{"name":"wp","href":"https:\/\/api.w.org\/{rel}","templated":true}]}}