{"id":12912,"date":"2020-03-22T12:47:27","date_gmt":"2020-03-22T11:47:27","guid":{"rendered":"https:\/\/www.bazarbonino.com\/store\/?post_type=product&#038;p=12912"},"modified":"2024-02-21T07:47:35","modified_gmt":"2024-02-21T06:47:35","slug":"jg2065-devilstick-henrys-beat-metallic-no-sticks","status":"publish","type":"product","link":"https:\/\/www.bazarbonino.com\/store\/prodotto\/jg2065-devilstick-henrys-beat-metallic-no-sticks\/","title":{"rendered":"JG2065 &#8211; DEVILSTICK HENRYS BEAT METALLIC (no sticks)"},"content":{"rendered":"<p class=\"articoli\">DEVILSTICK HENRYS BEAT METALLIC (no sticks) ha una lunghezza di 67,2 cm ed un peso di 225 gr.. E&#8217; un vero devilstick per professionisti, una fresca novit\u00e0 nel mondo della giocoleria con questo modello marchiato Henrys. Ha infatti un innovativo sistema per bilanciare il peso, con una semplice chiave si pu\u00f2 regolare per le proprie esigenze, giocolare cos\u00ec, sar\u00e0 ancora pi\u00f9 facile e dinamico. Prodotto in legno tedesco di alta qualit\u00e0, resistente ma elastico, le estremit\u00e0 sono incollate con una speciale colla. Sulla decorazione metallica \u00e8 stata applicata una pellicola protettiva per poter durare nel tempo. Il DEVILSTICK HENRYS BEAT METALLIC \u00e8 disponibile nei colori: Blu, Verde, Viola, Giallo, Argento e Rosso.<\/p>\n<p>&nbsp;<\/p>\n","protected":false},"excerpt":{"rendered":"<div class=\"woocommerce-product-details__short-description\">\n<p>SU ORDINAZIONE<\/p>\n<p>ATTESA 7 GG. LAVORATIVI<\/p>\n<\/div>\n","protected":false},"featured_media":12913,"comment_status":"closed","ping_status":"closed","template":"","meta":{"_et_pb_use_builder":"","_et_pb_old_content":"","_et_gb_content_width":""},"product_brand":[],"product_cat":[23],"product_tag":[252,2127,251,253],"class_list":{"0":"post-12912","1":"product","2":"type-product","3":"status-publish","4":"has-post-thumbnail","6":"product_cat-devilstick","7":"product_tag-bastone-del-diavolo","8":"product_tag-bazar-bonino-torino","9":"product_tag-devilstick-per-principianti-e-professionisti","10":"product_tag-negozio-giocoleria-on-line","12":"first","13":"instock","14":"taxable","15":"shipping-taxable","16":"purchasable","17":"product-type-simple"},"yoast_head":"<!-- This site is optimized with the Yoast SEO plugin v27.2 - https:\/\/yoast.com\/product\/yoast-seo-wordpress\/ -->\n<title>JG2065 - DEVILSTICK HENRYS BEAT METALLIC (no sticks) - BazarBonino<\/title>\n<meta name=\"description\" content=\"DEVILSTICK HENRYS BEAT METALLIC (no sticks) ha una lunghezza di 67,2 cm ed un peso di 225 gr.. E&#039; un vero devilstick per professionisti.\" \/>\n<meta name=\"robots\" content=\"index, follow, max-snippet:-1, max-image-preview:large, max-video-preview:-1\" \/>\n<link rel=\"canonical\" href=\"https:\/\/www.bazarbonino.com\/store\/prodotto\/jg2065-devilstick-henrys-beat-metallic-no-sticks\/\" \/>\n<meta property=\"og:locale\" content=\"it_IT\" \/>\n<meta property=\"og:type\" content=\"article\" \/>\n<meta property=\"og:title\" content=\"JG2065 - DEVILSTICK HENRYS BEAT METALLIC (no sticks) - BazarBonino\" \/>\n<meta property=\"og:description\" content=\"DEVILSTICK HENRYS BEAT METALLIC (no sticks) ha una lunghezza di 67,2 cm ed un peso di 225 gr.. E&#039; un vero devilstick per professionisti.\" \/>\n<meta property=\"og:url\" content=\"https:\/\/www.bazarbonino.com\/store\/prodotto\/jg2065-devilstick-henrys-beat-metallic-no-sticks\/\" \/>\n<meta property=\"og:site_name\" content=\"BazarBonino\" \/>\n<meta property=\"article:publisher\" content=\"https:\/\/www.facebook.com\/bazar.bonino\" \/>\n<meta property=\"article:modified_time\" content=\"2024-02-21T06:47:35+00:00\" \/>\n<meta property=\"og:image\" content=\"https:\/\/www.bazarbonino.com\/store\/wp-content\/uploads\/2020\/03\/JG2065-DEVILSTICK-HENRYS-BEAT-METALLIC-no-sticks.jpg\" \/>\n\t<meta property=\"og:image:width\" content=\"500\" \/>\n\t<meta property=\"og:image:height\" content=\"350\" \/>\n\t<meta property=\"og:image:type\" content=\"image\/jpeg\" \/>\n<meta name=\"twitter:card\" content=\"summary_large_image\" \/>\n<meta name=\"twitter:label1\" content=\"Tempo di lettura stimato\" \/>\n\t<meta name=\"twitter:data1\" content=\"1 minuto\" \/>\n<script type=\"application\/ld+json\" class=\"yoast-schema-graph\">{\"@context\":\"https:\/\/schema.org\",\"@graph\":[{\"@type\":\"WebPage\",\"@id\":\"https:\/\/www.bazarbonino.com\/store\/prodotto\/jg2065-devilstick-henrys-beat-metallic-no-sticks\/\",\"url\":\"https:\/\/www.bazarbonino.com\/store\/prodotto\/jg2065-devilstick-henrys-beat-metallic-no-sticks\/\",\"name\":\"JG2065 - DEVILSTICK HENRYS BEAT METALLIC (no sticks) - BazarBonino\",\"isPartOf\":{\"@id\":\"https:\/\/www.bazarbonino.com\/store\/#website\"},\"primaryImageOfPage\":{\"@id\":\"https:\/\/www.bazarbonino.com\/store\/prodotto\/jg2065-devilstick-henrys-beat-metallic-no-sticks\/#primaryimage\"},\"image\":{\"@id\":\"https:\/\/www.bazarbonino.com\/store\/prodotto\/jg2065-devilstick-henrys-beat-metallic-no-sticks\/#primaryimage\"},\"thumbnailUrl\":\"https:\/\/www.bazarbonino.com\/store\/wp-content\/uploads\/2020\/03\/JG2065-DEVILSTICK-HENRYS-BEAT-METALLIC-no-sticks.jpg\",\"datePublished\":\"2020-03-22T11:47:27+00:00\",\"dateModified\":\"2024-02-21T06:47:35+00:00\",\"description\":\"DEVILSTICK HENRYS BEAT METALLIC (no sticks) ha una lunghezza di 67,2 cm ed un peso di 225 gr.. E' un vero devilstick per professionisti.\",\"breadcrumb\":{\"@id\":\"https:\/\/www.bazarbonino.com\/store\/prodotto\/jg2065-devilstick-henrys-beat-metallic-no-sticks\/#breadcrumb\"},\"inLanguage\":\"it-IT\",\"potentialAction\":[{\"@type\":\"ReadAction\",\"target\":[\"https:\/\/www.bazarbonino.com\/store\/prodotto\/jg2065-devilstick-henrys-beat-metallic-no-sticks\/\"]}]},{\"@type\":\"ImageObject\",\"inLanguage\":\"it-IT\",\"@id\":\"https:\/\/www.bazarbonino.com\/store\/prodotto\/jg2065-devilstick-henrys-beat-metallic-no-sticks\/#primaryimage\",\"url\":\"https:\/\/www.bazarbonino.com\/store\/wp-content\/uploads\/2020\/03\/JG2065-DEVILSTICK-HENRYS-BEAT-METALLIC-no-sticks.jpg\",\"contentUrl\":\"https:\/\/www.bazarbonino.com\/store\/wp-content\/uploads\/2020\/03\/JG2065-DEVILSTICK-HENRYS-BEAT-METALLIC-no-sticks.jpg\",\"width\":500,\"height\":350,\"caption\":\"JG2065 - DEVILSTICK HENRYS BEAT METALLIC (no sticks)\"},{\"@type\":\"BreadcrumbList\",\"@id\":\"https:\/\/www.bazarbonino.com\/store\/prodotto\/jg2065-devilstick-henrys-beat-metallic-no-sticks\/#breadcrumb\",\"itemListElement\":[{\"@type\":\"ListItem\",\"position\":1,\"name\":\"Home\",\"item\":\"https:\/\/www.bazarbonino.com\/store\/\"},{\"@type\":\"ListItem\",\"position\":2,\"name\":\"Catalogo\",\"item\":\"https:\/\/www.bazarbonino.com\/store\/shop\/\"},{\"@type\":\"ListItem\",\"position\":3,\"name\":\"JG2065 &#8211; DEVILSTICK HENRYS BEAT METALLIC (no sticks)\"}]},{\"@type\":\"WebSite\",\"@id\":\"https:\/\/www.bazarbonino.com\/store\/#website\",\"url\":\"https:\/\/www.bazarbonino.com\/store\/\",\"name\":\"BazarBonino\",\"description\":\"\",\"potentialAction\":[{\"@type\":\"SearchAction\",\"target\":{\"@type\":\"EntryPoint\",\"urlTemplate\":\"https:\/\/www.bazarbonino.com\/store\/?s={search_term_string}\"},\"query-input\":{\"@type\":\"PropertyValueSpecification\",\"valueRequired\":true,\"valueName\":\"search_term_string\"}}],\"inLanguage\":\"it-IT\"}]}<\/script>\n<!-- \/ Yoast SEO plugin. -->","yoast_head_json":{"title":"JG2065 - DEVILSTICK HENRYS BEAT METALLIC (no sticks) - BazarBonino","description":"DEVILSTICK HENRYS BEAT METALLIC (no sticks) ha una lunghezza di 67,2 cm ed un peso di 225 gr.. E' un vero devilstick per professionisti.","robots":{"index":"index","follow":"follow","max-snippet":"max-snippet:-1","max-image-preview":"max-image-preview:large","max-video-preview":"max-video-preview:-1"},"canonical":"https:\/\/www.bazarbonino.com\/store\/prodotto\/jg2065-devilstick-henrys-beat-metallic-no-sticks\/","og_locale":"it_IT","og_type":"article","og_title":"JG2065 - DEVILSTICK HENRYS BEAT METALLIC (no sticks) - BazarBonino","og_description":"DEVILSTICK HENRYS BEAT METALLIC (no sticks) ha una lunghezza di 67,2 cm ed un peso di 225 gr.. E' un vero devilstick per professionisti.","og_url":"https:\/\/www.bazarbonino.com\/store\/prodotto\/jg2065-devilstick-henrys-beat-metallic-no-sticks\/","og_site_name":"BazarBonino","article_publisher":"https:\/\/www.facebook.com\/bazar.bonino","article_modified_time":"2024-02-21T06:47:35+00:00","og_image":[{"width":500,"height":350,"url":"https:\/\/www.bazarbonino.com\/store\/wp-content\/uploads\/2020\/03\/JG2065-DEVILSTICK-HENRYS-BEAT-METALLIC-no-sticks.jpg","type":"image\/jpeg"}],"twitter_card":"summary_large_image","twitter_misc":{"Tempo di lettura stimato":"1 minuto"},"schema":{"@context":"https:\/\/schema.org","@graph":[{"@type":"WebPage","@id":"https:\/\/www.bazarbonino.com\/store\/prodotto\/jg2065-devilstick-henrys-beat-metallic-no-sticks\/","url":"https:\/\/www.bazarbonino.com\/store\/prodotto\/jg2065-devilstick-henrys-beat-metallic-no-sticks\/","name":"JG2065 - DEVILSTICK HENRYS BEAT METALLIC (no sticks) - BazarBonino","isPartOf":{"@id":"https:\/\/www.bazarbonino.com\/store\/#website"},"primaryImageOfPage":{"@id":"https:\/\/www.bazarbonino.com\/store\/prodotto\/jg2065-devilstick-henrys-beat-metallic-no-sticks\/#primaryimage"},"image":{"@id":"https:\/\/www.bazarbonino.com\/store\/prodotto\/jg2065-devilstick-henrys-beat-metallic-no-sticks\/#primaryimage"},"thumbnailUrl":"https:\/\/www.bazarbonino.com\/store\/wp-content\/uploads\/2020\/03\/JG2065-DEVILSTICK-HENRYS-BEAT-METALLIC-no-sticks.jpg","datePublished":"2020-03-22T11:47:27+00:00","dateModified":"2024-02-21T06:47:35+00:00","description":"DEVILSTICK HENRYS BEAT METALLIC (no sticks) ha una lunghezza di 67,2 cm ed un peso di 225 gr.. E' un vero devilstick per professionisti.","breadcrumb":{"@id":"https:\/\/www.bazarbonino.com\/store\/prodotto\/jg2065-devilstick-henrys-beat-metallic-no-sticks\/#breadcrumb"},"inLanguage":"it-IT","potentialAction":[{"@type":"ReadAction","target":["https:\/\/www.bazarbonino.com\/store\/prodotto\/jg2065-devilstick-henrys-beat-metallic-no-sticks\/"]}]},{"@type":"ImageObject","inLanguage":"it-IT","@id":"https:\/\/www.bazarbonino.com\/store\/prodotto\/jg2065-devilstick-henrys-beat-metallic-no-sticks\/#primaryimage","url":"https:\/\/www.bazarbonino.com\/store\/wp-content\/uploads\/2020\/03\/JG2065-DEVILSTICK-HENRYS-BEAT-METALLIC-no-sticks.jpg","contentUrl":"https:\/\/www.bazarbonino.com\/store\/wp-content\/uploads\/2020\/03\/JG2065-DEVILSTICK-HENRYS-BEAT-METALLIC-no-sticks.jpg","width":500,"height":350,"caption":"JG2065 - DEVILSTICK HENRYS BEAT METALLIC (no sticks)"},{"@type":"BreadcrumbList","@id":"https:\/\/www.bazarbonino.com\/store\/prodotto\/jg2065-devilstick-henrys-beat-metallic-no-sticks\/#breadcrumb","itemListElement":[{"@type":"ListItem","position":1,"name":"Home","item":"https:\/\/www.bazarbonino.com\/store\/"},{"@type":"ListItem","position":2,"name":"Catalogo","item":"https:\/\/www.bazarbonino.com\/store\/shop\/"},{"@type":"ListItem","position":3,"name":"JG2065 &#8211; DEVILSTICK HENRYS BEAT METALLIC (no sticks)"}]},{"@type":"WebSite","@id":"https:\/\/www.bazarbonino.com\/store\/#website","url":"https:\/\/www.bazarbonino.com\/store\/","name":"BazarBonino","description":"","potentialAction":[{"@type":"SearchAction","target":{"@type":"EntryPoint","urlTemplate":"https:\/\/www.bazarbonino.com\/store\/?s={search_term_string}"},"query-input":{"@type":"PropertyValueSpecification","valueRequired":true,"valueName":"search_term_string"}}],"inLanguage":"it-IT"}]}},"_links":{"self":[{"href":"https:\/\/www.bazarbonino.com\/store\/wp-json\/wp\/v2\/product\/12912","targetHints":{"allow":["GET"]}}],"collection":[{"href":"https:\/\/www.bazarbonino.com\/store\/wp-json\/wp\/v2\/product"}],"about":[{"href":"https:\/\/www.bazarbonino.com\/store\/wp-json\/wp\/v2\/types\/product"}],"replies":[{"embeddable":true,"href":"https:\/\/www.bazarbonino.com\/store\/wp-json\/wp\/v2\/comments?post=12912"}],"wp:featuredmedia":[{"embeddable":true,"href":"https:\/\/www.bazarbonino.com\/store\/wp-json\/wp\/v2\/media\/12913"}],"wp:attachment":[{"href":"https:\/\/www.bazarbonino.com\/store\/wp-json\/wp\/v2\/media?parent=12912"}],"wp:term":[{"taxonomy":"product_brand","embeddable":true,"href":"https:\/\/www.bazarbonino.com\/store\/wp-json\/wp\/v2\/product_brand?post=12912"},{"taxonomy":"product_cat","embeddable":true,"href":"https:\/\/www.bazarbonino.com\/store\/wp-json\/wp\/v2\/product_cat?post=12912"},{"taxonomy":"product_tag","embeddable":true,"href":"https:\/\/www.bazarbonino.com\/store\/wp-json\/wp\/v2\/product_tag?post=12912"}],"curies":[{"name":"wp","href":"https:\/\/api.w.org\/{rel}","templated":true}]}}