{"id":12894,"date":"2020-03-15T21:10:14","date_gmt":"2020-03-15T20:10:14","guid":{"rendered":"https:\/\/www.bazarbonino.com\/store\/?post_type=product&#038;p=12894"},"modified":"2023-07-05T11:50:09","modified_gmt":"2023-07-05T09:50:09","slug":"stampante-bentsai-portatile-a-getto-dinchiostro","status":"publish","type":"product","link":"https:\/\/www.bazarbonino.com\/store\/prodotto\/stampante-bentsai-portatile-a-getto-dinchiostro\/","title":{"rendered":"Stampante BENTSAI portatile a getto d&#8217;inchiostro"},"content":{"rendered":"<h5>BENTSAI BT-HH6105-B3<\/h5>\n<p>Stampante BENTSAI portatile a getto d&#8217;inchiostro \u00e8 u<span class=\"tlid-translation translation\" lang=\"it\">na macchina a doppio uso, stampa in modalit\u00e0 portatile e stampa in linea. A<\/span><span class=\"a-list-item\">dotta una cartuccia d&#8217;inchiostro ad alta risoluzione con solvente ad asciugatura rapida. L&#8217;effetto di stampa sar\u00e0 quindi molto chiaro e l&#8217;adesione ai materiali stampati \u00e8 solida. Questa stampante portatile a getto d&#8217;inchiostro pu\u00f2 stampare su una variet\u00e0 di materiali, come legno, cartone, pietra, metallo, plastica, cavo, tessuto o altre superfici. Supporta ben 11 lingue: <span class=\"magic-28\" data-spm-anchor-id=\"0.0.0.i29.5a084f05dJM5ql\"> Italiano, <\/span><span class=\"magic-28\" style=\"font-family: Arial;\" data-spm-anchor-id=\"0.0.0.i29.5a084f05dJM5ql\">Inglese, <span class=\"magic-28\" data-spm-anchor-id=\"0.0.0.i29.5a084f05dJM5ql\">Cinese, <\/span> Giapponese, Coreano, Tedesco, Spagnolo, Russo, Arabo, Francese e Portoghese.<\/span><br \/>\n<\/span><\/p>\n<p><span class=\"a-list-item\">La Bentsai stampante palmare portatile BT-HH6105-B3<\/span><span class=\"a-list-item\"> pu\u00f2 stampare una variet\u00e0 di contenuti, come testo, numeri, simboli data, ora, immagine, codice e cos\u00ec via. Supporta la stampa da 1 a 5 linee, altezza del carattere va da 2,5 fino a 12,7 mm, con massima risoluzione dell&#8217;immagine stampata 4800px * 150px da 300 a 600 DPI. La distanza tra la testina di stampa ed il materiale da trattare pu\u00f2 variare da 2 a 5 mm. La massima velocit\u00e0 di stampa \u00e8 di 60 metri al minuto. La direzione di stampa \u00e8 di 360\u00b0. La capacit\u00e0 della cartuccia di inchiostro \u00e8 di 42 ml. <\/span><\/p>\n<p><span class=\"a-list-item\">Per l&#8217;immagine supporta solo i formati PNG, JPEG, BMP. Questa stampante palmare dispone di un touchscreen a colori da 4,3 pollici con risoluzione in alta risoluzione. La visualizzazione delle immagini risulta cos\u00ec chiara ed il suo utilizzo facile e intuitivo oltre che il touch \u00e8 sensibile e preciso.<\/span><\/p>\n<h6>Caratteristiche di configurazione:<\/h6>\n<p>Il basso peso della stampante BENTSAI portatile a getto d&#8217;inchiostro, 450 gr., la rende molto maneggevole e non affaticante nell&#8217;utilizzo. Le dimensioni della stampante sono cm. 21,7&#215;13,8&#215;5,4. L&#8217;interfaccia esterna consiste in una uscita USB, uscita per il sensore fotoelettrico e jack per la ricarica della batteria da 2600 mAh che permette una operativit\u00e0 di 10 ore. La temperatura di utilizzo va da 0 a 40\u00b0C con umidit\u00e0 ambientale da 0% a 80%. Capacit\u00e0 di memoria interna 50MB (c.a. 30000 informazioni di stampa).<\/p>\n<p>La stampante viene fornita in una robusta valigetta in alluminio imbottita internamente. All&#8217;interno della valigetta trovate:<\/p>\n<p>Libretto istruzioni; cartuccia inchiostro nero; stampante portatile a getto d&#8217;inchiostro BT-HH6105-B2; piastra di posizionamento; gruppo rullo ausiliario; adattatore di ricarica; sensore fotoelettrico; chiavetta USB ed infine talloncino di garanzia.<\/p>\n<p>Garanzia 1 anno.<\/p>\n<p>La stampante Bentsai BT-HH6105-B3 \u00e8 disponibile su ordinazione dall&#8217;Italia sia nel negozio di Torino che online in 3 gg. lavorativi.<\/p>\n<p><b>ATTENZIONE: In offerta ad \u20ac 675,00 (inclusa spedizione) per pagamento con bonifico bancario.<\/b><\/p>\n<p>&nbsp;<\/p>\n","protected":false},"excerpt":{"rendered":"<p>SU ORDINAZIONE ATTESA 3GG.<\/p>\n<p>INCLUSA SPEDIZIONE per<\/p>\n<p>PAGAMENTO con BONIFICO<\/p>\n","protected":false},"featured_media":13199,"comment_status":"closed","ping_status":"closed","template":"","meta":{"_et_pb_use_builder":"","_et_pb_old_content":"","_et_gb_content_width":""},"product_brand":[],"product_cat":[1899],"product_tag":[1903,2152,2150,1900,2151,1909,1902,1901],"class_list":{"0":"post-12894","1":"product","2":"type-product","3":"status-publish","4":"has-post-thumbnail","6":"product_cat-stampante-bentsai-portatile","7":"product_tag-bentsai-handheld-inkjet-printer","8":"product_tag-bentsai-portable-handheld-printer","9":"product_tag-bentsai-printing-machine","10":"product_tag-bentsai-stampante-palmare-portatile","11":"product_tag-handheld-printer-gun","12":"product_tag-print-handjet","13":"product_tag-stampante-a-scorrimento-manuale-inkjet","14":"product_tag-stampante-touch-screen-4-3-in","16":"first","17":"instock","18":"sale","19":"taxable","20":"shipping-taxable","21":"purchasable","22":"product-type-simple"},"yoast_head":"<!-- This site is optimized with the Yoast SEO plugin v27.4 - https:\/\/yoast.com\/product\/yoast-seo-wordpress\/ -->\n<title>Stampante BENTSAI portatile a getto d&#039;inchiostro - BazarBonino<\/title>\n<meta name=\"description\" content=\"Stampante BENTSAI BT-HH6105-B2 portatile a scorrimento manuale a getto d&#039;inchiostro pu\u00f2 stampare su una variet\u00e0 di materiali, come legno, metallo, plastica\" \/>\n<meta name=\"robots\" content=\"index, follow, max-snippet:-1, max-image-preview:large, max-video-preview:-1\" \/>\n<link rel=\"canonical\" href=\"https:\/\/www.bazarbonino.com\/store\/prodotto\/stampante-bentsai-portatile-a-getto-dinchiostro\/\" \/>\n<meta property=\"og:locale\" content=\"it_IT\" \/>\n<meta property=\"og:type\" content=\"article\" \/>\n<meta property=\"og:title\" content=\"Stampante BENTSAI portatile a getto d&#039;inchiostro - BazarBonino\" \/>\n<meta property=\"og:description\" content=\"Stampante BENTSAI BT-HH6105-B2 portatile a scorrimento manuale a getto d&#039;inchiostro pu\u00f2 stampare su una variet\u00e0 di materiali, come legno, metallo, plastica\" \/>\n<meta property=\"og:url\" content=\"https:\/\/www.bazarbonino.com\/store\/prodotto\/stampante-bentsai-portatile-a-getto-dinchiostro\/\" \/>\n<meta property=\"og:site_name\" content=\"BazarBonino\" \/>\n<meta property=\"article:publisher\" content=\"https:\/\/www.facebook.com\/bazar.bonino\" \/>\n<meta property=\"article:modified_time\" content=\"2023-07-05T09:50:09+00:00\" \/>\n<meta property=\"og:image\" content=\"https:\/\/www.bazarbonino.com\/store\/wp-content\/uploads\/2020\/03\/Stampante-BENTSAI-portatile-a-getto-dinchiostro-1.jpg\" \/>\n\t<meta property=\"og:image:width\" content=\"318\" \/>\n\t<meta property=\"og:image:height\" content=\"316\" \/>\n\t<meta property=\"og:image:type\" content=\"image\/jpeg\" \/>\n<meta name=\"twitter:card\" content=\"summary_large_image\" \/>\n<meta name=\"twitter:label1\" content=\"Tempo di lettura stimato\" \/>\n\t<meta name=\"twitter:data1\" content=\"2 minuti\" \/>\n<script type=\"application\/ld+json\" class=\"yoast-schema-graph\">{\"@context\":\"https:\\\/\\\/schema.org\",\"@graph\":[{\"@type\":\"WebPage\",\"@id\":\"https:\\\/\\\/www.bazarbonino.com\\\/store\\\/prodotto\\\/stampante-bentsai-portatile-a-getto-dinchiostro\\\/\",\"url\":\"https:\\\/\\\/www.bazarbonino.com\\\/store\\\/prodotto\\\/stampante-bentsai-portatile-a-getto-dinchiostro\\\/\",\"name\":\"Stampante BENTSAI portatile a getto d'inchiostro - BazarBonino\",\"isPartOf\":{\"@id\":\"https:\\\/\\\/www.bazarbonino.com\\\/store\\\/#website\"},\"primaryImageOfPage\":{\"@id\":\"https:\\\/\\\/www.bazarbonino.com\\\/store\\\/prodotto\\\/stampante-bentsai-portatile-a-getto-dinchiostro\\\/#primaryimage\"},\"image\":{\"@id\":\"https:\\\/\\\/www.bazarbonino.com\\\/store\\\/prodotto\\\/stampante-bentsai-portatile-a-getto-dinchiostro\\\/#primaryimage\"},\"thumbnailUrl\":\"https:\\\/\\\/www.bazarbonino.com\\\/store\\\/wp-content\\\/uploads\\\/2020\\\/03\\\/Stampante-BENTSAI-portatile-a-getto-dinchiostro-1.jpg\",\"datePublished\":\"2020-03-15T20:10:14+00:00\",\"dateModified\":\"2023-07-05T09:50:09+00:00\",\"description\":\"Stampante BENTSAI BT-HH6105-B2 portatile a scorrimento manuale a getto d'inchiostro pu\u00f2 stampare su una variet\u00e0 di materiali, come legno, metallo, plastica\",\"breadcrumb\":{\"@id\":\"https:\\\/\\\/www.bazarbonino.com\\\/store\\\/prodotto\\\/stampante-bentsai-portatile-a-getto-dinchiostro\\\/#breadcrumb\"},\"inLanguage\":\"it-IT\",\"potentialAction\":[{\"@type\":\"ReadAction\",\"target\":[\"https:\\\/\\\/www.bazarbonino.com\\\/store\\\/prodotto\\\/stampante-bentsai-portatile-a-getto-dinchiostro\\\/\"]}]},{\"@type\":\"ImageObject\",\"inLanguage\":\"it-IT\",\"@id\":\"https:\\\/\\\/www.bazarbonino.com\\\/store\\\/prodotto\\\/stampante-bentsai-portatile-a-getto-dinchiostro\\\/#primaryimage\",\"url\":\"https:\\\/\\\/www.bazarbonino.com\\\/store\\\/wp-content\\\/uploads\\\/2020\\\/03\\\/Stampante-BENTSAI-portatile-a-getto-dinchiostro-1.jpg\",\"contentUrl\":\"https:\\\/\\\/www.bazarbonino.com\\\/store\\\/wp-content\\\/uploads\\\/2020\\\/03\\\/Stampante-BENTSAI-portatile-a-getto-dinchiostro-1.jpg\",\"width\":318,\"height\":316,\"caption\":\"Stampante BENTSAI portatile a getto d'inchiostro\"},{\"@type\":\"BreadcrumbList\",\"@id\":\"https:\\\/\\\/www.bazarbonino.com\\\/store\\\/prodotto\\\/stampante-bentsai-portatile-a-getto-dinchiostro\\\/#breadcrumb\",\"itemListElement\":[{\"@type\":\"ListItem\",\"position\":1,\"name\":\"Home\",\"item\":\"https:\\\/\\\/www.bazarbonino.com\\\/store\\\/\"},{\"@type\":\"ListItem\",\"position\":2,\"name\":\"Catalogo\",\"item\":\"https:\\\/\\\/www.bazarbonino.com\\\/store\\\/shop\\\/\"},{\"@type\":\"ListItem\",\"position\":3,\"name\":\"Stampante BENTSAI portatile a getto d&#8217;inchiostro\"}]},{\"@type\":\"WebSite\",\"@id\":\"https:\\\/\\\/www.bazarbonino.com\\\/store\\\/#website\",\"url\":\"https:\\\/\\\/www.bazarbonino.com\\\/store\\\/\",\"name\":\"BazarBonino\",\"description\":\"\",\"potentialAction\":[{\"@type\":\"SearchAction\",\"target\":{\"@type\":\"EntryPoint\",\"urlTemplate\":\"https:\\\/\\\/www.bazarbonino.com\\\/store\\\/?s={search_term_string}\"},\"query-input\":{\"@type\":\"PropertyValueSpecification\",\"valueRequired\":true,\"valueName\":\"search_term_string\"}}],\"inLanguage\":\"it-IT\"}]}<\/script>\n<!-- \/ Yoast SEO plugin. -->","yoast_head_json":{"title":"Stampante BENTSAI portatile a getto d'inchiostro - BazarBonino","description":"Stampante BENTSAI BT-HH6105-B2 portatile a scorrimento manuale a getto d'inchiostro pu\u00f2 stampare su una variet\u00e0 di materiali, come legno, metallo, plastica","robots":{"index":"index","follow":"follow","max-snippet":"max-snippet:-1","max-image-preview":"max-image-preview:large","max-video-preview":"max-video-preview:-1"},"canonical":"https:\/\/www.bazarbonino.com\/store\/prodotto\/stampante-bentsai-portatile-a-getto-dinchiostro\/","og_locale":"it_IT","og_type":"article","og_title":"Stampante BENTSAI portatile a getto d'inchiostro - BazarBonino","og_description":"Stampante BENTSAI BT-HH6105-B2 portatile a scorrimento manuale a getto d'inchiostro pu\u00f2 stampare su una variet\u00e0 di materiali, come legno, metallo, plastica","og_url":"https:\/\/www.bazarbonino.com\/store\/prodotto\/stampante-bentsai-portatile-a-getto-dinchiostro\/","og_site_name":"BazarBonino","article_publisher":"https:\/\/www.facebook.com\/bazar.bonino","article_modified_time":"2023-07-05T09:50:09+00:00","og_image":[{"width":318,"height":316,"url":"https:\/\/www.bazarbonino.com\/store\/wp-content\/uploads\/2020\/03\/Stampante-BENTSAI-portatile-a-getto-dinchiostro-1.jpg","type":"image\/jpeg"}],"twitter_card":"summary_large_image","twitter_misc":{"Tempo di lettura stimato":"2 minuti"},"schema":{"@context":"https:\/\/schema.org","@graph":[{"@type":"WebPage","@id":"https:\/\/www.bazarbonino.com\/store\/prodotto\/stampante-bentsai-portatile-a-getto-dinchiostro\/","url":"https:\/\/www.bazarbonino.com\/store\/prodotto\/stampante-bentsai-portatile-a-getto-dinchiostro\/","name":"Stampante BENTSAI portatile a getto d'inchiostro - BazarBonino","isPartOf":{"@id":"https:\/\/www.bazarbonino.com\/store\/#website"},"primaryImageOfPage":{"@id":"https:\/\/www.bazarbonino.com\/store\/prodotto\/stampante-bentsai-portatile-a-getto-dinchiostro\/#primaryimage"},"image":{"@id":"https:\/\/www.bazarbonino.com\/store\/prodotto\/stampante-bentsai-portatile-a-getto-dinchiostro\/#primaryimage"},"thumbnailUrl":"https:\/\/www.bazarbonino.com\/store\/wp-content\/uploads\/2020\/03\/Stampante-BENTSAI-portatile-a-getto-dinchiostro-1.jpg","datePublished":"2020-03-15T20:10:14+00:00","dateModified":"2023-07-05T09:50:09+00:00","description":"Stampante BENTSAI BT-HH6105-B2 portatile a scorrimento manuale a getto d'inchiostro pu\u00f2 stampare su una variet\u00e0 di materiali, come legno, metallo, plastica","breadcrumb":{"@id":"https:\/\/www.bazarbonino.com\/store\/prodotto\/stampante-bentsai-portatile-a-getto-dinchiostro\/#breadcrumb"},"inLanguage":"it-IT","potentialAction":[{"@type":"ReadAction","target":["https:\/\/www.bazarbonino.com\/store\/prodotto\/stampante-bentsai-portatile-a-getto-dinchiostro\/"]}]},{"@type":"ImageObject","inLanguage":"it-IT","@id":"https:\/\/www.bazarbonino.com\/store\/prodotto\/stampante-bentsai-portatile-a-getto-dinchiostro\/#primaryimage","url":"https:\/\/www.bazarbonino.com\/store\/wp-content\/uploads\/2020\/03\/Stampante-BENTSAI-portatile-a-getto-dinchiostro-1.jpg","contentUrl":"https:\/\/www.bazarbonino.com\/store\/wp-content\/uploads\/2020\/03\/Stampante-BENTSAI-portatile-a-getto-dinchiostro-1.jpg","width":318,"height":316,"caption":"Stampante BENTSAI portatile a getto d'inchiostro"},{"@type":"BreadcrumbList","@id":"https:\/\/www.bazarbonino.com\/store\/prodotto\/stampante-bentsai-portatile-a-getto-dinchiostro\/#breadcrumb","itemListElement":[{"@type":"ListItem","position":1,"name":"Home","item":"https:\/\/www.bazarbonino.com\/store\/"},{"@type":"ListItem","position":2,"name":"Catalogo","item":"https:\/\/www.bazarbonino.com\/store\/shop\/"},{"@type":"ListItem","position":3,"name":"Stampante BENTSAI portatile a getto d&#8217;inchiostro"}]},{"@type":"WebSite","@id":"https:\/\/www.bazarbonino.com\/store\/#website","url":"https:\/\/www.bazarbonino.com\/store\/","name":"BazarBonino","description":"","potentialAction":[{"@type":"SearchAction","target":{"@type":"EntryPoint","urlTemplate":"https:\/\/www.bazarbonino.com\/store\/?s={search_term_string}"},"query-input":{"@type":"PropertyValueSpecification","valueRequired":true,"valueName":"search_term_string"}}],"inLanguage":"it-IT"}]}},"_links":{"self":[{"href":"https:\/\/www.bazarbonino.com\/store\/wp-json\/wp\/v2\/product\/12894","targetHints":{"allow":["GET"]}}],"collection":[{"href":"https:\/\/www.bazarbonino.com\/store\/wp-json\/wp\/v2\/product"}],"about":[{"href":"https:\/\/www.bazarbonino.com\/store\/wp-json\/wp\/v2\/types\/product"}],"replies":[{"embeddable":true,"href":"https:\/\/www.bazarbonino.com\/store\/wp-json\/wp\/v2\/comments?post=12894"}],"wp:featuredmedia":[{"embeddable":true,"href":"https:\/\/www.bazarbonino.com\/store\/wp-json\/wp\/v2\/media\/13199"}],"wp:attachment":[{"href":"https:\/\/www.bazarbonino.com\/store\/wp-json\/wp\/v2\/media?parent=12894"}],"wp:term":[{"taxonomy":"product_brand","embeddable":true,"href":"https:\/\/www.bazarbonino.com\/store\/wp-json\/wp\/v2\/product_brand?post=12894"},{"taxonomy":"product_cat","embeddable":true,"href":"https:\/\/www.bazarbonino.com\/store\/wp-json\/wp\/v2\/product_cat?post=12894"},{"taxonomy":"product_tag","embeddable":true,"href":"https:\/\/www.bazarbonino.com\/store\/wp-json\/wp\/v2\/product_tag?post=12894"}],"curies":[{"name":"wp","href":"https:\/\/api.w.org\/{rel}","templated":true}]}}