{"id":1273,"date":"2013-01-01T23:32:58","date_gmt":"2013-01-01T22:32:58","guid":{"rendered":"http:\/\/www.bazarbonino.com\/store\/?wpsc-product=kn1694-cake-make-up"},"modified":"2019-04-16T08:15:42","modified_gmt":"2019-04-16T06:15:42","slug":"kn1120-cake-make-up","status":"publish","type":"product","link":"https:\/\/www.bazarbonino.com\/store\/prodotto\/kn1120-cake-make-up\/","title":{"rendered":"KN1120 &#8211; CAKE MAKE UP"},"content":{"rendered":"<p class=\"articoli\">Cake make up da 40 gr. \u00e8 una cipria pressata, con gli ingredienti delle creme pi\u00f9 pregiate, ideale per il trucco di collo, decollet\u00e8 e corpo, si stende con una spugnetta umida, resistente (entro certi limiti) alla sudorazione, si toglie con acqua e sapone, disponibile in diverse tonalit\u00e0 pelle e su richiesta colorata (bianco, nero, marrone e grigio) .<\/p>\n<p class=\"articoli\">Colore pelle disponibile: 06W<\/p>\n","protected":false},"excerpt":{"rendered":"<p>Cake make up da 40 gr. \u00e8 una cipria pressata, con gli ingredienti delle creme pi\u00f9 pregiate, ideale per il trucco di collo, decollet\u00e8 e corpo, si stende con una spugnetta umida, resistente (entro certi limiti) alla sudorazione, si toglie con acqua e sapone, disponibile in diverse tonalit\u00e0 pelle e su richiesta colorata (bianco, nero, [&hellip;]<\/p>\n","protected":false},"featured_media":12501,"comment_status":"closed","ping_status":"closed","template":"","meta":{"_et_pb_use_builder":"","_et_pb_old_content":"","_et_gb_content_width":""},"product_brand":[],"product_cat":[75],"product_tag":[387,2127,385,388,389,386],"class_list":{"0":"post-1273","1":"product","2":"type-product","3":"status-publish","4":"has-post-thumbnail","6":"product_cat-collanti-accessori-trucco","7":"product_tag-articoli-professionali-per-trucco-teatrale-cinematografico","8":"product_tag-bazar-bonino-torino","9":"product_tag-mastice-per-protesi-lattice","10":"product_tag-negozio-on-line-articoli-trucco-professionale","11":"product_tag-prodotti-kryolan","12":"product_tag-smalto-denti","14":"first","15":"instock","16":"taxable","17":"shipping-taxable","18":"purchasable","19":"product-type-simple"},"yoast_head":"<!-- This site is optimized with the Yoast SEO plugin v27.4 - https:\/\/yoast.com\/product\/yoast-seo-wordpress\/ -->\n<title>KN1120 - CAKE MAKE UP - BazarBonino<\/title>\n<meta name=\"robots\" content=\"index, follow, max-snippet:-1, max-image-preview:large, max-video-preview:-1\" \/>\n<link rel=\"canonical\" href=\"https:\/\/www.bazarbonino.com\/store\/prodotto\/kn1120-cake-make-up\/\" \/>\n<meta property=\"og:locale\" content=\"it_IT\" \/>\n<meta property=\"og:type\" content=\"article\" \/>\n<meta property=\"og:title\" content=\"KN1120 - CAKE MAKE UP - BazarBonino\" \/>\n<meta property=\"og:description\" content=\"Cake make up da 40 gr. \u00e8 una cipria pressata, con gli ingredienti delle creme pi\u00f9 pregiate, ideale per il trucco di collo, decollet\u00e8 e corpo, si stende con una spugnetta umida, resistente (entro certi limiti) alla sudorazione, si toglie con acqua e sapone, disponibile in diverse tonalit\u00e0 pelle e su richiesta colorata (bianco, nero, [&hellip;]\" \/>\n<meta property=\"og:url\" content=\"https:\/\/www.bazarbonino.com\/store\/prodotto\/kn1120-cake-make-up\/\" \/>\n<meta property=\"og:site_name\" content=\"BazarBonino\" \/>\n<meta property=\"article:publisher\" content=\"https:\/\/www.facebook.com\/bazar.bonino\" \/>\n<meta property=\"article:modified_time\" content=\"2019-04-16T06:15:42+00:00\" \/>\n<meta property=\"og:image\" content=\"https:\/\/www.bazarbonino.com\/store\/wp-content\/uploads\/2013\/01\/KN1694-CAKE-MAKE-UP-1.jpg\" \/>\n\t<meta property=\"og:image:width\" content=\"125\" \/>\n\t<meta property=\"og:image:height\" content=\"200\" \/>\n\t<meta property=\"og:image:type\" content=\"image\/jpeg\" \/>\n<meta name=\"twitter:card\" content=\"summary_large_image\" \/>\n<script type=\"application\/ld+json\" class=\"yoast-schema-graph\">{\"@context\":\"https:\\\/\\\/schema.org\",\"@graph\":[{\"@type\":\"WebPage\",\"@id\":\"https:\\\/\\\/www.bazarbonino.com\\\/store\\\/prodotto\\\/kn1120-cake-make-up\\\/\",\"url\":\"https:\\\/\\\/www.bazarbonino.com\\\/store\\\/prodotto\\\/kn1120-cake-make-up\\\/\",\"name\":\"KN1120 - CAKE MAKE UP - BazarBonino\",\"isPartOf\":{\"@id\":\"https:\\\/\\\/www.bazarbonino.com\\\/store\\\/#website\"},\"primaryImageOfPage\":{\"@id\":\"https:\\\/\\\/www.bazarbonino.com\\\/store\\\/prodotto\\\/kn1120-cake-make-up\\\/#primaryimage\"},\"image\":{\"@id\":\"https:\\\/\\\/www.bazarbonino.com\\\/store\\\/prodotto\\\/kn1120-cake-make-up\\\/#primaryimage\"},\"thumbnailUrl\":\"https:\\\/\\\/www.bazarbonino.com\\\/store\\\/wp-content\\\/uploads\\\/2013\\\/01\\\/KN1694-CAKE-MAKE-UP-1.jpg\",\"datePublished\":\"2013-01-01T22:32:58+00:00\",\"dateModified\":\"2019-04-16T06:15:42+00:00\",\"breadcrumb\":{\"@id\":\"https:\\\/\\\/www.bazarbonino.com\\\/store\\\/prodotto\\\/kn1120-cake-make-up\\\/#breadcrumb\"},\"inLanguage\":\"it-IT\",\"potentialAction\":[{\"@type\":\"ReadAction\",\"target\":[\"https:\\\/\\\/www.bazarbonino.com\\\/store\\\/prodotto\\\/kn1120-cake-make-up\\\/\"]}]},{\"@type\":\"ImageObject\",\"inLanguage\":\"it-IT\",\"@id\":\"https:\\\/\\\/www.bazarbonino.com\\\/store\\\/prodotto\\\/kn1120-cake-make-up\\\/#primaryimage\",\"url\":\"https:\\\/\\\/www.bazarbonino.com\\\/store\\\/wp-content\\\/uploads\\\/2013\\\/01\\\/KN1694-CAKE-MAKE-UP-1.jpg\",\"contentUrl\":\"https:\\\/\\\/www.bazarbonino.com\\\/store\\\/wp-content\\\/uploads\\\/2013\\\/01\\\/KN1694-CAKE-MAKE-UP-1.jpg\",\"width\":125,\"height\":200,\"caption\":\"KN1120 - CAKE MAKE UP\"},{\"@type\":\"BreadcrumbList\",\"@id\":\"https:\\\/\\\/www.bazarbonino.com\\\/store\\\/prodotto\\\/kn1120-cake-make-up\\\/#breadcrumb\",\"itemListElement\":[{\"@type\":\"ListItem\",\"position\":1,\"name\":\"Home\",\"item\":\"https:\\\/\\\/www.bazarbonino.com\\\/store\\\/\"},{\"@type\":\"ListItem\",\"position\":2,\"name\":\"Catalogo\",\"item\":\"https:\\\/\\\/www.bazarbonino.com\\\/store\\\/shop\\\/\"},{\"@type\":\"ListItem\",\"position\":3,\"name\":\"KN1120 &#8211; CAKE MAKE UP\"}]},{\"@type\":\"WebSite\",\"@id\":\"https:\\\/\\\/www.bazarbonino.com\\\/store\\\/#website\",\"url\":\"https:\\\/\\\/www.bazarbonino.com\\\/store\\\/\",\"name\":\"BazarBonino\",\"description\":\"\",\"potentialAction\":[{\"@type\":\"SearchAction\",\"target\":{\"@type\":\"EntryPoint\",\"urlTemplate\":\"https:\\\/\\\/www.bazarbonino.com\\\/store\\\/?s={search_term_string}\"},\"query-input\":{\"@type\":\"PropertyValueSpecification\",\"valueRequired\":true,\"valueName\":\"search_term_string\"}}],\"inLanguage\":\"it-IT\"}]}<\/script>\n<!-- \/ Yoast SEO plugin. -->","yoast_head_json":{"title":"KN1120 - CAKE MAKE UP - BazarBonino","robots":{"index":"index","follow":"follow","max-snippet":"max-snippet:-1","max-image-preview":"max-image-preview:large","max-video-preview":"max-video-preview:-1"},"canonical":"https:\/\/www.bazarbonino.com\/store\/prodotto\/kn1120-cake-make-up\/","og_locale":"it_IT","og_type":"article","og_title":"KN1120 - CAKE MAKE UP - BazarBonino","og_description":"Cake make up da 40 gr. \u00e8 una cipria pressata, con gli ingredienti delle creme pi\u00f9 pregiate, ideale per il trucco di collo, decollet\u00e8 e corpo, si stende con una spugnetta umida, resistente (entro certi limiti) alla sudorazione, si toglie con acqua e sapone, disponibile in diverse tonalit\u00e0 pelle e su richiesta colorata (bianco, nero, [&hellip;]","og_url":"https:\/\/www.bazarbonino.com\/store\/prodotto\/kn1120-cake-make-up\/","og_site_name":"BazarBonino","article_publisher":"https:\/\/www.facebook.com\/bazar.bonino","article_modified_time":"2019-04-16T06:15:42+00:00","og_image":[{"width":125,"height":200,"url":"https:\/\/www.bazarbonino.com\/store\/wp-content\/uploads\/2013\/01\/KN1694-CAKE-MAKE-UP-1.jpg","type":"image\/jpeg"}],"twitter_card":"summary_large_image","schema":{"@context":"https:\/\/schema.org","@graph":[{"@type":"WebPage","@id":"https:\/\/www.bazarbonino.com\/store\/prodotto\/kn1120-cake-make-up\/","url":"https:\/\/www.bazarbonino.com\/store\/prodotto\/kn1120-cake-make-up\/","name":"KN1120 - CAKE MAKE UP - BazarBonino","isPartOf":{"@id":"https:\/\/www.bazarbonino.com\/store\/#website"},"primaryImageOfPage":{"@id":"https:\/\/www.bazarbonino.com\/store\/prodotto\/kn1120-cake-make-up\/#primaryimage"},"image":{"@id":"https:\/\/www.bazarbonino.com\/store\/prodotto\/kn1120-cake-make-up\/#primaryimage"},"thumbnailUrl":"https:\/\/www.bazarbonino.com\/store\/wp-content\/uploads\/2013\/01\/KN1694-CAKE-MAKE-UP-1.jpg","datePublished":"2013-01-01T22:32:58+00:00","dateModified":"2019-04-16T06:15:42+00:00","breadcrumb":{"@id":"https:\/\/www.bazarbonino.com\/store\/prodotto\/kn1120-cake-make-up\/#breadcrumb"},"inLanguage":"it-IT","potentialAction":[{"@type":"ReadAction","target":["https:\/\/www.bazarbonino.com\/store\/prodotto\/kn1120-cake-make-up\/"]}]},{"@type":"ImageObject","inLanguage":"it-IT","@id":"https:\/\/www.bazarbonino.com\/store\/prodotto\/kn1120-cake-make-up\/#primaryimage","url":"https:\/\/www.bazarbonino.com\/store\/wp-content\/uploads\/2013\/01\/KN1694-CAKE-MAKE-UP-1.jpg","contentUrl":"https:\/\/www.bazarbonino.com\/store\/wp-content\/uploads\/2013\/01\/KN1694-CAKE-MAKE-UP-1.jpg","width":125,"height":200,"caption":"KN1120 - CAKE MAKE UP"},{"@type":"BreadcrumbList","@id":"https:\/\/www.bazarbonino.com\/store\/prodotto\/kn1120-cake-make-up\/#breadcrumb","itemListElement":[{"@type":"ListItem","position":1,"name":"Home","item":"https:\/\/www.bazarbonino.com\/store\/"},{"@type":"ListItem","position":2,"name":"Catalogo","item":"https:\/\/www.bazarbonino.com\/store\/shop\/"},{"@type":"ListItem","position":3,"name":"KN1120 &#8211; CAKE MAKE UP"}]},{"@type":"WebSite","@id":"https:\/\/www.bazarbonino.com\/store\/#website","url":"https:\/\/www.bazarbonino.com\/store\/","name":"BazarBonino","description":"","potentialAction":[{"@type":"SearchAction","target":{"@type":"EntryPoint","urlTemplate":"https:\/\/www.bazarbonino.com\/store\/?s={search_term_string}"},"query-input":{"@type":"PropertyValueSpecification","valueRequired":true,"valueName":"search_term_string"}}],"inLanguage":"it-IT"}]}},"_links":{"self":[{"href":"https:\/\/www.bazarbonino.com\/store\/wp-json\/wp\/v2\/product\/1273","targetHints":{"allow":["GET"]}}],"collection":[{"href":"https:\/\/www.bazarbonino.com\/store\/wp-json\/wp\/v2\/product"}],"about":[{"href":"https:\/\/www.bazarbonino.com\/store\/wp-json\/wp\/v2\/types\/product"}],"replies":[{"embeddable":true,"href":"https:\/\/www.bazarbonino.com\/store\/wp-json\/wp\/v2\/comments?post=1273"}],"wp:featuredmedia":[{"embeddable":true,"href":"https:\/\/www.bazarbonino.com\/store\/wp-json\/wp\/v2\/media\/12501"}],"wp:attachment":[{"href":"https:\/\/www.bazarbonino.com\/store\/wp-json\/wp\/v2\/media?parent=1273"}],"wp:term":[{"taxonomy":"product_brand","embeddable":true,"href":"https:\/\/www.bazarbonino.com\/store\/wp-json\/wp\/v2\/product_brand?post=1273"},{"taxonomy":"product_cat","embeddable":true,"href":"https:\/\/www.bazarbonino.com\/store\/wp-json\/wp\/v2\/product_cat?post=1273"},{"taxonomy":"product_tag","embeddable":true,"href":"https:\/\/www.bazarbonino.com\/store\/wp-json\/wp\/v2\/product_tag?post=1273"}],"curies":[{"name":"wp","href":"https:\/\/api.w.org\/{rel}","templated":true}]}}