{"id":1247,"date":"2013-01-01T23:32:56","date_gmt":"2013-01-01T22:32:56","guid":{"rendered":"http:\/\/www.bazarbonino.com\/store\/?wpsc-product=kn1670-smalto-per-denti"},"modified":"2024-02-08T16:12:38","modified_gmt":"2024-02-08T15:12:38","slug":"kn1220-smalto-per-denti","status":"publish","type":"product","link":"https:\/\/www.bazarbonino.com\/store\/prodotto\/kn1220-smalto-per-denti\/","title":{"rendered":"KN1220 &#8211; SMALTO PER DENTI"},"content":{"rendered":"<p class=\"articoli\">Lo smalto per denti viene utilizzato per effetti scenici. E&#8217; venduto in confezione da12 ml e serve per simulare la mancanza di un dente, denti marci, rovinati, insanguinati, d&#8217;oro o d&#8217;argento. Per l&#8217;utilizzo basta stendere con il pratico pennellino il prodotto sui denti asciutti e lasciare asciugare\u00a0 e l&#8217;effetto \u00e8 dato! Per rimuoverlo basta una lavata energica con lo spazzolino, se dovessero rimanere residui si pu\u00f2 utilizzare un batuffolo di cotone con un p\u00f2 di alcool. Disponibile in rosso, nero, bianco, marrone, nicotina, oro e argento.<\/p>\n","protected":false},"excerpt":{"rendered":"<p>Lo smalto per denti viene utilizzato per effetti scenici. E&#8217; venduto in confezione da12 ml e serve per simulare la mancanza di un dente, denti marci, rovinati, insanguinati, d&#8217;oro o d&#8217;argento. Per l&#8217;utilizzo basta stendere con il pratico pennellino il prodotto sui denti asciutti e lasciare asciugare\u00a0 e l&#8217;effetto \u00e8 dato! Per rimuoverlo basta una [&hellip;]<\/p>\n","protected":false},"featured_media":12467,"comment_status":"closed","ping_status":"closed","template":"","meta":{"_et_pb_use_builder":"","_et_pb_old_content":"","_et_gb_content_width":""},"product_brand":[],"product_cat":[75,73],"product_tag":[387,2127,385,388,389,386],"class_list":{"0":"post-1247","1":"product","2":"type-product","3":"status-publish","4":"has-post-thumbnail","6":"product_cat-collanti-accessori-trucco","7":"product_cat-plastici","8":"product_tag-articoli-professionali-per-trucco-teatrale-cinematografico","9":"product_tag-bazar-bonino-torino","10":"product_tag-mastice-per-protesi-lattice","11":"product_tag-negozio-on-line-articoli-trucco-professionale","12":"product_tag-prodotti-kryolan","13":"product_tag-smalto-denti","15":"first","16":"instock","17":"taxable","18":"shipping-taxable","19":"purchasable","20":"product-type-variable"},"yoast_head":"<!-- This site is optimized with the Yoast SEO plugin v27.4 - https:\/\/yoast.com\/product\/yoast-seo-wordpress\/ -->\n<title>KN1220 - SMALTO PER DENTI - BazarBonino<\/title>\n<meta name=\"description\" content=\"Lo smalto per denti viene utilizzato per effetti scenici serve per simulare la mancanza di un dente, denti marci, rovinati, insanguinati, d&#039;oro o d&#039;argento.\" \/>\n<meta name=\"robots\" content=\"index, follow, max-snippet:-1, max-image-preview:large, max-video-preview:-1\" \/>\n<link rel=\"canonical\" href=\"https:\/\/www.bazarbonino.com\/store\/prodotto\/kn1220-smalto-per-denti\/\" \/>\n<meta property=\"og:locale\" content=\"it_IT\" \/>\n<meta property=\"og:type\" content=\"article\" \/>\n<meta property=\"og:title\" content=\"KN1220 - SMALTO PER DENTI - BazarBonino\" \/>\n<meta property=\"og:description\" content=\"Lo smalto per denti viene utilizzato per effetti scenici serve per simulare la mancanza di un dente, denti marci, rovinati, insanguinati, d&#039;oro o d&#039;argento.\" \/>\n<meta property=\"og:url\" content=\"https:\/\/www.bazarbonino.com\/store\/prodotto\/kn1220-smalto-per-denti\/\" \/>\n<meta property=\"og:site_name\" content=\"BazarBonino\" \/>\n<meta property=\"article:publisher\" content=\"https:\/\/www.facebook.com\/bazar.bonino\" \/>\n<meta property=\"article:modified_time\" content=\"2024-02-08T15:12:38+00:00\" \/>\n<meta property=\"og:image\" content=\"https:\/\/www.bazarbonino.com\/store\/wp-content\/uploads\/2013\/01\/KN1220-SMALTO-PER-DENTI.jpg\" \/>\n\t<meta property=\"og:image:width\" content=\"350\" \/>\n\t<meta property=\"og:image:height\" content=\"450\" \/>\n\t<meta property=\"og:image:type\" content=\"image\/jpeg\" \/>\n<meta name=\"twitter:card\" content=\"summary_large_image\" \/>\n<script type=\"application\/ld+json\" class=\"yoast-schema-graph\">{\"@context\":\"https:\\\/\\\/schema.org\",\"@graph\":[{\"@type\":\"WebPage\",\"@id\":\"https:\\\/\\\/www.bazarbonino.com\\\/store\\\/prodotto\\\/kn1220-smalto-per-denti\\\/\",\"url\":\"https:\\\/\\\/www.bazarbonino.com\\\/store\\\/prodotto\\\/kn1220-smalto-per-denti\\\/\",\"name\":\"KN1220 - SMALTO PER DENTI - BazarBonino\",\"isPartOf\":{\"@id\":\"https:\\\/\\\/www.bazarbonino.com\\\/store\\\/#website\"},\"primaryImageOfPage\":{\"@id\":\"https:\\\/\\\/www.bazarbonino.com\\\/store\\\/prodotto\\\/kn1220-smalto-per-denti\\\/#primaryimage\"},\"image\":{\"@id\":\"https:\\\/\\\/www.bazarbonino.com\\\/store\\\/prodotto\\\/kn1220-smalto-per-denti\\\/#primaryimage\"},\"thumbnailUrl\":\"https:\\\/\\\/www.bazarbonino.com\\\/store\\\/wp-content\\\/uploads\\\/2013\\\/01\\\/KN1220-SMALTO-PER-DENTI.jpg\",\"datePublished\":\"2013-01-01T22:32:56+00:00\",\"dateModified\":\"2024-02-08T15:12:38+00:00\",\"description\":\"Lo smalto per denti viene utilizzato per effetti scenici serve per simulare la mancanza di un dente, denti marci, rovinati, insanguinati, d'oro o d'argento.\",\"breadcrumb\":{\"@id\":\"https:\\\/\\\/www.bazarbonino.com\\\/store\\\/prodotto\\\/kn1220-smalto-per-denti\\\/#breadcrumb\"},\"inLanguage\":\"it-IT\",\"potentialAction\":[{\"@type\":\"ReadAction\",\"target\":[\"https:\\\/\\\/www.bazarbonino.com\\\/store\\\/prodotto\\\/kn1220-smalto-per-denti\\\/\"]}]},{\"@type\":\"ImageObject\",\"inLanguage\":\"it-IT\",\"@id\":\"https:\\\/\\\/www.bazarbonino.com\\\/store\\\/prodotto\\\/kn1220-smalto-per-denti\\\/#primaryimage\",\"url\":\"https:\\\/\\\/www.bazarbonino.com\\\/store\\\/wp-content\\\/uploads\\\/2013\\\/01\\\/KN1220-SMALTO-PER-DENTI.jpg\",\"contentUrl\":\"https:\\\/\\\/www.bazarbonino.com\\\/store\\\/wp-content\\\/uploads\\\/2013\\\/01\\\/KN1220-SMALTO-PER-DENTI.jpg\",\"width\":350,\"height\":450,\"caption\":\"KN1220 - SMALTO PER DENTI\"},{\"@type\":\"BreadcrumbList\",\"@id\":\"https:\\\/\\\/www.bazarbonino.com\\\/store\\\/prodotto\\\/kn1220-smalto-per-denti\\\/#breadcrumb\",\"itemListElement\":[{\"@type\":\"ListItem\",\"position\":1,\"name\":\"Home\",\"item\":\"https:\\\/\\\/www.bazarbonino.com\\\/store\\\/\"},{\"@type\":\"ListItem\",\"position\":2,\"name\":\"Catalogo\",\"item\":\"https:\\\/\\\/www.bazarbonino.com\\\/store\\\/shop\\\/\"},{\"@type\":\"ListItem\",\"position\":3,\"name\":\"KN1220 &#8211; SMALTO PER DENTI\"}]},{\"@type\":\"WebSite\",\"@id\":\"https:\\\/\\\/www.bazarbonino.com\\\/store\\\/#website\",\"url\":\"https:\\\/\\\/www.bazarbonino.com\\\/store\\\/\",\"name\":\"BazarBonino\",\"description\":\"\",\"potentialAction\":[{\"@type\":\"SearchAction\",\"target\":{\"@type\":\"EntryPoint\",\"urlTemplate\":\"https:\\\/\\\/www.bazarbonino.com\\\/store\\\/?s={search_term_string}\"},\"query-input\":{\"@type\":\"PropertyValueSpecification\",\"valueRequired\":true,\"valueName\":\"search_term_string\"}}],\"inLanguage\":\"it-IT\"}]}<\/script>\n<!-- \/ Yoast SEO plugin. -->","yoast_head_json":{"title":"KN1220 - SMALTO PER DENTI - BazarBonino","description":"Lo smalto per denti viene utilizzato per effetti scenici serve per simulare la mancanza di un dente, denti marci, rovinati, insanguinati, d'oro o d'argento.","robots":{"index":"index","follow":"follow","max-snippet":"max-snippet:-1","max-image-preview":"max-image-preview:large","max-video-preview":"max-video-preview:-1"},"canonical":"https:\/\/www.bazarbonino.com\/store\/prodotto\/kn1220-smalto-per-denti\/","og_locale":"it_IT","og_type":"article","og_title":"KN1220 - SMALTO PER DENTI - BazarBonino","og_description":"Lo smalto per denti viene utilizzato per effetti scenici serve per simulare la mancanza di un dente, denti marci, rovinati, insanguinati, d'oro o d'argento.","og_url":"https:\/\/www.bazarbonino.com\/store\/prodotto\/kn1220-smalto-per-denti\/","og_site_name":"BazarBonino","article_publisher":"https:\/\/www.facebook.com\/bazar.bonino","article_modified_time":"2024-02-08T15:12:38+00:00","og_image":[{"width":350,"height":450,"url":"https:\/\/www.bazarbonino.com\/store\/wp-content\/uploads\/2013\/01\/KN1220-SMALTO-PER-DENTI.jpg","type":"image\/jpeg"}],"twitter_card":"summary_large_image","schema":{"@context":"https:\/\/schema.org","@graph":[{"@type":"WebPage","@id":"https:\/\/www.bazarbonino.com\/store\/prodotto\/kn1220-smalto-per-denti\/","url":"https:\/\/www.bazarbonino.com\/store\/prodotto\/kn1220-smalto-per-denti\/","name":"KN1220 - SMALTO PER DENTI - BazarBonino","isPartOf":{"@id":"https:\/\/www.bazarbonino.com\/store\/#website"},"primaryImageOfPage":{"@id":"https:\/\/www.bazarbonino.com\/store\/prodotto\/kn1220-smalto-per-denti\/#primaryimage"},"image":{"@id":"https:\/\/www.bazarbonino.com\/store\/prodotto\/kn1220-smalto-per-denti\/#primaryimage"},"thumbnailUrl":"https:\/\/www.bazarbonino.com\/store\/wp-content\/uploads\/2013\/01\/KN1220-SMALTO-PER-DENTI.jpg","datePublished":"2013-01-01T22:32:56+00:00","dateModified":"2024-02-08T15:12:38+00:00","description":"Lo smalto per denti viene utilizzato per effetti scenici serve per simulare la mancanza di un dente, denti marci, rovinati, insanguinati, d'oro o d'argento.","breadcrumb":{"@id":"https:\/\/www.bazarbonino.com\/store\/prodotto\/kn1220-smalto-per-denti\/#breadcrumb"},"inLanguage":"it-IT","potentialAction":[{"@type":"ReadAction","target":["https:\/\/www.bazarbonino.com\/store\/prodotto\/kn1220-smalto-per-denti\/"]}]},{"@type":"ImageObject","inLanguage":"it-IT","@id":"https:\/\/www.bazarbonino.com\/store\/prodotto\/kn1220-smalto-per-denti\/#primaryimage","url":"https:\/\/www.bazarbonino.com\/store\/wp-content\/uploads\/2013\/01\/KN1220-SMALTO-PER-DENTI.jpg","contentUrl":"https:\/\/www.bazarbonino.com\/store\/wp-content\/uploads\/2013\/01\/KN1220-SMALTO-PER-DENTI.jpg","width":350,"height":450,"caption":"KN1220 - SMALTO PER DENTI"},{"@type":"BreadcrumbList","@id":"https:\/\/www.bazarbonino.com\/store\/prodotto\/kn1220-smalto-per-denti\/#breadcrumb","itemListElement":[{"@type":"ListItem","position":1,"name":"Home","item":"https:\/\/www.bazarbonino.com\/store\/"},{"@type":"ListItem","position":2,"name":"Catalogo","item":"https:\/\/www.bazarbonino.com\/store\/shop\/"},{"@type":"ListItem","position":3,"name":"KN1220 &#8211; SMALTO PER DENTI"}]},{"@type":"WebSite","@id":"https:\/\/www.bazarbonino.com\/store\/#website","url":"https:\/\/www.bazarbonino.com\/store\/","name":"BazarBonino","description":"","potentialAction":[{"@type":"SearchAction","target":{"@type":"EntryPoint","urlTemplate":"https:\/\/www.bazarbonino.com\/store\/?s={search_term_string}"},"query-input":{"@type":"PropertyValueSpecification","valueRequired":true,"valueName":"search_term_string"}}],"inLanguage":"it-IT"}]}},"_links":{"self":[{"href":"https:\/\/www.bazarbonino.com\/store\/wp-json\/wp\/v2\/product\/1247","targetHints":{"allow":["GET"]}}],"collection":[{"href":"https:\/\/www.bazarbonino.com\/store\/wp-json\/wp\/v2\/product"}],"about":[{"href":"https:\/\/www.bazarbonino.com\/store\/wp-json\/wp\/v2\/types\/product"}],"replies":[{"embeddable":true,"href":"https:\/\/www.bazarbonino.com\/store\/wp-json\/wp\/v2\/comments?post=1247"}],"wp:featuredmedia":[{"embeddable":true,"href":"https:\/\/www.bazarbonino.com\/store\/wp-json\/wp\/v2\/media\/12467"}],"wp:attachment":[{"href":"https:\/\/www.bazarbonino.com\/store\/wp-json\/wp\/v2\/media?parent=1247"}],"wp:term":[{"taxonomy":"product_brand","embeddable":true,"href":"https:\/\/www.bazarbonino.com\/store\/wp-json\/wp\/v2\/product_brand?post=1247"},{"taxonomy":"product_cat","embeddable":true,"href":"https:\/\/www.bazarbonino.com\/store\/wp-json\/wp\/v2\/product_cat?post=1247"},{"taxonomy":"product_tag","embeddable":true,"href":"https:\/\/www.bazarbonino.com\/store\/wp-json\/wp\/v2\/product_tag?post=1247"}],"curies":[{"name":"wp","href":"https:\/\/api.w.org\/{rel}","templated":true}]}}