{"id":12330,"date":"2019-01-31T21:58:19","date_gmt":"2019-01-31T20:58:19","guid":{"rendered":"http:\/\/www.bazarbonino.com\/store\/?post_type=product&#038;p=12330"},"modified":"2023-04-20T12:36:03","modified_gmt":"2023-04-20T10:36:03","slug":"plus-plus-tigre-midi-tube-100-pz-4088","status":"publish","type":"product","link":"https:\/\/www.bazarbonino.com\/store\/prodotto\/plus-plus-tigre-midi-tube-100-pz-4088\/","title":{"rendered":"Plus-Plus Tigre Midi Tube 100 pz. &#8211; 4088"},"content":{"rendered":"<h5>PLUS-PLUS MIDI TUBE 100 PZ.<\/h5>\n<p>Plus-Plus Tigre Midi Tube 100 pz. \u00e8 un piacevole gioco di costruzioni con mattoncini, creativo\/ricreativo, che cattura il bambino e consente di sviluppare le proprie capacit\u00e0, nonch\u00e8 fantasia, attraverso la combinazione di forme e colori!<\/p>\n<p>L&#8217;unico limite di questo prodotto, che ha una sola forma, \u00e8 la fantasia dei bambini o di chi si vuole dilettare a passare del tempo piacevole al loro fianco! Un gioco geniale che non p\u00f9\u00f2 mancare nelle borse di tutte le mamme!<\/p>\n<p>Una forma: infinite possibilit\u00e0!!!<\/p>\n<p>I mattoncini per costruzioni Plus-Plus consentono a bambini di tutte le et\u00e0 di creare mosaici e disegni 3D. Anche le curve sono possibili grazie al design unico di questa forma semplice!<\/p>\n<p>Il gioco Plus-Plus \u00e8 ideato e prodotto interamente in Danimarca e disponibile nei colori di base, pastello e neon.<\/p>\n<h6>SICUREZZA<\/h6>\n<p>L&#8217;azienda produttrice ha particolare cura affinch\u00e8 il prodotto non contenga materiali che potrebbero danneggiare qualsiasi bambino.<\/p>\n<p>Ogni singolo mattoncino dei Plus-Plus \u00e8 totalmente esente da Ftalati. Il materiale utilizzato viene periodicamente testato ed approvato secondo le norme europee sui giocattoli: EN 71-1, 71-2, 71-3. I test sono eseguiti da laboratori esterni e indipendenti.<\/p>\n<p>Il materiale usato per fabbricare il Plus-Plus \u00e8 approvato per alimenti e bevande, proprio come le bottiglie per l&#8217;acqua. Non \u00e8 quindi nocivo se messo in bocca, anche da un bambino. L&#8217;imballaggio dei Plus-Plus \u00e8 anch&#8217;esso esente da PVC!<\/p>\n<h6>AVVERTENZA<\/h6>\n<p>Il Plus-Plus midi \u00e8 adatto per bambini dai 3 anni in su, ideale dai 5 ai 12 anni.<\/p>\n<h6>DISPONIBILITA&#8217;<\/h6>\n<p>Plus-Plus \u00e8 disponibile sia sul sito on line che nel negozio fisico Bazar Bonino a Torino.<\/p>\n","protected":false},"excerpt":{"rendered":"<p>&#8212;- PREZZO DI LANCIO &#8212;-<\/p>\n","protected":false},"featured_media":12331,"comment_status":"closed","ping_status":"closed","template":"","meta":{"_et_pb_use_builder":"","_et_pb_old_content":"","_et_gb_content_width":""},"product_brand":[],"product_cat":[1894],"product_tag":[],"class_list":{"0":"post-12330","1":"product","2":"type-product","3":"status-publish","4":"has-post-thumbnail","6":"product_cat-plus-plus-midi-tubo-100-pezzi","8":"first","9":"outofstock","10":"taxable","11":"shipping-taxable","12":"purchasable","13":"product-type-simple"},"yoast_head":"<!-- This site is optimized with the Yoast SEO plugin v27.4 - https:\/\/yoast.com\/product\/yoast-seo-wordpress\/ -->\n<title>Plus-Plus Tigre Midi Tube 100 pz. - 4088 - BazarBonino<\/title>\n<meta name=\"description\" content=\"Plus-Plus Tigre Midi Tube 100 pz \u00e8 un piacevole gioco di costruzioni con mattoncini che cattura il bambino e consente di sviluppare le proprie capacit\u00e0..\" \/>\n<meta name=\"robots\" content=\"index, follow, max-snippet:-1, max-image-preview:large, max-video-preview:-1\" \/>\n<link rel=\"canonical\" href=\"https:\/\/www.bazarbonino.com\/store\/prodotto\/plus-plus-tigre-midi-tube-100-pz-4088\/\" \/>\n<meta property=\"og:locale\" content=\"it_IT\" \/>\n<meta property=\"og:type\" content=\"article\" \/>\n<meta property=\"og:title\" content=\"Plus-Plus Tigre Midi Tube 100 pz. - 4088 - BazarBonino\" \/>\n<meta property=\"og:description\" content=\"Plus-Plus Tigre Midi Tube 100 pz \u00e8 un piacevole gioco di costruzioni con mattoncini che cattura il bambino e consente di sviluppare le proprie capacit\u00e0..\" \/>\n<meta property=\"og:url\" content=\"https:\/\/www.bazarbonino.com\/store\/prodotto\/plus-plus-tigre-midi-tube-100-pz-4088\/\" \/>\n<meta property=\"og:site_name\" content=\"BazarBonino\" \/>\n<meta property=\"article:publisher\" content=\"https:\/\/www.facebook.com\/bazar.bonino\" \/>\n<meta property=\"article:modified_time\" content=\"2023-04-20T10:36:03+00:00\" \/>\n<meta property=\"og:image\" content=\"https:\/\/www.bazarbonino.com\/store\/wp-content\/uploads\/2019\/01\/Plus-Plus-Tigre-Midi-Tube-100-pz.-4088.png\" \/>\n\t<meta property=\"og:image:width\" content=\"500\" \/>\n\t<meta property=\"og:image:height\" content=\"500\" \/>\n\t<meta property=\"og:image:type\" content=\"image\/png\" \/>\n<meta name=\"twitter:card\" content=\"summary_large_image\" \/>\n<meta name=\"twitter:label1\" content=\"Tempo di lettura stimato\" \/>\n\t<meta name=\"twitter:data1\" content=\"1 minuto\" \/>\n<script type=\"application\/ld+json\" class=\"yoast-schema-graph\">{\"@context\":\"https:\\\/\\\/schema.org\",\"@graph\":[{\"@type\":\"WebPage\",\"@id\":\"https:\\\/\\\/www.bazarbonino.com\\\/store\\\/prodotto\\\/plus-plus-tigre-midi-tube-100-pz-4088\\\/\",\"url\":\"https:\\\/\\\/www.bazarbonino.com\\\/store\\\/prodotto\\\/plus-plus-tigre-midi-tube-100-pz-4088\\\/\",\"name\":\"Plus-Plus Tigre Midi Tube 100 pz. - 4088 - BazarBonino\",\"isPartOf\":{\"@id\":\"https:\\\/\\\/www.bazarbonino.com\\\/store\\\/#website\"},\"primaryImageOfPage\":{\"@id\":\"https:\\\/\\\/www.bazarbonino.com\\\/store\\\/prodotto\\\/plus-plus-tigre-midi-tube-100-pz-4088\\\/#primaryimage\"},\"image\":{\"@id\":\"https:\\\/\\\/www.bazarbonino.com\\\/store\\\/prodotto\\\/plus-plus-tigre-midi-tube-100-pz-4088\\\/#primaryimage\"},\"thumbnailUrl\":\"https:\\\/\\\/www.bazarbonino.com\\\/store\\\/wp-content\\\/uploads\\\/2019\\\/01\\\/Plus-Plus-Tigre-Midi-Tube-100-pz.-4088.png\",\"datePublished\":\"2019-01-31T20:58:19+00:00\",\"dateModified\":\"2023-04-20T10:36:03+00:00\",\"description\":\"Plus-Plus Tigre Midi Tube 100 pz \u00e8 un piacevole gioco di costruzioni con mattoncini che cattura il bambino e consente di sviluppare le proprie capacit\u00e0..\",\"breadcrumb\":{\"@id\":\"https:\\\/\\\/www.bazarbonino.com\\\/store\\\/prodotto\\\/plus-plus-tigre-midi-tube-100-pz-4088\\\/#breadcrumb\"},\"inLanguage\":\"it-IT\",\"potentialAction\":[{\"@type\":\"ReadAction\",\"target\":[\"https:\\\/\\\/www.bazarbonino.com\\\/store\\\/prodotto\\\/plus-plus-tigre-midi-tube-100-pz-4088\\\/\"]}]},{\"@type\":\"ImageObject\",\"inLanguage\":\"it-IT\",\"@id\":\"https:\\\/\\\/www.bazarbonino.com\\\/store\\\/prodotto\\\/plus-plus-tigre-midi-tube-100-pz-4088\\\/#primaryimage\",\"url\":\"https:\\\/\\\/www.bazarbonino.com\\\/store\\\/wp-content\\\/uploads\\\/2019\\\/01\\\/Plus-Plus-Tigre-Midi-Tube-100-pz.-4088.png\",\"contentUrl\":\"https:\\\/\\\/www.bazarbonino.com\\\/store\\\/wp-content\\\/uploads\\\/2019\\\/01\\\/Plus-Plus-Tigre-Midi-Tube-100-pz.-4088.png\",\"width\":500,\"height\":500,\"caption\":\"Plus-Plus Tigre Midi Tube 100 pz. - 4088\"},{\"@type\":\"BreadcrumbList\",\"@id\":\"https:\\\/\\\/www.bazarbonino.com\\\/store\\\/prodotto\\\/plus-plus-tigre-midi-tube-100-pz-4088\\\/#breadcrumb\",\"itemListElement\":[{\"@type\":\"ListItem\",\"position\":1,\"name\":\"Home\",\"item\":\"https:\\\/\\\/www.bazarbonino.com\\\/store\\\/\"},{\"@type\":\"ListItem\",\"position\":2,\"name\":\"Catalogo\",\"item\":\"https:\\\/\\\/www.bazarbonino.com\\\/store\\\/shop\\\/\"},{\"@type\":\"ListItem\",\"position\":3,\"name\":\"Plus-Plus Tigre Midi Tube 100 pz. &#8211; 4088\"}]},{\"@type\":\"WebSite\",\"@id\":\"https:\\\/\\\/www.bazarbonino.com\\\/store\\\/#website\",\"url\":\"https:\\\/\\\/www.bazarbonino.com\\\/store\\\/\",\"name\":\"BazarBonino\",\"description\":\"\",\"potentialAction\":[{\"@type\":\"SearchAction\",\"target\":{\"@type\":\"EntryPoint\",\"urlTemplate\":\"https:\\\/\\\/www.bazarbonino.com\\\/store\\\/?s={search_term_string}\"},\"query-input\":{\"@type\":\"PropertyValueSpecification\",\"valueRequired\":true,\"valueName\":\"search_term_string\"}}],\"inLanguage\":\"it-IT\"}]}<\/script>\n<!-- \/ Yoast SEO plugin. -->","yoast_head_json":{"title":"Plus-Plus Tigre Midi Tube 100 pz. - 4088 - BazarBonino","description":"Plus-Plus Tigre Midi Tube 100 pz \u00e8 un piacevole gioco di costruzioni con mattoncini che cattura il bambino e consente di sviluppare le proprie capacit\u00e0..","robots":{"index":"index","follow":"follow","max-snippet":"max-snippet:-1","max-image-preview":"max-image-preview:large","max-video-preview":"max-video-preview:-1"},"canonical":"https:\/\/www.bazarbonino.com\/store\/prodotto\/plus-plus-tigre-midi-tube-100-pz-4088\/","og_locale":"it_IT","og_type":"article","og_title":"Plus-Plus Tigre Midi Tube 100 pz. - 4088 - BazarBonino","og_description":"Plus-Plus Tigre Midi Tube 100 pz \u00e8 un piacevole gioco di costruzioni con mattoncini che cattura il bambino e consente di sviluppare le proprie capacit\u00e0..","og_url":"https:\/\/www.bazarbonino.com\/store\/prodotto\/plus-plus-tigre-midi-tube-100-pz-4088\/","og_site_name":"BazarBonino","article_publisher":"https:\/\/www.facebook.com\/bazar.bonino","article_modified_time":"2023-04-20T10:36:03+00:00","og_image":[{"width":500,"height":500,"url":"https:\/\/www.bazarbonino.com\/store\/wp-content\/uploads\/2019\/01\/Plus-Plus-Tigre-Midi-Tube-100-pz.-4088.png","type":"image\/png"}],"twitter_card":"summary_large_image","twitter_misc":{"Tempo di lettura stimato":"1 minuto"},"schema":{"@context":"https:\/\/schema.org","@graph":[{"@type":"WebPage","@id":"https:\/\/www.bazarbonino.com\/store\/prodotto\/plus-plus-tigre-midi-tube-100-pz-4088\/","url":"https:\/\/www.bazarbonino.com\/store\/prodotto\/plus-plus-tigre-midi-tube-100-pz-4088\/","name":"Plus-Plus Tigre Midi Tube 100 pz. - 4088 - BazarBonino","isPartOf":{"@id":"https:\/\/www.bazarbonino.com\/store\/#website"},"primaryImageOfPage":{"@id":"https:\/\/www.bazarbonino.com\/store\/prodotto\/plus-plus-tigre-midi-tube-100-pz-4088\/#primaryimage"},"image":{"@id":"https:\/\/www.bazarbonino.com\/store\/prodotto\/plus-plus-tigre-midi-tube-100-pz-4088\/#primaryimage"},"thumbnailUrl":"https:\/\/www.bazarbonino.com\/store\/wp-content\/uploads\/2019\/01\/Plus-Plus-Tigre-Midi-Tube-100-pz.-4088.png","datePublished":"2019-01-31T20:58:19+00:00","dateModified":"2023-04-20T10:36:03+00:00","description":"Plus-Plus Tigre Midi Tube 100 pz \u00e8 un piacevole gioco di costruzioni con mattoncini che cattura il bambino e consente di sviluppare le proprie capacit\u00e0..","breadcrumb":{"@id":"https:\/\/www.bazarbonino.com\/store\/prodotto\/plus-plus-tigre-midi-tube-100-pz-4088\/#breadcrumb"},"inLanguage":"it-IT","potentialAction":[{"@type":"ReadAction","target":["https:\/\/www.bazarbonino.com\/store\/prodotto\/plus-plus-tigre-midi-tube-100-pz-4088\/"]}]},{"@type":"ImageObject","inLanguage":"it-IT","@id":"https:\/\/www.bazarbonino.com\/store\/prodotto\/plus-plus-tigre-midi-tube-100-pz-4088\/#primaryimage","url":"https:\/\/www.bazarbonino.com\/store\/wp-content\/uploads\/2019\/01\/Plus-Plus-Tigre-Midi-Tube-100-pz.-4088.png","contentUrl":"https:\/\/www.bazarbonino.com\/store\/wp-content\/uploads\/2019\/01\/Plus-Plus-Tigre-Midi-Tube-100-pz.-4088.png","width":500,"height":500,"caption":"Plus-Plus Tigre Midi Tube 100 pz. - 4088"},{"@type":"BreadcrumbList","@id":"https:\/\/www.bazarbonino.com\/store\/prodotto\/plus-plus-tigre-midi-tube-100-pz-4088\/#breadcrumb","itemListElement":[{"@type":"ListItem","position":1,"name":"Home","item":"https:\/\/www.bazarbonino.com\/store\/"},{"@type":"ListItem","position":2,"name":"Catalogo","item":"https:\/\/www.bazarbonino.com\/store\/shop\/"},{"@type":"ListItem","position":3,"name":"Plus-Plus Tigre Midi Tube 100 pz. &#8211; 4088"}]},{"@type":"WebSite","@id":"https:\/\/www.bazarbonino.com\/store\/#website","url":"https:\/\/www.bazarbonino.com\/store\/","name":"BazarBonino","description":"","potentialAction":[{"@type":"SearchAction","target":{"@type":"EntryPoint","urlTemplate":"https:\/\/www.bazarbonino.com\/store\/?s={search_term_string}"},"query-input":{"@type":"PropertyValueSpecification","valueRequired":true,"valueName":"search_term_string"}}],"inLanguage":"it-IT"}]}},"_links":{"self":[{"href":"https:\/\/www.bazarbonino.com\/store\/wp-json\/wp\/v2\/product\/12330","targetHints":{"allow":["GET"]}}],"collection":[{"href":"https:\/\/www.bazarbonino.com\/store\/wp-json\/wp\/v2\/product"}],"about":[{"href":"https:\/\/www.bazarbonino.com\/store\/wp-json\/wp\/v2\/types\/product"}],"replies":[{"embeddable":true,"href":"https:\/\/www.bazarbonino.com\/store\/wp-json\/wp\/v2\/comments?post=12330"}],"wp:featuredmedia":[{"embeddable":true,"href":"https:\/\/www.bazarbonino.com\/store\/wp-json\/wp\/v2\/media\/12331"}],"wp:attachment":[{"href":"https:\/\/www.bazarbonino.com\/store\/wp-json\/wp\/v2\/media?parent=12330"}],"wp:term":[{"taxonomy":"product_brand","embeddable":true,"href":"https:\/\/www.bazarbonino.com\/store\/wp-json\/wp\/v2\/product_brand?post=12330"},{"taxonomy":"product_cat","embeddable":true,"href":"https:\/\/www.bazarbonino.com\/store\/wp-json\/wp\/v2\/product_cat?post=12330"},{"taxonomy":"product_tag","embeddable":true,"href":"https:\/\/www.bazarbonino.com\/store\/wp-json\/wp\/v2\/product_tag?post=12330"}],"curies":[{"name":"wp","href":"https:\/\/api.w.org\/{rel}","templated":true}]}}