{"id":12162,"date":"2018-09-18T18:23:40","date_gmt":"2018-09-18T16:23:40","guid":{"rendered":"http:\/\/www.bazarbonino.com\/store\/?post_type=product&#038;p=12162"},"modified":"2025-05-15T09:36:40","modified_gmt":"2025-05-15T07:36:40","slug":"bs0151-liquido-concentrato-per-bolle-giganti-1-lt-buonebolle","status":"publish","type":"product","link":"https:\/\/www.bazarbonino.com\/store\/prodotto\/bs0151-liquido-concentrato-per-bolle-giganti-1-lt-buonebolle\/","title":{"rendered":"BS0151 &#8211; Liquido Concentrato per Bolle Giganti 1 Lt.(Buonebolle)"},"content":{"rendered":"<h5>CONCENTRATED GIANT BUBBLES (nuova versione 1:16)<\/h5>\n<p>Il Liquido Concentrato per Bolle Giganti 1 Lt.(Buonebolle) \u00e8 un preparato creato apposta per ottenere super bolle! Ottenuto da anni di esperienza dall&#8217;artista Robert Visco &#8220;Scaccomatto&#8221; Il concentrato va prima agitato per qualche minuto (circa 4\/5) di modo che i polimeri all&#8217;interno si omogeizzino. Dopo questa operazione si pu\u00f2 procedere alla diluizione 1:16 con acqua fredda! Non \u00e8 necessario diluire tutto il concentrato ma \u00e8 indispensabile agitare e mescolare bene sia liquido concentrato che la parte diluita! Possibilmente meglio lasciare riposare la parte diluita, funzioner\u00e0 meglio! Ad esempio per uno spettacolo di sera si pu\u00f2 diluire il mattino e farlo riposare in un secchio aperto e pulito altrimenti fermenta subito! Le taniche vanno usate solo per il trasporto. La durata del diluito dipende dalla carica batterica dell&#8217;acqua, mediamente dura una quindicina di giorni! Il concentrato invece almeno un paio di anni. Si raccomanda in ogni caso di tenere il liquido diluito e il concentrato conservati in luoghi riparati dalla luce e freschi! Il prodotto ottenuto \u00e8 ideale in ogni condizione ambientale e vi permette di sviluppare bolle enormi senza difficolt\u00e0! Testato da diversi artisti, \u00e8 il migliore nel rapporto qualit\u00e0, quantit\u00e0, prezzo! Provatelo non ve ne pentirete!!<\/p>\n<p>NUOVA VERSIONE 1:16 ALLO STESSO PREZZO DELLA VECCHIA 1:12<\/p>\n","protected":false},"excerpt":{"rendered":"<p>SUBITO DISPONIBILE<\/p>\n","protected":false},"featured_media":20815,"comment_status":"closed","ping_status":"closed","template":"","meta":{"_et_pb_use_builder":"","_et_pb_old_content":"","_et_gb_content_width":""},"product_brand":[],"product_cat":[564],"product_tag":[574,139,141],"class_list":{"0":"post-12162","1":"product","2":"type-product","3":"status-publish","4":"has-post-thumbnail","6":"product_cat-bolle-di-sapone-giganti","7":"product_tag-concentrato-per-bolle-sapone-giganti","8":"product_tag-liquido-bolle-di-sapone-giganti","9":"product_tag-liquido-per-bolle-giganti","10":"pa_prezzo-quantita-01-litro","11":"pa_prezzo-quantita-05-litri","12":"pa_prezzo-quantita-10-litri","14":"first","15":"instock","16":"sale","17":"taxable","18":"shipping-taxable","19":"purchasable","20":"product-type-variable"},"yoast_head":"<!-- This site is optimized with the Yoast SEO plugin v27.4 - https:\/\/yoast.com\/product\/yoast-seo-wordpress\/ -->\n<title>BS0151 - Liquido Concentrato per Bolle Giganti 1 Lt.(Buonebolle) - BazarBonino<\/title>\n<meta name=\"description\" content=\"Il Liquido Concentrato per Bolle Giganti 1 Lt.(Buonebolle) \u00e8 un preparato creato apposta per ottenere super bolle! Prodotto da Robert Visco &quot;Scaccomatto&quot;!\" \/>\n<meta name=\"robots\" content=\"index, follow, max-snippet:-1, max-image-preview:large, max-video-preview:-1\" \/>\n<link rel=\"canonical\" href=\"https:\/\/www.bazarbonino.com\/store\/prodotto\/bs0151-liquido-concentrato-per-bolle-giganti-1-lt-buonebolle\/\" \/>\n<meta property=\"og:locale\" content=\"it_IT\" \/>\n<meta property=\"og:type\" content=\"article\" \/>\n<meta property=\"og:title\" content=\"BS0151 - Liquido Concentrato per Bolle Giganti 1 Lt.(Buonebolle) - BazarBonino\" \/>\n<meta property=\"og:description\" content=\"Il Liquido Concentrato per Bolle Giganti 1 Lt.(Buonebolle) \u00e8 un preparato creato apposta per ottenere super bolle! Prodotto da Robert Visco &quot;Scaccomatto&quot;!\" \/>\n<meta property=\"og:url\" content=\"https:\/\/www.bazarbonino.com\/store\/prodotto\/bs0151-liquido-concentrato-per-bolle-giganti-1-lt-buonebolle\/\" \/>\n<meta property=\"og:site_name\" content=\"BazarBonino\" \/>\n<meta property=\"article:publisher\" content=\"https:\/\/www.facebook.com\/bazar.bonino\" \/>\n<meta property=\"article:modified_time\" content=\"2025-05-15T07:36:40+00:00\" \/>\n<meta property=\"og:image\" content=\"https:\/\/www.bazarbonino.com\/store\/wp-content\/uploads\/2018\/09\/BS0151-Liquido-Concentrato-per-Bolle-Giganti-1-Lt.Buonebolle.jpg\" \/>\n\t<meta property=\"og:image:width\" content=\"1800\" \/>\n\t<meta property=\"og:image:height\" content=\"2258\" \/>\n\t<meta property=\"og:image:type\" content=\"image\/jpeg\" \/>\n<meta name=\"twitter:card\" content=\"summary_large_image\" \/>\n<meta name=\"twitter:label1\" content=\"Tempo di lettura stimato\" \/>\n\t<meta name=\"twitter:data1\" content=\"1 minuto\" \/>\n<script type=\"application\/ld+json\" class=\"yoast-schema-graph\">{\"@context\":\"https:\\\/\\\/schema.org\",\"@graph\":[{\"@type\":\"WebPage\",\"@id\":\"https:\\\/\\\/www.bazarbonino.com\\\/store\\\/prodotto\\\/bs0151-liquido-concentrato-per-bolle-giganti-1-lt-buonebolle\\\/\",\"url\":\"https:\\\/\\\/www.bazarbonino.com\\\/store\\\/prodotto\\\/bs0151-liquido-concentrato-per-bolle-giganti-1-lt-buonebolle\\\/\",\"name\":\"BS0151 - Liquido Concentrato per Bolle Giganti 1 Lt.(Buonebolle) - BazarBonino\",\"isPartOf\":{\"@id\":\"https:\\\/\\\/www.bazarbonino.com\\\/store\\\/#website\"},\"primaryImageOfPage\":{\"@id\":\"https:\\\/\\\/www.bazarbonino.com\\\/store\\\/prodotto\\\/bs0151-liquido-concentrato-per-bolle-giganti-1-lt-buonebolle\\\/#primaryimage\"},\"image\":{\"@id\":\"https:\\\/\\\/www.bazarbonino.com\\\/store\\\/prodotto\\\/bs0151-liquido-concentrato-per-bolle-giganti-1-lt-buonebolle\\\/#primaryimage\"},\"thumbnailUrl\":\"https:\\\/\\\/www.bazarbonino.com\\\/store\\\/wp-content\\\/uploads\\\/2018\\\/09\\\/BS0151-Liquido-Concentrato-per-Bolle-Giganti-1-Lt.Buonebolle.jpg\",\"datePublished\":\"2018-09-18T16:23:40+00:00\",\"dateModified\":\"2025-05-15T07:36:40+00:00\",\"description\":\"Il Liquido Concentrato per Bolle Giganti 1 Lt.(Buonebolle) \u00e8 un preparato creato apposta per ottenere super bolle! Prodotto da Robert Visco \\\"Scaccomatto\\\"!\",\"breadcrumb\":{\"@id\":\"https:\\\/\\\/www.bazarbonino.com\\\/store\\\/prodotto\\\/bs0151-liquido-concentrato-per-bolle-giganti-1-lt-buonebolle\\\/#breadcrumb\"},\"inLanguage\":\"it-IT\",\"potentialAction\":[{\"@type\":\"ReadAction\",\"target\":[\"https:\\\/\\\/www.bazarbonino.com\\\/store\\\/prodotto\\\/bs0151-liquido-concentrato-per-bolle-giganti-1-lt-buonebolle\\\/\"]}]},{\"@type\":\"ImageObject\",\"inLanguage\":\"it-IT\",\"@id\":\"https:\\\/\\\/www.bazarbonino.com\\\/store\\\/prodotto\\\/bs0151-liquido-concentrato-per-bolle-giganti-1-lt-buonebolle\\\/#primaryimage\",\"url\":\"https:\\\/\\\/www.bazarbonino.com\\\/store\\\/wp-content\\\/uploads\\\/2018\\\/09\\\/BS0151-Liquido-Concentrato-per-Bolle-Giganti-1-Lt.Buonebolle.jpg\",\"contentUrl\":\"https:\\\/\\\/www.bazarbonino.com\\\/store\\\/wp-content\\\/uploads\\\/2018\\\/09\\\/BS0151-Liquido-Concentrato-per-Bolle-Giganti-1-Lt.Buonebolle.jpg\",\"width\":1800,\"height\":2258,\"caption\":\"BS0151 - Liquido Concentrato per Bolle Giganti 1 Lt.(Buonebolle)\"},{\"@type\":\"BreadcrumbList\",\"@id\":\"https:\\\/\\\/www.bazarbonino.com\\\/store\\\/prodotto\\\/bs0151-liquido-concentrato-per-bolle-giganti-1-lt-buonebolle\\\/#breadcrumb\",\"itemListElement\":[{\"@type\":\"ListItem\",\"position\":1,\"name\":\"Home\",\"item\":\"https:\\\/\\\/www.bazarbonino.com\\\/store\\\/\"},{\"@type\":\"ListItem\",\"position\":2,\"name\":\"Catalogo\",\"item\":\"https:\\\/\\\/www.bazarbonino.com\\\/store\\\/shop\\\/\"},{\"@type\":\"ListItem\",\"position\":3,\"name\":\"BS0151 &#8211; Liquido Concentrato per Bolle Giganti 1 Lt.(Buonebolle)\"}]},{\"@type\":\"WebSite\",\"@id\":\"https:\\\/\\\/www.bazarbonino.com\\\/store\\\/#website\",\"url\":\"https:\\\/\\\/www.bazarbonino.com\\\/store\\\/\",\"name\":\"BazarBonino\",\"description\":\"\",\"potentialAction\":[{\"@type\":\"SearchAction\",\"target\":{\"@type\":\"EntryPoint\",\"urlTemplate\":\"https:\\\/\\\/www.bazarbonino.com\\\/store\\\/?s={search_term_string}\"},\"query-input\":{\"@type\":\"PropertyValueSpecification\",\"valueRequired\":true,\"valueName\":\"search_term_string\"}}],\"inLanguage\":\"it-IT\"}]}<\/script>\n<!-- \/ Yoast SEO plugin. -->","yoast_head_json":{"title":"BS0151 - Liquido Concentrato per Bolle Giganti 1 Lt.(Buonebolle) - BazarBonino","description":"Il Liquido Concentrato per Bolle Giganti 1 Lt.(Buonebolle) \u00e8 un preparato creato apposta per ottenere super bolle! Prodotto da Robert Visco \"Scaccomatto\"!","robots":{"index":"index","follow":"follow","max-snippet":"max-snippet:-1","max-image-preview":"max-image-preview:large","max-video-preview":"max-video-preview:-1"},"canonical":"https:\/\/www.bazarbonino.com\/store\/prodotto\/bs0151-liquido-concentrato-per-bolle-giganti-1-lt-buonebolle\/","og_locale":"it_IT","og_type":"article","og_title":"BS0151 - Liquido Concentrato per Bolle Giganti 1 Lt.(Buonebolle) - BazarBonino","og_description":"Il Liquido Concentrato per Bolle Giganti 1 Lt.(Buonebolle) \u00e8 un preparato creato apposta per ottenere super bolle! Prodotto da Robert Visco \"Scaccomatto\"!","og_url":"https:\/\/www.bazarbonino.com\/store\/prodotto\/bs0151-liquido-concentrato-per-bolle-giganti-1-lt-buonebolle\/","og_site_name":"BazarBonino","article_publisher":"https:\/\/www.facebook.com\/bazar.bonino","article_modified_time":"2025-05-15T07:36:40+00:00","og_image":[{"width":1800,"height":2258,"url":"https:\/\/www.bazarbonino.com\/store\/wp-content\/uploads\/2018\/09\/BS0151-Liquido-Concentrato-per-Bolle-Giganti-1-Lt.Buonebolle.jpg","type":"image\/jpeg"}],"twitter_card":"summary_large_image","twitter_misc":{"Tempo di lettura stimato":"1 minuto"},"schema":{"@context":"https:\/\/schema.org","@graph":[{"@type":"WebPage","@id":"https:\/\/www.bazarbonino.com\/store\/prodotto\/bs0151-liquido-concentrato-per-bolle-giganti-1-lt-buonebolle\/","url":"https:\/\/www.bazarbonino.com\/store\/prodotto\/bs0151-liquido-concentrato-per-bolle-giganti-1-lt-buonebolle\/","name":"BS0151 - Liquido Concentrato per Bolle Giganti 1 Lt.(Buonebolle) - BazarBonino","isPartOf":{"@id":"https:\/\/www.bazarbonino.com\/store\/#website"},"primaryImageOfPage":{"@id":"https:\/\/www.bazarbonino.com\/store\/prodotto\/bs0151-liquido-concentrato-per-bolle-giganti-1-lt-buonebolle\/#primaryimage"},"image":{"@id":"https:\/\/www.bazarbonino.com\/store\/prodotto\/bs0151-liquido-concentrato-per-bolle-giganti-1-lt-buonebolle\/#primaryimage"},"thumbnailUrl":"https:\/\/www.bazarbonino.com\/store\/wp-content\/uploads\/2018\/09\/BS0151-Liquido-Concentrato-per-Bolle-Giganti-1-Lt.Buonebolle.jpg","datePublished":"2018-09-18T16:23:40+00:00","dateModified":"2025-05-15T07:36:40+00:00","description":"Il Liquido Concentrato per Bolle Giganti 1 Lt.(Buonebolle) \u00e8 un preparato creato apposta per ottenere super bolle! Prodotto da Robert Visco \"Scaccomatto\"!","breadcrumb":{"@id":"https:\/\/www.bazarbonino.com\/store\/prodotto\/bs0151-liquido-concentrato-per-bolle-giganti-1-lt-buonebolle\/#breadcrumb"},"inLanguage":"it-IT","potentialAction":[{"@type":"ReadAction","target":["https:\/\/www.bazarbonino.com\/store\/prodotto\/bs0151-liquido-concentrato-per-bolle-giganti-1-lt-buonebolle\/"]}]},{"@type":"ImageObject","inLanguage":"it-IT","@id":"https:\/\/www.bazarbonino.com\/store\/prodotto\/bs0151-liquido-concentrato-per-bolle-giganti-1-lt-buonebolle\/#primaryimage","url":"https:\/\/www.bazarbonino.com\/store\/wp-content\/uploads\/2018\/09\/BS0151-Liquido-Concentrato-per-Bolle-Giganti-1-Lt.Buonebolle.jpg","contentUrl":"https:\/\/www.bazarbonino.com\/store\/wp-content\/uploads\/2018\/09\/BS0151-Liquido-Concentrato-per-Bolle-Giganti-1-Lt.Buonebolle.jpg","width":1800,"height":2258,"caption":"BS0151 - Liquido Concentrato per Bolle Giganti 1 Lt.(Buonebolle)"},{"@type":"BreadcrumbList","@id":"https:\/\/www.bazarbonino.com\/store\/prodotto\/bs0151-liquido-concentrato-per-bolle-giganti-1-lt-buonebolle\/#breadcrumb","itemListElement":[{"@type":"ListItem","position":1,"name":"Home","item":"https:\/\/www.bazarbonino.com\/store\/"},{"@type":"ListItem","position":2,"name":"Catalogo","item":"https:\/\/www.bazarbonino.com\/store\/shop\/"},{"@type":"ListItem","position":3,"name":"BS0151 &#8211; Liquido Concentrato per Bolle Giganti 1 Lt.(Buonebolle)"}]},{"@type":"WebSite","@id":"https:\/\/www.bazarbonino.com\/store\/#website","url":"https:\/\/www.bazarbonino.com\/store\/","name":"BazarBonino","description":"","potentialAction":[{"@type":"SearchAction","target":{"@type":"EntryPoint","urlTemplate":"https:\/\/www.bazarbonino.com\/store\/?s={search_term_string}"},"query-input":{"@type":"PropertyValueSpecification","valueRequired":true,"valueName":"search_term_string"}}],"inLanguage":"it-IT"}]}},"_links":{"self":[{"href":"https:\/\/www.bazarbonino.com\/store\/wp-json\/wp\/v2\/product\/12162","targetHints":{"allow":["GET"]}}],"collection":[{"href":"https:\/\/www.bazarbonino.com\/store\/wp-json\/wp\/v2\/product"}],"about":[{"href":"https:\/\/www.bazarbonino.com\/store\/wp-json\/wp\/v2\/types\/product"}],"replies":[{"embeddable":true,"href":"https:\/\/www.bazarbonino.com\/store\/wp-json\/wp\/v2\/comments?post=12162"}],"wp:featuredmedia":[{"embeddable":true,"href":"https:\/\/www.bazarbonino.com\/store\/wp-json\/wp\/v2\/media\/20815"}],"wp:attachment":[{"href":"https:\/\/www.bazarbonino.com\/store\/wp-json\/wp\/v2\/media?parent=12162"}],"wp:term":[{"taxonomy":"product_brand","embeddable":true,"href":"https:\/\/www.bazarbonino.com\/store\/wp-json\/wp\/v2\/product_brand?post=12162"},{"taxonomy":"product_cat","embeddable":true,"href":"https:\/\/www.bazarbonino.com\/store\/wp-json\/wp\/v2\/product_cat?post=12162"},{"taxonomy":"product_tag","embeddable":true,"href":"https:\/\/www.bazarbonino.com\/store\/wp-json\/wp\/v2\/product_tag?post=12162"}],"curies":[{"name":"wp","href":"https:\/\/api.w.org\/{rel}","templated":true}]}}