{"id":11999,"date":"2018-06-28T11:04:42","date_gmt":"2018-06-28T09:04:42","guid":{"rendered":"http:\/\/www.bazarbonino.com\/store\/?post_type=product&#038;p=11999"},"modified":"2025-11-11T12:29:27","modified_gmt":"2025-11-11T11:29:27","slug":"jg3742-gora-fire-boomerang-chain-staff","status":"publish","type":"product","link":"https:\/\/www.bazarbonino.com\/store\/prodotto\/jg3742-gora-fire-boomerang-chain-staff\/","title":{"rendered":"JG3742 &#8211; GORA FIRE BOOMERANG CHAIN STAFF"},"content":{"rendered":"<h6>GORA STAFFA BOOMERANG CON CATENA<\/h6>\n<p class=\"articoli\">GORA FIRE BOOMERANG CHAIN STAFF \u00e8 lunga 100 cm, e pesa 500 gr. Il diamentro della staffa \u00e8 di 2 cm. ed \u00e8 composta da resistentissimo alluminio 7075 rivestito in grip nero. Alle estremit\u00e0 presenta il kevlar da 5 cm. con uno spessore di 4 cm. La catena fissata alla staffa \u00e8 lunga 155 cm. e presenta 2 Snivel alle estremit\u00e0. L&#8217;impugnatura, collegata alla catena, \u00e8 costituita da una sfera in silicone nero del diametro di 4 cm. marchiata anch&#8217;essa Gora! Un nuovo attrezzo creato e testato da Gora per nuovi numeri strabilianti che attireranno e cattureranno il vostro pubblico!<\/p>\n<p><iframe loading=\"lazy\" title=\"Fire boomerang staff  Fire chain staff\" width=\"1080\" height=\"608\" src=\"https:\/\/www.youtube.com\/embed\/aQclmy039no?feature=oembed\"  allow=\"accelerometer; autoplay; clipboard-write; encrypted-media; gyroscope; picture-in-picture; web-share\" referrerpolicy=\"strict-origin-when-cross-origin\" allowfullscreen><\/iframe><\/p>\n","protected":false},"excerpt":{"rendered":"<p>SUBITO DISPONIBILE<\/p>\n","protected":false},"featured_media":18732,"comment_status":"closed","ping_status":"closed","template":"","meta":{"_et_pb_use_builder":"","_et_pb_old_content":"","_et_gb_content_width":""},"product_brand":[],"product_cat":[48,46],"product_tag":[1837,308,218,307],"class_list":{"0":"post-11999","1":"product","2":"type-product","3":"status-publish","4":"has-post-thumbnail","6":"product_cat-attrezzi-infuocati-vari-danza-costumi","7":"product_cat-staffe-x-twirling-contact-infuocate","8":"product_tag-gora-contact-staff","9":"product_tag-negozio-articoli-giocoleria-da-incendiare","10":"product_tag-negozio-on-line-bazar-bonino-torino","11":"product_tag-staffa-infuocata-di-fuoco","13":"first","14":"instock","15":"sale","16":"taxable","17":"shipping-taxable","18":"purchasable","19":"product-type-simple"},"yoast_head":"<!-- This site is optimized with the Yoast SEO plugin v27.4 - https:\/\/yoast.com\/product\/yoast-seo-wordpress\/ -->\n<title>JG3742 - GORA FIRE BOOMERANG CHAIN STAFF - BazarBonino<\/title>\n<meta name=\"description\" content=\"GORA STAFFA BOOMERANG CON CATENA GORA FIRE BOOMERANG CHAIN STAFF \u00e8 lunga 100 cm, e pesa 500 gr. Il diamentro della staffa \u00e8 di 2 cm. in alluminio 7055!\" \/>\n<meta name=\"robots\" content=\"index, follow, max-snippet:-1, max-image-preview:large, max-video-preview:-1\" \/>\n<link rel=\"canonical\" href=\"https:\/\/www.bazarbonino.com\/store\/prodotto\/jg3742-gora-fire-boomerang-chain-staff\/\" \/>\n<meta property=\"og:locale\" content=\"it_IT\" \/>\n<meta property=\"og:type\" content=\"article\" \/>\n<meta property=\"og:title\" content=\"JG3742 - GORA FIRE BOOMERANG CHAIN STAFF - BazarBonino\" \/>\n<meta property=\"og:description\" content=\"GORA STAFFA BOOMERANG CON CATENA GORA FIRE BOOMERANG CHAIN STAFF \u00e8 lunga 100 cm, e pesa 500 gr. Il diamentro della staffa \u00e8 di 2 cm. in alluminio 7055!\" \/>\n<meta property=\"og:url\" content=\"https:\/\/www.bazarbonino.com\/store\/prodotto\/jg3742-gora-fire-boomerang-chain-staff\/\" \/>\n<meta property=\"og:site_name\" content=\"BazarBonino\" \/>\n<meta property=\"article:publisher\" content=\"https:\/\/www.facebook.com\/bazar.bonino\" \/>\n<meta property=\"article:modified_time\" content=\"2025-11-11T11:29:27+00:00\" \/>\n<meta property=\"og:image\" content=\"https:\/\/www.bazarbonino.com\/store\/wp-content\/uploads\/2018\/06\/JG3742-GORA-FIRE-BOOMERANG-CHAIN-STAFF-1.jpg\" \/>\n\t<meta property=\"og:image:width\" content=\"1000\" \/>\n\t<meta property=\"og:image:height\" content=\"500\" \/>\n\t<meta property=\"og:image:type\" content=\"image\/jpeg\" \/>\n<meta name=\"twitter:card\" content=\"summary_large_image\" \/>\n<script type=\"application\/ld+json\" class=\"yoast-schema-graph\">{\"@context\":\"https:\\\/\\\/schema.org\",\"@graph\":[{\"@type\":\"WebPage\",\"@id\":\"https:\\\/\\\/www.bazarbonino.com\\\/store\\\/prodotto\\\/jg3742-gora-fire-boomerang-chain-staff\\\/\",\"url\":\"https:\\\/\\\/www.bazarbonino.com\\\/store\\\/prodotto\\\/jg3742-gora-fire-boomerang-chain-staff\\\/\",\"name\":\"JG3742 - GORA FIRE BOOMERANG CHAIN STAFF - BazarBonino\",\"isPartOf\":{\"@id\":\"https:\\\/\\\/www.bazarbonino.com\\\/store\\\/#website\"},\"primaryImageOfPage\":{\"@id\":\"https:\\\/\\\/www.bazarbonino.com\\\/store\\\/prodotto\\\/jg3742-gora-fire-boomerang-chain-staff\\\/#primaryimage\"},\"image\":{\"@id\":\"https:\\\/\\\/www.bazarbonino.com\\\/store\\\/prodotto\\\/jg3742-gora-fire-boomerang-chain-staff\\\/#primaryimage\"},\"thumbnailUrl\":\"https:\\\/\\\/www.bazarbonino.com\\\/store\\\/wp-content\\\/uploads\\\/2018\\\/06\\\/JG3742-GORA-FIRE-BOOMERANG-CHAIN-STAFF-1.jpg\",\"datePublished\":\"2018-06-28T09:04:42+00:00\",\"dateModified\":\"2025-11-11T11:29:27+00:00\",\"description\":\"GORA STAFFA BOOMERANG CON CATENA GORA FIRE BOOMERANG CHAIN STAFF \u00e8 lunga 100 cm, e pesa 500 gr. Il diamentro della staffa \u00e8 di 2 cm. in alluminio 7055!\",\"breadcrumb\":{\"@id\":\"https:\\\/\\\/www.bazarbonino.com\\\/store\\\/prodotto\\\/jg3742-gora-fire-boomerang-chain-staff\\\/#breadcrumb\"},\"inLanguage\":\"it-IT\",\"potentialAction\":[{\"@type\":\"ReadAction\",\"target\":[\"https:\\\/\\\/www.bazarbonino.com\\\/store\\\/prodotto\\\/jg3742-gora-fire-boomerang-chain-staff\\\/\"]}]},{\"@type\":\"ImageObject\",\"inLanguage\":\"it-IT\",\"@id\":\"https:\\\/\\\/www.bazarbonino.com\\\/store\\\/prodotto\\\/jg3742-gora-fire-boomerang-chain-staff\\\/#primaryimage\",\"url\":\"https:\\\/\\\/www.bazarbonino.com\\\/store\\\/wp-content\\\/uploads\\\/2018\\\/06\\\/JG3742-GORA-FIRE-BOOMERANG-CHAIN-STAFF-1.jpg\",\"contentUrl\":\"https:\\\/\\\/www.bazarbonino.com\\\/store\\\/wp-content\\\/uploads\\\/2018\\\/06\\\/JG3742-GORA-FIRE-BOOMERANG-CHAIN-STAFF-1.jpg\",\"width\":1000,\"height\":500,\"caption\":\"JG3742 - GORA FIRE BOOMERANG CHAIN STAFF\"},{\"@type\":\"BreadcrumbList\",\"@id\":\"https:\\\/\\\/www.bazarbonino.com\\\/store\\\/prodotto\\\/jg3742-gora-fire-boomerang-chain-staff\\\/#breadcrumb\",\"itemListElement\":[{\"@type\":\"ListItem\",\"position\":1,\"name\":\"Home\",\"item\":\"https:\\\/\\\/www.bazarbonino.com\\\/store\\\/\"},{\"@type\":\"ListItem\",\"position\":2,\"name\":\"Catalogo\",\"item\":\"https:\\\/\\\/www.bazarbonino.com\\\/store\\\/shop\\\/\"},{\"@type\":\"ListItem\",\"position\":3,\"name\":\"JG3742 &#8211; GORA FIRE BOOMERANG CHAIN STAFF\"}]},{\"@type\":\"WebSite\",\"@id\":\"https:\\\/\\\/www.bazarbonino.com\\\/store\\\/#website\",\"url\":\"https:\\\/\\\/www.bazarbonino.com\\\/store\\\/\",\"name\":\"BazarBonino\",\"description\":\"\",\"potentialAction\":[{\"@type\":\"SearchAction\",\"target\":{\"@type\":\"EntryPoint\",\"urlTemplate\":\"https:\\\/\\\/www.bazarbonino.com\\\/store\\\/?s={search_term_string}\"},\"query-input\":{\"@type\":\"PropertyValueSpecification\",\"valueRequired\":true,\"valueName\":\"search_term_string\"}}],\"inLanguage\":\"it-IT\"}]}<\/script>\n<!-- \/ Yoast SEO plugin. -->","yoast_head_json":{"title":"JG3742 - GORA FIRE BOOMERANG CHAIN STAFF - BazarBonino","description":"GORA STAFFA BOOMERANG CON CATENA GORA FIRE BOOMERANG CHAIN STAFF \u00e8 lunga 100 cm, e pesa 500 gr. Il diamentro della staffa \u00e8 di 2 cm. in alluminio 7055!","robots":{"index":"index","follow":"follow","max-snippet":"max-snippet:-1","max-image-preview":"max-image-preview:large","max-video-preview":"max-video-preview:-1"},"canonical":"https:\/\/www.bazarbonino.com\/store\/prodotto\/jg3742-gora-fire-boomerang-chain-staff\/","og_locale":"it_IT","og_type":"article","og_title":"JG3742 - GORA FIRE BOOMERANG CHAIN STAFF - BazarBonino","og_description":"GORA STAFFA BOOMERANG CON CATENA GORA FIRE BOOMERANG CHAIN STAFF \u00e8 lunga 100 cm, e pesa 500 gr. Il diamentro della staffa \u00e8 di 2 cm. in alluminio 7055!","og_url":"https:\/\/www.bazarbonino.com\/store\/prodotto\/jg3742-gora-fire-boomerang-chain-staff\/","og_site_name":"BazarBonino","article_publisher":"https:\/\/www.facebook.com\/bazar.bonino","article_modified_time":"2025-11-11T11:29:27+00:00","og_image":[{"width":1000,"height":500,"url":"https:\/\/www.bazarbonino.com\/store\/wp-content\/uploads\/2018\/06\/JG3742-GORA-FIRE-BOOMERANG-CHAIN-STAFF-1.jpg","type":"image\/jpeg"}],"twitter_card":"summary_large_image","schema":{"@context":"https:\/\/schema.org","@graph":[{"@type":"WebPage","@id":"https:\/\/www.bazarbonino.com\/store\/prodotto\/jg3742-gora-fire-boomerang-chain-staff\/","url":"https:\/\/www.bazarbonino.com\/store\/prodotto\/jg3742-gora-fire-boomerang-chain-staff\/","name":"JG3742 - GORA FIRE BOOMERANG CHAIN STAFF - BazarBonino","isPartOf":{"@id":"https:\/\/www.bazarbonino.com\/store\/#website"},"primaryImageOfPage":{"@id":"https:\/\/www.bazarbonino.com\/store\/prodotto\/jg3742-gora-fire-boomerang-chain-staff\/#primaryimage"},"image":{"@id":"https:\/\/www.bazarbonino.com\/store\/prodotto\/jg3742-gora-fire-boomerang-chain-staff\/#primaryimage"},"thumbnailUrl":"https:\/\/www.bazarbonino.com\/store\/wp-content\/uploads\/2018\/06\/JG3742-GORA-FIRE-BOOMERANG-CHAIN-STAFF-1.jpg","datePublished":"2018-06-28T09:04:42+00:00","dateModified":"2025-11-11T11:29:27+00:00","description":"GORA STAFFA BOOMERANG CON CATENA GORA FIRE BOOMERANG CHAIN STAFF \u00e8 lunga 100 cm, e pesa 500 gr. Il diamentro della staffa \u00e8 di 2 cm. in alluminio 7055!","breadcrumb":{"@id":"https:\/\/www.bazarbonino.com\/store\/prodotto\/jg3742-gora-fire-boomerang-chain-staff\/#breadcrumb"},"inLanguage":"it-IT","potentialAction":[{"@type":"ReadAction","target":["https:\/\/www.bazarbonino.com\/store\/prodotto\/jg3742-gora-fire-boomerang-chain-staff\/"]}]},{"@type":"ImageObject","inLanguage":"it-IT","@id":"https:\/\/www.bazarbonino.com\/store\/prodotto\/jg3742-gora-fire-boomerang-chain-staff\/#primaryimage","url":"https:\/\/www.bazarbonino.com\/store\/wp-content\/uploads\/2018\/06\/JG3742-GORA-FIRE-BOOMERANG-CHAIN-STAFF-1.jpg","contentUrl":"https:\/\/www.bazarbonino.com\/store\/wp-content\/uploads\/2018\/06\/JG3742-GORA-FIRE-BOOMERANG-CHAIN-STAFF-1.jpg","width":1000,"height":500,"caption":"JG3742 - GORA FIRE BOOMERANG CHAIN STAFF"},{"@type":"BreadcrumbList","@id":"https:\/\/www.bazarbonino.com\/store\/prodotto\/jg3742-gora-fire-boomerang-chain-staff\/#breadcrumb","itemListElement":[{"@type":"ListItem","position":1,"name":"Home","item":"https:\/\/www.bazarbonino.com\/store\/"},{"@type":"ListItem","position":2,"name":"Catalogo","item":"https:\/\/www.bazarbonino.com\/store\/shop\/"},{"@type":"ListItem","position":3,"name":"JG3742 &#8211; GORA FIRE BOOMERANG CHAIN STAFF"}]},{"@type":"WebSite","@id":"https:\/\/www.bazarbonino.com\/store\/#website","url":"https:\/\/www.bazarbonino.com\/store\/","name":"BazarBonino","description":"","potentialAction":[{"@type":"SearchAction","target":{"@type":"EntryPoint","urlTemplate":"https:\/\/www.bazarbonino.com\/store\/?s={search_term_string}"},"query-input":{"@type":"PropertyValueSpecification","valueRequired":true,"valueName":"search_term_string"}}],"inLanguage":"it-IT"}]}},"_links":{"self":[{"href":"https:\/\/www.bazarbonino.com\/store\/wp-json\/wp\/v2\/product\/11999","targetHints":{"allow":["GET"]}}],"collection":[{"href":"https:\/\/www.bazarbonino.com\/store\/wp-json\/wp\/v2\/product"}],"about":[{"href":"https:\/\/www.bazarbonino.com\/store\/wp-json\/wp\/v2\/types\/product"}],"replies":[{"embeddable":true,"href":"https:\/\/www.bazarbonino.com\/store\/wp-json\/wp\/v2\/comments?post=11999"}],"wp:featuredmedia":[{"embeddable":true,"href":"https:\/\/www.bazarbonino.com\/store\/wp-json\/wp\/v2\/media\/18732"}],"wp:attachment":[{"href":"https:\/\/www.bazarbonino.com\/store\/wp-json\/wp\/v2\/media?parent=11999"}],"wp:term":[{"taxonomy":"product_brand","embeddable":true,"href":"https:\/\/www.bazarbonino.com\/store\/wp-json\/wp\/v2\/product_brand?post=11999"},{"taxonomy":"product_cat","embeddable":true,"href":"https:\/\/www.bazarbonino.com\/store\/wp-json\/wp\/v2\/product_cat?post=11999"},{"taxonomy":"product_tag","embeddable":true,"href":"https:\/\/www.bazarbonino.com\/store\/wp-json\/wp\/v2\/product_tag?post=11999"}],"curies":[{"name":"wp","href":"https:\/\/api.w.org\/{rel}","templated":true}]}}