{"id":11709,"date":"2018-05-09T18:49:38","date_gmt":"2018-05-09T16:49:38","guid":{"rendered":"http:\/\/www.bazarbonino.com\/store\/?post_type=product&#038;p=11709"},"modified":"2025-01-28T22:52:53","modified_gmt":"2025-01-28T21:52:53","slug":"jg5115-sfera-per-equilibrio-voltige-60-cm","status":"publish","type":"product","link":"https:\/\/www.bazarbonino.com\/store\/prodotto\/jg5115-sfera-per-equilibrio-voltige-60-cm\/","title":{"rendered":"JG5115 &#8211; SFERA PER EQUILIBRIO VOLTIGE 60 cm"},"content":{"rendered":"<p>La SFERA PER EQUILIBRIO VOLTIGE 60 cm diam. e peso 14 kg \u00e8 disponibile SOLO SU ORDINAZIONE (tempo di attesa 1 settimana lavorativa). La sua portata massima \u00e8 di 250 kg, Fabbricata in polyethylene, sfericit\u00e0 e bilanciamento perfetti, resistente agli shock, praticamente indistruttibile, ottima per corsi o spettacoli! Ddisponibile nei colori rosso,blu,giallo,verde,nero glitterati e bianco, misura standard per apprendimento. (ATTENZIONE spese di <strong>spedizione \u20ac 30,00<\/strong>). Inserire tra le note dell\u2019ordine il colore scelto.<\/p>\n","protected":false},"excerpt":{"rendered":"<p>La SFERA PER EQUILIBRIO VOLTIGE 60 cm diam. e peso 14 kg \u00e8 disponibile SOLO SU ORDINAZIONE (tempo di attesa 1 settimana lavorativa). La sua portata massima \u00e8 di 250 kg, Fabbricata in polyethylene, sfericit\u00e0 e bilanciamento perfetti, resistente agli shock, praticamente indistruttibile, ottima per corsi o spettacoli! Ddisponibile nei colori rosso,blu,giallo,verde,nero glitterati e bianco, [&hellip;]<\/p>\n","protected":false},"featured_media":11710,"comment_status":"closed","ping_status":"closed","template":"","meta":{"_et_pb_use_builder":"","_et_pb_old_content":"","_et_gb_content_width":""},"product_brand":[],"product_cat":[60],"product_tag":[345,2127,347,348,346],"class_list":{"0":"post-11709","1":"product","2":"type-product","3":"status-publish","4":"has-post-thumbnail","6":"product_cat-sfere-dequilibrio-filo-teso","7":"product_tag-attrezzi-circensi-professionali","8":"product_tag-bazar-bonino-torino","9":"product_tag-filo-teso-dequilibrio-arianne","10":"product_tag-negozio-on-line-attrezzi-di-circo","11":"product_tag-sfera-per-equilibrio","12":"product_shipping_class-voluminoso-1","14":"first","15":"instock","16":"taxable","17":"shipping-taxable","18":"purchasable","19":"product-type-simple"},"yoast_head":"<!-- This site is optimized with the Yoast SEO plugin v27.4 - https:\/\/yoast.com\/product\/yoast-seo-wordpress\/ -->\n<title>JG5115 - SFERA PER EQUILIBRIO VOLTIGE 60 cm - BazarBonino<\/title>\n<meta name=\"description\" content=\"La sfera per equilibrio 60 cm 14 kg \u00e8 in polyethylene, sfericit\u00e0 e bilanciamento perfetti, resistente agli shock, ottima per corsi o spettacoli!\" \/>\n<meta name=\"robots\" content=\"index, follow, max-snippet:-1, max-image-preview:large, max-video-preview:-1\" \/>\n<link rel=\"canonical\" href=\"https:\/\/www.bazarbonino.com\/store\/prodotto\/jg5115-sfera-per-equilibrio-voltige-60-cm\/\" \/>\n<meta property=\"og:locale\" content=\"it_IT\" \/>\n<meta property=\"og:type\" content=\"article\" \/>\n<meta property=\"og:title\" content=\"JG5115 - SFERA PER EQUILIBRIO VOLTIGE 60 cm - BazarBonino\" \/>\n<meta property=\"og:description\" content=\"La sfera per equilibrio 60 cm 14 kg \u00e8 in polyethylene, sfericit\u00e0 e bilanciamento perfetti, resistente agli shock, ottima per corsi o spettacoli!\" \/>\n<meta property=\"og:url\" content=\"https:\/\/www.bazarbonino.com\/store\/prodotto\/jg5115-sfera-per-equilibrio-voltige-60-cm\/\" \/>\n<meta property=\"og:site_name\" content=\"BazarBonino\" \/>\n<meta property=\"article:publisher\" content=\"https:\/\/www.facebook.com\/bazar.bonino\" \/>\n<meta property=\"article:modified_time\" content=\"2025-01-28T21:52:53+00:00\" \/>\n<meta property=\"og:image\" content=\"https:\/\/www.bazarbonino.com\/store\/wp-content\/uploads\/2018\/05\/JG5115-SFERA-PER-EQUILIBRIO-VOLTIGE-60-cm.jpg\" \/>\n\t<meta property=\"og:image:width\" content=\"357\" \/>\n\t<meta property=\"og:image:height\" content=\"357\" \/>\n\t<meta property=\"og:image:type\" content=\"image\/jpeg\" \/>\n<meta name=\"twitter:card\" content=\"summary_large_image\" \/>\n<script type=\"application\/ld+json\" class=\"yoast-schema-graph\">{\"@context\":\"https:\\\/\\\/schema.org\",\"@graph\":[{\"@type\":\"WebPage\",\"@id\":\"https:\\\/\\\/www.bazarbonino.com\\\/store\\\/prodotto\\\/jg5115-sfera-per-equilibrio-voltige-60-cm\\\/\",\"url\":\"https:\\\/\\\/www.bazarbonino.com\\\/store\\\/prodotto\\\/jg5115-sfera-per-equilibrio-voltige-60-cm\\\/\",\"name\":\"JG5115 - SFERA PER EQUILIBRIO VOLTIGE 60 cm - BazarBonino\",\"isPartOf\":{\"@id\":\"https:\\\/\\\/www.bazarbonino.com\\\/store\\\/#website\"},\"primaryImageOfPage\":{\"@id\":\"https:\\\/\\\/www.bazarbonino.com\\\/store\\\/prodotto\\\/jg5115-sfera-per-equilibrio-voltige-60-cm\\\/#primaryimage\"},\"image\":{\"@id\":\"https:\\\/\\\/www.bazarbonino.com\\\/store\\\/prodotto\\\/jg5115-sfera-per-equilibrio-voltige-60-cm\\\/#primaryimage\"},\"thumbnailUrl\":\"https:\\\/\\\/www.bazarbonino.com\\\/store\\\/wp-content\\\/uploads\\\/2018\\\/05\\\/JG5115-SFERA-PER-EQUILIBRIO-VOLTIGE-60-cm.jpg\",\"datePublished\":\"2018-05-09T16:49:38+00:00\",\"dateModified\":\"2025-01-28T21:52:53+00:00\",\"description\":\"La sfera per equilibrio 60 cm 14 kg \u00e8 in polyethylene, sfericit\u00e0 e bilanciamento perfetti, resistente agli shock, ottima per corsi o spettacoli!\",\"breadcrumb\":{\"@id\":\"https:\\\/\\\/www.bazarbonino.com\\\/store\\\/prodotto\\\/jg5115-sfera-per-equilibrio-voltige-60-cm\\\/#breadcrumb\"},\"inLanguage\":\"it-IT\",\"potentialAction\":[{\"@type\":\"ReadAction\",\"target\":[\"https:\\\/\\\/www.bazarbonino.com\\\/store\\\/prodotto\\\/jg5115-sfera-per-equilibrio-voltige-60-cm\\\/\"]}]},{\"@type\":\"ImageObject\",\"inLanguage\":\"it-IT\",\"@id\":\"https:\\\/\\\/www.bazarbonino.com\\\/store\\\/prodotto\\\/jg5115-sfera-per-equilibrio-voltige-60-cm\\\/#primaryimage\",\"url\":\"https:\\\/\\\/www.bazarbonino.com\\\/store\\\/wp-content\\\/uploads\\\/2018\\\/05\\\/JG5115-SFERA-PER-EQUILIBRIO-VOLTIGE-60-cm.jpg\",\"contentUrl\":\"https:\\\/\\\/www.bazarbonino.com\\\/store\\\/wp-content\\\/uploads\\\/2018\\\/05\\\/JG5115-SFERA-PER-EQUILIBRIO-VOLTIGE-60-cm.jpg\",\"width\":357,\"height\":357,\"caption\":\"JG5115 - SFERA PER EQUILIBRIO VOLTIGE 60 cm\"},{\"@type\":\"BreadcrumbList\",\"@id\":\"https:\\\/\\\/www.bazarbonino.com\\\/store\\\/prodotto\\\/jg5115-sfera-per-equilibrio-voltige-60-cm\\\/#breadcrumb\",\"itemListElement\":[{\"@type\":\"ListItem\",\"position\":1,\"name\":\"Home\",\"item\":\"https:\\\/\\\/www.bazarbonino.com\\\/store\\\/\"},{\"@type\":\"ListItem\",\"position\":2,\"name\":\"Catalogo\",\"item\":\"https:\\\/\\\/www.bazarbonino.com\\\/store\\\/shop\\\/\"},{\"@type\":\"ListItem\",\"position\":3,\"name\":\"JG5115 &#8211; SFERA PER EQUILIBRIO VOLTIGE 60 cm\"}]},{\"@type\":\"WebSite\",\"@id\":\"https:\\\/\\\/www.bazarbonino.com\\\/store\\\/#website\",\"url\":\"https:\\\/\\\/www.bazarbonino.com\\\/store\\\/\",\"name\":\"BazarBonino\",\"description\":\"\",\"potentialAction\":[{\"@type\":\"SearchAction\",\"target\":{\"@type\":\"EntryPoint\",\"urlTemplate\":\"https:\\\/\\\/www.bazarbonino.com\\\/store\\\/?s={search_term_string}\"},\"query-input\":{\"@type\":\"PropertyValueSpecification\",\"valueRequired\":true,\"valueName\":\"search_term_string\"}}],\"inLanguage\":\"it-IT\"}]}<\/script>\n<!-- \/ Yoast SEO plugin. -->","yoast_head_json":{"title":"JG5115 - SFERA PER EQUILIBRIO VOLTIGE 60 cm - BazarBonino","description":"La sfera per equilibrio 60 cm 14 kg \u00e8 in polyethylene, sfericit\u00e0 e bilanciamento perfetti, resistente agli shock, ottima per corsi o spettacoli!","robots":{"index":"index","follow":"follow","max-snippet":"max-snippet:-1","max-image-preview":"max-image-preview:large","max-video-preview":"max-video-preview:-1"},"canonical":"https:\/\/www.bazarbonino.com\/store\/prodotto\/jg5115-sfera-per-equilibrio-voltige-60-cm\/","og_locale":"it_IT","og_type":"article","og_title":"JG5115 - SFERA PER EQUILIBRIO VOLTIGE 60 cm - BazarBonino","og_description":"La sfera per equilibrio 60 cm 14 kg \u00e8 in polyethylene, sfericit\u00e0 e bilanciamento perfetti, resistente agli shock, ottima per corsi o spettacoli!","og_url":"https:\/\/www.bazarbonino.com\/store\/prodotto\/jg5115-sfera-per-equilibrio-voltige-60-cm\/","og_site_name":"BazarBonino","article_publisher":"https:\/\/www.facebook.com\/bazar.bonino","article_modified_time":"2025-01-28T21:52:53+00:00","og_image":[{"width":357,"height":357,"url":"https:\/\/www.bazarbonino.com\/store\/wp-content\/uploads\/2018\/05\/JG5115-SFERA-PER-EQUILIBRIO-VOLTIGE-60-cm.jpg","type":"image\/jpeg"}],"twitter_card":"summary_large_image","schema":{"@context":"https:\/\/schema.org","@graph":[{"@type":"WebPage","@id":"https:\/\/www.bazarbonino.com\/store\/prodotto\/jg5115-sfera-per-equilibrio-voltige-60-cm\/","url":"https:\/\/www.bazarbonino.com\/store\/prodotto\/jg5115-sfera-per-equilibrio-voltige-60-cm\/","name":"JG5115 - SFERA PER EQUILIBRIO VOLTIGE 60 cm - BazarBonino","isPartOf":{"@id":"https:\/\/www.bazarbonino.com\/store\/#website"},"primaryImageOfPage":{"@id":"https:\/\/www.bazarbonino.com\/store\/prodotto\/jg5115-sfera-per-equilibrio-voltige-60-cm\/#primaryimage"},"image":{"@id":"https:\/\/www.bazarbonino.com\/store\/prodotto\/jg5115-sfera-per-equilibrio-voltige-60-cm\/#primaryimage"},"thumbnailUrl":"https:\/\/www.bazarbonino.com\/store\/wp-content\/uploads\/2018\/05\/JG5115-SFERA-PER-EQUILIBRIO-VOLTIGE-60-cm.jpg","datePublished":"2018-05-09T16:49:38+00:00","dateModified":"2025-01-28T21:52:53+00:00","description":"La sfera per equilibrio 60 cm 14 kg \u00e8 in polyethylene, sfericit\u00e0 e bilanciamento perfetti, resistente agli shock, ottima per corsi o spettacoli!","breadcrumb":{"@id":"https:\/\/www.bazarbonino.com\/store\/prodotto\/jg5115-sfera-per-equilibrio-voltige-60-cm\/#breadcrumb"},"inLanguage":"it-IT","potentialAction":[{"@type":"ReadAction","target":["https:\/\/www.bazarbonino.com\/store\/prodotto\/jg5115-sfera-per-equilibrio-voltige-60-cm\/"]}]},{"@type":"ImageObject","inLanguage":"it-IT","@id":"https:\/\/www.bazarbonino.com\/store\/prodotto\/jg5115-sfera-per-equilibrio-voltige-60-cm\/#primaryimage","url":"https:\/\/www.bazarbonino.com\/store\/wp-content\/uploads\/2018\/05\/JG5115-SFERA-PER-EQUILIBRIO-VOLTIGE-60-cm.jpg","contentUrl":"https:\/\/www.bazarbonino.com\/store\/wp-content\/uploads\/2018\/05\/JG5115-SFERA-PER-EQUILIBRIO-VOLTIGE-60-cm.jpg","width":357,"height":357,"caption":"JG5115 - SFERA PER EQUILIBRIO VOLTIGE 60 cm"},{"@type":"BreadcrumbList","@id":"https:\/\/www.bazarbonino.com\/store\/prodotto\/jg5115-sfera-per-equilibrio-voltige-60-cm\/#breadcrumb","itemListElement":[{"@type":"ListItem","position":1,"name":"Home","item":"https:\/\/www.bazarbonino.com\/store\/"},{"@type":"ListItem","position":2,"name":"Catalogo","item":"https:\/\/www.bazarbonino.com\/store\/shop\/"},{"@type":"ListItem","position":3,"name":"JG5115 &#8211; SFERA PER EQUILIBRIO VOLTIGE 60 cm"}]},{"@type":"WebSite","@id":"https:\/\/www.bazarbonino.com\/store\/#website","url":"https:\/\/www.bazarbonino.com\/store\/","name":"BazarBonino","description":"","potentialAction":[{"@type":"SearchAction","target":{"@type":"EntryPoint","urlTemplate":"https:\/\/www.bazarbonino.com\/store\/?s={search_term_string}"},"query-input":{"@type":"PropertyValueSpecification","valueRequired":true,"valueName":"search_term_string"}}],"inLanguage":"it-IT"}]}},"_links":{"self":[{"href":"https:\/\/www.bazarbonino.com\/store\/wp-json\/wp\/v2\/product\/11709","targetHints":{"allow":["GET"]}}],"collection":[{"href":"https:\/\/www.bazarbonino.com\/store\/wp-json\/wp\/v2\/product"}],"about":[{"href":"https:\/\/www.bazarbonino.com\/store\/wp-json\/wp\/v2\/types\/product"}],"replies":[{"embeddable":true,"href":"https:\/\/www.bazarbonino.com\/store\/wp-json\/wp\/v2\/comments?post=11709"}],"wp:featuredmedia":[{"embeddable":true,"href":"https:\/\/www.bazarbonino.com\/store\/wp-json\/wp\/v2\/media\/11710"}],"wp:attachment":[{"href":"https:\/\/www.bazarbonino.com\/store\/wp-json\/wp\/v2\/media?parent=11709"}],"wp:term":[{"taxonomy":"product_brand","embeddable":true,"href":"https:\/\/www.bazarbonino.com\/store\/wp-json\/wp\/v2\/product_brand?post=11709"},{"taxonomy":"product_cat","embeddable":true,"href":"https:\/\/www.bazarbonino.com\/store\/wp-json\/wp\/v2\/product_cat?post=11709"},{"taxonomy":"product_tag","embeddable":true,"href":"https:\/\/www.bazarbonino.com\/store\/wp-json\/wp\/v2\/product_tag?post=11709"}],"curies":[{"name":"wp","href":"https:\/\/api.w.org\/{rel}","templated":true}]}}