{"id":1161,"date":"2013-01-01T23:32:50","date_gmt":"2013-01-01T22:32:50","guid":{"rendered":"http:\/\/www.bazarbonino.com\/store\/?wpsc-product=jg4898-trampoli-jumper-powerstrider-adulto"},"modified":"2016-08-01T10:52:32","modified_gmt":"2016-08-01T08:52:32","slug":"jg4898-trampoli-jumper-powerstrider-adulto","status":"publish","type":"product","link":"https:\/\/www.bazarbonino.com\/store\/prodotto\/jg4898-trampoli-jumper-powerstrider-adulto\/","title":{"rendered":"JG4898 &#8211; TRAMPOLI JUMPER POWERSTRIDER ADULTO"},"content":{"rendered":"<p class=\"articoli\">NON DISPONIBILE &#8211; SOLO SU ORDINAZIONE &#8211; gli unici e soli ORIGINALI POWERBOCK!!! &#8211; la novit\u00e0 della quale tutti parlano e che \u00e8 diventanto un fenomeno mondiale, permettono di saltare 2 metri in altezza e pi\u00f9 di 3 in lunghezza, raggiungendo i 35 km\/h grazie alle molle a balestra, viti di regolazione, appoggio ginocchio, bloccaggio piede e ginocchio, facili e sicuri compresi di istruzioni, consigliato l&#8217;uso delle adeguate protezioni, ATTENZIONE da scegliere a seconda del vs. peso: modello 60 da 55 a 69 kg, modello 70 da 65 a 79, modello 80 da 75 a 89 kg, disponibili anche altri pesi: per sicurezza indicateci SEMPRE su &#8220;comunicazioni&#8221; il vostro peso esatto<\/p>\n","protected":false},"excerpt":{"rendered":"<p>NON DISPONIBILE &#8211; SOLO SU ORDINAZIONE &#8211; gli unici e soli ORIGINALI POWERBOCK!!! &#8211; la novit\u00e0 della quale tutti parlano e che \u00e8 diventanto un fenomeno mondiale, permettono di saltare 2 metri in altezza e pi\u00f9 di 3 in lunghezza, raggiungendo i 35 km\/h grazie alle molle a balestra, viti di regolazione, appoggio ginocchio, bloccaggio [&hellip;]<\/p>\n","protected":false},"featured_media":3572,"comment_status":"closed","ping_status":"closed","template":"","meta":{"_et_pb_use_builder":"","_et_pb_old_content":"","_et_gb_content_width":""},"product_brand":[],"product_cat":[58],"product_tag":[336,335,2127,339,338,337],"class_list":{"0":"post-1161","1":"product","2":"type-product","3":"status-publish","4":"has-post-thumbnail","6":"product_cat-trampoli-scale","7":"product_tag-articoli-circensi-professionali","8":"product_tag-attrezzi-di-equilibrio","9":"product_tag-bazar-bonino-torino","10":"product_tag-negozio-on-line-attrezzi-circo","11":"product_tag-scala-di-equilibrio","12":"product_tag-trampoli-per-dilettanti-e-professionisti","14":"first","15":"outofstock","16":"taxable","17":"shipping-taxable","18":"purchasable","19":"product-type-simple"},"yoast_head":"<!-- This site is optimized with the Yoast SEO plugin v27.4 - https:\/\/yoast.com\/product\/yoast-seo-wordpress\/ -->\n<title>JG4898 - TRAMPOLI JUMPER POWERSTRIDER ADULTO - BazarBonino<\/title>\n<meta name=\"robots\" content=\"index, follow, max-snippet:-1, max-image-preview:large, max-video-preview:-1\" \/>\n<link rel=\"canonical\" href=\"https:\/\/www.bazarbonino.com\/store\/prodotto\/jg4898-trampoli-jumper-powerstrider-adulto\/\" \/>\n<meta property=\"og:locale\" content=\"it_IT\" \/>\n<meta property=\"og:type\" content=\"article\" \/>\n<meta property=\"og:title\" content=\"JG4898 - TRAMPOLI JUMPER POWERSTRIDER ADULTO - BazarBonino\" \/>\n<meta property=\"og:description\" content=\"NON DISPONIBILE &#8211; SOLO SU ORDINAZIONE &#8211; gli unici e soli ORIGINALI POWERBOCK!!! &#8211; la novit\u00e0 della quale tutti parlano e che \u00e8 diventanto un fenomeno mondiale, permettono di saltare 2 metri in altezza e pi\u00f9 di 3 in lunghezza, raggiungendo i 35 km\/h grazie alle molle a balestra, viti di regolazione, appoggio ginocchio, bloccaggio [&hellip;]\" \/>\n<meta property=\"og:url\" content=\"https:\/\/www.bazarbonino.com\/store\/prodotto\/jg4898-trampoli-jumper-powerstrider-adulto\/\" \/>\n<meta property=\"og:site_name\" content=\"BazarBonino\" \/>\n<meta property=\"article:publisher\" content=\"https:\/\/www.facebook.com\/bazar.bonino\" \/>\n<meta property=\"article:modified_time\" content=\"2016-08-01T08:52:32+00:00\" \/>\n<meta property=\"og:image\" content=\"https:\/\/www.bazarbonino.com\/store\/wp-content\/uploads\/2013\/01\/JG4898-TRAMPOLI-JUMPER-POWERSTRIDER-ADULTO.jpg\" \/>\n\t<meta property=\"og:image:width\" content=\"500\" \/>\n\t<meta property=\"og:image:height\" content=\"700\" \/>\n\t<meta property=\"og:image:type\" content=\"image\/jpeg\" \/>\n<meta name=\"twitter:card\" content=\"summary_large_image\" \/>\n<script type=\"application\/ld+json\" class=\"yoast-schema-graph\">{\"@context\":\"https:\\\/\\\/schema.org\",\"@graph\":[{\"@type\":\"WebPage\",\"@id\":\"https:\\\/\\\/www.bazarbonino.com\\\/store\\\/prodotto\\\/jg4898-trampoli-jumper-powerstrider-adulto\\\/\",\"url\":\"https:\\\/\\\/www.bazarbonino.com\\\/store\\\/prodotto\\\/jg4898-trampoli-jumper-powerstrider-adulto\\\/\",\"name\":\"JG4898 - TRAMPOLI JUMPER POWERSTRIDER ADULTO - BazarBonino\",\"isPartOf\":{\"@id\":\"https:\\\/\\\/www.bazarbonino.com\\\/store\\\/#website\"},\"primaryImageOfPage\":{\"@id\":\"https:\\\/\\\/www.bazarbonino.com\\\/store\\\/prodotto\\\/jg4898-trampoli-jumper-powerstrider-adulto\\\/#primaryimage\"},\"image\":{\"@id\":\"https:\\\/\\\/www.bazarbonino.com\\\/store\\\/prodotto\\\/jg4898-trampoli-jumper-powerstrider-adulto\\\/#primaryimage\"},\"thumbnailUrl\":\"https:\\\/\\\/www.bazarbonino.com\\\/store\\\/wp-content\\\/uploads\\\/2013\\\/01\\\/JG4898-TRAMPOLI-JUMPER-POWERSTRIDER-ADULTO.jpg\",\"datePublished\":\"2013-01-01T22:32:50+00:00\",\"dateModified\":\"2016-08-01T08:52:32+00:00\",\"breadcrumb\":{\"@id\":\"https:\\\/\\\/www.bazarbonino.com\\\/store\\\/prodotto\\\/jg4898-trampoli-jumper-powerstrider-adulto\\\/#breadcrumb\"},\"inLanguage\":\"it-IT\",\"potentialAction\":[{\"@type\":\"ReadAction\",\"target\":[\"https:\\\/\\\/www.bazarbonino.com\\\/store\\\/prodotto\\\/jg4898-trampoli-jumper-powerstrider-adulto\\\/\"]}]},{\"@type\":\"ImageObject\",\"inLanguage\":\"it-IT\",\"@id\":\"https:\\\/\\\/www.bazarbonino.com\\\/store\\\/prodotto\\\/jg4898-trampoli-jumper-powerstrider-adulto\\\/#primaryimage\",\"url\":\"https:\\\/\\\/www.bazarbonino.com\\\/store\\\/wp-content\\\/uploads\\\/2013\\\/01\\\/JG4898-TRAMPOLI-JUMPER-POWERSTRIDER-ADULTO.jpg\",\"contentUrl\":\"https:\\\/\\\/www.bazarbonino.com\\\/store\\\/wp-content\\\/uploads\\\/2013\\\/01\\\/JG4898-TRAMPOLI-JUMPER-POWERSTRIDER-ADULTO.jpg\",\"width\":500,\"height\":700},{\"@type\":\"BreadcrumbList\",\"@id\":\"https:\\\/\\\/www.bazarbonino.com\\\/store\\\/prodotto\\\/jg4898-trampoli-jumper-powerstrider-adulto\\\/#breadcrumb\",\"itemListElement\":[{\"@type\":\"ListItem\",\"position\":1,\"name\":\"Home\",\"item\":\"https:\\\/\\\/www.bazarbonino.com\\\/store\\\/\"},{\"@type\":\"ListItem\",\"position\":2,\"name\":\"Catalogo\",\"item\":\"https:\\\/\\\/www.bazarbonino.com\\\/store\\\/shop\\\/\"},{\"@type\":\"ListItem\",\"position\":3,\"name\":\"JG4898 &#8211; TRAMPOLI JUMPER POWERSTRIDER ADULTO\"}]},{\"@type\":\"WebSite\",\"@id\":\"https:\\\/\\\/www.bazarbonino.com\\\/store\\\/#website\",\"url\":\"https:\\\/\\\/www.bazarbonino.com\\\/store\\\/\",\"name\":\"BazarBonino\",\"description\":\"\",\"potentialAction\":[{\"@type\":\"SearchAction\",\"target\":{\"@type\":\"EntryPoint\",\"urlTemplate\":\"https:\\\/\\\/www.bazarbonino.com\\\/store\\\/?s={search_term_string}\"},\"query-input\":{\"@type\":\"PropertyValueSpecification\",\"valueRequired\":true,\"valueName\":\"search_term_string\"}}],\"inLanguage\":\"it-IT\"}]}<\/script>\n<!-- \/ Yoast SEO plugin. -->","yoast_head_json":{"title":"JG4898 - TRAMPOLI JUMPER POWERSTRIDER ADULTO - BazarBonino","robots":{"index":"index","follow":"follow","max-snippet":"max-snippet:-1","max-image-preview":"max-image-preview:large","max-video-preview":"max-video-preview:-1"},"canonical":"https:\/\/www.bazarbonino.com\/store\/prodotto\/jg4898-trampoli-jumper-powerstrider-adulto\/","og_locale":"it_IT","og_type":"article","og_title":"JG4898 - TRAMPOLI JUMPER POWERSTRIDER ADULTO - BazarBonino","og_description":"NON DISPONIBILE &#8211; SOLO SU ORDINAZIONE &#8211; gli unici e soli ORIGINALI POWERBOCK!!! &#8211; la novit\u00e0 della quale tutti parlano e che \u00e8 diventanto un fenomeno mondiale, permettono di saltare 2 metri in altezza e pi\u00f9 di 3 in lunghezza, raggiungendo i 35 km\/h grazie alle molle a balestra, viti di regolazione, appoggio ginocchio, bloccaggio [&hellip;]","og_url":"https:\/\/www.bazarbonino.com\/store\/prodotto\/jg4898-trampoli-jumper-powerstrider-adulto\/","og_site_name":"BazarBonino","article_publisher":"https:\/\/www.facebook.com\/bazar.bonino","article_modified_time":"2016-08-01T08:52:32+00:00","og_image":[{"width":500,"height":700,"url":"https:\/\/www.bazarbonino.com\/store\/wp-content\/uploads\/2013\/01\/JG4898-TRAMPOLI-JUMPER-POWERSTRIDER-ADULTO.jpg","type":"image\/jpeg"}],"twitter_card":"summary_large_image","schema":{"@context":"https:\/\/schema.org","@graph":[{"@type":"WebPage","@id":"https:\/\/www.bazarbonino.com\/store\/prodotto\/jg4898-trampoli-jumper-powerstrider-adulto\/","url":"https:\/\/www.bazarbonino.com\/store\/prodotto\/jg4898-trampoli-jumper-powerstrider-adulto\/","name":"JG4898 - TRAMPOLI JUMPER POWERSTRIDER ADULTO - BazarBonino","isPartOf":{"@id":"https:\/\/www.bazarbonino.com\/store\/#website"},"primaryImageOfPage":{"@id":"https:\/\/www.bazarbonino.com\/store\/prodotto\/jg4898-trampoli-jumper-powerstrider-adulto\/#primaryimage"},"image":{"@id":"https:\/\/www.bazarbonino.com\/store\/prodotto\/jg4898-trampoli-jumper-powerstrider-adulto\/#primaryimage"},"thumbnailUrl":"https:\/\/www.bazarbonino.com\/store\/wp-content\/uploads\/2013\/01\/JG4898-TRAMPOLI-JUMPER-POWERSTRIDER-ADULTO.jpg","datePublished":"2013-01-01T22:32:50+00:00","dateModified":"2016-08-01T08:52:32+00:00","breadcrumb":{"@id":"https:\/\/www.bazarbonino.com\/store\/prodotto\/jg4898-trampoli-jumper-powerstrider-adulto\/#breadcrumb"},"inLanguage":"it-IT","potentialAction":[{"@type":"ReadAction","target":["https:\/\/www.bazarbonino.com\/store\/prodotto\/jg4898-trampoli-jumper-powerstrider-adulto\/"]}]},{"@type":"ImageObject","inLanguage":"it-IT","@id":"https:\/\/www.bazarbonino.com\/store\/prodotto\/jg4898-trampoli-jumper-powerstrider-adulto\/#primaryimage","url":"https:\/\/www.bazarbonino.com\/store\/wp-content\/uploads\/2013\/01\/JG4898-TRAMPOLI-JUMPER-POWERSTRIDER-ADULTO.jpg","contentUrl":"https:\/\/www.bazarbonino.com\/store\/wp-content\/uploads\/2013\/01\/JG4898-TRAMPOLI-JUMPER-POWERSTRIDER-ADULTO.jpg","width":500,"height":700},{"@type":"BreadcrumbList","@id":"https:\/\/www.bazarbonino.com\/store\/prodotto\/jg4898-trampoli-jumper-powerstrider-adulto\/#breadcrumb","itemListElement":[{"@type":"ListItem","position":1,"name":"Home","item":"https:\/\/www.bazarbonino.com\/store\/"},{"@type":"ListItem","position":2,"name":"Catalogo","item":"https:\/\/www.bazarbonino.com\/store\/shop\/"},{"@type":"ListItem","position":3,"name":"JG4898 &#8211; TRAMPOLI JUMPER POWERSTRIDER ADULTO"}]},{"@type":"WebSite","@id":"https:\/\/www.bazarbonino.com\/store\/#website","url":"https:\/\/www.bazarbonino.com\/store\/","name":"BazarBonino","description":"","potentialAction":[{"@type":"SearchAction","target":{"@type":"EntryPoint","urlTemplate":"https:\/\/www.bazarbonino.com\/store\/?s={search_term_string}"},"query-input":{"@type":"PropertyValueSpecification","valueRequired":true,"valueName":"search_term_string"}}],"inLanguage":"it-IT"}]}},"_links":{"self":[{"href":"https:\/\/www.bazarbonino.com\/store\/wp-json\/wp\/v2\/product\/1161","targetHints":{"allow":["GET"]}}],"collection":[{"href":"https:\/\/www.bazarbonino.com\/store\/wp-json\/wp\/v2\/product"}],"about":[{"href":"https:\/\/www.bazarbonino.com\/store\/wp-json\/wp\/v2\/types\/product"}],"replies":[{"embeddable":true,"href":"https:\/\/www.bazarbonino.com\/store\/wp-json\/wp\/v2\/comments?post=1161"}],"wp:featuredmedia":[{"embeddable":true,"href":"https:\/\/www.bazarbonino.com\/store\/wp-json\/wp\/v2\/media\/3572"}],"wp:attachment":[{"href":"https:\/\/www.bazarbonino.com\/store\/wp-json\/wp\/v2\/media?parent=1161"}],"wp:term":[{"taxonomy":"product_brand","embeddable":true,"href":"https:\/\/www.bazarbonino.com\/store\/wp-json\/wp\/v2\/product_brand?post=1161"},{"taxonomy":"product_cat","embeddable":true,"href":"https:\/\/www.bazarbonino.com\/store\/wp-json\/wp\/v2\/product_cat?post=1161"},{"taxonomy":"product_tag","embeddable":true,"href":"https:\/\/www.bazarbonino.com\/store\/wp-json\/wp\/v2\/product_tag?post=1161"}],"curies":[{"name":"wp","href":"https:\/\/api.w.org\/{rel}","templated":true}]}}