{"id":1144,"date":"2013-01-01T23:32:49","date_gmt":"2013-01-01T22:32:49","guid":{"rendered":"http:\/\/www.bazarbonino.com\/store\/?wpsc-product=jg4716-pedalo-doppio"},"modified":"2023-07-12T14:30:41","modified_gmt":"2023-07-12T12:30:41","slug":"jg4716-pedalo-doppio","status":"publish","type":"product","link":"https:\/\/www.bazarbonino.com\/store\/prodotto\/jg4716-pedalo-doppio\/","title":{"rendered":"JG4716 &#8211; PEDALO&#8217; DOPPIO"},"content":{"rendered":"<p class=\"articoli\">PEDALO&#8217; DOPPIO misura 44x37x22 cm, 6,2 kg, pedana 30&#215;14 cm, ruote da 21,5 cm. L&#8217;originale in legno, stimola l&#8217;equilibrio e la coordinazione degli arti, per una sola persona, dai 3 anni. Difficolt\u00e0 media, peso massimo 200 kg circa, usato dalle scuole e per corsi perch\u00e9 nel mercato \u00e8 tra i pi\u00f9 resistenti e durevole nel tempo, con gomma proteggi ruota in nero. Eventualmente in bianco (ideale per le palestre). &#8212;- SU ORDINAZIONE &#8212;-<\/p>\n","protected":false},"excerpt":{"rendered":"<p>PRENOTA L&#8217;ARTICOLO<\/p>\n<p>ATTESA 7 GG. LAVORATIVI<\/p>\n","protected":false},"featured_media":15724,"comment_status":"closed","ping_status":"closed","template":"","meta":{"_et_pb_use_builder":"","_et_pb_old_content":"","_et_gb_content_width":""},"product_brand":[],"product_cat":[57],"product_tag":[],"class_list":{"0":"post-1144","1":"product","2":"type-product","3":"status-publish","4":"has-post-thumbnail","6":"product_cat-pedalo-fun","8":"first","9":"instock","10":"taxable","11":"shipping-taxable","12":"purchasable","13":"product-type-simple"},"yoast_head":"<!-- This site is optimized with the Yoast SEO plugin v27.2 - https:\/\/yoast.com\/product\/yoast-seo-wordpress\/ -->\n<title>JG4716 - PEDALO&#039; DOPPIO - BazarBonino<\/title>\n<meta name=\"description\" content=\"PEDALO&#039; DOPPIO misura 44x37x22 cm, 6,2 kg, pedana 30x14 cm, ruote da 21,5 cm L&#039;originale in legno, stimola l&#039;equilibrio e la coordinazione degli arti.\" \/>\n<meta name=\"robots\" content=\"index, follow, max-snippet:-1, max-image-preview:large, max-video-preview:-1\" \/>\n<link rel=\"canonical\" href=\"https:\/\/www.bazarbonino.com\/store\/prodotto\/jg4716-pedalo-doppio\/\" \/>\n<meta property=\"og:locale\" content=\"it_IT\" \/>\n<meta property=\"og:type\" content=\"article\" \/>\n<meta property=\"og:title\" content=\"JG4716 - PEDALO&#039; DOPPIO - BazarBonino\" \/>\n<meta property=\"og:description\" content=\"PEDALO&#039; DOPPIO misura 44x37x22 cm, 6,2 kg, pedana 30x14 cm, ruote da 21,5 cm L&#039;originale in legno, stimola l&#039;equilibrio e la coordinazione degli arti.\" \/>\n<meta property=\"og:url\" content=\"https:\/\/www.bazarbonino.com\/store\/prodotto\/jg4716-pedalo-doppio\/\" \/>\n<meta property=\"og:site_name\" content=\"BazarBonino\" \/>\n<meta property=\"article:publisher\" content=\"https:\/\/www.facebook.com\/bazar.bonino\" \/>\n<meta property=\"article:modified_time\" content=\"2023-07-12T12:30:41+00:00\" \/>\n<meta property=\"og:image\" content=\"https:\/\/www.bazarbonino.com\/store\/wp-content\/uploads\/2013\/01\/JG4716-PEDALO-DOPPIO-1.jpg\" \/>\n\t<meta property=\"og:image:width\" content=\"400\" \/>\n\t<meta property=\"og:image:height\" content=\"360\" \/>\n\t<meta property=\"og:image:type\" content=\"image\/jpeg\" \/>\n<meta name=\"twitter:card\" content=\"summary_large_image\" \/>\n<script type=\"application\/ld+json\" class=\"yoast-schema-graph\">{\"@context\":\"https:\/\/schema.org\",\"@graph\":[{\"@type\":\"WebPage\",\"@id\":\"https:\/\/www.bazarbonino.com\/store\/prodotto\/jg4716-pedalo-doppio\/\",\"url\":\"https:\/\/www.bazarbonino.com\/store\/prodotto\/jg4716-pedalo-doppio\/\",\"name\":\"JG4716 - PEDALO' DOPPIO - BazarBonino\",\"isPartOf\":{\"@id\":\"https:\/\/www.bazarbonino.com\/store\/#website\"},\"primaryImageOfPage\":{\"@id\":\"https:\/\/www.bazarbonino.com\/store\/prodotto\/jg4716-pedalo-doppio\/#primaryimage\"},\"image\":{\"@id\":\"https:\/\/www.bazarbonino.com\/store\/prodotto\/jg4716-pedalo-doppio\/#primaryimage\"},\"thumbnailUrl\":\"https:\/\/www.bazarbonino.com\/store\/wp-content\/uploads\/2013\/01\/JG4716-PEDALO-DOPPIO-1.jpg\",\"datePublished\":\"2013-01-01T22:32:49+00:00\",\"dateModified\":\"2023-07-12T12:30:41+00:00\",\"description\":\"PEDALO' DOPPIO misura 44x37x22 cm, 6,2 kg, pedana 30x14 cm, ruote da 21,5 cm L'originale in legno, stimola l'equilibrio e la coordinazione degli arti.\",\"breadcrumb\":{\"@id\":\"https:\/\/www.bazarbonino.com\/store\/prodotto\/jg4716-pedalo-doppio\/#breadcrumb\"},\"inLanguage\":\"it-IT\",\"potentialAction\":[{\"@type\":\"ReadAction\",\"target\":[\"https:\/\/www.bazarbonino.com\/store\/prodotto\/jg4716-pedalo-doppio\/\"]}]},{\"@type\":\"ImageObject\",\"inLanguage\":\"it-IT\",\"@id\":\"https:\/\/www.bazarbonino.com\/store\/prodotto\/jg4716-pedalo-doppio\/#primaryimage\",\"url\":\"https:\/\/www.bazarbonino.com\/store\/wp-content\/uploads\/2013\/01\/JG4716-PEDALO-DOPPIO-1.jpg\",\"contentUrl\":\"https:\/\/www.bazarbonino.com\/store\/wp-content\/uploads\/2013\/01\/JG4716-PEDALO-DOPPIO-1.jpg\",\"width\":400,\"height\":360,\"caption\":\"JG4716 - PEDALO' DOPPIO\"},{\"@type\":\"BreadcrumbList\",\"@id\":\"https:\/\/www.bazarbonino.com\/store\/prodotto\/jg4716-pedalo-doppio\/#breadcrumb\",\"itemListElement\":[{\"@type\":\"ListItem\",\"position\":1,\"name\":\"Home\",\"item\":\"https:\/\/www.bazarbonino.com\/store\/\"},{\"@type\":\"ListItem\",\"position\":2,\"name\":\"Catalogo\",\"item\":\"https:\/\/www.bazarbonino.com\/store\/shop\/\"},{\"@type\":\"ListItem\",\"position\":3,\"name\":\"JG4716 &#8211; PEDALO&#8217; DOPPIO\"}]},{\"@type\":\"WebSite\",\"@id\":\"https:\/\/www.bazarbonino.com\/store\/#website\",\"url\":\"https:\/\/www.bazarbonino.com\/store\/\",\"name\":\"BazarBonino\",\"description\":\"\",\"potentialAction\":[{\"@type\":\"SearchAction\",\"target\":{\"@type\":\"EntryPoint\",\"urlTemplate\":\"https:\/\/www.bazarbonino.com\/store\/?s={search_term_string}\"},\"query-input\":{\"@type\":\"PropertyValueSpecification\",\"valueRequired\":true,\"valueName\":\"search_term_string\"}}],\"inLanguage\":\"it-IT\"}]}<\/script>\n<!-- \/ Yoast SEO plugin. -->","yoast_head_json":{"title":"JG4716 - PEDALO' DOPPIO - BazarBonino","description":"PEDALO' DOPPIO misura 44x37x22 cm, 6,2 kg, pedana 30x14 cm, ruote da 21,5 cm L'originale in legno, stimola l'equilibrio e la coordinazione degli arti.","robots":{"index":"index","follow":"follow","max-snippet":"max-snippet:-1","max-image-preview":"max-image-preview:large","max-video-preview":"max-video-preview:-1"},"canonical":"https:\/\/www.bazarbonino.com\/store\/prodotto\/jg4716-pedalo-doppio\/","og_locale":"it_IT","og_type":"article","og_title":"JG4716 - PEDALO' DOPPIO - BazarBonino","og_description":"PEDALO' DOPPIO misura 44x37x22 cm, 6,2 kg, pedana 30x14 cm, ruote da 21,5 cm L'originale in legno, stimola l'equilibrio e la coordinazione degli arti.","og_url":"https:\/\/www.bazarbonino.com\/store\/prodotto\/jg4716-pedalo-doppio\/","og_site_name":"BazarBonino","article_publisher":"https:\/\/www.facebook.com\/bazar.bonino","article_modified_time":"2023-07-12T12:30:41+00:00","og_image":[{"width":400,"height":360,"url":"https:\/\/www.bazarbonino.com\/store\/wp-content\/uploads\/2013\/01\/JG4716-PEDALO-DOPPIO-1.jpg","type":"image\/jpeg"}],"twitter_card":"summary_large_image","schema":{"@context":"https:\/\/schema.org","@graph":[{"@type":"WebPage","@id":"https:\/\/www.bazarbonino.com\/store\/prodotto\/jg4716-pedalo-doppio\/","url":"https:\/\/www.bazarbonino.com\/store\/prodotto\/jg4716-pedalo-doppio\/","name":"JG4716 - PEDALO' DOPPIO - BazarBonino","isPartOf":{"@id":"https:\/\/www.bazarbonino.com\/store\/#website"},"primaryImageOfPage":{"@id":"https:\/\/www.bazarbonino.com\/store\/prodotto\/jg4716-pedalo-doppio\/#primaryimage"},"image":{"@id":"https:\/\/www.bazarbonino.com\/store\/prodotto\/jg4716-pedalo-doppio\/#primaryimage"},"thumbnailUrl":"https:\/\/www.bazarbonino.com\/store\/wp-content\/uploads\/2013\/01\/JG4716-PEDALO-DOPPIO-1.jpg","datePublished":"2013-01-01T22:32:49+00:00","dateModified":"2023-07-12T12:30:41+00:00","description":"PEDALO' DOPPIO misura 44x37x22 cm, 6,2 kg, pedana 30x14 cm, ruote da 21,5 cm L'originale in legno, stimola l'equilibrio e la coordinazione degli arti.","breadcrumb":{"@id":"https:\/\/www.bazarbonino.com\/store\/prodotto\/jg4716-pedalo-doppio\/#breadcrumb"},"inLanguage":"it-IT","potentialAction":[{"@type":"ReadAction","target":["https:\/\/www.bazarbonino.com\/store\/prodotto\/jg4716-pedalo-doppio\/"]}]},{"@type":"ImageObject","inLanguage":"it-IT","@id":"https:\/\/www.bazarbonino.com\/store\/prodotto\/jg4716-pedalo-doppio\/#primaryimage","url":"https:\/\/www.bazarbonino.com\/store\/wp-content\/uploads\/2013\/01\/JG4716-PEDALO-DOPPIO-1.jpg","contentUrl":"https:\/\/www.bazarbonino.com\/store\/wp-content\/uploads\/2013\/01\/JG4716-PEDALO-DOPPIO-1.jpg","width":400,"height":360,"caption":"JG4716 - PEDALO' DOPPIO"},{"@type":"BreadcrumbList","@id":"https:\/\/www.bazarbonino.com\/store\/prodotto\/jg4716-pedalo-doppio\/#breadcrumb","itemListElement":[{"@type":"ListItem","position":1,"name":"Home","item":"https:\/\/www.bazarbonino.com\/store\/"},{"@type":"ListItem","position":2,"name":"Catalogo","item":"https:\/\/www.bazarbonino.com\/store\/shop\/"},{"@type":"ListItem","position":3,"name":"JG4716 &#8211; PEDALO&#8217; DOPPIO"}]},{"@type":"WebSite","@id":"https:\/\/www.bazarbonino.com\/store\/#website","url":"https:\/\/www.bazarbonino.com\/store\/","name":"BazarBonino","description":"","potentialAction":[{"@type":"SearchAction","target":{"@type":"EntryPoint","urlTemplate":"https:\/\/www.bazarbonino.com\/store\/?s={search_term_string}"},"query-input":{"@type":"PropertyValueSpecification","valueRequired":true,"valueName":"search_term_string"}}],"inLanguage":"it-IT"}]}},"_links":{"self":[{"href":"https:\/\/www.bazarbonino.com\/store\/wp-json\/wp\/v2\/product\/1144","targetHints":{"allow":["GET"]}}],"collection":[{"href":"https:\/\/www.bazarbonino.com\/store\/wp-json\/wp\/v2\/product"}],"about":[{"href":"https:\/\/www.bazarbonino.com\/store\/wp-json\/wp\/v2\/types\/product"}],"replies":[{"embeddable":true,"href":"https:\/\/www.bazarbonino.com\/store\/wp-json\/wp\/v2\/comments?post=1144"}],"wp:featuredmedia":[{"embeddable":true,"href":"https:\/\/www.bazarbonino.com\/store\/wp-json\/wp\/v2\/media\/15724"}],"wp:attachment":[{"href":"https:\/\/www.bazarbonino.com\/store\/wp-json\/wp\/v2\/media?parent=1144"}],"wp:term":[{"taxonomy":"product_brand","embeddable":true,"href":"https:\/\/www.bazarbonino.com\/store\/wp-json\/wp\/v2\/product_brand?post=1144"},{"taxonomy":"product_cat","embeddable":true,"href":"https:\/\/www.bazarbonino.com\/store\/wp-json\/wp\/v2\/product_cat?post=1144"},{"taxonomy":"product_tag","embeddable":true,"href":"https:\/\/www.bazarbonino.com\/store\/wp-json\/wp\/v2\/product_tag?post=1144"}],"curies":[{"name":"wp","href":"https:\/\/api.w.org\/{rel}","templated":true}]}}