{"id":11435,"date":"2018-02-26T11:17:37","date_gmt":"2018-02-26T10:17:37","guid":{"rendered":"http:\/\/www.bazarbonino.com\/store\/?post_type=product&#038;p=11435"},"modified":"2025-12-05T19:54:44","modified_gmt":"2025-12-05T18:54:44","slug":"jg3912-gora-fire-levi-stick","status":"publish","type":"product","link":"https:\/\/www.bazarbonino.com\/store\/prodotto\/jg3912-gora-fire-levi-stick\/","title":{"rendered":"JG3912 &#8211; GORA Fire Levi Stick"},"content":{"rendered":"<h6>LEVISTICK INFIAMMABILE GORA<\/h6>\n<p>Il Gora Fire Levi Stick \u00e8 lungo 71 cm, peso 133 gr &#8211; tubo in alluminio diam. 10 mm con estremit\u00e0 in kevlar alto 25 mm, non si usano le bacchette: come per magia leviter\u00e0 attorno al corpo e stupirete il vostro pubblico con evoluzioni impossibili\u2026il trucco c&#8217;\u00e8 ma non si vede, serve solo un po\u2019 di pratica per rendere il tutto magico!<\/p>\n","protected":false},"excerpt":{"rendered":"<p>LEVISTICK INFIAMMABILE GORA Il Gora Fire Levi Stick \u00e8 lungo 71 cm, peso 133 gr &#8211; tubo in alluminio diam. 10 mm con estremit\u00e0 in kevlar alto 25 mm, non si usano le bacchette: come per magia leviter\u00e0 attorno al corpo e stupirete il vostro pubblico con evoluzioni impossibili\u2026il trucco c&#8217;\u00e8 ma non si vede, [&hellip;]<\/p>\n","protected":false},"featured_media":11436,"comment_status":"closed","ping_status":"closed","template":"","meta":{"_et_pb_use_builder":"","_et_pb_old_content":"","_et_gb_content_width":""},"product_brand":[],"product_cat":[48],"product_tag":[315,1768,317],"class_list":{"0":"post-11435","1":"product","2":"type-product","3":"status-publish","4":"has-post-thumbnail","6":"product_cat-attrezzi-infuocati-vari-danza-costumi","7":"product_tag-attrezzi-infuocati-gora","8":"product_tag-gora-fire-levi-stick","9":"product_tag-negozio-on-line-articoli-gora-di-fuoco","11":"first","12":"instock","13":"sale","14":"taxable","15":"shipping-taxable","16":"purchasable","17":"product-type-simple"},"yoast_head":"<!-- This site is optimized with the Yoast SEO plugin v27.4 - https:\/\/yoast.com\/product\/yoast-seo-wordpress\/ -->\n<title>JG3912 - GORA Fire Levi Stick - BazarBonino<\/title>\n<meta name=\"description\" content=\"LEVISTICK INFIAMMABILE GORA Il Gora Fire Levi Stick \u00e8 lungo 71 cm, peso 133 gr - tubo in alluminio diam. 10 mm con estremit\u00e0 in kevlar alto 25 mm,\" \/>\n<meta name=\"robots\" content=\"index, follow, max-snippet:-1, max-image-preview:large, max-video-preview:-1\" \/>\n<link rel=\"canonical\" href=\"https:\/\/www.bazarbonino.com\/store\/prodotto\/jg3912-gora-fire-levi-stick\/\" \/>\n<meta property=\"og:locale\" content=\"it_IT\" \/>\n<meta property=\"og:type\" content=\"article\" \/>\n<meta property=\"og:title\" content=\"JG3912 - GORA Fire Levi Stick - BazarBonino\" \/>\n<meta property=\"og:description\" content=\"LEVISTICK INFIAMMABILE GORA Il Gora Fire Levi Stick \u00e8 lungo 71 cm, peso 133 gr - tubo in alluminio diam. 10 mm con estremit\u00e0 in kevlar alto 25 mm,\" \/>\n<meta property=\"og:url\" content=\"https:\/\/www.bazarbonino.com\/store\/prodotto\/jg3912-gora-fire-levi-stick\/\" \/>\n<meta property=\"og:site_name\" content=\"BazarBonino\" \/>\n<meta property=\"article:publisher\" content=\"https:\/\/www.facebook.com\/bazar.bonino\" \/>\n<meta property=\"article:modified_time\" content=\"2025-12-05T18:54:44+00:00\" \/>\n<meta property=\"og:image\" content=\"https:\/\/www.bazarbonino.com\/store\/wp-content\/uploads\/2018\/02\/JG3912-GORA-Fire-Levi-Stick.jpg\" \/>\n\t<meta property=\"og:image:width\" content=\"765\" \/>\n\t<meta property=\"og:image:height\" content=\"937\" \/>\n\t<meta property=\"og:image:type\" content=\"image\/jpeg\" \/>\n<meta name=\"twitter:card\" content=\"summary_large_image\" \/>\n<script type=\"application\/ld+json\" class=\"yoast-schema-graph\">{\"@context\":\"https:\\\/\\\/schema.org\",\"@graph\":[{\"@type\":\"WebPage\",\"@id\":\"https:\\\/\\\/www.bazarbonino.com\\\/store\\\/prodotto\\\/jg3912-gora-fire-levi-stick\\\/\",\"url\":\"https:\\\/\\\/www.bazarbonino.com\\\/store\\\/prodotto\\\/jg3912-gora-fire-levi-stick\\\/\",\"name\":\"JG3912 - GORA Fire Levi Stick - BazarBonino\",\"isPartOf\":{\"@id\":\"https:\\\/\\\/www.bazarbonino.com\\\/store\\\/#website\"},\"primaryImageOfPage\":{\"@id\":\"https:\\\/\\\/www.bazarbonino.com\\\/store\\\/prodotto\\\/jg3912-gora-fire-levi-stick\\\/#primaryimage\"},\"image\":{\"@id\":\"https:\\\/\\\/www.bazarbonino.com\\\/store\\\/prodotto\\\/jg3912-gora-fire-levi-stick\\\/#primaryimage\"},\"thumbnailUrl\":\"https:\\\/\\\/www.bazarbonino.com\\\/store\\\/wp-content\\\/uploads\\\/2018\\\/02\\\/JG3912-GORA-Fire-Levi-Stick.jpg\",\"datePublished\":\"2018-02-26T10:17:37+00:00\",\"dateModified\":\"2025-12-05T18:54:44+00:00\",\"description\":\"LEVISTICK INFIAMMABILE GORA Il Gora Fire Levi Stick \u00e8 lungo 71 cm, peso 133 gr - tubo in alluminio diam. 10 mm con estremit\u00e0 in kevlar alto 25 mm,\",\"breadcrumb\":{\"@id\":\"https:\\\/\\\/www.bazarbonino.com\\\/store\\\/prodotto\\\/jg3912-gora-fire-levi-stick\\\/#breadcrumb\"},\"inLanguage\":\"it-IT\",\"potentialAction\":[{\"@type\":\"ReadAction\",\"target\":[\"https:\\\/\\\/www.bazarbonino.com\\\/store\\\/prodotto\\\/jg3912-gora-fire-levi-stick\\\/\"]}]},{\"@type\":\"ImageObject\",\"inLanguage\":\"it-IT\",\"@id\":\"https:\\\/\\\/www.bazarbonino.com\\\/store\\\/prodotto\\\/jg3912-gora-fire-levi-stick\\\/#primaryimage\",\"url\":\"https:\\\/\\\/www.bazarbonino.com\\\/store\\\/wp-content\\\/uploads\\\/2018\\\/02\\\/JG3912-GORA-Fire-Levi-Stick.jpg\",\"contentUrl\":\"https:\\\/\\\/www.bazarbonino.com\\\/store\\\/wp-content\\\/uploads\\\/2018\\\/02\\\/JG3912-GORA-Fire-Levi-Stick.jpg\",\"width\":765,\"height\":937,\"caption\":\"JG3912 - GORA Fire Levi Stick\"},{\"@type\":\"BreadcrumbList\",\"@id\":\"https:\\\/\\\/www.bazarbonino.com\\\/store\\\/prodotto\\\/jg3912-gora-fire-levi-stick\\\/#breadcrumb\",\"itemListElement\":[{\"@type\":\"ListItem\",\"position\":1,\"name\":\"Home\",\"item\":\"https:\\\/\\\/www.bazarbonino.com\\\/store\\\/\"},{\"@type\":\"ListItem\",\"position\":2,\"name\":\"Catalogo\",\"item\":\"https:\\\/\\\/www.bazarbonino.com\\\/store\\\/shop\\\/\"},{\"@type\":\"ListItem\",\"position\":3,\"name\":\"JG3912 &#8211; GORA Fire Levi Stick\"}]},{\"@type\":\"WebSite\",\"@id\":\"https:\\\/\\\/www.bazarbonino.com\\\/store\\\/#website\",\"url\":\"https:\\\/\\\/www.bazarbonino.com\\\/store\\\/\",\"name\":\"BazarBonino\",\"description\":\"\",\"potentialAction\":[{\"@type\":\"SearchAction\",\"target\":{\"@type\":\"EntryPoint\",\"urlTemplate\":\"https:\\\/\\\/www.bazarbonino.com\\\/store\\\/?s={search_term_string}\"},\"query-input\":{\"@type\":\"PropertyValueSpecification\",\"valueRequired\":true,\"valueName\":\"search_term_string\"}}],\"inLanguage\":\"it-IT\"}]}<\/script>\n<!-- \/ Yoast SEO plugin. -->","yoast_head_json":{"title":"JG3912 - GORA Fire Levi Stick - BazarBonino","description":"LEVISTICK INFIAMMABILE GORA Il Gora Fire Levi Stick \u00e8 lungo 71 cm, peso 133 gr - tubo in alluminio diam. 10 mm con estremit\u00e0 in kevlar alto 25 mm,","robots":{"index":"index","follow":"follow","max-snippet":"max-snippet:-1","max-image-preview":"max-image-preview:large","max-video-preview":"max-video-preview:-1"},"canonical":"https:\/\/www.bazarbonino.com\/store\/prodotto\/jg3912-gora-fire-levi-stick\/","og_locale":"it_IT","og_type":"article","og_title":"JG3912 - GORA Fire Levi Stick - BazarBonino","og_description":"LEVISTICK INFIAMMABILE GORA Il Gora Fire Levi Stick \u00e8 lungo 71 cm, peso 133 gr - tubo in alluminio diam. 10 mm con estremit\u00e0 in kevlar alto 25 mm,","og_url":"https:\/\/www.bazarbonino.com\/store\/prodotto\/jg3912-gora-fire-levi-stick\/","og_site_name":"BazarBonino","article_publisher":"https:\/\/www.facebook.com\/bazar.bonino","article_modified_time":"2025-12-05T18:54:44+00:00","og_image":[{"width":765,"height":937,"url":"https:\/\/www.bazarbonino.com\/store\/wp-content\/uploads\/2018\/02\/JG3912-GORA-Fire-Levi-Stick.jpg","type":"image\/jpeg"}],"twitter_card":"summary_large_image","schema":{"@context":"https:\/\/schema.org","@graph":[{"@type":"WebPage","@id":"https:\/\/www.bazarbonino.com\/store\/prodotto\/jg3912-gora-fire-levi-stick\/","url":"https:\/\/www.bazarbonino.com\/store\/prodotto\/jg3912-gora-fire-levi-stick\/","name":"JG3912 - GORA Fire Levi Stick - BazarBonino","isPartOf":{"@id":"https:\/\/www.bazarbonino.com\/store\/#website"},"primaryImageOfPage":{"@id":"https:\/\/www.bazarbonino.com\/store\/prodotto\/jg3912-gora-fire-levi-stick\/#primaryimage"},"image":{"@id":"https:\/\/www.bazarbonino.com\/store\/prodotto\/jg3912-gora-fire-levi-stick\/#primaryimage"},"thumbnailUrl":"https:\/\/www.bazarbonino.com\/store\/wp-content\/uploads\/2018\/02\/JG3912-GORA-Fire-Levi-Stick.jpg","datePublished":"2018-02-26T10:17:37+00:00","dateModified":"2025-12-05T18:54:44+00:00","description":"LEVISTICK INFIAMMABILE GORA Il Gora Fire Levi Stick \u00e8 lungo 71 cm, peso 133 gr - tubo in alluminio diam. 10 mm con estremit\u00e0 in kevlar alto 25 mm,","breadcrumb":{"@id":"https:\/\/www.bazarbonino.com\/store\/prodotto\/jg3912-gora-fire-levi-stick\/#breadcrumb"},"inLanguage":"it-IT","potentialAction":[{"@type":"ReadAction","target":["https:\/\/www.bazarbonino.com\/store\/prodotto\/jg3912-gora-fire-levi-stick\/"]}]},{"@type":"ImageObject","inLanguage":"it-IT","@id":"https:\/\/www.bazarbonino.com\/store\/prodotto\/jg3912-gora-fire-levi-stick\/#primaryimage","url":"https:\/\/www.bazarbonino.com\/store\/wp-content\/uploads\/2018\/02\/JG3912-GORA-Fire-Levi-Stick.jpg","contentUrl":"https:\/\/www.bazarbonino.com\/store\/wp-content\/uploads\/2018\/02\/JG3912-GORA-Fire-Levi-Stick.jpg","width":765,"height":937,"caption":"JG3912 - GORA Fire Levi Stick"},{"@type":"BreadcrumbList","@id":"https:\/\/www.bazarbonino.com\/store\/prodotto\/jg3912-gora-fire-levi-stick\/#breadcrumb","itemListElement":[{"@type":"ListItem","position":1,"name":"Home","item":"https:\/\/www.bazarbonino.com\/store\/"},{"@type":"ListItem","position":2,"name":"Catalogo","item":"https:\/\/www.bazarbonino.com\/store\/shop\/"},{"@type":"ListItem","position":3,"name":"JG3912 &#8211; GORA Fire Levi Stick"}]},{"@type":"WebSite","@id":"https:\/\/www.bazarbonino.com\/store\/#website","url":"https:\/\/www.bazarbonino.com\/store\/","name":"BazarBonino","description":"","potentialAction":[{"@type":"SearchAction","target":{"@type":"EntryPoint","urlTemplate":"https:\/\/www.bazarbonino.com\/store\/?s={search_term_string}"},"query-input":{"@type":"PropertyValueSpecification","valueRequired":true,"valueName":"search_term_string"}}],"inLanguage":"it-IT"}]}},"_links":{"self":[{"href":"https:\/\/www.bazarbonino.com\/store\/wp-json\/wp\/v2\/product\/11435","targetHints":{"allow":["GET"]}}],"collection":[{"href":"https:\/\/www.bazarbonino.com\/store\/wp-json\/wp\/v2\/product"}],"about":[{"href":"https:\/\/www.bazarbonino.com\/store\/wp-json\/wp\/v2\/types\/product"}],"replies":[{"embeddable":true,"href":"https:\/\/www.bazarbonino.com\/store\/wp-json\/wp\/v2\/comments?post=11435"}],"wp:featuredmedia":[{"embeddable":true,"href":"https:\/\/www.bazarbonino.com\/store\/wp-json\/wp\/v2\/media\/11436"}],"wp:attachment":[{"href":"https:\/\/www.bazarbonino.com\/store\/wp-json\/wp\/v2\/media?parent=11435"}],"wp:term":[{"taxonomy":"product_brand","embeddable":true,"href":"https:\/\/www.bazarbonino.com\/store\/wp-json\/wp\/v2\/product_brand?post=11435"},{"taxonomy":"product_cat","embeddable":true,"href":"https:\/\/www.bazarbonino.com\/store\/wp-json\/wp\/v2\/product_cat?post=11435"},{"taxonomy":"product_tag","embeddable":true,"href":"https:\/\/www.bazarbonino.com\/store\/wp-json\/wp\/v2\/product_tag?post=11435"}],"curies":[{"name":"wp","href":"https:\/\/api.w.org\/{rel}","templated":true}]}}