{"id":11430,"date":"2018-02-26T00:47:29","date_gmt":"2018-02-25T23:47:29","guid":{"rendered":"http:\/\/www.bazarbonino.com\/store\/?post_type=product&#038;p=11430"},"modified":"2024-12-05T16:53:56","modified_gmt":"2024-12-05T15:53:56","slug":"jg4548-flowtoys-toroflux","status":"publish","type":"product","link":"https:\/\/www.bazarbonino.com\/store\/prodotto\/jg4548-flowtoys-toroflux\/","title":{"rendered":"JG4548 -Flowtoys Toroflux\u00ae"},"content":{"rendered":"<p><span id=\"result_box\" class=\"\" lang=\"it\">Direttamente dagli USA, California, vi presentiamo il<\/span><span id=\"result_box\" class=\"\" lang=\"it\"><\/span><span id=\"result_box\" class=\"\" lang=\"it\">\u00a0vero toroflux! Una affascinante scultura cinetica e un divertente &#8220;gioco di flusso&#8221; interattivo che \u00e8 come un &#8220;slinky&#8221; di 4\u00b0 dimensione. Si piega piano e si apre, sorprendendo tutti. Viene fornito con una borsa da trasporto, quindi puoi portarlo ovunque per condividere e diffondere il divertimento :<\/span><\/p>\n<p>Materiale e diametro: 100% acciaio inossidabile e ~ 15 cm. se piatto. Le dimensioni esatte possono variare.<\/p>\n<p>Importante: il toroflux \u00e8 costituito da un singolo filo di metallo sottile. Se \u00e8 piegato o se una o pi\u00f9 bobine vengono tirate con forza, possono deformarsi e non possono essere maneggiate come previsto.<\/p>\n<p>Il Flowtoys Toroflux\u00ae in Italia \u00e8 disponibile sia on line che nel negozio di Torino!<\/p>\n<p><iframe loading=\"lazy\" title=\"The Genuine Toroflux - brought to you by flowtoys\" width=\"1080\" height=\"608\" src=\"https:\/\/www.youtube.com\/embed\/AfDi89Hj0QA?start=2&#038;feature=oembed\"  allow=\"accelerometer; autoplay; clipboard-write; encrypted-media; gyroscope; picture-in-picture; web-share\" referrerpolicy=\"strict-origin-when-cross-origin\" allowfullscreen><\/iframe><\/p>\n<p>&nbsp;<\/p>\n","protected":false},"excerpt":{"rendered":"<p><strong>\u2014 DAL PREZZO IN OFFERTA E\u2019 SCONTATA LA SPEDIZIONE \u2014<\/strong><\/p>\n","protected":false},"featured_media":11431,"comment_status":"closed","ping_status":"closed","template":"","meta":{"_et_pb_use_builder":"","_et_pb_old_content":"","_et_gb_content_width":""},"product_brand":[],"product_cat":[35,1832],"product_tag":[1763,1767,329],"class_list":{"0":"post-11430","1":"product","2":"type-product","3":"status-publish","4":"has-post-thumbnail","6":"product_cat-flair-varie-novita","7":"product_cat-flowtoys-light-juggling","8":"product_tag-flowtoys-podpoi","9":"product_tag-flowtoys-toroflux","10":"product_tag-negozio-on-line-articoli-giocoleria-luminosi","12":"first","13":"outofstock","14":"sale","15":"taxable","16":"shipping-taxable","17":"purchasable","18":"product-type-simple"},"yoast_head":"<!-- This site is optimized with the Yoast SEO plugin v27.4 - https:\/\/yoast.com\/product\/yoast-seo-wordpress\/ -->\n<title>JG4548 -Flowtoys Toroflux\u00ae - BazarBonino<\/title>\n<meta name=\"robots\" content=\"index, follow, max-snippet:-1, max-image-preview:large, max-video-preview:-1\" \/>\n<link rel=\"canonical\" href=\"https:\/\/www.bazarbonino.com\/store\/prodotto\/jg4548-flowtoys-toroflux\/\" \/>\n<meta property=\"og:locale\" content=\"it_IT\" \/>\n<meta property=\"og:type\" content=\"article\" \/>\n<meta property=\"og:title\" content=\"JG4548 -Flowtoys Toroflux\u00ae - BazarBonino\" \/>\n<meta property=\"og:description\" content=\"\u2014 DAL PREZZO IN OFFERTA E\u2019 SCONTATA LA SPEDIZIONE \u2014\" \/>\n<meta property=\"og:url\" content=\"https:\/\/www.bazarbonino.com\/store\/prodotto\/jg4548-flowtoys-toroflux\/\" \/>\n<meta property=\"og:site_name\" content=\"BazarBonino\" \/>\n<meta property=\"article:publisher\" content=\"https:\/\/www.facebook.com\/bazar.bonino\" \/>\n<meta property=\"article:modified_time\" content=\"2024-12-05T15:53:56+00:00\" \/>\n<meta property=\"og:image\" content=\"https:\/\/www.bazarbonino.com\/store\/wp-content\/uploads\/2018\/02\/JG4548-Flowtoys-Toroflux.jpg\" \/>\n\t<meta property=\"og:image:width\" content=\"800\" \/>\n\t<meta property=\"og:image:height\" content=\"800\" \/>\n\t<meta property=\"og:image:type\" content=\"image\/jpeg\" \/>\n<meta name=\"twitter:card\" content=\"summary_large_image\" \/>\n<meta name=\"twitter:label1\" content=\"Tempo di lettura stimato\" \/>\n\t<meta name=\"twitter:data1\" content=\"1 minuto\" \/>\n<script type=\"application\/ld+json\" class=\"yoast-schema-graph\">{\"@context\":\"https:\\\/\\\/schema.org\",\"@graph\":[{\"@type\":\"WebPage\",\"@id\":\"https:\\\/\\\/www.bazarbonino.com\\\/store\\\/prodotto\\\/jg4548-flowtoys-toroflux\\\/\",\"url\":\"https:\\\/\\\/www.bazarbonino.com\\\/store\\\/prodotto\\\/jg4548-flowtoys-toroflux\\\/\",\"name\":\"JG4548 -Flowtoys Toroflux\u00ae - BazarBonino\",\"isPartOf\":{\"@id\":\"https:\\\/\\\/www.bazarbonino.com\\\/store\\\/#website\"},\"primaryImageOfPage\":{\"@id\":\"https:\\\/\\\/www.bazarbonino.com\\\/store\\\/prodotto\\\/jg4548-flowtoys-toroflux\\\/#primaryimage\"},\"image\":{\"@id\":\"https:\\\/\\\/www.bazarbonino.com\\\/store\\\/prodotto\\\/jg4548-flowtoys-toroflux\\\/#primaryimage\"},\"thumbnailUrl\":\"https:\\\/\\\/www.bazarbonino.com\\\/store\\\/wp-content\\\/uploads\\\/2018\\\/02\\\/JG4548-Flowtoys-Toroflux.jpg\",\"datePublished\":\"2018-02-25T23:47:29+00:00\",\"dateModified\":\"2024-12-05T15:53:56+00:00\",\"breadcrumb\":{\"@id\":\"https:\\\/\\\/www.bazarbonino.com\\\/store\\\/prodotto\\\/jg4548-flowtoys-toroflux\\\/#breadcrumb\"},\"inLanguage\":\"it-IT\",\"potentialAction\":[{\"@type\":\"ReadAction\",\"target\":[\"https:\\\/\\\/www.bazarbonino.com\\\/store\\\/prodotto\\\/jg4548-flowtoys-toroflux\\\/\"]}]},{\"@type\":\"ImageObject\",\"inLanguage\":\"it-IT\",\"@id\":\"https:\\\/\\\/www.bazarbonino.com\\\/store\\\/prodotto\\\/jg4548-flowtoys-toroflux\\\/#primaryimage\",\"url\":\"https:\\\/\\\/www.bazarbonino.com\\\/store\\\/wp-content\\\/uploads\\\/2018\\\/02\\\/JG4548-Flowtoys-Toroflux.jpg\",\"contentUrl\":\"https:\\\/\\\/www.bazarbonino.com\\\/store\\\/wp-content\\\/uploads\\\/2018\\\/02\\\/JG4548-Flowtoys-Toroflux.jpg\",\"width\":800,\"height\":800,\"caption\":\"JG4548 Flowtoys Toroflux\"},{\"@type\":\"BreadcrumbList\",\"@id\":\"https:\\\/\\\/www.bazarbonino.com\\\/store\\\/prodotto\\\/jg4548-flowtoys-toroflux\\\/#breadcrumb\",\"itemListElement\":[{\"@type\":\"ListItem\",\"position\":1,\"name\":\"Home\",\"item\":\"https:\\\/\\\/www.bazarbonino.com\\\/store\\\/\"},{\"@type\":\"ListItem\",\"position\":2,\"name\":\"Catalogo\",\"item\":\"https:\\\/\\\/www.bazarbonino.com\\\/store\\\/shop\\\/\"},{\"@type\":\"ListItem\",\"position\":3,\"name\":\"JG4548 -Flowtoys Toroflux\u00ae\"}]},{\"@type\":\"WebSite\",\"@id\":\"https:\\\/\\\/www.bazarbonino.com\\\/store\\\/#website\",\"url\":\"https:\\\/\\\/www.bazarbonino.com\\\/store\\\/\",\"name\":\"BazarBonino\",\"description\":\"\",\"potentialAction\":[{\"@type\":\"SearchAction\",\"target\":{\"@type\":\"EntryPoint\",\"urlTemplate\":\"https:\\\/\\\/www.bazarbonino.com\\\/store\\\/?s={search_term_string}\"},\"query-input\":{\"@type\":\"PropertyValueSpecification\",\"valueRequired\":true,\"valueName\":\"search_term_string\"}}],\"inLanguage\":\"it-IT\"}]}<\/script>\n<!-- \/ Yoast SEO plugin. -->","yoast_head_json":{"title":"JG4548 -Flowtoys Toroflux\u00ae - BazarBonino","robots":{"index":"index","follow":"follow","max-snippet":"max-snippet:-1","max-image-preview":"max-image-preview:large","max-video-preview":"max-video-preview:-1"},"canonical":"https:\/\/www.bazarbonino.com\/store\/prodotto\/jg4548-flowtoys-toroflux\/","og_locale":"it_IT","og_type":"article","og_title":"JG4548 -Flowtoys Toroflux\u00ae - BazarBonino","og_description":"\u2014 DAL PREZZO IN OFFERTA E\u2019 SCONTATA LA SPEDIZIONE \u2014","og_url":"https:\/\/www.bazarbonino.com\/store\/prodotto\/jg4548-flowtoys-toroflux\/","og_site_name":"BazarBonino","article_publisher":"https:\/\/www.facebook.com\/bazar.bonino","article_modified_time":"2024-12-05T15:53:56+00:00","og_image":[{"width":800,"height":800,"url":"https:\/\/www.bazarbonino.com\/store\/wp-content\/uploads\/2018\/02\/JG4548-Flowtoys-Toroflux.jpg","type":"image\/jpeg"}],"twitter_card":"summary_large_image","twitter_misc":{"Tempo di lettura stimato":"1 minuto"},"schema":{"@context":"https:\/\/schema.org","@graph":[{"@type":"WebPage","@id":"https:\/\/www.bazarbonino.com\/store\/prodotto\/jg4548-flowtoys-toroflux\/","url":"https:\/\/www.bazarbonino.com\/store\/prodotto\/jg4548-flowtoys-toroflux\/","name":"JG4548 -Flowtoys Toroflux\u00ae - BazarBonino","isPartOf":{"@id":"https:\/\/www.bazarbonino.com\/store\/#website"},"primaryImageOfPage":{"@id":"https:\/\/www.bazarbonino.com\/store\/prodotto\/jg4548-flowtoys-toroflux\/#primaryimage"},"image":{"@id":"https:\/\/www.bazarbonino.com\/store\/prodotto\/jg4548-flowtoys-toroflux\/#primaryimage"},"thumbnailUrl":"https:\/\/www.bazarbonino.com\/store\/wp-content\/uploads\/2018\/02\/JG4548-Flowtoys-Toroflux.jpg","datePublished":"2018-02-25T23:47:29+00:00","dateModified":"2024-12-05T15:53:56+00:00","breadcrumb":{"@id":"https:\/\/www.bazarbonino.com\/store\/prodotto\/jg4548-flowtoys-toroflux\/#breadcrumb"},"inLanguage":"it-IT","potentialAction":[{"@type":"ReadAction","target":["https:\/\/www.bazarbonino.com\/store\/prodotto\/jg4548-flowtoys-toroflux\/"]}]},{"@type":"ImageObject","inLanguage":"it-IT","@id":"https:\/\/www.bazarbonino.com\/store\/prodotto\/jg4548-flowtoys-toroflux\/#primaryimage","url":"https:\/\/www.bazarbonino.com\/store\/wp-content\/uploads\/2018\/02\/JG4548-Flowtoys-Toroflux.jpg","contentUrl":"https:\/\/www.bazarbonino.com\/store\/wp-content\/uploads\/2018\/02\/JG4548-Flowtoys-Toroflux.jpg","width":800,"height":800,"caption":"JG4548 Flowtoys Toroflux"},{"@type":"BreadcrumbList","@id":"https:\/\/www.bazarbonino.com\/store\/prodotto\/jg4548-flowtoys-toroflux\/#breadcrumb","itemListElement":[{"@type":"ListItem","position":1,"name":"Home","item":"https:\/\/www.bazarbonino.com\/store\/"},{"@type":"ListItem","position":2,"name":"Catalogo","item":"https:\/\/www.bazarbonino.com\/store\/shop\/"},{"@type":"ListItem","position":3,"name":"JG4548 -Flowtoys Toroflux\u00ae"}]},{"@type":"WebSite","@id":"https:\/\/www.bazarbonino.com\/store\/#website","url":"https:\/\/www.bazarbonino.com\/store\/","name":"BazarBonino","description":"","potentialAction":[{"@type":"SearchAction","target":{"@type":"EntryPoint","urlTemplate":"https:\/\/www.bazarbonino.com\/store\/?s={search_term_string}"},"query-input":{"@type":"PropertyValueSpecification","valueRequired":true,"valueName":"search_term_string"}}],"inLanguage":"it-IT"}]}},"_links":{"self":[{"href":"https:\/\/www.bazarbonino.com\/store\/wp-json\/wp\/v2\/product\/11430","targetHints":{"allow":["GET"]}}],"collection":[{"href":"https:\/\/www.bazarbonino.com\/store\/wp-json\/wp\/v2\/product"}],"about":[{"href":"https:\/\/www.bazarbonino.com\/store\/wp-json\/wp\/v2\/types\/product"}],"replies":[{"embeddable":true,"href":"https:\/\/www.bazarbonino.com\/store\/wp-json\/wp\/v2\/comments?post=11430"}],"wp:featuredmedia":[{"embeddable":true,"href":"https:\/\/www.bazarbonino.com\/store\/wp-json\/wp\/v2\/media\/11431"}],"wp:attachment":[{"href":"https:\/\/www.bazarbonino.com\/store\/wp-json\/wp\/v2\/media?parent=11430"}],"wp:term":[{"taxonomy":"product_brand","embeddable":true,"href":"https:\/\/www.bazarbonino.com\/store\/wp-json\/wp\/v2\/product_brand?post=11430"},{"taxonomy":"product_cat","embeddable":true,"href":"https:\/\/www.bazarbonino.com\/store\/wp-json\/wp\/v2\/product_cat?post=11430"},{"taxonomy":"product_tag","embeddable":true,"href":"https:\/\/www.bazarbonino.com\/store\/wp-json\/wp\/v2\/product_tag?post=11430"}],"curies":[{"name":"wp","href":"https:\/\/api.w.org\/{rel}","templated":true}]}}