{"id":11421,"date":"2018-02-26T00:22:20","date_gmt":"2018-02-25T23:22:20","guid":{"rendered":"http:\/\/www.bazarbonino.com\/store\/?post_type=product&#038;p=11421"},"modified":"2019-01-23T10:03:01","modified_gmt":"2019-01-23T09:03:01","slug":"jg4544-flowtoys-pixelwhip-rev4","status":"publish","type":"product","link":"https:\/\/www.bazarbonino.com\/store\/prodotto\/jg4544-flowtoys-pixelwhip-rev4\/","title":{"rendered":"JG4544 &#8211; Flowtoys PixelWhip rev4"},"content":{"rendered":"<p><span class=\"\" lang=\"it\">Direttamente dagli USA, California, viene proposta dalla Flowtoys la<\/span> Pixelwhip Rev4, con modalit\u00e0 pi\u00f9 incredibili per illuminarti! \u00c8 polvere di folletto. \u00c8 una criniera di unicorno. \u00c8 una luce di sicurezza totalmente calda. \u00c8 anche molto divertente ballare e muoversi con essa, \u00e8 l&#8217;ultima tecnologia in fibra ottica per la danza. Con 40 bellissime modalit\u00e0 di molti colori, Pixelwhip abbiner\u00e0 tutti i tuoi costumi, ogni sera ad ogni evento.<\/p>\n<p>Realizzata dalla Fiberflies, PixelWhips, questa fantastica frusta luminosa a fibre ottiche, crea uno spettacolo di luci multidimensionale, serpeggiando e danzando sensualmente attraverso il tuo corpo mentre contemporaneamente ti avvolge in una nuvola di giocosi punti di luce brillante. Funziona con una batteria agli ioni di litio da 18650, incluso caricatore e attacchi USB. Ora con una presa in gommapiuma per aggiungere imbottitura e tenuta antiscivolo alla maniglia di PixelWhip!<\/p>\n<p>Tutte le dissolvenze sono anche programmate per azionarsi con musica a 140 BPM, quindi si sincronizzer\u00e0 naturalmente (pi\u00f9 o meno) con i pi\u00f9 comuni beat EDM. Venduto singolarmente<\/p>\n<p>La PixelWhip Rew4 della Flowtoys \u00e8 disponibile in Italia sia on line che nel negozio di Torino!<\/p>\n<p><iframe loading=\"lazy\" width=\"1080\" height=\"608\" src=\"https:\/\/www.youtube.com\/embed\/gFGrgSbbGUQ?feature=oembed\" frameborder=\"0\" allow=\"accelerometer; autoplay; encrypted-media; gyroscope; picture-in-picture\" allowfullscreen><\/iframe><\/p>\n<p><span id=\"result_box\" class=\"\" lang=\"it\"><br \/>\n<\/span><span id=\"result_box\" class=\"\" lang=\"it\"><br \/>\n<\/span><\/p>\n","protected":false},"excerpt":{"rendered":"<p><strong>&#8212; ESAURITO IN RIORDINE &#8212;<\/strong><\/p>\n","protected":false},"featured_media":11422,"comment_status":"closed","ping_status":"closed","template":"","meta":{"_et_pb_use_builder":"","_et_pb_old_content":"","_et_gb_content_width":""},"product_brand":[],"product_cat":[1832,50],"product_tag":[1766,1839,329,328],"class_list":{"0":"post-11421","1":"product","2":"type-product","3":"status-publish","4":"has-post-thumbnail","6":"product_cat-flowtoys-light-juggling","7":"product_cat-varie-luminosi-giocoleria","8":"product_tag-flowtoys-pixelwhip-rev4","9":"product_tag-frusta-luminosa","10":"product_tag-negozio-on-line-articoli-giocoleria-luminosi","11":"product_tag-staffe-luminose-giocoleria-per-twirling","13":"first","14":"outofstock","15":"taxable","16":"shipping-taxable","17":"purchasable","18":"product-type-simple"},"yoast_head":"<!-- This site is optimized with the Yoast SEO plugin v27.4 - https:\/\/yoast.com\/product\/yoast-seo-wordpress\/ -->\n<title>JG4544 - Flowtoys PixelWhip rev4 - BazarBonino<\/title>\n<meta name=\"robots\" content=\"index, follow, max-snippet:-1, max-image-preview:large, max-video-preview:-1\" \/>\n<link rel=\"canonical\" href=\"https:\/\/www.bazarbonino.com\/store\/prodotto\/jg4544-flowtoys-pixelwhip-rev4\/\" \/>\n<meta property=\"og:locale\" content=\"it_IT\" \/>\n<meta property=\"og:type\" content=\"article\" \/>\n<meta property=\"og:title\" content=\"JG4544 - Flowtoys PixelWhip rev4 - BazarBonino\" \/>\n<meta property=\"og:description\" content=\"--- ESAURITO IN RIORDINE ---\" \/>\n<meta property=\"og:url\" content=\"https:\/\/www.bazarbonino.com\/store\/prodotto\/jg4544-flowtoys-pixelwhip-rev4\/\" \/>\n<meta property=\"og:site_name\" content=\"BazarBonino\" \/>\n<meta property=\"article:publisher\" content=\"https:\/\/www.facebook.com\/bazar.bonino\" \/>\n<meta property=\"article:modified_time\" content=\"2019-01-23T09:03:01+00:00\" \/>\n<meta property=\"og:image\" content=\"https:\/\/www.bazarbonino.com\/store\/wp-content\/uploads\/2018\/02\/JG4544-Flowtoys-PixelWhip-rev4.jpg\" \/>\n\t<meta property=\"og:image:width\" content=\"800\" \/>\n\t<meta property=\"og:image:height\" content=\"800\" \/>\n\t<meta property=\"og:image:type\" content=\"image\/jpeg\" \/>\n<meta name=\"twitter:card\" content=\"summary_large_image\" \/>\n<meta name=\"twitter:label1\" content=\"Tempo di lettura stimato\" \/>\n\t<meta name=\"twitter:data1\" content=\"1 minuto\" \/>\n<script type=\"application\/ld+json\" class=\"yoast-schema-graph\">{\"@context\":\"https:\\\/\\\/schema.org\",\"@graph\":[{\"@type\":\"WebPage\",\"@id\":\"https:\\\/\\\/www.bazarbonino.com\\\/store\\\/prodotto\\\/jg4544-flowtoys-pixelwhip-rev4\\\/\",\"url\":\"https:\\\/\\\/www.bazarbonino.com\\\/store\\\/prodotto\\\/jg4544-flowtoys-pixelwhip-rev4\\\/\",\"name\":\"JG4544 - Flowtoys PixelWhip rev4 - BazarBonino\",\"isPartOf\":{\"@id\":\"https:\\\/\\\/www.bazarbonino.com\\\/store\\\/#website\"},\"primaryImageOfPage\":{\"@id\":\"https:\\\/\\\/www.bazarbonino.com\\\/store\\\/prodotto\\\/jg4544-flowtoys-pixelwhip-rev4\\\/#primaryimage\"},\"image\":{\"@id\":\"https:\\\/\\\/www.bazarbonino.com\\\/store\\\/prodotto\\\/jg4544-flowtoys-pixelwhip-rev4\\\/#primaryimage\"},\"thumbnailUrl\":\"https:\\\/\\\/www.bazarbonino.com\\\/store\\\/wp-content\\\/uploads\\\/2018\\\/02\\\/JG4544-Flowtoys-PixelWhip-rev4.jpg\",\"datePublished\":\"2018-02-25T23:22:20+00:00\",\"dateModified\":\"2019-01-23T09:03:01+00:00\",\"breadcrumb\":{\"@id\":\"https:\\\/\\\/www.bazarbonino.com\\\/store\\\/prodotto\\\/jg4544-flowtoys-pixelwhip-rev4\\\/#breadcrumb\"},\"inLanguage\":\"it-IT\",\"potentialAction\":[{\"@type\":\"ReadAction\",\"target\":[\"https:\\\/\\\/www.bazarbonino.com\\\/store\\\/prodotto\\\/jg4544-flowtoys-pixelwhip-rev4\\\/\"]}]},{\"@type\":\"ImageObject\",\"inLanguage\":\"it-IT\",\"@id\":\"https:\\\/\\\/www.bazarbonino.com\\\/store\\\/prodotto\\\/jg4544-flowtoys-pixelwhip-rev4\\\/#primaryimage\",\"url\":\"https:\\\/\\\/www.bazarbonino.com\\\/store\\\/wp-content\\\/uploads\\\/2018\\\/02\\\/JG4544-Flowtoys-PixelWhip-rev4.jpg\",\"contentUrl\":\"https:\\\/\\\/www.bazarbonino.com\\\/store\\\/wp-content\\\/uploads\\\/2018\\\/02\\\/JG4544-Flowtoys-PixelWhip-rev4.jpg\",\"width\":800,\"height\":800,\"caption\":\"JG4544 - Flowtoys PixelWhip rev4\"},{\"@type\":\"BreadcrumbList\",\"@id\":\"https:\\\/\\\/www.bazarbonino.com\\\/store\\\/prodotto\\\/jg4544-flowtoys-pixelwhip-rev4\\\/#breadcrumb\",\"itemListElement\":[{\"@type\":\"ListItem\",\"position\":1,\"name\":\"Home\",\"item\":\"https:\\\/\\\/www.bazarbonino.com\\\/store\\\/\"},{\"@type\":\"ListItem\",\"position\":2,\"name\":\"Catalogo\",\"item\":\"https:\\\/\\\/www.bazarbonino.com\\\/store\\\/shop\\\/\"},{\"@type\":\"ListItem\",\"position\":3,\"name\":\"JG4544 &#8211; Flowtoys PixelWhip rev4\"}]},{\"@type\":\"WebSite\",\"@id\":\"https:\\\/\\\/www.bazarbonino.com\\\/store\\\/#website\",\"url\":\"https:\\\/\\\/www.bazarbonino.com\\\/store\\\/\",\"name\":\"BazarBonino\",\"description\":\"\",\"potentialAction\":[{\"@type\":\"SearchAction\",\"target\":{\"@type\":\"EntryPoint\",\"urlTemplate\":\"https:\\\/\\\/www.bazarbonino.com\\\/store\\\/?s={search_term_string}\"},\"query-input\":{\"@type\":\"PropertyValueSpecification\",\"valueRequired\":true,\"valueName\":\"search_term_string\"}}],\"inLanguage\":\"it-IT\"}]}<\/script>\n<!-- \/ Yoast SEO plugin. -->","yoast_head_json":{"title":"JG4544 - Flowtoys PixelWhip rev4 - BazarBonino","robots":{"index":"index","follow":"follow","max-snippet":"max-snippet:-1","max-image-preview":"max-image-preview:large","max-video-preview":"max-video-preview:-1"},"canonical":"https:\/\/www.bazarbonino.com\/store\/prodotto\/jg4544-flowtoys-pixelwhip-rev4\/","og_locale":"it_IT","og_type":"article","og_title":"JG4544 - Flowtoys PixelWhip rev4 - BazarBonino","og_description":"--- ESAURITO IN RIORDINE ---","og_url":"https:\/\/www.bazarbonino.com\/store\/prodotto\/jg4544-flowtoys-pixelwhip-rev4\/","og_site_name":"BazarBonino","article_publisher":"https:\/\/www.facebook.com\/bazar.bonino","article_modified_time":"2019-01-23T09:03:01+00:00","og_image":[{"width":800,"height":800,"url":"https:\/\/www.bazarbonino.com\/store\/wp-content\/uploads\/2018\/02\/JG4544-Flowtoys-PixelWhip-rev4.jpg","type":"image\/jpeg"}],"twitter_card":"summary_large_image","twitter_misc":{"Tempo di lettura stimato":"1 minuto"},"schema":{"@context":"https:\/\/schema.org","@graph":[{"@type":"WebPage","@id":"https:\/\/www.bazarbonino.com\/store\/prodotto\/jg4544-flowtoys-pixelwhip-rev4\/","url":"https:\/\/www.bazarbonino.com\/store\/prodotto\/jg4544-flowtoys-pixelwhip-rev4\/","name":"JG4544 - Flowtoys PixelWhip rev4 - BazarBonino","isPartOf":{"@id":"https:\/\/www.bazarbonino.com\/store\/#website"},"primaryImageOfPage":{"@id":"https:\/\/www.bazarbonino.com\/store\/prodotto\/jg4544-flowtoys-pixelwhip-rev4\/#primaryimage"},"image":{"@id":"https:\/\/www.bazarbonino.com\/store\/prodotto\/jg4544-flowtoys-pixelwhip-rev4\/#primaryimage"},"thumbnailUrl":"https:\/\/www.bazarbonino.com\/store\/wp-content\/uploads\/2018\/02\/JG4544-Flowtoys-PixelWhip-rev4.jpg","datePublished":"2018-02-25T23:22:20+00:00","dateModified":"2019-01-23T09:03:01+00:00","breadcrumb":{"@id":"https:\/\/www.bazarbonino.com\/store\/prodotto\/jg4544-flowtoys-pixelwhip-rev4\/#breadcrumb"},"inLanguage":"it-IT","potentialAction":[{"@type":"ReadAction","target":["https:\/\/www.bazarbonino.com\/store\/prodotto\/jg4544-flowtoys-pixelwhip-rev4\/"]}]},{"@type":"ImageObject","inLanguage":"it-IT","@id":"https:\/\/www.bazarbonino.com\/store\/prodotto\/jg4544-flowtoys-pixelwhip-rev4\/#primaryimage","url":"https:\/\/www.bazarbonino.com\/store\/wp-content\/uploads\/2018\/02\/JG4544-Flowtoys-PixelWhip-rev4.jpg","contentUrl":"https:\/\/www.bazarbonino.com\/store\/wp-content\/uploads\/2018\/02\/JG4544-Flowtoys-PixelWhip-rev4.jpg","width":800,"height":800,"caption":"JG4544 - Flowtoys PixelWhip rev4"},{"@type":"BreadcrumbList","@id":"https:\/\/www.bazarbonino.com\/store\/prodotto\/jg4544-flowtoys-pixelwhip-rev4\/#breadcrumb","itemListElement":[{"@type":"ListItem","position":1,"name":"Home","item":"https:\/\/www.bazarbonino.com\/store\/"},{"@type":"ListItem","position":2,"name":"Catalogo","item":"https:\/\/www.bazarbonino.com\/store\/shop\/"},{"@type":"ListItem","position":3,"name":"JG4544 &#8211; Flowtoys PixelWhip rev4"}]},{"@type":"WebSite","@id":"https:\/\/www.bazarbonino.com\/store\/#website","url":"https:\/\/www.bazarbonino.com\/store\/","name":"BazarBonino","description":"","potentialAction":[{"@type":"SearchAction","target":{"@type":"EntryPoint","urlTemplate":"https:\/\/www.bazarbonino.com\/store\/?s={search_term_string}"},"query-input":{"@type":"PropertyValueSpecification","valueRequired":true,"valueName":"search_term_string"}}],"inLanguage":"it-IT"}]}},"_links":{"self":[{"href":"https:\/\/www.bazarbonino.com\/store\/wp-json\/wp\/v2\/product\/11421","targetHints":{"allow":["GET"]}}],"collection":[{"href":"https:\/\/www.bazarbonino.com\/store\/wp-json\/wp\/v2\/product"}],"about":[{"href":"https:\/\/www.bazarbonino.com\/store\/wp-json\/wp\/v2\/types\/product"}],"replies":[{"embeddable":true,"href":"https:\/\/www.bazarbonino.com\/store\/wp-json\/wp\/v2\/comments?post=11421"}],"wp:featuredmedia":[{"embeddable":true,"href":"https:\/\/www.bazarbonino.com\/store\/wp-json\/wp\/v2\/media\/11422"}],"wp:attachment":[{"href":"https:\/\/www.bazarbonino.com\/store\/wp-json\/wp\/v2\/media?parent=11421"}],"wp:term":[{"taxonomy":"product_brand","embeddable":true,"href":"https:\/\/www.bazarbonino.com\/store\/wp-json\/wp\/v2\/product_brand?post=11421"},{"taxonomy":"product_cat","embeddable":true,"href":"https:\/\/www.bazarbonino.com\/store\/wp-json\/wp\/v2\/product_cat?post=11421"},{"taxonomy":"product_tag","embeddable":true,"href":"https:\/\/www.bazarbonino.com\/store\/wp-json\/wp\/v2\/product_tag?post=11421"}],"curies":[{"name":"wp","href":"https:\/\/api.w.org\/{rel}","templated":true}]}}