{"id":11326,"date":"2018-01-07T18:59:58","date_gmt":"2018-01-07T17:59:58","guid":{"rendered":"http:\/\/www.bazarbonino.com\/store\/?post_type=product&#038;p=11326"},"modified":"2026-03-16T11:55:43","modified_gmt":"2026-03-16T10:55:43","slug":"jg3904-staffa-contact-gora-dragon-staff-light","status":"publish","type":"product","link":"https:\/\/www.bazarbonino.com\/store\/prodotto\/jg3904-staffa-contact-gora-dragon-staff-light\/","title":{"rendered":"JG3904 &#8211; STAFFA CONTACT GORA &#8220;DRAGON STAFF LIGHT&#8221;"},"content":{"rendered":"<p>Lunghezza: 150 cm ; Diametro croce: 45 cm<\/p>\n<p>GORA &#8220;DRAGON STAFF LIGHT&#8221; \u00e8 una speciale staffa da contact dal funzionamento simile ad un&#8217;antica arma marziale cinese. La impugni come una normale staffa, infatti il centro \u00e8 segnato per il corretto bilanciamento, ma \u00e8 l&#8217;effetto che produce che \u00e8 diverso da tutte le altre. La croce di fuoco gira velocemente creando cerchi di luce, mentre il punto centrale gira pi\u00f9 lentamente, dando un effetto dinamico rispetto al corpo che sembra essere statico&#8230; davvero stupefacente! E&#8217; raccomandato l&#8217;utilizzo da parte di professionisti: meglio evitare cadute per non deteriorare la struttura e controllare periodicamente l&#8217;attrezzo e le viti di fissaggio.<\/p>\n<p>&nbsp;<\/p>\n<p class=\"articoli\"><span style=\"font-size: small;\">\u00a0<\/span><\/p>\n","protected":false},"excerpt":{"rendered":"<p>Lunghezza: 150 cm ; Diametro croce: 45 cm GORA &#8220;DRAGON STAFF LIGHT&#8221; \u00e8 una speciale staffa da contact dal funzionamento simile ad un&#8217;antica arma marziale cinese. La impugni come una normale staffa, infatti il centro \u00e8 segnato per il corretto bilanciamento, ma \u00e8 l&#8217;effetto che produce che \u00e8 diverso da tutte le altre. La croce [&hellip;]<\/p>\n","protected":false},"featured_media":18736,"comment_status":"closed","ping_status":"closed","template":"","meta":{"_et_pb_use_builder":"","_et_pb_old_content":"","_et_gb_content_width":""},"product_brand":[],"product_cat":[48,46],"product_tag":[315,317,316],"class_list":{"0":"post-11326","1":"product","2":"type-product","3":"status-publish","4":"has-post-thumbnail","6":"product_cat-attrezzi-infuocati-vari-danza-costumi","7":"product_cat-staffe-x-twirling-contact-infuocate","8":"product_tag-attrezzi-infuocati-gora","9":"product_tag-negozio-on-line-articoli-gora-di-fuoco","10":"product_tag-rivenditore-ufficiale-per-litalia-bazar-bonino","11":"pa_modello-alluminio","12":"pa_modello-carbonio","13":"pa_modello-smontabile-alluminio","14":"pa_modello-smontabile-carbonio","16":"first","17":"instock","18":"sale","19":"taxable","20":"shipping-taxable","21":"purchasable","22":"product-type-variable"},"yoast_head":"<!-- This site is optimized with the Yoast SEO plugin v27.4 - https:\/\/yoast.com\/product\/yoast-seo-wordpress\/ -->\n<title>JG3904 - STAFFA CONTACT GORA &quot;DRAGON STAFF LIGHT&quot; - BazarBonino<\/title>\n<meta name=\"description\" content=\"GORA &quot;DRAGON STAFF LIGHT&quot; \u00e8 una speciale staffa da contact dal funzionamento simile ad un&#039;antica arma marziale cinese.\" \/>\n<meta name=\"robots\" content=\"index, follow, max-snippet:-1, max-image-preview:large, max-video-preview:-1\" \/>\n<link rel=\"canonical\" href=\"https:\/\/www.bazarbonino.com\/store\/prodotto\/jg3904-staffa-contact-gora-dragon-staff-light\/\" \/>\n<meta property=\"og:locale\" content=\"it_IT\" \/>\n<meta property=\"og:type\" content=\"article\" \/>\n<meta property=\"og:title\" content=\"JG3904 - STAFFA CONTACT GORA &quot;DRAGON STAFF LIGHT&quot; - BazarBonino\" \/>\n<meta property=\"og:description\" content=\"GORA &quot;DRAGON STAFF LIGHT&quot; \u00e8 una speciale staffa da contact dal funzionamento simile ad un&#039;antica arma marziale cinese.\" \/>\n<meta property=\"og:url\" content=\"https:\/\/www.bazarbonino.com\/store\/prodotto\/jg3904-staffa-contact-gora-dragon-staff-light\/\" \/>\n<meta property=\"og:site_name\" content=\"BazarBonino\" \/>\n<meta property=\"article:publisher\" content=\"https:\/\/www.facebook.com\/bazar.bonino\" \/>\n<meta property=\"article:modified_time\" content=\"2026-03-16T10:55:43+00:00\" \/>\n<meta property=\"og:image\" content=\"https:\/\/www.bazarbonino.com\/store\/wp-content\/uploads\/2018\/01\/JG3904-STAFFA-CONTACT-GORA-DRAGON-STAFF-LIGHT-2-1.jpg\" \/>\n\t<meta property=\"og:image:width\" content=\"1000\" \/>\n\t<meta property=\"og:image:height\" content=\"500\" \/>\n\t<meta property=\"og:image:type\" content=\"image\/jpeg\" \/>\n<meta name=\"twitter:card\" content=\"summary_large_image\" \/>\n<meta name=\"twitter:label1\" content=\"Tempo di lettura stimato\" \/>\n\t<meta name=\"twitter:data1\" content=\"1 minuto\" \/>\n<script type=\"application\/ld+json\" class=\"yoast-schema-graph\">{\"@context\":\"https:\\\/\\\/schema.org\",\"@graph\":[{\"@type\":\"WebPage\",\"@id\":\"https:\\\/\\\/www.bazarbonino.com\\\/store\\\/prodotto\\\/jg3904-staffa-contact-gora-dragon-staff-light\\\/\",\"url\":\"https:\\\/\\\/www.bazarbonino.com\\\/store\\\/prodotto\\\/jg3904-staffa-contact-gora-dragon-staff-light\\\/\",\"name\":\"JG3904 - STAFFA CONTACT GORA \\\"DRAGON STAFF LIGHT\\\" - BazarBonino\",\"isPartOf\":{\"@id\":\"https:\\\/\\\/www.bazarbonino.com\\\/store\\\/#website\"},\"primaryImageOfPage\":{\"@id\":\"https:\\\/\\\/www.bazarbonino.com\\\/store\\\/prodotto\\\/jg3904-staffa-contact-gora-dragon-staff-light\\\/#primaryimage\"},\"image\":{\"@id\":\"https:\\\/\\\/www.bazarbonino.com\\\/store\\\/prodotto\\\/jg3904-staffa-contact-gora-dragon-staff-light\\\/#primaryimage\"},\"thumbnailUrl\":\"https:\\\/\\\/www.bazarbonino.com\\\/store\\\/wp-content\\\/uploads\\\/2018\\\/01\\\/JG3904-STAFFA-CONTACT-GORA-DRAGON-STAFF-LIGHT-2-1.jpg\",\"datePublished\":\"2018-01-07T17:59:58+00:00\",\"dateModified\":\"2026-03-16T10:55:43+00:00\",\"description\":\"GORA \\\"DRAGON STAFF LIGHT\\\" \u00e8 una speciale staffa da contact dal funzionamento simile ad un'antica arma marziale cinese.\",\"breadcrumb\":{\"@id\":\"https:\\\/\\\/www.bazarbonino.com\\\/store\\\/prodotto\\\/jg3904-staffa-contact-gora-dragon-staff-light\\\/#breadcrumb\"},\"inLanguage\":\"it-IT\",\"potentialAction\":[{\"@type\":\"ReadAction\",\"target\":[\"https:\\\/\\\/www.bazarbonino.com\\\/store\\\/prodotto\\\/jg3904-staffa-contact-gora-dragon-staff-light\\\/\"]}]},{\"@type\":\"ImageObject\",\"inLanguage\":\"it-IT\",\"@id\":\"https:\\\/\\\/www.bazarbonino.com\\\/store\\\/prodotto\\\/jg3904-staffa-contact-gora-dragon-staff-light\\\/#primaryimage\",\"url\":\"https:\\\/\\\/www.bazarbonino.com\\\/store\\\/wp-content\\\/uploads\\\/2018\\\/01\\\/JG3904-STAFFA-CONTACT-GORA-DRAGON-STAFF-LIGHT-2-1.jpg\",\"contentUrl\":\"https:\\\/\\\/www.bazarbonino.com\\\/store\\\/wp-content\\\/uploads\\\/2018\\\/01\\\/JG3904-STAFFA-CONTACT-GORA-DRAGON-STAFF-LIGHT-2-1.jpg\",\"width\":1000,\"height\":500,\"caption\":\"JG3904 - STAFFA CONTACT GORA \\\"DRAGON STAFF LIGHT\\\"\"},{\"@type\":\"BreadcrumbList\",\"@id\":\"https:\\\/\\\/www.bazarbonino.com\\\/store\\\/prodotto\\\/jg3904-staffa-contact-gora-dragon-staff-light\\\/#breadcrumb\",\"itemListElement\":[{\"@type\":\"ListItem\",\"position\":1,\"name\":\"Home\",\"item\":\"https:\\\/\\\/www.bazarbonino.com\\\/store\\\/\"},{\"@type\":\"ListItem\",\"position\":2,\"name\":\"Catalogo\",\"item\":\"https:\\\/\\\/www.bazarbonino.com\\\/store\\\/shop\\\/\"},{\"@type\":\"ListItem\",\"position\":3,\"name\":\"JG3904 &#8211; STAFFA CONTACT GORA &#8220;DRAGON STAFF LIGHT&#8221;\"}]},{\"@type\":\"WebSite\",\"@id\":\"https:\\\/\\\/www.bazarbonino.com\\\/store\\\/#website\",\"url\":\"https:\\\/\\\/www.bazarbonino.com\\\/store\\\/\",\"name\":\"BazarBonino\",\"description\":\"\",\"potentialAction\":[{\"@type\":\"SearchAction\",\"target\":{\"@type\":\"EntryPoint\",\"urlTemplate\":\"https:\\\/\\\/www.bazarbonino.com\\\/store\\\/?s={search_term_string}\"},\"query-input\":{\"@type\":\"PropertyValueSpecification\",\"valueRequired\":true,\"valueName\":\"search_term_string\"}}],\"inLanguage\":\"it-IT\"}]}<\/script>\n<!-- \/ Yoast SEO plugin. -->","yoast_head_json":{"title":"JG3904 - STAFFA CONTACT GORA \"DRAGON STAFF LIGHT\" - BazarBonino","description":"GORA \"DRAGON STAFF LIGHT\" \u00e8 una speciale staffa da contact dal funzionamento simile ad un'antica arma marziale cinese.","robots":{"index":"index","follow":"follow","max-snippet":"max-snippet:-1","max-image-preview":"max-image-preview:large","max-video-preview":"max-video-preview:-1"},"canonical":"https:\/\/www.bazarbonino.com\/store\/prodotto\/jg3904-staffa-contact-gora-dragon-staff-light\/","og_locale":"it_IT","og_type":"article","og_title":"JG3904 - STAFFA CONTACT GORA \"DRAGON STAFF LIGHT\" - BazarBonino","og_description":"GORA \"DRAGON STAFF LIGHT\" \u00e8 una speciale staffa da contact dal funzionamento simile ad un'antica arma marziale cinese.","og_url":"https:\/\/www.bazarbonino.com\/store\/prodotto\/jg3904-staffa-contact-gora-dragon-staff-light\/","og_site_name":"BazarBonino","article_publisher":"https:\/\/www.facebook.com\/bazar.bonino","article_modified_time":"2026-03-16T10:55:43+00:00","og_image":[{"width":1000,"height":500,"url":"https:\/\/www.bazarbonino.com\/store\/wp-content\/uploads\/2018\/01\/JG3904-STAFFA-CONTACT-GORA-DRAGON-STAFF-LIGHT-2-1.jpg","type":"image\/jpeg"}],"twitter_card":"summary_large_image","twitter_misc":{"Tempo di lettura stimato":"1 minuto"},"schema":{"@context":"https:\/\/schema.org","@graph":[{"@type":"WebPage","@id":"https:\/\/www.bazarbonino.com\/store\/prodotto\/jg3904-staffa-contact-gora-dragon-staff-light\/","url":"https:\/\/www.bazarbonino.com\/store\/prodotto\/jg3904-staffa-contact-gora-dragon-staff-light\/","name":"JG3904 - STAFFA CONTACT GORA \"DRAGON STAFF LIGHT\" - BazarBonino","isPartOf":{"@id":"https:\/\/www.bazarbonino.com\/store\/#website"},"primaryImageOfPage":{"@id":"https:\/\/www.bazarbonino.com\/store\/prodotto\/jg3904-staffa-contact-gora-dragon-staff-light\/#primaryimage"},"image":{"@id":"https:\/\/www.bazarbonino.com\/store\/prodotto\/jg3904-staffa-contact-gora-dragon-staff-light\/#primaryimage"},"thumbnailUrl":"https:\/\/www.bazarbonino.com\/store\/wp-content\/uploads\/2018\/01\/JG3904-STAFFA-CONTACT-GORA-DRAGON-STAFF-LIGHT-2-1.jpg","datePublished":"2018-01-07T17:59:58+00:00","dateModified":"2026-03-16T10:55:43+00:00","description":"GORA \"DRAGON STAFF LIGHT\" \u00e8 una speciale staffa da contact dal funzionamento simile ad un'antica arma marziale cinese.","breadcrumb":{"@id":"https:\/\/www.bazarbonino.com\/store\/prodotto\/jg3904-staffa-contact-gora-dragon-staff-light\/#breadcrumb"},"inLanguage":"it-IT","potentialAction":[{"@type":"ReadAction","target":["https:\/\/www.bazarbonino.com\/store\/prodotto\/jg3904-staffa-contact-gora-dragon-staff-light\/"]}]},{"@type":"ImageObject","inLanguage":"it-IT","@id":"https:\/\/www.bazarbonino.com\/store\/prodotto\/jg3904-staffa-contact-gora-dragon-staff-light\/#primaryimage","url":"https:\/\/www.bazarbonino.com\/store\/wp-content\/uploads\/2018\/01\/JG3904-STAFFA-CONTACT-GORA-DRAGON-STAFF-LIGHT-2-1.jpg","contentUrl":"https:\/\/www.bazarbonino.com\/store\/wp-content\/uploads\/2018\/01\/JG3904-STAFFA-CONTACT-GORA-DRAGON-STAFF-LIGHT-2-1.jpg","width":1000,"height":500,"caption":"JG3904 - STAFFA CONTACT GORA \"DRAGON STAFF LIGHT\""},{"@type":"BreadcrumbList","@id":"https:\/\/www.bazarbonino.com\/store\/prodotto\/jg3904-staffa-contact-gora-dragon-staff-light\/#breadcrumb","itemListElement":[{"@type":"ListItem","position":1,"name":"Home","item":"https:\/\/www.bazarbonino.com\/store\/"},{"@type":"ListItem","position":2,"name":"Catalogo","item":"https:\/\/www.bazarbonino.com\/store\/shop\/"},{"@type":"ListItem","position":3,"name":"JG3904 &#8211; STAFFA CONTACT GORA &#8220;DRAGON STAFF LIGHT&#8221;"}]},{"@type":"WebSite","@id":"https:\/\/www.bazarbonino.com\/store\/#website","url":"https:\/\/www.bazarbonino.com\/store\/","name":"BazarBonino","description":"","potentialAction":[{"@type":"SearchAction","target":{"@type":"EntryPoint","urlTemplate":"https:\/\/www.bazarbonino.com\/store\/?s={search_term_string}"},"query-input":{"@type":"PropertyValueSpecification","valueRequired":true,"valueName":"search_term_string"}}],"inLanguage":"it-IT"}]}},"_links":{"self":[{"href":"https:\/\/www.bazarbonino.com\/store\/wp-json\/wp\/v2\/product\/11326","targetHints":{"allow":["GET"]}}],"collection":[{"href":"https:\/\/www.bazarbonino.com\/store\/wp-json\/wp\/v2\/product"}],"about":[{"href":"https:\/\/www.bazarbonino.com\/store\/wp-json\/wp\/v2\/types\/product"}],"replies":[{"embeddable":true,"href":"https:\/\/www.bazarbonino.com\/store\/wp-json\/wp\/v2\/comments?post=11326"}],"wp:featuredmedia":[{"embeddable":true,"href":"https:\/\/www.bazarbonino.com\/store\/wp-json\/wp\/v2\/media\/18736"}],"wp:attachment":[{"href":"https:\/\/www.bazarbonino.com\/store\/wp-json\/wp\/v2\/media?parent=11326"}],"wp:term":[{"taxonomy":"product_brand","embeddable":true,"href":"https:\/\/www.bazarbonino.com\/store\/wp-json\/wp\/v2\/product_brand?post=11326"},{"taxonomy":"product_cat","embeddable":true,"href":"https:\/\/www.bazarbonino.com\/store\/wp-json\/wp\/v2\/product_cat?post=11326"},{"taxonomy":"product_tag","embeddable":true,"href":"https:\/\/www.bazarbonino.com\/store\/wp-json\/wp\/v2\/product_tag?post=11326"}],"curies":[{"name":"wp","href":"https:\/\/api.w.org\/{rel}","templated":true}]}}